{"id":2046,"date":"2024-06-28T15:56:38","date_gmt":"2024-06-28T13:56:38","guid":{"rendered":"https:\/\/orthopara.store\/?post_type=product&#038;p=2046"},"modified":"2026-04-08T18:06:36","modified_gmt":"2026-04-08T17:06:36","slug":"on-call-vivid-bandelettes-test-glycemie-boite-de-150-unites","status":"publish","type":"product","link":"https:\/\/orthopara.store\/?product=on-call-vivid-bandelettes-test-glycemie-boite-de-150-unites","title":{"rendered":"On Call Vivid &#8211; Bandelettes test glyc\u00e9mie &#8211; boite de 150 unit\u00e9s"},"content":{"rendered":"<p>Les bandelettes de test de glyc\u00e9mie On Call Vivid sont de fines bandelettes avec un syst\u00e8me de r\u00e9actifs chimiques. Ils fonctionnent avec les glucom\u00e8tres On Call Vivid pour mesurer la concentration de glucose dans le sang total.<br \/>\nDu sang est appliqu\u00e9 sur l&rsquo;extr\u00e9mit\u00e9 de la bandelette r\u00e9active. Le sang est alors automatiquement absorb\u00e9 dans la cellule de r\u00e9action o\u00f9 la r\u00e9action a lieu. Un courant \u00e9lectrique transitoire se forme pendant la r\u00e9action qui est d\u00e9tect\u00e9 par le compteur. La concentration de glucose sanguin est ensuite calcul\u00e9e sur la base du courant \u00e9lectrique. Le r\u00e9sultat est alors affich\u00e9 sur l&rsquo;\u00e9cran du lecteur. Les compteurs sont \u00e9talonn\u00e9s pour afficher des r\u00e9sultats \u00e9quivalents au plasma.<br \/>\nPour usage diagnostic in vitro. Les bandelettes de test doivent \u00eatre utilis\u00e9es uniquement \u00e0 l&rsquo;ext\u00e9rieur du corps \u00e0 des fins de test. Pour autotest et usage professionnel. Les professionnels peuvent \u00e9galement tester des \u00e9chantillons n\u00e9onatals.<br \/>\nComposition :<br \/>\nChaque bandelette r\u00e9active contient les produits chimiques r\u00e9actifs suivants : glucose oxydase <25 UI, m\u00e9diateur <300 \u03bcg, tampon et ingr\u00e9dient non r\u00e9actif. Chaque flacon de bandelettes r\u00e9actives contient un agent dess\u00e9chant\nContenance :\nboite de 150 unit\u00e9s\n<\/p>\n","protected":false},"excerpt":{"rendered":"<p>Les bandelettes de test de glyc\u00e9mie On Call Vivid sont de fines bandelettes avec un syst\u00e8me de r\u00e9actifs chimiques. Ils fonctionnent avec les glucom\u00e8tres On Call Vivid pour mesurer la concentration de glucose dans le sang total.<br \/>\nContenance : boite de 150 unit\u00e9s<br \/>\nDLC : 12\/06\/2025<\/p>\n","protected":false},"featured_media":2061,"comment_status":"open","ping_status":"closed","template":"","meta":[],"pwb-brand":[252],"product_cat":[247],"product_tag":[],"class_list":{"0":"post-2046","1":"product","2":"type-product","3":"status-publish","4":"has-post-thumbnail","6":"pwb-brand-on-call-vivid","7":"product_cat-glucometres","8":"post","9":"ws-product--style-1","11":"first","12":"instock","13":"shipping-taxable","14":"purchasable","15":"product-type-simple"},"yoast_head":"<!-- This site is optimized with the Yoast SEO plugin v23.0 - https:\/\/yoast.com\/wordpress\/plugins\/seo\/ -->\n<title>On Call Vivid - Bandelettes test glyc\u00e9mie - boite de 150 unit\u00e9s - OrthoPara<\/title>\n<meta name=\"robots\" content=\"index, follow, max-snippet:-1, max-image-preview:large, max-video-preview:-1\" \/>\n<link rel=\"canonical\" href=\"https:\/\/orthopara.store\/index.php\/produit\/on-call-vivid-bandelettes-test-glycemie-boite-de-150-unites\/\" \/>\n<meta property=\"og:locale\" content=\"fr_FR\" \/>\n<meta property=\"og:type\" content=\"article\" \/>\n<meta property=\"og:title\" content=\"On Call Vivid - Bandelettes test glyc\u00e9mie - boite de 150 unit\u00e9s - OrthoPara\" \/>\n<meta property=\"og:description\" content=\"Les bandelettes de test de glyc\u00e9mie On Call Vivid sont de fines bandelettes avec un syst\u00e8me de r\u00e9actifs chimiques. Ils fonctionnent avec les glucom\u00e8tres On Call Vivid pour mesurer la concentration de glucose dans le sang total. Contenance : boite de 150 unit\u00e9s DLC : 12\/06\/2025\" \/>\n<meta property=\"og:url\" content=\"https:\/\/orthopara.store\/index.php\/produit\/on-call-vivid-bandelettes-test-glycemie-boite-de-150-unites\/\" \/>\n<meta property=\"og:site_name\" content=\"OrthoPara\" \/>\n<meta property=\"article:publisher\" content=\"https:\/\/www.facebook.com\/profile.php?id=61561194315651\" \/>\n<meta property=\"article:modified_time\" content=\"2026-04-08T17:06:36+00:00\" \/>\n<meta property=\"og:image\" content=\"https:\/\/orthopara.store\/wp-content\/uploads\/2024\/06\/bandelettes-test-glycemie-on-call-vivid-boite-de-150-unites.jpg\" \/>\n\t<meta property=\"og:image:width\" content=\"800\" \/>\n\t<meta property=\"og:image:height\" content=\"800\" \/>\n\t<meta property=\"og:image:type\" content=\"image\/jpeg\" \/>\n<meta name=\"twitter:card\" content=\"summary_large_image\" \/>\n<meta name=\"twitter:label1\" content=\"Dur\u00e9e de lecture estim\u00e9e\" \/>\n\t<meta name=\"twitter:data1\" content=\"1 minute\" \/>\n<script type=\"application\/ld+json\" class=\"yoast-schema-graph\">{\"@context\":\"https:\/\/schema.org\",\"@graph\":[{\"@type\":\"WebPage\",\"@id\":\"https:\/\/orthopara.store\/index.php\/produit\/on-call-vivid-bandelettes-test-glycemie-boite-de-150-unites\/\",\"url\":\"https:\/\/orthopara.store\/index.php\/produit\/on-call-vivid-bandelettes-test-glycemie-boite-de-150-unites\/\",\"name\":\"On Call Vivid - Bandelettes test glyc\u00e9mie - boite de 150 unit\u00e9s - OrthoPara\",\"isPartOf\":{\"@id\":\"https:\/\/orthopara.store\/#website\"},\"primaryImageOfPage\":{\"@id\":\"https:\/\/orthopara.store\/index.php\/produit\/on-call-vivid-bandelettes-test-glycemie-boite-de-150-unites\/#primaryimage\"},\"image\":{\"@id\":\"https:\/\/orthopara.store\/index.php\/produit\/on-call-vivid-bandelettes-test-glycemie-boite-de-150-unites\/#primaryimage\"},\"thumbnailUrl\":\"https:\/\/orthopara.store\/wp-content\/uploads\/2024\/06\/bandelettes-test-glycemie-on-call-vivid-boite-de-150-unites.jpg\",\"datePublished\":\"2024-06-28T13:56:38+00:00\",\"dateModified\":\"2026-04-08T17:06:36+00:00\",\"breadcrumb\":{\"@id\":\"https:\/\/orthopara.store\/index.php\/produit\/on-call-vivid-bandelettes-test-glycemie-boite-de-150-unites\/#breadcrumb\"},\"inLanguage\":\"fr-FR\",\"potentialAction\":[{\"@type\":\"ReadAction\",\"target\":[\"https:\/\/orthopara.store\/index.php\/produit\/on-call-vivid-bandelettes-test-glycemie-boite-de-150-unites\/\"]}]},{\"@type\":\"ImageObject\",\"inLanguage\":\"fr-FR\",\"@id\":\"https:\/\/orthopara.store\/index.php\/produit\/on-call-vivid-bandelettes-test-glycemie-boite-de-150-unites\/#primaryimage\",\"url\":\"https:\/\/orthopara.store\/wp-content\/uploads\/2024\/06\/bandelettes-test-glycemie-on-call-vivid-boite-de-150-unites.jpg\",\"contentUrl\":\"https:\/\/orthopara.store\/wp-content\/uploads\/2024\/06\/bandelettes-test-glycemie-on-call-vivid-boite-de-150-unites.jpg\",\"width\":800,\"height\":800},{\"@type\":\"BreadcrumbList\",\"@id\":\"https:\/\/orthopara.store\/index.php\/produit\/on-call-vivid-bandelettes-test-glycemie-boite-de-150-unites\/#breadcrumb\",\"itemListElement\":[{\"@type\":\"ListItem\",\"position\":1,\"name\":\"Accueil\",\"item\":\"https:\/\/orthopara.store\/\"},{\"@type\":\"ListItem\",\"position\":2,\"name\":\"Shop\",\"item\":\"https:\/\/orthopara.store\/?page_id=622\"},{\"@type\":\"ListItem\",\"position\":3,\"name\":\"On Call Vivid &#8211; Bandelettes test glyc\u00e9mie &#8211; boite de 150 unit\u00e9s\"}]},{\"@type\":\"WebSite\",\"@id\":\"https:\/\/orthopara.store\/#website\",\"url\":\"https:\/\/orthopara.store\/\",\"name\":\"OrthoPara\",\"description\":\"Parapharmacie\",\"publisher\":{\"@id\":\"https:\/\/orthopara.store\/#organization\"},\"potentialAction\":[{\"@type\":\"SearchAction\",\"target\":{\"@type\":\"EntryPoint\",\"urlTemplate\":\"https:\/\/orthopara.store\/?s={search_term_string}\"},\"query-input\":\"required name=search_term_string\"}],\"inLanguage\":\"fr-FR\"},{\"@type\":\"Organization\",\"@id\":\"https:\/\/orthopara.store\/#organization\",\"name\":\"OrthoPara\",\"url\":\"https:\/\/orthopara.store\/\",\"logo\":{\"@type\":\"ImageObject\",\"inLanguage\":\"fr-FR\",\"@id\":\"https:\/\/orthopara.store\/#\/schema\/logo\/image\/\",\"url\":\"https:\/\/orthopara.store\/wp-content\/uploads\/2024\/06\/cropped-9ABA8BAD-6256-4719-9315-15C66E64E882.png\",\"contentUrl\":\"https:\/\/orthopara.store\/wp-content\/uploads\/2024\/06\/cropped-9ABA8BAD-6256-4719-9315-15C66E64E882.png\",\"width\":240,\"height\":72,\"caption\":\"OrthoPara\"},\"image\":{\"@id\":\"https:\/\/orthopara.store\/#\/schema\/logo\/image\/\"},\"sameAs\":[\"https:\/\/www.facebook.com\/profile.php?id=61561194315651\",\"https:\/\/www.instagram.com\/orthopara_tunisie\/\"]}]}<\/script>\n<!-- \/ Yoast SEO plugin. -->","yoast_head_json":{"title":"On Call Vivid - Bandelettes test glyc\u00e9mie - boite de 150 unit\u00e9s - OrthoPara","robots":{"index":"index","follow":"follow","max-snippet":"max-snippet:-1","max-image-preview":"max-image-preview:large","max-video-preview":"max-video-preview:-1"},"canonical":"https:\/\/orthopara.store\/index.php\/produit\/on-call-vivid-bandelettes-test-glycemie-boite-de-150-unites\/","og_locale":"fr_FR","og_type":"article","og_title":"On Call Vivid - Bandelettes test glyc\u00e9mie - boite de 150 unit\u00e9s - OrthoPara","og_description":"Les bandelettes de test de glyc\u00e9mie On Call Vivid sont de fines bandelettes avec un syst\u00e8me de r\u00e9actifs chimiques. Ils fonctionnent avec les glucom\u00e8tres On Call Vivid pour mesurer la concentration de glucose dans le sang total. Contenance : boite de 150 unit\u00e9s DLC : 12\/06\/2025","og_url":"https:\/\/orthopara.store\/index.php\/produit\/on-call-vivid-bandelettes-test-glycemie-boite-de-150-unites\/","og_site_name":"OrthoPara","article_publisher":"https:\/\/www.facebook.com\/profile.php?id=61561194315651","article_modified_time":"2026-04-08T17:06:36+00:00","og_image":[{"width":800,"height":800,"url":"https:\/\/orthopara.store\/wp-content\/uploads\/2024\/06\/bandelettes-test-glycemie-on-call-vivid-boite-de-150-unites.jpg","type":"image\/jpeg"}],"twitter_card":"summary_large_image","twitter_misc":{"Dur\u00e9e de lecture estim\u00e9e":"1 minute"},"schema":{"@context":"https:\/\/schema.org","@graph":[{"@type":"WebPage","@id":"https:\/\/orthopara.store\/index.php\/produit\/on-call-vivid-bandelettes-test-glycemie-boite-de-150-unites\/","url":"https:\/\/orthopara.store\/index.php\/produit\/on-call-vivid-bandelettes-test-glycemie-boite-de-150-unites\/","name":"On Call Vivid - Bandelettes test glyc\u00e9mie - boite de 150 unit\u00e9s - OrthoPara","isPartOf":{"@id":"https:\/\/orthopara.store\/#website"},"primaryImageOfPage":{"@id":"https:\/\/orthopara.store\/index.php\/produit\/on-call-vivid-bandelettes-test-glycemie-boite-de-150-unites\/#primaryimage"},"image":{"@id":"https:\/\/orthopara.store\/index.php\/produit\/on-call-vivid-bandelettes-test-glycemie-boite-de-150-unites\/#primaryimage"},"thumbnailUrl":"https:\/\/orthopara.store\/wp-content\/uploads\/2024\/06\/bandelettes-test-glycemie-on-call-vivid-boite-de-150-unites.jpg","datePublished":"2024-06-28T13:56:38+00:00","dateModified":"2026-04-08T17:06:36+00:00","breadcrumb":{"@id":"https:\/\/orthopara.store\/index.php\/produit\/on-call-vivid-bandelettes-test-glycemie-boite-de-150-unites\/#breadcrumb"},"inLanguage":"fr-FR","potentialAction":[{"@type":"ReadAction","target":["https:\/\/orthopara.store\/index.php\/produit\/on-call-vivid-bandelettes-test-glycemie-boite-de-150-unites\/"]}]},{"@type":"ImageObject","inLanguage":"fr-FR","@id":"https:\/\/orthopara.store\/index.php\/produit\/on-call-vivid-bandelettes-test-glycemie-boite-de-150-unites\/#primaryimage","url":"https:\/\/orthopara.store\/wp-content\/uploads\/2024\/06\/bandelettes-test-glycemie-on-call-vivid-boite-de-150-unites.jpg","contentUrl":"https:\/\/orthopara.store\/wp-content\/uploads\/2024\/06\/bandelettes-test-glycemie-on-call-vivid-boite-de-150-unites.jpg","width":800,"height":800},{"@type":"BreadcrumbList","@id":"https:\/\/orthopara.store\/index.php\/produit\/on-call-vivid-bandelettes-test-glycemie-boite-de-150-unites\/#breadcrumb","itemListElement":[{"@type":"ListItem","position":1,"name":"Accueil","item":"https:\/\/orthopara.store\/"},{"@type":"ListItem","position":2,"name":"Shop","item":"https:\/\/orthopara.store\/?page_id=622"},{"@type":"ListItem","position":3,"name":"On Call Vivid &#8211; Bandelettes test glyc\u00e9mie &#8211; boite de 150 unit\u00e9s"}]},{"@type":"WebSite","@id":"https:\/\/orthopara.store\/#website","url":"https:\/\/orthopara.store\/","name":"OrthoPara","description":"Parapharmacie","publisher":{"@id":"https:\/\/orthopara.store\/#organization"},"potentialAction":[{"@type":"SearchAction","target":{"@type":"EntryPoint","urlTemplate":"https:\/\/orthopara.store\/?s={search_term_string}"},"query-input":"required name=search_term_string"}],"inLanguage":"fr-FR"},{"@type":"Organization","@id":"https:\/\/orthopara.store\/#organization","name":"OrthoPara","url":"https:\/\/orthopara.store\/","logo":{"@type":"ImageObject","inLanguage":"fr-FR","@id":"https:\/\/orthopara.store\/#\/schema\/logo\/image\/","url":"https:\/\/orthopara.store\/wp-content\/uploads\/2024\/06\/cropped-9ABA8BAD-6256-4719-9315-15C66E64E882.png","contentUrl":"https:\/\/orthopara.store\/wp-content\/uploads\/2024\/06\/cropped-9ABA8BAD-6256-4719-9315-15C66E64E882.png","width":240,"height":72,"caption":"OrthoPara"},"image":{"@id":"https:\/\/orthopara.store\/#\/schema\/logo\/image\/"},"sameAs":["https:\/\/www.facebook.com\/profile.php?id=61561194315651","https:\/\/www.instagram.com\/orthopara_tunisie\/"]}]}},"jetpack_sharing_enabled":true,"brands":[{"id":252,"name":"On Call Vivid","slug":"on-call-vivid"}],"_links":{"self":[{"href":"https:\/\/orthopara.store\/index.php?rest_route=\/wp\/v2\/product\/2046","targetHints":{"allow":["GET"]}}],"collection":[{"href":"https:\/\/orthopara.store\/index.php?rest_route=\/wp\/v2\/product"}],"about":[{"href":"https:\/\/orthopara.store\/index.php?rest_route=\/wp\/v2\/types\/product"}],"replies":[{"embeddable":true,"href":"https:\/\/orthopara.store\/index.php?rest_route=%2Fwp%2Fv2%2Fcomments&post=2046"}],"wp:featuredmedia":[{"embeddable":true,"href":"https:\/\/orthopara.store\/index.php?rest_route=\/wp\/v2\/media\/2061"}],"wp:attachment":[{"href":"https:\/\/orthopara.store\/index.php?rest_route=%2Fwp%2Fv2%2Fmedia&parent=2046"}],"wp:term":[{"taxonomy":"pwb-brand","embeddable":true,"href":"https:\/\/orthopara.store\/index.php?rest_route=%2Fwp%2Fv2%2Fpwb-brand&post=2046"},{"taxonomy":"product_cat","embeddable":true,"href":"https:\/\/orthopara.store\/index.php?rest_route=%2Fwp%2Fv2%2Fproduct_cat&post=2046"},{"taxonomy":"product_tag","embeddable":true,"href":"https:\/\/orthopara.store\/index.php?rest_route=%2Fwp%2Fv2%2Fproduct_tag&post=2046"}],"curies":[{"name":"wp","href":"https:\/\/api.w.org\/{rel}","templated":true}]}}