{"id":2047,"date":"2024-06-28T15:56:38","date_gmt":"2024-06-28T13:56:38","guid":{"rendered":"https:\/\/orthopara.store\/?post_type=product&#038;p=2047"},"modified":"2024-11-04T17:12:07","modified_gmt":"2024-11-04T16:12:07","slug":"accu-chek-instant-bandelettes-test-glycemie-150-unites","status":"publish","type":"product","link":"https:\/\/orthopara.store\/?product=accu-chek-instant-bandelettes-test-glycemie-150-unites","title":{"rendered":"Accu chek Instant &#8211; Bandelettes test glyc\u00e9mie &#8211; 150 unit\u00e9s"},"content":{"rendered":"<p>Utilis\u00e9es avec les lecteurs Accu-Chek Instant et Accu-Chek Instant , les bandelettes r\u00e9actives Accu-Chek Instant sont destin\u00e9es \u00e0 l\u2019autocontr\u00f4le diagnostique in vitro par les personnes atteintes de diab\u00e8te.<\/p>\n<p>Utilis\u00e9es avec les lecteurs Accu-Chek Instant et Accu-Chek Instant S, les bandelettes r\u00e9actives Accu-Chek Instant sont destin\u00e9es \u00e0 un usage diagnostique in vitro par les professionnels de sant\u00e9 en milieu clinique. La mesure sur sang veineux, art\u00e9riel et n\u00e9onatal est limit\u00e9e \u00e0 un usage professionnel.<\/p>\n<p>Performances analytiques :<br \/>\nDe m\u00eame que les r\u00e9sultats obtenus au moyen des bandelettes r\u00e9actives sont tra\u00e7ables au NIST par le biais de cette cha\u00eene, les r\u00e9sultats obtenus au moyen des bandelettes r\u00e9actives pour la solution de contr\u00f4le sont aussi tra\u00e7ables au NIST.<br \/>\n\u2013 Seuil de d\u00e9tection (valeur la plus basse affich\u00e9e) : 10 mg\/ dL (0,6 mmol\/ L) pour la bandelette r\u00e9active<br \/>\n\u2013 Intervalle de mesure du syst\u00e8me : 10-600 mg\/ dL (0,6-33,3 mmol\/ L)<br \/>\n\u2013 Volume de l\u2019\u00e9chantillon : 0,6 \u03bcL<br \/>\n\u2013 Dur\u00e9e de la mesure : moins de 4 secondes<\/p>\n<p>Contenance :<br \/>\nBoite de 150 bandelettes\u00a0<\/p>\n","protected":false},"excerpt":{"rendered":"<p>Une petite goute du sang peut \u00eatre dos\u00e9 \u00e0 n&rsquo;importe quel endroit tout au log du bord jaune\u00a0<br \/>\nbandelettes facilement et rapidement remplissable &#8211; des r\u00e9sultats en moins de 4 secondes\u00a0<br \/>\nLarge zone d&rsquo;application du sang\u00a0<\/p>\n<p>Conditionnement : boite de 150 bandelettes\u00a0<br \/>\nDLC : 06\/08\/2025<\/p>\n","protected":false},"featured_media":2062,"comment_status":"open","ping_status":"closed","template":"","meta":[],"pwb-brand":[253],"product_cat":[247],"product_tag":[],"class_list":{"0":"post-2047","1":"product","2":"type-product","3":"status-publish","4":"has-post-thumbnail","6":"pwb-brand-accu-chek-instant","7":"product_cat-glucometres","8":"post","9":"ws-product--style-1","11":"first","12":"instock","13":"shipping-taxable","14":"purchasable","15":"product-type-simple"},"yoast_head":"<!-- This site is optimized with the Yoast SEO plugin v23.0 - https:\/\/yoast.com\/wordpress\/plugins\/seo\/ -->\n<title>Accu chek Instant - Bandelettes test glyc\u00e9mie - 150 unit\u00e9s - OrthoPara<\/title>\n<meta name=\"robots\" content=\"index, follow, max-snippet:-1, max-image-preview:large, max-video-preview:-1\" \/>\n<link rel=\"canonical\" href=\"https:\/\/orthopara.store\/index.php\/produit\/accu-chek-instant-bandelettes-test-glycemie-150-unites\/\" \/>\n<meta property=\"og:locale\" content=\"fr_FR\" \/>\n<meta property=\"og:type\" content=\"article\" \/>\n<meta property=\"og:title\" content=\"Accu chek Instant - Bandelettes test glyc\u00e9mie - 150 unit\u00e9s - OrthoPara\" \/>\n<meta property=\"og:description\" content=\"Une petite goute du sang peut \u00eatre dos\u00e9 \u00e0 n&#039;importe quel endroit tout au log du bord jaune\u00a0 bandelettes facilement et rapidement remplissable - des r\u00e9sultats en moins de 4 secondes\u00a0 Large zone d&#039;application du sang\u00a0 Conditionnement : boite de 150 bandelettes\u00a0 DLC : 06\/08\/2025\" \/>\n<meta property=\"og:url\" content=\"https:\/\/orthopara.store\/index.php\/produit\/accu-chek-instant-bandelettes-test-glycemie-150-unites\/\" \/>\n<meta property=\"og:site_name\" content=\"OrthoPara\" \/>\n<meta property=\"article:publisher\" content=\"https:\/\/www.facebook.com\/profile.php?id=61561194315651\" \/>\n<meta property=\"article:modified_time\" content=\"2024-11-04T16:12:07+00:00\" \/>\n<meta property=\"og:image\" content=\"https:\/\/orthopara.store\/wp-content\/uploads\/2024\/06\/bandelettes-test-glycemie-accu-chek-instant-150-unites.jpg\" \/>\n\t<meta property=\"og:image:width\" content=\"800\" \/>\n\t<meta property=\"og:image:height\" content=\"800\" \/>\n\t<meta property=\"og:image:type\" content=\"image\/jpeg\" \/>\n<meta name=\"twitter:card\" content=\"summary_large_image\" \/>\n<meta name=\"twitter:label1\" content=\"Dur\u00e9e de lecture estim\u00e9e\" \/>\n\t<meta name=\"twitter:data1\" content=\"1 minute\" \/>\n<script type=\"application\/ld+json\" class=\"yoast-schema-graph\">{\"@context\":\"https:\/\/schema.org\",\"@graph\":[{\"@type\":\"WebPage\",\"@id\":\"https:\/\/orthopara.store\/index.php\/produit\/accu-chek-instant-bandelettes-test-glycemie-150-unites\/\",\"url\":\"https:\/\/orthopara.store\/index.php\/produit\/accu-chek-instant-bandelettes-test-glycemie-150-unites\/\",\"name\":\"Accu chek Instant - Bandelettes test glyc\u00e9mie - 150 unit\u00e9s - OrthoPara\",\"isPartOf\":{\"@id\":\"https:\/\/orthopara.store\/#website\"},\"primaryImageOfPage\":{\"@id\":\"https:\/\/orthopara.store\/index.php\/produit\/accu-chek-instant-bandelettes-test-glycemie-150-unites\/#primaryimage\"},\"image\":{\"@id\":\"https:\/\/orthopara.store\/index.php\/produit\/accu-chek-instant-bandelettes-test-glycemie-150-unites\/#primaryimage\"},\"thumbnailUrl\":\"https:\/\/orthopara.store\/wp-content\/uploads\/2024\/06\/bandelettes-test-glycemie-accu-chek-instant-150-unites.jpg\",\"datePublished\":\"2024-06-28T13:56:38+00:00\",\"dateModified\":\"2024-11-04T16:12:07+00:00\",\"breadcrumb\":{\"@id\":\"https:\/\/orthopara.store\/index.php\/produit\/accu-chek-instant-bandelettes-test-glycemie-150-unites\/#breadcrumb\"},\"inLanguage\":\"fr-FR\",\"potentialAction\":[{\"@type\":\"ReadAction\",\"target\":[\"https:\/\/orthopara.store\/index.php\/produit\/accu-chek-instant-bandelettes-test-glycemie-150-unites\/\"]}]},{\"@type\":\"ImageObject\",\"inLanguage\":\"fr-FR\",\"@id\":\"https:\/\/orthopara.store\/index.php\/produit\/accu-chek-instant-bandelettes-test-glycemie-150-unites\/#primaryimage\",\"url\":\"https:\/\/orthopara.store\/wp-content\/uploads\/2024\/06\/bandelettes-test-glycemie-accu-chek-instant-150-unites.jpg\",\"contentUrl\":\"https:\/\/orthopara.store\/wp-content\/uploads\/2024\/06\/bandelettes-test-glycemie-accu-chek-instant-150-unites.jpg\",\"width\":800,\"height\":800},{\"@type\":\"BreadcrumbList\",\"@id\":\"https:\/\/orthopara.store\/index.php\/produit\/accu-chek-instant-bandelettes-test-glycemie-150-unites\/#breadcrumb\",\"itemListElement\":[{\"@type\":\"ListItem\",\"position\":1,\"name\":\"Accueil\",\"item\":\"https:\/\/orthopara.store\/\"},{\"@type\":\"ListItem\",\"position\":2,\"name\":\"Shop\",\"item\":\"https:\/\/orthopara.store\/?page_id=622\"},{\"@type\":\"ListItem\",\"position\":3,\"name\":\"Accu chek Instant &#8211; Bandelettes test glyc\u00e9mie &#8211; 150 unit\u00e9s\"}]},{\"@type\":\"WebSite\",\"@id\":\"https:\/\/orthopara.store\/#website\",\"url\":\"https:\/\/orthopara.store\/\",\"name\":\"OrthoPara\",\"description\":\"Parapharmacie\",\"publisher\":{\"@id\":\"https:\/\/orthopara.store\/#organization\"},\"potentialAction\":[{\"@type\":\"SearchAction\",\"target\":{\"@type\":\"EntryPoint\",\"urlTemplate\":\"https:\/\/orthopara.store\/?s={search_term_string}\"},\"query-input\":\"required name=search_term_string\"}],\"inLanguage\":\"fr-FR\"},{\"@type\":\"Organization\",\"@id\":\"https:\/\/orthopara.store\/#organization\",\"name\":\"OrthoPara\",\"url\":\"https:\/\/orthopara.store\/\",\"logo\":{\"@type\":\"ImageObject\",\"inLanguage\":\"fr-FR\",\"@id\":\"https:\/\/orthopara.store\/#\/schema\/logo\/image\/\",\"url\":\"https:\/\/orthopara.store\/wp-content\/uploads\/2024\/06\/cropped-9ABA8BAD-6256-4719-9315-15C66E64E882.png\",\"contentUrl\":\"https:\/\/orthopara.store\/wp-content\/uploads\/2024\/06\/cropped-9ABA8BAD-6256-4719-9315-15C66E64E882.png\",\"width\":240,\"height\":72,\"caption\":\"OrthoPara\"},\"image\":{\"@id\":\"https:\/\/orthopara.store\/#\/schema\/logo\/image\/\"},\"sameAs\":[\"https:\/\/www.facebook.com\/profile.php?id=61561194315651\",\"https:\/\/www.instagram.com\/orthopara_tunisie\/\"]}]}<\/script>\n<!-- \/ Yoast SEO plugin. -->","yoast_head_json":{"title":"Accu chek Instant - Bandelettes test glyc\u00e9mie - 150 unit\u00e9s - OrthoPara","robots":{"index":"index","follow":"follow","max-snippet":"max-snippet:-1","max-image-preview":"max-image-preview:large","max-video-preview":"max-video-preview:-1"},"canonical":"https:\/\/orthopara.store\/index.php\/produit\/accu-chek-instant-bandelettes-test-glycemie-150-unites\/","og_locale":"fr_FR","og_type":"article","og_title":"Accu chek Instant - Bandelettes test glyc\u00e9mie - 150 unit\u00e9s - OrthoPara","og_description":"Une petite goute du sang peut \u00eatre dos\u00e9 \u00e0 n'importe quel endroit tout au log du bord jaune\u00a0 bandelettes facilement et rapidement remplissable - des r\u00e9sultats en moins de 4 secondes\u00a0 Large zone d'application du sang\u00a0 Conditionnement : boite de 150 bandelettes\u00a0 DLC : 06\/08\/2025","og_url":"https:\/\/orthopara.store\/index.php\/produit\/accu-chek-instant-bandelettes-test-glycemie-150-unites\/","og_site_name":"OrthoPara","article_publisher":"https:\/\/www.facebook.com\/profile.php?id=61561194315651","article_modified_time":"2024-11-04T16:12:07+00:00","og_image":[{"width":800,"height":800,"url":"https:\/\/orthopara.store\/wp-content\/uploads\/2024\/06\/bandelettes-test-glycemie-accu-chek-instant-150-unites.jpg","type":"image\/jpeg"}],"twitter_card":"summary_large_image","twitter_misc":{"Dur\u00e9e de lecture estim\u00e9e":"1 minute"},"schema":{"@context":"https:\/\/schema.org","@graph":[{"@type":"WebPage","@id":"https:\/\/orthopara.store\/index.php\/produit\/accu-chek-instant-bandelettes-test-glycemie-150-unites\/","url":"https:\/\/orthopara.store\/index.php\/produit\/accu-chek-instant-bandelettes-test-glycemie-150-unites\/","name":"Accu chek Instant - Bandelettes test glyc\u00e9mie - 150 unit\u00e9s - OrthoPara","isPartOf":{"@id":"https:\/\/orthopara.store\/#website"},"primaryImageOfPage":{"@id":"https:\/\/orthopara.store\/index.php\/produit\/accu-chek-instant-bandelettes-test-glycemie-150-unites\/#primaryimage"},"image":{"@id":"https:\/\/orthopara.store\/index.php\/produit\/accu-chek-instant-bandelettes-test-glycemie-150-unites\/#primaryimage"},"thumbnailUrl":"https:\/\/orthopara.store\/wp-content\/uploads\/2024\/06\/bandelettes-test-glycemie-accu-chek-instant-150-unites.jpg","datePublished":"2024-06-28T13:56:38+00:00","dateModified":"2024-11-04T16:12:07+00:00","breadcrumb":{"@id":"https:\/\/orthopara.store\/index.php\/produit\/accu-chek-instant-bandelettes-test-glycemie-150-unites\/#breadcrumb"},"inLanguage":"fr-FR","potentialAction":[{"@type":"ReadAction","target":["https:\/\/orthopara.store\/index.php\/produit\/accu-chek-instant-bandelettes-test-glycemie-150-unites\/"]}]},{"@type":"ImageObject","inLanguage":"fr-FR","@id":"https:\/\/orthopara.store\/index.php\/produit\/accu-chek-instant-bandelettes-test-glycemie-150-unites\/#primaryimage","url":"https:\/\/orthopara.store\/wp-content\/uploads\/2024\/06\/bandelettes-test-glycemie-accu-chek-instant-150-unites.jpg","contentUrl":"https:\/\/orthopara.store\/wp-content\/uploads\/2024\/06\/bandelettes-test-glycemie-accu-chek-instant-150-unites.jpg","width":800,"height":800},{"@type":"BreadcrumbList","@id":"https:\/\/orthopara.store\/index.php\/produit\/accu-chek-instant-bandelettes-test-glycemie-150-unites\/#breadcrumb","itemListElement":[{"@type":"ListItem","position":1,"name":"Accueil","item":"https:\/\/orthopara.store\/"},{"@type":"ListItem","position":2,"name":"Shop","item":"https:\/\/orthopara.store\/?page_id=622"},{"@type":"ListItem","position":3,"name":"Accu chek Instant &#8211; Bandelettes test glyc\u00e9mie &#8211; 150 unit\u00e9s"}]},{"@type":"WebSite","@id":"https:\/\/orthopara.store\/#website","url":"https:\/\/orthopara.store\/","name":"OrthoPara","description":"Parapharmacie","publisher":{"@id":"https:\/\/orthopara.store\/#organization"},"potentialAction":[{"@type":"SearchAction","target":{"@type":"EntryPoint","urlTemplate":"https:\/\/orthopara.store\/?s={search_term_string}"},"query-input":"required name=search_term_string"}],"inLanguage":"fr-FR"},{"@type":"Organization","@id":"https:\/\/orthopara.store\/#organization","name":"OrthoPara","url":"https:\/\/orthopara.store\/","logo":{"@type":"ImageObject","inLanguage":"fr-FR","@id":"https:\/\/orthopara.store\/#\/schema\/logo\/image\/","url":"https:\/\/orthopara.store\/wp-content\/uploads\/2024\/06\/cropped-9ABA8BAD-6256-4719-9315-15C66E64E882.png","contentUrl":"https:\/\/orthopara.store\/wp-content\/uploads\/2024\/06\/cropped-9ABA8BAD-6256-4719-9315-15C66E64E882.png","width":240,"height":72,"caption":"OrthoPara"},"image":{"@id":"https:\/\/orthopara.store\/#\/schema\/logo\/image\/"},"sameAs":["https:\/\/www.facebook.com\/profile.php?id=61561194315651","https:\/\/www.instagram.com\/orthopara_tunisie\/"]}]}},"jetpack_sharing_enabled":true,"brands":[{"id":253,"name":"Accu Chek Instant","slug":"accu-chek-instant"}],"_links":{"self":[{"href":"https:\/\/orthopara.store\/index.php?rest_route=\/wp\/v2\/product\/2047","targetHints":{"allow":["GET"]}}],"collection":[{"href":"https:\/\/orthopara.store\/index.php?rest_route=\/wp\/v2\/product"}],"about":[{"href":"https:\/\/orthopara.store\/index.php?rest_route=\/wp\/v2\/types\/product"}],"replies":[{"embeddable":true,"href":"https:\/\/orthopara.store\/index.php?rest_route=%2Fwp%2Fv2%2Fcomments&post=2047"}],"wp:featuredmedia":[{"embeddable":true,"href":"https:\/\/orthopara.store\/index.php?rest_route=\/wp\/v2\/media\/2062"}],"wp:attachment":[{"href":"https:\/\/orthopara.store\/index.php?rest_route=%2Fwp%2Fv2%2Fmedia&parent=2047"}],"wp:term":[{"taxonomy":"pwb-brand","embeddable":true,"href":"https:\/\/orthopara.store\/index.php?rest_route=%2Fwp%2Fv2%2Fpwb-brand&post=2047"},{"taxonomy":"product_cat","embeddable":true,"href":"https:\/\/orthopara.store\/index.php?rest_route=%2Fwp%2Fv2%2Fproduct_cat&post=2047"},{"taxonomy":"product_tag","embeddable":true,"href":"https:\/\/orthopara.store\/index.php?rest_route=%2Fwp%2Fv2%2Fproduct_tag&post=2047"}],"curies":[{"name":"wp","href":"https:\/\/api.w.org\/{rel}","templated":true}]}}