{"id":2065,"date":"2024-06-28T15:56:46","date_gmt":"2024-06-28T13:56:46","guid":{"rendered":"https:\/\/orthopara.store\/?post_type=product&#038;p=2065"},"modified":"2024-11-07T09:58:21","modified_gmt":"2024-11-07T08:58:21","slug":"coffret-glucometre-code-free-150-bandelettes","status":"publish","type":"product","link":"https:\/\/orthopara.store\/?product=coffret-glucometre-code-free-150-bandelettes","title":{"rendered":"Coffret &#8211; Glucom\u00e8tre Code free + 150 bandelettes"},"content":{"rendered":"<p>Coffret &#8211; Glucom\u00e8tre Code free + 150 bandelettes<br \/>\nUn kit glucom\u00e8tre Code Free<br \/>\nLe syst\u00e8me de surveillance de la glyc\u00e9mie SD Codefree contient tout ce dont vous avez besoin pour commencer \u00e0 tester votre glyc\u00e9mie. Le glucom\u00e8tre est compact, facile \u00e0 lire et ne n\u00e9cessite qu&rsquo;une petite goutte de sang pour le test. Id\u00e9al pour les diab\u00e9tiques, les pr\u00e9-diab\u00e9tiques et les personnes atteintes de diab\u00e8te gestationnel.<br \/>\nCaract\u00e9ristiques de l&rsquo;appareil :\u00a0<br \/>\nFabriqu\u00e9 en Cor\u00e9e du Sud selon les normes de qualit\u00e9 m\u00e9dicale<br \/>\nIl est pratique, simple \u00e0 utiliser et fournit des r\u00e9sultats en seulement 5 secondes<br \/>\nA une grande taille de m\u00e9moire qui enregistre les 500 derniers r\u00e9sultats de test<br \/>\nUtilise des \u00e9lectrodes plaqu\u00e9es or sur les bandes pour des r\u00e9sultats plus pr\u00e9cis<br \/>\nPoss\u00e8de des lancettes et des bandelettes de test de remplacement abordables<br \/>\nQu&rsquo;est-ce qui est inclus dans le kit de glucom\u00e8tre ?<br \/>\n1 x SD Codefree Meter (les r\u00e9sultats sont en mmol\/L qui est la norme n\u00e9o-z\u00e9landaise)<br \/>\n1 x autopiqueur r\u00e9glable<br \/>\n10 bandes de glyc\u00e9mie<br \/>\n10 lancettes<br \/>\n1 pile 3V CR2032<br \/>\n1 \u00e9tui<br \/>\n1 notice<br \/>\n1 x journal des r\u00e9sultats<br \/>\nPack de 150 bandelettes de test de glyc\u00e9mie :<br \/>\nLes bandelettes de test de glyc\u00e9mie SD Codefree sont utilis\u00e9es pour reconstituer votre stock de bandelettes de test afin de maintenir des lectures pr\u00e9cises et syst\u00e9matiques. La bo\u00eete contient un pot scell\u00e9 contenant 50 bandelettes de test de glyc\u00e9mie SD CodeFree. Ces bandelettes de test sont uniquement destin\u00e9es \u00e0 \u00eatre utilis\u00e9es avec le lecteur de glyc\u00e9mie SD CodeFree et le lecteur LipidoCare.<br \/>\nConseils d&rsquo;utilisation :<br \/>\nIns\u00e9rez une bandelette de test vers le haut, dans la fente dans le compteur. L indicateur s allume automatiquement.<br \/>\nUtiliser l&rsquo;autopiquer et lancettes pour obtenir une goutte de sang. Vous aurez seulement besoin de 0,9 microlitres de sang.<br \/>\nAppuyez et maintenez la goutte de sang sur le bord de la bande jusqu&rsquo;\u00e0 \u00e0 ce que le jaune de la fen\u00eatre est compl\u00e8tement rempli avec du sang. Le sang sera automatiquement ins\u00e9r\u00e9e dans la bande de. En seulement 5 secondes obtiendrez votre r\u00e9sultat sur l \u00e9cran du moniteur de glyc\u00e9mie SD Codefree.<br \/>\nIns\u00e9rez une bandelette de test vers le haut, dans la fente dans le compteur. L indicateur s allume automatiquement.<br \/>\nUtiliser l&rsquo;autopiquer et lancettes pour obtenir une goutte de sang. Vous aurez seulement besoin de 0,9 microlitres de sang.<br \/>\nAppuyez et maintenez la goutte de sang sur le bord de la bande jusqu&rsquo;\u00e0 \u00e0 ce que le jaune de la fen\u00eatre est compl\u00e8tement rempli avec du sang. Le sang sera automatiquement ins\u00e9r\u00e9e dans la bande de. En seulement 5 secondes obtiendrez votre r\u00e9sultat sur l \u00e9cran du moniteur de glyc\u00e9mie SD Codefree.<\/p>\n","protected":false},"excerpt":{"rendered":"<p>Coffret Code free<br \/>\nGlucom\u00e8tre SD Biosensor Codefree est facile \u00e0 utiliser, facile d&rsquo;entretien, pour un contr\u00f4le r\u00e9gulier de votre taux de glyc\u00e9mie.<br \/>\nLe syst\u00e8me de surveillance de la glyc\u00e9mie SD Codefree est livr\u00e9 avec tout ce dont vous avez besoin pour commencer \u00e0 tester votre glyc\u00e9mie. Id\u00e9al pour les diab\u00e9tiques, les pr\u00e9-diab\u00e9tiques et les diab\u00e9tiques gestationnels. Fabriqu\u00e9 en Cor\u00e9e Du Sud selon les normes de qualit\u00e9 m\u00e9dicale pour votre tranquillit\u00e9 d&rsquo;esprit.<\/p>\n<p>Ce coffret contient :\u00a0<br \/>\nUn kit glucom\u00e8tre Code Free<br \/>\n3 boites de 50 bandelettes de test de glyc\u00e9mie (DLC : 08\/12\/2024)<\/p>\n","protected":false},"featured_media":2083,"comment_status":"open","ping_status":"closed","template":"","meta":[],"pwb-brand":[250],"product_cat":[247],"product_tag":[],"class_list":{"0":"post-2065","1":"product","2":"type-product","3":"status-publish","4":"has-post-thumbnail","6":"pwb-brand-code-free","7":"product_cat-glucometres","8":"post","9":"ws-product--style-1","11":"first","12":"instock","13":"shipping-taxable","14":"purchasable","15":"product-type-simple"},"yoast_head":"<!-- This site is optimized with the Yoast SEO plugin v23.0 - https:\/\/yoast.com\/wordpress\/plugins\/seo\/ -->\n<title>Coffret - Glucom\u00e8tre Code free + 150 bandelettes - OrthoPara<\/title>\n<meta name=\"robots\" content=\"index, follow, max-snippet:-1, max-image-preview:large, max-video-preview:-1\" \/>\n<link rel=\"canonical\" href=\"https:\/\/orthopara.store\/index.php\/produit\/coffret-glucometre-code-free-150-bandelettes\/\" \/>\n<meta property=\"og:locale\" content=\"fr_FR\" \/>\n<meta property=\"og:type\" content=\"article\" \/>\n<meta property=\"og:title\" content=\"Coffret - Glucom\u00e8tre Code free + 150 bandelettes - OrthoPara\" \/>\n<meta property=\"og:description\" content=\"Coffret Code free Glucom\u00e8tre SD Biosensor Codefree est facile \u00e0 utiliser, facile d&#039;entretien, pour un contr\u00f4le r\u00e9gulier de votre taux de glyc\u00e9mie. Le syst\u00e8me de surveillance de la glyc\u00e9mie SD Codefree est livr\u00e9 avec tout ce dont vous avez besoin pour commencer \u00e0 tester votre glyc\u00e9mie. Id\u00e9al pour les diab\u00e9tiques, les pr\u00e9-diab\u00e9tiques et les diab\u00e9tiques gestationnels. Fabriqu\u00e9 en Cor\u00e9e Du Sud selon les normes de qualit\u00e9 m\u00e9dicale pour votre tranquillit\u00e9 d&#039;esprit. Ce coffret contient :\u00a0 Un kit glucom\u00e8tre Code Free 3 boites de 50 bandelettes de test de glyc\u00e9mie (DLC : 08\/12\/2024)\" \/>\n<meta property=\"og:url\" content=\"https:\/\/orthopara.store\/index.php\/produit\/coffret-glucometre-code-free-150-bandelettes\/\" \/>\n<meta property=\"og:site_name\" content=\"OrthoPara\" \/>\n<meta property=\"article:publisher\" content=\"https:\/\/www.facebook.com\/profile.php?id=61561194315651\" \/>\n<meta property=\"article:modified_time\" content=\"2024-11-07T08:58:21+00:00\" \/>\n<meta property=\"og:image\" content=\"https:\/\/orthopara.store\/wp-content\/uploads\/2024\/06\/coffret-glucometre-code-free-150-bandelettes.jpg\" \/>\n\t<meta property=\"og:image:width\" content=\"800\" \/>\n\t<meta property=\"og:image:height\" content=\"800\" \/>\n\t<meta property=\"og:image:type\" content=\"image\/jpeg\" \/>\n<meta name=\"twitter:card\" content=\"summary_large_image\" \/>\n<meta name=\"twitter:label1\" content=\"Dur\u00e9e de lecture estim\u00e9e\" \/>\n\t<meta name=\"twitter:data1\" content=\"2 minutes\" \/>\n<script type=\"application\/ld+json\" class=\"yoast-schema-graph\">{\"@context\":\"https:\/\/schema.org\",\"@graph\":[{\"@type\":\"WebPage\",\"@id\":\"https:\/\/orthopara.store\/index.php\/produit\/coffret-glucometre-code-free-150-bandelettes\/\",\"url\":\"https:\/\/orthopara.store\/index.php\/produit\/coffret-glucometre-code-free-150-bandelettes\/\",\"name\":\"Coffret - Glucom\u00e8tre Code free + 150 bandelettes - OrthoPara\",\"isPartOf\":{\"@id\":\"https:\/\/orthopara.store\/#website\"},\"primaryImageOfPage\":{\"@id\":\"https:\/\/orthopara.store\/index.php\/produit\/coffret-glucometre-code-free-150-bandelettes\/#primaryimage\"},\"image\":{\"@id\":\"https:\/\/orthopara.store\/index.php\/produit\/coffret-glucometre-code-free-150-bandelettes\/#primaryimage\"},\"thumbnailUrl\":\"https:\/\/orthopara.store\/wp-content\/uploads\/2024\/06\/coffret-glucometre-code-free-150-bandelettes.jpg\",\"datePublished\":\"2024-06-28T13:56:46+00:00\",\"dateModified\":\"2024-11-07T08:58:21+00:00\",\"breadcrumb\":{\"@id\":\"https:\/\/orthopara.store\/index.php\/produit\/coffret-glucometre-code-free-150-bandelettes\/#breadcrumb\"},\"inLanguage\":\"fr-FR\",\"potentialAction\":[{\"@type\":\"ReadAction\",\"target\":[\"https:\/\/orthopara.store\/index.php\/produit\/coffret-glucometre-code-free-150-bandelettes\/\"]}]},{\"@type\":\"ImageObject\",\"inLanguage\":\"fr-FR\",\"@id\":\"https:\/\/orthopara.store\/index.php\/produit\/coffret-glucometre-code-free-150-bandelettes\/#primaryimage\",\"url\":\"https:\/\/orthopara.store\/wp-content\/uploads\/2024\/06\/coffret-glucometre-code-free-150-bandelettes.jpg\",\"contentUrl\":\"https:\/\/orthopara.store\/wp-content\/uploads\/2024\/06\/coffret-glucometre-code-free-150-bandelettes.jpg\",\"width\":800,\"height\":800},{\"@type\":\"BreadcrumbList\",\"@id\":\"https:\/\/orthopara.store\/index.php\/produit\/coffret-glucometre-code-free-150-bandelettes\/#breadcrumb\",\"itemListElement\":[{\"@type\":\"ListItem\",\"position\":1,\"name\":\"Accueil\",\"item\":\"https:\/\/orthopara.store\/\"},{\"@type\":\"ListItem\",\"position\":2,\"name\":\"Shop\",\"item\":\"https:\/\/orthopara.store\/?page_id=622\"},{\"@type\":\"ListItem\",\"position\":3,\"name\":\"Coffret &#8211; Glucom\u00e8tre Code free + 150 bandelettes\"}]},{\"@type\":\"WebSite\",\"@id\":\"https:\/\/orthopara.store\/#website\",\"url\":\"https:\/\/orthopara.store\/\",\"name\":\"OrthoPara\",\"description\":\"Parapharmacie\",\"publisher\":{\"@id\":\"https:\/\/orthopara.store\/#organization\"},\"potentialAction\":[{\"@type\":\"SearchAction\",\"target\":{\"@type\":\"EntryPoint\",\"urlTemplate\":\"https:\/\/orthopara.store\/?s={search_term_string}\"},\"query-input\":\"required name=search_term_string\"}],\"inLanguage\":\"fr-FR\"},{\"@type\":\"Organization\",\"@id\":\"https:\/\/orthopara.store\/#organization\",\"name\":\"OrthoPara\",\"url\":\"https:\/\/orthopara.store\/\",\"logo\":{\"@type\":\"ImageObject\",\"inLanguage\":\"fr-FR\",\"@id\":\"https:\/\/orthopara.store\/#\/schema\/logo\/image\/\",\"url\":\"https:\/\/orthopara.store\/wp-content\/uploads\/2024\/06\/cropped-9ABA8BAD-6256-4719-9315-15C66E64E882.png\",\"contentUrl\":\"https:\/\/orthopara.store\/wp-content\/uploads\/2024\/06\/cropped-9ABA8BAD-6256-4719-9315-15C66E64E882.png\",\"width\":240,\"height\":72,\"caption\":\"OrthoPara\"},\"image\":{\"@id\":\"https:\/\/orthopara.store\/#\/schema\/logo\/image\/\"},\"sameAs\":[\"https:\/\/www.facebook.com\/profile.php?id=61561194315651\",\"https:\/\/www.instagram.com\/orthopara_tunisie\/\"]}]}<\/script>\n<!-- \/ Yoast SEO plugin. -->","yoast_head_json":{"title":"Coffret - Glucom\u00e8tre Code free + 150 bandelettes - OrthoPara","robots":{"index":"index","follow":"follow","max-snippet":"max-snippet:-1","max-image-preview":"max-image-preview:large","max-video-preview":"max-video-preview:-1"},"canonical":"https:\/\/orthopara.store\/index.php\/produit\/coffret-glucometre-code-free-150-bandelettes\/","og_locale":"fr_FR","og_type":"article","og_title":"Coffret - Glucom\u00e8tre Code free + 150 bandelettes - OrthoPara","og_description":"Coffret Code free Glucom\u00e8tre SD Biosensor Codefree est facile \u00e0 utiliser, facile d'entretien, pour un contr\u00f4le r\u00e9gulier de votre taux de glyc\u00e9mie. Le syst\u00e8me de surveillance de la glyc\u00e9mie SD Codefree est livr\u00e9 avec tout ce dont vous avez besoin pour commencer \u00e0 tester votre glyc\u00e9mie. Id\u00e9al pour les diab\u00e9tiques, les pr\u00e9-diab\u00e9tiques et les diab\u00e9tiques gestationnels. Fabriqu\u00e9 en Cor\u00e9e Du Sud selon les normes de qualit\u00e9 m\u00e9dicale pour votre tranquillit\u00e9 d'esprit. Ce coffret contient :\u00a0 Un kit glucom\u00e8tre Code Free 3 boites de 50 bandelettes de test de glyc\u00e9mie (DLC : 08\/12\/2024)","og_url":"https:\/\/orthopara.store\/index.php\/produit\/coffret-glucometre-code-free-150-bandelettes\/","og_site_name":"OrthoPara","article_publisher":"https:\/\/www.facebook.com\/profile.php?id=61561194315651","article_modified_time":"2024-11-07T08:58:21+00:00","og_image":[{"width":800,"height":800,"url":"https:\/\/orthopara.store\/wp-content\/uploads\/2024\/06\/coffret-glucometre-code-free-150-bandelettes.jpg","type":"image\/jpeg"}],"twitter_card":"summary_large_image","twitter_misc":{"Dur\u00e9e de lecture estim\u00e9e":"2 minutes"},"schema":{"@context":"https:\/\/schema.org","@graph":[{"@type":"WebPage","@id":"https:\/\/orthopara.store\/index.php\/produit\/coffret-glucometre-code-free-150-bandelettes\/","url":"https:\/\/orthopara.store\/index.php\/produit\/coffret-glucometre-code-free-150-bandelettes\/","name":"Coffret - Glucom\u00e8tre Code free + 150 bandelettes - OrthoPara","isPartOf":{"@id":"https:\/\/orthopara.store\/#website"},"primaryImageOfPage":{"@id":"https:\/\/orthopara.store\/index.php\/produit\/coffret-glucometre-code-free-150-bandelettes\/#primaryimage"},"image":{"@id":"https:\/\/orthopara.store\/index.php\/produit\/coffret-glucometre-code-free-150-bandelettes\/#primaryimage"},"thumbnailUrl":"https:\/\/orthopara.store\/wp-content\/uploads\/2024\/06\/coffret-glucometre-code-free-150-bandelettes.jpg","datePublished":"2024-06-28T13:56:46+00:00","dateModified":"2024-11-07T08:58:21+00:00","breadcrumb":{"@id":"https:\/\/orthopara.store\/index.php\/produit\/coffret-glucometre-code-free-150-bandelettes\/#breadcrumb"},"inLanguage":"fr-FR","potentialAction":[{"@type":"ReadAction","target":["https:\/\/orthopara.store\/index.php\/produit\/coffret-glucometre-code-free-150-bandelettes\/"]}]},{"@type":"ImageObject","inLanguage":"fr-FR","@id":"https:\/\/orthopara.store\/index.php\/produit\/coffret-glucometre-code-free-150-bandelettes\/#primaryimage","url":"https:\/\/orthopara.store\/wp-content\/uploads\/2024\/06\/coffret-glucometre-code-free-150-bandelettes.jpg","contentUrl":"https:\/\/orthopara.store\/wp-content\/uploads\/2024\/06\/coffret-glucometre-code-free-150-bandelettes.jpg","width":800,"height":800},{"@type":"BreadcrumbList","@id":"https:\/\/orthopara.store\/index.php\/produit\/coffret-glucometre-code-free-150-bandelettes\/#breadcrumb","itemListElement":[{"@type":"ListItem","position":1,"name":"Accueil","item":"https:\/\/orthopara.store\/"},{"@type":"ListItem","position":2,"name":"Shop","item":"https:\/\/orthopara.store\/?page_id=622"},{"@type":"ListItem","position":3,"name":"Coffret &#8211; Glucom\u00e8tre Code free + 150 bandelettes"}]},{"@type":"WebSite","@id":"https:\/\/orthopara.store\/#website","url":"https:\/\/orthopara.store\/","name":"OrthoPara","description":"Parapharmacie","publisher":{"@id":"https:\/\/orthopara.store\/#organization"},"potentialAction":[{"@type":"SearchAction","target":{"@type":"EntryPoint","urlTemplate":"https:\/\/orthopara.store\/?s={search_term_string}"},"query-input":"required name=search_term_string"}],"inLanguage":"fr-FR"},{"@type":"Organization","@id":"https:\/\/orthopara.store\/#organization","name":"OrthoPara","url":"https:\/\/orthopara.store\/","logo":{"@type":"ImageObject","inLanguage":"fr-FR","@id":"https:\/\/orthopara.store\/#\/schema\/logo\/image\/","url":"https:\/\/orthopara.store\/wp-content\/uploads\/2024\/06\/cropped-9ABA8BAD-6256-4719-9315-15C66E64E882.png","contentUrl":"https:\/\/orthopara.store\/wp-content\/uploads\/2024\/06\/cropped-9ABA8BAD-6256-4719-9315-15C66E64E882.png","width":240,"height":72,"caption":"OrthoPara"},"image":{"@id":"https:\/\/orthopara.store\/#\/schema\/logo\/image\/"},"sameAs":["https:\/\/www.facebook.com\/profile.php?id=61561194315651","https:\/\/www.instagram.com\/orthopara_tunisie\/"]}]}},"jetpack_sharing_enabled":true,"brands":[{"id":250,"name":"Code Free","slug":"code-free"}],"_links":{"self":[{"href":"https:\/\/orthopara.store\/index.php?rest_route=\/wp\/v2\/product\/2065","targetHints":{"allow":["GET"]}}],"collection":[{"href":"https:\/\/orthopara.store\/index.php?rest_route=\/wp\/v2\/product"}],"about":[{"href":"https:\/\/orthopara.store\/index.php?rest_route=\/wp\/v2\/types\/product"}],"replies":[{"embeddable":true,"href":"https:\/\/orthopara.store\/index.php?rest_route=%2Fwp%2Fv2%2Fcomments&post=2065"}],"wp:featuredmedia":[{"embeddable":true,"href":"https:\/\/orthopara.store\/index.php?rest_route=\/wp\/v2\/media\/2083"}],"wp:attachment":[{"href":"https:\/\/orthopara.store\/index.php?rest_route=%2Fwp%2Fv2%2Fmedia&parent=2065"}],"wp:term":[{"taxonomy":"pwb-brand","embeddable":true,"href":"https:\/\/orthopara.store\/index.php?rest_route=%2Fwp%2Fv2%2Fpwb-brand&post=2065"},{"taxonomy":"product_cat","embeddable":true,"href":"https:\/\/orthopara.store\/index.php?rest_route=%2Fwp%2Fv2%2Fproduct_cat&post=2065"},{"taxonomy":"product_tag","embeddable":true,"href":"https:\/\/orthopara.store\/index.php?rest_route=%2Fwp%2Fv2%2Fproduct_tag&post=2065"}],"curies":[{"name":"wp","href":"https:\/\/api.w.org\/{rel}","templated":true}]}}