{"id":2069,"date":"2024-06-28T15:56:47","date_gmt":"2024-06-28T13:56:47","guid":{"rendered":"https:\/\/orthopara.store\/?post_type=product&#038;p=2069"},"modified":"2024-11-07T10:03:14","modified_gmt":"2024-11-07T09:03:14","slug":"coffret-glycometre-on-call-plus-100-bandelettes","status":"publish","type":"product","link":"https:\/\/orthopara.store\/?product=coffret-glycometre-on-call-plus-100-bandelettes","title":{"rendered":"Coffret Glycom\u00e8tre On Call Plus + 100 Bandelettes"},"content":{"rendered":"<p>Coffret Glycom\u00e8tre On Call Plus + 100 Bandelettes + Alcool modifi\u00e9<br \/>\nLecteur de glyc\u00e9mie On Call Plus avec contr\u00f4le automatique du volume sanguin, permet d\u2019afficher le taux de glyc\u00e9mie \u00e0 partir d\u2019une goutte de sang appliqu\u00e9e sur une bandelette et ins\u00e9r\u00e9e dans le lecteur.<br \/>\n\u00c9talonnage automatique du glucom\u00e8tre, m\u00e9moire des 300 derni\u00e8res mesures avec date et heure.<br \/>\nMod\u00e8le ergonomique avec large \u00e9cran pour une lecture de la mesure facilit\u00e9.<br \/>\nChoisissez entre deux diff\u00e9rents On Call\u00ae syst\u00e8mes pour mieux l&rsquo;adapter \u00e0 votre style de vie et de g\u00e9rer votre diab\u00e8te. La nouvelle On-Call \u00ae Plus syst\u00e8me de capteurs bio offre:<br \/>\nQuantit\u00e9 d\u2019\u00e9chantillonnage: 1\u00b5l de sang capillaire sur l\u2019avant bras, la paume ou le doigt.<br \/>\nDur\u00e9e d\u2019analyse: 10 secondes.<br \/>\n\u00c9talonnage automatique \u00e0 puce.<br \/>\nR\u00e9sultats d\u2019\u00e9chantillonage du plasma.<br \/>\nMoyennes des 7, 14, et 30 derniers jours.<br \/>\nPlage de mesure: 20-600 mg\/dL ou 1,1-33,3 mmol\/L.<br \/>\nAlimentation: pile bouton CR 2032 (3V). Autonomie 12 mois ou 1000 analyses.<br \/>\nM\u00e9moire avec date et heure: 300 derni\u00e8res mesures.<br \/>\nCe lecteur de glyc\u00e9mie sera livr\u00e9 avec :\u00a0<br \/>\n\u00a0&#8211; 10 lancettes st\u00e9riles\u00a0<br \/>\n&#8211; stylo autopiquer<br \/>\n&#8211; solution de contr\u00f4le 1<br \/>\n&#8211; capuchon transparent ( pour effectuer le test sur l&rsquo;avant bras et la paume )<br \/>\n&#8211; manuel d&rsquo;utilisation\u00a0<br \/>\n&#8211; guide de r\u00e9f\u00e9rence rapide<br \/>\n&#8211; carte de garantie\u00a0<br \/>\n+ 100 bandelettes\u00a0<br \/>\nLes bandes de remplissage avec action d&rsquo;absorption permettent une application du sang aussi facile que possible.<br \/>\nDes bandelettes de test abordables dans un flacon permettent des tests fr\u00e9quents.<br \/>\n+ Alcool modifi\u00e9<br \/>\nl&rsquo;alcool modifi\u00e9 \u00e0 70% vol. Emnatura est une solution d\u00e9sinfectante pour une d\u00e9sinfection rapide du petit mat\u00e9riel de soins ( d\u00e9sinfection des ciseaux, thermom\u00e8tre, pince \u00e0 \u00e9piler, etc,..), pour la d\u00e9sinfection de la peau saine et pour les gestes \u00e0 risque infectieux faible, notamment avant les injections.<\/p>\n","protected":false},"excerpt":{"rendered":"<p>Coffret promotionnel On Call Plus\u00a0<br \/>\nCe pack contient :<br \/>\n-Kit lecteur de glyc\u00e9mie\u00a0<br \/>\n-2 boite de bandelettes de 50 pi\u00e8ces (DLC 01\/02\/2025)<br \/>\n-Alcool modifi\u00e9<\/p>\n","protected":false},"featured_media":2087,"comment_status":"open","ping_status":"closed","template":"","meta":[],"pwb-brand":[251],"product_cat":[247],"product_tag":[],"class_list":{"0":"post-2069","1":"product","2":"type-product","3":"status-publish","4":"has-post-thumbnail","6":"pwb-brand-on-call-plus","7":"product_cat-glucometres","8":"post","9":"ws-product--style-1","11":"first","12":"instock","13":"shipping-taxable","14":"purchasable","15":"product-type-simple"},"yoast_head":"<!-- This site is optimized with the Yoast SEO plugin v23.0 - https:\/\/yoast.com\/wordpress\/plugins\/seo\/ -->\n<title>Coffret Glycom\u00e8tre On Call Plus + 100 Bandelettes - OrthoPara<\/title>\n<meta name=\"robots\" content=\"index, follow, max-snippet:-1, max-image-preview:large, max-video-preview:-1\" \/>\n<link rel=\"canonical\" href=\"https:\/\/orthopara.store\/index.php\/produit\/coffret-glycometre-on-call-plus-100-bandelettes\/\" \/>\n<meta property=\"og:locale\" content=\"fr_FR\" \/>\n<meta property=\"og:type\" content=\"article\" \/>\n<meta property=\"og:title\" content=\"Coffret Glycom\u00e8tre On Call Plus + 100 Bandelettes - OrthoPara\" \/>\n<meta property=\"og:description\" content=\"Coffret promotionnel On Call Plus\u00a0 Ce pack contient : -Kit lecteur de glyc\u00e9mie\u00a0 -2 boite de bandelettes de 50 pi\u00e8ces (DLC 01\/02\/2025) -Alcool modifi\u00e9\" \/>\n<meta property=\"og:url\" content=\"https:\/\/orthopara.store\/index.php\/produit\/coffret-glycometre-on-call-plus-100-bandelettes\/\" \/>\n<meta property=\"og:site_name\" content=\"OrthoPara\" \/>\n<meta property=\"article:publisher\" content=\"https:\/\/www.facebook.com\/profile.php?id=61561194315651\" \/>\n<meta property=\"article:modified_time\" content=\"2024-11-07T09:03:14+00:00\" \/>\n<meta property=\"og:image\" content=\"https:\/\/orthopara.store\/wp-content\/uploads\/2024\/06\/coffret-glycometre-on-call-plus-100-bandelettes.jpg\" \/>\n\t<meta property=\"og:image:width\" content=\"800\" \/>\n\t<meta property=\"og:image:height\" content=\"800\" \/>\n\t<meta property=\"og:image:type\" content=\"image\/jpeg\" \/>\n<meta name=\"twitter:card\" content=\"summary_large_image\" \/>\n<meta name=\"twitter:label1\" content=\"Dur\u00e9e de lecture estim\u00e9e\" \/>\n\t<meta name=\"twitter:data1\" content=\"2 minutes\" \/>\n<script type=\"application\/ld+json\" class=\"yoast-schema-graph\">{\"@context\":\"https:\/\/schema.org\",\"@graph\":[{\"@type\":\"WebPage\",\"@id\":\"https:\/\/orthopara.store\/index.php\/produit\/coffret-glycometre-on-call-plus-100-bandelettes\/\",\"url\":\"https:\/\/orthopara.store\/index.php\/produit\/coffret-glycometre-on-call-plus-100-bandelettes\/\",\"name\":\"Coffret Glycom\u00e8tre On Call Plus + 100 Bandelettes - OrthoPara\",\"isPartOf\":{\"@id\":\"https:\/\/orthopara.store\/#website\"},\"primaryImageOfPage\":{\"@id\":\"https:\/\/orthopara.store\/index.php\/produit\/coffret-glycometre-on-call-plus-100-bandelettes\/#primaryimage\"},\"image\":{\"@id\":\"https:\/\/orthopara.store\/index.php\/produit\/coffret-glycometre-on-call-plus-100-bandelettes\/#primaryimage\"},\"thumbnailUrl\":\"https:\/\/orthopara.store\/wp-content\/uploads\/2024\/06\/coffret-glycometre-on-call-plus-100-bandelettes.jpg\",\"datePublished\":\"2024-06-28T13:56:47+00:00\",\"dateModified\":\"2024-11-07T09:03:14+00:00\",\"breadcrumb\":{\"@id\":\"https:\/\/orthopara.store\/index.php\/produit\/coffret-glycometre-on-call-plus-100-bandelettes\/#breadcrumb\"},\"inLanguage\":\"fr-FR\",\"potentialAction\":[{\"@type\":\"ReadAction\",\"target\":[\"https:\/\/orthopara.store\/index.php\/produit\/coffret-glycometre-on-call-plus-100-bandelettes\/\"]}]},{\"@type\":\"ImageObject\",\"inLanguage\":\"fr-FR\",\"@id\":\"https:\/\/orthopara.store\/index.php\/produit\/coffret-glycometre-on-call-plus-100-bandelettes\/#primaryimage\",\"url\":\"https:\/\/orthopara.store\/wp-content\/uploads\/2024\/06\/coffret-glycometre-on-call-plus-100-bandelettes.jpg\",\"contentUrl\":\"https:\/\/orthopara.store\/wp-content\/uploads\/2024\/06\/coffret-glycometre-on-call-plus-100-bandelettes.jpg\",\"width\":800,\"height\":800},{\"@type\":\"BreadcrumbList\",\"@id\":\"https:\/\/orthopara.store\/index.php\/produit\/coffret-glycometre-on-call-plus-100-bandelettes\/#breadcrumb\",\"itemListElement\":[{\"@type\":\"ListItem\",\"position\":1,\"name\":\"Accueil\",\"item\":\"https:\/\/orthopara.store\/\"},{\"@type\":\"ListItem\",\"position\":2,\"name\":\"Shop\",\"item\":\"https:\/\/orthopara.store\/?page_id=622\"},{\"@type\":\"ListItem\",\"position\":3,\"name\":\"Coffret Glycom\u00e8tre On Call Plus + 100 Bandelettes\"}]},{\"@type\":\"WebSite\",\"@id\":\"https:\/\/orthopara.store\/#website\",\"url\":\"https:\/\/orthopara.store\/\",\"name\":\"OrthoPara\",\"description\":\"Parapharmacie\",\"publisher\":{\"@id\":\"https:\/\/orthopara.store\/#organization\"},\"potentialAction\":[{\"@type\":\"SearchAction\",\"target\":{\"@type\":\"EntryPoint\",\"urlTemplate\":\"https:\/\/orthopara.store\/?s={search_term_string}\"},\"query-input\":\"required name=search_term_string\"}],\"inLanguage\":\"fr-FR\"},{\"@type\":\"Organization\",\"@id\":\"https:\/\/orthopara.store\/#organization\",\"name\":\"OrthoPara\",\"url\":\"https:\/\/orthopara.store\/\",\"logo\":{\"@type\":\"ImageObject\",\"inLanguage\":\"fr-FR\",\"@id\":\"https:\/\/orthopara.store\/#\/schema\/logo\/image\/\",\"url\":\"https:\/\/orthopara.store\/wp-content\/uploads\/2024\/06\/cropped-9ABA8BAD-6256-4719-9315-15C66E64E882.png\",\"contentUrl\":\"https:\/\/orthopara.store\/wp-content\/uploads\/2024\/06\/cropped-9ABA8BAD-6256-4719-9315-15C66E64E882.png\",\"width\":240,\"height\":72,\"caption\":\"OrthoPara\"},\"image\":{\"@id\":\"https:\/\/orthopara.store\/#\/schema\/logo\/image\/\"},\"sameAs\":[\"https:\/\/www.facebook.com\/profile.php?id=61561194315651\",\"https:\/\/www.instagram.com\/orthopara_tunisie\/\"]}]}<\/script>\n<!-- \/ Yoast SEO plugin. -->","yoast_head_json":{"title":"Coffret Glycom\u00e8tre On Call Plus + 100 Bandelettes - OrthoPara","robots":{"index":"index","follow":"follow","max-snippet":"max-snippet:-1","max-image-preview":"max-image-preview:large","max-video-preview":"max-video-preview:-1"},"canonical":"https:\/\/orthopara.store\/index.php\/produit\/coffret-glycometre-on-call-plus-100-bandelettes\/","og_locale":"fr_FR","og_type":"article","og_title":"Coffret Glycom\u00e8tre On Call Plus + 100 Bandelettes - OrthoPara","og_description":"Coffret promotionnel On Call Plus\u00a0 Ce pack contient : -Kit lecteur de glyc\u00e9mie\u00a0 -2 boite de bandelettes de 50 pi\u00e8ces (DLC 01\/02\/2025) -Alcool modifi\u00e9","og_url":"https:\/\/orthopara.store\/index.php\/produit\/coffret-glycometre-on-call-plus-100-bandelettes\/","og_site_name":"OrthoPara","article_publisher":"https:\/\/www.facebook.com\/profile.php?id=61561194315651","article_modified_time":"2024-11-07T09:03:14+00:00","og_image":[{"width":800,"height":800,"url":"https:\/\/orthopara.store\/wp-content\/uploads\/2024\/06\/coffret-glycometre-on-call-plus-100-bandelettes.jpg","type":"image\/jpeg"}],"twitter_card":"summary_large_image","twitter_misc":{"Dur\u00e9e de lecture estim\u00e9e":"2 minutes"},"schema":{"@context":"https:\/\/schema.org","@graph":[{"@type":"WebPage","@id":"https:\/\/orthopara.store\/index.php\/produit\/coffret-glycometre-on-call-plus-100-bandelettes\/","url":"https:\/\/orthopara.store\/index.php\/produit\/coffret-glycometre-on-call-plus-100-bandelettes\/","name":"Coffret Glycom\u00e8tre On Call Plus + 100 Bandelettes - OrthoPara","isPartOf":{"@id":"https:\/\/orthopara.store\/#website"},"primaryImageOfPage":{"@id":"https:\/\/orthopara.store\/index.php\/produit\/coffret-glycometre-on-call-plus-100-bandelettes\/#primaryimage"},"image":{"@id":"https:\/\/orthopara.store\/index.php\/produit\/coffret-glycometre-on-call-plus-100-bandelettes\/#primaryimage"},"thumbnailUrl":"https:\/\/orthopara.store\/wp-content\/uploads\/2024\/06\/coffret-glycometre-on-call-plus-100-bandelettes.jpg","datePublished":"2024-06-28T13:56:47+00:00","dateModified":"2024-11-07T09:03:14+00:00","breadcrumb":{"@id":"https:\/\/orthopara.store\/index.php\/produit\/coffret-glycometre-on-call-plus-100-bandelettes\/#breadcrumb"},"inLanguage":"fr-FR","potentialAction":[{"@type":"ReadAction","target":["https:\/\/orthopara.store\/index.php\/produit\/coffret-glycometre-on-call-plus-100-bandelettes\/"]}]},{"@type":"ImageObject","inLanguage":"fr-FR","@id":"https:\/\/orthopara.store\/index.php\/produit\/coffret-glycometre-on-call-plus-100-bandelettes\/#primaryimage","url":"https:\/\/orthopara.store\/wp-content\/uploads\/2024\/06\/coffret-glycometre-on-call-plus-100-bandelettes.jpg","contentUrl":"https:\/\/orthopara.store\/wp-content\/uploads\/2024\/06\/coffret-glycometre-on-call-plus-100-bandelettes.jpg","width":800,"height":800},{"@type":"BreadcrumbList","@id":"https:\/\/orthopara.store\/index.php\/produit\/coffret-glycometre-on-call-plus-100-bandelettes\/#breadcrumb","itemListElement":[{"@type":"ListItem","position":1,"name":"Accueil","item":"https:\/\/orthopara.store\/"},{"@type":"ListItem","position":2,"name":"Shop","item":"https:\/\/orthopara.store\/?page_id=622"},{"@type":"ListItem","position":3,"name":"Coffret Glycom\u00e8tre On Call Plus + 100 Bandelettes"}]},{"@type":"WebSite","@id":"https:\/\/orthopara.store\/#website","url":"https:\/\/orthopara.store\/","name":"OrthoPara","description":"Parapharmacie","publisher":{"@id":"https:\/\/orthopara.store\/#organization"},"potentialAction":[{"@type":"SearchAction","target":{"@type":"EntryPoint","urlTemplate":"https:\/\/orthopara.store\/?s={search_term_string}"},"query-input":"required name=search_term_string"}],"inLanguage":"fr-FR"},{"@type":"Organization","@id":"https:\/\/orthopara.store\/#organization","name":"OrthoPara","url":"https:\/\/orthopara.store\/","logo":{"@type":"ImageObject","inLanguage":"fr-FR","@id":"https:\/\/orthopara.store\/#\/schema\/logo\/image\/","url":"https:\/\/orthopara.store\/wp-content\/uploads\/2024\/06\/cropped-9ABA8BAD-6256-4719-9315-15C66E64E882.png","contentUrl":"https:\/\/orthopara.store\/wp-content\/uploads\/2024\/06\/cropped-9ABA8BAD-6256-4719-9315-15C66E64E882.png","width":240,"height":72,"caption":"OrthoPara"},"image":{"@id":"https:\/\/orthopara.store\/#\/schema\/logo\/image\/"},"sameAs":["https:\/\/www.facebook.com\/profile.php?id=61561194315651","https:\/\/www.instagram.com\/orthopara_tunisie\/"]}]}},"jetpack_sharing_enabled":true,"brands":[{"id":251,"name":"On Call Plus","slug":"on-call-plus"}],"_links":{"self":[{"href":"https:\/\/orthopara.store\/index.php?rest_route=\/wp\/v2\/product\/2069","targetHints":{"allow":["GET"]}}],"collection":[{"href":"https:\/\/orthopara.store\/index.php?rest_route=\/wp\/v2\/product"}],"about":[{"href":"https:\/\/orthopara.store\/index.php?rest_route=\/wp\/v2\/types\/product"}],"replies":[{"embeddable":true,"href":"https:\/\/orthopara.store\/index.php?rest_route=%2Fwp%2Fv2%2Fcomments&post=2069"}],"wp:featuredmedia":[{"embeddable":true,"href":"https:\/\/orthopara.store\/index.php?rest_route=\/wp\/v2\/media\/2087"}],"wp:attachment":[{"href":"https:\/\/orthopara.store\/index.php?rest_route=%2Fwp%2Fv2%2Fmedia&parent=2069"}],"wp:term":[{"taxonomy":"pwb-brand","embeddable":true,"href":"https:\/\/orthopara.store\/index.php?rest_route=%2Fwp%2Fv2%2Fpwb-brand&post=2069"},{"taxonomy":"product_cat","embeddable":true,"href":"https:\/\/orthopara.store\/index.php?rest_route=%2Fwp%2Fv2%2Fproduct_cat&post=2069"},{"taxonomy":"product_tag","embeddable":true,"href":"https:\/\/orthopara.store\/index.php?rest_route=%2Fwp%2Fv2%2Fproduct_tag&post=2069"}],"curies":[{"name":"wp","href":"https:\/\/api.w.org\/{rel}","templated":true}]}}