{"id":2073,"date":"2024-06-28T15:56:47","date_gmt":"2024-06-28T13:56:47","guid":{"rendered":"https:\/\/orthopara.store\/?post_type=product&#038;p=2073"},"modified":"2024-06-28T15:56:53","modified_gmt":"2024-06-28T13:56:53","slug":"pese-personne-impedancemetre-beurer-bg13","status":"publish","type":"product","link":"https:\/\/orthopara.store\/?product=pese-personne-impedancemetre-beurer-bg13","title":{"rendered":"P\u00e8se personne imp\u00e9dancem\u00e8tre &#8211; Beurer &#8211; BG13"},"content":{"rendered":"<p>P\u00e8se personne imp\u00e9dancem\u00e8tre &#8211; Beurer &#8211; BG13<br \/>\nContr\u00f4lez votre poids en toute simplicit\u00e9 ! Le p\u00e8se-personne avec grand \u00e9cran LCD affiche vos valeurs de poids, graisse et eau corporelles et taux de muscle et calcule m\u00eame votre IMC.<br \/>\nLe BG 13 est con\u00e7u pour offrir une mesure de poids rapide et facile, avec une plage de mesure allant jusqu&rsquo;\u00e0 150 kg.<br \/>\nLa plateforme de pesage du BG 13 est en verre de s\u00e9curit\u00e9 tremp\u00e9 de haute qualit\u00e9 et est dot\u00e9e d&rsquo;une grande surface de 30 x 30 cm pour une utilisation confortable et stable. Elle est \u00e9galement facile \u00e0 nettoyer, ce qui permet de maintenir une hygi\u00e8ne optimale. La surface de pes\u00e9e est \u00e9quip\u00e9e de quatre capteurs de poids de haute pr\u00e9cision pour des mesures de poids fiables et pr\u00e9cises.<br \/>\nLe BG 13 dispose d&rsquo;un grand \u00e9cran LCD facile \u00e0 lire avec des chiffres de 2,5 cm de hauteur. L&rsquo;affichage est clair et lisible, m\u00eame dans des conditions de faible luminosit\u00e9. Il est possible de basculer entre les unit\u00e9s de mesure de poids kg, lb et st pour une utilisation internationale.<br \/>\nUn design \u00e9l\u00e9gant du p\u00e8se-personne BG 13 est un atout suppl\u00e9mentaire. Avec une finition en acier inoxydable bross\u00e9, il s&rsquo;int\u00e8gre parfaitement dans n&rsquo;importe quelle salle de bain moderne. Sa taille compacte le rend facile \u00e0 ranger, ce qui le rend id\u00e9al pour une utilisation \u00e0 domicile.<br \/>\nBeurer BG 13 fonctionne avec une pile CR2032 incluse. Il est recommand\u00e9 de remplacer la pile par une nouvelle pile de haute qualit\u00e9 pour des r\u00e9sultats de mesure pr\u00e9cis et fiables.<br \/>\nCaract\u00e9ristiques :<br \/>\nAvec grand \u00e9cran LCD<br \/>\nPoids, graisse et eau corporelles, taux de muscle<br \/>\nAvec calcul de lIMC<br \/>\nDesign \u00e0 bandes discret<br \/>\n\u00c9cran XL<br \/>\n\u00c9lectrodes en acier inoxydable bross\u00e9<br \/>\n5 niveaux d&rsquo;activit\u00e9<br \/>\nM\u00e9moires utilisateur : 10<br \/>\nM\u00e9canisme de mise en marche : d\u00e9marrage rapide<br \/>\nArr\u00eat automatique, affichage en cas de surcharge<br \/>\nTaille des chiffres : 38 mm<br \/>\nConseils d&rsquo;utilisation :\u00a0<br \/>\nLe p\u00e8se-personne Beurer BG 13 est facile \u00e0 utiliser gr\u00e2ce \u00e0 sa mise en marche\/arr\u00eat automatique. Lorsque l&rsquo;utilisateur monte sur la plateforme, l&rsquo;appareil s&rsquo;allume automatiquement et affiche le poids en quelques secondes. Lorsque l&rsquo;utilisateur descend de la plateforme, l&rsquo;appareil s&rsquo;\u00e9teint automatiquement pour \u00e9conomiser la batterie.<\/p>\n<p>Manuel d&rsquo;utilisation pdf (\u00e0 t\u00e9l\u00e9charger) :<br \/>\nManuel d&rsquo;utilisation Beurer BG13 (t\u00e9l\u00e9charger ici)<\/p>\n","protected":false},"excerpt":{"rendered":"<p>Beurer Wellbeing<br \/>\nP\u00e8se-personne imp\u00e9dancem\u00e8tre BG13 de Beurer<br \/>\nBalance d\u2019analyse avec analyse corporelle compl\u00e8te de l&rsquo;IMC et \u00e9cran XL \u2013 jusqu\u2019\u00e0 150 kg<br \/>\nContr\u00f4lez votre poids en toute simplicit\u00e9 ! Le p\u00e8se-personne avec grand \u00e9cran LCD affiche vos valeurs de poids, graisse et eau corporelles et taux de muscle et calcule m\u00eame votre IMC.<\/p>\n","protected":false},"featured_media":2091,"comment_status":"open","ping_status":"closed","template":"","meta":[],"pwb-brand":[93],"product_cat":[254],"product_tag":[],"class_list":{"0":"post-2073","1":"product","2":"type-product","3":"status-publish","4":"has-post-thumbnail","6":"pwb-brand-beurer","7":"product_cat-peses-personnes","8":"post","9":"ws-product--style-1","11":"first","12":"instock","13":"shipping-taxable","14":"purchasable","15":"product-type-simple"},"yoast_head":"<!-- This site is optimized with the Yoast SEO plugin v23.0 - https:\/\/yoast.com\/wordpress\/plugins\/seo\/ -->\n<title>P\u00e8se personne imp\u00e9dancem\u00e8tre - Beurer - BG13 - OrthoPara<\/title>\n<meta name=\"robots\" content=\"index, follow, max-snippet:-1, max-image-preview:large, max-video-preview:-1\" \/>\n<link rel=\"canonical\" href=\"https:\/\/orthopara.store\/index.php\/produit\/pese-personne-impedancemetre-beurer-bg13\/\" \/>\n<meta property=\"og:locale\" content=\"fr_FR\" \/>\n<meta property=\"og:type\" content=\"article\" \/>\n<meta property=\"og:title\" content=\"P\u00e8se personne imp\u00e9dancem\u00e8tre - Beurer - BG13 - OrthoPara\" \/>\n<meta property=\"og:description\" content=\"Beurer Wellbeing P\u00e8se-personne imp\u00e9dancem\u00e8tre BG13 de Beurer Balance d\u2019analyse avec analyse corporelle compl\u00e8te de l&#039;IMC et \u00e9cran XL \u2013 jusqu\u2019\u00e0 150 kg Contr\u00f4lez votre poids en toute simplicit\u00e9 ! Le p\u00e8se-personne avec grand \u00e9cran LCD affiche vos valeurs de poids, graisse et eau corporelles et taux de muscle et calcule m\u00eame votre IMC.\" \/>\n<meta property=\"og:url\" content=\"https:\/\/orthopara.store\/index.php\/produit\/pese-personne-impedancemetre-beurer-bg13\/\" \/>\n<meta property=\"og:site_name\" content=\"OrthoPara\" \/>\n<meta property=\"article:publisher\" content=\"https:\/\/www.facebook.com\/profile.php?id=61561194315651\" \/>\n<meta property=\"article:modified_time\" content=\"2024-06-28T13:56:53+00:00\" \/>\n<meta property=\"og:image\" content=\"https:\/\/orthopara.store\/wp-content\/uploads\/2024\/06\/pese-personne-impedancemetre-beurer-bg13.jpg\" \/>\n\t<meta property=\"og:image:width\" content=\"800\" \/>\n\t<meta property=\"og:image:height\" content=\"800\" \/>\n\t<meta property=\"og:image:type\" content=\"image\/jpeg\" \/>\n<meta name=\"twitter:card\" content=\"summary_large_image\" \/>\n<meta name=\"twitter:label1\" content=\"Dur\u00e9e de lecture estim\u00e9e\" \/>\n\t<meta name=\"twitter:data1\" content=\"2 minutes\" \/>\n<script type=\"application\/ld+json\" class=\"yoast-schema-graph\">{\"@context\":\"https:\/\/schema.org\",\"@graph\":[{\"@type\":\"WebPage\",\"@id\":\"https:\/\/orthopara.store\/index.php\/produit\/pese-personne-impedancemetre-beurer-bg13\/\",\"url\":\"https:\/\/orthopara.store\/index.php\/produit\/pese-personne-impedancemetre-beurer-bg13\/\",\"name\":\"P\u00e8se personne imp\u00e9dancem\u00e8tre - Beurer - BG13 - OrthoPara\",\"isPartOf\":{\"@id\":\"https:\/\/orthopara.store\/#website\"},\"primaryImageOfPage\":{\"@id\":\"https:\/\/orthopara.store\/index.php\/produit\/pese-personne-impedancemetre-beurer-bg13\/#primaryimage\"},\"image\":{\"@id\":\"https:\/\/orthopara.store\/index.php\/produit\/pese-personne-impedancemetre-beurer-bg13\/#primaryimage\"},\"thumbnailUrl\":\"https:\/\/orthopara.store\/wp-content\/uploads\/2024\/06\/pese-personne-impedancemetre-beurer-bg13.jpg\",\"datePublished\":\"2024-06-28T13:56:47+00:00\",\"dateModified\":\"2024-06-28T13:56:53+00:00\",\"breadcrumb\":{\"@id\":\"https:\/\/orthopara.store\/index.php\/produit\/pese-personne-impedancemetre-beurer-bg13\/#breadcrumb\"},\"inLanguage\":\"fr-FR\",\"potentialAction\":[{\"@type\":\"ReadAction\",\"target\":[\"https:\/\/orthopara.store\/index.php\/produit\/pese-personne-impedancemetre-beurer-bg13\/\"]}]},{\"@type\":\"ImageObject\",\"inLanguage\":\"fr-FR\",\"@id\":\"https:\/\/orthopara.store\/index.php\/produit\/pese-personne-impedancemetre-beurer-bg13\/#primaryimage\",\"url\":\"https:\/\/orthopara.store\/wp-content\/uploads\/2024\/06\/pese-personne-impedancemetre-beurer-bg13.jpg\",\"contentUrl\":\"https:\/\/orthopara.store\/wp-content\/uploads\/2024\/06\/pese-personne-impedancemetre-beurer-bg13.jpg\",\"width\":800,\"height\":800},{\"@type\":\"BreadcrumbList\",\"@id\":\"https:\/\/orthopara.store\/index.php\/produit\/pese-personne-impedancemetre-beurer-bg13\/#breadcrumb\",\"itemListElement\":[{\"@type\":\"ListItem\",\"position\":1,\"name\":\"Accueil\",\"item\":\"https:\/\/orthopara.store\/\"},{\"@type\":\"ListItem\",\"position\":2,\"name\":\"Shop\",\"item\":\"https:\/\/orthopara.store\/?page_id=622\"},{\"@type\":\"ListItem\",\"position\":3,\"name\":\"P\u00e8se personne imp\u00e9dancem\u00e8tre &#8211; Beurer &#8211; BG13\"}]},{\"@type\":\"WebSite\",\"@id\":\"https:\/\/orthopara.store\/#website\",\"url\":\"https:\/\/orthopara.store\/\",\"name\":\"OrthoPara\",\"description\":\"Parapharmacie\",\"publisher\":{\"@id\":\"https:\/\/orthopara.store\/#organization\"},\"potentialAction\":[{\"@type\":\"SearchAction\",\"target\":{\"@type\":\"EntryPoint\",\"urlTemplate\":\"https:\/\/orthopara.store\/?s={search_term_string}\"},\"query-input\":\"required name=search_term_string\"}],\"inLanguage\":\"fr-FR\"},{\"@type\":\"Organization\",\"@id\":\"https:\/\/orthopara.store\/#organization\",\"name\":\"OrthoPara\",\"url\":\"https:\/\/orthopara.store\/\",\"logo\":{\"@type\":\"ImageObject\",\"inLanguage\":\"fr-FR\",\"@id\":\"https:\/\/orthopara.store\/#\/schema\/logo\/image\/\",\"url\":\"https:\/\/orthopara.store\/wp-content\/uploads\/2024\/06\/cropped-9ABA8BAD-6256-4719-9315-15C66E64E882.png\",\"contentUrl\":\"https:\/\/orthopara.store\/wp-content\/uploads\/2024\/06\/cropped-9ABA8BAD-6256-4719-9315-15C66E64E882.png\",\"width\":240,\"height\":72,\"caption\":\"OrthoPara\"},\"image\":{\"@id\":\"https:\/\/orthopara.store\/#\/schema\/logo\/image\/\"},\"sameAs\":[\"https:\/\/www.facebook.com\/profile.php?id=61561194315651\",\"https:\/\/www.instagram.com\/orthopara_tunisie\/\"]}]}<\/script>\n<!-- \/ Yoast SEO plugin. -->","yoast_head_json":{"title":"P\u00e8se personne imp\u00e9dancem\u00e8tre - Beurer - BG13 - OrthoPara","robots":{"index":"index","follow":"follow","max-snippet":"max-snippet:-1","max-image-preview":"max-image-preview:large","max-video-preview":"max-video-preview:-1"},"canonical":"https:\/\/orthopara.store\/index.php\/produit\/pese-personne-impedancemetre-beurer-bg13\/","og_locale":"fr_FR","og_type":"article","og_title":"P\u00e8se personne imp\u00e9dancem\u00e8tre - Beurer - BG13 - OrthoPara","og_description":"Beurer Wellbeing P\u00e8se-personne imp\u00e9dancem\u00e8tre BG13 de Beurer Balance d\u2019analyse avec analyse corporelle compl\u00e8te de l'IMC et \u00e9cran XL \u2013 jusqu\u2019\u00e0 150 kg Contr\u00f4lez votre poids en toute simplicit\u00e9 ! Le p\u00e8se-personne avec grand \u00e9cran LCD affiche vos valeurs de poids, graisse et eau corporelles et taux de muscle et calcule m\u00eame votre IMC.","og_url":"https:\/\/orthopara.store\/index.php\/produit\/pese-personne-impedancemetre-beurer-bg13\/","og_site_name":"OrthoPara","article_publisher":"https:\/\/www.facebook.com\/profile.php?id=61561194315651","article_modified_time":"2024-06-28T13:56:53+00:00","og_image":[{"width":800,"height":800,"url":"https:\/\/orthopara.store\/wp-content\/uploads\/2024\/06\/pese-personne-impedancemetre-beurer-bg13.jpg","type":"image\/jpeg"}],"twitter_card":"summary_large_image","twitter_misc":{"Dur\u00e9e de lecture estim\u00e9e":"2 minutes"},"schema":{"@context":"https:\/\/schema.org","@graph":[{"@type":"WebPage","@id":"https:\/\/orthopara.store\/index.php\/produit\/pese-personne-impedancemetre-beurer-bg13\/","url":"https:\/\/orthopara.store\/index.php\/produit\/pese-personne-impedancemetre-beurer-bg13\/","name":"P\u00e8se personne imp\u00e9dancem\u00e8tre - Beurer - BG13 - OrthoPara","isPartOf":{"@id":"https:\/\/orthopara.store\/#website"},"primaryImageOfPage":{"@id":"https:\/\/orthopara.store\/index.php\/produit\/pese-personne-impedancemetre-beurer-bg13\/#primaryimage"},"image":{"@id":"https:\/\/orthopara.store\/index.php\/produit\/pese-personne-impedancemetre-beurer-bg13\/#primaryimage"},"thumbnailUrl":"https:\/\/orthopara.store\/wp-content\/uploads\/2024\/06\/pese-personne-impedancemetre-beurer-bg13.jpg","datePublished":"2024-06-28T13:56:47+00:00","dateModified":"2024-06-28T13:56:53+00:00","breadcrumb":{"@id":"https:\/\/orthopara.store\/index.php\/produit\/pese-personne-impedancemetre-beurer-bg13\/#breadcrumb"},"inLanguage":"fr-FR","potentialAction":[{"@type":"ReadAction","target":["https:\/\/orthopara.store\/index.php\/produit\/pese-personne-impedancemetre-beurer-bg13\/"]}]},{"@type":"ImageObject","inLanguage":"fr-FR","@id":"https:\/\/orthopara.store\/index.php\/produit\/pese-personne-impedancemetre-beurer-bg13\/#primaryimage","url":"https:\/\/orthopara.store\/wp-content\/uploads\/2024\/06\/pese-personne-impedancemetre-beurer-bg13.jpg","contentUrl":"https:\/\/orthopara.store\/wp-content\/uploads\/2024\/06\/pese-personne-impedancemetre-beurer-bg13.jpg","width":800,"height":800},{"@type":"BreadcrumbList","@id":"https:\/\/orthopara.store\/index.php\/produit\/pese-personne-impedancemetre-beurer-bg13\/#breadcrumb","itemListElement":[{"@type":"ListItem","position":1,"name":"Accueil","item":"https:\/\/orthopara.store\/"},{"@type":"ListItem","position":2,"name":"Shop","item":"https:\/\/orthopara.store\/?page_id=622"},{"@type":"ListItem","position":3,"name":"P\u00e8se personne imp\u00e9dancem\u00e8tre &#8211; Beurer &#8211; BG13"}]},{"@type":"WebSite","@id":"https:\/\/orthopara.store\/#website","url":"https:\/\/orthopara.store\/","name":"OrthoPara","description":"Parapharmacie","publisher":{"@id":"https:\/\/orthopara.store\/#organization"},"potentialAction":[{"@type":"SearchAction","target":{"@type":"EntryPoint","urlTemplate":"https:\/\/orthopara.store\/?s={search_term_string}"},"query-input":"required name=search_term_string"}],"inLanguage":"fr-FR"},{"@type":"Organization","@id":"https:\/\/orthopara.store\/#organization","name":"OrthoPara","url":"https:\/\/orthopara.store\/","logo":{"@type":"ImageObject","inLanguage":"fr-FR","@id":"https:\/\/orthopara.store\/#\/schema\/logo\/image\/","url":"https:\/\/orthopara.store\/wp-content\/uploads\/2024\/06\/cropped-9ABA8BAD-6256-4719-9315-15C66E64E882.png","contentUrl":"https:\/\/orthopara.store\/wp-content\/uploads\/2024\/06\/cropped-9ABA8BAD-6256-4719-9315-15C66E64E882.png","width":240,"height":72,"caption":"OrthoPara"},"image":{"@id":"https:\/\/orthopara.store\/#\/schema\/logo\/image\/"},"sameAs":["https:\/\/www.facebook.com\/profile.php?id=61561194315651","https:\/\/www.instagram.com\/orthopara_tunisie\/"]}]}},"jetpack_sharing_enabled":true,"brands":[{"id":93,"name":"Beurer","slug":"beurer"}],"_links":{"self":[{"href":"https:\/\/orthopara.store\/index.php?rest_route=\/wp\/v2\/product\/2073","targetHints":{"allow":["GET"]}}],"collection":[{"href":"https:\/\/orthopara.store\/index.php?rest_route=\/wp\/v2\/product"}],"about":[{"href":"https:\/\/orthopara.store\/index.php?rest_route=\/wp\/v2\/types\/product"}],"replies":[{"embeddable":true,"href":"https:\/\/orthopara.store\/index.php?rest_route=%2Fwp%2Fv2%2Fcomments&post=2073"}],"wp:featuredmedia":[{"embeddable":true,"href":"https:\/\/orthopara.store\/index.php?rest_route=\/wp\/v2\/media\/2091"}],"wp:attachment":[{"href":"https:\/\/orthopara.store\/index.php?rest_route=%2Fwp%2Fv2%2Fmedia&parent=2073"}],"wp:term":[{"taxonomy":"pwb-brand","embeddable":true,"href":"https:\/\/orthopara.store\/index.php?rest_route=%2Fwp%2Fv2%2Fpwb-brand&post=2073"},{"taxonomy":"product_cat","embeddable":true,"href":"https:\/\/orthopara.store\/index.php?rest_route=%2Fwp%2Fv2%2Fproduct_cat&post=2073"},{"taxonomy":"product_tag","embeddable":true,"href":"https:\/\/orthopara.store\/index.php?rest_route=%2Fwp%2Fv2%2Fproduct_tag&post=2073"}],"curies":[{"name":"wp","href":"https:\/\/api.w.org\/{rel}","templated":true}]}}