{"id":2074,"date":"2024-06-28T15:56:47","date_gmt":"2024-06-28T13:56:47","guid":{"rendered":"https:\/\/orthopara.store\/?post_type=product&#038;p=2074"},"modified":"2024-06-28T15:56:53","modified_gmt":"2024-06-28T13:56:53","slug":"pese-personne-electrique-soehnle-style-sense-compact-200-capacite-180kg","status":"publish","type":"product","link":"https:\/\/orthopara.store\/?product=pese-personne-electrique-soehnle-style-sense-compact-200-capacite-180kg","title":{"rendered":"P\u00e8se personne \u00e9lectrique &#8211; Soehnle &#8211; style sense compact 200 &#8211; capacit\u00e9 180kg"},"content":{"rendered":"<p>P\u00e8se personne \u00e9lectrique &#8211; Soehnle &#8211; style sense compact 200<br \/>\nLa balance digitale antid\u00e9rapante supportant jusqu\u2019\u00e0 180 kg<br \/>\nPesez-vous en toute pr\u00e9cision avec le p\u00e8se-personne num\u00e9rique Style Sense Compact 200 de Soehnle.\u00a0 Particuli\u00e8rement stables gr\u00e2ce \u00e0 ses pieds antid\u00e9rapantes. La lecture du r\u00e9sultat de la pes\u00e9e est facilit\u00e9e gr\u00e2ce \u00e0 l\u2019\u00e9cran LCD d\u2019une hauteur de 2,5 cm. La fonction Marche \/ Arr\u00eat automatique permet d\u2019allumer et d\u2019\u00e9teindre l\u2019appareil m\u00e9nager afin d\u2019\u00e9conomiser sa batterie. Le p\u00e8se-personne qui supporte jusqu\u2019\u00e0 180 kg fonctionne avec 1 pile :CR2032 fournie. De plus, l\u2019unit\u00e9 de masse peut \u00eatre chang\u00e9e si besoin, la balance pouvant fonctionner en kg, lb ou st.<br \/>\nEt aussi aux plus petits ont \u00e9t\u00e9 pens\u00e9s : Le compartiment \u00e0 piles est vissable et donc particuli\u00e8rement s\u00fbr pour les enfants. Avec son design \u00e9l\u00e9gant en blanc \u00e9l\u00e9gant, cette balance fait toujours bonne figure dans la salle de bain.<\/p>\n","protected":false},"excerpt":{"rendered":"<p>Soehnle<br \/>\nP\u00e8se personne \u00e9lectrique &#8211; style Sense Compact 200<\/p>\n<p>balance salle de bain avec surface antid\u00e9rapante<\/p>\n<p>Affichage LCD bien lisible (2.5cm)<\/p>\n<p>Forme extra plate (18mm)<\/p>\n<p>Port\u00e9 tr\u00e8s \u00e9lev\u00e9 jusqu&rsquo;\u00e0 180kg (graduation par 10g)<\/p>\n<p>Fonction marche\/arr\u00eat automatique sans effleurement pr\u00e9alable\u00a0<\/p>\n<p>Pr\u00eat \u00e0 l&#8217;emploi : piles incluses (autonomie : plus de 2 ans en utilisation quotidienne)\u00a0<\/p>\n<p>compartiment des piles viss\u00e9 non accessible aux enfants\u00a0<\/p>\n<p>Couleur : blanc\u00a0<br \/>\nDesign : extra plat\u00a0<br \/>\nMat\u00e9riaux : verre de qualit\u00e9 sup\u00e9rieure\u00a0<\/p>\n","protected":false},"featured_media":2092,"comment_status":"open","ping_status":"closed","template":"","meta":[],"pwb-brand":[258],"product_cat":[254],"product_tag":[],"class_list":{"0":"post-2074","1":"product","2":"type-product","3":"status-publish","4":"has-post-thumbnail","6":"pwb-brand-soehnle","7":"product_cat-peses-personnes","8":"post","9":"ws-product--style-1","11":"first","12":"instock","13":"shipping-taxable","14":"purchasable","15":"product-type-simple"},"yoast_head":"<!-- This site is optimized with the Yoast SEO plugin v23.0 - https:\/\/yoast.com\/wordpress\/plugins\/seo\/ -->\n<title>P\u00e8se personne \u00e9lectrique - Soehnle - style sense compact 200 - capacit\u00e9 180kg - OrthoPara<\/title>\n<meta name=\"robots\" content=\"index, follow, max-snippet:-1, max-image-preview:large, max-video-preview:-1\" \/>\n<link rel=\"canonical\" href=\"https:\/\/orthopara.store\/index.php\/produit\/pese-personne-electrique-soehnle-style-sense-compact-200-capacite-180kg\/\" \/>\n<meta property=\"og:locale\" content=\"fr_FR\" \/>\n<meta property=\"og:type\" content=\"article\" \/>\n<meta property=\"og:title\" content=\"P\u00e8se personne \u00e9lectrique - Soehnle - style sense compact 200 - capacit\u00e9 180kg - OrthoPara\" \/>\n<meta property=\"og:description\" content=\"Soehnle P\u00e8se personne \u00e9lectrique - style Sense Compact 200 balance salle de bain avec surface antid\u00e9rapante Affichage LCD bien lisible (2.5cm) Forme extra plate (18mm) Port\u00e9 tr\u00e8s \u00e9lev\u00e9 jusqu&#039;\u00e0 180kg (graduation par 10g) Fonction marche\/arr\u00eat automatique sans effleurement pr\u00e9alable\u00a0 Pr\u00eat \u00e0 l&#039;emploi : piles incluses (autonomie : plus de 2 ans en utilisation quotidienne)\u00a0 compartiment des piles viss\u00e9 non accessible aux enfants\u00a0 Couleur : blanc\u00a0 Design : extra plat\u00a0 Mat\u00e9riaux : verre de qualit\u00e9 sup\u00e9rieure\u00a0\" \/>\n<meta property=\"og:url\" content=\"https:\/\/orthopara.store\/index.php\/produit\/pese-personne-electrique-soehnle-style-sense-compact-200-capacite-180kg\/\" \/>\n<meta property=\"og:site_name\" content=\"OrthoPara\" \/>\n<meta property=\"article:publisher\" content=\"https:\/\/www.facebook.com\/profile.php?id=61561194315651\" \/>\n<meta property=\"article:modified_time\" content=\"2024-06-28T13:56:53+00:00\" \/>\n<meta property=\"og:image\" content=\"https:\/\/orthopara.store\/wp-content\/uploads\/2024\/06\/pese-personne-electrique-soehnle-style-sense-compact-200-capacite-180kg.jpg\" \/>\n\t<meta property=\"og:image:width\" content=\"800\" \/>\n\t<meta property=\"og:image:height\" content=\"800\" \/>\n\t<meta property=\"og:image:type\" content=\"image\/jpeg\" \/>\n<meta name=\"twitter:card\" content=\"summary_large_image\" \/>\n<meta name=\"twitter:label1\" content=\"Dur\u00e9e de lecture estim\u00e9e\" \/>\n\t<meta name=\"twitter:data1\" content=\"1 minute\" \/>\n<script type=\"application\/ld+json\" class=\"yoast-schema-graph\">{\"@context\":\"https:\/\/schema.org\",\"@graph\":[{\"@type\":\"WebPage\",\"@id\":\"https:\/\/orthopara.store\/index.php\/produit\/pese-personne-electrique-soehnle-style-sense-compact-200-capacite-180kg\/\",\"url\":\"https:\/\/orthopara.store\/index.php\/produit\/pese-personne-electrique-soehnle-style-sense-compact-200-capacite-180kg\/\",\"name\":\"P\u00e8se personne \u00e9lectrique - Soehnle - style sense compact 200 - capacit\u00e9 180kg - OrthoPara\",\"isPartOf\":{\"@id\":\"https:\/\/orthopara.store\/#website\"},\"primaryImageOfPage\":{\"@id\":\"https:\/\/orthopara.store\/index.php\/produit\/pese-personne-electrique-soehnle-style-sense-compact-200-capacite-180kg\/#primaryimage\"},\"image\":{\"@id\":\"https:\/\/orthopara.store\/index.php\/produit\/pese-personne-electrique-soehnle-style-sense-compact-200-capacite-180kg\/#primaryimage\"},\"thumbnailUrl\":\"https:\/\/orthopara.store\/wp-content\/uploads\/2024\/06\/pese-personne-electrique-soehnle-style-sense-compact-200-capacite-180kg.jpg\",\"datePublished\":\"2024-06-28T13:56:47+00:00\",\"dateModified\":\"2024-06-28T13:56:53+00:00\",\"breadcrumb\":{\"@id\":\"https:\/\/orthopara.store\/index.php\/produit\/pese-personne-electrique-soehnle-style-sense-compact-200-capacite-180kg\/#breadcrumb\"},\"inLanguage\":\"fr-FR\",\"potentialAction\":[{\"@type\":\"ReadAction\",\"target\":[\"https:\/\/orthopara.store\/index.php\/produit\/pese-personne-electrique-soehnle-style-sense-compact-200-capacite-180kg\/\"]}]},{\"@type\":\"ImageObject\",\"inLanguage\":\"fr-FR\",\"@id\":\"https:\/\/orthopara.store\/index.php\/produit\/pese-personne-electrique-soehnle-style-sense-compact-200-capacite-180kg\/#primaryimage\",\"url\":\"https:\/\/orthopara.store\/wp-content\/uploads\/2024\/06\/pese-personne-electrique-soehnle-style-sense-compact-200-capacite-180kg.jpg\",\"contentUrl\":\"https:\/\/orthopara.store\/wp-content\/uploads\/2024\/06\/pese-personne-electrique-soehnle-style-sense-compact-200-capacite-180kg.jpg\",\"width\":800,\"height\":800},{\"@type\":\"BreadcrumbList\",\"@id\":\"https:\/\/orthopara.store\/index.php\/produit\/pese-personne-electrique-soehnle-style-sense-compact-200-capacite-180kg\/#breadcrumb\",\"itemListElement\":[{\"@type\":\"ListItem\",\"position\":1,\"name\":\"Accueil\",\"item\":\"https:\/\/orthopara.store\/\"},{\"@type\":\"ListItem\",\"position\":2,\"name\":\"Shop\",\"item\":\"https:\/\/orthopara.store\/?page_id=622\"},{\"@type\":\"ListItem\",\"position\":3,\"name\":\"P\u00e8se personne \u00e9lectrique &#8211; Soehnle &#8211; style sense compact 200 &#8211; capacit\u00e9 180kg\"}]},{\"@type\":\"WebSite\",\"@id\":\"https:\/\/orthopara.store\/#website\",\"url\":\"https:\/\/orthopara.store\/\",\"name\":\"OrthoPara\",\"description\":\"Parapharmacie\",\"publisher\":{\"@id\":\"https:\/\/orthopara.store\/#organization\"},\"potentialAction\":[{\"@type\":\"SearchAction\",\"target\":{\"@type\":\"EntryPoint\",\"urlTemplate\":\"https:\/\/orthopara.store\/?s={search_term_string}\"},\"query-input\":\"required name=search_term_string\"}],\"inLanguage\":\"fr-FR\"},{\"@type\":\"Organization\",\"@id\":\"https:\/\/orthopara.store\/#organization\",\"name\":\"OrthoPara\",\"url\":\"https:\/\/orthopara.store\/\",\"logo\":{\"@type\":\"ImageObject\",\"inLanguage\":\"fr-FR\",\"@id\":\"https:\/\/orthopara.store\/#\/schema\/logo\/image\/\",\"url\":\"https:\/\/orthopara.store\/wp-content\/uploads\/2024\/06\/cropped-9ABA8BAD-6256-4719-9315-15C66E64E882.png\",\"contentUrl\":\"https:\/\/orthopara.store\/wp-content\/uploads\/2024\/06\/cropped-9ABA8BAD-6256-4719-9315-15C66E64E882.png\",\"width\":240,\"height\":72,\"caption\":\"OrthoPara\"},\"image\":{\"@id\":\"https:\/\/orthopara.store\/#\/schema\/logo\/image\/\"},\"sameAs\":[\"https:\/\/www.facebook.com\/profile.php?id=61561194315651\",\"https:\/\/www.instagram.com\/orthopara_tunisie\/\"]}]}<\/script>\n<!-- \/ Yoast SEO plugin. -->","yoast_head_json":{"title":"P\u00e8se personne \u00e9lectrique - Soehnle - style sense compact 200 - capacit\u00e9 180kg - OrthoPara","robots":{"index":"index","follow":"follow","max-snippet":"max-snippet:-1","max-image-preview":"max-image-preview:large","max-video-preview":"max-video-preview:-1"},"canonical":"https:\/\/orthopara.store\/index.php\/produit\/pese-personne-electrique-soehnle-style-sense-compact-200-capacite-180kg\/","og_locale":"fr_FR","og_type":"article","og_title":"P\u00e8se personne \u00e9lectrique - Soehnle - style sense compact 200 - capacit\u00e9 180kg - OrthoPara","og_description":"Soehnle P\u00e8se personne \u00e9lectrique - style Sense Compact 200 balance salle de bain avec surface antid\u00e9rapante Affichage LCD bien lisible (2.5cm) Forme extra plate (18mm) Port\u00e9 tr\u00e8s \u00e9lev\u00e9 jusqu'\u00e0 180kg (graduation par 10g) Fonction marche\/arr\u00eat automatique sans effleurement pr\u00e9alable\u00a0 Pr\u00eat \u00e0 l'emploi : piles incluses (autonomie : plus de 2 ans en utilisation quotidienne)\u00a0 compartiment des piles viss\u00e9 non accessible aux enfants\u00a0 Couleur : blanc\u00a0 Design : extra plat\u00a0 Mat\u00e9riaux : verre de qualit\u00e9 sup\u00e9rieure\u00a0","og_url":"https:\/\/orthopara.store\/index.php\/produit\/pese-personne-electrique-soehnle-style-sense-compact-200-capacite-180kg\/","og_site_name":"OrthoPara","article_publisher":"https:\/\/www.facebook.com\/profile.php?id=61561194315651","article_modified_time":"2024-06-28T13:56:53+00:00","og_image":[{"width":800,"height":800,"url":"https:\/\/orthopara.store\/wp-content\/uploads\/2024\/06\/pese-personne-electrique-soehnle-style-sense-compact-200-capacite-180kg.jpg","type":"image\/jpeg"}],"twitter_card":"summary_large_image","twitter_misc":{"Dur\u00e9e de lecture estim\u00e9e":"1 minute"},"schema":{"@context":"https:\/\/schema.org","@graph":[{"@type":"WebPage","@id":"https:\/\/orthopara.store\/index.php\/produit\/pese-personne-electrique-soehnle-style-sense-compact-200-capacite-180kg\/","url":"https:\/\/orthopara.store\/index.php\/produit\/pese-personne-electrique-soehnle-style-sense-compact-200-capacite-180kg\/","name":"P\u00e8se personne \u00e9lectrique - Soehnle - style sense compact 200 - capacit\u00e9 180kg - OrthoPara","isPartOf":{"@id":"https:\/\/orthopara.store\/#website"},"primaryImageOfPage":{"@id":"https:\/\/orthopara.store\/index.php\/produit\/pese-personne-electrique-soehnle-style-sense-compact-200-capacite-180kg\/#primaryimage"},"image":{"@id":"https:\/\/orthopara.store\/index.php\/produit\/pese-personne-electrique-soehnle-style-sense-compact-200-capacite-180kg\/#primaryimage"},"thumbnailUrl":"https:\/\/orthopara.store\/wp-content\/uploads\/2024\/06\/pese-personne-electrique-soehnle-style-sense-compact-200-capacite-180kg.jpg","datePublished":"2024-06-28T13:56:47+00:00","dateModified":"2024-06-28T13:56:53+00:00","breadcrumb":{"@id":"https:\/\/orthopara.store\/index.php\/produit\/pese-personne-electrique-soehnle-style-sense-compact-200-capacite-180kg\/#breadcrumb"},"inLanguage":"fr-FR","potentialAction":[{"@type":"ReadAction","target":["https:\/\/orthopara.store\/index.php\/produit\/pese-personne-electrique-soehnle-style-sense-compact-200-capacite-180kg\/"]}]},{"@type":"ImageObject","inLanguage":"fr-FR","@id":"https:\/\/orthopara.store\/index.php\/produit\/pese-personne-electrique-soehnle-style-sense-compact-200-capacite-180kg\/#primaryimage","url":"https:\/\/orthopara.store\/wp-content\/uploads\/2024\/06\/pese-personne-electrique-soehnle-style-sense-compact-200-capacite-180kg.jpg","contentUrl":"https:\/\/orthopara.store\/wp-content\/uploads\/2024\/06\/pese-personne-electrique-soehnle-style-sense-compact-200-capacite-180kg.jpg","width":800,"height":800},{"@type":"BreadcrumbList","@id":"https:\/\/orthopara.store\/index.php\/produit\/pese-personne-electrique-soehnle-style-sense-compact-200-capacite-180kg\/#breadcrumb","itemListElement":[{"@type":"ListItem","position":1,"name":"Accueil","item":"https:\/\/orthopara.store\/"},{"@type":"ListItem","position":2,"name":"Shop","item":"https:\/\/orthopara.store\/?page_id=622"},{"@type":"ListItem","position":3,"name":"P\u00e8se personne \u00e9lectrique &#8211; Soehnle &#8211; style sense compact 200 &#8211; capacit\u00e9 180kg"}]},{"@type":"WebSite","@id":"https:\/\/orthopara.store\/#website","url":"https:\/\/orthopara.store\/","name":"OrthoPara","description":"Parapharmacie","publisher":{"@id":"https:\/\/orthopara.store\/#organization"},"potentialAction":[{"@type":"SearchAction","target":{"@type":"EntryPoint","urlTemplate":"https:\/\/orthopara.store\/?s={search_term_string}"},"query-input":"required name=search_term_string"}],"inLanguage":"fr-FR"},{"@type":"Organization","@id":"https:\/\/orthopara.store\/#organization","name":"OrthoPara","url":"https:\/\/orthopara.store\/","logo":{"@type":"ImageObject","inLanguage":"fr-FR","@id":"https:\/\/orthopara.store\/#\/schema\/logo\/image\/","url":"https:\/\/orthopara.store\/wp-content\/uploads\/2024\/06\/cropped-9ABA8BAD-6256-4719-9315-15C66E64E882.png","contentUrl":"https:\/\/orthopara.store\/wp-content\/uploads\/2024\/06\/cropped-9ABA8BAD-6256-4719-9315-15C66E64E882.png","width":240,"height":72,"caption":"OrthoPara"},"image":{"@id":"https:\/\/orthopara.store\/#\/schema\/logo\/image\/"},"sameAs":["https:\/\/www.facebook.com\/profile.php?id=61561194315651","https:\/\/www.instagram.com\/orthopara_tunisie\/"]}]}},"jetpack_sharing_enabled":true,"brands":[{"id":258,"name":"Soehnle","slug":"soehnle"}],"_links":{"self":[{"href":"https:\/\/orthopara.store\/index.php?rest_route=\/wp\/v2\/product\/2074","targetHints":{"allow":["GET"]}}],"collection":[{"href":"https:\/\/orthopara.store\/index.php?rest_route=\/wp\/v2\/product"}],"about":[{"href":"https:\/\/orthopara.store\/index.php?rest_route=\/wp\/v2\/types\/product"}],"replies":[{"embeddable":true,"href":"https:\/\/orthopara.store\/index.php?rest_route=%2Fwp%2Fv2%2Fcomments&post=2074"}],"wp:featuredmedia":[{"embeddable":true,"href":"https:\/\/orthopara.store\/index.php?rest_route=\/wp\/v2\/media\/2092"}],"wp:attachment":[{"href":"https:\/\/orthopara.store\/index.php?rest_route=%2Fwp%2Fv2%2Fmedia&parent=2074"}],"wp:term":[{"taxonomy":"pwb-brand","embeddable":true,"href":"https:\/\/orthopara.store\/index.php?rest_route=%2Fwp%2Fv2%2Fpwb-brand&post=2074"},{"taxonomy":"product_cat","embeddable":true,"href":"https:\/\/orthopara.store\/index.php?rest_route=%2Fwp%2Fv2%2Fproduct_cat&post=2074"},{"taxonomy":"product_tag","embeddable":true,"href":"https:\/\/orthopara.store\/index.php?rest_route=%2Fwp%2Fv2%2Fproduct_tag&post=2074"}],"curies":[{"name":"wp","href":"https:\/\/api.w.org\/{rel}","templated":true}]}}