{"id":2077,"date":"2024-06-28T15:56:48","date_gmt":"2024-06-28T13:56:48","guid":{"rendered":"https:\/\/orthopara.store\/?post_type=product&#038;p=2077"},"modified":"2024-06-28T15:56:55","modified_gmt":"2024-06-28T13:56:55","slug":"pese-personne-en-verre-beurer-gs10","status":"publish","type":"product","link":"https:\/\/orthopara.store\/?product=pese-personne-en-verre-beurer-gs10","title":{"rendered":"P\u00e8se personne en verre &#8211; Beurer &#8211; GS10"},"content":{"rendered":"<p>P\u00e8se personne en verre &#8211; Beurer &#8211; GS10<br \/>\nUltra-plate avec une hauteur de seulement 19 mm, le p\u00e8se-personne en verre GS 10 est particuli\u00e8rement facile \u00e0 ranger &#8211; le<br \/>\ncompagnon id\u00e9al pour les petites salles de bain.<br \/>\nAffichage LCD bien lisible<br \/>\nUltra-plat : seulement 1,9 cm<br \/>\nM\u00e9canisme de mise en marche : Quick Start<br \/>\nArr\u00eat automatique, affichage en cas de surcharge<br \/>\nCapacit\u00e9 de charge : 180 kg<\/p>\n","protected":false},"excerpt":{"rendered":"<p>Beurer\u00a0<br \/>\nP\u00e8se personne en verre GS10 &#8211; Taille des chiffres : 26 mm &#8211; Plat, \u00e0 peine 19 mm de haut &#8211; S\u00e9lecteur kg\/lb\/st &#8211; Capacit\u00e9 de charge 180 kg &#8211; 100 g Graduation &#8211; Affichage en cas de surcharge &#8211; D\u00e9marrage et arr\u00eat automatiques &#8211; Dimensions: 30 x 30 x 1.9 cm &#8211; Garantie 1 an<\/p>\n","protected":false},"featured_media":2095,"comment_status":"open","ping_status":"closed","template":"","meta":[],"pwb-brand":[93],"product_cat":[254],"product_tag":[],"class_list":{"0":"post-2077","1":"product","2":"type-product","3":"status-publish","4":"has-post-thumbnail","6":"pwb-brand-beurer","7":"product_cat-peses-personnes","8":"post","9":"ws-product--style-1","11":"first","12":"instock","13":"shipping-taxable","14":"purchasable","15":"product-type-simple"},"yoast_head":"<!-- This site is optimized with the Yoast SEO plugin v23.0 - https:\/\/yoast.com\/wordpress\/plugins\/seo\/ -->\n<title>P\u00e8se personne en verre - Beurer - GS10 - OrthoPara<\/title>\n<meta name=\"robots\" content=\"index, follow, max-snippet:-1, max-image-preview:large, max-video-preview:-1\" \/>\n<link rel=\"canonical\" href=\"https:\/\/orthopara.store\/index.php\/produit\/pese-personne-en-verre-beurer-gs10\/\" \/>\n<meta property=\"og:locale\" content=\"fr_FR\" \/>\n<meta property=\"og:type\" content=\"article\" \/>\n<meta property=\"og:title\" content=\"P\u00e8se personne en verre - Beurer - GS10 - OrthoPara\" \/>\n<meta property=\"og:description\" content=\"Beurer\u00a0 P\u00e8se personne en verre GS10 - Taille des chiffres : 26 mm - Plat, \u00e0 peine 19 mm de haut - S\u00e9lecteur kg\/lb\/st - Capacit\u00e9 de charge 180 kg - 100 g Graduation - Affichage en cas de surcharge - D\u00e9marrage et arr\u00eat automatiques - Dimensions: 30 x 30 x 1.9 cm - Garantie 1 an\" \/>\n<meta property=\"og:url\" content=\"https:\/\/orthopara.store\/index.php\/produit\/pese-personne-en-verre-beurer-gs10\/\" \/>\n<meta property=\"og:site_name\" content=\"OrthoPara\" \/>\n<meta property=\"article:publisher\" content=\"https:\/\/www.facebook.com\/profile.php?id=61561194315651\" \/>\n<meta property=\"article:modified_time\" content=\"2024-06-28T13:56:55+00:00\" \/>\n<meta property=\"og:image\" content=\"https:\/\/orthopara.store\/wp-content\/uploads\/2024\/06\/pese-personne-en-verre-beurer-gs10.jpg\" \/>\n\t<meta property=\"og:image:width\" content=\"800\" \/>\n\t<meta property=\"og:image:height\" content=\"800\" \/>\n\t<meta property=\"og:image:type\" content=\"image\/jpeg\" \/>\n<meta name=\"twitter:card\" content=\"summary_large_image\" \/>\n<script type=\"application\/ld+json\" class=\"yoast-schema-graph\">{\"@context\":\"https:\/\/schema.org\",\"@graph\":[{\"@type\":\"WebPage\",\"@id\":\"https:\/\/orthopara.store\/index.php\/produit\/pese-personne-en-verre-beurer-gs10\/\",\"url\":\"https:\/\/orthopara.store\/index.php\/produit\/pese-personne-en-verre-beurer-gs10\/\",\"name\":\"P\u00e8se personne en verre - Beurer - GS10 - OrthoPara\",\"isPartOf\":{\"@id\":\"https:\/\/orthopara.store\/#website\"},\"primaryImageOfPage\":{\"@id\":\"https:\/\/orthopara.store\/index.php\/produit\/pese-personne-en-verre-beurer-gs10\/#primaryimage\"},\"image\":{\"@id\":\"https:\/\/orthopara.store\/index.php\/produit\/pese-personne-en-verre-beurer-gs10\/#primaryimage\"},\"thumbnailUrl\":\"https:\/\/orthopara.store\/wp-content\/uploads\/2024\/06\/pese-personne-en-verre-beurer-gs10.jpg\",\"datePublished\":\"2024-06-28T13:56:48+00:00\",\"dateModified\":\"2024-06-28T13:56:55+00:00\",\"breadcrumb\":{\"@id\":\"https:\/\/orthopara.store\/index.php\/produit\/pese-personne-en-verre-beurer-gs10\/#breadcrumb\"},\"inLanguage\":\"fr-FR\",\"potentialAction\":[{\"@type\":\"ReadAction\",\"target\":[\"https:\/\/orthopara.store\/index.php\/produit\/pese-personne-en-verre-beurer-gs10\/\"]}]},{\"@type\":\"ImageObject\",\"inLanguage\":\"fr-FR\",\"@id\":\"https:\/\/orthopara.store\/index.php\/produit\/pese-personne-en-verre-beurer-gs10\/#primaryimage\",\"url\":\"https:\/\/orthopara.store\/wp-content\/uploads\/2024\/06\/pese-personne-en-verre-beurer-gs10.jpg\",\"contentUrl\":\"https:\/\/orthopara.store\/wp-content\/uploads\/2024\/06\/pese-personne-en-verre-beurer-gs10.jpg\",\"width\":800,\"height\":800},{\"@type\":\"BreadcrumbList\",\"@id\":\"https:\/\/orthopara.store\/index.php\/produit\/pese-personne-en-verre-beurer-gs10\/#breadcrumb\",\"itemListElement\":[{\"@type\":\"ListItem\",\"position\":1,\"name\":\"Accueil\",\"item\":\"https:\/\/orthopara.store\/\"},{\"@type\":\"ListItem\",\"position\":2,\"name\":\"Shop\",\"item\":\"https:\/\/orthopara.store\/?page_id=622\"},{\"@type\":\"ListItem\",\"position\":3,\"name\":\"P\u00e8se personne en verre &#8211; Beurer &#8211; GS10\"}]},{\"@type\":\"WebSite\",\"@id\":\"https:\/\/orthopara.store\/#website\",\"url\":\"https:\/\/orthopara.store\/\",\"name\":\"OrthoPara\",\"description\":\"Parapharmacie\",\"publisher\":{\"@id\":\"https:\/\/orthopara.store\/#organization\"},\"potentialAction\":[{\"@type\":\"SearchAction\",\"target\":{\"@type\":\"EntryPoint\",\"urlTemplate\":\"https:\/\/orthopara.store\/?s={search_term_string}\"},\"query-input\":\"required name=search_term_string\"}],\"inLanguage\":\"fr-FR\"},{\"@type\":\"Organization\",\"@id\":\"https:\/\/orthopara.store\/#organization\",\"name\":\"OrthoPara\",\"url\":\"https:\/\/orthopara.store\/\",\"logo\":{\"@type\":\"ImageObject\",\"inLanguage\":\"fr-FR\",\"@id\":\"https:\/\/orthopara.store\/#\/schema\/logo\/image\/\",\"url\":\"https:\/\/orthopara.store\/wp-content\/uploads\/2024\/06\/cropped-9ABA8BAD-6256-4719-9315-15C66E64E882.png\",\"contentUrl\":\"https:\/\/orthopara.store\/wp-content\/uploads\/2024\/06\/cropped-9ABA8BAD-6256-4719-9315-15C66E64E882.png\",\"width\":240,\"height\":72,\"caption\":\"OrthoPara\"},\"image\":{\"@id\":\"https:\/\/orthopara.store\/#\/schema\/logo\/image\/\"},\"sameAs\":[\"https:\/\/www.facebook.com\/profile.php?id=61561194315651\",\"https:\/\/www.instagram.com\/orthopara_tunisie\/\"]}]}<\/script>\n<!-- \/ Yoast SEO plugin. -->","yoast_head_json":{"title":"P\u00e8se personne en verre - Beurer - GS10 - OrthoPara","robots":{"index":"index","follow":"follow","max-snippet":"max-snippet:-1","max-image-preview":"max-image-preview:large","max-video-preview":"max-video-preview:-1"},"canonical":"https:\/\/orthopara.store\/index.php\/produit\/pese-personne-en-verre-beurer-gs10\/","og_locale":"fr_FR","og_type":"article","og_title":"P\u00e8se personne en verre - Beurer - GS10 - OrthoPara","og_description":"Beurer\u00a0 P\u00e8se personne en verre GS10 - Taille des chiffres : 26 mm - Plat, \u00e0 peine 19 mm de haut - S\u00e9lecteur kg\/lb\/st - Capacit\u00e9 de charge 180 kg - 100 g Graduation - Affichage en cas de surcharge - D\u00e9marrage et arr\u00eat automatiques - Dimensions: 30 x 30 x 1.9 cm - Garantie 1 an","og_url":"https:\/\/orthopara.store\/index.php\/produit\/pese-personne-en-verre-beurer-gs10\/","og_site_name":"OrthoPara","article_publisher":"https:\/\/www.facebook.com\/profile.php?id=61561194315651","article_modified_time":"2024-06-28T13:56:55+00:00","og_image":[{"width":800,"height":800,"url":"https:\/\/orthopara.store\/wp-content\/uploads\/2024\/06\/pese-personne-en-verre-beurer-gs10.jpg","type":"image\/jpeg"}],"twitter_card":"summary_large_image","schema":{"@context":"https:\/\/schema.org","@graph":[{"@type":"WebPage","@id":"https:\/\/orthopara.store\/index.php\/produit\/pese-personne-en-verre-beurer-gs10\/","url":"https:\/\/orthopara.store\/index.php\/produit\/pese-personne-en-verre-beurer-gs10\/","name":"P\u00e8se personne en verre - Beurer - GS10 - OrthoPara","isPartOf":{"@id":"https:\/\/orthopara.store\/#website"},"primaryImageOfPage":{"@id":"https:\/\/orthopara.store\/index.php\/produit\/pese-personne-en-verre-beurer-gs10\/#primaryimage"},"image":{"@id":"https:\/\/orthopara.store\/index.php\/produit\/pese-personne-en-verre-beurer-gs10\/#primaryimage"},"thumbnailUrl":"https:\/\/orthopara.store\/wp-content\/uploads\/2024\/06\/pese-personne-en-verre-beurer-gs10.jpg","datePublished":"2024-06-28T13:56:48+00:00","dateModified":"2024-06-28T13:56:55+00:00","breadcrumb":{"@id":"https:\/\/orthopara.store\/index.php\/produit\/pese-personne-en-verre-beurer-gs10\/#breadcrumb"},"inLanguage":"fr-FR","potentialAction":[{"@type":"ReadAction","target":["https:\/\/orthopara.store\/index.php\/produit\/pese-personne-en-verre-beurer-gs10\/"]}]},{"@type":"ImageObject","inLanguage":"fr-FR","@id":"https:\/\/orthopara.store\/index.php\/produit\/pese-personne-en-verre-beurer-gs10\/#primaryimage","url":"https:\/\/orthopara.store\/wp-content\/uploads\/2024\/06\/pese-personne-en-verre-beurer-gs10.jpg","contentUrl":"https:\/\/orthopara.store\/wp-content\/uploads\/2024\/06\/pese-personne-en-verre-beurer-gs10.jpg","width":800,"height":800},{"@type":"BreadcrumbList","@id":"https:\/\/orthopara.store\/index.php\/produit\/pese-personne-en-verre-beurer-gs10\/#breadcrumb","itemListElement":[{"@type":"ListItem","position":1,"name":"Accueil","item":"https:\/\/orthopara.store\/"},{"@type":"ListItem","position":2,"name":"Shop","item":"https:\/\/orthopara.store\/?page_id=622"},{"@type":"ListItem","position":3,"name":"P\u00e8se personne en verre &#8211; Beurer &#8211; GS10"}]},{"@type":"WebSite","@id":"https:\/\/orthopara.store\/#website","url":"https:\/\/orthopara.store\/","name":"OrthoPara","description":"Parapharmacie","publisher":{"@id":"https:\/\/orthopara.store\/#organization"},"potentialAction":[{"@type":"SearchAction","target":{"@type":"EntryPoint","urlTemplate":"https:\/\/orthopara.store\/?s={search_term_string}"},"query-input":"required name=search_term_string"}],"inLanguage":"fr-FR"},{"@type":"Organization","@id":"https:\/\/orthopara.store\/#organization","name":"OrthoPara","url":"https:\/\/orthopara.store\/","logo":{"@type":"ImageObject","inLanguage":"fr-FR","@id":"https:\/\/orthopara.store\/#\/schema\/logo\/image\/","url":"https:\/\/orthopara.store\/wp-content\/uploads\/2024\/06\/cropped-9ABA8BAD-6256-4719-9315-15C66E64E882.png","contentUrl":"https:\/\/orthopara.store\/wp-content\/uploads\/2024\/06\/cropped-9ABA8BAD-6256-4719-9315-15C66E64E882.png","width":240,"height":72,"caption":"OrthoPara"},"image":{"@id":"https:\/\/orthopara.store\/#\/schema\/logo\/image\/"},"sameAs":["https:\/\/www.facebook.com\/profile.php?id=61561194315651","https:\/\/www.instagram.com\/orthopara_tunisie\/"]}]}},"jetpack_sharing_enabled":true,"brands":[{"id":93,"name":"Beurer","slug":"beurer"}],"_links":{"self":[{"href":"https:\/\/orthopara.store\/index.php?rest_route=\/wp\/v2\/product\/2077","targetHints":{"allow":["GET"]}}],"collection":[{"href":"https:\/\/orthopara.store\/index.php?rest_route=\/wp\/v2\/product"}],"about":[{"href":"https:\/\/orthopara.store\/index.php?rest_route=\/wp\/v2\/types\/product"}],"replies":[{"embeddable":true,"href":"https:\/\/orthopara.store\/index.php?rest_route=%2Fwp%2Fv2%2Fcomments&post=2077"}],"wp:featuredmedia":[{"embeddable":true,"href":"https:\/\/orthopara.store\/index.php?rest_route=\/wp\/v2\/media\/2095"}],"wp:attachment":[{"href":"https:\/\/orthopara.store\/index.php?rest_route=%2Fwp%2Fv2%2Fmedia&parent=2077"}],"wp:term":[{"taxonomy":"pwb-brand","embeddable":true,"href":"https:\/\/orthopara.store\/index.php?rest_route=%2Fwp%2Fv2%2Fpwb-brand&post=2077"},{"taxonomy":"product_cat","embeddable":true,"href":"https:\/\/orthopara.store\/index.php?rest_route=%2Fwp%2Fv2%2Fproduct_cat&post=2077"},{"taxonomy":"product_tag","embeddable":true,"href":"https:\/\/orthopara.store\/index.php?rest_route=%2Fwp%2Fv2%2Fproduct_tag&post=2077"}],"curies":[{"name":"wp","href":"https:\/\/api.w.org\/{rel}","templated":true}]}}