{"id":2078,"date":"2024-06-28T15:56:48","date_gmt":"2024-06-28T13:56:48","guid":{"rendered":"https:\/\/orthopara.store\/?post_type=product&#038;p=2078"},"modified":"2024-06-28T15:56:55","modified_gmt":"2024-06-28T13:56:55","slug":"thermometre-digital-genial","status":"publish","type":"product","link":"https:\/\/orthopara.store\/?product=thermometre-digital-genial","title":{"rendered":"Thermom\u00e8tre digital &#8211; Genial"},"content":{"rendered":"<p>Thermom\u00e8tre digital &#8211; Genial<br \/>\nLes thermom\u00e8tres num\u00e9riques Genial offrent des lectures de temp\u00e9rature rapides, s\u00fbres et fiables. Un bip sonore signale la fin du processus de mesure une fois que les temp\u00e9ratures maximales sont atteintes. Une\u00a0 alarme de fi\u00e8vre automatique\u00a0 retentit lorsque la temp\u00e9rature atteint 37,5 \u2103\uff0899,5 \u2109\uff09 ou plus. La derni\u00e8re lecture mesur\u00e9e est automatiquement stock\u00e9e en m\u00e9moire, permettant aux utilisateurs de suivre facilement leurs niveaux de temp\u00e9rature. La fonction d&rsquo;arr\u00eat automatique pratique contribue \u00e0 prolonger la dur\u00e9e de vie de la batterie.<br \/>\nCaract\u00e9ristiques technique du produit :<br \/>\nPr\u00e9cision : \u00b10,1\u2103(\uff08\u00b10,2\u2109)<br \/>\nPointe rigide<br \/>\n\u00c9tanch\u00e9it\u00e9<br \/>\nM\u00e9moire de la derni\u00e8re lecture<br \/>\nAlarme de fi\u00e8vre \u25cf\u00a0 Indicateur de batterie faible\u00a0 \u25cf Arr\u00eat automatique \u25cf Batterie rempla\u00e7able \u25cf Con\u00e7u pour une utilisation orale et axillaire \u25cf Auto-test automatique<br \/>\nMode d&#8217;emploi :<br \/>\n1- Utilisation orale :<br \/>\nPlacez la pointe de la sonde sous la langue aussi pr\u00e8s que possible de la poche chauffante.<br \/>\n2- Utilisation axillaire :<br \/>\nEssuyez les aisselles avec une serviette s\u00e8che et placez la pointe de la sonde sous le bras de mani\u00e8re \u00e0 ce que la pointe touche la peau avec le thermom\u00e8tre perpendiculaire au corps.<br \/>\nPlacez le bras sur la poitrine de mani\u00e8re \u00e0 ce que la pointe de la sonde soit bien couverte par le bras.<\/p>\n","protected":false},"excerpt":{"rendered":"<p>Genial<br \/>\nLes thermom\u00e8tres num\u00e9riques Genial offrent des lectures de temp\u00e9rature rapides, s\u00fbres et fiables. Un bip sonore signale la fin du processus de mesure une fois que les temp\u00e9ratures maximales sont atteintes.<\/p>\n","protected":false},"featured_media":2096,"comment_status":"open","ping_status":"closed","template":"","meta":[],"pwb-brand":[259],"product_cat":[255],"product_tag":[],"class_list":{"0":"post-2078","1":"product","2":"type-product","3":"status-publish","4":"has-post-thumbnail","6":"pwb-brand-genial","7":"product_cat-thermometre","8":"post","9":"ws-product--style-1","11":"first","12":"instock","13":"shipping-taxable","14":"purchasable","15":"product-type-simple"},"yoast_head":"<!-- This site is optimized with the Yoast SEO plugin v23.0 - https:\/\/yoast.com\/wordpress\/plugins\/seo\/ -->\n<title>Thermom\u00e8tre digital - Genial - OrthoPara<\/title>\n<meta name=\"robots\" content=\"index, follow, max-snippet:-1, max-image-preview:large, max-video-preview:-1\" \/>\n<link rel=\"canonical\" href=\"https:\/\/orthopara.store\/index.php\/produit\/thermometre-digital-genial\/\" \/>\n<meta property=\"og:locale\" content=\"fr_FR\" \/>\n<meta property=\"og:type\" content=\"article\" \/>\n<meta property=\"og:title\" content=\"Thermom\u00e8tre digital - Genial - OrthoPara\" \/>\n<meta property=\"og:description\" content=\"Genial Les thermom\u00e8tres num\u00e9riques Genial offrent des lectures de temp\u00e9rature rapides, s\u00fbres et fiables. Un bip sonore signale la fin du processus de mesure une fois que les temp\u00e9ratures maximales sont atteintes.\" \/>\n<meta property=\"og:url\" content=\"https:\/\/orthopara.store\/index.php\/produit\/thermometre-digital-genial\/\" \/>\n<meta property=\"og:site_name\" content=\"OrthoPara\" \/>\n<meta property=\"article:publisher\" content=\"https:\/\/www.facebook.com\/profile.php?id=61561194315651\" \/>\n<meta property=\"article:modified_time\" content=\"2024-06-28T13:56:55+00:00\" \/>\n<meta property=\"og:image\" content=\"https:\/\/orthopara.store\/wp-content\/uploads\/2024\/06\/thermometre-digital-genial.jpg\" \/>\n\t<meta property=\"og:image:width\" content=\"800\" \/>\n\t<meta property=\"og:image:height\" content=\"800\" \/>\n\t<meta property=\"og:image:type\" content=\"image\/jpeg\" \/>\n<meta name=\"twitter:card\" content=\"summary_large_image\" \/>\n<meta name=\"twitter:label1\" content=\"Dur\u00e9e de lecture estim\u00e9e\" \/>\n\t<meta name=\"twitter:data1\" content=\"1 minute\" \/>\n<script type=\"application\/ld+json\" class=\"yoast-schema-graph\">{\"@context\":\"https:\/\/schema.org\",\"@graph\":[{\"@type\":\"WebPage\",\"@id\":\"https:\/\/orthopara.store\/index.php\/produit\/thermometre-digital-genial\/\",\"url\":\"https:\/\/orthopara.store\/index.php\/produit\/thermometre-digital-genial\/\",\"name\":\"Thermom\u00e8tre digital - Genial - OrthoPara\",\"isPartOf\":{\"@id\":\"https:\/\/orthopara.store\/#website\"},\"primaryImageOfPage\":{\"@id\":\"https:\/\/orthopara.store\/index.php\/produit\/thermometre-digital-genial\/#primaryimage\"},\"image\":{\"@id\":\"https:\/\/orthopara.store\/index.php\/produit\/thermometre-digital-genial\/#primaryimage\"},\"thumbnailUrl\":\"https:\/\/orthopara.store\/wp-content\/uploads\/2024\/06\/thermometre-digital-genial.jpg\",\"datePublished\":\"2024-06-28T13:56:48+00:00\",\"dateModified\":\"2024-06-28T13:56:55+00:00\",\"breadcrumb\":{\"@id\":\"https:\/\/orthopara.store\/index.php\/produit\/thermometre-digital-genial\/#breadcrumb\"},\"inLanguage\":\"fr-FR\",\"potentialAction\":[{\"@type\":\"ReadAction\",\"target\":[\"https:\/\/orthopara.store\/index.php\/produit\/thermometre-digital-genial\/\"]}]},{\"@type\":\"ImageObject\",\"inLanguage\":\"fr-FR\",\"@id\":\"https:\/\/orthopara.store\/index.php\/produit\/thermometre-digital-genial\/#primaryimage\",\"url\":\"https:\/\/orthopara.store\/wp-content\/uploads\/2024\/06\/thermometre-digital-genial.jpg\",\"contentUrl\":\"https:\/\/orthopara.store\/wp-content\/uploads\/2024\/06\/thermometre-digital-genial.jpg\",\"width\":800,\"height\":800},{\"@type\":\"BreadcrumbList\",\"@id\":\"https:\/\/orthopara.store\/index.php\/produit\/thermometre-digital-genial\/#breadcrumb\",\"itemListElement\":[{\"@type\":\"ListItem\",\"position\":1,\"name\":\"Accueil\",\"item\":\"https:\/\/orthopara.store\/\"},{\"@type\":\"ListItem\",\"position\":2,\"name\":\"Shop\",\"item\":\"https:\/\/orthopara.store\/?page_id=622\"},{\"@type\":\"ListItem\",\"position\":3,\"name\":\"Thermom\u00e8tre digital &#8211; Genial\"}]},{\"@type\":\"WebSite\",\"@id\":\"https:\/\/orthopara.store\/#website\",\"url\":\"https:\/\/orthopara.store\/\",\"name\":\"OrthoPara\",\"description\":\"Parapharmacie\",\"publisher\":{\"@id\":\"https:\/\/orthopara.store\/#organization\"},\"potentialAction\":[{\"@type\":\"SearchAction\",\"target\":{\"@type\":\"EntryPoint\",\"urlTemplate\":\"https:\/\/orthopara.store\/?s={search_term_string}\"},\"query-input\":\"required name=search_term_string\"}],\"inLanguage\":\"fr-FR\"},{\"@type\":\"Organization\",\"@id\":\"https:\/\/orthopara.store\/#organization\",\"name\":\"OrthoPara\",\"url\":\"https:\/\/orthopara.store\/\",\"logo\":{\"@type\":\"ImageObject\",\"inLanguage\":\"fr-FR\",\"@id\":\"https:\/\/orthopara.store\/#\/schema\/logo\/image\/\",\"url\":\"https:\/\/orthopara.store\/wp-content\/uploads\/2024\/06\/cropped-9ABA8BAD-6256-4719-9315-15C66E64E882.png\",\"contentUrl\":\"https:\/\/orthopara.store\/wp-content\/uploads\/2024\/06\/cropped-9ABA8BAD-6256-4719-9315-15C66E64E882.png\",\"width\":240,\"height\":72,\"caption\":\"OrthoPara\"},\"image\":{\"@id\":\"https:\/\/orthopara.store\/#\/schema\/logo\/image\/\"},\"sameAs\":[\"https:\/\/www.facebook.com\/profile.php?id=61561194315651\",\"https:\/\/www.instagram.com\/orthopara_tunisie\/\"]}]}<\/script>\n<!-- \/ Yoast SEO plugin. -->","yoast_head_json":{"title":"Thermom\u00e8tre digital - Genial - OrthoPara","robots":{"index":"index","follow":"follow","max-snippet":"max-snippet:-1","max-image-preview":"max-image-preview:large","max-video-preview":"max-video-preview:-1"},"canonical":"https:\/\/orthopara.store\/index.php\/produit\/thermometre-digital-genial\/","og_locale":"fr_FR","og_type":"article","og_title":"Thermom\u00e8tre digital - Genial - OrthoPara","og_description":"Genial Les thermom\u00e8tres num\u00e9riques Genial offrent des lectures de temp\u00e9rature rapides, s\u00fbres et fiables. Un bip sonore signale la fin du processus de mesure une fois que les temp\u00e9ratures maximales sont atteintes.","og_url":"https:\/\/orthopara.store\/index.php\/produit\/thermometre-digital-genial\/","og_site_name":"OrthoPara","article_publisher":"https:\/\/www.facebook.com\/profile.php?id=61561194315651","article_modified_time":"2024-06-28T13:56:55+00:00","og_image":[{"width":800,"height":800,"url":"https:\/\/orthopara.store\/wp-content\/uploads\/2024\/06\/thermometre-digital-genial.jpg","type":"image\/jpeg"}],"twitter_card":"summary_large_image","twitter_misc":{"Dur\u00e9e de lecture estim\u00e9e":"1 minute"},"schema":{"@context":"https:\/\/schema.org","@graph":[{"@type":"WebPage","@id":"https:\/\/orthopara.store\/index.php\/produit\/thermometre-digital-genial\/","url":"https:\/\/orthopara.store\/index.php\/produit\/thermometre-digital-genial\/","name":"Thermom\u00e8tre digital - Genial - OrthoPara","isPartOf":{"@id":"https:\/\/orthopara.store\/#website"},"primaryImageOfPage":{"@id":"https:\/\/orthopara.store\/index.php\/produit\/thermometre-digital-genial\/#primaryimage"},"image":{"@id":"https:\/\/orthopara.store\/index.php\/produit\/thermometre-digital-genial\/#primaryimage"},"thumbnailUrl":"https:\/\/orthopara.store\/wp-content\/uploads\/2024\/06\/thermometre-digital-genial.jpg","datePublished":"2024-06-28T13:56:48+00:00","dateModified":"2024-06-28T13:56:55+00:00","breadcrumb":{"@id":"https:\/\/orthopara.store\/index.php\/produit\/thermometre-digital-genial\/#breadcrumb"},"inLanguage":"fr-FR","potentialAction":[{"@type":"ReadAction","target":["https:\/\/orthopara.store\/index.php\/produit\/thermometre-digital-genial\/"]}]},{"@type":"ImageObject","inLanguage":"fr-FR","@id":"https:\/\/orthopara.store\/index.php\/produit\/thermometre-digital-genial\/#primaryimage","url":"https:\/\/orthopara.store\/wp-content\/uploads\/2024\/06\/thermometre-digital-genial.jpg","contentUrl":"https:\/\/orthopara.store\/wp-content\/uploads\/2024\/06\/thermometre-digital-genial.jpg","width":800,"height":800},{"@type":"BreadcrumbList","@id":"https:\/\/orthopara.store\/index.php\/produit\/thermometre-digital-genial\/#breadcrumb","itemListElement":[{"@type":"ListItem","position":1,"name":"Accueil","item":"https:\/\/orthopara.store\/"},{"@type":"ListItem","position":2,"name":"Shop","item":"https:\/\/orthopara.store\/?page_id=622"},{"@type":"ListItem","position":3,"name":"Thermom\u00e8tre digital &#8211; Genial"}]},{"@type":"WebSite","@id":"https:\/\/orthopara.store\/#website","url":"https:\/\/orthopara.store\/","name":"OrthoPara","description":"Parapharmacie","publisher":{"@id":"https:\/\/orthopara.store\/#organization"},"potentialAction":[{"@type":"SearchAction","target":{"@type":"EntryPoint","urlTemplate":"https:\/\/orthopara.store\/?s={search_term_string}"},"query-input":"required name=search_term_string"}],"inLanguage":"fr-FR"},{"@type":"Organization","@id":"https:\/\/orthopara.store\/#organization","name":"OrthoPara","url":"https:\/\/orthopara.store\/","logo":{"@type":"ImageObject","inLanguage":"fr-FR","@id":"https:\/\/orthopara.store\/#\/schema\/logo\/image\/","url":"https:\/\/orthopara.store\/wp-content\/uploads\/2024\/06\/cropped-9ABA8BAD-6256-4719-9315-15C66E64E882.png","contentUrl":"https:\/\/orthopara.store\/wp-content\/uploads\/2024\/06\/cropped-9ABA8BAD-6256-4719-9315-15C66E64E882.png","width":240,"height":72,"caption":"OrthoPara"},"image":{"@id":"https:\/\/orthopara.store\/#\/schema\/logo\/image\/"},"sameAs":["https:\/\/www.facebook.com\/profile.php?id=61561194315651","https:\/\/www.instagram.com\/orthopara_tunisie\/"]}]}},"jetpack_sharing_enabled":true,"brands":[{"id":259,"name":"Genial","slug":"genial"}],"_links":{"self":[{"href":"https:\/\/orthopara.store\/index.php?rest_route=\/wp\/v2\/product\/2078","targetHints":{"allow":["GET"]}}],"collection":[{"href":"https:\/\/orthopara.store\/index.php?rest_route=\/wp\/v2\/product"}],"about":[{"href":"https:\/\/orthopara.store\/index.php?rest_route=\/wp\/v2\/types\/product"}],"replies":[{"embeddable":true,"href":"https:\/\/orthopara.store\/index.php?rest_route=%2Fwp%2Fv2%2Fcomments&post=2078"}],"wp:featuredmedia":[{"embeddable":true,"href":"https:\/\/orthopara.store\/index.php?rest_route=\/wp\/v2\/media\/2096"}],"wp:attachment":[{"href":"https:\/\/orthopara.store\/index.php?rest_route=%2Fwp%2Fv2%2Fmedia&parent=2078"}],"wp:term":[{"taxonomy":"pwb-brand","embeddable":true,"href":"https:\/\/orthopara.store\/index.php?rest_route=%2Fwp%2Fv2%2Fpwb-brand&post=2078"},{"taxonomy":"product_cat","embeddable":true,"href":"https:\/\/orthopara.store\/index.php?rest_route=%2Fwp%2Fv2%2Fproduct_cat&post=2078"},{"taxonomy":"product_tag","embeddable":true,"href":"https:\/\/orthopara.store\/index.php?rest_route=%2Fwp%2Fv2%2Fproduct_tag&post=2078"}],"curies":[{"name":"wp","href":"https:\/\/api.w.org\/{rel}","templated":true}]}}