{"id":2080,"date":"2024-06-28T15:56:48","date_gmt":"2024-06-28T13:56:48","guid":{"rendered":"https:\/\/orthopara.store\/?post_type=product&#038;p=2080"},"modified":"2024-06-28T15:56:56","modified_gmt":"2024-06-28T13:56:56","slug":"thermometre-sans-contact-rossmax-ha500","status":"publish","type":"product","link":"https:\/\/orthopara.store\/?product=thermometre-sans-contact-rossmax-ha500","title":{"rendered":"Thermom\u00e8tre Sans Contact &#8211; Rossmax HA500"},"content":{"rendered":"<p>Thermom\u00e8tre Sans Contact &#8211; Rossmax HA500<br \/>\nCe thermom\u00e8tre a \u00e9t\u00e9 test\u00e9 cliniquement dans plusieurs h\u00f4pitaux et est bas\u00e9 sur le protocole de la norme r\u00e8glementaire ASTM E1965-98:2009 couvrant des \u00e9tats f\u00e9briles et des sujets \u00e0 la temp\u00e9rature corporelle normale avec une r\u00e9p\u00e9tabilit\u00e9 clinique satisfait suffisante et satisfaisante. La pr\u00e9cision de mesure comparable \u00e0 la voie orale et simultan\u00e9e.<br \/>\nCaract\u00e9ristiques du produit:<br \/>\nThermom\u00e8tre Temple Sans Contact ROSSMAX &#8211; Distance de prise de 5cm &#8211; Prise en 1 seconde &#8211; Temp\u00e9rature Temple &#8211; Temp\u00e9rature de l&rsquo;objet &#8211; Alarme de fi\u00e8vre &#8211; 9 m\u00e9moires &#8211; \u00b0 C \/ \u00b0 F commutable &#8211; R\u00e9tro-\u00e9clairage &#8211; Indicateur de batterie faible &#8211; Auto-diagnostic en cas de dysfonctionnement &#8211; Arr\u00eat automatique &#8211; Garantie: 2 ans<\/p>\n","protected":false},"excerpt":{"rendered":"<p>Rossmax HA500<br \/>\nThermom\u00e8tre Sans Contact\u00a0<\/p>\n<p>Distance de prise de 5cm (2 pouces)<br \/>\nPrise en 1 seconde<br \/>\nTemp\u00e9rature Temple<\/p>\n","protected":false},"featured_media":2098,"comment_status":"open","ping_status":"closed","template":"","meta":[],"pwb-brand":[246],"product_cat":[255],"product_tag":[],"class_list":{"0":"post-2080","1":"product","2":"type-product","3":"status-publish","4":"has-post-thumbnail","6":"pwb-brand-rossmax","7":"product_cat-thermometre","8":"post","9":"ws-product--style-1","11":"first","12":"instock","13":"shipping-taxable","14":"purchasable","15":"product-type-simple"},"yoast_head":"<!-- This site is optimized with the Yoast SEO plugin v23.0 - https:\/\/yoast.com\/wordpress\/plugins\/seo\/ -->\n<title>Thermom\u00e8tre Sans Contact - Rossmax HA500 - OrthoPara<\/title>\n<meta name=\"robots\" content=\"index, follow, max-snippet:-1, max-image-preview:large, max-video-preview:-1\" \/>\n<link rel=\"canonical\" href=\"https:\/\/orthopara.store\/index.php\/produit\/thermometre-sans-contact-rossmax-ha500\/\" \/>\n<meta property=\"og:locale\" content=\"fr_FR\" \/>\n<meta property=\"og:type\" content=\"article\" \/>\n<meta property=\"og:title\" content=\"Thermom\u00e8tre Sans Contact - Rossmax HA500 - OrthoPara\" \/>\n<meta property=\"og:description\" content=\"Rossmax HA500 Thermom\u00e8tre Sans Contact\u00a0 Distance de prise de 5cm (2 pouces) Prise en 1 seconde Temp\u00e9rature Temple\" \/>\n<meta property=\"og:url\" content=\"https:\/\/orthopara.store\/index.php\/produit\/thermometre-sans-contact-rossmax-ha500\/\" \/>\n<meta property=\"og:site_name\" content=\"OrthoPara\" \/>\n<meta property=\"article:publisher\" content=\"https:\/\/www.facebook.com\/profile.php?id=61561194315651\" \/>\n<meta property=\"article:modified_time\" content=\"2024-06-28T13:56:56+00:00\" \/>\n<meta property=\"og:image\" content=\"https:\/\/orthopara.store\/wp-content\/uploads\/2024\/06\/thermometre-temple-sans-contact-rossmax-ha500.jpg\" \/>\n\t<meta property=\"og:image:width\" content=\"800\" \/>\n\t<meta property=\"og:image:height\" content=\"800\" \/>\n\t<meta property=\"og:image:type\" content=\"image\/jpeg\" \/>\n<meta name=\"twitter:card\" content=\"summary_large_image\" \/>\n<meta name=\"twitter:label1\" content=\"Dur\u00e9e de lecture estim\u00e9e\" \/>\n\t<meta name=\"twitter:data1\" content=\"1 minute\" \/>\n<script type=\"application\/ld+json\" class=\"yoast-schema-graph\">{\"@context\":\"https:\/\/schema.org\",\"@graph\":[{\"@type\":\"WebPage\",\"@id\":\"https:\/\/orthopara.store\/index.php\/produit\/thermometre-sans-contact-rossmax-ha500\/\",\"url\":\"https:\/\/orthopara.store\/index.php\/produit\/thermometre-sans-contact-rossmax-ha500\/\",\"name\":\"Thermom\u00e8tre Sans Contact - Rossmax HA500 - OrthoPara\",\"isPartOf\":{\"@id\":\"https:\/\/orthopara.store\/#website\"},\"primaryImageOfPage\":{\"@id\":\"https:\/\/orthopara.store\/index.php\/produit\/thermometre-sans-contact-rossmax-ha500\/#primaryimage\"},\"image\":{\"@id\":\"https:\/\/orthopara.store\/index.php\/produit\/thermometre-sans-contact-rossmax-ha500\/#primaryimage\"},\"thumbnailUrl\":\"https:\/\/orthopara.store\/wp-content\/uploads\/2024\/06\/thermometre-temple-sans-contact-rossmax-ha500.jpg\",\"datePublished\":\"2024-06-28T13:56:48+00:00\",\"dateModified\":\"2024-06-28T13:56:56+00:00\",\"breadcrumb\":{\"@id\":\"https:\/\/orthopara.store\/index.php\/produit\/thermometre-sans-contact-rossmax-ha500\/#breadcrumb\"},\"inLanguage\":\"fr-FR\",\"potentialAction\":[{\"@type\":\"ReadAction\",\"target\":[\"https:\/\/orthopara.store\/index.php\/produit\/thermometre-sans-contact-rossmax-ha500\/\"]}]},{\"@type\":\"ImageObject\",\"inLanguage\":\"fr-FR\",\"@id\":\"https:\/\/orthopara.store\/index.php\/produit\/thermometre-sans-contact-rossmax-ha500\/#primaryimage\",\"url\":\"https:\/\/orthopara.store\/wp-content\/uploads\/2024\/06\/thermometre-temple-sans-contact-rossmax-ha500.jpg\",\"contentUrl\":\"https:\/\/orthopara.store\/wp-content\/uploads\/2024\/06\/thermometre-temple-sans-contact-rossmax-ha500.jpg\",\"width\":800,\"height\":800},{\"@type\":\"BreadcrumbList\",\"@id\":\"https:\/\/orthopara.store\/index.php\/produit\/thermometre-sans-contact-rossmax-ha500\/#breadcrumb\",\"itemListElement\":[{\"@type\":\"ListItem\",\"position\":1,\"name\":\"Accueil\",\"item\":\"https:\/\/orthopara.store\/\"},{\"@type\":\"ListItem\",\"position\":2,\"name\":\"Shop\",\"item\":\"https:\/\/orthopara.store\/?page_id=622\"},{\"@type\":\"ListItem\",\"position\":3,\"name\":\"Thermom\u00e8tre Sans Contact &#8211; Rossmax HA500\"}]},{\"@type\":\"WebSite\",\"@id\":\"https:\/\/orthopara.store\/#website\",\"url\":\"https:\/\/orthopara.store\/\",\"name\":\"OrthoPara\",\"description\":\"Parapharmacie\",\"publisher\":{\"@id\":\"https:\/\/orthopara.store\/#organization\"},\"potentialAction\":[{\"@type\":\"SearchAction\",\"target\":{\"@type\":\"EntryPoint\",\"urlTemplate\":\"https:\/\/orthopara.store\/?s={search_term_string}\"},\"query-input\":\"required name=search_term_string\"}],\"inLanguage\":\"fr-FR\"},{\"@type\":\"Organization\",\"@id\":\"https:\/\/orthopara.store\/#organization\",\"name\":\"OrthoPara\",\"url\":\"https:\/\/orthopara.store\/\",\"logo\":{\"@type\":\"ImageObject\",\"inLanguage\":\"fr-FR\",\"@id\":\"https:\/\/orthopara.store\/#\/schema\/logo\/image\/\",\"url\":\"https:\/\/orthopara.store\/wp-content\/uploads\/2024\/06\/cropped-9ABA8BAD-6256-4719-9315-15C66E64E882.png\",\"contentUrl\":\"https:\/\/orthopara.store\/wp-content\/uploads\/2024\/06\/cropped-9ABA8BAD-6256-4719-9315-15C66E64E882.png\",\"width\":240,\"height\":72,\"caption\":\"OrthoPara\"},\"image\":{\"@id\":\"https:\/\/orthopara.store\/#\/schema\/logo\/image\/\"},\"sameAs\":[\"https:\/\/www.facebook.com\/profile.php?id=61561194315651\",\"https:\/\/www.instagram.com\/orthopara_tunisie\/\"]}]}<\/script>\n<!-- \/ Yoast SEO plugin. -->","yoast_head_json":{"title":"Thermom\u00e8tre Sans Contact - Rossmax HA500 - OrthoPara","robots":{"index":"index","follow":"follow","max-snippet":"max-snippet:-1","max-image-preview":"max-image-preview:large","max-video-preview":"max-video-preview:-1"},"canonical":"https:\/\/orthopara.store\/index.php\/produit\/thermometre-sans-contact-rossmax-ha500\/","og_locale":"fr_FR","og_type":"article","og_title":"Thermom\u00e8tre Sans Contact - Rossmax HA500 - OrthoPara","og_description":"Rossmax HA500 Thermom\u00e8tre Sans Contact\u00a0 Distance de prise de 5cm (2 pouces) Prise en 1 seconde Temp\u00e9rature Temple","og_url":"https:\/\/orthopara.store\/index.php\/produit\/thermometre-sans-contact-rossmax-ha500\/","og_site_name":"OrthoPara","article_publisher":"https:\/\/www.facebook.com\/profile.php?id=61561194315651","article_modified_time":"2024-06-28T13:56:56+00:00","og_image":[{"width":800,"height":800,"url":"https:\/\/orthopara.store\/wp-content\/uploads\/2024\/06\/thermometre-temple-sans-contact-rossmax-ha500.jpg","type":"image\/jpeg"}],"twitter_card":"summary_large_image","twitter_misc":{"Dur\u00e9e de lecture estim\u00e9e":"1 minute"},"schema":{"@context":"https:\/\/schema.org","@graph":[{"@type":"WebPage","@id":"https:\/\/orthopara.store\/index.php\/produit\/thermometre-sans-contact-rossmax-ha500\/","url":"https:\/\/orthopara.store\/index.php\/produit\/thermometre-sans-contact-rossmax-ha500\/","name":"Thermom\u00e8tre Sans Contact - Rossmax HA500 - OrthoPara","isPartOf":{"@id":"https:\/\/orthopara.store\/#website"},"primaryImageOfPage":{"@id":"https:\/\/orthopara.store\/index.php\/produit\/thermometre-sans-contact-rossmax-ha500\/#primaryimage"},"image":{"@id":"https:\/\/orthopara.store\/index.php\/produit\/thermometre-sans-contact-rossmax-ha500\/#primaryimage"},"thumbnailUrl":"https:\/\/orthopara.store\/wp-content\/uploads\/2024\/06\/thermometre-temple-sans-contact-rossmax-ha500.jpg","datePublished":"2024-06-28T13:56:48+00:00","dateModified":"2024-06-28T13:56:56+00:00","breadcrumb":{"@id":"https:\/\/orthopara.store\/index.php\/produit\/thermometre-sans-contact-rossmax-ha500\/#breadcrumb"},"inLanguage":"fr-FR","potentialAction":[{"@type":"ReadAction","target":["https:\/\/orthopara.store\/index.php\/produit\/thermometre-sans-contact-rossmax-ha500\/"]}]},{"@type":"ImageObject","inLanguage":"fr-FR","@id":"https:\/\/orthopara.store\/index.php\/produit\/thermometre-sans-contact-rossmax-ha500\/#primaryimage","url":"https:\/\/orthopara.store\/wp-content\/uploads\/2024\/06\/thermometre-temple-sans-contact-rossmax-ha500.jpg","contentUrl":"https:\/\/orthopara.store\/wp-content\/uploads\/2024\/06\/thermometre-temple-sans-contact-rossmax-ha500.jpg","width":800,"height":800},{"@type":"BreadcrumbList","@id":"https:\/\/orthopara.store\/index.php\/produit\/thermometre-sans-contact-rossmax-ha500\/#breadcrumb","itemListElement":[{"@type":"ListItem","position":1,"name":"Accueil","item":"https:\/\/orthopara.store\/"},{"@type":"ListItem","position":2,"name":"Shop","item":"https:\/\/orthopara.store\/?page_id=622"},{"@type":"ListItem","position":3,"name":"Thermom\u00e8tre Sans Contact &#8211; Rossmax HA500"}]},{"@type":"WebSite","@id":"https:\/\/orthopara.store\/#website","url":"https:\/\/orthopara.store\/","name":"OrthoPara","description":"Parapharmacie","publisher":{"@id":"https:\/\/orthopara.store\/#organization"},"potentialAction":[{"@type":"SearchAction","target":{"@type":"EntryPoint","urlTemplate":"https:\/\/orthopara.store\/?s={search_term_string}"},"query-input":"required name=search_term_string"}],"inLanguage":"fr-FR"},{"@type":"Organization","@id":"https:\/\/orthopara.store\/#organization","name":"OrthoPara","url":"https:\/\/orthopara.store\/","logo":{"@type":"ImageObject","inLanguage":"fr-FR","@id":"https:\/\/orthopara.store\/#\/schema\/logo\/image\/","url":"https:\/\/orthopara.store\/wp-content\/uploads\/2024\/06\/cropped-9ABA8BAD-6256-4719-9315-15C66E64E882.png","contentUrl":"https:\/\/orthopara.store\/wp-content\/uploads\/2024\/06\/cropped-9ABA8BAD-6256-4719-9315-15C66E64E882.png","width":240,"height":72,"caption":"OrthoPara"},"image":{"@id":"https:\/\/orthopara.store\/#\/schema\/logo\/image\/"},"sameAs":["https:\/\/www.facebook.com\/profile.php?id=61561194315651","https:\/\/www.instagram.com\/orthopara_tunisie\/"]}]}},"jetpack_sharing_enabled":true,"brands":[{"id":246,"name":"ROSSMAX","slug":"rossmax"}],"_links":{"self":[{"href":"https:\/\/orthopara.store\/index.php?rest_route=\/wp\/v2\/product\/2080","targetHints":{"allow":["GET"]}}],"collection":[{"href":"https:\/\/orthopara.store\/index.php?rest_route=\/wp\/v2\/product"}],"about":[{"href":"https:\/\/orthopara.store\/index.php?rest_route=\/wp\/v2\/types\/product"}],"replies":[{"embeddable":true,"href":"https:\/\/orthopara.store\/index.php?rest_route=%2Fwp%2Fv2%2Fcomments&post=2080"}],"wp:featuredmedia":[{"embeddable":true,"href":"https:\/\/orthopara.store\/index.php?rest_route=\/wp\/v2\/media\/2098"}],"wp:attachment":[{"href":"https:\/\/orthopara.store\/index.php?rest_route=%2Fwp%2Fv2%2Fmedia&parent=2080"}],"wp:term":[{"taxonomy":"pwb-brand","embeddable":true,"href":"https:\/\/orthopara.store\/index.php?rest_route=%2Fwp%2Fv2%2Fpwb-brand&post=2080"},{"taxonomy":"product_cat","embeddable":true,"href":"https:\/\/orthopara.store\/index.php?rest_route=%2Fwp%2Fv2%2Fproduct_cat&post=2080"},{"taxonomy":"product_tag","embeddable":true,"href":"https:\/\/orthopara.store\/index.php?rest_route=%2Fwp%2Fv2%2Fproduct_tag&post=2080"}],"curies":[{"name":"wp","href":"https:\/\/api.w.org\/{rel}","templated":true}]}}