{"id":2100,"date":"2024-06-28T15:56:58","date_gmt":"2024-06-28T13:56:58","guid":{"rendered":"https:\/\/orthopara.store\/?post_type=product&#038;p=2100"},"modified":"2024-06-28T15:57:01","modified_gmt":"2024-06-28T13:57:01","slug":"rossmax-oxymetre-de-pouls-sb100","status":"publish","type":"product","link":"https:\/\/orthopara.store\/?product=rossmax-oxymetre-de-pouls-sb100","title":{"rendered":"ROSSMAX &#8211; Oxym\u00e8tre de pouls SB100"},"content":{"rendered":"<p>ROSSMAX &#8211; Oxym\u00e8tre de pouls SB100<br \/>\nL&rsquo;oxym\u00e8tre de pouls permet de mesurer de fa\u00e7on continue la quantit\u00e9 d&rsquo;oxyg\u00e8ne qui circule dans les art\u00e8res. Il est utilis\u00e9 pour mesurer le rythme cardiaque et le taux d&rsquo;oxyg\u00e8ne transport\u00e9 par le sang.<\/p>\n<p>Grand \u00e9cran LED pour une lecture facile.<\/p>\n<p>Conception de bouclier contre la lumi\u00e8re ambiante.<\/p>\n<p>Protection de biocomptabilit\u00e9.<\/p>\n<p>Une touche marche\/arr\u00eat.<\/p>\n<p>Indicateur de force d&rsquo;impulsion.<\/p>\n<p>Attach\u00e9 par une ficelle &#8211; outil de gestion de la sant\u00e9 \u00e9conomique.<\/p>\n<p>Id\u00e9al Pour l&rsquo;\u00e9valuation de l\u2019oxyg\u00e9noth\u00e9rapie.<\/p>\n<p>Id\u00e9al pour le d\u00e9pistage l&rsquo;apn\u00e9e pendant le sommeil.<\/p>\n<p>Id\u00e9al pour la gestion de la sant\u00e9.\u00a0<\/p>\n<p>Conseil d&rsquo;utilisation<\/p>\n<p>L&rsquo;oxym\u00e8tre de pouls se compose d&rsquo;un capteur et d&rsquo;un moniteur avec affichage. Il poss\u00e8de une tonalit\u00e9 audible qui change d\u00e8s que la saturation diminue.<\/p>\n<p>\u00a0<\/p>\n","protected":false},"excerpt":{"rendered":"<p>ROSSMAX &#8211; Oxym\u00e8tre de pouls SB100<\/p>\n","protected":false},"featured_media":2123,"comment_status":"open","ping_status":"closed","template":"","meta":[],"pwb-brand":[246],"product_cat":[261],"product_tag":[],"class_list":{"0":"post-2100","1":"product","2":"type-product","3":"status-publish","4":"has-post-thumbnail","6":"pwb-brand-rossmax","7":"product_cat-oxymetres-de-pouls","8":"post","9":"ws-product--style-1","11":"first","12":"instock","13":"shipping-taxable","14":"purchasable","15":"product-type-simple"},"yoast_head":"<!-- This site is optimized with the Yoast SEO plugin v23.0 - https:\/\/yoast.com\/wordpress\/plugins\/seo\/ -->\n<title>ROSSMAX - Oxym\u00e8tre de pouls SB100 - OrthoPara<\/title>\n<meta name=\"robots\" content=\"index, follow, max-snippet:-1, max-image-preview:large, max-video-preview:-1\" \/>\n<link rel=\"canonical\" href=\"https:\/\/orthopara.store\/index.php\/produit\/rossmax-oxymetre-de-pouls-sb100\/\" \/>\n<meta property=\"og:locale\" content=\"fr_FR\" \/>\n<meta property=\"og:type\" content=\"article\" \/>\n<meta property=\"og:title\" content=\"ROSSMAX - Oxym\u00e8tre de pouls SB100 - OrthoPara\" \/>\n<meta property=\"og:description\" content=\"ROSSMAX - Oxym\u00e8tre de pouls SB100\" \/>\n<meta property=\"og:url\" content=\"https:\/\/orthopara.store\/index.php\/produit\/rossmax-oxymetre-de-pouls-sb100\/\" \/>\n<meta property=\"og:site_name\" content=\"OrthoPara\" \/>\n<meta property=\"article:publisher\" content=\"https:\/\/www.facebook.com\/profile.php?id=61561194315651\" \/>\n<meta property=\"article:modified_time\" content=\"2024-06-28T13:57:01+00:00\" \/>\n<meta property=\"og:image\" content=\"https:\/\/orthopara.store\/wp-content\/uploads\/2024\/06\/rossmax-oxymetre-de-pouls-sb100.jpg\" \/>\n\t<meta property=\"og:image:width\" content=\"800\" \/>\n\t<meta property=\"og:image:height\" content=\"800\" \/>\n\t<meta property=\"og:image:type\" content=\"image\/jpeg\" \/>\n<meta name=\"twitter:card\" content=\"summary_large_image\" \/>\n<meta name=\"twitter:label1\" content=\"Dur\u00e9e de lecture estim\u00e9e\" \/>\n\t<meta name=\"twitter:data1\" content=\"1 minute\" \/>\n<script type=\"application\/ld+json\" class=\"yoast-schema-graph\">{\"@context\":\"https:\/\/schema.org\",\"@graph\":[{\"@type\":\"WebPage\",\"@id\":\"https:\/\/orthopara.store\/index.php\/produit\/rossmax-oxymetre-de-pouls-sb100\/\",\"url\":\"https:\/\/orthopara.store\/index.php\/produit\/rossmax-oxymetre-de-pouls-sb100\/\",\"name\":\"ROSSMAX - Oxym\u00e8tre de pouls SB100 - OrthoPara\",\"isPartOf\":{\"@id\":\"https:\/\/orthopara.store\/#website\"},\"primaryImageOfPage\":{\"@id\":\"https:\/\/orthopara.store\/index.php\/produit\/rossmax-oxymetre-de-pouls-sb100\/#primaryimage\"},\"image\":{\"@id\":\"https:\/\/orthopara.store\/index.php\/produit\/rossmax-oxymetre-de-pouls-sb100\/#primaryimage\"},\"thumbnailUrl\":\"https:\/\/orthopara.store\/wp-content\/uploads\/2024\/06\/rossmax-oxymetre-de-pouls-sb100.jpg\",\"datePublished\":\"2024-06-28T13:56:58+00:00\",\"dateModified\":\"2024-06-28T13:57:01+00:00\",\"breadcrumb\":{\"@id\":\"https:\/\/orthopara.store\/index.php\/produit\/rossmax-oxymetre-de-pouls-sb100\/#breadcrumb\"},\"inLanguage\":\"fr-FR\",\"potentialAction\":[{\"@type\":\"ReadAction\",\"target\":[\"https:\/\/orthopara.store\/index.php\/produit\/rossmax-oxymetre-de-pouls-sb100\/\"]}]},{\"@type\":\"ImageObject\",\"inLanguage\":\"fr-FR\",\"@id\":\"https:\/\/orthopara.store\/index.php\/produit\/rossmax-oxymetre-de-pouls-sb100\/#primaryimage\",\"url\":\"https:\/\/orthopara.store\/wp-content\/uploads\/2024\/06\/rossmax-oxymetre-de-pouls-sb100.jpg\",\"contentUrl\":\"https:\/\/orthopara.store\/wp-content\/uploads\/2024\/06\/rossmax-oxymetre-de-pouls-sb100.jpg\",\"width\":800,\"height\":800},{\"@type\":\"BreadcrumbList\",\"@id\":\"https:\/\/orthopara.store\/index.php\/produit\/rossmax-oxymetre-de-pouls-sb100\/#breadcrumb\",\"itemListElement\":[{\"@type\":\"ListItem\",\"position\":1,\"name\":\"Accueil\",\"item\":\"https:\/\/orthopara.store\/\"},{\"@type\":\"ListItem\",\"position\":2,\"name\":\"Shop\",\"item\":\"https:\/\/orthopara.store\/?page_id=622\"},{\"@type\":\"ListItem\",\"position\":3,\"name\":\"ROSSMAX &#8211; Oxym\u00e8tre de pouls SB100\"}]},{\"@type\":\"WebSite\",\"@id\":\"https:\/\/orthopara.store\/#website\",\"url\":\"https:\/\/orthopara.store\/\",\"name\":\"OrthoPara\",\"description\":\"Parapharmacie\",\"publisher\":{\"@id\":\"https:\/\/orthopara.store\/#organization\"},\"potentialAction\":[{\"@type\":\"SearchAction\",\"target\":{\"@type\":\"EntryPoint\",\"urlTemplate\":\"https:\/\/orthopara.store\/?s={search_term_string}\"},\"query-input\":\"required name=search_term_string\"}],\"inLanguage\":\"fr-FR\"},{\"@type\":\"Organization\",\"@id\":\"https:\/\/orthopara.store\/#organization\",\"name\":\"OrthoPara\",\"url\":\"https:\/\/orthopara.store\/\",\"logo\":{\"@type\":\"ImageObject\",\"inLanguage\":\"fr-FR\",\"@id\":\"https:\/\/orthopara.store\/#\/schema\/logo\/image\/\",\"url\":\"https:\/\/orthopara.store\/wp-content\/uploads\/2024\/06\/cropped-9ABA8BAD-6256-4719-9315-15C66E64E882.png\",\"contentUrl\":\"https:\/\/orthopara.store\/wp-content\/uploads\/2024\/06\/cropped-9ABA8BAD-6256-4719-9315-15C66E64E882.png\",\"width\":240,\"height\":72,\"caption\":\"OrthoPara\"},\"image\":{\"@id\":\"https:\/\/orthopara.store\/#\/schema\/logo\/image\/\"},\"sameAs\":[\"https:\/\/www.facebook.com\/profile.php?id=61561194315651\",\"https:\/\/www.instagram.com\/orthopara_tunisie\/\"]}]}<\/script>\n<!-- \/ Yoast SEO plugin. -->","yoast_head_json":{"title":"ROSSMAX - Oxym\u00e8tre de pouls SB100 - OrthoPara","robots":{"index":"index","follow":"follow","max-snippet":"max-snippet:-1","max-image-preview":"max-image-preview:large","max-video-preview":"max-video-preview:-1"},"canonical":"https:\/\/orthopara.store\/index.php\/produit\/rossmax-oxymetre-de-pouls-sb100\/","og_locale":"fr_FR","og_type":"article","og_title":"ROSSMAX - Oxym\u00e8tre de pouls SB100 - OrthoPara","og_description":"ROSSMAX - Oxym\u00e8tre de pouls SB100","og_url":"https:\/\/orthopara.store\/index.php\/produit\/rossmax-oxymetre-de-pouls-sb100\/","og_site_name":"OrthoPara","article_publisher":"https:\/\/www.facebook.com\/profile.php?id=61561194315651","article_modified_time":"2024-06-28T13:57:01+00:00","og_image":[{"width":800,"height":800,"url":"https:\/\/orthopara.store\/wp-content\/uploads\/2024\/06\/rossmax-oxymetre-de-pouls-sb100.jpg","type":"image\/jpeg"}],"twitter_card":"summary_large_image","twitter_misc":{"Dur\u00e9e de lecture estim\u00e9e":"1 minute"},"schema":{"@context":"https:\/\/schema.org","@graph":[{"@type":"WebPage","@id":"https:\/\/orthopara.store\/index.php\/produit\/rossmax-oxymetre-de-pouls-sb100\/","url":"https:\/\/orthopara.store\/index.php\/produit\/rossmax-oxymetre-de-pouls-sb100\/","name":"ROSSMAX - Oxym\u00e8tre de pouls SB100 - OrthoPara","isPartOf":{"@id":"https:\/\/orthopara.store\/#website"},"primaryImageOfPage":{"@id":"https:\/\/orthopara.store\/index.php\/produit\/rossmax-oxymetre-de-pouls-sb100\/#primaryimage"},"image":{"@id":"https:\/\/orthopara.store\/index.php\/produit\/rossmax-oxymetre-de-pouls-sb100\/#primaryimage"},"thumbnailUrl":"https:\/\/orthopara.store\/wp-content\/uploads\/2024\/06\/rossmax-oxymetre-de-pouls-sb100.jpg","datePublished":"2024-06-28T13:56:58+00:00","dateModified":"2024-06-28T13:57:01+00:00","breadcrumb":{"@id":"https:\/\/orthopara.store\/index.php\/produit\/rossmax-oxymetre-de-pouls-sb100\/#breadcrumb"},"inLanguage":"fr-FR","potentialAction":[{"@type":"ReadAction","target":["https:\/\/orthopara.store\/index.php\/produit\/rossmax-oxymetre-de-pouls-sb100\/"]}]},{"@type":"ImageObject","inLanguage":"fr-FR","@id":"https:\/\/orthopara.store\/index.php\/produit\/rossmax-oxymetre-de-pouls-sb100\/#primaryimage","url":"https:\/\/orthopara.store\/wp-content\/uploads\/2024\/06\/rossmax-oxymetre-de-pouls-sb100.jpg","contentUrl":"https:\/\/orthopara.store\/wp-content\/uploads\/2024\/06\/rossmax-oxymetre-de-pouls-sb100.jpg","width":800,"height":800},{"@type":"BreadcrumbList","@id":"https:\/\/orthopara.store\/index.php\/produit\/rossmax-oxymetre-de-pouls-sb100\/#breadcrumb","itemListElement":[{"@type":"ListItem","position":1,"name":"Accueil","item":"https:\/\/orthopara.store\/"},{"@type":"ListItem","position":2,"name":"Shop","item":"https:\/\/orthopara.store\/?page_id=622"},{"@type":"ListItem","position":3,"name":"ROSSMAX &#8211; Oxym\u00e8tre de pouls SB100"}]},{"@type":"WebSite","@id":"https:\/\/orthopara.store\/#website","url":"https:\/\/orthopara.store\/","name":"OrthoPara","description":"Parapharmacie","publisher":{"@id":"https:\/\/orthopara.store\/#organization"},"potentialAction":[{"@type":"SearchAction","target":{"@type":"EntryPoint","urlTemplate":"https:\/\/orthopara.store\/?s={search_term_string}"},"query-input":"required name=search_term_string"}],"inLanguage":"fr-FR"},{"@type":"Organization","@id":"https:\/\/orthopara.store\/#organization","name":"OrthoPara","url":"https:\/\/orthopara.store\/","logo":{"@type":"ImageObject","inLanguage":"fr-FR","@id":"https:\/\/orthopara.store\/#\/schema\/logo\/image\/","url":"https:\/\/orthopara.store\/wp-content\/uploads\/2024\/06\/cropped-9ABA8BAD-6256-4719-9315-15C66E64E882.png","contentUrl":"https:\/\/orthopara.store\/wp-content\/uploads\/2024\/06\/cropped-9ABA8BAD-6256-4719-9315-15C66E64E882.png","width":240,"height":72,"caption":"OrthoPara"},"image":{"@id":"https:\/\/orthopara.store\/#\/schema\/logo\/image\/"},"sameAs":["https:\/\/www.facebook.com\/profile.php?id=61561194315651","https:\/\/www.instagram.com\/orthopara_tunisie\/"]}]}},"jetpack_sharing_enabled":true,"brands":[{"id":246,"name":"ROSSMAX","slug":"rossmax"}],"_links":{"self":[{"href":"https:\/\/orthopara.store\/index.php?rest_route=\/wp\/v2\/product\/2100","targetHints":{"allow":["GET"]}}],"collection":[{"href":"https:\/\/orthopara.store\/index.php?rest_route=\/wp\/v2\/product"}],"about":[{"href":"https:\/\/orthopara.store\/index.php?rest_route=\/wp\/v2\/types\/product"}],"replies":[{"embeddable":true,"href":"https:\/\/orthopara.store\/index.php?rest_route=%2Fwp%2Fv2%2Fcomments&post=2100"}],"wp:featuredmedia":[{"embeddable":true,"href":"https:\/\/orthopara.store\/index.php?rest_route=\/wp\/v2\/media\/2123"}],"wp:attachment":[{"href":"https:\/\/orthopara.store\/index.php?rest_route=%2Fwp%2Fv2%2Fmedia&parent=2100"}],"wp:term":[{"taxonomy":"pwb-brand","embeddable":true,"href":"https:\/\/orthopara.store\/index.php?rest_route=%2Fwp%2Fv2%2Fpwb-brand&post=2100"},{"taxonomy":"product_cat","embeddable":true,"href":"https:\/\/orthopara.store\/index.php?rest_route=%2Fwp%2Fv2%2Fproduct_cat&post=2100"},{"taxonomy":"product_tag","embeddable":true,"href":"https:\/\/orthopara.store\/index.php?rest_route=%2Fwp%2Fv2%2Fproduct_tag&post=2100"}],"curies":[{"name":"wp","href":"https:\/\/api.w.org\/{rel}","templated":true}]}}