{"id":2105,"date":"2024-06-28T15:56:58","date_gmt":"2024-06-28T13:56:58","guid":{"rendered":"https:\/\/orthopara.store\/?post_type=product&#038;p=2105"},"modified":"2024-06-28T15:57:03","modified_gmt":"2024-06-28T13:57:03","slug":"surmatelas-venixe-80-x-180-cm","status":"publish","type":"product","link":"https:\/\/orthopara.store\/?product=surmatelas-venixe-80-x-180-cm","title":{"rendered":"Surmatelas &#8211; Venixe &#8211; 80 X 180 cm"},"content":{"rendered":"<p>Surmatelas &#8211; Venixe &#8211; 80 X 180 cm<br \/>\n* Le surmatelas m\u00e9dical Venixe au format 80 x 180 cm est l&rsquo;insert de protection de lit id\u00e9al \u00e0 usage unique et est utilis\u00e9 dans presque tous les h\u00f4pitaux et \u00e9tablissements de soins.<\/p>\n<p>* Son noyau en flocons de cellulose absorbe tr\u00e8s rapidement les liquides, les lie \u00e0 l&rsquo;int\u00e9rieur et \u00e9vite ainsi le remouillage.\u00a0Le dos du film est absolument imperm\u00e9able aux liquides.<br \/>\n* Les documents m\u00e9dicaux Venixe sont un produit \u00e0 usage unique et peuvent \u00eatre facilement \u00e9limin\u00e9s avec les ordures m\u00e9nag\u00e8res<\/p>\n","protected":false},"excerpt":{"rendered":"<p>Venixe\u00a0<br \/>\nSurmatelas\u00a0 80 X 180 cm<br \/>\n15 Pi\u00e8ces<\/p>\n","protected":false},"featured_media":2128,"comment_status":"open","ping_status":"closed","template":"","meta":[],"pwb-brand":[152],"product_cat":[263],"product_tag":[],"class_list":{"0":"post-2105","1":"product","2":"type-product","3":"status-publish","4":"has-post-thumbnail","6":"pwb-brand-amal-medical","7":"product_cat-matelas","8":"post","9":"ws-product--style-1","11":"first","12":"instock","13":"shipping-taxable","14":"purchasable","15":"product-type-simple"},"yoast_head":"<!-- This site is optimized with the Yoast SEO plugin v23.0 - https:\/\/yoast.com\/wordpress\/plugins\/seo\/ -->\n<title>Surmatelas - Venixe - 80 X 180 cm - OrthoPara<\/title>\n<meta name=\"robots\" content=\"index, follow, max-snippet:-1, max-image-preview:large, max-video-preview:-1\" \/>\n<link rel=\"canonical\" href=\"https:\/\/orthopara.store\/index.php\/produit\/surmatelas-venixe-80-x-180-cm\/\" \/>\n<meta property=\"og:locale\" content=\"fr_FR\" \/>\n<meta property=\"og:type\" content=\"article\" \/>\n<meta property=\"og:title\" content=\"Surmatelas - Venixe - 80 X 180 cm - OrthoPara\" \/>\n<meta property=\"og:description\" content=\"Venixe\u00a0 Surmatelas\u00a0 80 X 180 cm 15 Pi\u00e8ces\" \/>\n<meta property=\"og:url\" content=\"https:\/\/orthopara.store\/index.php\/produit\/surmatelas-venixe-80-x-180-cm\/\" \/>\n<meta property=\"og:site_name\" content=\"OrthoPara\" \/>\n<meta property=\"article:publisher\" content=\"https:\/\/www.facebook.com\/profile.php?id=61561194315651\" \/>\n<meta property=\"article:modified_time\" content=\"2024-06-28T13:57:03+00:00\" \/>\n<meta property=\"og:image\" content=\"https:\/\/orthopara.store\/wp-content\/uploads\/2024\/06\/surmatelas-venixe-80-x-180-cm.jpg\" \/>\n\t<meta property=\"og:image:width\" content=\"800\" \/>\n\t<meta property=\"og:image:height\" content=\"800\" \/>\n\t<meta property=\"og:image:type\" content=\"image\/jpeg\" \/>\n<meta name=\"twitter:card\" content=\"summary_large_image\" \/>\n<script type=\"application\/ld+json\" class=\"yoast-schema-graph\">{\"@context\":\"https:\/\/schema.org\",\"@graph\":[{\"@type\":\"WebPage\",\"@id\":\"https:\/\/orthopara.store\/index.php\/produit\/surmatelas-venixe-80-x-180-cm\/\",\"url\":\"https:\/\/orthopara.store\/index.php\/produit\/surmatelas-venixe-80-x-180-cm\/\",\"name\":\"Surmatelas - Venixe - 80 X 180 cm - OrthoPara\",\"isPartOf\":{\"@id\":\"https:\/\/orthopara.store\/#website\"},\"primaryImageOfPage\":{\"@id\":\"https:\/\/orthopara.store\/index.php\/produit\/surmatelas-venixe-80-x-180-cm\/#primaryimage\"},\"image\":{\"@id\":\"https:\/\/orthopara.store\/index.php\/produit\/surmatelas-venixe-80-x-180-cm\/#primaryimage\"},\"thumbnailUrl\":\"https:\/\/orthopara.store\/wp-content\/uploads\/2024\/06\/surmatelas-venixe-80-x-180-cm.jpg\",\"datePublished\":\"2024-06-28T13:56:58+00:00\",\"dateModified\":\"2024-06-28T13:57:03+00:00\",\"breadcrumb\":{\"@id\":\"https:\/\/orthopara.store\/index.php\/produit\/surmatelas-venixe-80-x-180-cm\/#breadcrumb\"},\"inLanguage\":\"fr-FR\",\"potentialAction\":[{\"@type\":\"ReadAction\",\"target\":[\"https:\/\/orthopara.store\/index.php\/produit\/surmatelas-venixe-80-x-180-cm\/\"]}]},{\"@type\":\"ImageObject\",\"inLanguage\":\"fr-FR\",\"@id\":\"https:\/\/orthopara.store\/index.php\/produit\/surmatelas-venixe-80-x-180-cm\/#primaryimage\",\"url\":\"https:\/\/orthopara.store\/wp-content\/uploads\/2024\/06\/surmatelas-venixe-80-x-180-cm.jpg\",\"contentUrl\":\"https:\/\/orthopara.store\/wp-content\/uploads\/2024\/06\/surmatelas-venixe-80-x-180-cm.jpg\",\"width\":800,\"height\":800},{\"@type\":\"BreadcrumbList\",\"@id\":\"https:\/\/orthopara.store\/index.php\/produit\/surmatelas-venixe-80-x-180-cm\/#breadcrumb\",\"itemListElement\":[{\"@type\":\"ListItem\",\"position\":1,\"name\":\"Accueil\",\"item\":\"https:\/\/orthopara.store\/\"},{\"@type\":\"ListItem\",\"position\":2,\"name\":\"Shop\",\"item\":\"https:\/\/orthopara.store\/?page_id=622\"},{\"@type\":\"ListItem\",\"position\":3,\"name\":\"Surmatelas &#8211; Venixe &#8211; 80 X 180 cm\"}]},{\"@type\":\"WebSite\",\"@id\":\"https:\/\/orthopara.store\/#website\",\"url\":\"https:\/\/orthopara.store\/\",\"name\":\"OrthoPara\",\"description\":\"Parapharmacie\",\"publisher\":{\"@id\":\"https:\/\/orthopara.store\/#organization\"},\"potentialAction\":[{\"@type\":\"SearchAction\",\"target\":{\"@type\":\"EntryPoint\",\"urlTemplate\":\"https:\/\/orthopara.store\/?s={search_term_string}\"},\"query-input\":\"required name=search_term_string\"}],\"inLanguage\":\"fr-FR\"},{\"@type\":\"Organization\",\"@id\":\"https:\/\/orthopara.store\/#organization\",\"name\":\"OrthoPara\",\"url\":\"https:\/\/orthopara.store\/\",\"logo\":{\"@type\":\"ImageObject\",\"inLanguage\":\"fr-FR\",\"@id\":\"https:\/\/orthopara.store\/#\/schema\/logo\/image\/\",\"url\":\"https:\/\/orthopara.store\/wp-content\/uploads\/2024\/06\/cropped-9ABA8BAD-6256-4719-9315-15C66E64E882.png\",\"contentUrl\":\"https:\/\/orthopara.store\/wp-content\/uploads\/2024\/06\/cropped-9ABA8BAD-6256-4719-9315-15C66E64E882.png\",\"width\":240,\"height\":72,\"caption\":\"OrthoPara\"},\"image\":{\"@id\":\"https:\/\/orthopara.store\/#\/schema\/logo\/image\/\"},\"sameAs\":[\"https:\/\/www.facebook.com\/profile.php?id=61561194315651\",\"https:\/\/www.instagram.com\/orthopara_tunisie\/\"]}]}<\/script>\n<!-- \/ Yoast SEO plugin. -->","yoast_head_json":{"title":"Surmatelas - Venixe - 80 X 180 cm - OrthoPara","robots":{"index":"index","follow":"follow","max-snippet":"max-snippet:-1","max-image-preview":"max-image-preview:large","max-video-preview":"max-video-preview:-1"},"canonical":"https:\/\/orthopara.store\/index.php\/produit\/surmatelas-venixe-80-x-180-cm\/","og_locale":"fr_FR","og_type":"article","og_title":"Surmatelas - Venixe - 80 X 180 cm - OrthoPara","og_description":"Venixe\u00a0 Surmatelas\u00a0 80 X 180 cm 15 Pi\u00e8ces","og_url":"https:\/\/orthopara.store\/index.php\/produit\/surmatelas-venixe-80-x-180-cm\/","og_site_name":"OrthoPara","article_publisher":"https:\/\/www.facebook.com\/profile.php?id=61561194315651","article_modified_time":"2024-06-28T13:57:03+00:00","og_image":[{"width":800,"height":800,"url":"https:\/\/orthopara.store\/wp-content\/uploads\/2024\/06\/surmatelas-venixe-80-x-180-cm.jpg","type":"image\/jpeg"}],"twitter_card":"summary_large_image","schema":{"@context":"https:\/\/schema.org","@graph":[{"@type":"WebPage","@id":"https:\/\/orthopara.store\/index.php\/produit\/surmatelas-venixe-80-x-180-cm\/","url":"https:\/\/orthopara.store\/index.php\/produit\/surmatelas-venixe-80-x-180-cm\/","name":"Surmatelas - Venixe - 80 X 180 cm - OrthoPara","isPartOf":{"@id":"https:\/\/orthopara.store\/#website"},"primaryImageOfPage":{"@id":"https:\/\/orthopara.store\/index.php\/produit\/surmatelas-venixe-80-x-180-cm\/#primaryimage"},"image":{"@id":"https:\/\/orthopara.store\/index.php\/produit\/surmatelas-venixe-80-x-180-cm\/#primaryimage"},"thumbnailUrl":"https:\/\/orthopara.store\/wp-content\/uploads\/2024\/06\/surmatelas-venixe-80-x-180-cm.jpg","datePublished":"2024-06-28T13:56:58+00:00","dateModified":"2024-06-28T13:57:03+00:00","breadcrumb":{"@id":"https:\/\/orthopara.store\/index.php\/produit\/surmatelas-venixe-80-x-180-cm\/#breadcrumb"},"inLanguage":"fr-FR","potentialAction":[{"@type":"ReadAction","target":["https:\/\/orthopara.store\/index.php\/produit\/surmatelas-venixe-80-x-180-cm\/"]}]},{"@type":"ImageObject","inLanguage":"fr-FR","@id":"https:\/\/orthopara.store\/index.php\/produit\/surmatelas-venixe-80-x-180-cm\/#primaryimage","url":"https:\/\/orthopara.store\/wp-content\/uploads\/2024\/06\/surmatelas-venixe-80-x-180-cm.jpg","contentUrl":"https:\/\/orthopara.store\/wp-content\/uploads\/2024\/06\/surmatelas-venixe-80-x-180-cm.jpg","width":800,"height":800},{"@type":"BreadcrumbList","@id":"https:\/\/orthopara.store\/index.php\/produit\/surmatelas-venixe-80-x-180-cm\/#breadcrumb","itemListElement":[{"@type":"ListItem","position":1,"name":"Accueil","item":"https:\/\/orthopara.store\/"},{"@type":"ListItem","position":2,"name":"Shop","item":"https:\/\/orthopara.store\/?page_id=622"},{"@type":"ListItem","position":3,"name":"Surmatelas &#8211; Venixe &#8211; 80 X 180 cm"}]},{"@type":"WebSite","@id":"https:\/\/orthopara.store\/#website","url":"https:\/\/orthopara.store\/","name":"OrthoPara","description":"Parapharmacie","publisher":{"@id":"https:\/\/orthopara.store\/#organization"},"potentialAction":[{"@type":"SearchAction","target":{"@type":"EntryPoint","urlTemplate":"https:\/\/orthopara.store\/?s={search_term_string}"},"query-input":"required name=search_term_string"}],"inLanguage":"fr-FR"},{"@type":"Organization","@id":"https:\/\/orthopara.store\/#organization","name":"OrthoPara","url":"https:\/\/orthopara.store\/","logo":{"@type":"ImageObject","inLanguage":"fr-FR","@id":"https:\/\/orthopara.store\/#\/schema\/logo\/image\/","url":"https:\/\/orthopara.store\/wp-content\/uploads\/2024\/06\/cropped-9ABA8BAD-6256-4719-9315-15C66E64E882.png","contentUrl":"https:\/\/orthopara.store\/wp-content\/uploads\/2024\/06\/cropped-9ABA8BAD-6256-4719-9315-15C66E64E882.png","width":240,"height":72,"caption":"OrthoPara"},"image":{"@id":"https:\/\/orthopara.store\/#\/schema\/logo\/image\/"},"sameAs":["https:\/\/www.facebook.com\/profile.php?id=61561194315651","https:\/\/www.instagram.com\/orthopara_tunisie\/"]}]}},"jetpack_sharing_enabled":true,"brands":[{"id":152,"name":"Amal Medical","slug":"amal-medical"}],"_links":{"self":[{"href":"https:\/\/orthopara.store\/index.php?rest_route=\/wp\/v2\/product\/2105","targetHints":{"allow":["GET"]}}],"collection":[{"href":"https:\/\/orthopara.store\/index.php?rest_route=\/wp\/v2\/product"}],"about":[{"href":"https:\/\/orthopara.store\/index.php?rest_route=\/wp\/v2\/types\/product"}],"replies":[{"embeddable":true,"href":"https:\/\/orthopara.store\/index.php?rest_route=%2Fwp%2Fv2%2Fcomments&post=2105"}],"wp:featuredmedia":[{"embeddable":true,"href":"https:\/\/orthopara.store\/index.php?rest_route=\/wp\/v2\/media\/2128"}],"wp:attachment":[{"href":"https:\/\/orthopara.store\/index.php?rest_route=%2Fwp%2Fv2%2Fmedia&parent=2105"}],"wp:term":[{"taxonomy":"pwb-brand","embeddable":true,"href":"https:\/\/orthopara.store\/index.php?rest_route=%2Fwp%2Fv2%2Fpwb-brand&post=2105"},{"taxonomy":"product_cat","embeddable":true,"href":"https:\/\/orthopara.store\/index.php?rest_route=%2Fwp%2Fv2%2Fproduct_cat&post=2105"},{"taxonomy":"product_tag","embeddable":true,"href":"https:\/\/orthopara.store\/index.php?rest_route=%2Fwp%2Fv2%2Fproduct_tag&post=2105"}],"curies":[{"name":"wp","href":"https:\/\/api.w.org\/{rel}","templated":true}]}}