{"id":2109,"date":"2024-06-28T15:56:59","date_gmt":"2024-06-28T13:56:59","guid":{"rendered":"https:\/\/orthopara.store\/?post_type=product&#038;p=2109"},"modified":"2024-06-28T15:57:05","modified_gmt":"2024-06-28T13:57:05","slug":"pansement-super-absorbant-adhesif-viiwasorb-12x12-cm-1-piece","status":"publish","type":"product","link":"https:\/\/orthopara.store\/?product=pansement-super-absorbant-adhesif-viiwasorb-12x12-cm-1-piece","title":{"rendered":"Pansement super-absorbant adh\u00e9sif &#8211; VIiwasorb &#8211; 12&#215;12 cm &#8211; 1 pi\u00e8ce"},"content":{"rendered":"<p>Pansement super-absorbant adh\u00e9sif &#8211; VIiwasorb &#8211; 12&#215;12 cm &#8211; 1 pi\u00e8ce\u00a0<br \/>\nLe pansement super-absorbant Vliwasorb adh\u00e9sif est un pansement flexible et souple utilis\u00e9 pour le traitement des plaies exsudatives. le pansement Vliwasorb super absorbant contient des des particules super-absorbante ( polyacrylate de sodium), fix\u00e9es dans le cellulose, qui peuvent retenir de grandes capacit\u00e9 d&rsquo;absorption. le pansement super-absorbant Vliwasorb adh\u00e9sif r\u00e9duit le nombre de changement n\u00e9cessaires quand le pansement est satur\u00e9, permettant aussi \u00e0 la plaie d&rsquo;\u00eatre au repos au plus long temps. Il retient l&rsquo;exc\u00e8s de d&rsquo;exsudats et prot\u00e8ge ainsi l&rsquo;environnement de la plaies contre la mac\u00e9ration. Les bact\u00e9ries pouvant alt\u00e9rer la cicatrisation sont retenues avec l&rsquo;exsudat.<br \/>\nLa couche \u00e9lastique perfor\u00e9e en poly\u00e9thyl\u00e8ne emp\u00eache le pansement d&rsquo;adh\u00e9rer \u00e0 la plaie.<br \/>\nLe pansement super-absorbant Vliwasorb adh\u00e9sif est st\u00e9rilis\u00e9 \u00e0 l&rsquo;oxyde d&rsquo;\u00e9thyl\u00e8ne est emball\u00e9 en sachets individuels st\u00e9riles. et d\u00e9stin\u00e9 \u00e0 un usage unique et ne doit pas \u00eatre rest\u00e9rilis\u00e9.<br \/>\nComposition du produit :\u00a0<br \/>\nPoly\u00e9thyl\u00e8ne, polypropyl\u00e8ne, poly\u00e9thyl\u00e8ne t\u00e9r\u00e9phtalate, copolym\u00e8re d&rsquo;\u00e9thyl\u00e8ne et d&rsquo;ac\u00e9tate de vinyle, extrait de th\u00e9 vert, polyacrylate, polyur\u00e9thane.<br \/>\nIndications :\u00a0<br \/>\nle pansement super-absorbant Vliwasorb adh\u00e9sif est indiqu\u00e9 pour le traitement des plaies tr\u00e8s exsudatives telles que les escarres, les ulc\u00e8res art\u00e9riels, les ulc\u00e8res vineux, les ulc\u00e8res diab\u00e9tiques, les plaies post-op\u00e9ratoires en cour de cicatrisation secondaire, les plaie de laparotomie , ainsi que les fistules et les brulures superficielles de 2\u00e8me degr\u00e9.<br \/>\nContre indications\u00a0<br \/>\nHypersensibilit\u00e9 connue au produit ou \u00e0 ses composant.<br \/>\nNe pas utiliser dans la plaies cavitaires car le produit peut se dilater fortement lors de l&rsquo;absorption d&rsquo;exsudats.\u00a0<br \/>\nNe pas utiliser sur des plaies peu exsudatives, car ceci pourrait provoquer l&rsquo;ass\u00e8chement de la plaie et des douleurs chez le patients.\u00a0<\/p>\n","protected":false},"excerpt":{"rendered":"<p>VIiwasorb adhesive\u00a0<br \/>\nPansement super-absorbant adh\u00e9sif\u00a0\u00a0<br \/>\n&#8211; L&rsquo;adh\u00e9sif Vliwasorb est un pansement super absorbant pour les plaies tr\u00e8s exsudatives, cr\u00e9ant un environnement de cicatrisation humide optimal et retenant les enzymes prot\u00e9ases nocives qui sont g\u00e9n\u00e9ralement transport\u00e9es dans l&rsquo;exsudat des plaies chroniques.<br \/>\n&#8211; enferme les prot\u00e9ases et les bact\u00e9ries nocives qui pourraient autrement retarder la gu\u00e9rison.<br \/>\n&#8211; prot\u00e8ge contre la mac\u00e9ration &#8211; am\u00e9liore la peau p\u00e9ri-l\u00e9sionnelle.<br \/>\nProduit st\u00e9rilis\u00e9\u00a0<\/p>\n<p>Taille : 12x12cm\u00a0<br \/>\nDLC : 08\/2023<\/p>\n","protected":false},"featured_media":2132,"comment_status":"open","ping_status":"closed","template":"","meta":[],"pwb-brand":[266],"product_cat":[264],"product_tag":[],"class_list":{"0":"post-2109","1":"product","2":"type-product","3":"status-publish","4":"has-post-thumbnail","6":"pwb-brand-lohmann-and-rauscher","7":"product_cat-pansements","8":"post","9":"ws-product--style-1","11":"first","12":"instock","13":"shipping-taxable","14":"purchasable","15":"product-type-simple"},"yoast_head":"<!-- This site is optimized with the Yoast SEO plugin v23.0 - https:\/\/yoast.com\/wordpress\/plugins\/seo\/ -->\n<title>Pansement super-absorbant adh\u00e9sif - VIiwasorb - 12x12 cm - 1 pi\u00e8ce - OrthoPara<\/title>\n<meta name=\"robots\" content=\"index, follow, max-snippet:-1, max-image-preview:large, max-video-preview:-1\" \/>\n<link rel=\"canonical\" href=\"https:\/\/orthopara.store\/index.php\/produit\/pansement-super-absorbant-adhesif-viiwasorb-12x12-cm-1-piece\/\" \/>\n<meta property=\"og:locale\" content=\"fr_FR\" \/>\n<meta property=\"og:type\" content=\"article\" \/>\n<meta property=\"og:title\" content=\"Pansement super-absorbant adh\u00e9sif - VIiwasorb - 12x12 cm - 1 pi\u00e8ce - OrthoPara\" \/>\n<meta property=\"og:description\" content=\"VIiwasorb adhesive\u00a0 Pansement super-absorbant adh\u00e9sif\u00a0\u00a0 - L&#039;adh\u00e9sif Vliwasorb est un pansement super absorbant pour les plaies tr\u00e8s exsudatives, cr\u00e9ant un environnement de cicatrisation humide optimal et retenant les enzymes prot\u00e9ases nocives qui sont g\u00e9n\u00e9ralement transport\u00e9es dans l&#039;exsudat des plaies chroniques. - enferme les prot\u00e9ases et les bact\u00e9ries nocives qui pourraient autrement retarder la gu\u00e9rison. - prot\u00e8ge contre la mac\u00e9ration - am\u00e9liore la peau p\u00e9ri-l\u00e9sionnelle. Produit st\u00e9rilis\u00e9\u00a0 Taille : 12x12cm\u00a0 DLC : 08\/2023\" \/>\n<meta property=\"og:url\" content=\"https:\/\/orthopara.store\/index.php\/produit\/pansement-super-absorbant-adhesif-viiwasorb-12x12-cm-1-piece\/\" \/>\n<meta property=\"og:site_name\" content=\"OrthoPara\" \/>\n<meta property=\"article:publisher\" content=\"https:\/\/www.facebook.com\/profile.php?id=61561194315651\" \/>\n<meta property=\"article:modified_time\" content=\"2024-06-28T13:57:05+00:00\" \/>\n<meta property=\"og:image\" content=\"https:\/\/orthopara.store\/wp-content\/uploads\/2024\/06\/pansement-super-absorbant-adhesif-viiwasorb-12x12-cm-1-piece.jpg\" \/>\n\t<meta property=\"og:image:width\" content=\"800\" \/>\n\t<meta property=\"og:image:height\" content=\"800\" \/>\n\t<meta property=\"og:image:type\" content=\"image\/jpeg\" \/>\n<meta name=\"twitter:card\" content=\"summary_large_image\" \/>\n<meta name=\"twitter:label1\" content=\"Dur\u00e9e de lecture estim\u00e9e\" \/>\n\t<meta name=\"twitter:data1\" content=\"2 minutes\" \/>\n<script type=\"application\/ld+json\" class=\"yoast-schema-graph\">{\"@context\":\"https:\/\/schema.org\",\"@graph\":[{\"@type\":\"WebPage\",\"@id\":\"https:\/\/orthopara.store\/index.php\/produit\/pansement-super-absorbant-adhesif-viiwasorb-12x12-cm-1-piece\/\",\"url\":\"https:\/\/orthopara.store\/index.php\/produit\/pansement-super-absorbant-adhesif-viiwasorb-12x12-cm-1-piece\/\",\"name\":\"Pansement super-absorbant adh\u00e9sif - VIiwasorb - 12x12 cm - 1 pi\u00e8ce - OrthoPara\",\"isPartOf\":{\"@id\":\"https:\/\/orthopara.store\/#website\"},\"primaryImageOfPage\":{\"@id\":\"https:\/\/orthopara.store\/index.php\/produit\/pansement-super-absorbant-adhesif-viiwasorb-12x12-cm-1-piece\/#primaryimage\"},\"image\":{\"@id\":\"https:\/\/orthopara.store\/index.php\/produit\/pansement-super-absorbant-adhesif-viiwasorb-12x12-cm-1-piece\/#primaryimage\"},\"thumbnailUrl\":\"https:\/\/orthopara.store\/wp-content\/uploads\/2024\/06\/pansement-super-absorbant-adhesif-viiwasorb-12x12-cm-1-piece.jpg\",\"datePublished\":\"2024-06-28T13:56:59+00:00\",\"dateModified\":\"2024-06-28T13:57:05+00:00\",\"breadcrumb\":{\"@id\":\"https:\/\/orthopara.store\/index.php\/produit\/pansement-super-absorbant-adhesif-viiwasorb-12x12-cm-1-piece\/#breadcrumb\"},\"inLanguage\":\"fr-FR\",\"potentialAction\":[{\"@type\":\"ReadAction\",\"target\":[\"https:\/\/orthopara.store\/index.php\/produit\/pansement-super-absorbant-adhesif-viiwasorb-12x12-cm-1-piece\/\"]}]},{\"@type\":\"ImageObject\",\"inLanguage\":\"fr-FR\",\"@id\":\"https:\/\/orthopara.store\/index.php\/produit\/pansement-super-absorbant-adhesif-viiwasorb-12x12-cm-1-piece\/#primaryimage\",\"url\":\"https:\/\/orthopara.store\/wp-content\/uploads\/2024\/06\/pansement-super-absorbant-adhesif-viiwasorb-12x12-cm-1-piece.jpg\",\"contentUrl\":\"https:\/\/orthopara.store\/wp-content\/uploads\/2024\/06\/pansement-super-absorbant-adhesif-viiwasorb-12x12-cm-1-piece.jpg\",\"width\":800,\"height\":800},{\"@type\":\"BreadcrumbList\",\"@id\":\"https:\/\/orthopara.store\/index.php\/produit\/pansement-super-absorbant-adhesif-viiwasorb-12x12-cm-1-piece\/#breadcrumb\",\"itemListElement\":[{\"@type\":\"ListItem\",\"position\":1,\"name\":\"Accueil\",\"item\":\"https:\/\/orthopara.store\/\"},{\"@type\":\"ListItem\",\"position\":2,\"name\":\"Shop\",\"item\":\"https:\/\/orthopara.store\/?page_id=622\"},{\"@type\":\"ListItem\",\"position\":3,\"name\":\"Pansement super-absorbant adh\u00e9sif &#8211; VIiwasorb &#8211; 12&#215;12 cm &#8211; 1 pi\u00e8ce\"}]},{\"@type\":\"WebSite\",\"@id\":\"https:\/\/orthopara.store\/#website\",\"url\":\"https:\/\/orthopara.store\/\",\"name\":\"OrthoPara\",\"description\":\"Parapharmacie\",\"publisher\":{\"@id\":\"https:\/\/orthopara.store\/#organization\"},\"potentialAction\":[{\"@type\":\"SearchAction\",\"target\":{\"@type\":\"EntryPoint\",\"urlTemplate\":\"https:\/\/orthopara.store\/?s={search_term_string}\"},\"query-input\":\"required name=search_term_string\"}],\"inLanguage\":\"fr-FR\"},{\"@type\":\"Organization\",\"@id\":\"https:\/\/orthopara.store\/#organization\",\"name\":\"OrthoPara\",\"url\":\"https:\/\/orthopara.store\/\",\"logo\":{\"@type\":\"ImageObject\",\"inLanguage\":\"fr-FR\",\"@id\":\"https:\/\/orthopara.store\/#\/schema\/logo\/image\/\",\"url\":\"https:\/\/orthopara.store\/wp-content\/uploads\/2024\/06\/cropped-9ABA8BAD-6256-4719-9315-15C66E64E882.png\",\"contentUrl\":\"https:\/\/orthopara.store\/wp-content\/uploads\/2024\/06\/cropped-9ABA8BAD-6256-4719-9315-15C66E64E882.png\",\"width\":240,\"height\":72,\"caption\":\"OrthoPara\"},\"image\":{\"@id\":\"https:\/\/orthopara.store\/#\/schema\/logo\/image\/\"},\"sameAs\":[\"https:\/\/www.facebook.com\/profile.php?id=61561194315651\",\"https:\/\/www.instagram.com\/orthopara_tunisie\/\"]}]}<\/script>\n<!-- \/ Yoast SEO plugin. -->","yoast_head_json":{"title":"Pansement super-absorbant adh\u00e9sif - VIiwasorb - 12x12 cm - 1 pi\u00e8ce - OrthoPara","robots":{"index":"index","follow":"follow","max-snippet":"max-snippet:-1","max-image-preview":"max-image-preview:large","max-video-preview":"max-video-preview:-1"},"canonical":"https:\/\/orthopara.store\/index.php\/produit\/pansement-super-absorbant-adhesif-viiwasorb-12x12-cm-1-piece\/","og_locale":"fr_FR","og_type":"article","og_title":"Pansement super-absorbant adh\u00e9sif - VIiwasorb - 12x12 cm - 1 pi\u00e8ce - OrthoPara","og_description":"VIiwasorb adhesive\u00a0 Pansement super-absorbant adh\u00e9sif\u00a0\u00a0 - L'adh\u00e9sif Vliwasorb est un pansement super absorbant pour les plaies tr\u00e8s exsudatives, cr\u00e9ant un environnement de cicatrisation humide optimal et retenant les enzymes prot\u00e9ases nocives qui sont g\u00e9n\u00e9ralement transport\u00e9es dans l'exsudat des plaies chroniques. - enferme les prot\u00e9ases et les bact\u00e9ries nocives qui pourraient autrement retarder la gu\u00e9rison. - prot\u00e8ge contre la mac\u00e9ration - am\u00e9liore la peau p\u00e9ri-l\u00e9sionnelle. Produit st\u00e9rilis\u00e9\u00a0 Taille : 12x12cm\u00a0 DLC : 08\/2023","og_url":"https:\/\/orthopara.store\/index.php\/produit\/pansement-super-absorbant-adhesif-viiwasorb-12x12-cm-1-piece\/","og_site_name":"OrthoPara","article_publisher":"https:\/\/www.facebook.com\/profile.php?id=61561194315651","article_modified_time":"2024-06-28T13:57:05+00:00","og_image":[{"width":800,"height":800,"url":"https:\/\/orthopara.store\/wp-content\/uploads\/2024\/06\/pansement-super-absorbant-adhesif-viiwasorb-12x12-cm-1-piece.jpg","type":"image\/jpeg"}],"twitter_card":"summary_large_image","twitter_misc":{"Dur\u00e9e de lecture estim\u00e9e":"2 minutes"},"schema":{"@context":"https:\/\/schema.org","@graph":[{"@type":"WebPage","@id":"https:\/\/orthopara.store\/index.php\/produit\/pansement-super-absorbant-adhesif-viiwasorb-12x12-cm-1-piece\/","url":"https:\/\/orthopara.store\/index.php\/produit\/pansement-super-absorbant-adhesif-viiwasorb-12x12-cm-1-piece\/","name":"Pansement super-absorbant adh\u00e9sif - VIiwasorb - 12x12 cm - 1 pi\u00e8ce - OrthoPara","isPartOf":{"@id":"https:\/\/orthopara.store\/#website"},"primaryImageOfPage":{"@id":"https:\/\/orthopara.store\/index.php\/produit\/pansement-super-absorbant-adhesif-viiwasorb-12x12-cm-1-piece\/#primaryimage"},"image":{"@id":"https:\/\/orthopara.store\/index.php\/produit\/pansement-super-absorbant-adhesif-viiwasorb-12x12-cm-1-piece\/#primaryimage"},"thumbnailUrl":"https:\/\/orthopara.store\/wp-content\/uploads\/2024\/06\/pansement-super-absorbant-adhesif-viiwasorb-12x12-cm-1-piece.jpg","datePublished":"2024-06-28T13:56:59+00:00","dateModified":"2024-06-28T13:57:05+00:00","breadcrumb":{"@id":"https:\/\/orthopara.store\/index.php\/produit\/pansement-super-absorbant-adhesif-viiwasorb-12x12-cm-1-piece\/#breadcrumb"},"inLanguage":"fr-FR","potentialAction":[{"@type":"ReadAction","target":["https:\/\/orthopara.store\/index.php\/produit\/pansement-super-absorbant-adhesif-viiwasorb-12x12-cm-1-piece\/"]}]},{"@type":"ImageObject","inLanguage":"fr-FR","@id":"https:\/\/orthopara.store\/index.php\/produit\/pansement-super-absorbant-adhesif-viiwasorb-12x12-cm-1-piece\/#primaryimage","url":"https:\/\/orthopara.store\/wp-content\/uploads\/2024\/06\/pansement-super-absorbant-adhesif-viiwasorb-12x12-cm-1-piece.jpg","contentUrl":"https:\/\/orthopara.store\/wp-content\/uploads\/2024\/06\/pansement-super-absorbant-adhesif-viiwasorb-12x12-cm-1-piece.jpg","width":800,"height":800},{"@type":"BreadcrumbList","@id":"https:\/\/orthopara.store\/index.php\/produit\/pansement-super-absorbant-adhesif-viiwasorb-12x12-cm-1-piece\/#breadcrumb","itemListElement":[{"@type":"ListItem","position":1,"name":"Accueil","item":"https:\/\/orthopara.store\/"},{"@type":"ListItem","position":2,"name":"Shop","item":"https:\/\/orthopara.store\/?page_id=622"},{"@type":"ListItem","position":3,"name":"Pansement super-absorbant adh\u00e9sif &#8211; VIiwasorb &#8211; 12&#215;12 cm &#8211; 1 pi\u00e8ce"}]},{"@type":"WebSite","@id":"https:\/\/orthopara.store\/#website","url":"https:\/\/orthopara.store\/","name":"OrthoPara","description":"Parapharmacie","publisher":{"@id":"https:\/\/orthopara.store\/#organization"},"potentialAction":[{"@type":"SearchAction","target":{"@type":"EntryPoint","urlTemplate":"https:\/\/orthopara.store\/?s={search_term_string}"},"query-input":"required name=search_term_string"}],"inLanguage":"fr-FR"},{"@type":"Organization","@id":"https:\/\/orthopara.store\/#organization","name":"OrthoPara","url":"https:\/\/orthopara.store\/","logo":{"@type":"ImageObject","inLanguage":"fr-FR","@id":"https:\/\/orthopara.store\/#\/schema\/logo\/image\/","url":"https:\/\/orthopara.store\/wp-content\/uploads\/2024\/06\/cropped-9ABA8BAD-6256-4719-9315-15C66E64E882.png","contentUrl":"https:\/\/orthopara.store\/wp-content\/uploads\/2024\/06\/cropped-9ABA8BAD-6256-4719-9315-15C66E64E882.png","width":240,"height":72,"caption":"OrthoPara"},"image":{"@id":"https:\/\/orthopara.store\/#\/schema\/logo\/image\/"},"sameAs":["https:\/\/www.facebook.com\/profile.php?id=61561194315651","https:\/\/www.instagram.com\/orthopara_tunisie\/"]}]}},"jetpack_sharing_enabled":true,"brands":[{"id":266,"name":"Lohmann-And-Rauscher","slug":"lohmann-and-rauscher"}],"_links":{"self":[{"href":"https:\/\/orthopara.store\/index.php?rest_route=\/wp\/v2\/product\/2109","targetHints":{"allow":["GET"]}}],"collection":[{"href":"https:\/\/orthopara.store\/index.php?rest_route=\/wp\/v2\/product"}],"about":[{"href":"https:\/\/orthopara.store\/index.php?rest_route=\/wp\/v2\/types\/product"}],"replies":[{"embeddable":true,"href":"https:\/\/orthopara.store\/index.php?rest_route=%2Fwp%2Fv2%2Fcomments&post=2109"}],"wp:featuredmedia":[{"embeddable":true,"href":"https:\/\/orthopara.store\/index.php?rest_route=\/wp\/v2\/media\/2132"}],"wp:attachment":[{"href":"https:\/\/orthopara.store\/index.php?rest_route=%2Fwp%2Fv2%2Fmedia&parent=2109"}],"wp:term":[{"taxonomy":"pwb-brand","embeddable":true,"href":"https:\/\/orthopara.store\/index.php?rest_route=%2Fwp%2Fv2%2Fpwb-brand&post=2109"},{"taxonomy":"product_cat","embeddable":true,"href":"https:\/\/orthopara.store\/index.php?rest_route=%2Fwp%2Fv2%2Fproduct_cat&post=2109"},{"taxonomy":"product_tag","embeddable":true,"href":"https:\/\/orthopara.store\/index.php?rest_route=%2Fwp%2Fv2%2Fproduct_tag&post=2109"}],"curies":[{"name":"wp","href":"https:\/\/api.w.org\/{rel}","templated":true}]}}