{"id":2120,"date":"2024-06-28T15:57:00","date_gmt":"2024-06-28T13:57:00","guid":{"rendered":"https:\/\/orthopara.store\/?post_type=product&#038;p=2120"},"modified":"2024-06-28T15:57:10","modified_gmt":"2024-06-28T13:57:10","slug":"pansement-film-en-rouleau-suprasob-f-10cm-x-1m","status":"publish","type":"product","link":"https:\/\/orthopara.store\/?product=pansement-film-en-rouleau-suprasob-f-10cm-x-1m","title":{"rendered":"Pansement film en rouleau &#8211; Suprasob F &#8211; 10cm x 1m"},"content":{"rendered":"<p>Pansement film en rouleau &#8211; Suprasob F &#8211; 10cm x 1m\u00a0<br \/>\nle pansement film en rouleau Suprasob &#8211; F est un film pansement tr\u00e8s souple, perm\u00e9able \u00e0 la vapeur d&rsquo;eau, auto-adh\u00e9sif et transparent.\u00a0<br \/>\ncomposition du produit :<br \/>\npolyur\u00e9thane, polyacrylate, polyester avec rev\u00eatement en poly\u00e9thyl\u00e8ne et polydim\u00e9thylsiloxane, papier glassine avec rev\u00eatement en polcacrylate, adh\u00e9sif thermofusible auto-adh\u00e9sif, papier silicon\u00e9 blanchi imprim\u00e9\u00a0<br \/>\nUtilisation :<br \/>\nSuprasob F pansement film en rouleau est con\u00e7u pour favoriser la prophylaxie au niveau des zones cutan\u00e9s pr\u00e9sentant un risques d&rsquo;escarre, pour la fixation dans le traitement des plaies et pour les premier soins de petites plaies superficielles.\u00a0\u00a0<br \/>\nPlaies faiblement exsudatives\u00a0<br \/>\nplaies superficielles<br \/>\nContres indications :<br \/>\nplaies infect\u00e9es<br \/>\nallergies ou hypersensibilit\u00e9 connue \u00e0 l&rsquo;un des composants du produit\u00a0<\/p>\n<p>\u00a0<\/p>\n","protected":false},"excerpt":{"rendered":"<p>Suprasob F\u00a0<br \/>\npansement film en rouleau non st\u00e9rile\u00a0<br \/>\nindications :\u00a0<br \/>\nPlaies faiblement exsudatives\u00a0<br \/>\nplaies superficielles<br \/>\nplaies non infect\u00e9es\u00a0<br \/>\nTaille : 10cm x 1m\u00a0<\/p>\n","protected":false},"featured_media":2143,"comment_status":"open","ping_status":"closed","template":"","meta":[],"pwb-brand":[266],"product_cat":[264],"product_tag":[],"class_list":{"0":"post-2120","1":"product","2":"type-product","3":"status-publish","4":"has-post-thumbnail","6":"pwb-brand-lohmann-and-rauscher","7":"product_cat-pansements","8":"post","9":"ws-product--style-1","11":"first","12":"instock","13":"shipping-taxable","14":"purchasable","15":"product-type-simple"},"yoast_head":"<!-- This site is optimized with the Yoast SEO plugin v23.0 - https:\/\/yoast.com\/wordpress\/plugins\/seo\/ -->\n<title>Pansement film en rouleau - Suprasob F - 10cm x 1m - OrthoPara<\/title>\n<meta name=\"robots\" content=\"index, follow, max-snippet:-1, max-image-preview:large, max-video-preview:-1\" \/>\n<link rel=\"canonical\" href=\"https:\/\/orthopara.store\/index.php\/produit\/pansement-film-en-rouleau-suprasob-f-10cm-x-1m\/\" \/>\n<meta property=\"og:locale\" content=\"fr_FR\" \/>\n<meta property=\"og:type\" content=\"article\" \/>\n<meta property=\"og:title\" content=\"Pansement film en rouleau - Suprasob F - 10cm x 1m - OrthoPara\" \/>\n<meta property=\"og:description\" content=\"Suprasob F\u00a0 pansement film en rouleau non st\u00e9rile\u00a0 indications :\u00a0 Plaies faiblement exsudatives\u00a0 plaies superficielles plaies non infect\u00e9es\u00a0 Taille : 10cm x 1m\u00a0\" \/>\n<meta property=\"og:url\" content=\"https:\/\/orthopara.store\/index.php\/produit\/pansement-film-en-rouleau-suprasob-f-10cm-x-1m\/\" \/>\n<meta property=\"og:site_name\" content=\"OrthoPara\" \/>\n<meta property=\"article:publisher\" content=\"https:\/\/www.facebook.com\/profile.php?id=61561194315651\" \/>\n<meta property=\"article:modified_time\" content=\"2024-06-28T13:57:10+00:00\" \/>\n<meta property=\"og:image\" content=\"https:\/\/orthopara.store\/wp-content\/uploads\/2024\/06\/pensement-film-en-rouleau-suprasob-f-10cm-x-1m-.jpg\" \/>\n\t<meta property=\"og:image:width\" content=\"800\" \/>\n\t<meta property=\"og:image:height\" content=\"800\" \/>\n\t<meta property=\"og:image:type\" content=\"image\/jpeg\" \/>\n<meta name=\"twitter:card\" content=\"summary_large_image\" \/>\n<meta name=\"twitter:label1\" content=\"Dur\u00e9e de lecture estim\u00e9e\" \/>\n\t<meta name=\"twitter:data1\" content=\"1 minute\" \/>\n<script type=\"application\/ld+json\" class=\"yoast-schema-graph\">{\"@context\":\"https:\/\/schema.org\",\"@graph\":[{\"@type\":\"WebPage\",\"@id\":\"https:\/\/orthopara.store\/index.php\/produit\/pansement-film-en-rouleau-suprasob-f-10cm-x-1m\/\",\"url\":\"https:\/\/orthopara.store\/index.php\/produit\/pansement-film-en-rouleau-suprasob-f-10cm-x-1m\/\",\"name\":\"Pansement film en rouleau - Suprasob F - 10cm x 1m - OrthoPara\",\"isPartOf\":{\"@id\":\"https:\/\/orthopara.store\/#website\"},\"primaryImageOfPage\":{\"@id\":\"https:\/\/orthopara.store\/index.php\/produit\/pansement-film-en-rouleau-suprasob-f-10cm-x-1m\/#primaryimage\"},\"image\":{\"@id\":\"https:\/\/orthopara.store\/index.php\/produit\/pansement-film-en-rouleau-suprasob-f-10cm-x-1m\/#primaryimage\"},\"thumbnailUrl\":\"https:\/\/orthopara.store\/wp-content\/uploads\/2024\/06\/pensement-film-en-rouleau-suprasob-f-10cm-x-1m-.jpg\",\"datePublished\":\"2024-06-28T13:57:00+00:00\",\"dateModified\":\"2024-06-28T13:57:10+00:00\",\"breadcrumb\":{\"@id\":\"https:\/\/orthopara.store\/index.php\/produit\/pansement-film-en-rouleau-suprasob-f-10cm-x-1m\/#breadcrumb\"},\"inLanguage\":\"fr-FR\",\"potentialAction\":[{\"@type\":\"ReadAction\",\"target\":[\"https:\/\/orthopara.store\/index.php\/produit\/pansement-film-en-rouleau-suprasob-f-10cm-x-1m\/\"]}]},{\"@type\":\"ImageObject\",\"inLanguage\":\"fr-FR\",\"@id\":\"https:\/\/orthopara.store\/index.php\/produit\/pansement-film-en-rouleau-suprasob-f-10cm-x-1m\/#primaryimage\",\"url\":\"https:\/\/orthopara.store\/wp-content\/uploads\/2024\/06\/pensement-film-en-rouleau-suprasob-f-10cm-x-1m-.jpg\",\"contentUrl\":\"https:\/\/orthopara.store\/wp-content\/uploads\/2024\/06\/pensement-film-en-rouleau-suprasob-f-10cm-x-1m-.jpg\",\"width\":800,\"height\":800},{\"@type\":\"BreadcrumbList\",\"@id\":\"https:\/\/orthopara.store\/index.php\/produit\/pansement-film-en-rouleau-suprasob-f-10cm-x-1m\/#breadcrumb\",\"itemListElement\":[{\"@type\":\"ListItem\",\"position\":1,\"name\":\"Accueil\",\"item\":\"https:\/\/orthopara.store\/\"},{\"@type\":\"ListItem\",\"position\":2,\"name\":\"Shop\",\"item\":\"https:\/\/orthopara.store\/?page_id=622\"},{\"@type\":\"ListItem\",\"position\":3,\"name\":\"Pansement film en rouleau &#8211; Suprasob F &#8211; 10cm x 1m\"}]},{\"@type\":\"WebSite\",\"@id\":\"https:\/\/orthopara.store\/#website\",\"url\":\"https:\/\/orthopara.store\/\",\"name\":\"OrthoPara\",\"description\":\"Parapharmacie\",\"publisher\":{\"@id\":\"https:\/\/orthopara.store\/#organization\"},\"potentialAction\":[{\"@type\":\"SearchAction\",\"target\":{\"@type\":\"EntryPoint\",\"urlTemplate\":\"https:\/\/orthopara.store\/?s={search_term_string}\"},\"query-input\":\"required name=search_term_string\"}],\"inLanguage\":\"fr-FR\"},{\"@type\":\"Organization\",\"@id\":\"https:\/\/orthopara.store\/#organization\",\"name\":\"OrthoPara\",\"url\":\"https:\/\/orthopara.store\/\",\"logo\":{\"@type\":\"ImageObject\",\"inLanguage\":\"fr-FR\",\"@id\":\"https:\/\/orthopara.store\/#\/schema\/logo\/image\/\",\"url\":\"https:\/\/orthopara.store\/wp-content\/uploads\/2024\/06\/cropped-9ABA8BAD-6256-4719-9315-15C66E64E882.png\",\"contentUrl\":\"https:\/\/orthopara.store\/wp-content\/uploads\/2024\/06\/cropped-9ABA8BAD-6256-4719-9315-15C66E64E882.png\",\"width\":240,\"height\":72,\"caption\":\"OrthoPara\"},\"image\":{\"@id\":\"https:\/\/orthopara.store\/#\/schema\/logo\/image\/\"},\"sameAs\":[\"https:\/\/www.facebook.com\/profile.php?id=61561194315651\",\"https:\/\/www.instagram.com\/orthopara_tunisie\/\"]}]}<\/script>\n<!-- \/ Yoast SEO plugin. -->","yoast_head_json":{"title":"Pansement film en rouleau - Suprasob F - 10cm x 1m - OrthoPara","robots":{"index":"index","follow":"follow","max-snippet":"max-snippet:-1","max-image-preview":"max-image-preview:large","max-video-preview":"max-video-preview:-1"},"canonical":"https:\/\/orthopara.store\/index.php\/produit\/pansement-film-en-rouleau-suprasob-f-10cm-x-1m\/","og_locale":"fr_FR","og_type":"article","og_title":"Pansement film en rouleau - Suprasob F - 10cm x 1m - OrthoPara","og_description":"Suprasob F\u00a0 pansement film en rouleau non st\u00e9rile\u00a0 indications :\u00a0 Plaies faiblement exsudatives\u00a0 plaies superficielles plaies non infect\u00e9es\u00a0 Taille : 10cm x 1m\u00a0","og_url":"https:\/\/orthopara.store\/index.php\/produit\/pansement-film-en-rouleau-suprasob-f-10cm-x-1m\/","og_site_name":"OrthoPara","article_publisher":"https:\/\/www.facebook.com\/profile.php?id=61561194315651","article_modified_time":"2024-06-28T13:57:10+00:00","og_image":[{"width":800,"height":800,"url":"https:\/\/orthopara.store\/wp-content\/uploads\/2024\/06\/pensement-film-en-rouleau-suprasob-f-10cm-x-1m-.jpg","type":"image\/jpeg"}],"twitter_card":"summary_large_image","twitter_misc":{"Dur\u00e9e de lecture estim\u00e9e":"1 minute"},"schema":{"@context":"https:\/\/schema.org","@graph":[{"@type":"WebPage","@id":"https:\/\/orthopara.store\/index.php\/produit\/pansement-film-en-rouleau-suprasob-f-10cm-x-1m\/","url":"https:\/\/orthopara.store\/index.php\/produit\/pansement-film-en-rouleau-suprasob-f-10cm-x-1m\/","name":"Pansement film en rouleau - Suprasob F - 10cm x 1m - OrthoPara","isPartOf":{"@id":"https:\/\/orthopara.store\/#website"},"primaryImageOfPage":{"@id":"https:\/\/orthopara.store\/index.php\/produit\/pansement-film-en-rouleau-suprasob-f-10cm-x-1m\/#primaryimage"},"image":{"@id":"https:\/\/orthopara.store\/index.php\/produit\/pansement-film-en-rouleau-suprasob-f-10cm-x-1m\/#primaryimage"},"thumbnailUrl":"https:\/\/orthopara.store\/wp-content\/uploads\/2024\/06\/pensement-film-en-rouleau-suprasob-f-10cm-x-1m-.jpg","datePublished":"2024-06-28T13:57:00+00:00","dateModified":"2024-06-28T13:57:10+00:00","breadcrumb":{"@id":"https:\/\/orthopara.store\/index.php\/produit\/pansement-film-en-rouleau-suprasob-f-10cm-x-1m\/#breadcrumb"},"inLanguage":"fr-FR","potentialAction":[{"@type":"ReadAction","target":["https:\/\/orthopara.store\/index.php\/produit\/pansement-film-en-rouleau-suprasob-f-10cm-x-1m\/"]}]},{"@type":"ImageObject","inLanguage":"fr-FR","@id":"https:\/\/orthopara.store\/index.php\/produit\/pansement-film-en-rouleau-suprasob-f-10cm-x-1m\/#primaryimage","url":"https:\/\/orthopara.store\/wp-content\/uploads\/2024\/06\/pensement-film-en-rouleau-suprasob-f-10cm-x-1m-.jpg","contentUrl":"https:\/\/orthopara.store\/wp-content\/uploads\/2024\/06\/pensement-film-en-rouleau-suprasob-f-10cm-x-1m-.jpg","width":800,"height":800},{"@type":"BreadcrumbList","@id":"https:\/\/orthopara.store\/index.php\/produit\/pansement-film-en-rouleau-suprasob-f-10cm-x-1m\/#breadcrumb","itemListElement":[{"@type":"ListItem","position":1,"name":"Accueil","item":"https:\/\/orthopara.store\/"},{"@type":"ListItem","position":2,"name":"Shop","item":"https:\/\/orthopara.store\/?page_id=622"},{"@type":"ListItem","position":3,"name":"Pansement film en rouleau &#8211; Suprasob F &#8211; 10cm x 1m"}]},{"@type":"WebSite","@id":"https:\/\/orthopara.store\/#website","url":"https:\/\/orthopara.store\/","name":"OrthoPara","description":"Parapharmacie","publisher":{"@id":"https:\/\/orthopara.store\/#organization"},"potentialAction":[{"@type":"SearchAction","target":{"@type":"EntryPoint","urlTemplate":"https:\/\/orthopara.store\/?s={search_term_string}"},"query-input":"required name=search_term_string"}],"inLanguage":"fr-FR"},{"@type":"Organization","@id":"https:\/\/orthopara.store\/#organization","name":"OrthoPara","url":"https:\/\/orthopara.store\/","logo":{"@type":"ImageObject","inLanguage":"fr-FR","@id":"https:\/\/orthopara.store\/#\/schema\/logo\/image\/","url":"https:\/\/orthopara.store\/wp-content\/uploads\/2024\/06\/cropped-9ABA8BAD-6256-4719-9315-15C66E64E882.png","contentUrl":"https:\/\/orthopara.store\/wp-content\/uploads\/2024\/06\/cropped-9ABA8BAD-6256-4719-9315-15C66E64E882.png","width":240,"height":72,"caption":"OrthoPara"},"image":{"@id":"https:\/\/orthopara.store\/#\/schema\/logo\/image\/"},"sameAs":["https:\/\/www.facebook.com\/profile.php?id=61561194315651","https:\/\/www.instagram.com\/orthopara_tunisie\/"]}]}},"jetpack_sharing_enabled":true,"brands":[{"id":266,"name":"Lohmann-And-Rauscher","slug":"lohmann-and-rauscher"}],"_links":{"self":[{"href":"https:\/\/orthopara.store\/index.php?rest_route=\/wp\/v2\/product\/2120","targetHints":{"allow":["GET"]}}],"collection":[{"href":"https:\/\/orthopara.store\/index.php?rest_route=\/wp\/v2\/product"}],"about":[{"href":"https:\/\/orthopara.store\/index.php?rest_route=\/wp\/v2\/types\/product"}],"replies":[{"embeddable":true,"href":"https:\/\/orthopara.store\/index.php?rest_route=%2Fwp%2Fv2%2Fcomments&post=2120"}],"wp:featuredmedia":[{"embeddable":true,"href":"https:\/\/orthopara.store\/index.php?rest_route=\/wp\/v2\/media\/2143"}],"wp:attachment":[{"href":"https:\/\/orthopara.store\/index.php?rest_route=%2Fwp%2Fv2%2Fmedia&parent=2120"}],"wp:term":[{"taxonomy":"pwb-brand","embeddable":true,"href":"https:\/\/orthopara.store\/index.php?rest_route=%2Fwp%2Fv2%2Fpwb-brand&post=2120"},{"taxonomy":"product_cat","embeddable":true,"href":"https:\/\/orthopara.store\/index.php?rest_route=%2Fwp%2Fv2%2Fproduct_cat&post=2120"},{"taxonomy":"product_tag","embeddable":true,"href":"https:\/\/orthopara.store\/index.php?rest_route=%2Fwp%2Fv2%2Fproduct_tag&post=2120"}],"curies":[{"name":"wp","href":"https:\/\/api.w.org\/{rel}","templated":true}]}}