{"id":2121,"date":"2024-06-28T15:57:00","date_gmt":"2024-06-28T13:57:00","guid":{"rendered":"https:\/\/orthopara.store\/?post_type=product&#038;p=2121"},"modified":"2024-06-28T15:57:10","modified_gmt":"2024-06-28T13:57:10","slug":"pansement-hydrofiber-10cm-x-10cm-convatec-aquacel-extra-ag","status":"publish","type":"product","link":"https:\/\/orthopara.store\/?product=pansement-hydrofiber-10cm-x-10cm-convatec-aquacel-extra-ag","title":{"rendered":"Pansement Hydrofiber\u2122  10cm x 10cm &#8211; Convatec Aquacel Extra Ag+"},"content":{"rendered":"<p>Pansement Hydrofiber\u2122 \u00a010cm x 10cm &#8211; Convatec Aquacel Extra Ag+ &#8211; 1 pi\u00e8ce<br \/>\nPropri\u00e9t\u00e9s :<br \/>\nLes pansements AQUACEL\u00ae Ag+\u00a0 sont des pansements primaires antimicrobiens pour le traitement des plaies infect\u00e9es ou \u00e0 risque d&rsquo;infections. Ils sont con\u00e7us pour prendre en charge les 3 obstacles locaux cl\u00e9s \u00e0 la cicatrisation : l&rsquo;exsudat, les infections et les biofilms. Les pansements AQUACEL\u00ae Ag+\u00a0 incorporent les technologies \u00e9prouv\u00e9es Hydrofiber\u2122 et Ag+ &#8211; une formule antibiofilm contenant des ions argent, unique en son genre1. Les pansements AQUACEL\u00ae Ag+ sont offerts en pansements AQUACEL\u00a9 Ag+ Extra et en pansements-ruban AQUACEL\u00ae<br \/>\nAg+. Le pansement AQUACEL\u00ae Ag+ Extra se compose de deux couches fabriqu\u00e9es avec la technologie Hydrofiber\u2122 et li\u00e9es par couture, ce qui augmente de neuf fois sa r\u00e9sistance et de 50 % sa capacit\u00e9 d&rsquo;absorption comparativement au pansement AQUACEL\u00ae Ag standard2.<br \/>\nLe pansement-ruban AQUACEL\u00ae Ag+ est \u00e9galement renforc\u00e9 par la technique de liaison par couture.\u00a0<br \/>\nIndications :<br \/>\nAQUACEL\u00ae Ag+ Extra, pansement hydrofiber\u2122 am\u00e9lior\u00e9 avec argent et fibre renforc\u00e9e peut \u00eatre utilis\u00e9 comme indiqu\u00e9 dans pour la prise en charge :<br \/>\ndes plaies comme une barri\u00e8re contre la p\u00e9n\u00e9tration bact\u00e9rienne ce qui peut aider \u00e0 r\u00e9duire l&rsquo;infection\u00a0<br \/>\ndes plaies infect\u00e9es ou pr\u00e9sentant un risque\u00a0 accru d&rsquo;infection<br \/>\ndes ulc\u00e8res du pied diab\u00e9tique, ulc\u00e8res de jambe ( veineux, art\u00e9riels et ulc\u00e8res de jambes d&rsquo;\u00e9tiologie mixte) escarres (superficielles ou profondes)<br \/>\ndes plaies chirurgicales<br \/>\ndes plaies traumatiques\u00a0<br \/>\ndes plaies tendance \u00e0 saigner, telles que les plaies ayant \u00e9t\u00e9 d\u00e9terg\u00e9es m\u00e9caniquement ou chirurgicalement\u00a0<br \/>\ndes plaies oncologiques exsudatives telles que les tumeurs \u00e0 mycosis fongo\u00efde, les carcinomes fongo\u00efdes, les m\u00e9tastases cutan\u00e9es, les sarcomes de kaposi et\u00a0 les angiosarcomes.<br \/>\ndes plaies o\u00f9 les bact\u00e9ries peuvent \u00eatre responsables de chronicit\u00e9 ou de retard de cicatrisation\u00a0<br \/>\nContre-indications :<br \/>\nAQUACEL\u00ae Ag+ Extra, pansement hydrofiber\u2122 am\u00e9lior\u00e9 avec argent et fibre renforc\u00e9e ne doit pas \u00eatre utilis\u00e9 chez les personnes sensibles ou ayant eu une r\u00e9action allergique \u00e0 l&rsquo;argent, \u00e0 la carboxym\u00e9thylcellulose de sodium, au sel disodique \u00e9thyl\u00e8nediaminet\u00e9traac\u00e9tique (EDTA) ou au chlorure de benz\u00e9thonium (BeCI)\u00a0<br \/>\nConseils d\u2019utilisation :<br \/>\nSe r\u00e9f\u00e9rer \u00e0 la notice d&rsquo;utilisation pour le mode d&#8217;emploi complet des produits.<\/p>\n","protected":false},"excerpt":{"rendered":"<p>\u00a0Convatec Aquacel Extra Ag+<\/p>\n<p>Pansement avec argent et fibres renforc\u00e9es pour plaies critiquement colonis\u00e9es et plaies infect\u00e9es.<\/p>\n<p>Soins des plaies pr\u00e9sentant une infection ou un risque accru d&rsquo;infection.<\/p>\n<p>Taille : 10cm X 10cm<br \/>\n1 pi\u00e8ce\u00a0<\/p>\n","protected":false},"featured_media":2144,"comment_status":"open","ping_status":"closed","template":"","meta":[],"pwb-brand":[268],"product_cat":[264],"product_tag":[],"class_list":{"0":"post-2121","1":"product","2":"type-product","3":"status-publish","4":"has-post-thumbnail","6":"pwb-brand-convatec","7":"product_cat-pansements","8":"post","9":"ws-product--style-1","11":"first","12":"instock","13":"shipping-taxable","14":"purchasable","15":"product-type-simple"},"yoast_head":"<!-- This site is optimized with the Yoast SEO plugin v23.0 - https:\/\/yoast.com\/wordpress\/plugins\/seo\/ -->\n<title>Pansement Hydrofiber\u2122 10cm x 10cm - Convatec Aquacel Extra Ag+ - OrthoPara<\/title>\n<meta name=\"robots\" content=\"index, follow, max-snippet:-1, max-image-preview:large, max-video-preview:-1\" \/>\n<link rel=\"canonical\" href=\"https:\/\/orthopara.store\/index.php\/produit\/pansement-hydrofiber-10cm-x-10cm-convatec-aquacel-extra-ag\/\" \/>\n<meta property=\"og:locale\" content=\"fr_FR\" \/>\n<meta property=\"og:type\" content=\"article\" \/>\n<meta property=\"og:title\" content=\"Pansement Hydrofiber\u2122 10cm x 10cm - Convatec Aquacel Extra Ag+ - OrthoPara\" \/>\n<meta property=\"og:description\" content=\"\u00a0Convatec Aquacel Extra Ag+ Pansement avec argent et fibres renforc\u00e9es pour plaies critiquement colonis\u00e9es et plaies infect\u00e9es. Soins des plaies pr\u00e9sentant une infection ou un risque accru d&#039;infection. Taille : 10cm X 10cm 1 pi\u00e8ce\u00a0\" \/>\n<meta property=\"og:url\" content=\"https:\/\/orthopara.store\/index.php\/produit\/pansement-hydrofiber-10cm-x-10cm-convatec-aquacel-extra-ag\/\" \/>\n<meta property=\"og:site_name\" content=\"OrthoPara\" \/>\n<meta property=\"article:publisher\" content=\"https:\/\/www.facebook.com\/profile.php?id=61561194315651\" \/>\n<meta property=\"article:modified_time\" content=\"2024-06-28T13:57:10+00:00\" \/>\n<meta property=\"og:image\" content=\"https:\/\/orthopara.store\/wp-content\/uploads\/2024\/06\/pansement-hydrofiber-10cm-x-10cm-convatec-aquacel-extra-ag.jpg\" \/>\n\t<meta property=\"og:image:width\" content=\"800\" \/>\n\t<meta property=\"og:image:height\" content=\"800\" \/>\n\t<meta property=\"og:image:type\" content=\"image\/jpeg\" \/>\n<meta name=\"twitter:card\" content=\"summary_large_image\" \/>\n<meta name=\"twitter:label1\" content=\"Dur\u00e9e de lecture estim\u00e9e\" \/>\n\t<meta name=\"twitter:data1\" content=\"2 minutes\" \/>\n<script type=\"application\/ld+json\" class=\"yoast-schema-graph\">{\"@context\":\"https:\/\/schema.org\",\"@graph\":[{\"@type\":\"WebPage\",\"@id\":\"https:\/\/orthopara.store\/index.php\/produit\/pansement-hydrofiber-10cm-x-10cm-convatec-aquacel-extra-ag\/\",\"url\":\"https:\/\/orthopara.store\/index.php\/produit\/pansement-hydrofiber-10cm-x-10cm-convatec-aquacel-extra-ag\/\",\"name\":\"Pansement Hydrofiber\u2122 10cm x 10cm - Convatec Aquacel Extra Ag+ - OrthoPara\",\"isPartOf\":{\"@id\":\"https:\/\/orthopara.store\/#website\"},\"primaryImageOfPage\":{\"@id\":\"https:\/\/orthopara.store\/index.php\/produit\/pansement-hydrofiber-10cm-x-10cm-convatec-aquacel-extra-ag\/#primaryimage\"},\"image\":{\"@id\":\"https:\/\/orthopara.store\/index.php\/produit\/pansement-hydrofiber-10cm-x-10cm-convatec-aquacel-extra-ag\/#primaryimage\"},\"thumbnailUrl\":\"https:\/\/orthopara.store\/wp-content\/uploads\/2024\/06\/pansement-hydrofiber-10cm-x-10cm-convatec-aquacel-extra-ag.jpg\",\"datePublished\":\"2024-06-28T13:57:00+00:00\",\"dateModified\":\"2024-06-28T13:57:10+00:00\",\"breadcrumb\":{\"@id\":\"https:\/\/orthopara.store\/index.php\/produit\/pansement-hydrofiber-10cm-x-10cm-convatec-aquacel-extra-ag\/#breadcrumb\"},\"inLanguage\":\"fr-FR\",\"potentialAction\":[{\"@type\":\"ReadAction\",\"target\":[\"https:\/\/orthopara.store\/index.php\/produit\/pansement-hydrofiber-10cm-x-10cm-convatec-aquacel-extra-ag\/\"]}]},{\"@type\":\"ImageObject\",\"inLanguage\":\"fr-FR\",\"@id\":\"https:\/\/orthopara.store\/index.php\/produit\/pansement-hydrofiber-10cm-x-10cm-convatec-aquacel-extra-ag\/#primaryimage\",\"url\":\"https:\/\/orthopara.store\/wp-content\/uploads\/2024\/06\/pansement-hydrofiber-10cm-x-10cm-convatec-aquacel-extra-ag.jpg\",\"contentUrl\":\"https:\/\/orthopara.store\/wp-content\/uploads\/2024\/06\/pansement-hydrofiber-10cm-x-10cm-convatec-aquacel-extra-ag.jpg\",\"width\":800,\"height\":800},{\"@type\":\"BreadcrumbList\",\"@id\":\"https:\/\/orthopara.store\/index.php\/produit\/pansement-hydrofiber-10cm-x-10cm-convatec-aquacel-extra-ag\/#breadcrumb\",\"itemListElement\":[{\"@type\":\"ListItem\",\"position\":1,\"name\":\"Accueil\",\"item\":\"https:\/\/orthopara.store\/\"},{\"@type\":\"ListItem\",\"position\":2,\"name\":\"Shop\",\"item\":\"https:\/\/orthopara.store\/?page_id=622\"},{\"@type\":\"ListItem\",\"position\":3,\"name\":\"Pansement Hydrofiber\u2122 10cm x 10cm &#8211; Convatec Aquacel Extra Ag+\"}]},{\"@type\":\"WebSite\",\"@id\":\"https:\/\/orthopara.store\/#website\",\"url\":\"https:\/\/orthopara.store\/\",\"name\":\"OrthoPara\",\"description\":\"Parapharmacie\",\"publisher\":{\"@id\":\"https:\/\/orthopara.store\/#organization\"},\"potentialAction\":[{\"@type\":\"SearchAction\",\"target\":{\"@type\":\"EntryPoint\",\"urlTemplate\":\"https:\/\/orthopara.store\/?s={search_term_string}\"},\"query-input\":\"required name=search_term_string\"}],\"inLanguage\":\"fr-FR\"},{\"@type\":\"Organization\",\"@id\":\"https:\/\/orthopara.store\/#organization\",\"name\":\"OrthoPara\",\"url\":\"https:\/\/orthopara.store\/\",\"logo\":{\"@type\":\"ImageObject\",\"inLanguage\":\"fr-FR\",\"@id\":\"https:\/\/orthopara.store\/#\/schema\/logo\/image\/\",\"url\":\"https:\/\/orthopara.store\/wp-content\/uploads\/2024\/06\/cropped-9ABA8BAD-6256-4719-9315-15C66E64E882.png\",\"contentUrl\":\"https:\/\/orthopara.store\/wp-content\/uploads\/2024\/06\/cropped-9ABA8BAD-6256-4719-9315-15C66E64E882.png\",\"width\":240,\"height\":72,\"caption\":\"OrthoPara\"},\"image\":{\"@id\":\"https:\/\/orthopara.store\/#\/schema\/logo\/image\/\"},\"sameAs\":[\"https:\/\/www.facebook.com\/profile.php?id=61561194315651\",\"https:\/\/www.instagram.com\/orthopara_tunisie\/\"]}]}<\/script>\n<!-- \/ Yoast SEO plugin. -->","yoast_head_json":{"title":"Pansement Hydrofiber\u2122 10cm x 10cm - Convatec Aquacel Extra Ag+ - OrthoPara","robots":{"index":"index","follow":"follow","max-snippet":"max-snippet:-1","max-image-preview":"max-image-preview:large","max-video-preview":"max-video-preview:-1"},"canonical":"https:\/\/orthopara.store\/index.php\/produit\/pansement-hydrofiber-10cm-x-10cm-convatec-aquacel-extra-ag\/","og_locale":"fr_FR","og_type":"article","og_title":"Pansement Hydrofiber\u2122 10cm x 10cm - Convatec Aquacel Extra Ag+ - OrthoPara","og_description":"\u00a0Convatec Aquacel Extra Ag+ Pansement avec argent et fibres renforc\u00e9es pour plaies critiquement colonis\u00e9es et plaies infect\u00e9es. Soins des plaies pr\u00e9sentant une infection ou un risque accru d'infection. Taille : 10cm X 10cm 1 pi\u00e8ce\u00a0","og_url":"https:\/\/orthopara.store\/index.php\/produit\/pansement-hydrofiber-10cm-x-10cm-convatec-aquacel-extra-ag\/","og_site_name":"OrthoPara","article_publisher":"https:\/\/www.facebook.com\/profile.php?id=61561194315651","article_modified_time":"2024-06-28T13:57:10+00:00","og_image":[{"width":800,"height":800,"url":"https:\/\/orthopara.store\/wp-content\/uploads\/2024\/06\/pansement-hydrofiber-10cm-x-10cm-convatec-aquacel-extra-ag.jpg","type":"image\/jpeg"}],"twitter_card":"summary_large_image","twitter_misc":{"Dur\u00e9e de lecture estim\u00e9e":"2 minutes"},"schema":{"@context":"https:\/\/schema.org","@graph":[{"@type":"WebPage","@id":"https:\/\/orthopara.store\/index.php\/produit\/pansement-hydrofiber-10cm-x-10cm-convatec-aquacel-extra-ag\/","url":"https:\/\/orthopara.store\/index.php\/produit\/pansement-hydrofiber-10cm-x-10cm-convatec-aquacel-extra-ag\/","name":"Pansement Hydrofiber\u2122 10cm x 10cm - Convatec Aquacel Extra Ag+ - OrthoPara","isPartOf":{"@id":"https:\/\/orthopara.store\/#website"},"primaryImageOfPage":{"@id":"https:\/\/orthopara.store\/index.php\/produit\/pansement-hydrofiber-10cm-x-10cm-convatec-aquacel-extra-ag\/#primaryimage"},"image":{"@id":"https:\/\/orthopara.store\/index.php\/produit\/pansement-hydrofiber-10cm-x-10cm-convatec-aquacel-extra-ag\/#primaryimage"},"thumbnailUrl":"https:\/\/orthopara.store\/wp-content\/uploads\/2024\/06\/pansement-hydrofiber-10cm-x-10cm-convatec-aquacel-extra-ag.jpg","datePublished":"2024-06-28T13:57:00+00:00","dateModified":"2024-06-28T13:57:10+00:00","breadcrumb":{"@id":"https:\/\/orthopara.store\/index.php\/produit\/pansement-hydrofiber-10cm-x-10cm-convatec-aquacel-extra-ag\/#breadcrumb"},"inLanguage":"fr-FR","potentialAction":[{"@type":"ReadAction","target":["https:\/\/orthopara.store\/index.php\/produit\/pansement-hydrofiber-10cm-x-10cm-convatec-aquacel-extra-ag\/"]}]},{"@type":"ImageObject","inLanguage":"fr-FR","@id":"https:\/\/orthopara.store\/index.php\/produit\/pansement-hydrofiber-10cm-x-10cm-convatec-aquacel-extra-ag\/#primaryimage","url":"https:\/\/orthopara.store\/wp-content\/uploads\/2024\/06\/pansement-hydrofiber-10cm-x-10cm-convatec-aquacel-extra-ag.jpg","contentUrl":"https:\/\/orthopara.store\/wp-content\/uploads\/2024\/06\/pansement-hydrofiber-10cm-x-10cm-convatec-aquacel-extra-ag.jpg","width":800,"height":800},{"@type":"BreadcrumbList","@id":"https:\/\/orthopara.store\/index.php\/produit\/pansement-hydrofiber-10cm-x-10cm-convatec-aquacel-extra-ag\/#breadcrumb","itemListElement":[{"@type":"ListItem","position":1,"name":"Accueil","item":"https:\/\/orthopara.store\/"},{"@type":"ListItem","position":2,"name":"Shop","item":"https:\/\/orthopara.store\/?page_id=622"},{"@type":"ListItem","position":3,"name":"Pansement Hydrofiber\u2122 10cm x 10cm &#8211; Convatec Aquacel Extra Ag+"}]},{"@type":"WebSite","@id":"https:\/\/orthopara.store\/#website","url":"https:\/\/orthopara.store\/","name":"OrthoPara","description":"Parapharmacie","publisher":{"@id":"https:\/\/orthopara.store\/#organization"},"potentialAction":[{"@type":"SearchAction","target":{"@type":"EntryPoint","urlTemplate":"https:\/\/orthopara.store\/?s={search_term_string}"},"query-input":"required name=search_term_string"}],"inLanguage":"fr-FR"},{"@type":"Organization","@id":"https:\/\/orthopara.store\/#organization","name":"OrthoPara","url":"https:\/\/orthopara.store\/","logo":{"@type":"ImageObject","inLanguage":"fr-FR","@id":"https:\/\/orthopara.store\/#\/schema\/logo\/image\/","url":"https:\/\/orthopara.store\/wp-content\/uploads\/2024\/06\/cropped-9ABA8BAD-6256-4719-9315-15C66E64E882.png","contentUrl":"https:\/\/orthopara.store\/wp-content\/uploads\/2024\/06\/cropped-9ABA8BAD-6256-4719-9315-15C66E64E882.png","width":240,"height":72,"caption":"OrthoPara"},"image":{"@id":"https:\/\/orthopara.store\/#\/schema\/logo\/image\/"},"sameAs":["https:\/\/www.facebook.com\/profile.php?id=61561194315651","https:\/\/www.instagram.com\/orthopara_tunisie\/"]}]}},"jetpack_sharing_enabled":true,"brands":[{"id":268,"name":"Convatec","slug":"convatec"}],"_links":{"self":[{"href":"https:\/\/orthopara.store\/index.php?rest_route=\/wp\/v2\/product\/2121","targetHints":{"allow":["GET"]}}],"collection":[{"href":"https:\/\/orthopara.store\/index.php?rest_route=\/wp\/v2\/product"}],"about":[{"href":"https:\/\/orthopara.store\/index.php?rest_route=\/wp\/v2\/types\/product"}],"replies":[{"embeddable":true,"href":"https:\/\/orthopara.store\/index.php?rest_route=%2Fwp%2Fv2%2Fcomments&post=2121"}],"wp:featuredmedia":[{"embeddable":true,"href":"https:\/\/orthopara.store\/index.php?rest_route=\/wp\/v2\/media\/2144"}],"wp:attachment":[{"href":"https:\/\/orthopara.store\/index.php?rest_route=%2Fwp%2Fv2%2Fmedia&parent=2121"}],"wp:term":[{"taxonomy":"pwb-brand","embeddable":true,"href":"https:\/\/orthopara.store\/index.php?rest_route=%2Fwp%2Fv2%2Fpwb-brand&post=2121"},{"taxonomy":"product_cat","embeddable":true,"href":"https:\/\/orthopara.store\/index.php?rest_route=%2Fwp%2Fv2%2Fproduct_cat&post=2121"},{"taxonomy":"product_tag","embeddable":true,"href":"https:\/\/orthopara.store\/index.php?rest_route=%2Fwp%2Fv2%2Fproduct_tag&post=2121"}],"curies":[{"name":"wp","href":"https:\/\/api.w.org\/{rel}","templated":true}]}}