{"id":2151,"date":"2024-06-28T15:57:14","date_gmt":"2024-06-28T13:57:14","guid":{"rendered":"https:\/\/orthopara.store\/?post_type=product&#038;p=2151"},"modified":"2024-06-28T15:57:20","modified_gmt":"2024-06-28T13:57:20","slug":"mini-prothese-auditive-amplificateur-beurer-ha20","status":"publish","type":"product","link":"https:\/\/orthopara.store\/?product=mini-prothese-auditive-amplificateur-beurer-ha20","title":{"rendered":"Mini proth\u00e8se auditive amplificateur &#8211; Beurer &#8211; HA20"},"content":{"rendered":"<p>Mini proth\u00e8se auditive amplificateur &#8211; Beurer &#8211; HA20<br \/>\nCette aide auditive Beurer HA20 renforce les capacit\u00e9s d\u2019audition en amplifiant les sons environnants. Un amplificateur auditif ne compensera pas une perte auditive mais va am\u00e9liorer la perception des sons. Les causes les plus communes de la d\u00e9ficience auditive sont le bruit et le vieillissement, on parle alors de presbyacousie.<br \/>\nCette aide auditive est simple d\u2019utilisation, confortable et discr\u00e8te. Elle est id\u00e9ale pour les d\u00e9ficients auditifs. Elle est dot\u00e9e d\u2019un bouton marche arr\u00eat.<br \/>\nElle est con\u00e7ue de mani\u00e8re ergonomique \u00e9pousant bien le contour de l\u2019oreille la rendant agr\u00e9able \u00e0 porter. Elle permet d\u2019amplifier, de 40 d\u00e9cibels, le volume de tous les sons aussi bien en int\u00e9rieur qu\u2019\u00e0 l\u2019ext\u00e9rieur et se r\u00e8gle en continu. Avec cette aide auditive aller voir un spectacle, regarder la t\u00e9l\u00e9 avec un proche ou suivre une conversation dans un groupe ne sera plus un probl\u00e8me.<br \/>\nCet amplificateur de sons fonctionne avec une pile bouton, incluse avec une de rechange, et se change facilement. Il est compos\u00e9 de 3 embouts diff\u00e9rents afin de convenir au plus grand nombre.<br \/>\nAvec sa boite de rangement, il vous accompagnera partout et plus rien ne vous \u00e9chappera.<br \/>\nBeurer est un des leaders dans le domaine de la sant\u00e9 et du bien-\u00eatre. La marque \u00e9labore de nombreuses solutions d\u00e9di\u00e9es \u00e0 la vie quotidienne, afin d\u2019am\u00e9liorer le confort et la qualit\u00e9 de vie.<\/p>\n<p>Caract\u00e9ristiques :\u00a0<br \/>\n&#8211; Mod\u00e8le HA20<br \/>\n&#8211; Amplifie les sons environnants<br \/>\n&#8211; Volume sonore r\u00e9glable<br \/>\n&#8211; 3 embouts auriculaires de tailles diff\u00e9rentes<br \/>\n&#8211; Boite de rangement incluse<br \/>\n&#8211; Piles incluses LR754 (dont 1 de rechange)<\/p>\n<p>Remarque : placer l&rsquo;appareil dans l&rsquo;oreille avant de le mettre en marche<br \/>\nDimensions du produit : 4 x 4 x 1,2 cm<br \/>\n&#8211; Amplification : 40 dB<br \/>\n&#8211; Volume sonore des aig\u00fces : 12 dB maximum<br \/>\n&#8211; Plage de fr\u00e9quence : 200 &#8211; 5000 Hz<br \/>\n&#8211; Bruit d\u2019entr\u00e9e : \u2264 30 dB<br \/>\n&#8211; Distorsion harmonique totale : \u2264 5%<br \/>\n&#8211; Alimentation : 1 pile bouton LR754<br \/>\nCette aide auditive est un amplificateur et non un produit th\u00e9rapeutique<\/p>\n","protected":false},"excerpt":{"rendered":"<p>Beurer<br \/>\nMini proth\u00e8se auditive amplificateur de son, tr\u00e8s discret derri\u00e8re l&rsquo;oreille<br \/>\nProfitez des sons de la vie quotidienne<br \/>\nQue vous marchiez dans les bois, buviez un caf\u00e9 avec des amis ou \u00e9coutiez le son de la mer en vacances, une audition limit\u00e9e peut \u00eatre inconfortable dans de nombreuses situations. Beurer vous aide \u00e0 entendre les sons plus forts et plus nets avec l&rsquo;amplificateur de son HA 50. L&rsquo;appareil auditif discret et agr\u00e9able est \u00e0 porter \u00e0 l&rsquo;oreille et amplifie tous les sons \u00e0 l&rsquo;int\u00e9rieur ou \u00e0 l&rsquo;ext\u00e9rieur.<\/p>\n<p>Contenu du kit :<br \/>\n1 amplificateur; 1 boite de rangement; 3 embouts; 1 notice<\/p>\n","protected":false},"featured_media":2180,"comment_status":"open","ping_status":"closed","template":"","meta":[],"pwb-brand":[93],"product_cat":[269],"product_tag":[],"class_list":{"0":"post-2151","1":"product","2":"type-product","3":"status-publish","4":"has-post-thumbnail","6":"pwb-brand-beurer","7":"product_cat-aide-auditive","8":"post","9":"ws-product--style-1","11":"first","12":"instock","13":"shipping-taxable","14":"purchasable","15":"product-type-simple"},"yoast_head":"<!-- This site is optimized with the Yoast SEO plugin v23.0 - https:\/\/yoast.com\/wordpress\/plugins\/seo\/ -->\n<title>Mini proth\u00e8se auditive amplificateur - Beurer - HA20 - OrthoPara<\/title>\n<meta name=\"robots\" content=\"index, follow, max-snippet:-1, max-image-preview:large, max-video-preview:-1\" \/>\n<link rel=\"canonical\" href=\"https:\/\/orthopara.store\/index.php\/produit\/mini-prothese-auditive-amplificateur-beurer-ha20\/\" \/>\n<meta property=\"og:locale\" content=\"fr_FR\" \/>\n<meta property=\"og:type\" content=\"article\" \/>\n<meta property=\"og:title\" content=\"Mini proth\u00e8se auditive amplificateur - Beurer - HA20 - OrthoPara\" \/>\n<meta property=\"og:description\" content=\"Beurer Mini proth\u00e8se auditive amplificateur de son, tr\u00e8s discret derri\u00e8re l&#039;oreille Profitez des sons de la vie quotidienne Que vous marchiez dans les bois, buviez un caf\u00e9 avec des amis ou \u00e9coutiez le son de la mer en vacances, une audition limit\u00e9e peut \u00eatre inconfortable dans de nombreuses situations. Beurer vous aide \u00e0 entendre les sons plus forts et plus nets avec l&#039;amplificateur de son HA 50. L&#039;appareil auditif discret et agr\u00e9able est \u00e0 porter \u00e0 l&#039;oreille et amplifie tous les sons \u00e0 l&#039;int\u00e9rieur ou \u00e0 l&#039;ext\u00e9rieur. Contenu du kit : 1 amplificateur; 1 boite de rangement; 3 embouts; 1 notice\" \/>\n<meta property=\"og:url\" content=\"https:\/\/orthopara.store\/index.php\/produit\/mini-prothese-auditive-amplificateur-beurer-ha20\/\" \/>\n<meta property=\"og:site_name\" content=\"OrthoPara\" \/>\n<meta property=\"article:publisher\" content=\"https:\/\/www.facebook.com\/profile.php?id=61561194315651\" \/>\n<meta property=\"article:modified_time\" content=\"2024-06-28T13:57:20+00:00\" \/>\n<meta property=\"og:image\" content=\"https:\/\/orthopara.store\/wp-content\/uploads\/2024\/06\/mini-prothese-auditive-amplificateur-beurer-ha20.jpg\" \/>\n\t<meta property=\"og:image:width\" content=\"800\" \/>\n\t<meta property=\"og:image:height\" content=\"800\" \/>\n\t<meta property=\"og:image:type\" content=\"image\/jpeg\" \/>\n<meta name=\"twitter:card\" content=\"summary_large_image\" \/>\n<meta name=\"twitter:label1\" content=\"Dur\u00e9e de lecture estim\u00e9e\" \/>\n\t<meta name=\"twitter:data1\" content=\"2 minutes\" \/>\n<script type=\"application\/ld+json\" class=\"yoast-schema-graph\">{\"@context\":\"https:\/\/schema.org\",\"@graph\":[{\"@type\":\"WebPage\",\"@id\":\"https:\/\/orthopara.store\/index.php\/produit\/mini-prothese-auditive-amplificateur-beurer-ha20\/\",\"url\":\"https:\/\/orthopara.store\/index.php\/produit\/mini-prothese-auditive-amplificateur-beurer-ha20\/\",\"name\":\"Mini proth\u00e8se auditive amplificateur - Beurer - HA20 - OrthoPara\",\"isPartOf\":{\"@id\":\"https:\/\/orthopara.store\/#website\"},\"primaryImageOfPage\":{\"@id\":\"https:\/\/orthopara.store\/index.php\/produit\/mini-prothese-auditive-amplificateur-beurer-ha20\/#primaryimage\"},\"image\":{\"@id\":\"https:\/\/orthopara.store\/index.php\/produit\/mini-prothese-auditive-amplificateur-beurer-ha20\/#primaryimage\"},\"thumbnailUrl\":\"https:\/\/orthopara.store\/wp-content\/uploads\/2024\/06\/mini-prothese-auditive-amplificateur-beurer-ha20.jpg\",\"datePublished\":\"2024-06-28T13:57:14+00:00\",\"dateModified\":\"2024-06-28T13:57:20+00:00\",\"breadcrumb\":{\"@id\":\"https:\/\/orthopara.store\/index.php\/produit\/mini-prothese-auditive-amplificateur-beurer-ha20\/#breadcrumb\"},\"inLanguage\":\"fr-FR\",\"potentialAction\":[{\"@type\":\"ReadAction\",\"target\":[\"https:\/\/orthopara.store\/index.php\/produit\/mini-prothese-auditive-amplificateur-beurer-ha20\/\"]}]},{\"@type\":\"ImageObject\",\"inLanguage\":\"fr-FR\",\"@id\":\"https:\/\/orthopara.store\/index.php\/produit\/mini-prothese-auditive-amplificateur-beurer-ha20\/#primaryimage\",\"url\":\"https:\/\/orthopara.store\/wp-content\/uploads\/2024\/06\/mini-prothese-auditive-amplificateur-beurer-ha20.jpg\",\"contentUrl\":\"https:\/\/orthopara.store\/wp-content\/uploads\/2024\/06\/mini-prothese-auditive-amplificateur-beurer-ha20.jpg\",\"width\":800,\"height\":800},{\"@type\":\"BreadcrumbList\",\"@id\":\"https:\/\/orthopara.store\/index.php\/produit\/mini-prothese-auditive-amplificateur-beurer-ha20\/#breadcrumb\",\"itemListElement\":[{\"@type\":\"ListItem\",\"position\":1,\"name\":\"Accueil\",\"item\":\"https:\/\/orthopara.store\/\"},{\"@type\":\"ListItem\",\"position\":2,\"name\":\"Shop\",\"item\":\"https:\/\/orthopara.store\/?page_id=622\"},{\"@type\":\"ListItem\",\"position\":3,\"name\":\"Mini proth\u00e8se auditive amplificateur &#8211; Beurer &#8211; HA20\"}]},{\"@type\":\"WebSite\",\"@id\":\"https:\/\/orthopara.store\/#website\",\"url\":\"https:\/\/orthopara.store\/\",\"name\":\"OrthoPara\",\"description\":\"Parapharmacie\",\"publisher\":{\"@id\":\"https:\/\/orthopara.store\/#organization\"},\"potentialAction\":[{\"@type\":\"SearchAction\",\"target\":{\"@type\":\"EntryPoint\",\"urlTemplate\":\"https:\/\/orthopara.store\/?s={search_term_string}\"},\"query-input\":\"required name=search_term_string\"}],\"inLanguage\":\"fr-FR\"},{\"@type\":\"Organization\",\"@id\":\"https:\/\/orthopara.store\/#organization\",\"name\":\"OrthoPara\",\"url\":\"https:\/\/orthopara.store\/\",\"logo\":{\"@type\":\"ImageObject\",\"inLanguage\":\"fr-FR\",\"@id\":\"https:\/\/orthopara.store\/#\/schema\/logo\/image\/\",\"url\":\"https:\/\/orthopara.store\/wp-content\/uploads\/2024\/06\/cropped-9ABA8BAD-6256-4719-9315-15C66E64E882.png\",\"contentUrl\":\"https:\/\/orthopara.store\/wp-content\/uploads\/2024\/06\/cropped-9ABA8BAD-6256-4719-9315-15C66E64E882.png\",\"width\":240,\"height\":72,\"caption\":\"OrthoPara\"},\"image\":{\"@id\":\"https:\/\/orthopara.store\/#\/schema\/logo\/image\/\"},\"sameAs\":[\"https:\/\/www.facebook.com\/profile.php?id=61561194315651\",\"https:\/\/www.instagram.com\/orthopara_tunisie\/\"]}]}<\/script>\n<!-- \/ Yoast SEO plugin. -->","yoast_head_json":{"title":"Mini proth\u00e8se auditive amplificateur - Beurer - HA20 - OrthoPara","robots":{"index":"index","follow":"follow","max-snippet":"max-snippet:-1","max-image-preview":"max-image-preview:large","max-video-preview":"max-video-preview:-1"},"canonical":"https:\/\/orthopara.store\/index.php\/produit\/mini-prothese-auditive-amplificateur-beurer-ha20\/","og_locale":"fr_FR","og_type":"article","og_title":"Mini proth\u00e8se auditive amplificateur - Beurer - HA20 - OrthoPara","og_description":"Beurer Mini proth\u00e8se auditive amplificateur de son, tr\u00e8s discret derri\u00e8re l'oreille Profitez des sons de la vie quotidienne Que vous marchiez dans les bois, buviez un caf\u00e9 avec des amis ou \u00e9coutiez le son de la mer en vacances, une audition limit\u00e9e peut \u00eatre inconfortable dans de nombreuses situations. Beurer vous aide \u00e0 entendre les sons plus forts et plus nets avec l'amplificateur de son HA 50. L'appareil auditif discret et agr\u00e9able est \u00e0 porter \u00e0 l'oreille et amplifie tous les sons \u00e0 l'int\u00e9rieur ou \u00e0 l'ext\u00e9rieur. Contenu du kit : 1 amplificateur; 1 boite de rangement; 3 embouts; 1 notice","og_url":"https:\/\/orthopara.store\/index.php\/produit\/mini-prothese-auditive-amplificateur-beurer-ha20\/","og_site_name":"OrthoPara","article_publisher":"https:\/\/www.facebook.com\/profile.php?id=61561194315651","article_modified_time":"2024-06-28T13:57:20+00:00","og_image":[{"width":800,"height":800,"url":"https:\/\/orthopara.store\/wp-content\/uploads\/2024\/06\/mini-prothese-auditive-amplificateur-beurer-ha20.jpg","type":"image\/jpeg"}],"twitter_card":"summary_large_image","twitter_misc":{"Dur\u00e9e de lecture estim\u00e9e":"2 minutes"},"schema":{"@context":"https:\/\/schema.org","@graph":[{"@type":"WebPage","@id":"https:\/\/orthopara.store\/index.php\/produit\/mini-prothese-auditive-amplificateur-beurer-ha20\/","url":"https:\/\/orthopara.store\/index.php\/produit\/mini-prothese-auditive-amplificateur-beurer-ha20\/","name":"Mini proth\u00e8se auditive amplificateur - Beurer - HA20 - OrthoPara","isPartOf":{"@id":"https:\/\/orthopara.store\/#website"},"primaryImageOfPage":{"@id":"https:\/\/orthopara.store\/index.php\/produit\/mini-prothese-auditive-amplificateur-beurer-ha20\/#primaryimage"},"image":{"@id":"https:\/\/orthopara.store\/index.php\/produit\/mini-prothese-auditive-amplificateur-beurer-ha20\/#primaryimage"},"thumbnailUrl":"https:\/\/orthopara.store\/wp-content\/uploads\/2024\/06\/mini-prothese-auditive-amplificateur-beurer-ha20.jpg","datePublished":"2024-06-28T13:57:14+00:00","dateModified":"2024-06-28T13:57:20+00:00","breadcrumb":{"@id":"https:\/\/orthopara.store\/index.php\/produit\/mini-prothese-auditive-amplificateur-beurer-ha20\/#breadcrumb"},"inLanguage":"fr-FR","potentialAction":[{"@type":"ReadAction","target":["https:\/\/orthopara.store\/index.php\/produit\/mini-prothese-auditive-amplificateur-beurer-ha20\/"]}]},{"@type":"ImageObject","inLanguage":"fr-FR","@id":"https:\/\/orthopara.store\/index.php\/produit\/mini-prothese-auditive-amplificateur-beurer-ha20\/#primaryimage","url":"https:\/\/orthopara.store\/wp-content\/uploads\/2024\/06\/mini-prothese-auditive-amplificateur-beurer-ha20.jpg","contentUrl":"https:\/\/orthopara.store\/wp-content\/uploads\/2024\/06\/mini-prothese-auditive-amplificateur-beurer-ha20.jpg","width":800,"height":800},{"@type":"BreadcrumbList","@id":"https:\/\/orthopara.store\/index.php\/produit\/mini-prothese-auditive-amplificateur-beurer-ha20\/#breadcrumb","itemListElement":[{"@type":"ListItem","position":1,"name":"Accueil","item":"https:\/\/orthopara.store\/"},{"@type":"ListItem","position":2,"name":"Shop","item":"https:\/\/orthopara.store\/?page_id=622"},{"@type":"ListItem","position":3,"name":"Mini proth\u00e8se auditive amplificateur &#8211; Beurer &#8211; HA20"}]},{"@type":"WebSite","@id":"https:\/\/orthopara.store\/#website","url":"https:\/\/orthopara.store\/","name":"OrthoPara","description":"Parapharmacie","publisher":{"@id":"https:\/\/orthopara.store\/#organization"},"potentialAction":[{"@type":"SearchAction","target":{"@type":"EntryPoint","urlTemplate":"https:\/\/orthopara.store\/?s={search_term_string}"},"query-input":"required name=search_term_string"}],"inLanguage":"fr-FR"},{"@type":"Organization","@id":"https:\/\/orthopara.store\/#organization","name":"OrthoPara","url":"https:\/\/orthopara.store\/","logo":{"@type":"ImageObject","inLanguage":"fr-FR","@id":"https:\/\/orthopara.store\/#\/schema\/logo\/image\/","url":"https:\/\/orthopara.store\/wp-content\/uploads\/2024\/06\/cropped-9ABA8BAD-6256-4719-9315-15C66E64E882.png","contentUrl":"https:\/\/orthopara.store\/wp-content\/uploads\/2024\/06\/cropped-9ABA8BAD-6256-4719-9315-15C66E64E882.png","width":240,"height":72,"caption":"OrthoPara"},"image":{"@id":"https:\/\/orthopara.store\/#\/schema\/logo\/image\/"},"sameAs":["https:\/\/www.facebook.com\/profile.php?id=61561194315651","https:\/\/www.instagram.com\/orthopara_tunisie\/"]}]}},"jetpack_sharing_enabled":true,"brands":[{"id":93,"name":"Beurer","slug":"beurer"}],"_links":{"self":[{"href":"https:\/\/orthopara.store\/index.php?rest_route=\/wp\/v2\/product\/2151","targetHints":{"allow":["GET"]}}],"collection":[{"href":"https:\/\/orthopara.store\/index.php?rest_route=\/wp\/v2\/product"}],"about":[{"href":"https:\/\/orthopara.store\/index.php?rest_route=\/wp\/v2\/types\/product"}],"replies":[{"embeddable":true,"href":"https:\/\/orthopara.store\/index.php?rest_route=%2Fwp%2Fv2%2Fcomments&post=2151"}],"wp:featuredmedia":[{"embeddable":true,"href":"https:\/\/orthopara.store\/index.php?rest_route=\/wp\/v2\/media\/2180"}],"wp:attachment":[{"href":"https:\/\/orthopara.store\/index.php?rest_route=%2Fwp%2Fv2%2Fmedia&parent=2151"}],"wp:term":[{"taxonomy":"pwb-brand","embeddable":true,"href":"https:\/\/orthopara.store\/index.php?rest_route=%2Fwp%2Fv2%2Fpwb-brand&post=2151"},{"taxonomy":"product_cat","embeddable":true,"href":"https:\/\/orthopara.store\/index.php?rest_route=%2Fwp%2Fv2%2Fproduct_cat&post=2151"},{"taxonomy":"product_tag","embeddable":true,"href":"https:\/\/orthopara.store\/index.php?rest_route=%2Fwp%2Fv2%2Fproduct_tag&post=2151"}],"curies":[{"name":"wp","href":"https:\/\/api.w.org\/{rel}","templated":true}]}}