{"id":2152,"date":"2024-06-28T15:57:14","date_gmt":"2024-06-28T13:57:14","guid":{"rendered":"https:\/\/orthopara.store\/?post_type=product&#038;p=2152"},"modified":"2024-11-04T17:12:24","modified_gmt":"2024-11-04T16:12:24","slug":"aide-auditive-beurer-ha55","status":"publish","type":"product","link":"https:\/\/orthopara.store\/?product=aide-auditive-beurer-ha55","title":{"rendered":"Aide auditive &#8211; Beurer &#8211; HA55"},"content":{"rendered":"<p>Aide auditive &#8211; Beurer &#8211; HA55<br \/>\nPour une audition claire : Gr\u00e2ce \u00e0 leur conception RIC, les amplificateurs auditifs ergonomiques disposent d\u2019un son particuli\u00e8rement clair. En cas d\u2019utilisation continue et de pleine charge, les batteries durent 10 heures et peuvent ensuite \u00eatre recharg\u00e9es simplement via USB.\u00a0<br \/>\nCaract\u00e9ristiques :<br \/>\nSon tr\u00e8s clair et forme ergonomique gr\u00e2ce \u00e0 la conception RIC<br \/>\nAmplificateurs auditifs rechargeables avec jusqu\u2019\u00e0 10 heures d\u2019autonomie de batterie<br \/>\nCharge facile o\u00f9 que vous soyez gr\u00e2ce \u00e0 la station de charge USB pratique<br \/>\nLot de 2 pratique pour correction bilat\u00e9rale<br \/>\nAmplifie le volume de tous les sons en int\u00e9rieur et en ext\u00e9rieur<br \/>\nRendu peu bruyant<br \/>\n3 embouts pour s\u2019adapter au conduit auditif de chacun<br \/>\nFourni avec une bo\u00eete de rangement pratique, des capsules d\u00e9shydratantes et une brosse de nettoyage<br \/>\nPlage de fr\u00e9quences : 500 &#8211; 3 200 Hz<br \/>\nAmplification : 53 dB max.<br \/>\nVolume sonore des aigus : 131 dB max.<\/p>\n<p>Manuel d&rsquo;utilisation pdf (\u00e0 t\u00e9l\u00e9charger) :<br \/>\nManuel d&rsquo;utilisation Beurer HA55 (t\u00e9l\u00e9charger ici)<\/p>\n","protected":false},"excerpt":{"rendered":"<p>Beurer Medical\u00a0<br \/>\nAmplificateurs auditifs rechargeables avec son clair<br \/>\nPour une audition claire : Gr\u00e2ce \u00e0 leur conception RIC, les amplificateurs auditifs ergonomiques disposent d\u2019un son particuli\u00e8rement clair. En cas d\u2019utilisation continue et de pleine charge, les batteries durent 10 heures et peuvent ensuite \u00eatre recharg\u00e9es simplement via USB.\u00a0<\/p>\n","protected":false},"featured_media":2181,"comment_status":"open","ping_status":"closed","template":"","meta":[],"pwb-brand":[93],"product_cat":[269],"product_tag":[],"class_list":{"0":"post-2152","1":"product","2":"type-product","3":"status-publish","4":"has-post-thumbnail","6":"pwb-brand-beurer","7":"product_cat-aide-auditive","8":"post","9":"ws-product--style-1","11":"first","12":"instock","13":"shipping-taxable","14":"purchasable","15":"product-type-simple"},"yoast_head":"<!-- This site is optimized with the Yoast SEO plugin v23.0 - https:\/\/yoast.com\/wordpress\/plugins\/seo\/ -->\n<title>Aide auditive - Beurer - HA55 - OrthoPara<\/title>\n<meta name=\"robots\" content=\"index, follow, max-snippet:-1, max-image-preview:large, max-video-preview:-1\" \/>\n<link rel=\"canonical\" href=\"https:\/\/orthopara.store\/index.php\/produit\/aide-auditive-beurer-ha55\/\" \/>\n<meta property=\"og:locale\" content=\"fr_FR\" \/>\n<meta property=\"og:type\" content=\"article\" \/>\n<meta property=\"og:title\" content=\"Aide auditive - Beurer - HA55 - OrthoPara\" \/>\n<meta property=\"og:description\" content=\"Beurer Medical\u00a0 Amplificateurs auditifs rechargeables avec son clair Pour une audition claire : Gr\u00e2ce \u00e0 leur conception RIC, les amplificateurs auditifs ergonomiques disposent d\u2019un son particuli\u00e8rement clair. En cas d\u2019utilisation continue et de pleine charge, les batteries durent 10 heures et peuvent ensuite \u00eatre recharg\u00e9es simplement via USB.\u00a0\" \/>\n<meta property=\"og:url\" content=\"https:\/\/orthopara.store\/index.php\/produit\/aide-auditive-beurer-ha55\/\" \/>\n<meta property=\"og:site_name\" content=\"OrthoPara\" \/>\n<meta property=\"article:publisher\" content=\"https:\/\/www.facebook.com\/profile.php?id=61561194315651\" \/>\n<meta property=\"article:modified_time\" content=\"2024-11-04T16:12:24+00:00\" \/>\n<meta property=\"og:image\" content=\"https:\/\/orthopara.store\/wp-content\/uploads\/2024\/06\/aide-auditive-beurer-ha55.jpg\" \/>\n\t<meta property=\"og:image:width\" content=\"800\" \/>\n\t<meta property=\"og:image:height\" content=\"800\" \/>\n\t<meta property=\"og:image:type\" content=\"image\/jpeg\" \/>\n<meta name=\"twitter:card\" content=\"summary_large_image\" \/>\n<meta name=\"twitter:label1\" content=\"Dur\u00e9e de lecture estim\u00e9e\" \/>\n\t<meta name=\"twitter:data1\" content=\"1 minute\" \/>\n<script type=\"application\/ld+json\" class=\"yoast-schema-graph\">{\"@context\":\"https:\/\/schema.org\",\"@graph\":[{\"@type\":\"WebPage\",\"@id\":\"https:\/\/orthopara.store\/index.php\/produit\/aide-auditive-beurer-ha55\/\",\"url\":\"https:\/\/orthopara.store\/index.php\/produit\/aide-auditive-beurer-ha55\/\",\"name\":\"Aide auditive - Beurer - HA55 - OrthoPara\",\"isPartOf\":{\"@id\":\"https:\/\/orthopara.store\/#website\"},\"primaryImageOfPage\":{\"@id\":\"https:\/\/orthopara.store\/index.php\/produit\/aide-auditive-beurer-ha55\/#primaryimage\"},\"image\":{\"@id\":\"https:\/\/orthopara.store\/index.php\/produit\/aide-auditive-beurer-ha55\/#primaryimage\"},\"thumbnailUrl\":\"https:\/\/orthopara.store\/wp-content\/uploads\/2024\/06\/aide-auditive-beurer-ha55.jpg\",\"datePublished\":\"2024-06-28T13:57:14+00:00\",\"dateModified\":\"2024-11-04T16:12:24+00:00\",\"breadcrumb\":{\"@id\":\"https:\/\/orthopara.store\/index.php\/produit\/aide-auditive-beurer-ha55\/#breadcrumb\"},\"inLanguage\":\"fr-FR\",\"potentialAction\":[{\"@type\":\"ReadAction\",\"target\":[\"https:\/\/orthopara.store\/index.php\/produit\/aide-auditive-beurer-ha55\/\"]}]},{\"@type\":\"ImageObject\",\"inLanguage\":\"fr-FR\",\"@id\":\"https:\/\/orthopara.store\/index.php\/produit\/aide-auditive-beurer-ha55\/#primaryimage\",\"url\":\"https:\/\/orthopara.store\/wp-content\/uploads\/2024\/06\/aide-auditive-beurer-ha55.jpg\",\"contentUrl\":\"https:\/\/orthopara.store\/wp-content\/uploads\/2024\/06\/aide-auditive-beurer-ha55.jpg\",\"width\":800,\"height\":800},{\"@type\":\"BreadcrumbList\",\"@id\":\"https:\/\/orthopara.store\/index.php\/produit\/aide-auditive-beurer-ha55\/#breadcrumb\",\"itemListElement\":[{\"@type\":\"ListItem\",\"position\":1,\"name\":\"Accueil\",\"item\":\"https:\/\/orthopara.store\/\"},{\"@type\":\"ListItem\",\"position\":2,\"name\":\"Shop\",\"item\":\"https:\/\/orthopara.store\/?page_id=622\"},{\"@type\":\"ListItem\",\"position\":3,\"name\":\"Aide auditive &#8211; Beurer &#8211; HA55\"}]},{\"@type\":\"WebSite\",\"@id\":\"https:\/\/orthopara.store\/#website\",\"url\":\"https:\/\/orthopara.store\/\",\"name\":\"OrthoPara\",\"description\":\"Parapharmacie\",\"publisher\":{\"@id\":\"https:\/\/orthopara.store\/#organization\"},\"potentialAction\":[{\"@type\":\"SearchAction\",\"target\":{\"@type\":\"EntryPoint\",\"urlTemplate\":\"https:\/\/orthopara.store\/?s={search_term_string}\"},\"query-input\":\"required name=search_term_string\"}],\"inLanguage\":\"fr-FR\"},{\"@type\":\"Organization\",\"@id\":\"https:\/\/orthopara.store\/#organization\",\"name\":\"OrthoPara\",\"url\":\"https:\/\/orthopara.store\/\",\"logo\":{\"@type\":\"ImageObject\",\"inLanguage\":\"fr-FR\",\"@id\":\"https:\/\/orthopara.store\/#\/schema\/logo\/image\/\",\"url\":\"https:\/\/orthopara.store\/wp-content\/uploads\/2024\/06\/cropped-9ABA8BAD-6256-4719-9315-15C66E64E882.png\",\"contentUrl\":\"https:\/\/orthopara.store\/wp-content\/uploads\/2024\/06\/cropped-9ABA8BAD-6256-4719-9315-15C66E64E882.png\",\"width\":240,\"height\":72,\"caption\":\"OrthoPara\"},\"image\":{\"@id\":\"https:\/\/orthopara.store\/#\/schema\/logo\/image\/\"},\"sameAs\":[\"https:\/\/www.facebook.com\/profile.php?id=61561194315651\",\"https:\/\/www.instagram.com\/orthopara_tunisie\/\"]}]}<\/script>\n<!-- \/ Yoast SEO plugin. -->","yoast_head_json":{"title":"Aide auditive - Beurer - HA55 - OrthoPara","robots":{"index":"index","follow":"follow","max-snippet":"max-snippet:-1","max-image-preview":"max-image-preview:large","max-video-preview":"max-video-preview:-1"},"canonical":"https:\/\/orthopara.store\/index.php\/produit\/aide-auditive-beurer-ha55\/","og_locale":"fr_FR","og_type":"article","og_title":"Aide auditive - Beurer - HA55 - OrthoPara","og_description":"Beurer Medical\u00a0 Amplificateurs auditifs rechargeables avec son clair Pour une audition claire : Gr\u00e2ce \u00e0 leur conception RIC, les amplificateurs auditifs ergonomiques disposent d\u2019un son particuli\u00e8rement clair. En cas d\u2019utilisation continue et de pleine charge, les batteries durent 10 heures et peuvent ensuite \u00eatre recharg\u00e9es simplement via USB.\u00a0","og_url":"https:\/\/orthopara.store\/index.php\/produit\/aide-auditive-beurer-ha55\/","og_site_name":"OrthoPara","article_publisher":"https:\/\/www.facebook.com\/profile.php?id=61561194315651","article_modified_time":"2024-11-04T16:12:24+00:00","og_image":[{"width":800,"height":800,"url":"https:\/\/orthopara.store\/wp-content\/uploads\/2024\/06\/aide-auditive-beurer-ha55.jpg","type":"image\/jpeg"}],"twitter_card":"summary_large_image","twitter_misc":{"Dur\u00e9e de lecture estim\u00e9e":"1 minute"},"schema":{"@context":"https:\/\/schema.org","@graph":[{"@type":"WebPage","@id":"https:\/\/orthopara.store\/index.php\/produit\/aide-auditive-beurer-ha55\/","url":"https:\/\/orthopara.store\/index.php\/produit\/aide-auditive-beurer-ha55\/","name":"Aide auditive - Beurer - HA55 - OrthoPara","isPartOf":{"@id":"https:\/\/orthopara.store\/#website"},"primaryImageOfPage":{"@id":"https:\/\/orthopara.store\/index.php\/produit\/aide-auditive-beurer-ha55\/#primaryimage"},"image":{"@id":"https:\/\/orthopara.store\/index.php\/produit\/aide-auditive-beurer-ha55\/#primaryimage"},"thumbnailUrl":"https:\/\/orthopara.store\/wp-content\/uploads\/2024\/06\/aide-auditive-beurer-ha55.jpg","datePublished":"2024-06-28T13:57:14+00:00","dateModified":"2024-11-04T16:12:24+00:00","breadcrumb":{"@id":"https:\/\/orthopara.store\/index.php\/produit\/aide-auditive-beurer-ha55\/#breadcrumb"},"inLanguage":"fr-FR","potentialAction":[{"@type":"ReadAction","target":["https:\/\/orthopara.store\/index.php\/produit\/aide-auditive-beurer-ha55\/"]}]},{"@type":"ImageObject","inLanguage":"fr-FR","@id":"https:\/\/orthopara.store\/index.php\/produit\/aide-auditive-beurer-ha55\/#primaryimage","url":"https:\/\/orthopara.store\/wp-content\/uploads\/2024\/06\/aide-auditive-beurer-ha55.jpg","contentUrl":"https:\/\/orthopara.store\/wp-content\/uploads\/2024\/06\/aide-auditive-beurer-ha55.jpg","width":800,"height":800},{"@type":"BreadcrumbList","@id":"https:\/\/orthopara.store\/index.php\/produit\/aide-auditive-beurer-ha55\/#breadcrumb","itemListElement":[{"@type":"ListItem","position":1,"name":"Accueil","item":"https:\/\/orthopara.store\/"},{"@type":"ListItem","position":2,"name":"Shop","item":"https:\/\/orthopara.store\/?page_id=622"},{"@type":"ListItem","position":3,"name":"Aide auditive &#8211; Beurer &#8211; HA55"}]},{"@type":"WebSite","@id":"https:\/\/orthopara.store\/#website","url":"https:\/\/orthopara.store\/","name":"OrthoPara","description":"Parapharmacie","publisher":{"@id":"https:\/\/orthopara.store\/#organization"},"potentialAction":[{"@type":"SearchAction","target":{"@type":"EntryPoint","urlTemplate":"https:\/\/orthopara.store\/?s={search_term_string}"},"query-input":"required name=search_term_string"}],"inLanguage":"fr-FR"},{"@type":"Organization","@id":"https:\/\/orthopara.store\/#organization","name":"OrthoPara","url":"https:\/\/orthopara.store\/","logo":{"@type":"ImageObject","inLanguage":"fr-FR","@id":"https:\/\/orthopara.store\/#\/schema\/logo\/image\/","url":"https:\/\/orthopara.store\/wp-content\/uploads\/2024\/06\/cropped-9ABA8BAD-6256-4719-9315-15C66E64E882.png","contentUrl":"https:\/\/orthopara.store\/wp-content\/uploads\/2024\/06\/cropped-9ABA8BAD-6256-4719-9315-15C66E64E882.png","width":240,"height":72,"caption":"OrthoPara"},"image":{"@id":"https:\/\/orthopara.store\/#\/schema\/logo\/image\/"},"sameAs":["https:\/\/www.facebook.com\/profile.php?id=61561194315651","https:\/\/www.instagram.com\/orthopara_tunisie\/"]}]}},"jetpack_sharing_enabled":true,"brands":[{"id":93,"name":"Beurer","slug":"beurer"}],"_links":{"self":[{"href":"https:\/\/orthopara.store\/index.php?rest_route=\/wp\/v2\/product\/2152","targetHints":{"allow":["GET"]}}],"collection":[{"href":"https:\/\/orthopara.store\/index.php?rest_route=\/wp\/v2\/product"}],"about":[{"href":"https:\/\/orthopara.store\/index.php?rest_route=\/wp\/v2\/types\/product"}],"replies":[{"embeddable":true,"href":"https:\/\/orthopara.store\/index.php?rest_route=%2Fwp%2Fv2%2Fcomments&post=2152"}],"wp:featuredmedia":[{"embeddable":true,"href":"https:\/\/orthopara.store\/index.php?rest_route=\/wp\/v2\/media\/2181"}],"wp:attachment":[{"href":"https:\/\/orthopara.store\/index.php?rest_route=%2Fwp%2Fv2%2Fmedia&parent=2152"}],"wp:term":[{"taxonomy":"pwb-brand","embeddable":true,"href":"https:\/\/orthopara.store\/index.php?rest_route=%2Fwp%2Fv2%2Fpwb-brand&post=2152"},{"taxonomy":"product_cat","embeddable":true,"href":"https:\/\/orthopara.store\/index.php?rest_route=%2Fwp%2Fv2%2Fproduct_cat&post=2152"},{"taxonomy":"product_tag","embeddable":true,"href":"https:\/\/orthopara.store\/index.php?rest_route=%2Fwp%2Fv2%2Fproduct_tag&post=2152"}],"curies":[{"name":"wp","href":"https:\/\/api.w.org\/{rel}","templated":true}]}}