{"id":2208,"date":"2024-06-28T15:57:31","date_gmt":"2024-06-28T13:57:31","guid":{"rendered":"https:\/\/orthopara.store\/?post_type=product&#038;p=2208"},"modified":"2024-06-28T15:57:35","modified_gmt":"2024-06-28T13:57:35","slug":"hyfac-soin-global-keratolytique-40ml","status":"publish","type":"product","link":"https:\/\/orthopara.store\/?product=hyfac-soin-global-keratolytique-40ml","title":{"rendered":"Hyfac &#8211; Soin global k\u00e9ratolytique &#8211; 40ml"},"content":{"rendered":"<p>Le soin global combine diff\u00e9rents actifs dont les propri\u00e9t\u00e9s scientifiquement reconnues agissent en synergie sur les peaux \u00e0 imperfections :<br \/>\nL\u2019acide glycolique et l\u2019ester d\u2019acide malique agissent en lib\u00e9ration progressive pour d\u00e9sincruster les pores sans agresser la peau<br \/>\nLa Piroctone olamine limite la formation de boutons inflammatoires<br \/>\nLes microsph\u00e8res de polyamide absorbent l\u2019exc\u00e8s de s\u00e9bum<br \/>\nCe soin convient parfaitement comme base de maquillage<br \/>\nSon flacon airless, limite la prolif\u00e9ration des bact\u00e9ries \u00e0 l\u2019int\u00e9rieur du produit.<br \/>\nElimine les impuret\u00e9s et les com\u00e9dons<br \/>\nUnifie le teint<br \/>\nLimite les boutons inflammatoires<br \/>\nHydratante et matifie<br \/>\nParfum fraicheur<\/p>\n<p>Conseils d&rsquo;utilisation :<br \/>\nAppliquer matin et\/ou soir sur le visage pr\u00e9alablement nettoy\u00e9 avec votre gel nettoyant purifiant, et parfaitement s\u00e9ch\u00e9. Ce soin << 4 en 1 >> convient comme base de maquillage.<br \/>\nLe soin global Hyfac peut \u00eatre utilis\u00e9 en monoth\u00e9rapie, ou en compl\u00e9ment des traitements contre l&rsquo;acn\u00e9. A l&rsquo;arr\u00eat du traitement contre l&rsquo;acn\u00e9, il est conseill\u00e9 de continuer \u00e0 utiliser le soin global Hyfac comme solution d&rsquo;entretien afin de prolonger l&rsquo;efficacit\u00e9 du traitement. Utilis\u00e9 seul, il est recommand\u00e9 pour le soin des peaux \u00e0 tendance acn\u00e9ique comme cr\u00e8me de jour et\/ou de nuit. Son efficacit\u00e9 a \u00e9t\u00e9 d\u00e9- montr\u00e9e il contribue \u00e0 \u00e9liminer les boutons rouges et blancs, les com\u00e9dons (points noirs) et les microkystes.<br \/>\nSon flacon 40ml airless limite la prolif\u00e9ration des bact\u00e9ries \u00e0 l&rsquo;int\u00e9rieur du produit.<\/p>\n<p>Contenance :<br \/>\nFlacon airless 40ml<\/p>\n","protected":false},"excerpt":{"rendered":"<p>Purifie les peaux grasses en absorbant l&rsquo;exc\u00e8s de s\u00e9bum et matifie les zones les plus grasses (ailes du nez, front, menton). Votre peau devient de plus en plus nette et saine au fil des applications.<br \/>\nDLC 12 mois apr\u00e8s l&rsquo;ouverture\u00a0<\/p>\n","protected":false},"featured_media":2227,"comment_status":"open","ping_status":"closed","template":"","meta":[],"pwb-brand":[122],"product_cat":[275],"product_tag":[],"class_list":{"0":"post-2208","1":"product","2":"type-product","3":"status-publish","4":"has-post-thumbnail","6":"pwb-brand-hyfac","7":"product_cat-soin-visage-homme","8":"post","9":"ws-product--style-1","11":"first","12":"instock","13":"shipping-taxable","14":"purchasable","15":"product-type-simple"},"yoast_head":"<!-- This site is optimized with the Yoast SEO plugin v23.0 - https:\/\/yoast.com\/wordpress\/plugins\/seo\/ -->\n<title>Hyfac - Soin global k\u00e9ratolytique - 40ml - OrthoPara<\/title>\n<meta name=\"robots\" content=\"index, follow, max-snippet:-1, max-image-preview:large, max-video-preview:-1\" \/>\n<link rel=\"canonical\" href=\"https:\/\/orthopara.store\/index.php\/produit\/hyfac-soin-global-keratolytique-40ml\/\" \/>\n<meta property=\"og:locale\" content=\"fr_FR\" \/>\n<meta property=\"og:type\" content=\"article\" \/>\n<meta property=\"og:title\" content=\"Hyfac - Soin global k\u00e9ratolytique - 40ml - OrthoPara\" \/>\n<meta property=\"og:description\" content=\"Purifie les peaux grasses en absorbant l&#039;exc\u00e8s de s\u00e9bum et matifie les zones les plus grasses (ailes du nez, front, menton). Votre peau devient de plus en plus nette et saine au fil des applications. DLC 12 mois apr\u00e8s l&#039;ouverture\u00a0\" \/>\n<meta property=\"og:url\" content=\"https:\/\/orthopara.store\/index.php\/produit\/hyfac-soin-global-keratolytique-40ml\/\" \/>\n<meta property=\"og:site_name\" content=\"OrthoPara\" \/>\n<meta property=\"article:publisher\" content=\"https:\/\/www.facebook.com\/profile.php?id=61561194315651\" \/>\n<meta property=\"article:modified_time\" content=\"2024-06-28T13:57:35+00:00\" \/>\n<meta property=\"og:image\" content=\"https:\/\/orthopara.store\/wp-content\/uploads\/2024\/06\/soin-global-keratolytique-hyfac-40ml.jpg\" \/>\n\t<meta property=\"og:image:width\" content=\"800\" \/>\n\t<meta property=\"og:image:height\" content=\"800\" \/>\n\t<meta property=\"og:image:type\" content=\"image\/jpeg\" \/>\n<meta name=\"twitter:card\" content=\"summary_large_image\" \/>\n<meta name=\"twitter:label1\" content=\"Dur\u00e9e de lecture estim\u00e9e\" \/>\n\t<meta name=\"twitter:data1\" content=\"1 minute\" \/>\n<script type=\"application\/ld+json\" class=\"yoast-schema-graph\">{\"@context\":\"https:\/\/schema.org\",\"@graph\":[{\"@type\":\"WebPage\",\"@id\":\"https:\/\/orthopara.store\/index.php\/produit\/hyfac-soin-global-keratolytique-40ml\/\",\"url\":\"https:\/\/orthopara.store\/index.php\/produit\/hyfac-soin-global-keratolytique-40ml\/\",\"name\":\"Hyfac - Soin global k\u00e9ratolytique - 40ml - OrthoPara\",\"isPartOf\":{\"@id\":\"https:\/\/orthopara.store\/#website\"},\"primaryImageOfPage\":{\"@id\":\"https:\/\/orthopara.store\/index.php\/produit\/hyfac-soin-global-keratolytique-40ml\/#primaryimage\"},\"image\":{\"@id\":\"https:\/\/orthopara.store\/index.php\/produit\/hyfac-soin-global-keratolytique-40ml\/#primaryimage\"},\"thumbnailUrl\":\"https:\/\/orthopara.store\/wp-content\/uploads\/2024\/06\/soin-global-keratolytique-hyfac-40ml.jpg\",\"datePublished\":\"2024-06-28T13:57:31+00:00\",\"dateModified\":\"2024-06-28T13:57:35+00:00\",\"breadcrumb\":{\"@id\":\"https:\/\/orthopara.store\/index.php\/produit\/hyfac-soin-global-keratolytique-40ml\/#breadcrumb\"},\"inLanguage\":\"fr-FR\",\"potentialAction\":[{\"@type\":\"ReadAction\",\"target\":[\"https:\/\/orthopara.store\/index.php\/produit\/hyfac-soin-global-keratolytique-40ml\/\"]}]},{\"@type\":\"ImageObject\",\"inLanguage\":\"fr-FR\",\"@id\":\"https:\/\/orthopara.store\/index.php\/produit\/hyfac-soin-global-keratolytique-40ml\/#primaryimage\",\"url\":\"https:\/\/orthopara.store\/wp-content\/uploads\/2024\/06\/soin-global-keratolytique-hyfac-40ml.jpg\",\"contentUrl\":\"https:\/\/orthopara.store\/wp-content\/uploads\/2024\/06\/soin-global-keratolytique-hyfac-40ml.jpg\",\"width\":800,\"height\":800},{\"@type\":\"BreadcrumbList\",\"@id\":\"https:\/\/orthopara.store\/index.php\/produit\/hyfac-soin-global-keratolytique-40ml\/#breadcrumb\",\"itemListElement\":[{\"@type\":\"ListItem\",\"position\":1,\"name\":\"Accueil\",\"item\":\"https:\/\/orthopara.store\/\"},{\"@type\":\"ListItem\",\"position\":2,\"name\":\"Shop\",\"item\":\"https:\/\/orthopara.store\/?page_id=622\"},{\"@type\":\"ListItem\",\"position\":3,\"name\":\"Hyfac &#8211; Soin global k\u00e9ratolytique &#8211; 40ml\"}]},{\"@type\":\"WebSite\",\"@id\":\"https:\/\/orthopara.store\/#website\",\"url\":\"https:\/\/orthopara.store\/\",\"name\":\"OrthoPara\",\"description\":\"Parapharmacie\",\"publisher\":{\"@id\":\"https:\/\/orthopara.store\/#organization\"},\"potentialAction\":[{\"@type\":\"SearchAction\",\"target\":{\"@type\":\"EntryPoint\",\"urlTemplate\":\"https:\/\/orthopara.store\/?s={search_term_string}\"},\"query-input\":\"required name=search_term_string\"}],\"inLanguage\":\"fr-FR\"},{\"@type\":\"Organization\",\"@id\":\"https:\/\/orthopara.store\/#organization\",\"name\":\"OrthoPara\",\"url\":\"https:\/\/orthopara.store\/\",\"logo\":{\"@type\":\"ImageObject\",\"inLanguage\":\"fr-FR\",\"@id\":\"https:\/\/orthopara.store\/#\/schema\/logo\/image\/\",\"url\":\"https:\/\/orthopara.store\/wp-content\/uploads\/2024\/06\/cropped-9ABA8BAD-6256-4719-9315-15C66E64E882.png\",\"contentUrl\":\"https:\/\/orthopara.store\/wp-content\/uploads\/2024\/06\/cropped-9ABA8BAD-6256-4719-9315-15C66E64E882.png\",\"width\":240,\"height\":72,\"caption\":\"OrthoPara\"},\"image\":{\"@id\":\"https:\/\/orthopara.store\/#\/schema\/logo\/image\/\"},\"sameAs\":[\"https:\/\/www.facebook.com\/profile.php?id=61561194315651\",\"https:\/\/www.instagram.com\/orthopara_tunisie\/\"]}]}<\/script>\n<!-- \/ Yoast SEO plugin. -->","yoast_head_json":{"title":"Hyfac - Soin global k\u00e9ratolytique - 40ml - OrthoPara","robots":{"index":"index","follow":"follow","max-snippet":"max-snippet:-1","max-image-preview":"max-image-preview:large","max-video-preview":"max-video-preview:-1"},"canonical":"https:\/\/orthopara.store\/index.php\/produit\/hyfac-soin-global-keratolytique-40ml\/","og_locale":"fr_FR","og_type":"article","og_title":"Hyfac - Soin global k\u00e9ratolytique - 40ml - OrthoPara","og_description":"Purifie les peaux grasses en absorbant l'exc\u00e8s de s\u00e9bum et matifie les zones les plus grasses (ailes du nez, front, menton). Votre peau devient de plus en plus nette et saine au fil des applications. DLC 12 mois apr\u00e8s l'ouverture\u00a0","og_url":"https:\/\/orthopara.store\/index.php\/produit\/hyfac-soin-global-keratolytique-40ml\/","og_site_name":"OrthoPara","article_publisher":"https:\/\/www.facebook.com\/profile.php?id=61561194315651","article_modified_time":"2024-06-28T13:57:35+00:00","og_image":[{"width":800,"height":800,"url":"https:\/\/orthopara.store\/wp-content\/uploads\/2024\/06\/soin-global-keratolytique-hyfac-40ml.jpg","type":"image\/jpeg"}],"twitter_card":"summary_large_image","twitter_misc":{"Dur\u00e9e de lecture estim\u00e9e":"1 minute"},"schema":{"@context":"https:\/\/schema.org","@graph":[{"@type":"WebPage","@id":"https:\/\/orthopara.store\/index.php\/produit\/hyfac-soin-global-keratolytique-40ml\/","url":"https:\/\/orthopara.store\/index.php\/produit\/hyfac-soin-global-keratolytique-40ml\/","name":"Hyfac - Soin global k\u00e9ratolytique - 40ml - OrthoPara","isPartOf":{"@id":"https:\/\/orthopara.store\/#website"},"primaryImageOfPage":{"@id":"https:\/\/orthopara.store\/index.php\/produit\/hyfac-soin-global-keratolytique-40ml\/#primaryimage"},"image":{"@id":"https:\/\/orthopara.store\/index.php\/produit\/hyfac-soin-global-keratolytique-40ml\/#primaryimage"},"thumbnailUrl":"https:\/\/orthopara.store\/wp-content\/uploads\/2024\/06\/soin-global-keratolytique-hyfac-40ml.jpg","datePublished":"2024-06-28T13:57:31+00:00","dateModified":"2024-06-28T13:57:35+00:00","breadcrumb":{"@id":"https:\/\/orthopara.store\/index.php\/produit\/hyfac-soin-global-keratolytique-40ml\/#breadcrumb"},"inLanguage":"fr-FR","potentialAction":[{"@type":"ReadAction","target":["https:\/\/orthopara.store\/index.php\/produit\/hyfac-soin-global-keratolytique-40ml\/"]}]},{"@type":"ImageObject","inLanguage":"fr-FR","@id":"https:\/\/orthopara.store\/index.php\/produit\/hyfac-soin-global-keratolytique-40ml\/#primaryimage","url":"https:\/\/orthopara.store\/wp-content\/uploads\/2024\/06\/soin-global-keratolytique-hyfac-40ml.jpg","contentUrl":"https:\/\/orthopara.store\/wp-content\/uploads\/2024\/06\/soin-global-keratolytique-hyfac-40ml.jpg","width":800,"height":800},{"@type":"BreadcrumbList","@id":"https:\/\/orthopara.store\/index.php\/produit\/hyfac-soin-global-keratolytique-40ml\/#breadcrumb","itemListElement":[{"@type":"ListItem","position":1,"name":"Accueil","item":"https:\/\/orthopara.store\/"},{"@type":"ListItem","position":2,"name":"Shop","item":"https:\/\/orthopara.store\/?page_id=622"},{"@type":"ListItem","position":3,"name":"Hyfac &#8211; Soin global k\u00e9ratolytique &#8211; 40ml"}]},{"@type":"WebSite","@id":"https:\/\/orthopara.store\/#website","url":"https:\/\/orthopara.store\/","name":"OrthoPara","description":"Parapharmacie","publisher":{"@id":"https:\/\/orthopara.store\/#organization"},"potentialAction":[{"@type":"SearchAction","target":{"@type":"EntryPoint","urlTemplate":"https:\/\/orthopara.store\/?s={search_term_string}"},"query-input":"required name=search_term_string"}],"inLanguage":"fr-FR"},{"@type":"Organization","@id":"https:\/\/orthopara.store\/#organization","name":"OrthoPara","url":"https:\/\/orthopara.store\/","logo":{"@type":"ImageObject","inLanguage":"fr-FR","@id":"https:\/\/orthopara.store\/#\/schema\/logo\/image\/","url":"https:\/\/orthopara.store\/wp-content\/uploads\/2024\/06\/cropped-9ABA8BAD-6256-4719-9315-15C66E64E882.png","contentUrl":"https:\/\/orthopara.store\/wp-content\/uploads\/2024\/06\/cropped-9ABA8BAD-6256-4719-9315-15C66E64E882.png","width":240,"height":72,"caption":"OrthoPara"},"image":{"@id":"https:\/\/orthopara.store\/#\/schema\/logo\/image\/"},"sameAs":["https:\/\/www.facebook.com\/profile.php?id=61561194315651","https:\/\/www.instagram.com\/orthopara_tunisie\/"]}]}},"jetpack_sharing_enabled":true,"brands":[{"id":122,"name":"Hyfac","slug":"hyfac"}],"_links":{"self":[{"href":"https:\/\/orthopara.store\/index.php?rest_route=\/wp\/v2\/product\/2208","targetHints":{"allow":["GET"]}}],"collection":[{"href":"https:\/\/orthopara.store\/index.php?rest_route=\/wp\/v2\/product"}],"about":[{"href":"https:\/\/orthopara.store\/index.php?rest_route=\/wp\/v2\/types\/product"}],"replies":[{"embeddable":true,"href":"https:\/\/orthopara.store\/index.php?rest_route=%2Fwp%2Fv2%2Fcomments&post=2208"}],"wp:featuredmedia":[{"embeddable":true,"href":"https:\/\/orthopara.store\/index.php?rest_route=\/wp\/v2\/media\/2227"}],"wp:attachment":[{"href":"https:\/\/orthopara.store\/index.php?rest_route=%2Fwp%2Fv2%2Fmedia&parent=2208"}],"wp:term":[{"taxonomy":"pwb-brand","embeddable":true,"href":"https:\/\/orthopara.store\/index.php?rest_route=%2Fwp%2Fv2%2Fpwb-brand&post=2208"},{"taxonomy":"product_cat","embeddable":true,"href":"https:\/\/orthopara.store\/index.php?rest_route=%2Fwp%2Fv2%2Fproduct_cat&post=2208"},{"taxonomy":"product_tag","embeddable":true,"href":"https:\/\/orthopara.store\/index.php?rest_route=%2Fwp%2Fv2%2Fproduct_tag&post=2208"}],"curies":[{"name":"wp","href":"https:\/\/api.w.org\/{rel}","templated":true}]}}