{"id":2209,"date":"2024-06-28T15:57:31","date_gmt":"2024-06-28T13:57:31","guid":{"rendered":"https:\/\/orthopara.store\/?post_type=product&#038;p=2209"},"modified":"2024-06-28T15:57:36","modified_gmt":"2024-06-28T13:57:36","slug":"hyfac-mousse-nettoyante-exfoliante-150ml","status":"publish","type":"product","link":"https:\/\/orthopara.store\/?product=hyfac-mousse-nettoyante-exfoliante-150ml","title":{"rendered":"Hyfac &#8211; Mousse nettoyante exfoliante &#8211; 150ml"},"content":{"rendered":"<p>La mousse nettoyante exfoliante HYFAC nettoie et purifie les peaux \u00e0 imperfections. Sa texture a\u00e9rienne et ultra-douce rend son utilisation agr\u00e9able au quotidien pour un nettoyage en profondeur. Elle purifie en douceur et \u00e9limine les impuret\u00e9s des peaux jeunes \u00e0 tendance acn\u00e9ique gr\u00e2ce \u00e0 son action exfoliante. Les actifs de fruits (AHA) pr\u00e9viennent l&rsquo;appantion des boutons et permettent d&rsquo;\u00e9liminer les com\u00e9dons et points noirs pour retrouver une peau nette et saine<br \/>\nConseils d&rsquo;utilisation :<br \/>\nMatin et\/ou soir, d\u00e9poser 2 pressions de mousse au creux de la main. Appliquer sur la peau pr\u00e9alablement humidifi\u00e9e et masser d\u00e9licatement l&rsquo;ensemble du visage. Rincer abondamment \u00e0 l&rsquo;eau claire, pas s\u00e9cher \u00e0 l&rsquo;aide d&rsquo;une serviette propre. Il est ensuite conseill\u00e9 d&rsquo;appliquer le soin, global Hyfac sur une peau parfaitement s\u00e8che.<br \/>\nLorsque la peau est tr\u00e8s sensible, il est pr\u00e9conis\u00e9 d&rsquo;utiliser la mousse nettoyante exfoliante un jour sur deux, en compl\u00e9ment du gel nettoyant purifiant.<br \/>\nLa mousse nettoyante exfoliante permet d&rsquo;\u00e9liminer les impuret\u00e9s pr\u00e9sentes dans les pores de la peau et de l&rsquo;assainir sans l&rsquo;inter, \u00e0 la diff\u00e9rence de certains gommages ou peelings du visage<\/p>\n<p>Composition :\u00a0<\/p>\n<p>Actifs cl\u00e9s :<br \/>\n1- Acide malique Actif k\u00e9ratolytique et hydratant<br \/>\nL&rsquo;acide malique est un acide de fruit (AHA) extrait de la pomme et du raisin. Il a une action d&rsquo;exfoliation sur les cellules mortes qui bouchent les ca- naux excr\u00e9teurs et hydrate la peau Le s\u00e9bum s&rsquo;\u00e9coule alors correctement et les points noirs disparaissent progressivement<br \/>\n2- Piroctone Olamine Anti-bact\u00e9rien et conservateur<br \/>\nLa Piroctone Olamine est reconnue pour ses propri\u00e9t\u00e9s antimicrobiennes notamment sur le Pacnes et la Malassezia, les micro-organismes respon- sables de l&rsquo;acn\u00e9. Elle joue \u00e9galement un r\u00f4le de conservateur La pr\u00e9sence de Piroctone Olamine dans la mousse nettoyante exfoliante HYFAC permet donc de ne pas ajouter de conservateurs tel que les parabens<br \/>\nIngr\u00e9dients :<br \/>\nAqua (Water), Decyl Glucoside, Malic Acid, Glycerin, Sodium Hydroxide, Sodium Cocoamphoacetate Glycine, Coco-Glucoside, Glyceryl Oleate, Piroctone Olamine, Dmdm Hydantoin, Parfum (Fragrance) Citric Acid, Ci 42000 (Blue 1), Tocopherol, Hydrogenated Palm Glycerides Citrate<\/p>\n<p>Contenance :<br \/>\nflacon pompe 150ml<\/p>\n","protected":false},"excerpt":{"rendered":"<p>Mousse nettoyante exfoliante pour les peaux grasses \u00e0 tendance acn\u00e9ique. Nettoie, purifie et d\u00e9sincruste en douceur.<br \/>\nDLC 12 mois apr\u00e8s l&rsquo;ouverture<\/p>\n","protected":false},"featured_media":2228,"comment_status":"open","ping_status":"closed","template":"","meta":[],"pwb-brand":[122],"product_cat":[275],"product_tag":[],"class_list":{"0":"post-2209","1":"product","2":"type-product","3":"status-publish","4":"has-post-thumbnail","6":"pwb-brand-hyfac","7":"product_cat-soin-visage-homme","8":"post","9":"ws-product--style-1","11":"first","12":"instock","13":"shipping-taxable","14":"purchasable","15":"product-type-simple"},"yoast_head":"<!-- This site is optimized with the Yoast SEO plugin v23.0 - https:\/\/yoast.com\/wordpress\/plugins\/seo\/ -->\n<title>Hyfac - Mousse nettoyante exfoliante - 150ml - OrthoPara<\/title>\n<meta name=\"robots\" content=\"index, follow, max-snippet:-1, max-image-preview:large, max-video-preview:-1\" \/>\n<link rel=\"canonical\" href=\"https:\/\/orthopara.store\/index.php\/produit\/hyfac-mousse-nettoyante-exfoliante-150ml\/\" \/>\n<meta property=\"og:locale\" content=\"fr_FR\" \/>\n<meta property=\"og:type\" content=\"article\" \/>\n<meta property=\"og:title\" content=\"Hyfac - Mousse nettoyante exfoliante - 150ml - OrthoPara\" \/>\n<meta property=\"og:description\" content=\"Mousse nettoyante exfoliante pour les peaux grasses \u00e0 tendance acn\u00e9ique. Nettoie, purifie et d\u00e9sincruste en douceur. DLC 12 mois apr\u00e8s l&#039;ouverture\" \/>\n<meta property=\"og:url\" content=\"https:\/\/orthopara.store\/index.php\/produit\/hyfac-mousse-nettoyante-exfoliante-150ml\/\" \/>\n<meta property=\"og:site_name\" content=\"OrthoPara\" \/>\n<meta property=\"article:publisher\" content=\"https:\/\/www.facebook.com\/profile.php?id=61561194315651\" \/>\n<meta property=\"article:modified_time\" content=\"2024-06-28T13:57:36+00:00\" \/>\n<meta property=\"og:image\" content=\"https:\/\/orthopara.store\/wp-content\/uploads\/2024\/06\/mousse-nettoyante-exfoliante-hyfac-150ml.jpg\" \/>\n\t<meta property=\"og:image:width\" content=\"800\" \/>\n\t<meta property=\"og:image:height\" content=\"800\" \/>\n\t<meta property=\"og:image:type\" content=\"image\/jpeg\" \/>\n<meta name=\"twitter:card\" content=\"summary_large_image\" \/>\n<meta name=\"twitter:label1\" content=\"Dur\u00e9e de lecture estim\u00e9e\" \/>\n\t<meta name=\"twitter:data1\" content=\"2 minutes\" \/>\n<script type=\"application\/ld+json\" class=\"yoast-schema-graph\">{\"@context\":\"https:\/\/schema.org\",\"@graph\":[{\"@type\":\"WebPage\",\"@id\":\"https:\/\/orthopara.store\/index.php\/produit\/hyfac-mousse-nettoyante-exfoliante-150ml\/\",\"url\":\"https:\/\/orthopara.store\/index.php\/produit\/hyfac-mousse-nettoyante-exfoliante-150ml\/\",\"name\":\"Hyfac - Mousse nettoyante exfoliante - 150ml - OrthoPara\",\"isPartOf\":{\"@id\":\"https:\/\/orthopara.store\/#website\"},\"primaryImageOfPage\":{\"@id\":\"https:\/\/orthopara.store\/index.php\/produit\/hyfac-mousse-nettoyante-exfoliante-150ml\/#primaryimage\"},\"image\":{\"@id\":\"https:\/\/orthopara.store\/index.php\/produit\/hyfac-mousse-nettoyante-exfoliante-150ml\/#primaryimage\"},\"thumbnailUrl\":\"https:\/\/orthopara.store\/wp-content\/uploads\/2024\/06\/mousse-nettoyante-exfoliante-hyfac-150ml.jpg\",\"datePublished\":\"2024-06-28T13:57:31+00:00\",\"dateModified\":\"2024-06-28T13:57:36+00:00\",\"breadcrumb\":{\"@id\":\"https:\/\/orthopara.store\/index.php\/produit\/hyfac-mousse-nettoyante-exfoliante-150ml\/#breadcrumb\"},\"inLanguage\":\"fr-FR\",\"potentialAction\":[{\"@type\":\"ReadAction\",\"target\":[\"https:\/\/orthopara.store\/index.php\/produit\/hyfac-mousse-nettoyante-exfoliante-150ml\/\"]}]},{\"@type\":\"ImageObject\",\"inLanguage\":\"fr-FR\",\"@id\":\"https:\/\/orthopara.store\/index.php\/produit\/hyfac-mousse-nettoyante-exfoliante-150ml\/#primaryimage\",\"url\":\"https:\/\/orthopara.store\/wp-content\/uploads\/2024\/06\/mousse-nettoyante-exfoliante-hyfac-150ml.jpg\",\"contentUrl\":\"https:\/\/orthopara.store\/wp-content\/uploads\/2024\/06\/mousse-nettoyante-exfoliante-hyfac-150ml.jpg\",\"width\":800,\"height\":800},{\"@type\":\"BreadcrumbList\",\"@id\":\"https:\/\/orthopara.store\/index.php\/produit\/hyfac-mousse-nettoyante-exfoliante-150ml\/#breadcrumb\",\"itemListElement\":[{\"@type\":\"ListItem\",\"position\":1,\"name\":\"Accueil\",\"item\":\"https:\/\/orthopara.store\/\"},{\"@type\":\"ListItem\",\"position\":2,\"name\":\"Shop\",\"item\":\"https:\/\/orthopara.store\/?page_id=622\"},{\"@type\":\"ListItem\",\"position\":3,\"name\":\"Hyfac &#8211; Mousse nettoyante exfoliante &#8211; 150ml\"}]},{\"@type\":\"WebSite\",\"@id\":\"https:\/\/orthopara.store\/#website\",\"url\":\"https:\/\/orthopara.store\/\",\"name\":\"OrthoPara\",\"description\":\"Parapharmacie\",\"publisher\":{\"@id\":\"https:\/\/orthopara.store\/#organization\"},\"potentialAction\":[{\"@type\":\"SearchAction\",\"target\":{\"@type\":\"EntryPoint\",\"urlTemplate\":\"https:\/\/orthopara.store\/?s={search_term_string}\"},\"query-input\":\"required name=search_term_string\"}],\"inLanguage\":\"fr-FR\"},{\"@type\":\"Organization\",\"@id\":\"https:\/\/orthopara.store\/#organization\",\"name\":\"OrthoPara\",\"url\":\"https:\/\/orthopara.store\/\",\"logo\":{\"@type\":\"ImageObject\",\"inLanguage\":\"fr-FR\",\"@id\":\"https:\/\/orthopara.store\/#\/schema\/logo\/image\/\",\"url\":\"https:\/\/orthopara.store\/wp-content\/uploads\/2024\/06\/cropped-9ABA8BAD-6256-4719-9315-15C66E64E882.png\",\"contentUrl\":\"https:\/\/orthopara.store\/wp-content\/uploads\/2024\/06\/cropped-9ABA8BAD-6256-4719-9315-15C66E64E882.png\",\"width\":240,\"height\":72,\"caption\":\"OrthoPara\"},\"image\":{\"@id\":\"https:\/\/orthopara.store\/#\/schema\/logo\/image\/\"},\"sameAs\":[\"https:\/\/www.facebook.com\/profile.php?id=61561194315651\",\"https:\/\/www.instagram.com\/orthopara_tunisie\/\"]}]}<\/script>\n<!-- \/ Yoast SEO plugin. -->","yoast_head_json":{"title":"Hyfac - Mousse nettoyante exfoliante - 150ml - OrthoPara","robots":{"index":"index","follow":"follow","max-snippet":"max-snippet:-1","max-image-preview":"max-image-preview:large","max-video-preview":"max-video-preview:-1"},"canonical":"https:\/\/orthopara.store\/index.php\/produit\/hyfac-mousse-nettoyante-exfoliante-150ml\/","og_locale":"fr_FR","og_type":"article","og_title":"Hyfac - Mousse nettoyante exfoliante - 150ml - OrthoPara","og_description":"Mousse nettoyante exfoliante pour les peaux grasses \u00e0 tendance acn\u00e9ique. Nettoie, purifie et d\u00e9sincruste en douceur. DLC 12 mois apr\u00e8s l'ouverture","og_url":"https:\/\/orthopara.store\/index.php\/produit\/hyfac-mousse-nettoyante-exfoliante-150ml\/","og_site_name":"OrthoPara","article_publisher":"https:\/\/www.facebook.com\/profile.php?id=61561194315651","article_modified_time":"2024-06-28T13:57:36+00:00","og_image":[{"width":800,"height":800,"url":"https:\/\/orthopara.store\/wp-content\/uploads\/2024\/06\/mousse-nettoyante-exfoliante-hyfac-150ml.jpg","type":"image\/jpeg"}],"twitter_card":"summary_large_image","twitter_misc":{"Dur\u00e9e de lecture estim\u00e9e":"2 minutes"},"schema":{"@context":"https:\/\/schema.org","@graph":[{"@type":"WebPage","@id":"https:\/\/orthopara.store\/index.php\/produit\/hyfac-mousse-nettoyante-exfoliante-150ml\/","url":"https:\/\/orthopara.store\/index.php\/produit\/hyfac-mousse-nettoyante-exfoliante-150ml\/","name":"Hyfac - Mousse nettoyante exfoliante - 150ml - OrthoPara","isPartOf":{"@id":"https:\/\/orthopara.store\/#website"},"primaryImageOfPage":{"@id":"https:\/\/orthopara.store\/index.php\/produit\/hyfac-mousse-nettoyante-exfoliante-150ml\/#primaryimage"},"image":{"@id":"https:\/\/orthopara.store\/index.php\/produit\/hyfac-mousse-nettoyante-exfoliante-150ml\/#primaryimage"},"thumbnailUrl":"https:\/\/orthopara.store\/wp-content\/uploads\/2024\/06\/mousse-nettoyante-exfoliante-hyfac-150ml.jpg","datePublished":"2024-06-28T13:57:31+00:00","dateModified":"2024-06-28T13:57:36+00:00","breadcrumb":{"@id":"https:\/\/orthopara.store\/index.php\/produit\/hyfac-mousse-nettoyante-exfoliante-150ml\/#breadcrumb"},"inLanguage":"fr-FR","potentialAction":[{"@type":"ReadAction","target":["https:\/\/orthopara.store\/index.php\/produit\/hyfac-mousse-nettoyante-exfoliante-150ml\/"]}]},{"@type":"ImageObject","inLanguage":"fr-FR","@id":"https:\/\/orthopara.store\/index.php\/produit\/hyfac-mousse-nettoyante-exfoliante-150ml\/#primaryimage","url":"https:\/\/orthopara.store\/wp-content\/uploads\/2024\/06\/mousse-nettoyante-exfoliante-hyfac-150ml.jpg","contentUrl":"https:\/\/orthopara.store\/wp-content\/uploads\/2024\/06\/mousse-nettoyante-exfoliante-hyfac-150ml.jpg","width":800,"height":800},{"@type":"BreadcrumbList","@id":"https:\/\/orthopara.store\/index.php\/produit\/hyfac-mousse-nettoyante-exfoliante-150ml\/#breadcrumb","itemListElement":[{"@type":"ListItem","position":1,"name":"Accueil","item":"https:\/\/orthopara.store\/"},{"@type":"ListItem","position":2,"name":"Shop","item":"https:\/\/orthopara.store\/?page_id=622"},{"@type":"ListItem","position":3,"name":"Hyfac &#8211; Mousse nettoyante exfoliante &#8211; 150ml"}]},{"@type":"WebSite","@id":"https:\/\/orthopara.store\/#website","url":"https:\/\/orthopara.store\/","name":"OrthoPara","description":"Parapharmacie","publisher":{"@id":"https:\/\/orthopara.store\/#organization"},"potentialAction":[{"@type":"SearchAction","target":{"@type":"EntryPoint","urlTemplate":"https:\/\/orthopara.store\/?s={search_term_string}"},"query-input":"required name=search_term_string"}],"inLanguage":"fr-FR"},{"@type":"Organization","@id":"https:\/\/orthopara.store\/#organization","name":"OrthoPara","url":"https:\/\/orthopara.store\/","logo":{"@type":"ImageObject","inLanguage":"fr-FR","@id":"https:\/\/orthopara.store\/#\/schema\/logo\/image\/","url":"https:\/\/orthopara.store\/wp-content\/uploads\/2024\/06\/cropped-9ABA8BAD-6256-4719-9315-15C66E64E882.png","contentUrl":"https:\/\/orthopara.store\/wp-content\/uploads\/2024\/06\/cropped-9ABA8BAD-6256-4719-9315-15C66E64E882.png","width":240,"height":72,"caption":"OrthoPara"},"image":{"@id":"https:\/\/orthopara.store\/#\/schema\/logo\/image\/"},"sameAs":["https:\/\/www.facebook.com\/profile.php?id=61561194315651","https:\/\/www.instagram.com\/orthopara_tunisie\/"]}]}},"jetpack_sharing_enabled":true,"brands":[{"id":122,"name":"Hyfac","slug":"hyfac"}],"_links":{"self":[{"href":"https:\/\/orthopara.store\/index.php?rest_route=\/wp\/v2\/product\/2209","targetHints":{"allow":["GET"]}}],"collection":[{"href":"https:\/\/orthopara.store\/index.php?rest_route=\/wp\/v2\/product"}],"about":[{"href":"https:\/\/orthopara.store\/index.php?rest_route=\/wp\/v2\/types\/product"}],"replies":[{"embeddable":true,"href":"https:\/\/orthopara.store\/index.php?rest_route=%2Fwp%2Fv2%2Fcomments&post=2209"}],"wp:featuredmedia":[{"embeddable":true,"href":"https:\/\/orthopara.store\/index.php?rest_route=\/wp\/v2\/media\/2228"}],"wp:attachment":[{"href":"https:\/\/orthopara.store\/index.php?rest_route=%2Fwp%2Fv2%2Fmedia&parent=2209"}],"wp:term":[{"taxonomy":"pwb-brand","embeddable":true,"href":"https:\/\/orthopara.store\/index.php?rest_route=%2Fwp%2Fv2%2Fpwb-brand&post=2209"},{"taxonomy":"product_cat","embeddable":true,"href":"https:\/\/orthopara.store\/index.php?rest_route=%2Fwp%2Fv2%2Fproduct_cat&post=2209"},{"taxonomy":"product_tag","embeddable":true,"href":"https:\/\/orthopara.store\/index.php?rest_route=%2Fwp%2Fv2%2Fproduct_tag&post=2209"}],"curies":[{"name":"wp","href":"https:\/\/api.w.org\/{rel}","templated":true}]}}