{"id":2211,"date":"2024-06-28T15:57:31","date_gmt":"2024-06-28T13:57:31","guid":{"rendered":"https:\/\/orthopara.store\/?post_type=product&#038;p=2211"},"modified":"2024-06-28T15:57:36","modified_gmt":"2024-06-28T13:57:36","slug":"roncey-sebiaskin-gel-nettoyant-pour-peau-grasse-200ml","status":"publish","type":"product","link":"https:\/\/orthopara.store\/?product=roncey-sebiaskin-gel-nettoyant-pour-peau-grasse-200ml","title":{"rendered":"Roncey Sebiaskin &#8211; Gel nettoyant pour peau grasse &#8211; 200ml"},"content":{"rendered":"<p>Le gel nettoyant Sebiaskin est le produit id\u00e9al pour bien nettoyer les peaux grasses \u00e0 tendance acn\u00e9ique. Le Zinc PCA permet notamment de r\u00e9guler la production de s\u00e9bum et de prot\u00e9ger la peau des bact\u00e9ries responsables de l&rsquo;apparition des imperfections. Ses agents nettoyants doux respectent l\u2019\u00e9piderme des peaux sensibles, il apaise et limite les risques d\u2019irritations. La peau est nette et fra\u00eeche. L\u2019acide salicylique est un BHA (Acide Beta-Hydroxyl\u00e9), exerce une action k\u00e9ratolytique, s\u00e9bo-r\u00e9gulatrice et com\u00e9dolytique. La Niacinnamide (Vitamine B3) stimule donc le renouvellement cellulaire qui lui-m\u00eame permet d&rsquo;avoir une peau plus lisse, plus ferme, et plus lumineuse. Biosaccharide gum-1 est un actif hydratant, il permet de stimuler le renouvellement cellulaire. Il dispose aussi d&rsquo;une activit\u00e9 anti-\u00e2ge int\u00e9ressante si bien qu&rsquo;on le compare souvent \u00e0 l&rsquo;acide hyaluronique.<br \/>\nIndications :<br \/>\nCe gel nettoyant visage est indiqu\u00e9 pour nettoyer une peau grasse ou une peau \u00e0 tendance acn\u00e9ique.<br \/>\nPropri\u00e9t\u00e9s :<br \/>\nAntibact\u00e9rien<br \/>\nSans Parab\u00e8ne<br \/>\nNon Com\u00e9dog\u00e8ne<br \/>\nSans sulfate<br \/>\nHypoallerg\u00e9nique<br \/>\nUtilisation :<br \/>\nFaire mousser une noisette de gel dans les mains et appliquer sur le visage et le corps humidifi\u00e9. Massez pendant une minute environ. Rincer abondamment. A utiliser matin et soir. L\u2019effet est ressenti d\u00e8s la premi\u00e8re utilisation.<br \/>\nIngr\u00e9dients :<br \/>\nAqua, Sodium Lauroyl Sarcosinate, Cocamidopropyl Betaine, Disodium Lauryl Sulfosuccinate, Coco Glucoside, PEG-90 Glyceryl Isostearate (and) Laureth-2, Glycerin, Salicylic Acid, Disodium Cocoyl Glutamate, Niacinnamide, Zinc PCA, Sodium Benzoate, Potassium Sorbate, Glyceryl Oleate, Fragrance.<br \/>\nContenance:<br \/>\n200ml\u00a0<\/p>\n","protected":false},"excerpt":{"rendered":"<p>Le gel nettoyant Sebiaskin est le produit id\u00e9al pour bien nettoyer les peaux grasses \u00e0 tendance acn\u00e9ique. Le Zinc PCA permet notamment de r\u00e9guler la production de s\u00e9bum et de prot\u00e9ger la peau des bact\u00e9ries responsables de l&rsquo;apparition des imperfections.<\/p>\n","protected":false},"featured_media":2230,"comment_status":"open","ping_status":"closed","template":"","meta":[],"pwb-brand":[53],"product_cat":[275],"product_tag":[],"class_list":{"0":"post-2211","1":"product","2":"type-product","3":"status-publish","4":"has-post-thumbnail","6":"pwb-brand-roncey-pharma","7":"product_cat-soin-visage-homme","8":"post","9":"ws-product--style-1","11":"first","12":"instock","13":"shipping-taxable","14":"purchasable","15":"product-type-simple"},"yoast_head":"<!-- This site is optimized with the Yoast SEO plugin v23.0 - https:\/\/yoast.com\/wordpress\/plugins\/seo\/ -->\n<title>Roncey Sebiaskin - Gel nettoyant pour peau grasse - 200ml - OrthoPara<\/title>\n<meta name=\"robots\" content=\"index, follow, max-snippet:-1, max-image-preview:large, max-video-preview:-1\" \/>\n<link rel=\"canonical\" href=\"https:\/\/orthopara.store\/index.php\/produit\/roncey-sebiaskin-gel-nettoyant-pour-peau-grasse-200ml\/\" \/>\n<meta property=\"og:locale\" content=\"fr_FR\" \/>\n<meta property=\"og:type\" content=\"article\" \/>\n<meta property=\"og:title\" content=\"Roncey Sebiaskin - Gel nettoyant pour peau grasse - 200ml - OrthoPara\" \/>\n<meta property=\"og:description\" content=\"Le gel nettoyant Sebiaskin est le produit id\u00e9al pour bien nettoyer les peaux grasses \u00e0 tendance acn\u00e9ique. Le Zinc PCA permet notamment de r\u00e9guler la production de s\u00e9bum et de prot\u00e9ger la peau des bact\u00e9ries responsables de l&#039;apparition des imperfections.\" \/>\n<meta property=\"og:url\" content=\"https:\/\/orthopara.store\/index.php\/produit\/roncey-sebiaskin-gel-nettoyant-pour-peau-grasse-200ml\/\" \/>\n<meta property=\"og:site_name\" content=\"OrthoPara\" \/>\n<meta property=\"article:publisher\" content=\"https:\/\/www.facebook.com\/profile.php?id=61561194315651\" \/>\n<meta property=\"article:modified_time\" content=\"2024-06-28T13:57:36+00:00\" \/>\n<meta property=\"og:image\" content=\"https:\/\/orthopara.store\/wp-content\/uploads\/2024\/06\/gel-nettoyant-pour-peau-grasse-roncey-sebiaskin-200ml.jpg\" \/>\n\t<meta property=\"og:image:width\" content=\"800\" \/>\n\t<meta property=\"og:image:height\" content=\"800\" \/>\n\t<meta property=\"og:image:type\" content=\"image\/jpeg\" \/>\n<meta name=\"twitter:card\" content=\"summary_large_image\" \/>\n<meta name=\"twitter:label1\" content=\"Dur\u00e9e de lecture estim\u00e9e\" \/>\n\t<meta name=\"twitter:data1\" content=\"1 minute\" \/>\n<script type=\"application\/ld+json\" class=\"yoast-schema-graph\">{\"@context\":\"https:\/\/schema.org\",\"@graph\":[{\"@type\":\"WebPage\",\"@id\":\"https:\/\/orthopara.store\/index.php\/produit\/roncey-sebiaskin-gel-nettoyant-pour-peau-grasse-200ml\/\",\"url\":\"https:\/\/orthopara.store\/index.php\/produit\/roncey-sebiaskin-gel-nettoyant-pour-peau-grasse-200ml\/\",\"name\":\"Roncey Sebiaskin - Gel nettoyant pour peau grasse - 200ml - OrthoPara\",\"isPartOf\":{\"@id\":\"https:\/\/orthopara.store\/#website\"},\"primaryImageOfPage\":{\"@id\":\"https:\/\/orthopara.store\/index.php\/produit\/roncey-sebiaskin-gel-nettoyant-pour-peau-grasse-200ml\/#primaryimage\"},\"image\":{\"@id\":\"https:\/\/orthopara.store\/index.php\/produit\/roncey-sebiaskin-gel-nettoyant-pour-peau-grasse-200ml\/#primaryimage\"},\"thumbnailUrl\":\"https:\/\/orthopara.store\/wp-content\/uploads\/2024\/06\/gel-nettoyant-pour-peau-grasse-roncey-sebiaskin-200ml.jpg\",\"datePublished\":\"2024-06-28T13:57:31+00:00\",\"dateModified\":\"2024-06-28T13:57:36+00:00\",\"breadcrumb\":{\"@id\":\"https:\/\/orthopara.store\/index.php\/produit\/roncey-sebiaskin-gel-nettoyant-pour-peau-grasse-200ml\/#breadcrumb\"},\"inLanguage\":\"fr-FR\",\"potentialAction\":[{\"@type\":\"ReadAction\",\"target\":[\"https:\/\/orthopara.store\/index.php\/produit\/roncey-sebiaskin-gel-nettoyant-pour-peau-grasse-200ml\/\"]}]},{\"@type\":\"ImageObject\",\"inLanguage\":\"fr-FR\",\"@id\":\"https:\/\/orthopara.store\/index.php\/produit\/roncey-sebiaskin-gel-nettoyant-pour-peau-grasse-200ml\/#primaryimage\",\"url\":\"https:\/\/orthopara.store\/wp-content\/uploads\/2024\/06\/gel-nettoyant-pour-peau-grasse-roncey-sebiaskin-200ml.jpg\",\"contentUrl\":\"https:\/\/orthopara.store\/wp-content\/uploads\/2024\/06\/gel-nettoyant-pour-peau-grasse-roncey-sebiaskin-200ml.jpg\",\"width\":800,\"height\":800},{\"@type\":\"BreadcrumbList\",\"@id\":\"https:\/\/orthopara.store\/index.php\/produit\/roncey-sebiaskin-gel-nettoyant-pour-peau-grasse-200ml\/#breadcrumb\",\"itemListElement\":[{\"@type\":\"ListItem\",\"position\":1,\"name\":\"Accueil\",\"item\":\"https:\/\/orthopara.store\/\"},{\"@type\":\"ListItem\",\"position\":2,\"name\":\"Shop\",\"item\":\"https:\/\/orthopara.store\/?page_id=622\"},{\"@type\":\"ListItem\",\"position\":3,\"name\":\"Roncey Sebiaskin &#8211; Gel nettoyant pour peau grasse &#8211; 200ml\"}]},{\"@type\":\"WebSite\",\"@id\":\"https:\/\/orthopara.store\/#website\",\"url\":\"https:\/\/orthopara.store\/\",\"name\":\"OrthoPara\",\"description\":\"Parapharmacie\",\"publisher\":{\"@id\":\"https:\/\/orthopara.store\/#organization\"},\"potentialAction\":[{\"@type\":\"SearchAction\",\"target\":{\"@type\":\"EntryPoint\",\"urlTemplate\":\"https:\/\/orthopara.store\/?s={search_term_string}\"},\"query-input\":\"required name=search_term_string\"}],\"inLanguage\":\"fr-FR\"},{\"@type\":\"Organization\",\"@id\":\"https:\/\/orthopara.store\/#organization\",\"name\":\"OrthoPara\",\"url\":\"https:\/\/orthopara.store\/\",\"logo\":{\"@type\":\"ImageObject\",\"inLanguage\":\"fr-FR\",\"@id\":\"https:\/\/orthopara.store\/#\/schema\/logo\/image\/\",\"url\":\"https:\/\/orthopara.store\/wp-content\/uploads\/2024\/06\/cropped-9ABA8BAD-6256-4719-9315-15C66E64E882.png\",\"contentUrl\":\"https:\/\/orthopara.store\/wp-content\/uploads\/2024\/06\/cropped-9ABA8BAD-6256-4719-9315-15C66E64E882.png\",\"width\":240,\"height\":72,\"caption\":\"OrthoPara\"},\"image\":{\"@id\":\"https:\/\/orthopara.store\/#\/schema\/logo\/image\/\"},\"sameAs\":[\"https:\/\/www.facebook.com\/profile.php?id=61561194315651\",\"https:\/\/www.instagram.com\/orthopara_tunisie\/\"]}]}<\/script>\n<!-- \/ Yoast SEO plugin. -->","yoast_head_json":{"title":"Roncey Sebiaskin - Gel nettoyant pour peau grasse - 200ml - OrthoPara","robots":{"index":"index","follow":"follow","max-snippet":"max-snippet:-1","max-image-preview":"max-image-preview:large","max-video-preview":"max-video-preview:-1"},"canonical":"https:\/\/orthopara.store\/index.php\/produit\/roncey-sebiaskin-gel-nettoyant-pour-peau-grasse-200ml\/","og_locale":"fr_FR","og_type":"article","og_title":"Roncey Sebiaskin - Gel nettoyant pour peau grasse - 200ml - OrthoPara","og_description":"Le gel nettoyant Sebiaskin est le produit id\u00e9al pour bien nettoyer les peaux grasses \u00e0 tendance acn\u00e9ique. Le Zinc PCA permet notamment de r\u00e9guler la production de s\u00e9bum et de prot\u00e9ger la peau des bact\u00e9ries responsables de l'apparition des imperfections.","og_url":"https:\/\/orthopara.store\/index.php\/produit\/roncey-sebiaskin-gel-nettoyant-pour-peau-grasse-200ml\/","og_site_name":"OrthoPara","article_publisher":"https:\/\/www.facebook.com\/profile.php?id=61561194315651","article_modified_time":"2024-06-28T13:57:36+00:00","og_image":[{"width":800,"height":800,"url":"https:\/\/orthopara.store\/wp-content\/uploads\/2024\/06\/gel-nettoyant-pour-peau-grasse-roncey-sebiaskin-200ml.jpg","type":"image\/jpeg"}],"twitter_card":"summary_large_image","twitter_misc":{"Dur\u00e9e de lecture estim\u00e9e":"1 minute"},"schema":{"@context":"https:\/\/schema.org","@graph":[{"@type":"WebPage","@id":"https:\/\/orthopara.store\/index.php\/produit\/roncey-sebiaskin-gel-nettoyant-pour-peau-grasse-200ml\/","url":"https:\/\/orthopara.store\/index.php\/produit\/roncey-sebiaskin-gel-nettoyant-pour-peau-grasse-200ml\/","name":"Roncey Sebiaskin - Gel nettoyant pour peau grasse - 200ml - OrthoPara","isPartOf":{"@id":"https:\/\/orthopara.store\/#website"},"primaryImageOfPage":{"@id":"https:\/\/orthopara.store\/index.php\/produit\/roncey-sebiaskin-gel-nettoyant-pour-peau-grasse-200ml\/#primaryimage"},"image":{"@id":"https:\/\/orthopara.store\/index.php\/produit\/roncey-sebiaskin-gel-nettoyant-pour-peau-grasse-200ml\/#primaryimage"},"thumbnailUrl":"https:\/\/orthopara.store\/wp-content\/uploads\/2024\/06\/gel-nettoyant-pour-peau-grasse-roncey-sebiaskin-200ml.jpg","datePublished":"2024-06-28T13:57:31+00:00","dateModified":"2024-06-28T13:57:36+00:00","breadcrumb":{"@id":"https:\/\/orthopara.store\/index.php\/produit\/roncey-sebiaskin-gel-nettoyant-pour-peau-grasse-200ml\/#breadcrumb"},"inLanguage":"fr-FR","potentialAction":[{"@type":"ReadAction","target":["https:\/\/orthopara.store\/index.php\/produit\/roncey-sebiaskin-gel-nettoyant-pour-peau-grasse-200ml\/"]}]},{"@type":"ImageObject","inLanguage":"fr-FR","@id":"https:\/\/orthopara.store\/index.php\/produit\/roncey-sebiaskin-gel-nettoyant-pour-peau-grasse-200ml\/#primaryimage","url":"https:\/\/orthopara.store\/wp-content\/uploads\/2024\/06\/gel-nettoyant-pour-peau-grasse-roncey-sebiaskin-200ml.jpg","contentUrl":"https:\/\/orthopara.store\/wp-content\/uploads\/2024\/06\/gel-nettoyant-pour-peau-grasse-roncey-sebiaskin-200ml.jpg","width":800,"height":800},{"@type":"BreadcrumbList","@id":"https:\/\/orthopara.store\/index.php\/produit\/roncey-sebiaskin-gel-nettoyant-pour-peau-grasse-200ml\/#breadcrumb","itemListElement":[{"@type":"ListItem","position":1,"name":"Accueil","item":"https:\/\/orthopara.store\/"},{"@type":"ListItem","position":2,"name":"Shop","item":"https:\/\/orthopara.store\/?page_id=622"},{"@type":"ListItem","position":3,"name":"Roncey Sebiaskin &#8211; Gel nettoyant pour peau grasse &#8211; 200ml"}]},{"@type":"WebSite","@id":"https:\/\/orthopara.store\/#website","url":"https:\/\/orthopara.store\/","name":"OrthoPara","description":"Parapharmacie","publisher":{"@id":"https:\/\/orthopara.store\/#organization"},"potentialAction":[{"@type":"SearchAction","target":{"@type":"EntryPoint","urlTemplate":"https:\/\/orthopara.store\/?s={search_term_string}"},"query-input":"required name=search_term_string"}],"inLanguage":"fr-FR"},{"@type":"Organization","@id":"https:\/\/orthopara.store\/#organization","name":"OrthoPara","url":"https:\/\/orthopara.store\/","logo":{"@type":"ImageObject","inLanguage":"fr-FR","@id":"https:\/\/orthopara.store\/#\/schema\/logo\/image\/","url":"https:\/\/orthopara.store\/wp-content\/uploads\/2024\/06\/cropped-9ABA8BAD-6256-4719-9315-15C66E64E882.png","contentUrl":"https:\/\/orthopara.store\/wp-content\/uploads\/2024\/06\/cropped-9ABA8BAD-6256-4719-9315-15C66E64E882.png","width":240,"height":72,"caption":"OrthoPara"},"image":{"@id":"https:\/\/orthopara.store\/#\/schema\/logo\/image\/"},"sameAs":["https:\/\/www.facebook.com\/profile.php?id=61561194315651","https:\/\/www.instagram.com\/orthopara_tunisie\/"]}]}},"jetpack_sharing_enabled":true,"brands":[{"id":53,"name":"Roncey Pharma","slug":"roncey-pharma"}],"_links":{"self":[{"href":"https:\/\/orthopara.store\/index.php?rest_route=\/wp\/v2\/product\/2211","targetHints":{"allow":["GET"]}}],"collection":[{"href":"https:\/\/orthopara.store\/index.php?rest_route=\/wp\/v2\/product"}],"about":[{"href":"https:\/\/orthopara.store\/index.php?rest_route=\/wp\/v2\/types\/product"}],"replies":[{"embeddable":true,"href":"https:\/\/orthopara.store\/index.php?rest_route=%2Fwp%2Fv2%2Fcomments&post=2211"}],"wp:featuredmedia":[{"embeddable":true,"href":"https:\/\/orthopara.store\/index.php?rest_route=\/wp\/v2\/media\/2230"}],"wp:attachment":[{"href":"https:\/\/orthopara.store\/index.php?rest_route=%2Fwp%2Fv2%2Fmedia&parent=2211"}],"wp:term":[{"taxonomy":"pwb-brand","embeddable":true,"href":"https:\/\/orthopara.store\/index.php?rest_route=%2Fwp%2Fv2%2Fpwb-brand&post=2211"},{"taxonomy":"product_cat","embeddable":true,"href":"https:\/\/orthopara.store\/index.php?rest_route=%2Fwp%2Fv2%2Fproduct_cat&post=2211"},{"taxonomy":"product_tag","embeddable":true,"href":"https:\/\/orthopara.store\/index.php?rest_route=%2Fwp%2Fv2%2Fproduct_tag&post=2211"}],"curies":[{"name":"wp","href":"https:\/\/api.w.org\/{rel}","templated":true}]}}