{"id":2212,"date":"2024-06-28T15:57:32","date_gmt":"2024-06-28T13:57:32","guid":{"rendered":"https:\/\/orthopara.store\/?post_type=product&#038;p=2212"},"modified":"2024-11-04T17:14:44","modified_gmt":"2024-11-04T16:14:44","slug":"ampoules-effets-lifting-immediat-isdinceutic-serum-5-ampoules-de-2ml","status":"publish","type":"product","link":"https:\/\/orthopara.store\/?product=ampoules-effets-lifting-immediat-isdinceutic-serum-5-ampoules-de-2ml","title":{"rendered":"Ampoules effets lifting imm\u00e9diat &#8211; Isdinceutic Serum &#8211; 5 ampoules de 2ml"},"content":{"rendered":"<p>Ampoules effets lifting imm\u00e9diat &#8211; Isdinceutic Serum &#8211; 5 ampoules de 2ml<br \/>\nSa composition \u00e0 base de LiftFirm favorise un effet lifting imm\u00e9diat et prolong\u00e9.\u00a0<br \/>\nIl aide \u00e0 att\u00e9nuer les rides et les lignes d\u2019expression de fa\u00e7on instantan\u00e9e.\u00a0<br \/>\n\u00c9nergise la peau gr\u00e2ce au Pepdtide Q10 qui r\u00e9duit les signes de fatigue et de stress, et rend la peau plus lisse.<br \/>\nAction anti-\u00e2ge gr\u00e2ce au LineBoost qui att\u00e9nue les signes de vieillissement, et am\u00e9liore visiblement l\u2019apparence du visage.<br \/>\nConseils d&rsquo;utilisation :<br \/>\nAppliquer Instant Flash sur peau propre et s\u00e8che avant toute occasion sp\u00e9ciale.\u00a0<br \/>\nAppliquer \u00bd ampoule sur le visage et le cou en effectuant un l\u00e9ger massage jusqu\u2019\u00e0 absorption compl\u00e8te du produit.\u00a0<br \/>\nApr\u00e8s son application, utiliser directement le maquillage.\u00a0<br \/>\nUsage topique pour tous les types de peaux.<br \/>\nComposition :<br \/>\nAqua (Water), Glycerin, Propanediol, Caesalpinia Spinosa Fruit Extract, Phenoxyethanol, Kappaphycus Alvarezii Extract, Biosaccharide Gum-1, Lens Esculenta (Lentil) Seed Extract, Ethylhexylglycerin, Disodium EDTA, Hydrolyzed Hyaluronic Acid, Sodium Hyaluronate, PPG-26-Buteth-26, PEG-40 Hydrogenated Castor Oil, Xanthan Gum, Helichrysum Stoechas Extract, Fragrance (Parfum), 1,2-Hexanediol, Caprylyl Glycol, Sodium Hydroxide, Sodium Benzoate, Pentapeptide-34 Trifluoroacetate.<\/p>\n","protected":false},"excerpt":{"rendered":"<p>Isdinceutic Instant Flash\u00a0<br \/>\nS\u00e9rum visage effet lifting imm\u00e9diat<br \/>\nSolution pour le visage sous forme d\u2019ampoules avec un ensemble de principes actifs avanc\u00e9s qui favorisent un effet lifting imm\u00e9diat et prolong\u00e9 jusqu\u2019\u00e0 8 heures qui rajeunit l\u2019apparence du visage.<br \/>\nContenance : paquet de 5 ampoules de 2ml<\/p>\n","protected":false},"featured_media":2231,"comment_status":"open","ping_status":"closed","template":"","meta":[],"pwb-brand":[42],"product_cat":[275],"product_tag":[],"class_list":{"0":"post-2212","1":"product","2":"type-product","3":"status-publish","4":"has-post-thumbnail","6":"pwb-brand-isdin","7":"product_cat-soin-visage-homme","8":"post","9":"ws-product--style-1","11":"first","12":"instock","13":"shipping-taxable","14":"purchasable","15":"product-type-simple"},"yoast_head":"<!-- This site is optimized with the Yoast SEO plugin v23.0 - https:\/\/yoast.com\/wordpress\/plugins\/seo\/ -->\n<title>Ampoules effets lifting imm\u00e9diat - Isdinceutic Serum - 5 ampoules de 2ml - OrthoPara<\/title>\n<meta name=\"robots\" content=\"index, follow, max-snippet:-1, max-image-preview:large, max-video-preview:-1\" \/>\n<link rel=\"canonical\" href=\"https:\/\/orthopara.store\/index.php\/produit\/ampoules-effets-lifting-immediat-isdinceutic-serum-5-ampoules-de-2ml\/\" \/>\n<meta property=\"og:locale\" content=\"fr_FR\" \/>\n<meta property=\"og:type\" content=\"article\" \/>\n<meta property=\"og:title\" content=\"Ampoules effets lifting imm\u00e9diat - Isdinceutic Serum - 5 ampoules de 2ml - OrthoPara\" \/>\n<meta property=\"og:description\" content=\"Isdinceutic Instant Flash\u00a0 S\u00e9rum visage effet lifting imm\u00e9diat Solution pour le visage sous forme d\u2019ampoules avec un ensemble de principes actifs avanc\u00e9s qui favorisent un effet lifting imm\u00e9diat et prolong\u00e9 jusqu\u2019\u00e0 8 heures qui rajeunit l\u2019apparence du visage. Contenance : paquet de 5 ampoules de 2ml\" \/>\n<meta property=\"og:url\" content=\"https:\/\/orthopara.store\/index.php\/produit\/ampoules-effets-lifting-immediat-isdinceutic-serum-5-ampoules-de-2ml\/\" \/>\n<meta property=\"og:site_name\" content=\"OrthoPara\" \/>\n<meta property=\"article:publisher\" content=\"https:\/\/www.facebook.com\/profile.php?id=61561194315651\" \/>\n<meta property=\"article:modified_time\" content=\"2024-11-04T16:14:44+00:00\" \/>\n<meta property=\"og:image\" content=\"https:\/\/orthopara.store\/wp-content\/uploads\/2024\/06\/ampoules-effets-lifting-immediat-isdinceutic-serum-5-ampoules-de-2ml.jpg\" \/>\n\t<meta property=\"og:image:width\" content=\"800\" \/>\n\t<meta property=\"og:image:height\" content=\"800\" \/>\n\t<meta property=\"og:image:type\" content=\"image\/jpeg\" \/>\n<meta name=\"twitter:card\" content=\"summary_large_image\" \/>\n<meta name=\"twitter:label1\" content=\"Dur\u00e9e de lecture estim\u00e9e\" \/>\n\t<meta name=\"twitter:data1\" content=\"1 minute\" \/>\n<script type=\"application\/ld+json\" class=\"yoast-schema-graph\">{\"@context\":\"https:\/\/schema.org\",\"@graph\":[{\"@type\":\"WebPage\",\"@id\":\"https:\/\/orthopara.store\/index.php\/produit\/ampoules-effets-lifting-immediat-isdinceutic-serum-5-ampoules-de-2ml\/\",\"url\":\"https:\/\/orthopara.store\/index.php\/produit\/ampoules-effets-lifting-immediat-isdinceutic-serum-5-ampoules-de-2ml\/\",\"name\":\"Ampoules effets lifting imm\u00e9diat - Isdinceutic Serum - 5 ampoules de 2ml - OrthoPara\",\"isPartOf\":{\"@id\":\"https:\/\/orthopara.store\/#website\"},\"primaryImageOfPage\":{\"@id\":\"https:\/\/orthopara.store\/index.php\/produit\/ampoules-effets-lifting-immediat-isdinceutic-serum-5-ampoules-de-2ml\/#primaryimage\"},\"image\":{\"@id\":\"https:\/\/orthopara.store\/index.php\/produit\/ampoules-effets-lifting-immediat-isdinceutic-serum-5-ampoules-de-2ml\/#primaryimage\"},\"thumbnailUrl\":\"https:\/\/orthopara.store\/wp-content\/uploads\/2024\/06\/ampoules-effets-lifting-immediat-isdinceutic-serum-5-ampoules-de-2ml.jpg\",\"datePublished\":\"2024-06-28T13:57:32+00:00\",\"dateModified\":\"2024-11-04T16:14:44+00:00\",\"breadcrumb\":{\"@id\":\"https:\/\/orthopara.store\/index.php\/produit\/ampoules-effets-lifting-immediat-isdinceutic-serum-5-ampoules-de-2ml\/#breadcrumb\"},\"inLanguage\":\"fr-FR\",\"potentialAction\":[{\"@type\":\"ReadAction\",\"target\":[\"https:\/\/orthopara.store\/index.php\/produit\/ampoules-effets-lifting-immediat-isdinceutic-serum-5-ampoules-de-2ml\/\"]}]},{\"@type\":\"ImageObject\",\"inLanguage\":\"fr-FR\",\"@id\":\"https:\/\/orthopara.store\/index.php\/produit\/ampoules-effets-lifting-immediat-isdinceutic-serum-5-ampoules-de-2ml\/#primaryimage\",\"url\":\"https:\/\/orthopara.store\/wp-content\/uploads\/2024\/06\/ampoules-effets-lifting-immediat-isdinceutic-serum-5-ampoules-de-2ml.jpg\",\"contentUrl\":\"https:\/\/orthopara.store\/wp-content\/uploads\/2024\/06\/ampoules-effets-lifting-immediat-isdinceutic-serum-5-ampoules-de-2ml.jpg\",\"width\":800,\"height\":800},{\"@type\":\"BreadcrumbList\",\"@id\":\"https:\/\/orthopara.store\/index.php\/produit\/ampoules-effets-lifting-immediat-isdinceutic-serum-5-ampoules-de-2ml\/#breadcrumb\",\"itemListElement\":[{\"@type\":\"ListItem\",\"position\":1,\"name\":\"Accueil\",\"item\":\"https:\/\/orthopara.store\/\"},{\"@type\":\"ListItem\",\"position\":2,\"name\":\"Shop\",\"item\":\"https:\/\/orthopara.store\/?page_id=622\"},{\"@type\":\"ListItem\",\"position\":3,\"name\":\"Ampoules effets lifting imm\u00e9diat &#8211; Isdinceutic Serum &#8211; 5 ampoules de 2ml\"}]},{\"@type\":\"WebSite\",\"@id\":\"https:\/\/orthopara.store\/#website\",\"url\":\"https:\/\/orthopara.store\/\",\"name\":\"OrthoPara\",\"description\":\"Parapharmacie\",\"publisher\":{\"@id\":\"https:\/\/orthopara.store\/#organization\"},\"potentialAction\":[{\"@type\":\"SearchAction\",\"target\":{\"@type\":\"EntryPoint\",\"urlTemplate\":\"https:\/\/orthopara.store\/?s={search_term_string}\"},\"query-input\":\"required name=search_term_string\"}],\"inLanguage\":\"fr-FR\"},{\"@type\":\"Organization\",\"@id\":\"https:\/\/orthopara.store\/#organization\",\"name\":\"OrthoPara\",\"url\":\"https:\/\/orthopara.store\/\",\"logo\":{\"@type\":\"ImageObject\",\"inLanguage\":\"fr-FR\",\"@id\":\"https:\/\/orthopara.store\/#\/schema\/logo\/image\/\",\"url\":\"https:\/\/orthopara.store\/wp-content\/uploads\/2024\/06\/cropped-9ABA8BAD-6256-4719-9315-15C66E64E882.png\",\"contentUrl\":\"https:\/\/orthopara.store\/wp-content\/uploads\/2024\/06\/cropped-9ABA8BAD-6256-4719-9315-15C66E64E882.png\",\"width\":240,\"height\":72,\"caption\":\"OrthoPara\"},\"image\":{\"@id\":\"https:\/\/orthopara.store\/#\/schema\/logo\/image\/\"},\"sameAs\":[\"https:\/\/www.facebook.com\/profile.php?id=61561194315651\",\"https:\/\/www.instagram.com\/orthopara_tunisie\/\"]}]}<\/script>\n<!-- \/ Yoast SEO plugin. -->","yoast_head_json":{"title":"Ampoules effets lifting imm\u00e9diat - Isdinceutic Serum - 5 ampoules de 2ml - OrthoPara","robots":{"index":"index","follow":"follow","max-snippet":"max-snippet:-1","max-image-preview":"max-image-preview:large","max-video-preview":"max-video-preview:-1"},"canonical":"https:\/\/orthopara.store\/index.php\/produit\/ampoules-effets-lifting-immediat-isdinceutic-serum-5-ampoules-de-2ml\/","og_locale":"fr_FR","og_type":"article","og_title":"Ampoules effets lifting imm\u00e9diat - Isdinceutic Serum - 5 ampoules de 2ml - OrthoPara","og_description":"Isdinceutic Instant Flash\u00a0 S\u00e9rum visage effet lifting imm\u00e9diat Solution pour le visage sous forme d\u2019ampoules avec un ensemble de principes actifs avanc\u00e9s qui favorisent un effet lifting imm\u00e9diat et prolong\u00e9 jusqu\u2019\u00e0 8 heures qui rajeunit l\u2019apparence du visage. Contenance : paquet de 5 ampoules de 2ml","og_url":"https:\/\/orthopara.store\/index.php\/produit\/ampoules-effets-lifting-immediat-isdinceutic-serum-5-ampoules-de-2ml\/","og_site_name":"OrthoPara","article_publisher":"https:\/\/www.facebook.com\/profile.php?id=61561194315651","article_modified_time":"2024-11-04T16:14:44+00:00","og_image":[{"width":800,"height":800,"url":"https:\/\/orthopara.store\/wp-content\/uploads\/2024\/06\/ampoules-effets-lifting-immediat-isdinceutic-serum-5-ampoules-de-2ml.jpg","type":"image\/jpeg"}],"twitter_card":"summary_large_image","twitter_misc":{"Dur\u00e9e de lecture estim\u00e9e":"1 minute"},"schema":{"@context":"https:\/\/schema.org","@graph":[{"@type":"WebPage","@id":"https:\/\/orthopara.store\/index.php\/produit\/ampoules-effets-lifting-immediat-isdinceutic-serum-5-ampoules-de-2ml\/","url":"https:\/\/orthopara.store\/index.php\/produit\/ampoules-effets-lifting-immediat-isdinceutic-serum-5-ampoules-de-2ml\/","name":"Ampoules effets lifting imm\u00e9diat - Isdinceutic Serum - 5 ampoules de 2ml - OrthoPara","isPartOf":{"@id":"https:\/\/orthopara.store\/#website"},"primaryImageOfPage":{"@id":"https:\/\/orthopara.store\/index.php\/produit\/ampoules-effets-lifting-immediat-isdinceutic-serum-5-ampoules-de-2ml\/#primaryimage"},"image":{"@id":"https:\/\/orthopara.store\/index.php\/produit\/ampoules-effets-lifting-immediat-isdinceutic-serum-5-ampoules-de-2ml\/#primaryimage"},"thumbnailUrl":"https:\/\/orthopara.store\/wp-content\/uploads\/2024\/06\/ampoules-effets-lifting-immediat-isdinceutic-serum-5-ampoules-de-2ml.jpg","datePublished":"2024-06-28T13:57:32+00:00","dateModified":"2024-11-04T16:14:44+00:00","breadcrumb":{"@id":"https:\/\/orthopara.store\/index.php\/produit\/ampoules-effets-lifting-immediat-isdinceutic-serum-5-ampoules-de-2ml\/#breadcrumb"},"inLanguage":"fr-FR","potentialAction":[{"@type":"ReadAction","target":["https:\/\/orthopara.store\/index.php\/produit\/ampoules-effets-lifting-immediat-isdinceutic-serum-5-ampoules-de-2ml\/"]}]},{"@type":"ImageObject","inLanguage":"fr-FR","@id":"https:\/\/orthopara.store\/index.php\/produit\/ampoules-effets-lifting-immediat-isdinceutic-serum-5-ampoules-de-2ml\/#primaryimage","url":"https:\/\/orthopara.store\/wp-content\/uploads\/2024\/06\/ampoules-effets-lifting-immediat-isdinceutic-serum-5-ampoules-de-2ml.jpg","contentUrl":"https:\/\/orthopara.store\/wp-content\/uploads\/2024\/06\/ampoules-effets-lifting-immediat-isdinceutic-serum-5-ampoules-de-2ml.jpg","width":800,"height":800},{"@type":"BreadcrumbList","@id":"https:\/\/orthopara.store\/index.php\/produit\/ampoules-effets-lifting-immediat-isdinceutic-serum-5-ampoules-de-2ml\/#breadcrumb","itemListElement":[{"@type":"ListItem","position":1,"name":"Accueil","item":"https:\/\/orthopara.store\/"},{"@type":"ListItem","position":2,"name":"Shop","item":"https:\/\/orthopara.store\/?page_id=622"},{"@type":"ListItem","position":3,"name":"Ampoules effets lifting imm\u00e9diat &#8211; Isdinceutic Serum &#8211; 5 ampoules de 2ml"}]},{"@type":"WebSite","@id":"https:\/\/orthopara.store\/#website","url":"https:\/\/orthopara.store\/","name":"OrthoPara","description":"Parapharmacie","publisher":{"@id":"https:\/\/orthopara.store\/#organization"},"potentialAction":[{"@type":"SearchAction","target":{"@type":"EntryPoint","urlTemplate":"https:\/\/orthopara.store\/?s={search_term_string}"},"query-input":"required name=search_term_string"}],"inLanguage":"fr-FR"},{"@type":"Organization","@id":"https:\/\/orthopara.store\/#organization","name":"OrthoPara","url":"https:\/\/orthopara.store\/","logo":{"@type":"ImageObject","inLanguage":"fr-FR","@id":"https:\/\/orthopara.store\/#\/schema\/logo\/image\/","url":"https:\/\/orthopara.store\/wp-content\/uploads\/2024\/06\/cropped-9ABA8BAD-6256-4719-9315-15C66E64E882.png","contentUrl":"https:\/\/orthopara.store\/wp-content\/uploads\/2024\/06\/cropped-9ABA8BAD-6256-4719-9315-15C66E64E882.png","width":240,"height":72,"caption":"OrthoPara"},"image":{"@id":"https:\/\/orthopara.store\/#\/schema\/logo\/image\/"},"sameAs":["https:\/\/www.facebook.com\/profile.php?id=61561194315651","https:\/\/www.instagram.com\/orthopara_tunisie\/"]}]}},"jetpack_sharing_enabled":true,"brands":[{"id":42,"name":"ISDIN","slug":"isdin"}],"_links":{"self":[{"href":"https:\/\/orthopara.store\/index.php?rest_route=\/wp\/v2\/product\/2212","targetHints":{"allow":["GET"]}}],"collection":[{"href":"https:\/\/orthopara.store\/index.php?rest_route=\/wp\/v2\/product"}],"about":[{"href":"https:\/\/orthopara.store\/index.php?rest_route=\/wp\/v2\/types\/product"}],"replies":[{"embeddable":true,"href":"https:\/\/orthopara.store\/index.php?rest_route=%2Fwp%2Fv2%2Fcomments&post=2212"}],"wp:featuredmedia":[{"embeddable":true,"href":"https:\/\/orthopara.store\/index.php?rest_route=\/wp\/v2\/media\/2231"}],"wp:attachment":[{"href":"https:\/\/orthopara.store\/index.php?rest_route=%2Fwp%2Fv2%2Fmedia&parent=2212"}],"wp:term":[{"taxonomy":"pwb-brand","embeddable":true,"href":"https:\/\/orthopara.store\/index.php?rest_route=%2Fwp%2Fv2%2Fpwb-brand&post=2212"},{"taxonomy":"product_cat","embeddable":true,"href":"https:\/\/orthopara.store\/index.php?rest_route=%2Fwp%2Fv2%2Fproduct_cat&post=2212"},{"taxonomy":"product_tag","embeddable":true,"href":"https:\/\/orthopara.store\/index.php?rest_route=%2Fwp%2Fv2%2Fproduct_tag&post=2212"}],"curies":[{"name":"wp","href":"https:\/\/api.w.org\/{rel}","templated":true}]}}