{"id":2214,"date":"2024-06-28T15:57:32","date_gmt":"2024-06-28T13:57:32","guid":{"rendered":"https:\/\/orthopara.store\/?post_type=product&#038;p=2214"},"modified":"2024-06-28T15:57:38","modified_gmt":"2024-06-28T13:57:38","slug":"gel-moussant-purifiant-bioderma-sebium","status":"publish","type":"product","link":"https:\/\/orthopara.store\/?product=gel-moussant-purifiant-bioderma-sebium","title":{"rendered":"Gel moussant purifiant &#8211; Bioderma S\u00e9bium"},"content":{"rendered":"<p>Gel moussant purifiant &#8211; Bioderma S\u00e9bium &#8211; 200ml<br \/>\nPour r\u00e9gulariser la s\u00e9cr\u00e9tion de s\u00e9bum et assainir l&rsquo;\u00e9piderme tout en nettoyant sa peau.<br \/>\nFormul\u00e9 \u00e0 partir d&rsquo;agents non irritants, S\u00e9bium Gel moussant nettoie en douceur.S\u00e9bium Gel moussant purifiant de BIODERMA\u00a0limite la s\u00e9cr\u00e9tion s\u00e9bac\u00e9e et assainit l&rsquo;\u00e9piderme gr\u00e2ce au complexe s\u00e9bo-correcteur Fluidactiv\u00ae. Il normalise aussi la qualit\u00e9 du s\u00e9bum.Enrichi en\u00a0actifs purifiants, sulfate de zinc et de cuivre, S\u00e9bium Gel Moussant assainit l&rsquo;\u00e9piderme et limite la s\u00e9cr\u00e9tion s\u00e9bac\u00e9e.\u00a0Sa base lavante sans savon garantit une bonne tol\u00e9rance cutan\u00e9e et oculaire.Non com\u00e9dog\u00e8ne, hypoallerg\u00e9nique, S\u00e9bium Gel Moussant est maintenant \u00e9labor\u00e9 avec une nouvelle formule sans parab\u00e8ne.<br \/>\nConseil d&rsquo;utilisation :<br \/>\nS\u00e9bium Gel moussant est une formule nettoyante ultra-douce, utilisez-la avec infiniment de douceur.Mouillez votre visage \u00e0 l&rsquo;eau ti\u00e8de et faites mousser S\u00e9bium moussant dans vos mains puis appliquez la mousse sur votre visage.Rincez abondamment.Il est imp\u00e9ratif de s\u00e9cher votre peau. Le s\u00e9chage doit rester d\u00e9licat. Tamponnez votre visage avec une serviette en coton propre.S\u00e9bium Gel moussant s&rsquo;utilise matin et soir.<\/p>\n<p>\u00a0<\/p>\n","protected":false},"excerpt":{"rendered":"<p>Bioderma S\u00e9bium<br \/>\nGel Moussant Purifiant<br \/>\nLe gel moussant qui nettoie et purifie au quotidien les peaux mixtes ou grasses.<br \/>\nSans parab\u00e8ne<br \/>\ncontenance disponibles :<br \/>\nFlacon pompe airless 200ml<br \/>\nFlacon pompe airless 500ml<br \/>\nDLC : 6 mois apr\u00e8s l&rsquo;ouverture du produit<\/p>\n","protected":false},"featured_media":2233,"comment_status":"open","ping_status":"closed","template":"","meta":[],"pwb-brand":[64],"product_cat":[275],"product_tag":[],"class_list":{"0":"post-2214","1":"product","2":"type-product","3":"status-publish","4":"has-post-thumbnail","6":"pwb-brand-bioderma","7":"product_cat-soin-visage-homme","8":"post","9":"ws-product--style-1","11":"first","12":"instock","13":"shipping-taxable","14":"purchasable","15":"product-type-simple"},"yoast_head":"<!-- This site is optimized with the Yoast SEO plugin v23.0 - https:\/\/yoast.com\/wordpress\/plugins\/seo\/ -->\n<title>Gel moussant purifiant - Bioderma S\u00e9bium - OrthoPara<\/title>\n<meta name=\"robots\" content=\"index, follow, max-snippet:-1, max-image-preview:large, max-video-preview:-1\" \/>\n<link rel=\"canonical\" href=\"https:\/\/orthopara.store\/index.php\/produit\/gel-moussant-purifiant-bioderma-sebium\/\" \/>\n<meta property=\"og:locale\" content=\"fr_FR\" \/>\n<meta property=\"og:type\" content=\"article\" \/>\n<meta property=\"og:title\" content=\"Gel moussant purifiant - Bioderma S\u00e9bium - OrthoPara\" \/>\n<meta property=\"og:description\" content=\"Bioderma S\u00e9bium Gel Moussant Purifiant Le gel moussant qui nettoie et purifie au quotidien les peaux mixtes ou grasses. Sans parab\u00e8ne contenance disponibles : Flacon pompe airless 200ml Flacon pompe airless 500ml DLC : 6 mois apr\u00e8s l&#039;ouverture du produit\" \/>\n<meta property=\"og:url\" content=\"https:\/\/orthopara.store\/index.php\/produit\/gel-moussant-purifiant-bioderma-sebium\/\" \/>\n<meta property=\"og:site_name\" content=\"OrthoPara\" \/>\n<meta property=\"article:publisher\" content=\"https:\/\/www.facebook.com\/profile.php?id=61561194315651\" \/>\n<meta property=\"article:modified_time\" content=\"2024-06-28T13:57:38+00:00\" \/>\n<meta property=\"og:image\" content=\"https:\/\/orthopara.store\/wp-content\/uploads\/2024\/06\/gel-moussant-purifiant-bioderma-sebium-200ml.jpg\" \/>\n\t<meta property=\"og:image:width\" content=\"800\" \/>\n\t<meta property=\"og:image:height\" content=\"800\" \/>\n\t<meta property=\"og:image:type\" content=\"image\/jpeg\" \/>\n<meta name=\"twitter:card\" content=\"summary_large_image\" \/>\n<meta name=\"twitter:label1\" content=\"Dur\u00e9e de lecture estim\u00e9e\" \/>\n\t<meta name=\"twitter:data1\" content=\"1 minute\" \/>\n<script type=\"application\/ld+json\" class=\"yoast-schema-graph\">{\"@context\":\"https:\/\/schema.org\",\"@graph\":[{\"@type\":\"WebPage\",\"@id\":\"https:\/\/orthopara.store\/index.php\/produit\/gel-moussant-purifiant-bioderma-sebium\/\",\"url\":\"https:\/\/orthopara.store\/index.php\/produit\/gel-moussant-purifiant-bioderma-sebium\/\",\"name\":\"Gel moussant purifiant - Bioderma S\u00e9bium - OrthoPara\",\"isPartOf\":{\"@id\":\"https:\/\/orthopara.store\/#website\"},\"primaryImageOfPage\":{\"@id\":\"https:\/\/orthopara.store\/index.php\/produit\/gel-moussant-purifiant-bioderma-sebium\/#primaryimage\"},\"image\":{\"@id\":\"https:\/\/orthopara.store\/index.php\/produit\/gel-moussant-purifiant-bioderma-sebium\/#primaryimage\"},\"thumbnailUrl\":\"https:\/\/orthopara.store\/wp-content\/uploads\/2024\/06\/gel-moussant-purifiant-bioderma-sebium-200ml.jpg\",\"datePublished\":\"2024-06-28T13:57:32+00:00\",\"dateModified\":\"2024-06-28T13:57:38+00:00\",\"breadcrumb\":{\"@id\":\"https:\/\/orthopara.store\/index.php\/produit\/gel-moussant-purifiant-bioderma-sebium\/#breadcrumb\"},\"inLanguage\":\"fr-FR\",\"potentialAction\":[{\"@type\":\"ReadAction\",\"target\":[\"https:\/\/orthopara.store\/index.php\/produit\/gel-moussant-purifiant-bioderma-sebium\/\"]}]},{\"@type\":\"ImageObject\",\"inLanguage\":\"fr-FR\",\"@id\":\"https:\/\/orthopara.store\/index.php\/produit\/gel-moussant-purifiant-bioderma-sebium\/#primaryimage\",\"url\":\"https:\/\/orthopara.store\/wp-content\/uploads\/2024\/06\/gel-moussant-purifiant-bioderma-sebium-200ml.jpg\",\"contentUrl\":\"https:\/\/orthopara.store\/wp-content\/uploads\/2024\/06\/gel-moussant-purifiant-bioderma-sebium-200ml.jpg\",\"width\":800,\"height\":800},{\"@type\":\"BreadcrumbList\",\"@id\":\"https:\/\/orthopara.store\/index.php\/produit\/gel-moussant-purifiant-bioderma-sebium\/#breadcrumb\",\"itemListElement\":[{\"@type\":\"ListItem\",\"position\":1,\"name\":\"Accueil\",\"item\":\"https:\/\/orthopara.store\/\"},{\"@type\":\"ListItem\",\"position\":2,\"name\":\"Shop\",\"item\":\"https:\/\/orthopara.store\/?page_id=622\"},{\"@type\":\"ListItem\",\"position\":3,\"name\":\"Gel moussant purifiant &#8211; Bioderma S\u00e9bium\"}]},{\"@type\":\"WebSite\",\"@id\":\"https:\/\/orthopara.store\/#website\",\"url\":\"https:\/\/orthopara.store\/\",\"name\":\"OrthoPara\",\"description\":\"Parapharmacie\",\"publisher\":{\"@id\":\"https:\/\/orthopara.store\/#organization\"},\"potentialAction\":[{\"@type\":\"SearchAction\",\"target\":{\"@type\":\"EntryPoint\",\"urlTemplate\":\"https:\/\/orthopara.store\/?s={search_term_string}\"},\"query-input\":\"required name=search_term_string\"}],\"inLanguage\":\"fr-FR\"},{\"@type\":\"Organization\",\"@id\":\"https:\/\/orthopara.store\/#organization\",\"name\":\"OrthoPara\",\"url\":\"https:\/\/orthopara.store\/\",\"logo\":{\"@type\":\"ImageObject\",\"inLanguage\":\"fr-FR\",\"@id\":\"https:\/\/orthopara.store\/#\/schema\/logo\/image\/\",\"url\":\"https:\/\/orthopara.store\/wp-content\/uploads\/2024\/06\/cropped-9ABA8BAD-6256-4719-9315-15C66E64E882.png\",\"contentUrl\":\"https:\/\/orthopara.store\/wp-content\/uploads\/2024\/06\/cropped-9ABA8BAD-6256-4719-9315-15C66E64E882.png\",\"width\":240,\"height\":72,\"caption\":\"OrthoPara\"},\"image\":{\"@id\":\"https:\/\/orthopara.store\/#\/schema\/logo\/image\/\"},\"sameAs\":[\"https:\/\/www.facebook.com\/profile.php?id=61561194315651\",\"https:\/\/www.instagram.com\/orthopara_tunisie\/\"]}]}<\/script>\n<!-- \/ Yoast SEO plugin. -->","yoast_head_json":{"title":"Gel moussant purifiant - Bioderma S\u00e9bium - OrthoPara","robots":{"index":"index","follow":"follow","max-snippet":"max-snippet:-1","max-image-preview":"max-image-preview:large","max-video-preview":"max-video-preview:-1"},"canonical":"https:\/\/orthopara.store\/index.php\/produit\/gel-moussant-purifiant-bioderma-sebium\/","og_locale":"fr_FR","og_type":"article","og_title":"Gel moussant purifiant - Bioderma S\u00e9bium - OrthoPara","og_description":"Bioderma S\u00e9bium Gel Moussant Purifiant Le gel moussant qui nettoie et purifie au quotidien les peaux mixtes ou grasses. Sans parab\u00e8ne contenance disponibles : Flacon pompe airless 200ml Flacon pompe airless 500ml DLC : 6 mois apr\u00e8s l'ouverture du produit","og_url":"https:\/\/orthopara.store\/index.php\/produit\/gel-moussant-purifiant-bioderma-sebium\/","og_site_name":"OrthoPara","article_publisher":"https:\/\/www.facebook.com\/profile.php?id=61561194315651","article_modified_time":"2024-06-28T13:57:38+00:00","og_image":[{"width":800,"height":800,"url":"https:\/\/orthopara.store\/wp-content\/uploads\/2024\/06\/gel-moussant-purifiant-bioderma-sebium-200ml.jpg","type":"image\/jpeg"}],"twitter_card":"summary_large_image","twitter_misc":{"Dur\u00e9e de lecture estim\u00e9e":"1 minute"},"schema":{"@context":"https:\/\/schema.org","@graph":[{"@type":"WebPage","@id":"https:\/\/orthopara.store\/index.php\/produit\/gel-moussant-purifiant-bioderma-sebium\/","url":"https:\/\/orthopara.store\/index.php\/produit\/gel-moussant-purifiant-bioderma-sebium\/","name":"Gel moussant purifiant - Bioderma S\u00e9bium - OrthoPara","isPartOf":{"@id":"https:\/\/orthopara.store\/#website"},"primaryImageOfPage":{"@id":"https:\/\/orthopara.store\/index.php\/produit\/gel-moussant-purifiant-bioderma-sebium\/#primaryimage"},"image":{"@id":"https:\/\/orthopara.store\/index.php\/produit\/gel-moussant-purifiant-bioderma-sebium\/#primaryimage"},"thumbnailUrl":"https:\/\/orthopara.store\/wp-content\/uploads\/2024\/06\/gel-moussant-purifiant-bioderma-sebium-200ml.jpg","datePublished":"2024-06-28T13:57:32+00:00","dateModified":"2024-06-28T13:57:38+00:00","breadcrumb":{"@id":"https:\/\/orthopara.store\/index.php\/produit\/gel-moussant-purifiant-bioderma-sebium\/#breadcrumb"},"inLanguage":"fr-FR","potentialAction":[{"@type":"ReadAction","target":["https:\/\/orthopara.store\/index.php\/produit\/gel-moussant-purifiant-bioderma-sebium\/"]}]},{"@type":"ImageObject","inLanguage":"fr-FR","@id":"https:\/\/orthopara.store\/index.php\/produit\/gel-moussant-purifiant-bioderma-sebium\/#primaryimage","url":"https:\/\/orthopara.store\/wp-content\/uploads\/2024\/06\/gel-moussant-purifiant-bioderma-sebium-200ml.jpg","contentUrl":"https:\/\/orthopara.store\/wp-content\/uploads\/2024\/06\/gel-moussant-purifiant-bioderma-sebium-200ml.jpg","width":800,"height":800},{"@type":"BreadcrumbList","@id":"https:\/\/orthopara.store\/index.php\/produit\/gel-moussant-purifiant-bioderma-sebium\/#breadcrumb","itemListElement":[{"@type":"ListItem","position":1,"name":"Accueil","item":"https:\/\/orthopara.store\/"},{"@type":"ListItem","position":2,"name":"Shop","item":"https:\/\/orthopara.store\/?page_id=622"},{"@type":"ListItem","position":3,"name":"Gel moussant purifiant &#8211; Bioderma S\u00e9bium"}]},{"@type":"WebSite","@id":"https:\/\/orthopara.store\/#website","url":"https:\/\/orthopara.store\/","name":"OrthoPara","description":"Parapharmacie","publisher":{"@id":"https:\/\/orthopara.store\/#organization"},"potentialAction":[{"@type":"SearchAction","target":{"@type":"EntryPoint","urlTemplate":"https:\/\/orthopara.store\/?s={search_term_string}"},"query-input":"required name=search_term_string"}],"inLanguage":"fr-FR"},{"@type":"Organization","@id":"https:\/\/orthopara.store\/#organization","name":"OrthoPara","url":"https:\/\/orthopara.store\/","logo":{"@type":"ImageObject","inLanguage":"fr-FR","@id":"https:\/\/orthopara.store\/#\/schema\/logo\/image\/","url":"https:\/\/orthopara.store\/wp-content\/uploads\/2024\/06\/cropped-9ABA8BAD-6256-4719-9315-15C66E64E882.png","contentUrl":"https:\/\/orthopara.store\/wp-content\/uploads\/2024\/06\/cropped-9ABA8BAD-6256-4719-9315-15C66E64E882.png","width":240,"height":72,"caption":"OrthoPara"},"image":{"@id":"https:\/\/orthopara.store\/#\/schema\/logo\/image\/"},"sameAs":["https:\/\/www.facebook.com\/profile.php?id=61561194315651","https:\/\/www.instagram.com\/orthopara_tunisie\/"]}]}},"jetpack_sharing_enabled":true,"brands":[{"id":64,"name":"BIODERMA","slug":"bioderma"}],"_links":{"self":[{"href":"https:\/\/orthopara.store\/index.php?rest_route=\/wp\/v2\/product\/2214","targetHints":{"allow":["GET"]}}],"collection":[{"href":"https:\/\/orthopara.store\/index.php?rest_route=\/wp\/v2\/product"}],"about":[{"href":"https:\/\/orthopara.store\/index.php?rest_route=\/wp\/v2\/types\/product"}],"replies":[{"embeddable":true,"href":"https:\/\/orthopara.store\/index.php?rest_route=%2Fwp%2Fv2%2Fcomments&post=2214"}],"wp:featuredmedia":[{"embeddable":true,"href":"https:\/\/orthopara.store\/index.php?rest_route=\/wp\/v2\/media\/2233"}],"wp:attachment":[{"href":"https:\/\/orthopara.store\/index.php?rest_route=%2Fwp%2Fv2%2Fmedia&parent=2214"}],"wp:term":[{"taxonomy":"pwb-brand","embeddable":true,"href":"https:\/\/orthopara.store\/index.php?rest_route=%2Fwp%2Fv2%2Fpwb-brand&post=2214"},{"taxonomy":"product_cat","embeddable":true,"href":"https:\/\/orthopara.store\/index.php?rest_route=%2Fwp%2Fv2%2Fproduct_cat&post=2214"},{"taxonomy":"product_tag","embeddable":true,"href":"https:\/\/orthopara.store\/index.php?rest_route=%2Fwp%2Fv2%2Fproduct_tag&post=2214"}],"curies":[{"name":"wp","href":"https:\/\/api.w.org\/{rel}","templated":true}]}}