{"id":2215,"date":"2024-06-28T15:57:32","date_gmt":"2024-06-28T13:57:32","guid":{"rendered":"https:\/\/orthopara.store\/?post_type=product&#038;p=2215"},"modified":"2024-10-19T17:56:52","modified_gmt":"2024-10-19T16:56:52","slug":"sebium-actif-gel-nettoyant-purifiant-intense-bioderma-200ml","status":"publish","type":"product","link":"https:\/\/orthopara.store\/?product=sebium-actif-gel-nettoyant-purifiant-intense-bioderma-200ml","title":{"rendered":"S\u00e9bium Actif gel nettoyant purifiant intense &#8211; Bioderma &#8211; 200ml"},"content":{"rendered":"<p>Gel nettoyant purifiant intense &#8211; Bioderma S\u00e9bium Actif &#8211; 200ml<br \/>\nS\u00e9bium Gel moussant actif est tout sp\u00e9cialement formul\u00e9 pour les peaux \u00e0 tendance acn\u00e9ique, de mani\u00e8re \u00e0 agir \u00e0 la fois sur les causes et les cons\u00e9quences de ces imperfections d\u00e8s le nettoyage\u00a0 :<\/p>\n<p>l&rsquo;association de l\u2019acide salicylique et de l\u2019acide glycolique aide \u00e0 d\u00e9sobstruer les pores, diminuer les imperfections et affiner le grain de peau<\/p>\n<p>le gluconate de zinc, r\u00e9gule la brillance<\/p>\n<p>le caprylyl-capryl-glucoside: base lavante douce nettoie en douceur tout en respectant l\u2019\u00e9quilibre de la peau<\/p>\n<p>un pH optimal qui permet d\u2019obtenir le meilleur compromis entre efficacit\u00e9 et bonne tol\u00e9rance.<\/p>\n<p>Conseils d&rsquo;utilisation :\u00a0<br \/>\nS\u00e9bium Gel moussant actif s\u2019utilise matin et\/ou soir jusqu\u2019\u00e0 disparition des imperfections.<br \/>\nVisage et corps<br \/>\n\u00c9tape 1<br \/>\nFaire mousser le gel entre les mains mouill\u00e9es et appliquer en massant doucement la peau.<br \/>\n\u00c9tape 2<br \/>\nRincer abondamment.<br \/>\n\u00c9tape 3<br \/>\nS\u00e9cher d\u00e9licatement.<\/p>\n<p>En cas d\u2019inconforts: g\u00eane et l\u00e9g\u00e8res rougeurs , espacer les applications 1 jour sur 2.<br \/>\nSi l\u2019irritation persiste, arr\u00eater d\u2019utiliser le produit et consulter votre professionnel de sant\u00e9.<br \/>\nEviter une utilisation conjointe de S\u00e9bium Gel moussant actif avec des traitements m\u00e9dicamenteux.<br \/>\nPour les peaux fines et sensibles, un nettoyant\u00a0 purifiant doux tel que S\u00e9bium gel moussant sera \u00e0 privil\u00e9gier.<br \/>\nComposition :<br \/>\nAqua\/Eau\/Eau, Caprylyl\/Capryl Glucoside, Propanediol, Glyc\u00e9rine, Gluconate de Zinc, Acide Salicylique, Acide Glycolique, Coco-Glucoside, Ol\u00e9ate de Glyc\u00e9ryle, Gomme de Cellulose, Hydroxyde de Sodium, Acide Citrique, Inuline, Gomme Xanthane, Mannitol, Citrate de Sodium, Xylitol, Cellulose, Fructose, Glucose, Rhamnose, Fructooligosaccharides, Tocoph\u00e9rol, Hydrog\u00e9n\u00e9, Citrate de Glyc\u00e9rides de Palme, Parfum (Parfum).<\/p>\n","protected":false},"excerpt":{"rendered":"<p>Bioderma S\u00e9bium Actif<br \/>\nNettoyant anti-imperfections, nettoie en douceur et purifie intens\u00e9ment les peaux grasses \u00e0 tendance acn\u00e9ique, sans les dess\u00e9cher. Gr\u00e2ce \u00e0 sa formulation et ses ingr\u00e9dients actifs, ce gel moussant permet de r\u00e9guler durablement la production en exc\u00e8s de s\u00e9bum, de d\u00e9sobstruer les pores, de r\u00e9duire les brillances (zone T du visage) et de diminuer les imperfections, tout en respectant l&rsquo;\u00e9quilibre cutan\u00e9.<br \/>\nIndiqu\u00e9 pour les peaux grasses \u00e0 tendance acn\u00e9ique.<br \/>\nNon com\u00e9dog\u00e8ne. Hypoallerg\u00e9nique. Sans parab\u00e8ne. Sans savon.<br \/>\nContenance : 200ml<br \/>\nDLC\u00a0 05\/2025<\/p>\n","protected":false},"featured_media":2234,"comment_status":"open","ping_status":"closed","template":"","meta":[],"pwb-brand":[64],"product_cat":[275],"product_tag":[],"class_list":{"0":"post-2215","1":"product","2":"type-product","3":"status-publish","4":"has-post-thumbnail","6":"pwb-brand-bioderma","7":"product_cat-soin-visage-homme","8":"post","9":"ws-product--style-1","11":"first","12":"instock","13":"shipping-taxable","14":"purchasable","15":"product-type-simple"},"yoast_head":"<!-- This site is optimized with the Yoast SEO plugin v23.0 - https:\/\/yoast.com\/wordpress\/plugins\/seo\/ -->\n<title>S\u00e9bium Actif gel nettoyant purifiant intense - Bioderma - 200ml - OrthoPara<\/title>\n<meta name=\"robots\" content=\"index, follow, max-snippet:-1, max-image-preview:large, max-video-preview:-1\" \/>\n<link rel=\"canonical\" href=\"https:\/\/orthopara.store\/index.php\/produit\/sebium-actif-gel-nettoyant-purifiant-intense-bioderma-200ml\/\" \/>\n<meta property=\"og:locale\" content=\"fr_FR\" \/>\n<meta property=\"og:type\" content=\"article\" \/>\n<meta property=\"og:title\" content=\"S\u00e9bium Actif gel nettoyant purifiant intense - Bioderma - 200ml - OrthoPara\" \/>\n<meta property=\"og:description\" content=\"Bioderma S\u00e9bium Actif Nettoyant anti-imperfections, nettoie en douceur et purifie intens\u00e9ment les peaux grasses \u00e0 tendance acn\u00e9ique, sans les dess\u00e9cher. Gr\u00e2ce \u00e0 sa formulation et ses ingr\u00e9dients actifs, ce gel moussant permet de r\u00e9guler durablement la production en exc\u00e8s de s\u00e9bum, de d\u00e9sobstruer les pores, de r\u00e9duire les brillances (zone T du visage) et de diminuer les imperfections, tout en respectant l&#039;\u00e9quilibre cutan\u00e9. Indiqu\u00e9 pour les peaux grasses \u00e0 tendance acn\u00e9ique. Non com\u00e9dog\u00e8ne. Hypoallerg\u00e9nique. Sans parab\u00e8ne. Sans savon. Contenance : 200ml DLC\u00a0 05\/2025\" \/>\n<meta property=\"og:url\" content=\"https:\/\/orthopara.store\/index.php\/produit\/sebium-actif-gel-nettoyant-purifiant-intense-bioderma-200ml\/\" \/>\n<meta property=\"og:site_name\" content=\"OrthoPara\" \/>\n<meta property=\"article:publisher\" content=\"https:\/\/www.facebook.com\/profile.php?id=61561194315651\" \/>\n<meta property=\"article:modified_time\" content=\"2024-10-19T16:56:52+00:00\" \/>\n<meta property=\"og:image\" content=\"https:\/\/orthopara.store\/wp-content\/uploads\/2024\/06\/sebium-actif-gel-nettoyant-purifiant-intense-bioderma-200ml.jpg\" \/>\n\t<meta property=\"og:image:width\" content=\"800\" \/>\n\t<meta property=\"og:image:height\" content=\"800\" \/>\n\t<meta property=\"og:image:type\" content=\"image\/jpeg\" \/>\n<meta name=\"twitter:card\" content=\"summary_large_image\" \/>\n<meta name=\"twitter:label1\" content=\"Dur\u00e9e de lecture estim\u00e9e\" \/>\n\t<meta name=\"twitter:data1\" content=\"1 minute\" \/>\n<script type=\"application\/ld+json\" class=\"yoast-schema-graph\">{\"@context\":\"https:\/\/schema.org\",\"@graph\":[{\"@type\":\"WebPage\",\"@id\":\"https:\/\/orthopara.store\/index.php\/produit\/sebium-actif-gel-nettoyant-purifiant-intense-bioderma-200ml\/\",\"url\":\"https:\/\/orthopara.store\/index.php\/produit\/sebium-actif-gel-nettoyant-purifiant-intense-bioderma-200ml\/\",\"name\":\"S\u00e9bium Actif gel nettoyant purifiant intense - Bioderma - 200ml - OrthoPara\",\"isPartOf\":{\"@id\":\"https:\/\/orthopara.store\/#website\"},\"primaryImageOfPage\":{\"@id\":\"https:\/\/orthopara.store\/index.php\/produit\/sebium-actif-gel-nettoyant-purifiant-intense-bioderma-200ml\/#primaryimage\"},\"image\":{\"@id\":\"https:\/\/orthopara.store\/index.php\/produit\/sebium-actif-gel-nettoyant-purifiant-intense-bioderma-200ml\/#primaryimage\"},\"thumbnailUrl\":\"https:\/\/orthopara.store\/wp-content\/uploads\/2024\/06\/sebium-actif-gel-nettoyant-purifiant-intense-bioderma-200ml.jpg\",\"datePublished\":\"2024-06-28T13:57:32+00:00\",\"dateModified\":\"2024-10-19T16:56:52+00:00\",\"breadcrumb\":{\"@id\":\"https:\/\/orthopara.store\/index.php\/produit\/sebium-actif-gel-nettoyant-purifiant-intense-bioderma-200ml\/#breadcrumb\"},\"inLanguage\":\"fr-FR\",\"potentialAction\":[{\"@type\":\"ReadAction\",\"target\":[\"https:\/\/orthopara.store\/index.php\/produit\/sebium-actif-gel-nettoyant-purifiant-intense-bioderma-200ml\/\"]}]},{\"@type\":\"ImageObject\",\"inLanguage\":\"fr-FR\",\"@id\":\"https:\/\/orthopara.store\/index.php\/produit\/sebium-actif-gel-nettoyant-purifiant-intense-bioderma-200ml\/#primaryimage\",\"url\":\"https:\/\/orthopara.store\/wp-content\/uploads\/2024\/06\/sebium-actif-gel-nettoyant-purifiant-intense-bioderma-200ml.jpg\",\"contentUrl\":\"https:\/\/orthopara.store\/wp-content\/uploads\/2024\/06\/sebium-actif-gel-nettoyant-purifiant-intense-bioderma-200ml.jpg\",\"width\":800,\"height\":800},{\"@type\":\"BreadcrumbList\",\"@id\":\"https:\/\/orthopara.store\/index.php\/produit\/sebium-actif-gel-nettoyant-purifiant-intense-bioderma-200ml\/#breadcrumb\",\"itemListElement\":[{\"@type\":\"ListItem\",\"position\":1,\"name\":\"Accueil\",\"item\":\"https:\/\/orthopara.store\/\"},{\"@type\":\"ListItem\",\"position\":2,\"name\":\"Shop\",\"item\":\"https:\/\/orthopara.store\/?page_id=622\"},{\"@type\":\"ListItem\",\"position\":3,\"name\":\"S\u00e9bium Actif gel nettoyant purifiant intense &#8211; Bioderma &#8211; 200ml\"}]},{\"@type\":\"WebSite\",\"@id\":\"https:\/\/orthopara.store\/#website\",\"url\":\"https:\/\/orthopara.store\/\",\"name\":\"OrthoPara\",\"description\":\"Parapharmacie\",\"publisher\":{\"@id\":\"https:\/\/orthopara.store\/#organization\"},\"potentialAction\":[{\"@type\":\"SearchAction\",\"target\":{\"@type\":\"EntryPoint\",\"urlTemplate\":\"https:\/\/orthopara.store\/?s={search_term_string}\"},\"query-input\":\"required name=search_term_string\"}],\"inLanguage\":\"fr-FR\"},{\"@type\":\"Organization\",\"@id\":\"https:\/\/orthopara.store\/#organization\",\"name\":\"OrthoPara\",\"url\":\"https:\/\/orthopara.store\/\",\"logo\":{\"@type\":\"ImageObject\",\"inLanguage\":\"fr-FR\",\"@id\":\"https:\/\/orthopara.store\/#\/schema\/logo\/image\/\",\"url\":\"https:\/\/orthopara.store\/wp-content\/uploads\/2024\/06\/cropped-9ABA8BAD-6256-4719-9315-15C66E64E882.png\",\"contentUrl\":\"https:\/\/orthopara.store\/wp-content\/uploads\/2024\/06\/cropped-9ABA8BAD-6256-4719-9315-15C66E64E882.png\",\"width\":240,\"height\":72,\"caption\":\"OrthoPara\"},\"image\":{\"@id\":\"https:\/\/orthopara.store\/#\/schema\/logo\/image\/\"},\"sameAs\":[\"https:\/\/www.facebook.com\/profile.php?id=61561194315651\",\"https:\/\/www.instagram.com\/orthopara_tunisie\/\"]}]}<\/script>\n<!-- \/ Yoast SEO plugin. -->","yoast_head_json":{"title":"S\u00e9bium Actif gel nettoyant purifiant intense - Bioderma - 200ml - OrthoPara","robots":{"index":"index","follow":"follow","max-snippet":"max-snippet:-1","max-image-preview":"max-image-preview:large","max-video-preview":"max-video-preview:-1"},"canonical":"https:\/\/orthopara.store\/index.php\/produit\/sebium-actif-gel-nettoyant-purifiant-intense-bioderma-200ml\/","og_locale":"fr_FR","og_type":"article","og_title":"S\u00e9bium Actif gel nettoyant purifiant intense - Bioderma - 200ml - OrthoPara","og_description":"Bioderma S\u00e9bium Actif Nettoyant anti-imperfections, nettoie en douceur et purifie intens\u00e9ment les peaux grasses \u00e0 tendance acn\u00e9ique, sans les dess\u00e9cher. Gr\u00e2ce \u00e0 sa formulation et ses ingr\u00e9dients actifs, ce gel moussant permet de r\u00e9guler durablement la production en exc\u00e8s de s\u00e9bum, de d\u00e9sobstruer les pores, de r\u00e9duire les brillances (zone T du visage) et de diminuer les imperfections, tout en respectant l'\u00e9quilibre cutan\u00e9. Indiqu\u00e9 pour les peaux grasses \u00e0 tendance acn\u00e9ique. Non com\u00e9dog\u00e8ne. Hypoallerg\u00e9nique. Sans parab\u00e8ne. Sans savon. Contenance : 200ml DLC\u00a0 05\/2025","og_url":"https:\/\/orthopara.store\/index.php\/produit\/sebium-actif-gel-nettoyant-purifiant-intense-bioderma-200ml\/","og_site_name":"OrthoPara","article_publisher":"https:\/\/www.facebook.com\/profile.php?id=61561194315651","article_modified_time":"2024-10-19T16:56:52+00:00","og_image":[{"width":800,"height":800,"url":"https:\/\/orthopara.store\/wp-content\/uploads\/2024\/06\/sebium-actif-gel-nettoyant-purifiant-intense-bioderma-200ml.jpg","type":"image\/jpeg"}],"twitter_card":"summary_large_image","twitter_misc":{"Dur\u00e9e de lecture estim\u00e9e":"1 minute"},"schema":{"@context":"https:\/\/schema.org","@graph":[{"@type":"WebPage","@id":"https:\/\/orthopara.store\/index.php\/produit\/sebium-actif-gel-nettoyant-purifiant-intense-bioderma-200ml\/","url":"https:\/\/orthopara.store\/index.php\/produit\/sebium-actif-gel-nettoyant-purifiant-intense-bioderma-200ml\/","name":"S\u00e9bium Actif gel nettoyant purifiant intense - Bioderma - 200ml - OrthoPara","isPartOf":{"@id":"https:\/\/orthopara.store\/#website"},"primaryImageOfPage":{"@id":"https:\/\/orthopara.store\/index.php\/produit\/sebium-actif-gel-nettoyant-purifiant-intense-bioderma-200ml\/#primaryimage"},"image":{"@id":"https:\/\/orthopara.store\/index.php\/produit\/sebium-actif-gel-nettoyant-purifiant-intense-bioderma-200ml\/#primaryimage"},"thumbnailUrl":"https:\/\/orthopara.store\/wp-content\/uploads\/2024\/06\/sebium-actif-gel-nettoyant-purifiant-intense-bioderma-200ml.jpg","datePublished":"2024-06-28T13:57:32+00:00","dateModified":"2024-10-19T16:56:52+00:00","breadcrumb":{"@id":"https:\/\/orthopara.store\/index.php\/produit\/sebium-actif-gel-nettoyant-purifiant-intense-bioderma-200ml\/#breadcrumb"},"inLanguage":"fr-FR","potentialAction":[{"@type":"ReadAction","target":["https:\/\/orthopara.store\/index.php\/produit\/sebium-actif-gel-nettoyant-purifiant-intense-bioderma-200ml\/"]}]},{"@type":"ImageObject","inLanguage":"fr-FR","@id":"https:\/\/orthopara.store\/index.php\/produit\/sebium-actif-gel-nettoyant-purifiant-intense-bioderma-200ml\/#primaryimage","url":"https:\/\/orthopara.store\/wp-content\/uploads\/2024\/06\/sebium-actif-gel-nettoyant-purifiant-intense-bioderma-200ml.jpg","contentUrl":"https:\/\/orthopara.store\/wp-content\/uploads\/2024\/06\/sebium-actif-gel-nettoyant-purifiant-intense-bioderma-200ml.jpg","width":800,"height":800},{"@type":"BreadcrumbList","@id":"https:\/\/orthopara.store\/index.php\/produit\/sebium-actif-gel-nettoyant-purifiant-intense-bioderma-200ml\/#breadcrumb","itemListElement":[{"@type":"ListItem","position":1,"name":"Accueil","item":"https:\/\/orthopara.store\/"},{"@type":"ListItem","position":2,"name":"Shop","item":"https:\/\/orthopara.store\/?page_id=622"},{"@type":"ListItem","position":3,"name":"S\u00e9bium Actif gel nettoyant purifiant intense &#8211; Bioderma &#8211; 200ml"}]},{"@type":"WebSite","@id":"https:\/\/orthopara.store\/#website","url":"https:\/\/orthopara.store\/","name":"OrthoPara","description":"Parapharmacie","publisher":{"@id":"https:\/\/orthopara.store\/#organization"},"potentialAction":[{"@type":"SearchAction","target":{"@type":"EntryPoint","urlTemplate":"https:\/\/orthopara.store\/?s={search_term_string}"},"query-input":"required name=search_term_string"}],"inLanguage":"fr-FR"},{"@type":"Organization","@id":"https:\/\/orthopara.store\/#organization","name":"OrthoPara","url":"https:\/\/orthopara.store\/","logo":{"@type":"ImageObject","inLanguage":"fr-FR","@id":"https:\/\/orthopara.store\/#\/schema\/logo\/image\/","url":"https:\/\/orthopara.store\/wp-content\/uploads\/2024\/06\/cropped-9ABA8BAD-6256-4719-9315-15C66E64E882.png","contentUrl":"https:\/\/orthopara.store\/wp-content\/uploads\/2024\/06\/cropped-9ABA8BAD-6256-4719-9315-15C66E64E882.png","width":240,"height":72,"caption":"OrthoPara"},"image":{"@id":"https:\/\/orthopara.store\/#\/schema\/logo\/image\/"},"sameAs":["https:\/\/www.facebook.com\/profile.php?id=61561194315651","https:\/\/www.instagram.com\/orthopara_tunisie\/"]}]}},"jetpack_sharing_enabled":true,"brands":[{"id":64,"name":"BIODERMA","slug":"bioderma"}],"_links":{"self":[{"href":"https:\/\/orthopara.store\/index.php?rest_route=\/wp\/v2\/product\/2215","targetHints":{"allow":["GET"]}}],"collection":[{"href":"https:\/\/orthopara.store\/index.php?rest_route=\/wp\/v2\/product"}],"about":[{"href":"https:\/\/orthopara.store\/index.php?rest_route=\/wp\/v2\/types\/product"}],"replies":[{"embeddable":true,"href":"https:\/\/orthopara.store\/index.php?rest_route=%2Fwp%2Fv2%2Fcomments&post=2215"}],"wp:featuredmedia":[{"embeddable":true,"href":"https:\/\/orthopara.store\/index.php?rest_route=\/wp\/v2\/media\/2234"}],"wp:attachment":[{"href":"https:\/\/orthopara.store\/index.php?rest_route=%2Fwp%2Fv2%2Fmedia&parent=2215"}],"wp:term":[{"taxonomy":"pwb-brand","embeddable":true,"href":"https:\/\/orthopara.store\/index.php?rest_route=%2Fwp%2Fv2%2Fpwb-brand&post=2215"},{"taxonomy":"product_cat","embeddable":true,"href":"https:\/\/orthopara.store\/index.php?rest_route=%2Fwp%2Fv2%2Fproduct_cat&post=2215"},{"taxonomy":"product_tag","embeddable":true,"href":"https:\/\/orthopara.store\/index.php?rest_route=%2Fwp%2Fv2%2Fproduct_tag&post=2215"}],"curies":[{"name":"wp","href":"https:\/\/api.w.org\/{rel}","templated":true}]}}