{"id":2216,"date":"2024-06-28T15:57:32","date_gmt":"2024-06-28T13:57:32","guid":{"rendered":"https:\/\/orthopara.store\/?post_type=product&#038;p=2216"},"modified":"2024-11-07T10:04:37","modified_gmt":"2024-11-07T09:04:37","slug":"coffret-pentamedical-mousse-nettoyante-pour-peau-grasse-brosse-nettoyante-offerte","status":"publish","type":"product","link":"https:\/\/orthopara.store\/?product=coffret-pentamedical-mousse-nettoyante-pour-peau-grasse-brosse-nettoyante-offerte","title":{"rendered":"Coffret Pentamedical &#8211; Mousse nettoyante pour peau grasse + brosse nettoyante offerte"},"content":{"rendered":"<p>Coffret Pentamedical &#8211; Mousse nettoyante pour peau grasse + brosse nettoyante offerte<br \/>\nPour dire non aux boutons, on dit oui \u00e0 Nonak un rituel hygi\u00e8ne-soin sp\u00e9cifiquement formul\u00e9 pour les peaux \u00e0 tendance acn\u00e9iques !<br \/>\n1- Mousse nettoyante pour peau grasse et acn\u00e9ique<br \/>\nProduit particuli\u00e8rement indiqu\u00e9 au nettoyage de la peau grasse, en respectant la pr\u00e9servation du manteau hydrolipidique.<br \/>\nMode d&rsquo;utilisation : Appliquer matin et\/ou soir sur une peau l\u00e9g\u00e8rement humide en massant doucement. Rincer soigneusement apr\u00e8s l&rsquo;application.<br \/>\n2- B\u00e2ton de masque en silicone<br \/>\nLa t\u00eate en gel de silice souple ne mange pas uniform\u00e9ment le masque de province, la douceur ne fait pas mal \u00e0 la peau, mieux que le nettoyage \u00e0 la brosse, le manque d&rsquo;eau le rince doucement, mais il n&rsquo;est pas non plus facile de reproduire des bact\u00e9ries.<br \/>\nLa douceur est parfaite et ne fait pas mal \u00e0 la peau.<br \/>\nLe maquillage est plus proche de la peau, et il est pr\u00e9f\u00e9rable de l&rsquo;utiliser pendant le festival.<br \/>\nNe pas utiliser \u00e0 proximit\u00e9 de sources d&rsquo;incendie et \u200b\u200bne laissez pas les enfants jouer<\/p>\n","protected":false},"excerpt":{"rendered":"<p>Nonak de Pentamedical\u00a0<br \/>\nPour dire non aux boutons, on dit oui \u00e0 Nonak un rituel hygi\u00e8ne-soin sp\u00e9cifiquement formul\u00e9 pour les peaux \u00e0 tendance acn\u00e9iques !<br \/>\nce coffret est compos\u00e9 de :\u00a0<br \/>\nMousse nettoyante pour peau grasse et acn\u00e9ique<br \/>\nB\u00e2ton de masque en silicone<\/p>\n","protected":false},"featured_media":2235,"comment_status":"open","ping_status":"closed","template":"","meta":[],"pwb-brand":[278],"product_cat":[275],"product_tag":[],"class_list":{"0":"post-2216","1":"product","2":"type-product","3":"status-publish","4":"has-post-thumbnail","6":"pwb-brand-pentamedical","7":"product_cat-soin-visage-homme","8":"post","9":"ws-product--style-1","11":"first","12":"instock","13":"shipping-taxable","14":"purchasable","15":"product-type-simple"},"yoast_head":"<!-- This site is optimized with the Yoast SEO plugin v23.0 - https:\/\/yoast.com\/wordpress\/plugins\/seo\/ -->\n<title>Coffret Pentamedical - Mousse nettoyante pour peau grasse + brosse nettoyante offerte - OrthoPara<\/title>\n<meta name=\"robots\" content=\"index, follow, max-snippet:-1, max-image-preview:large, max-video-preview:-1\" \/>\n<link rel=\"canonical\" href=\"https:\/\/orthopara.store\/index.php\/produit\/coffret-pentamedical-mousse-nettoyante-pour-peau-grasse-brosse-nettoyante-offerte\/\" \/>\n<meta property=\"og:locale\" content=\"fr_FR\" \/>\n<meta property=\"og:type\" content=\"article\" \/>\n<meta property=\"og:title\" content=\"Coffret Pentamedical - Mousse nettoyante pour peau grasse + brosse nettoyante offerte - OrthoPara\" \/>\n<meta property=\"og:description\" content=\"Nonak de Pentamedical\u00a0 Pour dire non aux boutons, on dit oui \u00e0 Nonak un rituel hygi\u00e8ne-soin sp\u00e9cifiquement formul\u00e9 pour les peaux \u00e0 tendance acn\u00e9iques ! ce coffret est compos\u00e9 de :\u00a0 Mousse nettoyante pour peau grasse et acn\u00e9ique B\u00e2ton de masque en silicone\" \/>\n<meta property=\"og:url\" content=\"https:\/\/orthopara.store\/index.php\/produit\/coffret-pentamedical-mousse-nettoyante-pour-peau-grasse-brosse-nettoyante-offerte\/\" \/>\n<meta property=\"og:site_name\" content=\"OrthoPara\" \/>\n<meta property=\"article:publisher\" content=\"https:\/\/www.facebook.com\/profile.php?id=61561194315651\" \/>\n<meta property=\"article:modified_time\" content=\"2024-11-07T09:04:37+00:00\" \/>\n<meta property=\"og:image\" content=\"https:\/\/orthopara.store\/wp-content\/uploads\/2024\/06\/coffret-mousse-nettoyante.jpg\" \/>\n\t<meta property=\"og:image:width\" content=\"800\" \/>\n\t<meta property=\"og:image:height\" content=\"800\" \/>\n\t<meta property=\"og:image:type\" content=\"image\/jpeg\" \/>\n<meta name=\"twitter:card\" content=\"summary_large_image\" \/>\n<meta name=\"twitter:label1\" content=\"Dur\u00e9e de lecture estim\u00e9e\" \/>\n\t<meta name=\"twitter:data1\" content=\"1 minute\" \/>\n<script type=\"application\/ld+json\" class=\"yoast-schema-graph\">{\"@context\":\"https:\/\/schema.org\",\"@graph\":[{\"@type\":\"WebPage\",\"@id\":\"https:\/\/orthopara.store\/index.php\/produit\/coffret-pentamedical-mousse-nettoyante-pour-peau-grasse-brosse-nettoyante-offerte\/\",\"url\":\"https:\/\/orthopara.store\/index.php\/produit\/coffret-pentamedical-mousse-nettoyante-pour-peau-grasse-brosse-nettoyante-offerte\/\",\"name\":\"Coffret Pentamedical - Mousse nettoyante pour peau grasse + brosse nettoyante offerte - OrthoPara\",\"isPartOf\":{\"@id\":\"https:\/\/orthopara.store\/#website\"},\"primaryImageOfPage\":{\"@id\":\"https:\/\/orthopara.store\/index.php\/produit\/coffret-pentamedical-mousse-nettoyante-pour-peau-grasse-brosse-nettoyante-offerte\/#primaryimage\"},\"image\":{\"@id\":\"https:\/\/orthopara.store\/index.php\/produit\/coffret-pentamedical-mousse-nettoyante-pour-peau-grasse-brosse-nettoyante-offerte\/#primaryimage\"},\"thumbnailUrl\":\"https:\/\/orthopara.store\/wp-content\/uploads\/2024\/06\/coffret-mousse-nettoyante.jpg\",\"datePublished\":\"2024-06-28T13:57:32+00:00\",\"dateModified\":\"2024-11-07T09:04:37+00:00\",\"breadcrumb\":{\"@id\":\"https:\/\/orthopara.store\/index.php\/produit\/coffret-pentamedical-mousse-nettoyante-pour-peau-grasse-brosse-nettoyante-offerte\/#breadcrumb\"},\"inLanguage\":\"fr-FR\",\"potentialAction\":[{\"@type\":\"ReadAction\",\"target\":[\"https:\/\/orthopara.store\/index.php\/produit\/coffret-pentamedical-mousse-nettoyante-pour-peau-grasse-brosse-nettoyante-offerte\/\"]}]},{\"@type\":\"ImageObject\",\"inLanguage\":\"fr-FR\",\"@id\":\"https:\/\/orthopara.store\/index.php\/produit\/coffret-pentamedical-mousse-nettoyante-pour-peau-grasse-brosse-nettoyante-offerte\/#primaryimage\",\"url\":\"https:\/\/orthopara.store\/wp-content\/uploads\/2024\/06\/coffret-mousse-nettoyante.jpg\",\"contentUrl\":\"https:\/\/orthopara.store\/wp-content\/uploads\/2024\/06\/coffret-mousse-nettoyante.jpg\",\"width\":800,\"height\":800},{\"@type\":\"BreadcrumbList\",\"@id\":\"https:\/\/orthopara.store\/index.php\/produit\/coffret-pentamedical-mousse-nettoyante-pour-peau-grasse-brosse-nettoyante-offerte\/#breadcrumb\",\"itemListElement\":[{\"@type\":\"ListItem\",\"position\":1,\"name\":\"Accueil\",\"item\":\"https:\/\/orthopara.store\/\"},{\"@type\":\"ListItem\",\"position\":2,\"name\":\"Shop\",\"item\":\"https:\/\/orthopara.store\/?page_id=622\"},{\"@type\":\"ListItem\",\"position\":3,\"name\":\"Coffret Pentamedical &#8211; Mousse nettoyante pour peau grasse + brosse nettoyante offerte\"}]},{\"@type\":\"WebSite\",\"@id\":\"https:\/\/orthopara.store\/#website\",\"url\":\"https:\/\/orthopara.store\/\",\"name\":\"OrthoPara\",\"description\":\"Parapharmacie\",\"publisher\":{\"@id\":\"https:\/\/orthopara.store\/#organization\"},\"potentialAction\":[{\"@type\":\"SearchAction\",\"target\":{\"@type\":\"EntryPoint\",\"urlTemplate\":\"https:\/\/orthopara.store\/?s={search_term_string}\"},\"query-input\":\"required name=search_term_string\"}],\"inLanguage\":\"fr-FR\"},{\"@type\":\"Organization\",\"@id\":\"https:\/\/orthopara.store\/#organization\",\"name\":\"OrthoPara\",\"url\":\"https:\/\/orthopara.store\/\",\"logo\":{\"@type\":\"ImageObject\",\"inLanguage\":\"fr-FR\",\"@id\":\"https:\/\/orthopara.store\/#\/schema\/logo\/image\/\",\"url\":\"https:\/\/orthopara.store\/wp-content\/uploads\/2024\/06\/cropped-9ABA8BAD-6256-4719-9315-15C66E64E882.png\",\"contentUrl\":\"https:\/\/orthopara.store\/wp-content\/uploads\/2024\/06\/cropped-9ABA8BAD-6256-4719-9315-15C66E64E882.png\",\"width\":240,\"height\":72,\"caption\":\"OrthoPara\"},\"image\":{\"@id\":\"https:\/\/orthopara.store\/#\/schema\/logo\/image\/\"},\"sameAs\":[\"https:\/\/www.facebook.com\/profile.php?id=61561194315651\",\"https:\/\/www.instagram.com\/orthopara_tunisie\/\"]}]}<\/script>\n<!-- \/ Yoast SEO plugin. -->","yoast_head_json":{"title":"Coffret Pentamedical - Mousse nettoyante pour peau grasse + brosse nettoyante offerte - OrthoPara","robots":{"index":"index","follow":"follow","max-snippet":"max-snippet:-1","max-image-preview":"max-image-preview:large","max-video-preview":"max-video-preview:-1"},"canonical":"https:\/\/orthopara.store\/index.php\/produit\/coffret-pentamedical-mousse-nettoyante-pour-peau-grasse-brosse-nettoyante-offerte\/","og_locale":"fr_FR","og_type":"article","og_title":"Coffret Pentamedical - Mousse nettoyante pour peau grasse + brosse nettoyante offerte - OrthoPara","og_description":"Nonak de Pentamedical\u00a0 Pour dire non aux boutons, on dit oui \u00e0 Nonak un rituel hygi\u00e8ne-soin sp\u00e9cifiquement formul\u00e9 pour les peaux \u00e0 tendance acn\u00e9iques ! ce coffret est compos\u00e9 de :\u00a0 Mousse nettoyante pour peau grasse et acn\u00e9ique B\u00e2ton de masque en silicone","og_url":"https:\/\/orthopara.store\/index.php\/produit\/coffret-pentamedical-mousse-nettoyante-pour-peau-grasse-brosse-nettoyante-offerte\/","og_site_name":"OrthoPara","article_publisher":"https:\/\/www.facebook.com\/profile.php?id=61561194315651","article_modified_time":"2024-11-07T09:04:37+00:00","og_image":[{"width":800,"height":800,"url":"https:\/\/orthopara.store\/wp-content\/uploads\/2024\/06\/coffret-mousse-nettoyante.jpg","type":"image\/jpeg"}],"twitter_card":"summary_large_image","twitter_misc":{"Dur\u00e9e de lecture estim\u00e9e":"1 minute"},"schema":{"@context":"https:\/\/schema.org","@graph":[{"@type":"WebPage","@id":"https:\/\/orthopara.store\/index.php\/produit\/coffret-pentamedical-mousse-nettoyante-pour-peau-grasse-brosse-nettoyante-offerte\/","url":"https:\/\/orthopara.store\/index.php\/produit\/coffret-pentamedical-mousse-nettoyante-pour-peau-grasse-brosse-nettoyante-offerte\/","name":"Coffret Pentamedical - Mousse nettoyante pour peau grasse + brosse nettoyante offerte - OrthoPara","isPartOf":{"@id":"https:\/\/orthopara.store\/#website"},"primaryImageOfPage":{"@id":"https:\/\/orthopara.store\/index.php\/produit\/coffret-pentamedical-mousse-nettoyante-pour-peau-grasse-brosse-nettoyante-offerte\/#primaryimage"},"image":{"@id":"https:\/\/orthopara.store\/index.php\/produit\/coffret-pentamedical-mousse-nettoyante-pour-peau-grasse-brosse-nettoyante-offerte\/#primaryimage"},"thumbnailUrl":"https:\/\/orthopara.store\/wp-content\/uploads\/2024\/06\/coffret-mousse-nettoyante.jpg","datePublished":"2024-06-28T13:57:32+00:00","dateModified":"2024-11-07T09:04:37+00:00","breadcrumb":{"@id":"https:\/\/orthopara.store\/index.php\/produit\/coffret-pentamedical-mousse-nettoyante-pour-peau-grasse-brosse-nettoyante-offerte\/#breadcrumb"},"inLanguage":"fr-FR","potentialAction":[{"@type":"ReadAction","target":["https:\/\/orthopara.store\/index.php\/produit\/coffret-pentamedical-mousse-nettoyante-pour-peau-grasse-brosse-nettoyante-offerte\/"]}]},{"@type":"ImageObject","inLanguage":"fr-FR","@id":"https:\/\/orthopara.store\/index.php\/produit\/coffret-pentamedical-mousse-nettoyante-pour-peau-grasse-brosse-nettoyante-offerte\/#primaryimage","url":"https:\/\/orthopara.store\/wp-content\/uploads\/2024\/06\/coffret-mousse-nettoyante.jpg","contentUrl":"https:\/\/orthopara.store\/wp-content\/uploads\/2024\/06\/coffret-mousse-nettoyante.jpg","width":800,"height":800},{"@type":"BreadcrumbList","@id":"https:\/\/orthopara.store\/index.php\/produit\/coffret-pentamedical-mousse-nettoyante-pour-peau-grasse-brosse-nettoyante-offerte\/#breadcrumb","itemListElement":[{"@type":"ListItem","position":1,"name":"Accueil","item":"https:\/\/orthopara.store\/"},{"@type":"ListItem","position":2,"name":"Shop","item":"https:\/\/orthopara.store\/?page_id=622"},{"@type":"ListItem","position":3,"name":"Coffret Pentamedical &#8211; Mousse nettoyante pour peau grasse + brosse nettoyante offerte"}]},{"@type":"WebSite","@id":"https:\/\/orthopara.store\/#website","url":"https:\/\/orthopara.store\/","name":"OrthoPara","description":"Parapharmacie","publisher":{"@id":"https:\/\/orthopara.store\/#organization"},"potentialAction":[{"@type":"SearchAction","target":{"@type":"EntryPoint","urlTemplate":"https:\/\/orthopara.store\/?s={search_term_string}"},"query-input":"required name=search_term_string"}],"inLanguage":"fr-FR"},{"@type":"Organization","@id":"https:\/\/orthopara.store\/#organization","name":"OrthoPara","url":"https:\/\/orthopara.store\/","logo":{"@type":"ImageObject","inLanguage":"fr-FR","@id":"https:\/\/orthopara.store\/#\/schema\/logo\/image\/","url":"https:\/\/orthopara.store\/wp-content\/uploads\/2024\/06\/cropped-9ABA8BAD-6256-4719-9315-15C66E64E882.png","contentUrl":"https:\/\/orthopara.store\/wp-content\/uploads\/2024\/06\/cropped-9ABA8BAD-6256-4719-9315-15C66E64E882.png","width":240,"height":72,"caption":"OrthoPara"},"image":{"@id":"https:\/\/orthopara.store\/#\/schema\/logo\/image\/"},"sameAs":["https:\/\/www.facebook.com\/profile.php?id=61561194315651","https:\/\/www.instagram.com\/orthopara_tunisie\/"]}]}},"jetpack_sharing_enabled":true,"brands":[{"id":278,"name":"Pentamedical","slug":"pentamedical"}],"_links":{"self":[{"href":"https:\/\/orthopara.store\/index.php?rest_route=\/wp\/v2\/product\/2216","targetHints":{"allow":["GET"]}}],"collection":[{"href":"https:\/\/orthopara.store\/index.php?rest_route=\/wp\/v2\/product"}],"about":[{"href":"https:\/\/orthopara.store\/index.php?rest_route=\/wp\/v2\/types\/product"}],"replies":[{"embeddable":true,"href":"https:\/\/orthopara.store\/index.php?rest_route=%2Fwp%2Fv2%2Fcomments&post=2216"}],"wp:featuredmedia":[{"embeddable":true,"href":"https:\/\/orthopara.store\/index.php?rest_route=\/wp\/v2\/media\/2235"}],"wp:attachment":[{"href":"https:\/\/orthopara.store\/index.php?rest_route=%2Fwp%2Fv2%2Fmedia&parent=2216"}],"wp:term":[{"taxonomy":"pwb-brand","embeddable":true,"href":"https:\/\/orthopara.store\/index.php?rest_route=%2Fwp%2Fv2%2Fpwb-brand&post=2216"},{"taxonomy":"product_cat","embeddable":true,"href":"https:\/\/orthopara.store\/index.php?rest_route=%2Fwp%2Fv2%2Fproduct_cat&post=2216"},{"taxonomy":"product_tag","embeddable":true,"href":"https:\/\/orthopara.store\/index.php?rest_route=%2Fwp%2Fv2%2Fproduct_tag&post=2216"}],"curies":[{"name":"wp","href":"https:\/\/api.w.org\/{rel}","templated":true}]}}