{"id":2222,"date":"2024-06-28T15:57:33","date_gmt":"2024-06-28T13:57:33","guid":{"rendered":"https:\/\/orthopara.store\/?post_type=product&#038;p=2222"},"modified":"2024-06-28T15:57:41","modified_gmt":"2024-06-28T13:57:41","slug":"shampoing-purifiant-cheveux-gras-puralia-250ml","status":"publish","type":"product","link":"https:\/\/orthopara.store\/?product=shampoing-purifiant-cheveux-gras-puralia-250ml","title":{"rendered":"Shampoing purifiant &#8211; cheveux gras &#8211; Puralia &#8211; 250ml"},"content":{"rendered":"<p>Shampoing purifiant &#8211; cheveux gras &#8211; Puralia &#8211; 250ml<br \/>\nGr\u00e2ce \u00e0 l\u2019association synergique de l\u2019hydrolat de romarin, de l\u2019huile de jojoba et de la k\u00e9ratine, le shampoing purifiant Puralia est l\u2019alli\u00e9 des cheveux \u00e0 tendance grasse. Il nettoie en douceur et r\u00e9gule la production du s\u00e9bum pour des cheveux plus doux et l\u00e9gers.<br \/>\nConseil d\u2019application :<br \/>\nAppliquer le shampooing Purifiant Puralia sur cheveux mouill\u00e9s. Masser en douceur pour ne pas exciter les glandes s\u00e9bac\u00e9es, puis rincer abondamment. En cas de contact avec les yeux, rincer soigneusement \u00e0 l\u2019eau.<br \/>\nTest\u00e9 sous contr\u00f4le dermatologique.<br \/>\nComposition INCI :<br \/>\nAqua (Water), Citrus Aurantium Dulcis (Orange) Flower Water*, Rosmarinus Officinalis Water*, Disodium Cocoyl Glutamate, Sodium Cocoyl Glutamate, Glycerin, Cocamidopropyl Betaine, Coco Glucoside, Carthamus Tinctorius (Safflower) Seed Oil*, Simmondsia Chinensis Seed Oil*, Hydrolyzed Keratin, Mel*, Xanthan Gum, Citric Acid, Sodium Benzoate, Potassium Sorbate, Parfum.<br \/>\n*Ingr\u00e9dients issus de l\u2019Agriculture Biologique.<br \/>\n**transform\u00e9s \u00e0 partir d\u2019ingr\u00e9dients biologiques.<br \/>\n97.8 % du total est d\u2019origine naturelle.<br \/>\n10,8 % du total des ingr\u00e9dients sont issus de l\u2019Agriculture Biologique.<br \/>\nCosmos organic certifi\u00e9 par Ecocert Greenlife selon le r\u00e9f\u00e9rentiel Cosmos<\/p>\n","protected":false},"excerpt":{"rendered":"<p>Puralia\u00a0<br \/>\nShampoing purifiant<br \/>\nA base de k\u00e9ratine, hydrolat de romarin et huile de jojoba<br \/>\nNettoie les cheveux en douceur et r\u00e9gule la production du s\u00e9bum.<br \/>\nPour cheveux \u00e0 tendance grasse.<br \/>\nContenance : flacon 250 ml<\/p>\n","protected":false},"featured_media":2241,"comment_status":"open","ping_status":"closed","template":"","meta":[],"pwb-brand":[72],"product_cat":[276],"product_tag":[],"class_list":{"0":"post-2222","1":"product","2":"type-product","3":"status-publish","4":"has-post-thumbnail","6":"pwb-brand-puralia","7":"product_cat-cheveux-homme","8":"post","9":"ws-product--style-1","11":"first","12":"instock","13":"shipping-taxable","14":"purchasable","15":"product-type-simple"},"yoast_head":"<!-- This site is optimized with the Yoast SEO plugin v23.0 - https:\/\/yoast.com\/wordpress\/plugins\/seo\/ -->\n<title>Shampoing purifiant - cheveux gras - Puralia - 250ml - OrthoPara<\/title>\n<meta name=\"robots\" content=\"index, follow, max-snippet:-1, max-image-preview:large, max-video-preview:-1\" \/>\n<link rel=\"canonical\" href=\"https:\/\/orthopara.store\/index.php\/produit\/shampoing-purifiant-cheveux-gras-puralia-250ml\/\" \/>\n<meta property=\"og:locale\" content=\"fr_FR\" \/>\n<meta property=\"og:type\" content=\"article\" \/>\n<meta property=\"og:title\" content=\"Shampoing purifiant - cheveux gras - Puralia - 250ml - OrthoPara\" \/>\n<meta property=\"og:description\" content=\"Puralia\u00a0 Shampoing purifiant A base de k\u00e9ratine, hydrolat de romarin et huile de jojoba Nettoie les cheveux en douceur et r\u00e9gule la production du s\u00e9bum. Pour cheveux \u00e0 tendance grasse. Contenance : flacon 250 ml\" \/>\n<meta property=\"og:url\" content=\"https:\/\/orthopara.store\/index.php\/produit\/shampoing-purifiant-cheveux-gras-puralia-250ml\/\" \/>\n<meta property=\"og:site_name\" content=\"OrthoPara\" \/>\n<meta property=\"article:publisher\" content=\"https:\/\/www.facebook.com\/profile.php?id=61561194315651\" \/>\n<meta property=\"article:modified_time\" content=\"2024-06-28T13:57:41+00:00\" \/>\n<meta property=\"og:image\" content=\"https:\/\/orthopara.store\/wp-content\/uploads\/2024\/06\/shampoing-purifiant-cheveux-gras-puralia-250ml.jpg\" \/>\n\t<meta property=\"og:image:width\" content=\"800\" \/>\n\t<meta property=\"og:image:height\" content=\"800\" \/>\n\t<meta property=\"og:image:type\" content=\"image\/jpeg\" \/>\n<meta name=\"twitter:card\" content=\"summary_large_image\" \/>\n<meta name=\"twitter:label1\" content=\"Dur\u00e9e de lecture estim\u00e9e\" \/>\n\t<meta name=\"twitter:data1\" content=\"1 minute\" \/>\n<script type=\"application\/ld+json\" class=\"yoast-schema-graph\">{\"@context\":\"https:\/\/schema.org\",\"@graph\":[{\"@type\":\"WebPage\",\"@id\":\"https:\/\/orthopara.store\/index.php\/produit\/shampoing-purifiant-cheveux-gras-puralia-250ml\/\",\"url\":\"https:\/\/orthopara.store\/index.php\/produit\/shampoing-purifiant-cheveux-gras-puralia-250ml\/\",\"name\":\"Shampoing purifiant - cheveux gras - Puralia - 250ml - OrthoPara\",\"isPartOf\":{\"@id\":\"https:\/\/orthopara.store\/#website\"},\"primaryImageOfPage\":{\"@id\":\"https:\/\/orthopara.store\/index.php\/produit\/shampoing-purifiant-cheveux-gras-puralia-250ml\/#primaryimage\"},\"image\":{\"@id\":\"https:\/\/orthopara.store\/index.php\/produit\/shampoing-purifiant-cheveux-gras-puralia-250ml\/#primaryimage\"},\"thumbnailUrl\":\"https:\/\/orthopara.store\/wp-content\/uploads\/2024\/06\/shampoing-purifiant-cheveux-gras-puralia-250ml.jpg\",\"datePublished\":\"2024-06-28T13:57:33+00:00\",\"dateModified\":\"2024-06-28T13:57:41+00:00\",\"breadcrumb\":{\"@id\":\"https:\/\/orthopara.store\/index.php\/produit\/shampoing-purifiant-cheveux-gras-puralia-250ml\/#breadcrumb\"},\"inLanguage\":\"fr-FR\",\"potentialAction\":[{\"@type\":\"ReadAction\",\"target\":[\"https:\/\/orthopara.store\/index.php\/produit\/shampoing-purifiant-cheveux-gras-puralia-250ml\/\"]}]},{\"@type\":\"ImageObject\",\"inLanguage\":\"fr-FR\",\"@id\":\"https:\/\/orthopara.store\/index.php\/produit\/shampoing-purifiant-cheveux-gras-puralia-250ml\/#primaryimage\",\"url\":\"https:\/\/orthopara.store\/wp-content\/uploads\/2024\/06\/shampoing-purifiant-cheveux-gras-puralia-250ml.jpg\",\"contentUrl\":\"https:\/\/orthopara.store\/wp-content\/uploads\/2024\/06\/shampoing-purifiant-cheveux-gras-puralia-250ml.jpg\",\"width\":800,\"height\":800},{\"@type\":\"BreadcrumbList\",\"@id\":\"https:\/\/orthopara.store\/index.php\/produit\/shampoing-purifiant-cheveux-gras-puralia-250ml\/#breadcrumb\",\"itemListElement\":[{\"@type\":\"ListItem\",\"position\":1,\"name\":\"Accueil\",\"item\":\"https:\/\/orthopara.store\/\"},{\"@type\":\"ListItem\",\"position\":2,\"name\":\"Shop\",\"item\":\"https:\/\/orthopara.store\/?page_id=622\"},{\"@type\":\"ListItem\",\"position\":3,\"name\":\"Shampoing purifiant &#8211; cheveux gras &#8211; Puralia &#8211; 250ml\"}]},{\"@type\":\"WebSite\",\"@id\":\"https:\/\/orthopara.store\/#website\",\"url\":\"https:\/\/orthopara.store\/\",\"name\":\"OrthoPara\",\"description\":\"Parapharmacie\",\"publisher\":{\"@id\":\"https:\/\/orthopara.store\/#organization\"},\"potentialAction\":[{\"@type\":\"SearchAction\",\"target\":{\"@type\":\"EntryPoint\",\"urlTemplate\":\"https:\/\/orthopara.store\/?s={search_term_string}\"},\"query-input\":\"required name=search_term_string\"}],\"inLanguage\":\"fr-FR\"},{\"@type\":\"Organization\",\"@id\":\"https:\/\/orthopara.store\/#organization\",\"name\":\"OrthoPara\",\"url\":\"https:\/\/orthopara.store\/\",\"logo\":{\"@type\":\"ImageObject\",\"inLanguage\":\"fr-FR\",\"@id\":\"https:\/\/orthopara.store\/#\/schema\/logo\/image\/\",\"url\":\"https:\/\/orthopara.store\/wp-content\/uploads\/2024\/06\/cropped-9ABA8BAD-6256-4719-9315-15C66E64E882.png\",\"contentUrl\":\"https:\/\/orthopara.store\/wp-content\/uploads\/2024\/06\/cropped-9ABA8BAD-6256-4719-9315-15C66E64E882.png\",\"width\":240,\"height\":72,\"caption\":\"OrthoPara\"},\"image\":{\"@id\":\"https:\/\/orthopara.store\/#\/schema\/logo\/image\/\"},\"sameAs\":[\"https:\/\/www.facebook.com\/profile.php?id=61561194315651\",\"https:\/\/www.instagram.com\/orthopara_tunisie\/\"]}]}<\/script>\n<!-- \/ Yoast SEO plugin. -->","yoast_head_json":{"title":"Shampoing purifiant - cheveux gras - Puralia - 250ml - OrthoPara","robots":{"index":"index","follow":"follow","max-snippet":"max-snippet:-1","max-image-preview":"max-image-preview:large","max-video-preview":"max-video-preview:-1"},"canonical":"https:\/\/orthopara.store\/index.php\/produit\/shampoing-purifiant-cheveux-gras-puralia-250ml\/","og_locale":"fr_FR","og_type":"article","og_title":"Shampoing purifiant - cheveux gras - Puralia - 250ml - OrthoPara","og_description":"Puralia\u00a0 Shampoing purifiant A base de k\u00e9ratine, hydrolat de romarin et huile de jojoba Nettoie les cheveux en douceur et r\u00e9gule la production du s\u00e9bum. Pour cheveux \u00e0 tendance grasse. Contenance : flacon 250 ml","og_url":"https:\/\/orthopara.store\/index.php\/produit\/shampoing-purifiant-cheveux-gras-puralia-250ml\/","og_site_name":"OrthoPara","article_publisher":"https:\/\/www.facebook.com\/profile.php?id=61561194315651","article_modified_time":"2024-06-28T13:57:41+00:00","og_image":[{"width":800,"height":800,"url":"https:\/\/orthopara.store\/wp-content\/uploads\/2024\/06\/shampoing-purifiant-cheveux-gras-puralia-250ml.jpg","type":"image\/jpeg"}],"twitter_card":"summary_large_image","twitter_misc":{"Dur\u00e9e de lecture estim\u00e9e":"1 minute"},"schema":{"@context":"https:\/\/schema.org","@graph":[{"@type":"WebPage","@id":"https:\/\/orthopara.store\/index.php\/produit\/shampoing-purifiant-cheveux-gras-puralia-250ml\/","url":"https:\/\/orthopara.store\/index.php\/produit\/shampoing-purifiant-cheveux-gras-puralia-250ml\/","name":"Shampoing purifiant - cheveux gras - Puralia - 250ml - OrthoPara","isPartOf":{"@id":"https:\/\/orthopara.store\/#website"},"primaryImageOfPage":{"@id":"https:\/\/orthopara.store\/index.php\/produit\/shampoing-purifiant-cheveux-gras-puralia-250ml\/#primaryimage"},"image":{"@id":"https:\/\/orthopara.store\/index.php\/produit\/shampoing-purifiant-cheveux-gras-puralia-250ml\/#primaryimage"},"thumbnailUrl":"https:\/\/orthopara.store\/wp-content\/uploads\/2024\/06\/shampoing-purifiant-cheveux-gras-puralia-250ml.jpg","datePublished":"2024-06-28T13:57:33+00:00","dateModified":"2024-06-28T13:57:41+00:00","breadcrumb":{"@id":"https:\/\/orthopara.store\/index.php\/produit\/shampoing-purifiant-cheveux-gras-puralia-250ml\/#breadcrumb"},"inLanguage":"fr-FR","potentialAction":[{"@type":"ReadAction","target":["https:\/\/orthopara.store\/index.php\/produit\/shampoing-purifiant-cheveux-gras-puralia-250ml\/"]}]},{"@type":"ImageObject","inLanguage":"fr-FR","@id":"https:\/\/orthopara.store\/index.php\/produit\/shampoing-purifiant-cheveux-gras-puralia-250ml\/#primaryimage","url":"https:\/\/orthopara.store\/wp-content\/uploads\/2024\/06\/shampoing-purifiant-cheveux-gras-puralia-250ml.jpg","contentUrl":"https:\/\/orthopara.store\/wp-content\/uploads\/2024\/06\/shampoing-purifiant-cheveux-gras-puralia-250ml.jpg","width":800,"height":800},{"@type":"BreadcrumbList","@id":"https:\/\/orthopara.store\/index.php\/produit\/shampoing-purifiant-cheveux-gras-puralia-250ml\/#breadcrumb","itemListElement":[{"@type":"ListItem","position":1,"name":"Accueil","item":"https:\/\/orthopara.store\/"},{"@type":"ListItem","position":2,"name":"Shop","item":"https:\/\/orthopara.store\/?page_id=622"},{"@type":"ListItem","position":3,"name":"Shampoing purifiant &#8211; cheveux gras &#8211; Puralia &#8211; 250ml"}]},{"@type":"WebSite","@id":"https:\/\/orthopara.store\/#website","url":"https:\/\/orthopara.store\/","name":"OrthoPara","description":"Parapharmacie","publisher":{"@id":"https:\/\/orthopara.store\/#organization"},"potentialAction":[{"@type":"SearchAction","target":{"@type":"EntryPoint","urlTemplate":"https:\/\/orthopara.store\/?s={search_term_string}"},"query-input":"required name=search_term_string"}],"inLanguage":"fr-FR"},{"@type":"Organization","@id":"https:\/\/orthopara.store\/#organization","name":"OrthoPara","url":"https:\/\/orthopara.store\/","logo":{"@type":"ImageObject","inLanguage":"fr-FR","@id":"https:\/\/orthopara.store\/#\/schema\/logo\/image\/","url":"https:\/\/orthopara.store\/wp-content\/uploads\/2024\/06\/cropped-9ABA8BAD-6256-4719-9315-15C66E64E882.png","contentUrl":"https:\/\/orthopara.store\/wp-content\/uploads\/2024\/06\/cropped-9ABA8BAD-6256-4719-9315-15C66E64E882.png","width":240,"height":72,"caption":"OrthoPara"},"image":{"@id":"https:\/\/orthopara.store\/#\/schema\/logo\/image\/"},"sameAs":["https:\/\/www.facebook.com\/profile.php?id=61561194315651","https:\/\/www.instagram.com\/orthopara_tunisie\/"]}]}},"jetpack_sharing_enabled":true,"brands":[{"id":72,"name":"Puralia","slug":"puralia"}],"_links":{"self":[{"href":"https:\/\/orthopara.store\/index.php?rest_route=\/wp\/v2\/product\/2222","targetHints":{"allow":["GET"]}}],"collection":[{"href":"https:\/\/orthopara.store\/index.php?rest_route=\/wp\/v2\/product"}],"about":[{"href":"https:\/\/orthopara.store\/index.php?rest_route=\/wp\/v2\/types\/product"}],"replies":[{"embeddable":true,"href":"https:\/\/orthopara.store\/index.php?rest_route=%2Fwp%2Fv2%2Fcomments&post=2222"}],"wp:featuredmedia":[{"embeddable":true,"href":"https:\/\/orthopara.store\/index.php?rest_route=\/wp\/v2\/media\/2241"}],"wp:attachment":[{"href":"https:\/\/orthopara.store\/index.php?rest_route=%2Fwp%2Fv2%2Fmedia&parent=2222"}],"wp:term":[{"taxonomy":"pwb-brand","embeddable":true,"href":"https:\/\/orthopara.store\/index.php?rest_route=%2Fwp%2Fv2%2Fpwb-brand&post=2222"},{"taxonomy":"product_cat","embeddable":true,"href":"https:\/\/orthopara.store\/index.php?rest_route=%2Fwp%2Fv2%2Fproduct_cat&post=2222"},{"taxonomy":"product_tag","embeddable":true,"href":"https:\/\/orthopara.store\/index.php?rest_route=%2Fwp%2Fv2%2Fproduct_tag&post=2222"}],"curies":[{"name":"wp","href":"https:\/\/api.w.org\/{rel}","templated":true}]}}