{"id":2243,"date":"2024-06-28T15:57:42","date_gmt":"2024-06-28T13:57:42","guid":{"rendered":"https:\/\/orthopara.store\/?post_type=product&#038;p=2243"},"modified":"2026-04-16T15:52:11","modified_gmt":"2026-04-16T14:52:11","slug":"shampoing-anti-chute-dermastik-200ml","status":"publish","type":"product","link":"https:\/\/orthopara.store\/?product=shampoing-anti-chute-dermastik-200ml","title":{"rendered":"Shampoing anti-chute &#8211; Dermastik &#8211; 200ml"},"content":{"rendered":"<p>Shampoing anti-chute &#8211; Dermastik &#8211; 200ml\u00a0<br \/>\nLes experts de la marque polonaise Dermastic ont cr\u00e9\u00e9 un shampooing adapt\u00e9 \u00e0 tous les types de cheveux, Anti Hair Loss Shampoo, qui, en plus de nettoyer efficacement le cuir chevelu et les cheveux de l&rsquo;exc\u00e8s de s\u00e9bum et des impuret\u00e9s accumul\u00e9es, lutte avec succ\u00e8s contre la chute des cheveux. La formule du produit est enrichie en jus d&rsquo;aloe vera et en extrait de germe de bl\u00e9. La plante aloe vera est connue pour sa puissante propri\u00e9t\u00e9 d&rsquo;hydratation et d&rsquo;apaisement du cuir chevelu, tandis que l&rsquo;extrait de germe de bl\u00e9 prot\u00e8ge le cuir chevelu et combat \u00e9galement les cheveux secs, s&rsquo;attaque \u00e0 la chute excessive des cheveux et stimule leur croissance.<br \/>\nConseils d&rsquo;utilisation :<br \/>\nAppliquer sur le cuir chevelu et les cheveux mouill\u00e9s, en massant d\u00e9licatement. Rincer abondamment et r\u00e9p\u00e9ter l&rsquo;application si n\u00e9cessaire.<br \/>\nComposition :\u00a0<br \/>\nAqua, sodium laureth sulfate, cocamidopropyl b\u00e9ta\u00efne, glyc\u00e9rine, propyl\u00e8ne glycol, glyc\u00e9rides capryliques\/capriques PEG-6, polyquaternium-10, EDTA disodique, sorbate de potassium, benzoate de sodium, arginine, acide lactique, extrait de germe de glycine de soja, extrait de germe de triticum vulgare, Extrait de racine de Scutellaria Baicalensis, gluconolactone, jus de feuille d&rsquo;Aloe Barbadensis.<\/p>\n","protected":false},"excerpt":{"rendered":"<p>Dermastik\u00a0<br \/>\nShampoing anti-chute \u00e0 l&rsquo;extrait de germe de bl\u00e9 et d&rsquo;aloe Vera\u00a0<br \/>\nStimule la pousse des cheveux et pr\u00e9vient la chute des cheveux<br \/>\nChute cheveux homme &#038; femme\u00a0<br \/>\nContenance : 200ml\u00a0<br \/>\nDLC : 22\/2025<\/p>\n","protected":false},"featured_media":2261,"comment_status":"open","ping_status":"closed","template":"","meta":[],"pwb-brand":[280],"product_cat":[276],"product_tag":[],"class_list":{"0":"post-2243","1":"product","2":"type-product","3":"status-publish","4":"has-post-thumbnail","6":"pwb-brand-dermastic","7":"product_cat-cheveux-homme","8":"post","9":"ws-product--style-1","11":"first","12":"instock","13":"shipping-taxable","14":"purchasable","15":"product-type-simple"},"yoast_head":"<!-- This site is optimized with the Yoast SEO plugin v23.0 - https:\/\/yoast.com\/wordpress\/plugins\/seo\/ -->\n<title>Shampoing anti-chute - Dermastik - 200ml - OrthoPara<\/title>\n<meta name=\"robots\" content=\"index, follow, max-snippet:-1, max-image-preview:large, max-video-preview:-1\" \/>\n<link rel=\"canonical\" href=\"https:\/\/orthopara.store\/index.php\/produit\/shampoing-anti-chute-dermastik-200ml\/\" \/>\n<meta property=\"og:locale\" content=\"fr_FR\" \/>\n<meta property=\"og:type\" content=\"article\" \/>\n<meta property=\"og:title\" content=\"Shampoing anti-chute - Dermastik - 200ml - OrthoPara\" \/>\n<meta property=\"og:description\" content=\"Dermastik\u00a0 Shampoing anti-chute \u00e0 l&#039;extrait de germe de bl\u00e9 et d&#039;aloe Vera\u00a0 Stimule la pousse des cheveux et pr\u00e9vient la chute des cheveux Chute cheveux homme &amp; femme\u00a0 Contenance : 200ml\u00a0 DLC : 22\/2025\" \/>\n<meta property=\"og:url\" content=\"https:\/\/orthopara.store\/index.php\/produit\/shampoing-anti-chute-dermastik-200ml\/\" \/>\n<meta property=\"og:site_name\" content=\"OrthoPara\" \/>\n<meta property=\"article:publisher\" content=\"https:\/\/www.facebook.com\/profile.php?id=61561194315651\" \/>\n<meta property=\"article:modified_time\" content=\"2026-04-16T14:52:11+00:00\" \/>\n<meta property=\"og:image\" content=\"https:\/\/orthopara.store\/wp-content\/uploads\/2024\/06\/shampoing-anti-chute-dermastik-200ml-.jpg\" \/>\n\t<meta property=\"og:image:width\" content=\"800\" \/>\n\t<meta property=\"og:image:height\" content=\"800\" \/>\n\t<meta property=\"og:image:type\" content=\"image\/jpeg\" \/>\n<meta name=\"twitter:card\" content=\"summary_large_image\" \/>\n<meta name=\"twitter:label1\" content=\"Dur\u00e9e de lecture estim\u00e9e\" \/>\n\t<meta name=\"twitter:data1\" content=\"1 minute\" \/>\n<script type=\"application\/ld+json\" class=\"yoast-schema-graph\">{\"@context\":\"https:\/\/schema.org\",\"@graph\":[{\"@type\":\"WebPage\",\"@id\":\"https:\/\/orthopara.store\/index.php\/produit\/shampoing-anti-chute-dermastik-200ml\/\",\"url\":\"https:\/\/orthopara.store\/index.php\/produit\/shampoing-anti-chute-dermastik-200ml\/\",\"name\":\"Shampoing anti-chute - Dermastik - 200ml - OrthoPara\",\"isPartOf\":{\"@id\":\"https:\/\/orthopara.store\/#website\"},\"primaryImageOfPage\":{\"@id\":\"https:\/\/orthopara.store\/index.php\/produit\/shampoing-anti-chute-dermastik-200ml\/#primaryimage\"},\"image\":{\"@id\":\"https:\/\/orthopara.store\/index.php\/produit\/shampoing-anti-chute-dermastik-200ml\/#primaryimage\"},\"thumbnailUrl\":\"https:\/\/orthopara.store\/wp-content\/uploads\/2024\/06\/shampoing-anti-chute-dermastik-200ml-.jpg\",\"datePublished\":\"2024-06-28T13:57:42+00:00\",\"dateModified\":\"2026-04-16T14:52:11+00:00\",\"breadcrumb\":{\"@id\":\"https:\/\/orthopara.store\/index.php\/produit\/shampoing-anti-chute-dermastik-200ml\/#breadcrumb\"},\"inLanguage\":\"fr-FR\",\"potentialAction\":[{\"@type\":\"ReadAction\",\"target\":[\"https:\/\/orthopara.store\/index.php\/produit\/shampoing-anti-chute-dermastik-200ml\/\"]}]},{\"@type\":\"ImageObject\",\"inLanguage\":\"fr-FR\",\"@id\":\"https:\/\/orthopara.store\/index.php\/produit\/shampoing-anti-chute-dermastik-200ml\/#primaryimage\",\"url\":\"https:\/\/orthopara.store\/wp-content\/uploads\/2024\/06\/shampoing-anti-chute-dermastik-200ml-.jpg\",\"contentUrl\":\"https:\/\/orthopara.store\/wp-content\/uploads\/2024\/06\/shampoing-anti-chute-dermastik-200ml-.jpg\",\"width\":800,\"height\":800},{\"@type\":\"BreadcrumbList\",\"@id\":\"https:\/\/orthopara.store\/index.php\/produit\/shampoing-anti-chute-dermastik-200ml\/#breadcrumb\",\"itemListElement\":[{\"@type\":\"ListItem\",\"position\":1,\"name\":\"Accueil\",\"item\":\"https:\/\/orthopara.store\/\"},{\"@type\":\"ListItem\",\"position\":2,\"name\":\"Shop\",\"item\":\"https:\/\/orthopara.store\/?page_id=622\"},{\"@type\":\"ListItem\",\"position\":3,\"name\":\"Shampoing anti-chute &#8211; Dermastik &#8211; 200ml\"}]},{\"@type\":\"WebSite\",\"@id\":\"https:\/\/orthopara.store\/#website\",\"url\":\"https:\/\/orthopara.store\/\",\"name\":\"OrthoPara\",\"description\":\"Parapharmacie\",\"publisher\":{\"@id\":\"https:\/\/orthopara.store\/#organization\"},\"potentialAction\":[{\"@type\":\"SearchAction\",\"target\":{\"@type\":\"EntryPoint\",\"urlTemplate\":\"https:\/\/orthopara.store\/?s={search_term_string}\"},\"query-input\":\"required name=search_term_string\"}],\"inLanguage\":\"fr-FR\"},{\"@type\":\"Organization\",\"@id\":\"https:\/\/orthopara.store\/#organization\",\"name\":\"OrthoPara\",\"url\":\"https:\/\/orthopara.store\/\",\"logo\":{\"@type\":\"ImageObject\",\"inLanguage\":\"fr-FR\",\"@id\":\"https:\/\/orthopara.store\/#\/schema\/logo\/image\/\",\"url\":\"https:\/\/orthopara.store\/wp-content\/uploads\/2024\/06\/cropped-9ABA8BAD-6256-4719-9315-15C66E64E882.png\",\"contentUrl\":\"https:\/\/orthopara.store\/wp-content\/uploads\/2024\/06\/cropped-9ABA8BAD-6256-4719-9315-15C66E64E882.png\",\"width\":240,\"height\":72,\"caption\":\"OrthoPara\"},\"image\":{\"@id\":\"https:\/\/orthopara.store\/#\/schema\/logo\/image\/\"},\"sameAs\":[\"https:\/\/www.facebook.com\/profile.php?id=61561194315651\",\"https:\/\/www.instagram.com\/orthopara_tunisie\/\"]}]}<\/script>\n<!-- \/ Yoast SEO plugin. -->","yoast_head_json":{"title":"Shampoing anti-chute - Dermastik - 200ml - OrthoPara","robots":{"index":"index","follow":"follow","max-snippet":"max-snippet:-1","max-image-preview":"max-image-preview:large","max-video-preview":"max-video-preview:-1"},"canonical":"https:\/\/orthopara.store\/index.php\/produit\/shampoing-anti-chute-dermastik-200ml\/","og_locale":"fr_FR","og_type":"article","og_title":"Shampoing anti-chute - Dermastik - 200ml - OrthoPara","og_description":"Dermastik\u00a0 Shampoing anti-chute \u00e0 l'extrait de germe de bl\u00e9 et d'aloe Vera\u00a0 Stimule la pousse des cheveux et pr\u00e9vient la chute des cheveux Chute cheveux homme & femme\u00a0 Contenance : 200ml\u00a0 DLC : 22\/2025","og_url":"https:\/\/orthopara.store\/index.php\/produit\/shampoing-anti-chute-dermastik-200ml\/","og_site_name":"OrthoPara","article_publisher":"https:\/\/www.facebook.com\/profile.php?id=61561194315651","article_modified_time":"2026-04-16T14:52:11+00:00","og_image":[{"width":800,"height":800,"url":"https:\/\/orthopara.store\/wp-content\/uploads\/2024\/06\/shampoing-anti-chute-dermastik-200ml-.jpg","type":"image\/jpeg"}],"twitter_card":"summary_large_image","twitter_misc":{"Dur\u00e9e de lecture estim\u00e9e":"1 minute"},"schema":{"@context":"https:\/\/schema.org","@graph":[{"@type":"WebPage","@id":"https:\/\/orthopara.store\/index.php\/produit\/shampoing-anti-chute-dermastik-200ml\/","url":"https:\/\/orthopara.store\/index.php\/produit\/shampoing-anti-chute-dermastik-200ml\/","name":"Shampoing anti-chute - Dermastik - 200ml - OrthoPara","isPartOf":{"@id":"https:\/\/orthopara.store\/#website"},"primaryImageOfPage":{"@id":"https:\/\/orthopara.store\/index.php\/produit\/shampoing-anti-chute-dermastik-200ml\/#primaryimage"},"image":{"@id":"https:\/\/orthopara.store\/index.php\/produit\/shampoing-anti-chute-dermastik-200ml\/#primaryimage"},"thumbnailUrl":"https:\/\/orthopara.store\/wp-content\/uploads\/2024\/06\/shampoing-anti-chute-dermastik-200ml-.jpg","datePublished":"2024-06-28T13:57:42+00:00","dateModified":"2026-04-16T14:52:11+00:00","breadcrumb":{"@id":"https:\/\/orthopara.store\/index.php\/produit\/shampoing-anti-chute-dermastik-200ml\/#breadcrumb"},"inLanguage":"fr-FR","potentialAction":[{"@type":"ReadAction","target":["https:\/\/orthopara.store\/index.php\/produit\/shampoing-anti-chute-dermastik-200ml\/"]}]},{"@type":"ImageObject","inLanguage":"fr-FR","@id":"https:\/\/orthopara.store\/index.php\/produit\/shampoing-anti-chute-dermastik-200ml\/#primaryimage","url":"https:\/\/orthopara.store\/wp-content\/uploads\/2024\/06\/shampoing-anti-chute-dermastik-200ml-.jpg","contentUrl":"https:\/\/orthopara.store\/wp-content\/uploads\/2024\/06\/shampoing-anti-chute-dermastik-200ml-.jpg","width":800,"height":800},{"@type":"BreadcrumbList","@id":"https:\/\/orthopara.store\/index.php\/produit\/shampoing-anti-chute-dermastik-200ml\/#breadcrumb","itemListElement":[{"@type":"ListItem","position":1,"name":"Accueil","item":"https:\/\/orthopara.store\/"},{"@type":"ListItem","position":2,"name":"Shop","item":"https:\/\/orthopara.store\/?page_id=622"},{"@type":"ListItem","position":3,"name":"Shampoing anti-chute &#8211; Dermastik &#8211; 200ml"}]},{"@type":"WebSite","@id":"https:\/\/orthopara.store\/#website","url":"https:\/\/orthopara.store\/","name":"OrthoPara","description":"Parapharmacie","publisher":{"@id":"https:\/\/orthopara.store\/#organization"},"potentialAction":[{"@type":"SearchAction","target":{"@type":"EntryPoint","urlTemplate":"https:\/\/orthopara.store\/?s={search_term_string}"},"query-input":"required name=search_term_string"}],"inLanguage":"fr-FR"},{"@type":"Organization","@id":"https:\/\/orthopara.store\/#organization","name":"OrthoPara","url":"https:\/\/orthopara.store\/","logo":{"@type":"ImageObject","inLanguage":"fr-FR","@id":"https:\/\/orthopara.store\/#\/schema\/logo\/image\/","url":"https:\/\/orthopara.store\/wp-content\/uploads\/2024\/06\/cropped-9ABA8BAD-6256-4719-9315-15C66E64E882.png","contentUrl":"https:\/\/orthopara.store\/wp-content\/uploads\/2024\/06\/cropped-9ABA8BAD-6256-4719-9315-15C66E64E882.png","width":240,"height":72,"caption":"OrthoPara"},"image":{"@id":"https:\/\/orthopara.store\/#\/schema\/logo\/image\/"},"sameAs":["https:\/\/www.facebook.com\/profile.php?id=61561194315651","https:\/\/www.instagram.com\/orthopara_tunisie\/"]}]}},"jetpack_sharing_enabled":true,"brands":[{"id":280,"name":"Dermastic","slug":"dermastic"}],"_links":{"self":[{"href":"https:\/\/orthopara.store\/index.php?rest_route=\/wp\/v2\/product\/2243","targetHints":{"allow":["GET"]}}],"collection":[{"href":"https:\/\/orthopara.store\/index.php?rest_route=\/wp\/v2\/product"}],"about":[{"href":"https:\/\/orthopara.store\/index.php?rest_route=\/wp\/v2\/types\/product"}],"replies":[{"embeddable":true,"href":"https:\/\/orthopara.store\/index.php?rest_route=%2Fwp%2Fv2%2Fcomments&post=2243"}],"wp:featuredmedia":[{"embeddable":true,"href":"https:\/\/orthopara.store\/index.php?rest_route=\/wp\/v2\/media\/2261"}],"wp:attachment":[{"href":"https:\/\/orthopara.store\/index.php?rest_route=%2Fwp%2Fv2%2Fmedia&parent=2243"}],"wp:term":[{"taxonomy":"pwb-brand","embeddable":true,"href":"https:\/\/orthopara.store\/index.php?rest_route=%2Fwp%2Fv2%2Fpwb-brand&post=2243"},{"taxonomy":"product_cat","embeddable":true,"href":"https:\/\/orthopara.store\/index.php?rest_route=%2Fwp%2Fv2%2Fproduct_cat&post=2243"},{"taxonomy":"product_tag","embeddable":true,"href":"https:\/\/orthopara.store\/index.php?rest_route=%2Fwp%2Fv2%2Fproduct_tag&post=2243"}],"curies":[{"name":"wp","href":"https:\/\/api.w.org\/{rel}","templated":true}]}}