{"id":2244,"date":"2024-06-28T15:57:42","date_gmt":"2024-06-28T13:57:42","guid":{"rendered":"https:\/\/orthopara.store\/?post_type=product&#038;p=2244"},"modified":"2024-06-28T15:57:46","modified_gmt":"2024-06-28T13:57:46","slug":"shampoing-sebo-regulateur-cheveux-gras-acm-novophane-200ml","status":"publish","type":"product","link":"https:\/\/orthopara.store\/?product=shampoing-sebo-regulateur-cheveux-gras-acm-novophane-200ml","title":{"rendered":"Shampoing s\u00e9bo-r\u00e9gulateur &#8211; cheveux gras &#8211; ACM Novophane &#8211; 200ml"},"content":{"rendered":"<p>Shampoing s\u00e9bo-r\u00e9gulateur &#8211; cheveux gras &#8211; ACM Novophane &#8211; 200ml<\/p>\n<p>Le shampooing s\u00e9bo-r\u00e9gulateur Novophane du Laboratoire ACM est l&rsquo;alli\u00e9 des cheveux regraissant trop vite.\u00a0<br \/>\nPourquoi les cheveux regraissent-ils vite ?<br \/>\nCe shampooing Novophane a \u00e9t\u00e9 sp\u00e9cialement d\u00e9velopp\u00e9 par le Laboratoire ACM avec des propri\u00e9t\u00e9s s\u00e9bo-r\u00e9gulatrices pour les cheveux \u00e0 tendance grasse. Contrairement \u00e0 certaines id\u00e9es re\u00e7ues, un cuir chevelu gras n&rsquo;est pas synonyme de cuir chevelu sale ou de manque d&rsquo;hygi\u00e8ne. Le fait que le cuir chevelu graisse rapidement est tout simplement d\u00fb \u00e0 une production excessive de s\u00e9bum qui peut trouver son origine dans de nombreuses causes (d\u00e9r\u00e8glement hormonal, h\u00e9r\u00e9dit\u00e9, etc.).\u00a0<br \/>\nPour rem\u00e9dier \u00e0 ces exc\u00e8s de s\u00e9bum, il est important d&rsquo;utiliser une routine capillaire adapt\u00e9e \u00e0 vos besoins.\u00a0<br \/>\nIndications :\u00a0<br \/>\nPourquoi utiliser le shampoing s\u00e9bo-r\u00e9gulateur Novophane ?<br \/>\nLe shampooing s\u00e9bo-r\u00e9gulateur Novophane permet donc de retrouver un cuir chevelu sain tout en r\u00e9gulant la production de s\u00e9bum.\u00a0<br \/>\nIl a \u00e9t\u00e9 d\u00e9velopp\u00e9 pour retarder le regraissage des cheveux tout en leur redonnant de la souplesse et de la l\u00e9g\u00e8ret\u00e9. La texture onctueuse de ce shampooing se transforme en une mousse g\u00e9n\u00e9reuse au contact de l&rsquo;eau. Son action antistatique permet de faciliter le d\u00e9m\u00ealage et le coiffage.\u00a0<br \/>\nConseil d&rsquo;utilisation :\u00a0<br \/>\nLe shampooing s\u00e9bo-r\u00e9gulateur Novophane peut s&rsquo;utiliser au quotidien.\u00a0<br \/>\nAppliquez une noisette de shampooing sur cheveux mouill\u00e9s. Massez doucement pour faire mousser. Rincez ensuite abondamment \u00e0 l&rsquo;eau claire.\u00a0<br \/>\nPr\u00e9cautions d&rsquo;utilisation :\u00a0<br \/>\nProduit r\u00e9serv\u00e9 \u00e0 un usage externe uniquement. Ne pas avaler.\u00a0<br \/>\nEn cas de contact avec les yeux, rincer imm\u00e9diatement \u00e0 l&rsquo;eau.\u00a0<br \/>\nTenir hors de port\u00e9e des enfants en bas-\u00e2ge.\u00a0<\/p>\n<p>Ingr\u00e9dients :<br \/>\nAqua (Water), Sodium Laureth Sulfate, Glycerin, Sodium Cocoamphoacetate, Sodium Chloride, Urtica Dioica Leaf Extract, Zinc Gluconate, Pyridoxine HCL, Biotin, Phenoxyethanol, PPG-26-Buteth-26, Guar Hydroxypropyltrimonium Chloride, Citric Acid, Chlorphenesin, Polyquaternium-10, PEG-40 Hydrogenated Castor Oil, Disodium EDTA, Sodium Benzoate, Potassium Sorbate, Caramel, CI 19140 (Yellow 5), CI 42090 (Blue 1), Parfum (Fragrance).<\/p>\n","protected":false},"excerpt":{"rendered":"<p>Le shampooing s\u00e9bo-r\u00e9gulateur Novophane du Laboratoire ACM est l&rsquo;alli\u00e9 des cheveux regraissant trop vite.<br \/>\nContenance : flacon de 200ml<br \/>\nDLC : 08\/2024<\/p>\n","protected":false},"featured_media":2262,"comment_status":"open","ping_status":"closed","template":"","meta":[],"pwb-brand":[59],"product_cat":[276],"product_tag":[],"class_list":{"0":"post-2244","1":"product","2":"type-product","3":"status-publish","4":"has-post-thumbnail","6":"pwb-brand-acm","7":"product_cat-cheveux-homme","8":"post","9":"ws-product--style-1","11":"first","12":"instock","13":"shipping-taxable","14":"purchasable","15":"product-type-simple"},"yoast_head":"<!-- This site is optimized with the Yoast SEO plugin v23.0 - https:\/\/yoast.com\/wordpress\/plugins\/seo\/ -->\n<title>Shampoing s\u00e9bo-r\u00e9gulateur - cheveux gras - ACM Novophane - 200ml - OrthoPara<\/title>\n<meta name=\"robots\" content=\"index, follow, max-snippet:-1, max-image-preview:large, max-video-preview:-1\" \/>\n<link rel=\"canonical\" href=\"https:\/\/orthopara.store\/index.php\/produit\/shampoing-sebo-regulateur-cheveux-gras-acm-novophane-200ml\/\" \/>\n<meta property=\"og:locale\" content=\"fr_FR\" \/>\n<meta property=\"og:type\" content=\"article\" \/>\n<meta property=\"og:title\" content=\"Shampoing s\u00e9bo-r\u00e9gulateur - cheveux gras - ACM Novophane - 200ml - OrthoPara\" \/>\n<meta property=\"og:description\" content=\"Le shampooing s\u00e9bo-r\u00e9gulateur Novophane du Laboratoire ACM est l&#039;alli\u00e9 des cheveux regraissant trop vite. Contenance : flacon de 200ml DLC : 08\/2024\" \/>\n<meta property=\"og:url\" content=\"https:\/\/orthopara.store\/index.php\/produit\/shampoing-sebo-regulateur-cheveux-gras-acm-novophane-200ml\/\" \/>\n<meta property=\"og:site_name\" content=\"OrthoPara\" \/>\n<meta property=\"article:publisher\" content=\"https:\/\/www.facebook.com\/profile.php?id=61561194315651\" \/>\n<meta property=\"article:modified_time\" content=\"2024-06-28T13:57:46+00:00\" \/>\n<meta property=\"og:image\" content=\"https:\/\/orthopara.store\/wp-content\/uploads\/2024\/06\/shampoing-sebo-regulateur-cheveux-gras-acm-novophane-200ml.jpg\" \/>\n\t<meta property=\"og:image:width\" content=\"800\" \/>\n\t<meta property=\"og:image:height\" content=\"800\" \/>\n\t<meta property=\"og:image:type\" content=\"image\/jpeg\" \/>\n<meta name=\"twitter:card\" content=\"summary_large_image\" \/>\n<meta name=\"twitter:label1\" content=\"Dur\u00e9e de lecture estim\u00e9e\" \/>\n\t<meta name=\"twitter:data1\" content=\"2 minutes\" \/>\n<script type=\"application\/ld+json\" class=\"yoast-schema-graph\">{\"@context\":\"https:\/\/schema.org\",\"@graph\":[{\"@type\":\"WebPage\",\"@id\":\"https:\/\/orthopara.store\/index.php\/produit\/shampoing-sebo-regulateur-cheveux-gras-acm-novophane-200ml\/\",\"url\":\"https:\/\/orthopara.store\/index.php\/produit\/shampoing-sebo-regulateur-cheveux-gras-acm-novophane-200ml\/\",\"name\":\"Shampoing s\u00e9bo-r\u00e9gulateur - cheveux gras - ACM Novophane - 200ml - OrthoPara\",\"isPartOf\":{\"@id\":\"https:\/\/orthopara.store\/#website\"},\"primaryImageOfPage\":{\"@id\":\"https:\/\/orthopara.store\/index.php\/produit\/shampoing-sebo-regulateur-cheveux-gras-acm-novophane-200ml\/#primaryimage\"},\"image\":{\"@id\":\"https:\/\/orthopara.store\/index.php\/produit\/shampoing-sebo-regulateur-cheveux-gras-acm-novophane-200ml\/#primaryimage\"},\"thumbnailUrl\":\"https:\/\/orthopara.store\/wp-content\/uploads\/2024\/06\/shampoing-sebo-regulateur-cheveux-gras-acm-novophane-200ml.jpg\",\"datePublished\":\"2024-06-28T13:57:42+00:00\",\"dateModified\":\"2024-06-28T13:57:46+00:00\",\"breadcrumb\":{\"@id\":\"https:\/\/orthopara.store\/index.php\/produit\/shampoing-sebo-regulateur-cheveux-gras-acm-novophane-200ml\/#breadcrumb\"},\"inLanguage\":\"fr-FR\",\"potentialAction\":[{\"@type\":\"ReadAction\",\"target\":[\"https:\/\/orthopara.store\/index.php\/produit\/shampoing-sebo-regulateur-cheveux-gras-acm-novophane-200ml\/\"]}]},{\"@type\":\"ImageObject\",\"inLanguage\":\"fr-FR\",\"@id\":\"https:\/\/orthopara.store\/index.php\/produit\/shampoing-sebo-regulateur-cheveux-gras-acm-novophane-200ml\/#primaryimage\",\"url\":\"https:\/\/orthopara.store\/wp-content\/uploads\/2024\/06\/shampoing-sebo-regulateur-cheveux-gras-acm-novophane-200ml.jpg\",\"contentUrl\":\"https:\/\/orthopara.store\/wp-content\/uploads\/2024\/06\/shampoing-sebo-regulateur-cheveux-gras-acm-novophane-200ml.jpg\",\"width\":800,\"height\":800},{\"@type\":\"BreadcrumbList\",\"@id\":\"https:\/\/orthopara.store\/index.php\/produit\/shampoing-sebo-regulateur-cheveux-gras-acm-novophane-200ml\/#breadcrumb\",\"itemListElement\":[{\"@type\":\"ListItem\",\"position\":1,\"name\":\"Accueil\",\"item\":\"https:\/\/orthopara.store\/\"},{\"@type\":\"ListItem\",\"position\":2,\"name\":\"Shop\",\"item\":\"https:\/\/orthopara.store\/?page_id=622\"},{\"@type\":\"ListItem\",\"position\":3,\"name\":\"Shampoing s\u00e9bo-r\u00e9gulateur &#8211; cheveux gras &#8211; ACM Novophane &#8211; 200ml\"}]},{\"@type\":\"WebSite\",\"@id\":\"https:\/\/orthopara.store\/#website\",\"url\":\"https:\/\/orthopara.store\/\",\"name\":\"OrthoPara\",\"description\":\"Parapharmacie\",\"publisher\":{\"@id\":\"https:\/\/orthopara.store\/#organization\"},\"potentialAction\":[{\"@type\":\"SearchAction\",\"target\":{\"@type\":\"EntryPoint\",\"urlTemplate\":\"https:\/\/orthopara.store\/?s={search_term_string}\"},\"query-input\":\"required name=search_term_string\"}],\"inLanguage\":\"fr-FR\"},{\"@type\":\"Organization\",\"@id\":\"https:\/\/orthopara.store\/#organization\",\"name\":\"OrthoPara\",\"url\":\"https:\/\/orthopara.store\/\",\"logo\":{\"@type\":\"ImageObject\",\"inLanguage\":\"fr-FR\",\"@id\":\"https:\/\/orthopara.store\/#\/schema\/logo\/image\/\",\"url\":\"https:\/\/orthopara.store\/wp-content\/uploads\/2024\/06\/cropped-9ABA8BAD-6256-4719-9315-15C66E64E882.png\",\"contentUrl\":\"https:\/\/orthopara.store\/wp-content\/uploads\/2024\/06\/cropped-9ABA8BAD-6256-4719-9315-15C66E64E882.png\",\"width\":240,\"height\":72,\"caption\":\"OrthoPara\"},\"image\":{\"@id\":\"https:\/\/orthopara.store\/#\/schema\/logo\/image\/\"},\"sameAs\":[\"https:\/\/www.facebook.com\/profile.php?id=61561194315651\",\"https:\/\/www.instagram.com\/orthopara_tunisie\/\"]}]}<\/script>\n<!-- \/ Yoast SEO plugin. -->","yoast_head_json":{"title":"Shampoing s\u00e9bo-r\u00e9gulateur - cheveux gras - ACM Novophane - 200ml - OrthoPara","robots":{"index":"index","follow":"follow","max-snippet":"max-snippet:-1","max-image-preview":"max-image-preview:large","max-video-preview":"max-video-preview:-1"},"canonical":"https:\/\/orthopara.store\/index.php\/produit\/shampoing-sebo-regulateur-cheveux-gras-acm-novophane-200ml\/","og_locale":"fr_FR","og_type":"article","og_title":"Shampoing s\u00e9bo-r\u00e9gulateur - cheveux gras - ACM Novophane - 200ml - OrthoPara","og_description":"Le shampooing s\u00e9bo-r\u00e9gulateur Novophane du Laboratoire ACM est l'alli\u00e9 des cheveux regraissant trop vite. Contenance : flacon de 200ml DLC : 08\/2024","og_url":"https:\/\/orthopara.store\/index.php\/produit\/shampoing-sebo-regulateur-cheveux-gras-acm-novophane-200ml\/","og_site_name":"OrthoPara","article_publisher":"https:\/\/www.facebook.com\/profile.php?id=61561194315651","article_modified_time":"2024-06-28T13:57:46+00:00","og_image":[{"width":800,"height":800,"url":"https:\/\/orthopara.store\/wp-content\/uploads\/2024\/06\/shampoing-sebo-regulateur-cheveux-gras-acm-novophane-200ml.jpg","type":"image\/jpeg"}],"twitter_card":"summary_large_image","twitter_misc":{"Dur\u00e9e de lecture estim\u00e9e":"2 minutes"},"schema":{"@context":"https:\/\/schema.org","@graph":[{"@type":"WebPage","@id":"https:\/\/orthopara.store\/index.php\/produit\/shampoing-sebo-regulateur-cheveux-gras-acm-novophane-200ml\/","url":"https:\/\/orthopara.store\/index.php\/produit\/shampoing-sebo-regulateur-cheveux-gras-acm-novophane-200ml\/","name":"Shampoing s\u00e9bo-r\u00e9gulateur - cheveux gras - ACM Novophane - 200ml - OrthoPara","isPartOf":{"@id":"https:\/\/orthopara.store\/#website"},"primaryImageOfPage":{"@id":"https:\/\/orthopara.store\/index.php\/produit\/shampoing-sebo-regulateur-cheveux-gras-acm-novophane-200ml\/#primaryimage"},"image":{"@id":"https:\/\/orthopara.store\/index.php\/produit\/shampoing-sebo-regulateur-cheveux-gras-acm-novophane-200ml\/#primaryimage"},"thumbnailUrl":"https:\/\/orthopara.store\/wp-content\/uploads\/2024\/06\/shampoing-sebo-regulateur-cheveux-gras-acm-novophane-200ml.jpg","datePublished":"2024-06-28T13:57:42+00:00","dateModified":"2024-06-28T13:57:46+00:00","breadcrumb":{"@id":"https:\/\/orthopara.store\/index.php\/produit\/shampoing-sebo-regulateur-cheveux-gras-acm-novophane-200ml\/#breadcrumb"},"inLanguage":"fr-FR","potentialAction":[{"@type":"ReadAction","target":["https:\/\/orthopara.store\/index.php\/produit\/shampoing-sebo-regulateur-cheveux-gras-acm-novophane-200ml\/"]}]},{"@type":"ImageObject","inLanguage":"fr-FR","@id":"https:\/\/orthopara.store\/index.php\/produit\/shampoing-sebo-regulateur-cheveux-gras-acm-novophane-200ml\/#primaryimage","url":"https:\/\/orthopara.store\/wp-content\/uploads\/2024\/06\/shampoing-sebo-regulateur-cheveux-gras-acm-novophane-200ml.jpg","contentUrl":"https:\/\/orthopara.store\/wp-content\/uploads\/2024\/06\/shampoing-sebo-regulateur-cheveux-gras-acm-novophane-200ml.jpg","width":800,"height":800},{"@type":"BreadcrumbList","@id":"https:\/\/orthopara.store\/index.php\/produit\/shampoing-sebo-regulateur-cheveux-gras-acm-novophane-200ml\/#breadcrumb","itemListElement":[{"@type":"ListItem","position":1,"name":"Accueil","item":"https:\/\/orthopara.store\/"},{"@type":"ListItem","position":2,"name":"Shop","item":"https:\/\/orthopara.store\/?page_id=622"},{"@type":"ListItem","position":3,"name":"Shampoing s\u00e9bo-r\u00e9gulateur &#8211; cheveux gras &#8211; ACM Novophane &#8211; 200ml"}]},{"@type":"WebSite","@id":"https:\/\/orthopara.store\/#website","url":"https:\/\/orthopara.store\/","name":"OrthoPara","description":"Parapharmacie","publisher":{"@id":"https:\/\/orthopara.store\/#organization"},"potentialAction":[{"@type":"SearchAction","target":{"@type":"EntryPoint","urlTemplate":"https:\/\/orthopara.store\/?s={search_term_string}"},"query-input":"required name=search_term_string"}],"inLanguage":"fr-FR"},{"@type":"Organization","@id":"https:\/\/orthopara.store\/#organization","name":"OrthoPara","url":"https:\/\/orthopara.store\/","logo":{"@type":"ImageObject","inLanguage":"fr-FR","@id":"https:\/\/orthopara.store\/#\/schema\/logo\/image\/","url":"https:\/\/orthopara.store\/wp-content\/uploads\/2024\/06\/cropped-9ABA8BAD-6256-4719-9315-15C66E64E882.png","contentUrl":"https:\/\/orthopara.store\/wp-content\/uploads\/2024\/06\/cropped-9ABA8BAD-6256-4719-9315-15C66E64E882.png","width":240,"height":72,"caption":"OrthoPara"},"image":{"@id":"https:\/\/orthopara.store\/#\/schema\/logo\/image\/"},"sameAs":["https:\/\/www.facebook.com\/profile.php?id=61561194315651","https:\/\/www.instagram.com\/orthopara_tunisie\/"]}]}},"jetpack_sharing_enabled":true,"brands":[{"id":59,"name":"ACM","slug":"acm"}],"_links":{"self":[{"href":"https:\/\/orthopara.store\/index.php?rest_route=\/wp\/v2\/product\/2244","targetHints":{"allow":["GET"]}}],"collection":[{"href":"https:\/\/orthopara.store\/index.php?rest_route=\/wp\/v2\/product"}],"about":[{"href":"https:\/\/orthopara.store\/index.php?rest_route=\/wp\/v2\/types\/product"}],"replies":[{"embeddable":true,"href":"https:\/\/orthopara.store\/index.php?rest_route=%2Fwp%2Fv2%2Fcomments&post=2244"}],"wp:featuredmedia":[{"embeddable":true,"href":"https:\/\/orthopara.store\/index.php?rest_route=\/wp\/v2\/media\/2262"}],"wp:attachment":[{"href":"https:\/\/orthopara.store\/index.php?rest_route=%2Fwp%2Fv2%2Fmedia&parent=2244"}],"wp:term":[{"taxonomy":"pwb-brand","embeddable":true,"href":"https:\/\/orthopara.store\/index.php?rest_route=%2Fwp%2Fv2%2Fpwb-brand&post=2244"},{"taxonomy":"product_cat","embeddable":true,"href":"https:\/\/orthopara.store\/index.php?rest_route=%2Fwp%2Fv2%2Fproduct_cat&post=2244"},{"taxonomy":"product_tag","embeddable":true,"href":"https:\/\/orthopara.store\/index.php?rest_route=%2Fwp%2Fv2%2Fproduct_tag&post=2244"}],"curies":[{"name":"wp","href":"https:\/\/api.w.org\/{rel}","templated":true}]}}