{"id":2245,"date":"2024-06-28T15:57:42","date_gmt":"2024-06-28T13:57:42","guid":{"rendered":"https:\/\/orthopara.store\/?post_type=product&#038;p=2245"},"modified":"2024-06-28T15:57:46","modified_gmt":"2024-06-28T13:57:46","slug":"loramel-serum-capillaire-intense-en-argan-keratine-vitamine-e-50ml","status":"publish","type":"product","link":"https:\/\/orthopara.store\/?product=loramel-serum-capillaire-intense-en-argan-keratine-vitamine-e-50ml","title":{"rendered":"L&rsquo;Oramel &#8211; S\u00e9rum capillaire intense en Argan K\u00e9ratine Vitamine E &#8211; 50ml"},"content":{"rendered":"<p>Gr\u00e2ce \u00e0 sa formule enrichie en huile d&rsquo;argan, en k\u00e9ratine et en vitamine E, Keratin Argan S\u00e9rum Intense hydrate en profondeur les pointes abim\u00e9es et fourchues, optimise et prolonge la dur\u00e9e de votre lissage.<br \/>\nil donne aux cheveux une brillance extr\u00eame<br \/>\nid\u00e9al apr\u00e8s le brushing ou pour entretenir les lissages au fer\u00a0<br \/>\nConseils d&rsquo;utilisation :\u00a0<br \/>\nappliquez quelques goutes de s\u00e9rum sur des cheveux propres humides ou sec, r\u00e9partissez sur les longueurs en insistant sur les pointes. Ne pas rincer\u00a0<br \/>\nContenance :<br \/>\n50ml<\/p>\n","protected":false},"excerpt":{"rendered":"<p>Ce s\u00e9rum, gorg\u00e9 d&rsquo;huile d&rsquo;argan, de k\u00e9ratine et de vitamine E, offre une hydratation en profondeur, laissant vos cheveux soyeux et \u00e9clatants. Renforcez-les en profondeur tout en assurant une protection optimale<br \/>\n&#8211; Tous types de cheveux\u00a0<br \/>\n&#8211; S\u00e9rum non gras au toucher sec\u00a0<br \/>\n&#8211; Riche en vitamine E\u00a0<br \/>\n&#8211; Hydratation &#8211; lissage &#8211; Brillance &#8211; protection des cheveux\u00a0<\/p>\n","protected":false},"featured_media":2263,"comment_status":"open","ping_status":"closed","template":"","meta":[],"pwb-brand":[71],"product_cat":[276],"product_tag":[],"class_list":{"0":"post-2245","1":"product","2":"type-product","3":"status-publish","4":"has-post-thumbnail","6":"pwb-brand-loramel","7":"product_cat-cheveux-homme","8":"post","9":"ws-product--style-1","11":"first","12":"instock","13":"shipping-taxable","14":"purchasable","15":"product-type-simple"},"yoast_head":"<!-- This site is optimized with the Yoast SEO plugin v23.0 - https:\/\/yoast.com\/wordpress\/plugins\/seo\/ -->\n<title>L&#039;Oramel - S\u00e9rum capillaire intense en Argan K\u00e9ratine Vitamine E - 50ml - OrthoPara<\/title>\n<meta name=\"robots\" content=\"index, follow, max-snippet:-1, max-image-preview:large, max-video-preview:-1\" \/>\n<link rel=\"canonical\" href=\"https:\/\/orthopara.store\/index.php\/produit\/loramel-serum-capillaire-intense-en-argan-keratine-vitamine-e-50ml\/\" \/>\n<meta property=\"og:locale\" content=\"fr_FR\" \/>\n<meta property=\"og:type\" content=\"article\" \/>\n<meta property=\"og:title\" content=\"L&#039;Oramel - S\u00e9rum capillaire intense en Argan K\u00e9ratine Vitamine E - 50ml - OrthoPara\" \/>\n<meta property=\"og:description\" content=\"Ce s\u00e9rum, gorg\u00e9 d&#039;huile d&#039;argan, de k\u00e9ratine et de vitamine E, offre une hydratation en profondeur, laissant vos cheveux soyeux et \u00e9clatants. Renforcez-les en profondeur tout en assurant une protection optimale - Tous types de cheveux\u00a0 - S\u00e9rum non gras au toucher sec\u00a0 - Riche en vitamine E\u00a0 - Hydratation - lissage - Brillance - protection des cheveux\u00a0\" \/>\n<meta property=\"og:url\" content=\"https:\/\/orthopara.store\/index.php\/produit\/loramel-serum-capillaire-intense-en-argan-keratine-vitamine-e-50ml\/\" \/>\n<meta property=\"og:site_name\" content=\"OrthoPara\" \/>\n<meta property=\"article:publisher\" content=\"https:\/\/www.facebook.com\/profile.php?id=61561194315651\" \/>\n<meta property=\"article:modified_time\" content=\"2024-06-28T13:57:46+00:00\" \/>\n<meta property=\"og:image\" content=\"https:\/\/orthopara.store\/wp-content\/uploads\/2024\/06\/serum-capillaire-intense-en-argan-keratine-vitamine-e-l-oramel-50ml.jpg\" \/>\n\t<meta property=\"og:image:width\" content=\"800\" \/>\n\t<meta property=\"og:image:height\" content=\"800\" \/>\n\t<meta property=\"og:image:type\" content=\"image\/jpeg\" \/>\n<meta name=\"twitter:card\" content=\"summary_large_image\" \/>\n<script type=\"application\/ld+json\" class=\"yoast-schema-graph\">{\"@context\":\"https:\/\/schema.org\",\"@graph\":[{\"@type\":\"WebPage\",\"@id\":\"https:\/\/orthopara.store\/index.php\/produit\/loramel-serum-capillaire-intense-en-argan-keratine-vitamine-e-50ml\/\",\"url\":\"https:\/\/orthopara.store\/index.php\/produit\/loramel-serum-capillaire-intense-en-argan-keratine-vitamine-e-50ml\/\",\"name\":\"L'Oramel - S\u00e9rum capillaire intense en Argan K\u00e9ratine Vitamine E - 50ml - OrthoPara\",\"isPartOf\":{\"@id\":\"https:\/\/orthopara.store\/#website\"},\"primaryImageOfPage\":{\"@id\":\"https:\/\/orthopara.store\/index.php\/produit\/loramel-serum-capillaire-intense-en-argan-keratine-vitamine-e-50ml\/#primaryimage\"},\"image\":{\"@id\":\"https:\/\/orthopara.store\/index.php\/produit\/loramel-serum-capillaire-intense-en-argan-keratine-vitamine-e-50ml\/#primaryimage\"},\"thumbnailUrl\":\"https:\/\/orthopara.store\/wp-content\/uploads\/2024\/06\/serum-capillaire-intense-en-argan-keratine-vitamine-e-l-oramel-50ml.jpg\",\"datePublished\":\"2024-06-28T13:57:42+00:00\",\"dateModified\":\"2024-06-28T13:57:46+00:00\",\"breadcrumb\":{\"@id\":\"https:\/\/orthopara.store\/index.php\/produit\/loramel-serum-capillaire-intense-en-argan-keratine-vitamine-e-50ml\/#breadcrumb\"},\"inLanguage\":\"fr-FR\",\"potentialAction\":[{\"@type\":\"ReadAction\",\"target\":[\"https:\/\/orthopara.store\/index.php\/produit\/loramel-serum-capillaire-intense-en-argan-keratine-vitamine-e-50ml\/\"]}]},{\"@type\":\"ImageObject\",\"inLanguage\":\"fr-FR\",\"@id\":\"https:\/\/orthopara.store\/index.php\/produit\/loramel-serum-capillaire-intense-en-argan-keratine-vitamine-e-50ml\/#primaryimage\",\"url\":\"https:\/\/orthopara.store\/wp-content\/uploads\/2024\/06\/serum-capillaire-intense-en-argan-keratine-vitamine-e-l-oramel-50ml.jpg\",\"contentUrl\":\"https:\/\/orthopara.store\/wp-content\/uploads\/2024\/06\/serum-capillaire-intense-en-argan-keratine-vitamine-e-l-oramel-50ml.jpg\",\"width\":800,\"height\":800},{\"@type\":\"BreadcrumbList\",\"@id\":\"https:\/\/orthopara.store\/index.php\/produit\/loramel-serum-capillaire-intense-en-argan-keratine-vitamine-e-50ml\/#breadcrumb\",\"itemListElement\":[{\"@type\":\"ListItem\",\"position\":1,\"name\":\"Accueil\",\"item\":\"https:\/\/orthopara.store\/\"},{\"@type\":\"ListItem\",\"position\":2,\"name\":\"Shop\",\"item\":\"https:\/\/orthopara.store\/?page_id=622\"},{\"@type\":\"ListItem\",\"position\":3,\"name\":\"L&rsquo;Oramel &#8211; S\u00e9rum capillaire intense en Argan K\u00e9ratine Vitamine E &#8211; 50ml\"}]},{\"@type\":\"WebSite\",\"@id\":\"https:\/\/orthopara.store\/#website\",\"url\":\"https:\/\/orthopara.store\/\",\"name\":\"OrthoPara\",\"description\":\"Parapharmacie\",\"publisher\":{\"@id\":\"https:\/\/orthopara.store\/#organization\"},\"potentialAction\":[{\"@type\":\"SearchAction\",\"target\":{\"@type\":\"EntryPoint\",\"urlTemplate\":\"https:\/\/orthopara.store\/?s={search_term_string}\"},\"query-input\":\"required name=search_term_string\"}],\"inLanguage\":\"fr-FR\"},{\"@type\":\"Organization\",\"@id\":\"https:\/\/orthopara.store\/#organization\",\"name\":\"OrthoPara\",\"url\":\"https:\/\/orthopara.store\/\",\"logo\":{\"@type\":\"ImageObject\",\"inLanguage\":\"fr-FR\",\"@id\":\"https:\/\/orthopara.store\/#\/schema\/logo\/image\/\",\"url\":\"https:\/\/orthopara.store\/wp-content\/uploads\/2024\/06\/cropped-9ABA8BAD-6256-4719-9315-15C66E64E882.png\",\"contentUrl\":\"https:\/\/orthopara.store\/wp-content\/uploads\/2024\/06\/cropped-9ABA8BAD-6256-4719-9315-15C66E64E882.png\",\"width\":240,\"height\":72,\"caption\":\"OrthoPara\"},\"image\":{\"@id\":\"https:\/\/orthopara.store\/#\/schema\/logo\/image\/\"},\"sameAs\":[\"https:\/\/www.facebook.com\/profile.php?id=61561194315651\",\"https:\/\/www.instagram.com\/orthopara_tunisie\/\"]}]}<\/script>\n<!-- \/ Yoast SEO plugin. -->","yoast_head_json":{"title":"L'Oramel - S\u00e9rum capillaire intense en Argan K\u00e9ratine Vitamine E - 50ml - OrthoPara","robots":{"index":"index","follow":"follow","max-snippet":"max-snippet:-1","max-image-preview":"max-image-preview:large","max-video-preview":"max-video-preview:-1"},"canonical":"https:\/\/orthopara.store\/index.php\/produit\/loramel-serum-capillaire-intense-en-argan-keratine-vitamine-e-50ml\/","og_locale":"fr_FR","og_type":"article","og_title":"L'Oramel - S\u00e9rum capillaire intense en Argan K\u00e9ratine Vitamine E - 50ml - OrthoPara","og_description":"Ce s\u00e9rum, gorg\u00e9 d'huile d'argan, de k\u00e9ratine et de vitamine E, offre une hydratation en profondeur, laissant vos cheveux soyeux et \u00e9clatants. Renforcez-les en profondeur tout en assurant une protection optimale - Tous types de cheveux\u00a0 - S\u00e9rum non gras au toucher sec\u00a0 - Riche en vitamine E\u00a0 - Hydratation - lissage - Brillance - protection des cheveux\u00a0","og_url":"https:\/\/orthopara.store\/index.php\/produit\/loramel-serum-capillaire-intense-en-argan-keratine-vitamine-e-50ml\/","og_site_name":"OrthoPara","article_publisher":"https:\/\/www.facebook.com\/profile.php?id=61561194315651","article_modified_time":"2024-06-28T13:57:46+00:00","og_image":[{"width":800,"height":800,"url":"https:\/\/orthopara.store\/wp-content\/uploads\/2024\/06\/serum-capillaire-intense-en-argan-keratine-vitamine-e-l-oramel-50ml.jpg","type":"image\/jpeg"}],"twitter_card":"summary_large_image","schema":{"@context":"https:\/\/schema.org","@graph":[{"@type":"WebPage","@id":"https:\/\/orthopara.store\/index.php\/produit\/loramel-serum-capillaire-intense-en-argan-keratine-vitamine-e-50ml\/","url":"https:\/\/orthopara.store\/index.php\/produit\/loramel-serum-capillaire-intense-en-argan-keratine-vitamine-e-50ml\/","name":"L'Oramel - S\u00e9rum capillaire intense en Argan K\u00e9ratine Vitamine E - 50ml - OrthoPara","isPartOf":{"@id":"https:\/\/orthopara.store\/#website"},"primaryImageOfPage":{"@id":"https:\/\/orthopara.store\/index.php\/produit\/loramel-serum-capillaire-intense-en-argan-keratine-vitamine-e-50ml\/#primaryimage"},"image":{"@id":"https:\/\/orthopara.store\/index.php\/produit\/loramel-serum-capillaire-intense-en-argan-keratine-vitamine-e-50ml\/#primaryimage"},"thumbnailUrl":"https:\/\/orthopara.store\/wp-content\/uploads\/2024\/06\/serum-capillaire-intense-en-argan-keratine-vitamine-e-l-oramel-50ml.jpg","datePublished":"2024-06-28T13:57:42+00:00","dateModified":"2024-06-28T13:57:46+00:00","breadcrumb":{"@id":"https:\/\/orthopara.store\/index.php\/produit\/loramel-serum-capillaire-intense-en-argan-keratine-vitamine-e-50ml\/#breadcrumb"},"inLanguage":"fr-FR","potentialAction":[{"@type":"ReadAction","target":["https:\/\/orthopara.store\/index.php\/produit\/loramel-serum-capillaire-intense-en-argan-keratine-vitamine-e-50ml\/"]}]},{"@type":"ImageObject","inLanguage":"fr-FR","@id":"https:\/\/orthopara.store\/index.php\/produit\/loramel-serum-capillaire-intense-en-argan-keratine-vitamine-e-50ml\/#primaryimage","url":"https:\/\/orthopara.store\/wp-content\/uploads\/2024\/06\/serum-capillaire-intense-en-argan-keratine-vitamine-e-l-oramel-50ml.jpg","contentUrl":"https:\/\/orthopara.store\/wp-content\/uploads\/2024\/06\/serum-capillaire-intense-en-argan-keratine-vitamine-e-l-oramel-50ml.jpg","width":800,"height":800},{"@type":"BreadcrumbList","@id":"https:\/\/orthopara.store\/index.php\/produit\/loramel-serum-capillaire-intense-en-argan-keratine-vitamine-e-50ml\/#breadcrumb","itemListElement":[{"@type":"ListItem","position":1,"name":"Accueil","item":"https:\/\/orthopara.store\/"},{"@type":"ListItem","position":2,"name":"Shop","item":"https:\/\/orthopara.store\/?page_id=622"},{"@type":"ListItem","position":3,"name":"L&rsquo;Oramel &#8211; S\u00e9rum capillaire intense en Argan K\u00e9ratine Vitamine E &#8211; 50ml"}]},{"@type":"WebSite","@id":"https:\/\/orthopara.store\/#website","url":"https:\/\/orthopara.store\/","name":"OrthoPara","description":"Parapharmacie","publisher":{"@id":"https:\/\/orthopara.store\/#organization"},"potentialAction":[{"@type":"SearchAction","target":{"@type":"EntryPoint","urlTemplate":"https:\/\/orthopara.store\/?s={search_term_string}"},"query-input":"required name=search_term_string"}],"inLanguage":"fr-FR"},{"@type":"Organization","@id":"https:\/\/orthopara.store\/#organization","name":"OrthoPara","url":"https:\/\/orthopara.store\/","logo":{"@type":"ImageObject","inLanguage":"fr-FR","@id":"https:\/\/orthopara.store\/#\/schema\/logo\/image\/","url":"https:\/\/orthopara.store\/wp-content\/uploads\/2024\/06\/cropped-9ABA8BAD-6256-4719-9315-15C66E64E882.png","contentUrl":"https:\/\/orthopara.store\/wp-content\/uploads\/2024\/06\/cropped-9ABA8BAD-6256-4719-9315-15C66E64E882.png","width":240,"height":72,"caption":"OrthoPara"},"image":{"@id":"https:\/\/orthopara.store\/#\/schema\/logo\/image\/"},"sameAs":["https:\/\/www.facebook.com\/profile.php?id=61561194315651","https:\/\/www.instagram.com\/orthopara_tunisie\/"]}]}},"jetpack_sharing_enabled":true,"brands":[{"id":71,"name":"L'Oramel","slug":"loramel"}],"_links":{"self":[{"href":"https:\/\/orthopara.store\/index.php?rest_route=\/wp\/v2\/product\/2245","targetHints":{"allow":["GET"]}}],"collection":[{"href":"https:\/\/orthopara.store\/index.php?rest_route=\/wp\/v2\/product"}],"about":[{"href":"https:\/\/orthopara.store\/index.php?rest_route=\/wp\/v2\/types\/product"}],"replies":[{"embeddable":true,"href":"https:\/\/orthopara.store\/index.php?rest_route=%2Fwp%2Fv2%2Fcomments&post=2245"}],"wp:featuredmedia":[{"embeddable":true,"href":"https:\/\/orthopara.store\/index.php?rest_route=\/wp\/v2\/media\/2263"}],"wp:attachment":[{"href":"https:\/\/orthopara.store\/index.php?rest_route=%2Fwp%2Fv2%2Fmedia&parent=2245"}],"wp:term":[{"taxonomy":"pwb-brand","embeddable":true,"href":"https:\/\/orthopara.store\/index.php?rest_route=%2Fwp%2Fv2%2Fpwb-brand&post=2245"},{"taxonomy":"product_cat","embeddable":true,"href":"https:\/\/orthopara.store\/index.php?rest_route=%2Fwp%2Fv2%2Fproduct_cat&post=2245"},{"taxonomy":"product_tag","embeddable":true,"href":"https:\/\/orthopara.store\/index.php?rest_route=%2Fwp%2Fv2%2Fproduct_tag&post=2245"}],"curies":[{"name":"wp","href":"https:\/\/api.w.org\/{rel}","templated":true}]}}