{"id":2247,"date":"2024-06-28T15:57:43","date_gmt":"2024-06-28T13:57:43","guid":{"rendered":"https:\/\/orthopara.store\/?post_type=product&#038;p=2247"},"modified":"2024-06-28T15:57:47","modified_gmt":"2024-06-28T13:57:47","slug":"shampoing-et-apres-shampoing-2en1-natura-siberica-250ml","status":"publish","type":"product","link":"https:\/\/orthopara.store\/?product=shampoing-et-apres-shampoing-2en1-natura-siberica-250ml","title":{"rendered":"Shampoing et apr\u00e9s-shampoing 2en1 &#8211; Natura Siberica &#8211; 250ml"},"content":{"rendered":"<p>Shampoing sib\u00e9rien 100% naturel &#8211; apr\u00e8s-shampoing 2en1<br \/>\nRamollissement<br \/>\nUniquement pour hommes<br \/>\n\u00a0<br \/>\n\u00c0 utiliser si\u00a0:<br \/>\n\u2022 vous souhaitez nettoyer et nourrir rapidement vos cheveux et votre cuir chevelu en m\u00eame temps ;<br \/>\n\u2022 vous aimez les cosm\u00e9tiques 2 en 1 ;<br \/>\n\u2022 vous souhaitez adoucir, lisser et coiffer vos cheveux ;<br \/>\n\u2022 vous souhaitez renforcer vos cheveux ;<br \/>\n\u2022 vous avez besoin d&rsquo;un produit doux pour la peau ;<br \/>\n\u2022 vous aimez les cosm\u00e9tiques au parfum frais et masculin.<br \/>\nDoux pour la peau<br \/>\nNe s\u00e8che pas<br \/>\n21 ingr\u00e9dients actifs &#8211; vous b\u00e9n\u00e9ficiez de la puissance des plantes arctiques<br \/>\nR\u00e9colte sauvage &#8211; vous vous souciez de l&rsquo;environnement<br \/>\nIngr\u00e9dients biologiques &#8211; s\u00e9curit\u00e9 et efficacit\u00e9<br \/>\nAdaptog\u00e8nes &#8211; renforcement naturel de la peau<br \/>\n100% Sib\u00e9rie &#8211; puret\u00e9 et puissance<br \/>\nContient l&rsquo;essence de la Sib\u00e9rie sauvage et brute\u00a0: huile de c\u00e8dre de Sib\u00e9rie, th\u00e9 kurile, extrait de pr\u00eale et taurine pure.<br \/>\n\u00a0<br \/>\nCuriosit\u00e9!<br \/>\nLOUP POLAIRE &#8211; ind\u00e9pendance, noblesse, pers\u00e9v\u00e9rance, libert\u00e9, capacit\u00e9 de se sacrifier et de diriger les autres.<\/p>\n","protected":false},"excerpt":{"rendered":"<p>Natura Siberica \u2013 Polar wolf<br \/>\nPour homme<br \/>\nShampoing fortifiant et Apr\u00e8s shampoing adoucissant 2en1<br \/>\nNettoie et nourrit parfaitement les cheveux.<br \/>\n250ml<br \/>\nDLC >12 mois apr\u00e8s l\u2019ouverture<\/p>\n","protected":false},"featured_media":2265,"comment_status":"open","ping_status":"closed","template":"","meta":[],"pwb-brand":[58],"product_cat":[276],"product_tag":[],"class_list":{"0":"post-2247","1":"product","2":"type-product","3":"status-publish","4":"has-post-thumbnail","6":"pwb-brand-natura-siberica","7":"product_cat-cheveux-homme","8":"post","9":"ws-product--style-1","11":"first","12":"instock","13":"shipping-taxable","14":"purchasable","15":"product-type-simple"},"yoast_head":"<!-- This site is optimized with the Yoast SEO plugin v23.0 - https:\/\/yoast.com\/wordpress\/plugins\/seo\/ -->\n<title>Shampoing et apr\u00e9s-shampoing 2en1 - Natura Siberica - 250ml - OrthoPara<\/title>\n<meta name=\"robots\" content=\"index, follow, max-snippet:-1, max-image-preview:large, max-video-preview:-1\" \/>\n<link rel=\"canonical\" href=\"https:\/\/orthopara.store\/index.php\/produit\/shampoing-et-apres-shampoing-2en1-natura-siberica-250ml\/\" \/>\n<meta property=\"og:locale\" content=\"fr_FR\" \/>\n<meta property=\"og:type\" content=\"article\" \/>\n<meta property=\"og:title\" content=\"Shampoing et apr\u00e9s-shampoing 2en1 - Natura Siberica - 250ml - OrthoPara\" \/>\n<meta property=\"og:description\" content=\"Natura Siberica \u2013 Polar wolf Pour homme Shampoing fortifiant et Apr\u00e8s shampoing adoucissant 2en1 Nettoie et nourrit parfaitement les cheveux. 250ml DLC &gt;12 mois apr\u00e8s l\u2019ouverture\" \/>\n<meta property=\"og:url\" content=\"https:\/\/orthopara.store\/index.php\/produit\/shampoing-et-apres-shampoing-2en1-natura-siberica-250ml\/\" \/>\n<meta property=\"og:site_name\" content=\"OrthoPara\" \/>\n<meta property=\"article:publisher\" content=\"https:\/\/www.facebook.com\/profile.php?id=61561194315651\" \/>\n<meta property=\"article:modified_time\" content=\"2024-06-28T13:57:47+00:00\" \/>\n<meta property=\"og:image\" content=\"https:\/\/orthopara.store\/wp-content\/uploads\/2024\/06\/shampoing-et-apres-shampoing-2en1-natura-siberica-250ml.jpg\" \/>\n\t<meta property=\"og:image:width\" content=\"800\" \/>\n\t<meta property=\"og:image:height\" content=\"800\" \/>\n\t<meta property=\"og:image:type\" content=\"image\/jpeg\" \/>\n<meta name=\"twitter:card\" content=\"summary_large_image\" \/>\n<meta name=\"twitter:label1\" content=\"Dur\u00e9e de lecture estim\u00e9e\" \/>\n\t<meta name=\"twitter:data1\" content=\"1 minute\" \/>\n<script type=\"application\/ld+json\" class=\"yoast-schema-graph\">{\"@context\":\"https:\/\/schema.org\",\"@graph\":[{\"@type\":\"WebPage\",\"@id\":\"https:\/\/orthopara.store\/index.php\/produit\/shampoing-et-apres-shampoing-2en1-natura-siberica-250ml\/\",\"url\":\"https:\/\/orthopara.store\/index.php\/produit\/shampoing-et-apres-shampoing-2en1-natura-siberica-250ml\/\",\"name\":\"Shampoing et apr\u00e9s-shampoing 2en1 - Natura Siberica - 250ml - OrthoPara\",\"isPartOf\":{\"@id\":\"https:\/\/orthopara.store\/#website\"},\"primaryImageOfPage\":{\"@id\":\"https:\/\/orthopara.store\/index.php\/produit\/shampoing-et-apres-shampoing-2en1-natura-siberica-250ml\/#primaryimage\"},\"image\":{\"@id\":\"https:\/\/orthopara.store\/index.php\/produit\/shampoing-et-apres-shampoing-2en1-natura-siberica-250ml\/#primaryimage\"},\"thumbnailUrl\":\"https:\/\/orthopara.store\/wp-content\/uploads\/2024\/06\/shampoing-et-apres-shampoing-2en1-natura-siberica-250ml.jpg\",\"datePublished\":\"2024-06-28T13:57:43+00:00\",\"dateModified\":\"2024-06-28T13:57:47+00:00\",\"breadcrumb\":{\"@id\":\"https:\/\/orthopara.store\/index.php\/produit\/shampoing-et-apres-shampoing-2en1-natura-siberica-250ml\/#breadcrumb\"},\"inLanguage\":\"fr-FR\",\"potentialAction\":[{\"@type\":\"ReadAction\",\"target\":[\"https:\/\/orthopara.store\/index.php\/produit\/shampoing-et-apres-shampoing-2en1-natura-siberica-250ml\/\"]}]},{\"@type\":\"ImageObject\",\"inLanguage\":\"fr-FR\",\"@id\":\"https:\/\/orthopara.store\/index.php\/produit\/shampoing-et-apres-shampoing-2en1-natura-siberica-250ml\/#primaryimage\",\"url\":\"https:\/\/orthopara.store\/wp-content\/uploads\/2024\/06\/shampoing-et-apres-shampoing-2en1-natura-siberica-250ml.jpg\",\"contentUrl\":\"https:\/\/orthopara.store\/wp-content\/uploads\/2024\/06\/shampoing-et-apres-shampoing-2en1-natura-siberica-250ml.jpg\",\"width\":800,\"height\":800},{\"@type\":\"BreadcrumbList\",\"@id\":\"https:\/\/orthopara.store\/index.php\/produit\/shampoing-et-apres-shampoing-2en1-natura-siberica-250ml\/#breadcrumb\",\"itemListElement\":[{\"@type\":\"ListItem\",\"position\":1,\"name\":\"Accueil\",\"item\":\"https:\/\/orthopara.store\/\"},{\"@type\":\"ListItem\",\"position\":2,\"name\":\"Shop\",\"item\":\"https:\/\/orthopara.store\/?page_id=622\"},{\"@type\":\"ListItem\",\"position\":3,\"name\":\"Shampoing et apr\u00e9s-shampoing 2en1 &#8211; Natura Siberica &#8211; 250ml\"}]},{\"@type\":\"WebSite\",\"@id\":\"https:\/\/orthopara.store\/#website\",\"url\":\"https:\/\/orthopara.store\/\",\"name\":\"OrthoPara\",\"description\":\"Parapharmacie\",\"publisher\":{\"@id\":\"https:\/\/orthopara.store\/#organization\"},\"potentialAction\":[{\"@type\":\"SearchAction\",\"target\":{\"@type\":\"EntryPoint\",\"urlTemplate\":\"https:\/\/orthopara.store\/?s={search_term_string}\"},\"query-input\":\"required name=search_term_string\"}],\"inLanguage\":\"fr-FR\"},{\"@type\":\"Organization\",\"@id\":\"https:\/\/orthopara.store\/#organization\",\"name\":\"OrthoPara\",\"url\":\"https:\/\/orthopara.store\/\",\"logo\":{\"@type\":\"ImageObject\",\"inLanguage\":\"fr-FR\",\"@id\":\"https:\/\/orthopara.store\/#\/schema\/logo\/image\/\",\"url\":\"https:\/\/orthopara.store\/wp-content\/uploads\/2024\/06\/cropped-9ABA8BAD-6256-4719-9315-15C66E64E882.png\",\"contentUrl\":\"https:\/\/orthopara.store\/wp-content\/uploads\/2024\/06\/cropped-9ABA8BAD-6256-4719-9315-15C66E64E882.png\",\"width\":240,\"height\":72,\"caption\":\"OrthoPara\"},\"image\":{\"@id\":\"https:\/\/orthopara.store\/#\/schema\/logo\/image\/\"},\"sameAs\":[\"https:\/\/www.facebook.com\/profile.php?id=61561194315651\",\"https:\/\/www.instagram.com\/orthopara_tunisie\/\"]}]}<\/script>\n<!-- \/ Yoast SEO plugin. -->","yoast_head_json":{"title":"Shampoing et apr\u00e9s-shampoing 2en1 - Natura Siberica - 250ml - OrthoPara","robots":{"index":"index","follow":"follow","max-snippet":"max-snippet:-1","max-image-preview":"max-image-preview:large","max-video-preview":"max-video-preview:-1"},"canonical":"https:\/\/orthopara.store\/index.php\/produit\/shampoing-et-apres-shampoing-2en1-natura-siberica-250ml\/","og_locale":"fr_FR","og_type":"article","og_title":"Shampoing et apr\u00e9s-shampoing 2en1 - Natura Siberica - 250ml - OrthoPara","og_description":"Natura Siberica \u2013 Polar wolf Pour homme Shampoing fortifiant et Apr\u00e8s shampoing adoucissant 2en1 Nettoie et nourrit parfaitement les cheveux. 250ml DLC >12 mois apr\u00e8s l\u2019ouverture","og_url":"https:\/\/orthopara.store\/index.php\/produit\/shampoing-et-apres-shampoing-2en1-natura-siberica-250ml\/","og_site_name":"OrthoPara","article_publisher":"https:\/\/www.facebook.com\/profile.php?id=61561194315651","article_modified_time":"2024-06-28T13:57:47+00:00","og_image":[{"width":800,"height":800,"url":"https:\/\/orthopara.store\/wp-content\/uploads\/2024\/06\/shampoing-et-apres-shampoing-2en1-natura-siberica-250ml.jpg","type":"image\/jpeg"}],"twitter_card":"summary_large_image","twitter_misc":{"Dur\u00e9e de lecture estim\u00e9e":"1 minute"},"schema":{"@context":"https:\/\/schema.org","@graph":[{"@type":"WebPage","@id":"https:\/\/orthopara.store\/index.php\/produit\/shampoing-et-apres-shampoing-2en1-natura-siberica-250ml\/","url":"https:\/\/orthopara.store\/index.php\/produit\/shampoing-et-apres-shampoing-2en1-natura-siberica-250ml\/","name":"Shampoing et apr\u00e9s-shampoing 2en1 - Natura Siberica - 250ml - OrthoPara","isPartOf":{"@id":"https:\/\/orthopara.store\/#website"},"primaryImageOfPage":{"@id":"https:\/\/orthopara.store\/index.php\/produit\/shampoing-et-apres-shampoing-2en1-natura-siberica-250ml\/#primaryimage"},"image":{"@id":"https:\/\/orthopara.store\/index.php\/produit\/shampoing-et-apres-shampoing-2en1-natura-siberica-250ml\/#primaryimage"},"thumbnailUrl":"https:\/\/orthopara.store\/wp-content\/uploads\/2024\/06\/shampoing-et-apres-shampoing-2en1-natura-siberica-250ml.jpg","datePublished":"2024-06-28T13:57:43+00:00","dateModified":"2024-06-28T13:57:47+00:00","breadcrumb":{"@id":"https:\/\/orthopara.store\/index.php\/produit\/shampoing-et-apres-shampoing-2en1-natura-siberica-250ml\/#breadcrumb"},"inLanguage":"fr-FR","potentialAction":[{"@type":"ReadAction","target":["https:\/\/orthopara.store\/index.php\/produit\/shampoing-et-apres-shampoing-2en1-natura-siberica-250ml\/"]}]},{"@type":"ImageObject","inLanguage":"fr-FR","@id":"https:\/\/orthopara.store\/index.php\/produit\/shampoing-et-apres-shampoing-2en1-natura-siberica-250ml\/#primaryimage","url":"https:\/\/orthopara.store\/wp-content\/uploads\/2024\/06\/shampoing-et-apres-shampoing-2en1-natura-siberica-250ml.jpg","contentUrl":"https:\/\/orthopara.store\/wp-content\/uploads\/2024\/06\/shampoing-et-apres-shampoing-2en1-natura-siberica-250ml.jpg","width":800,"height":800},{"@type":"BreadcrumbList","@id":"https:\/\/orthopara.store\/index.php\/produit\/shampoing-et-apres-shampoing-2en1-natura-siberica-250ml\/#breadcrumb","itemListElement":[{"@type":"ListItem","position":1,"name":"Accueil","item":"https:\/\/orthopara.store\/"},{"@type":"ListItem","position":2,"name":"Shop","item":"https:\/\/orthopara.store\/?page_id=622"},{"@type":"ListItem","position":3,"name":"Shampoing et apr\u00e9s-shampoing 2en1 &#8211; Natura Siberica &#8211; 250ml"}]},{"@type":"WebSite","@id":"https:\/\/orthopara.store\/#website","url":"https:\/\/orthopara.store\/","name":"OrthoPara","description":"Parapharmacie","publisher":{"@id":"https:\/\/orthopara.store\/#organization"},"potentialAction":[{"@type":"SearchAction","target":{"@type":"EntryPoint","urlTemplate":"https:\/\/orthopara.store\/?s={search_term_string}"},"query-input":"required name=search_term_string"}],"inLanguage":"fr-FR"},{"@type":"Organization","@id":"https:\/\/orthopara.store\/#organization","name":"OrthoPara","url":"https:\/\/orthopara.store\/","logo":{"@type":"ImageObject","inLanguage":"fr-FR","@id":"https:\/\/orthopara.store\/#\/schema\/logo\/image\/","url":"https:\/\/orthopara.store\/wp-content\/uploads\/2024\/06\/cropped-9ABA8BAD-6256-4719-9315-15C66E64E882.png","contentUrl":"https:\/\/orthopara.store\/wp-content\/uploads\/2024\/06\/cropped-9ABA8BAD-6256-4719-9315-15C66E64E882.png","width":240,"height":72,"caption":"OrthoPara"},"image":{"@id":"https:\/\/orthopara.store\/#\/schema\/logo\/image\/"},"sameAs":["https:\/\/www.facebook.com\/profile.php?id=61561194315651","https:\/\/www.instagram.com\/orthopara_tunisie\/"]}]}},"jetpack_sharing_enabled":true,"brands":[{"id":58,"name":"NATURA SIBERICA","slug":"natura-siberica"}],"_links":{"self":[{"href":"https:\/\/orthopara.store\/index.php?rest_route=\/wp\/v2\/product\/2247","targetHints":{"allow":["GET"]}}],"collection":[{"href":"https:\/\/orthopara.store\/index.php?rest_route=\/wp\/v2\/product"}],"about":[{"href":"https:\/\/orthopara.store\/index.php?rest_route=\/wp\/v2\/types\/product"}],"replies":[{"embeddable":true,"href":"https:\/\/orthopara.store\/index.php?rest_route=%2Fwp%2Fv2%2Fcomments&post=2247"}],"wp:featuredmedia":[{"embeddable":true,"href":"https:\/\/orthopara.store\/index.php?rest_route=\/wp\/v2\/media\/2265"}],"wp:attachment":[{"href":"https:\/\/orthopara.store\/index.php?rest_route=%2Fwp%2Fv2%2Fmedia&parent=2247"}],"wp:term":[{"taxonomy":"pwb-brand","embeddable":true,"href":"https:\/\/orthopara.store\/index.php?rest_route=%2Fwp%2Fv2%2Fpwb-brand&post=2247"},{"taxonomy":"product_cat","embeddable":true,"href":"https:\/\/orthopara.store\/index.php?rest_route=%2Fwp%2Fv2%2Fproduct_cat&post=2247"},{"taxonomy":"product_tag","embeddable":true,"href":"https:\/\/orthopara.store\/index.php?rest_route=%2Fwp%2Fv2%2Fproduct_tag&post=2247"}],"curies":[{"name":"wp","href":"https:\/\/api.w.org\/{rel}","templated":true}]}}