{"id":2248,"date":"2024-06-28T15:57:43","date_gmt":"2024-06-28T13:57:43","guid":{"rendered":"https:\/\/orthopara.store\/?post_type=product&#038;p=2248"},"modified":"2024-06-28T15:57:47","modified_gmt":"2024-06-28T13:57:47","slug":"shampoing-activateur-anti-chute-natura-siberica-250ml","status":"publish","type":"product","link":"https:\/\/orthopara.store\/?product=shampoing-activateur-anti-chute-natura-siberica-250ml","title":{"rendered":"Shampoing activateur anti-chute &#8211; Natura Siberica &#8211; 250ml"},"content":{"rendered":"<p>Un shampooing naturel pour le soin du cuir chevelu et des cheveux sujets \u00e0 la chute, qui r\u00e9g\u00e9n\u00e8re et active leur croissance. Le cosm\u00e9tique 100% sib\u00e9rien utilise efficacement la force et les riches propri\u00e9t\u00e9s des baies sauvages et des herbes.<br \/>\nCe produit contient :\u00a0<br \/>\nL\u2019extrait de caviar de Sib\u00e9rie, riche en acides om\u00e9ga, prot\u00e9ines, vitamines et micro\u00e9l\u00e9ments, gr\u00e2ce auxquels il stimule la croissance des cheveux, renforce ses bulbes, hydrate et nourrit. Le houblon sauvage nettoie en profondeur le cuir chevelu, active la circulation sanguine et renforce la structure capillaire.<br \/>\nLa taurine pure est une solide dose d&rsquo;\u00e9nergie qui stimule les cheveux. Il stimule les bulbes et acc\u00e9l\u00e8re la pousse de nouveaux cheveux.<br \/>\nLa vitamine B aide \u00e0 garder la peau et les cheveux dans le meilleur \u00e9tat possible.<br \/>\nMode d\u2019application\u00a0:<br \/>\nAppliquez une petite quantit\u00e9 de shampooing sur les cheveux et le cuir chevelu humides, massez jusqu&rsquo;\u00e0 ce qu&rsquo;ils moussent, puis rincez \u00e0 l&rsquo;eau ti\u00e8de. R\u00e9p\u00e9tez si n\u00e9cessaire.<\/p>\n","protected":false},"excerpt":{"rendered":"<p>Natura Siberica \u2013 Beluga<br \/>\nPour homme<br \/>\nShampoing anti-chute<br \/>\nIl stimule la pousse des cheveux &#8211; renforce la fibre capillaire &#8211; active la croissance de nouveaux cheveux &#8211; agit pr\u00e9ventivement contre la chute des cheveux<br \/>\n250ml<br \/>\nDLC >12 mois apr\u00e8s l\u2019ouverture<\/p>\n","protected":false},"featured_media":2266,"comment_status":"open","ping_status":"closed","template":"","meta":[],"pwb-brand":[58],"product_cat":[276],"product_tag":[],"class_list":{"0":"post-2248","1":"product","2":"type-product","3":"status-publish","4":"has-post-thumbnail","6":"pwb-brand-natura-siberica","7":"product_cat-cheveux-homme","8":"post","9":"ws-product--style-1","11":"first","12":"instock","13":"shipping-taxable","14":"purchasable","15":"product-type-simple"},"yoast_head":"<!-- This site is optimized with the Yoast SEO plugin v23.0 - https:\/\/yoast.com\/wordpress\/plugins\/seo\/ -->\n<title>Shampoing activateur anti-chute - Natura Siberica - 250ml - OrthoPara<\/title>\n<meta name=\"robots\" content=\"index, follow, max-snippet:-1, max-image-preview:large, max-video-preview:-1\" \/>\n<link rel=\"canonical\" href=\"https:\/\/orthopara.store\/index.php\/produit\/shampoing-activateur-anti-chute-natura-siberica-250ml\/\" \/>\n<meta property=\"og:locale\" content=\"fr_FR\" \/>\n<meta property=\"og:type\" content=\"article\" \/>\n<meta property=\"og:title\" content=\"Shampoing activateur anti-chute - Natura Siberica - 250ml - OrthoPara\" \/>\n<meta property=\"og:description\" content=\"Natura Siberica \u2013 Beluga Pour homme Shampoing anti-chute Il stimule la pousse des cheveux - renforce la fibre capillaire - active la croissance de nouveaux cheveux - agit pr\u00e9ventivement contre la chute des cheveux 250ml DLC &gt;12 mois apr\u00e8s l\u2019ouverture\" \/>\n<meta property=\"og:url\" content=\"https:\/\/orthopara.store\/index.php\/produit\/shampoing-activateur-anti-chute-natura-siberica-250ml\/\" \/>\n<meta property=\"og:site_name\" content=\"OrthoPara\" \/>\n<meta property=\"article:publisher\" content=\"https:\/\/www.facebook.com\/profile.php?id=61561194315651\" \/>\n<meta property=\"article:modified_time\" content=\"2024-06-28T13:57:47+00:00\" \/>\n<meta property=\"og:image\" content=\"https:\/\/orthopara.store\/wp-content\/uploads\/2024\/06\/shampoing-activateur-anti-chute-natura-siberica-250ml.jpg\" \/>\n\t<meta property=\"og:image:width\" content=\"800\" \/>\n\t<meta property=\"og:image:height\" content=\"800\" \/>\n\t<meta property=\"og:image:type\" content=\"image\/jpeg\" \/>\n<meta name=\"twitter:card\" content=\"summary_large_image\" \/>\n<meta name=\"twitter:label1\" content=\"Dur\u00e9e de lecture estim\u00e9e\" \/>\n\t<meta name=\"twitter:data1\" content=\"1 minute\" \/>\n<script type=\"application\/ld+json\" class=\"yoast-schema-graph\">{\"@context\":\"https:\/\/schema.org\",\"@graph\":[{\"@type\":\"WebPage\",\"@id\":\"https:\/\/orthopara.store\/index.php\/produit\/shampoing-activateur-anti-chute-natura-siberica-250ml\/\",\"url\":\"https:\/\/orthopara.store\/index.php\/produit\/shampoing-activateur-anti-chute-natura-siberica-250ml\/\",\"name\":\"Shampoing activateur anti-chute - Natura Siberica - 250ml - OrthoPara\",\"isPartOf\":{\"@id\":\"https:\/\/orthopara.store\/#website\"},\"primaryImageOfPage\":{\"@id\":\"https:\/\/orthopara.store\/index.php\/produit\/shampoing-activateur-anti-chute-natura-siberica-250ml\/#primaryimage\"},\"image\":{\"@id\":\"https:\/\/orthopara.store\/index.php\/produit\/shampoing-activateur-anti-chute-natura-siberica-250ml\/#primaryimage\"},\"thumbnailUrl\":\"https:\/\/orthopara.store\/wp-content\/uploads\/2024\/06\/shampoing-activateur-anti-chute-natura-siberica-250ml.jpg\",\"datePublished\":\"2024-06-28T13:57:43+00:00\",\"dateModified\":\"2024-06-28T13:57:47+00:00\",\"breadcrumb\":{\"@id\":\"https:\/\/orthopara.store\/index.php\/produit\/shampoing-activateur-anti-chute-natura-siberica-250ml\/#breadcrumb\"},\"inLanguage\":\"fr-FR\",\"potentialAction\":[{\"@type\":\"ReadAction\",\"target\":[\"https:\/\/orthopara.store\/index.php\/produit\/shampoing-activateur-anti-chute-natura-siberica-250ml\/\"]}]},{\"@type\":\"ImageObject\",\"inLanguage\":\"fr-FR\",\"@id\":\"https:\/\/orthopara.store\/index.php\/produit\/shampoing-activateur-anti-chute-natura-siberica-250ml\/#primaryimage\",\"url\":\"https:\/\/orthopara.store\/wp-content\/uploads\/2024\/06\/shampoing-activateur-anti-chute-natura-siberica-250ml.jpg\",\"contentUrl\":\"https:\/\/orthopara.store\/wp-content\/uploads\/2024\/06\/shampoing-activateur-anti-chute-natura-siberica-250ml.jpg\",\"width\":800,\"height\":800},{\"@type\":\"BreadcrumbList\",\"@id\":\"https:\/\/orthopara.store\/index.php\/produit\/shampoing-activateur-anti-chute-natura-siberica-250ml\/#breadcrumb\",\"itemListElement\":[{\"@type\":\"ListItem\",\"position\":1,\"name\":\"Accueil\",\"item\":\"https:\/\/orthopara.store\/\"},{\"@type\":\"ListItem\",\"position\":2,\"name\":\"Shop\",\"item\":\"https:\/\/orthopara.store\/?page_id=622\"},{\"@type\":\"ListItem\",\"position\":3,\"name\":\"Shampoing activateur anti-chute &#8211; Natura Siberica &#8211; 250ml\"}]},{\"@type\":\"WebSite\",\"@id\":\"https:\/\/orthopara.store\/#website\",\"url\":\"https:\/\/orthopara.store\/\",\"name\":\"OrthoPara\",\"description\":\"Parapharmacie\",\"publisher\":{\"@id\":\"https:\/\/orthopara.store\/#organization\"},\"potentialAction\":[{\"@type\":\"SearchAction\",\"target\":{\"@type\":\"EntryPoint\",\"urlTemplate\":\"https:\/\/orthopara.store\/?s={search_term_string}\"},\"query-input\":\"required name=search_term_string\"}],\"inLanguage\":\"fr-FR\"},{\"@type\":\"Organization\",\"@id\":\"https:\/\/orthopara.store\/#organization\",\"name\":\"OrthoPara\",\"url\":\"https:\/\/orthopara.store\/\",\"logo\":{\"@type\":\"ImageObject\",\"inLanguage\":\"fr-FR\",\"@id\":\"https:\/\/orthopara.store\/#\/schema\/logo\/image\/\",\"url\":\"https:\/\/orthopara.store\/wp-content\/uploads\/2024\/06\/cropped-9ABA8BAD-6256-4719-9315-15C66E64E882.png\",\"contentUrl\":\"https:\/\/orthopara.store\/wp-content\/uploads\/2024\/06\/cropped-9ABA8BAD-6256-4719-9315-15C66E64E882.png\",\"width\":240,\"height\":72,\"caption\":\"OrthoPara\"},\"image\":{\"@id\":\"https:\/\/orthopara.store\/#\/schema\/logo\/image\/\"},\"sameAs\":[\"https:\/\/www.facebook.com\/profile.php?id=61561194315651\",\"https:\/\/www.instagram.com\/orthopara_tunisie\/\"]}]}<\/script>\n<!-- \/ Yoast SEO plugin. -->","yoast_head_json":{"title":"Shampoing activateur anti-chute - Natura Siberica - 250ml - OrthoPara","robots":{"index":"index","follow":"follow","max-snippet":"max-snippet:-1","max-image-preview":"max-image-preview:large","max-video-preview":"max-video-preview:-1"},"canonical":"https:\/\/orthopara.store\/index.php\/produit\/shampoing-activateur-anti-chute-natura-siberica-250ml\/","og_locale":"fr_FR","og_type":"article","og_title":"Shampoing activateur anti-chute - Natura Siberica - 250ml - OrthoPara","og_description":"Natura Siberica \u2013 Beluga Pour homme Shampoing anti-chute Il stimule la pousse des cheveux - renforce la fibre capillaire - active la croissance de nouveaux cheveux - agit pr\u00e9ventivement contre la chute des cheveux 250ml DLC >12 mois apr\u00e8s l\u2019ouverture","og_url":"https:\/\/orthopara.store\/index.php\/produit\/shampoing-activateur-anti-chute-natura-siberica-250ml\/","og_site_name":"OrthoPara","article_publisher":"https:\/\/www.facebook.com\/profile.php?id=61561194315651","article_modified_time":"2024-06-28T13:57:47+00:00","og_image":[{"width":800,"height":800,"url":"https:\/\/orthopara.store\/wp-content\/uploads\/2024\/06\/shampoing-activateur-anti-chute-natura-siberica-250ml.jpg","type":"image\/jpeg"}],"twitter_card":"summary_large_image","twitter_misc":{"Dur\u00e9e de lecture estim\u00e9e":"1 minute"},"schema":{"@context":"https:\/\/schema.org","@graph":[{"@type":"WebPage","@id":"https:\/\/orthopara.store\/index.php\/produit\/shampoing-activateur-anti-chute-natura-siberica-250ml\/","url":"https:\/\/orthopara.store\/index.php\/produit\/shampoing-activateur-anti-chute-natura-siberica-250ml\/","name":"Shampoing activateur anti-chute - Natura Siberica - 250ml - OrthoPara","isPartOf":{"@id":"https:\/\/orthopara.store\/#website"},"primaryImageOfPage":{"@id":"https:\/\/orthopara.store\/index.php\/produit\/shampoing-activateur-anti-chute-natura-siberica-250ml\/#primaryimage"},"image":{"@id":"https:\/\/orthopara.store\/index.php\/produit\/shampoing-activateur-anti-chute-natura-siberica-250ml\/#primaryimage"},"thumbnailUrl":"https:\/\/orthopara.store\/wp-content\/uploads\/2024\/06\/shampoing-activateur-anti-chute-natura-siberica-250ml.jpg","datePublished":"2024-06-28T13:57:43+00:00","dateModified":"2024-06-28T13:57:47+00:00","breadcrumb":{"@id":"https:\/\/orthopara.store\/index.php\/produit\/shampoing-activateur-anti-chute-natura-siberica-250ml\/#breadcrumb"},"inLanguage":"fr-FR","potentialAction":[{"@type":"ReadAction","target":["https:\/\/orthopara.store\/index.php\/produit\/shampoing-activateur-anti-chute-natura-siberica-250ml\/"]}]},{"@type":"ImageObject","inLanguage":"fr-FR","@id":"https:\/\/orthopara.store\/index.php\/produit\/shampoing-activateur-anti-chute-natura-siberica-250ml\/#primaryimage","url":"https:\/\/orthopara.store\/wp-content\/uploads\/2024\/06\/shampoing-activateur-anti-chute-natura-siberica-250ml.jpg","contentUrl":"https:\/\/orthopara.store\/wp-content\/uploads\/2024\/06\/shampoing-activateur-anti-chute-natura-siberica-250ml.jpg","width":800,"height":800},{"@type":"BreadcrumbList","@id":"https:\/\/orthopara.store\/index.php\/produit\/shampoing-activateur-anti-chute-natura-siberica-250ml\/#breadcrumb","itemListElement":[{"@type":"ListItem","position":1,"name":"Accueil","item":"https:\/\/orthopara.store\/"},{"@type":"ListItem","position":2,"name":"Shop","item":"https:\/\/orthopara.store\/?page_id=622"},{"@type":"ListItem","position":3,"name":"Shampoing activateur anti-chute &#8211; Natura Siberica &#8211; 250ml"}]},{"@type":"WebSite","@id":"https:\/\/orthopara.store\/#website","url":"https:\/\/orthopara.store\/","name":"OrthoPara","description":"Parapharmacie","publisher":{"@id":"https:\/\/orthopara.store\/#organization"},"potentialAction":[{"@type":"SearchAction","target":{"@type":"EntryPoint","urlTemplate":"https:\/\/orthopara.store\/?s={search_term_string}"},"query-input":"required name=search_term_string"}],"inLanguage":"fr-FR"},{"@type":"Organization","@id":"https:\/\/orthopara.store\/#organization","name":"OrthoPara","url":"https:\/\/orthopara.store\/","logo":{"@type":"ImageObject","inLanguage":"fr-FR","@id":"https:\/\/orthopara.store\/#\/schema\/logo\/image\/","url":"https:\/\/orthopara.store\/wp-content\/uploads\/2024\/06\/cropped-9ABA8BAD-6256-4719-9315-15C66E64E882.png","contentUrl":"https:\/\/orthopara.store\/wp-content\/uploads\/2024\/06\/cropped-9ABA8BAD-6256-4719-9315-15C66E64E882.png","width":240,"height":72,"caption":"OrthoPara"},"image":{"@id":"https:\/\/orthopara.store\/#\/schema\/logo\/image\/"},"sameAs":["https:\/\/www.facebook.com\/profile.php?id=61561194315651","https:\/\/www.instagram.com\/orthopara_tunisie\/"]}]}},"jetpack_sharing_enabled":true,"brands":[{"id":58,"name":"NATURA SIBERICA","slug":"natura-siberica"}],"_links":{"self":[{"href":"https:\/\/orthopara.store\/index.php?rest_route=\/wp\/v2\/product\/2248","targetHints":{"allow":["GET"]}}],"collection":[{"href":"https:\/\/orthopara.store\/index.php?rest_route=\/wp\/v2\/product"}],"about":[{"href":"https:\/\/orthopara.store\/index.php?rest_route=\/wp\/v2\/types\/product"}],"replies":[{"embeddable":true,"href":"https:\/\/orthopara.store\/index.php?rest_route=%2Fwp%2Fv2%2Fcomments&post=2248"}],"wp:featuredmedia":[{"embeddable":true,"href":"https:\/\/orthopara.store\/index.php?rest_route=\/wp\/v2\/media\/2266"}],"wp:attachment":[{"href":"https:\/\/orthopara.store\/index.php?rest_route=%2Fwp%2Fv2%2Fmedia&parent=2248"}],"wp:term":[{"taxonomy":"pwb-brand","embeddable":true,"href":"https:\/\/orthopara.store\/index.php?rest_route=%2Fwp%2Fv2%2Fpwb-brand&post=2248"},{"taxonomy":"product_cat","embeddable":true,"href":"https:\/\/orthopara.store\/index.php?rest_route=%2Fwp%2Fv2%2Fproduct_cat&post=2248"},{"taxonomy":"product_tag","embeddable":true,"href":"https:\/\/orthopara.store\/index.php?rest_route=%2Fwp%2Fv2%2Fproduct_tag&post=2248"}],"curies":[{"name":"wp","href":"https:\/\/api.w.org\/{rel}","templated":true}]}}