{"id":2249,"date":"2024-06-28T15:57:43","date_gmt":"2024-06-28T13:57:43","guid":{"rendered":"https:\/\/orthopara.store\/?post_type=product&#038;p=2249"},"modified":"2024-06-28T15:57:48","modified_gmt":"2024-06-28T13:57:48","slug":"shampoing-anti-pelliculaire-natura-siberica-250ml","status":"publish","type":"product","link":"https:\/\/orthopara.store\/?product=shampoing-anti-pelliculaire-natura-siberica-250ml","title":{"rendered":"Shampoing anti-pelliculaire &#8211; Natura Siberica &#8211; 250ml"},"content":{"rendered":"<p>Natura Siberica Sibirian Stag Power shampoing naturel pour cheveux \u00e0 tendance pelliculaires. Il apaise le cuir chevelu irrit\u00e9 et laisse les cheveux nourris et brillants. Un cosm\u00e9tique 100% sib\u00e9rien qui utilise efficacement la force et la richesse des propri\u00e9t\u00e9s des baies et des herbes sauvages.<br \/>\nCe produit contient :<br \/>\nL\u2019extrait de pin de Sib\u00e9rie contenant plus de 90 ingr\u00e9dients diff\u00e9rents qui nourrissent et hydratent efficacement le cuir chevelu, renforcent les bulbes et stimulent la croissance de nouveaux cheveux.<br \/>\nL&rsquo;extrait de gen\u00e9vrier, gr\u00e2ce \u00e0 ses propri\u00e9t\u00e9s, aide \u00e0 nourrir la peau des pellicules et \u00e0 r\u00e9guler le travail des glandes s\u00e9bac\u00e9es, ce qui permet aux cheveux de rester frais plus longtemps.<br \/>\nL&rsquo;extrait d&rsquo;argousier contient une mine de vitamines et d&rsquo;acides om\u00e9ga (dont les rares Om\u00e9ga 7), qui rendent les cheveux parfaitement nourris, r\u00e9g\u00e9n\u00e9r\u00e9s et brillants.<br \/>\nMode d\u2019application\u00a0:<br \/>\nAppliquez une petite quantit\u00e9 de shampooing sur les cheveux et le cuir chevelu humides, massez jusqu&rsquo;\u00e0 ce qu&rsquo;ils moussent, puis rincez \u00e0 l&rsquo;eau ti\u00e8de. R\u00e9p\u00e9tez si n\u00e9cessaire.<\/p>\n","protected":false},"excerpt":{"rendered":"<p>Natura Siberica \u2013 Siberian Stag Power<br \/>\nPour homme<br \/>\nShampoing anti-pelliculaire<br \/>\nDestin\u00e9 aux cheveux ayant tendance aux pellicules. Laisse les cheveux nourris et brillants.<br \/>\n250ml<br \/>\nDLC >12 mois apr\u00e8s l\u2019ouverture<\/p>\n","protected":false},"featured_media":2267,"comment_status":"open","ping_status":"closed","template":"","meta":[],"pwb-brand":[58],"product_cat":[276],"product_tag":[],"class_list":{"0":"post-2249","1":"product","2":"type-product","3":"status-publish","4":"has-post-thumbnail","6":"pwb-brand-natura-siberica","7":"product_cat-cheveux-homme","8":"post","9":"ws-product--style-1","11":"first","12":"instock","13":"shipping-taxable","14":"purchasable","15":"product-type-simple"},"yoast_head":"<!-- This site is optimized with the Yoast SEO plugin v23.0 - https:\/\/yoast.com\/wordpress\/plugins\/seo\/ -->\n<title>Shampoing anti-pelliculaire - Natura Siberica - 250ml - OrthoPara<\/title>\n<meta name=\"robots\" content=\"index, follow, max-snippet:-1, max-image-preview:large, max-video-preview:-1\" \/>\n<link rel=\"canonical\" href=\"https:\/\/orthopara.store\/index.php\/produit\/shampoing-anti-pelliculaire-natura-siberica-250ml\/\" \/>\n<meta property=\"og:locale\" content=\"fr_FR\" \/>\n<meta property=\"og:type\" content=\"article\" \/>\n<meta property=\"og:title\" content=\"Shampoing anti-pelliculaire - Natura Siberica - 250ml - OrthoPara\" \/>\n<meta property=\"og:description\" content=\"Natura Siberica \u2013 Siberian Stag Power Pour homme Shampoing anti-pelliculaire Destin\u00e9 aux cheveux ayant tendance aux pellicules. Laisse les cheveux nourris et brillants. 250ml DLC &gt;12 mois apr\u00e8s l\u2019ouverture\" \/>\n<meta property=\"og:url\" content=\"https:\/\/orthopara.store\/index.php\/produit\/shampoing-anti-pelliculaire-natura-siberica-250ml\/\" \/>\n<meta property=\"og:site_name\" content=\"OrthoPara\" \/>\n<meta property=\"article:publisher\" content=\"https:\/\/www.facebook.com\/profile.php?id=61561194315651\" \/>\n<meta property=\"article:modified_time\" content=\"2024-06-28T13:57:48+00:00\" \/>\n<meta property=\"og:image\" content=\"https:\/\/orthopara.store\/wp-content\/uploads\/2024\/06\/shampoing-anti-pelliculaire-natura-siberica-250ml.jpg\" \/>\n\t<meta property=\"og:image:width\" content=\"800\" \/>\n\t<meta property=\"og:image:height\" content=\"800\" \/>\n\t<meta property=\"og:image:type\" content=\"image\/jpeg\" \/>\n<meta name=\"twitter:card\" content=\"summary_large_image\" \/>\n<meta name=\"twitter:label1\" content=\"Dur\u00e9e de lecture estim\u00e9e\" \/>\n\t<meta name=\"twitter:data1\" content=\"1 minute\" \/>\n<script type=\"application\/ld+json\" class=\"yoast-schema-graph\">{\"@context\":\"https:\/\/schema.org\",\"@graph\":[{\"@type\":\"WebPage\",\"@id\":\"https:\/\/orthopara.store\/index.php\/produit\/shampoing-anti-pelliculaire-natura-siberica-250ml\/\",\"url\":\"https:\/\/orthopara.store\/index.php\/produit\/shampoing-anti-pelliculaire-natura-siberica-250ml\/\",\"name\":\"Shampoing anti-pelliculaire - Natura Siberica - 250ml - OrthoPara\",\"isPartOf\":{\"@id\":\"https:\/\/orthopara.store\/#website\"},\"primaryImageOfPage\":{\"@id\":\"https:\/\/orthopara.store\/index.php\/produit\/shampoing-anti-pelliculaire-natura-siberica-250ml\/#primaryimage\"},\"image\":{\"@id\":\"https:\/\/orthopara.store\/index.php\/produit\/shampoing-anti-pelliculaire-natura-siberica-250ml\/#primaryimage\"},\"thumbnailUrl\":\"https:\/\/orthopara.store\/wp-content\/uploads\/2024\/06\/shampoing-anti-pelliculaire-natura-siberica-250ml.jpg\",\"datePublished\":\"2024-06-28T13:57:43+00:00\",\"dateModified\":\"2024-06-28T13:57:48+00:00\",\"breadcrumb\":{\"@id\":\"https:\/\/orthopara.store\/index.php\/produit\/shampoing-anti-pelliculaire-natura-siberica-250ml\/#breadcrumb\"},\"inLanguage\":\"fr-FR\",\"potentialAction\":[{\"@type\":\"ReadAction\",\"target\":[\"https:\/\/orthopara.store\/index.php\/produit\/shampoing-anti-pelliculaire-natura-siberica-250ml\/\"]}]},{\"@type\":\"ImageObject\",\"inLanguage\":\"fr-FR\",\"@id\":\"https:\/\/orthopara.store\/index.php\/produit\/shampoing-anti-pelliculaire-natura-siberica-250ml\/#primaryimage\",\"url\":\"https:\/\/orthopara.store\/wp-content\/uploads\/2024\/06\/shampoing-anti-pelliculaire-natura-siberica-250ml.jpg\",\"contentUrl\":\"https:\/\/orthopara.store\/wp-content\/uploads\/2024\/06\/shampoing-anti-pelliculaire-natura-siberica-250ml.jpg\",\"width\":800,\"height\":800},{\"@type\":\"BreadcrumbList\",\"@id\":\"https:\/\/orthopara.store\/index.php\/produit\/shampoing-anti-pelliculaire-natura-siberica-250ml\/#breadcrumb\",\"itemListElement\":[{\"@type\":\"ListItem\",\"position\":1,\"name\":\"Accueil\",\"item\":\"https:\/\/orthopara.store\/\"},{\"@type\":\"ListItem\",\"position\":2,\"name\":\"Shop\",\"item\":\"https:\/\/orthopara.store\/?page_id=622\"},{\"@type\":\"ListItem\",\"position\":3,\"name\":\"Shampoing anti-pelliculaire &#8211; Natura Siberica &#8211; 250ml\"}]},{\"@type\":\"WebSite\",\"@id\":\"https:\/\/orthopara.store\/#website\",\"url\":\"https:\/\/orthopara.store\/\",\"name\":\"OrthoPara\",\"description\":\"Parapharmacie\",\"publisher\":{\"@id\":\"https:\/\/orthopara.store\/#organization\"},\"potentialAction\":[{\"@type\":\"SearchAction\",\"target\":{\"@type\":\"EntryPoint\",\"urlTemplate\":\"https:\/\/orthopara.store\/?s={search_term_string}\"},\"query-input\":\"required name=search_term_string\"}],\"inLanguage\":\"fr-FR\"},{\"@type\":\"Organization\",\"@id\":\"https:\/\/orthopara.store\/#organization\",\"name\":\"OrthoPara\",\"url\":\"https:\/\/orthopara.store\/\",\"logo\":{\"@type\":\"ImageObject\",\"inLanguage\":\"fr-FR\",\"@id\":\"https:\/\/orthopara.store\/#\/schema\/logo\/image\/\",\"url\":\"https:\/\/orthopara.store\/wp-content\/uploads\/2024\/06\/cropped-9ABA8BAD-6256-4719-9315-15C66E64E882.png\",\"contentUrl\":\"https:\/\/orthopara.store\/wp-content\/uploads\/2024\/06\/cropped-9ABA8BAD-6256-4719-9315-15C66E64E882.png\",\"width\":240,\"height\":72,\"caption\":\"OrthoPara\"},\"image\":{\"@id\":\"https:\/\/orthopara.store\/#\/schema\/logo\/image\/\"},\"sameAs\":[\"https:\/\/www.facebook.com\/profile.php?id=61561194315651\",\"https:\/\/www.instagram.com\/orthopara_tunisie\/\"]}]}<\/script>\n<!-- \/ Yoast SEO plugin. -->","yoast_head_json":{"title":"Shampoing anti-pelliculaire - Natura Siberica - 250ml - OrthoPara","robots":{"index":"index","follow":"follow","max-snippet":"max-snippet:-1","max-image-preview":"max-image-preview:large","max-video-preview":"max-video-preview:-1"},"canonical":"https:\/\/orthopara.store\/index.php\/produit\/shampoing-anti-pelliculaire-natura-siberica-250ml\/","og_locale":"fr_FR","og_type":"article","og_title":"Shampoing anti-pelliculaire - Natura Siberica - 250ml - OrthoPara","og_description":"Natura Siberica \u2013 Siberian Stag Power Pour homme Shampoing anti-pelliculaire Destin\u00e9 aux cheveux ayant tendance aux pellicules. Laisse les cheveux nourris et brillants. 250ml DLC >12 mois apr\u00e8s l\u2019ouverture","og_url":"https:\/\/orthopara.store\/index.php\/produit\/shampoing-anti-pelliculaire-natura-siberica-250ml\/","og_site_name":"OrthoPara","article_publisher":"https:\/\/www.facebook.com\/profile.php?id=61561194315651","article_modified_time":"2024-06-28T13:57:48+00:00","og_image":[{"width":800,"height":800,"url":"https:\/\/orthopara.store\/wp-content\/uploads\/2024\/06\/shampoing-anti-pelliculaire-natura-siberica-250ml.jpg","type":"image\/jpeg"}],"twitter_card":"summary_large_image","twitter_misc":{"Dur\u00e9e de lecture estim\u00e9e":"1 minute"},"schema":{"@context":"https:\/\/schema.org","@graph":[{"@type":"WebPage","@id":"https:\/\/orthopara.store\/index.php\/produit\/shampoing-anti-pelliculaire-natura-siberica-250ml\/","url":"https:\/\/orthopara.store\/index.php\/produit\/shampoing-anti-pelliculaire-natura-siberica-250ml\/","name":"Shampoing anti-pelliculaire - Natura Siberica - 250ml - OrthoPara","isPartOf":{"@id":"https:\/\/orthopara.store\/#website"},"primaryImageOfPage":{"@id":"https:\/\/orthopara.store\/index.php\/produit\/shampoing-anti-pelliculaire-natura-siberica-250ml\/#primaryimage"},"image":{"@id":"https:\/\/orthopara.store\/index.php\/produit\/shampoing-anti-pelliculaire-natura-siberica-250ml\/#primaryimage"},"thumbnailUrl":"https:\/\/orthopara.store\/wp-content\/uploads\/2024\/06\/shampoing-anti-pelliculaire-natura-siberica-250ml.jpg","datePublished":"2024-06-28T13:57:43+00:00","dateModified":"2024-06-28T13:57:48+00:00","breadcrumb":{"@id":"https:\/\/orthopara.store\/index.php\/produit\/shampoing-anti-pelliculaire-natura-siberica-250ml\/#breadcrumb"},"inLanguage":"fr-FR","potentialAction":[{"@type":"ReadAction","target":["https:\/\/orthopara.store\/index.php\/produit\/shampoing-anti-pelliculaire-natura-siberica-250ml\/"]}]},{"@type":"ImageObject","inLanguage":"fr-FR","@id":"https:\/\/orthopara.store\/index.php\/produit\/shampoing-anti-pelliculaire-natura-siberica-250ml\/#primaryimage","url":"https:\/\/orthopara.store\/wp-content\/uploads\/2024\/06\/shampoing-anti-pelliculaire-natura-siberica-250ml.jpg","contentUrl":"https:\/\/orthopara.store\/wp-content\/uploads\/2024\/06\/shampoing-anti-pelliculaire-natura-siberica-250ml.jpg","width":800,"height":800},{"@type":"BreadcrumbList","@id":"https:\/\/orthopara.store\/index.php\/produit\/shampoing-anti-pelliculaire-natura-siberica-250ml\/#breadcrumb","itemListElement":[{"@type":"ListItem","position":1,"name":"Accueil","item":"https:\/\/orthopara.store\/"},{"@type":"ListItem","position":2,"name":"Shop","item":"https:\/\/orthopara.store\/?page_id=622"},{"@type":"ListItem","position":3,"name":"Shampoing anti-pelliculaire &#8211; Natura Siberica &#8211; 250ml"}]},{"@type":"WebSite","@id":"https:\/\/orthopara.store\/#website","url":"https:\/\/orthopara.store\/","name":"OrthoPara","description":"Parapharmacie","publisher":{"@id":"https:\/\/orthopara.store\/#organization"},"potentialAction":[{"@type":"SearchAction","target":{"@type":"EntryPoint","urlTemplate":"https:\/\/orthopara.store\/?s={search_term_string}"},"query-input":"required name=search_term_string"}],"inLanguage":"fr-FR"},{"@type":"Organization","@id":"https:\/\/orthopara.store\/#organization","name":"OrthoPara","url":"https:\/\/orthopara.store\/","logo":{"@type":"ImageObject","inLanguage":"fr-FR","@id":"https:\/\/orthopara.store\/#\/schema\/logo\/image\/","url":"https:\/\/orthopara.store\/wp-content\/uploads\/2024\/06\/cropped-9ABA8BAD-6256-4719-9315-15C66E64E882.png","contentUrl":"https:\/\/orthopara.store\/wp-content\/uploads\/2024\/06\/cropped-9ABA8BAD-6256-4719-9315-15C66E64E882.png","width":240,"height":72,"caption":"OrthoPara"},"image":{"@id":"https:\/\/orthopara.store\/#\/schema\/logo\/image\/"},"sameAs":["https:\/\/www.facebook.com\/profile.php?id=61561194315651","https:\/\/www.instagram.com\/orthopara_tunisie\/"]}]}},"jetpack_sharing_enabled":true,"brands":[{"id":58,"name":"NATURA SIBERICA","slug":"natura-siberica"}],"_links":{"self":[{"href":"https:\/\/orthopara.store\/index.php?rest_route=\/wp\/v2\/product\/2249","targetHints":{"allow":["GET"]}}],"collection":[{"href":"https:\/\/orthopara.store\/index.php?rest_route=\/wp\/v2\/product"}],"about":[{"href":"https:\/\/orthopara.store\/index.php?rest_route=\/wp\/v2\/types\/product"}],"replies":[{"embeddable":true,"href":"https:\/\/orthopara.store\/index.php?rest_route=%2Fwp%2Fv2%2Fcomments&post=2249"}],"wp:featuredmedia":[{"embeddable":true,"href":"https:\/\/orthopara.store\/index.php?rest_route=\/wp\/v2\/media\/2267"}],"wp:attachment":[{"href":"https:\/\/orthopara.store\/index.php?rest_route=%2Fwp%2Fv2%2Fmedia&parent=2249"}],"wp:term":[{"taxonomy":"pwb-brand","embeddable":true,"href":"https:\/\/orthopara.store\/index.php?rest_route=%2Fwp%2Fv2%2Fpwb-brand&post=2249"},{"taxonomy":"product_cat","embeddable":true,"href":"https:\/\/orthopara.store\/index.php?rest_route=%2Fwp%2Fv2%2Fproduct_cat&post=2249"},{"taxonomy":"product_tag","embeddable":true,"href":"https:\/\/orthopara.store\/index.php?rest_route=%2Fwp%2Fv2%2Fproduct_tag&post=2249"}],"curies":[{"name":"wp","href":"https:\/\/api.w.org\/{rel}","templated":true}]}}