{"id":2281,"date":"2024-06-28T15:57:55","date_gmt":"2024-06-28T13:57:55","guid":{"rendered":"https:\/\/orthopara.store\/?post_type=product&#038;p=2281"},"modified":"2024-06-28T15:57:58","modified_gmt":"2024-06-28T13:57:58","slug":"deo-soin-haute-tolerance-24h-jonzac-50ml","status":"publish","type":"product","link":"https:\/\/orthopara.store\/?product=deo-soin-haute-tolerance-24h-jonzac-50ml","title":{"rendered":"D\u00e9o soin haute tol\u00e9rance 24h &#8211; Jonzac &#8211; 50ml"},"content":{"rendered":"<p>D\u00e9o soin haute tol\u00e9rance 24h &#8211; Jonzac &#8211; 50ml<br \/>\n4 actions d\u00e9odorantes pour une efficacit\u00e9 naturelle pendant 24h sans bloquer la transpiration.<br \/>\nLe d\u00e9o soin haute tol\u00e9rance Nutritive Eau thermale Jonzac respecte les peaux sensibilis\u00e9es par les gels douches, les rasages, les \u00e9pilations.<br \/>\nFormul\u00e9 pour minimiser les risques de r\u00e9actions allergiques<br \/>\nComposition :<br \/>\nAqua \/Water\/Eau : Eau purifi\u00e9e et Eau thermale de JONZAC r\u00e9g\u00e9n\u00e9rante, anti-inflammatoire, apaisante et hydratante<br \/>\nHamamelis Virginiana (Witch Hazel) Water* : Eau florale d&rsquo;Hamam\u00e9lis reconnue astringente, issue de l&rsquo;agriculture biologique fran\u00e7aise &#8211; origine v\u00e9g\u00e9tale<br \/>\nPropanediol : Humectant permettant de retenir l&rsquo;eau \u00e0 la surface de la peau &#8211; origine biotechnologique garantie sans OGM**<br \/>\nTalc : Poudre de toucher &#8211; origine min\u00e9rale<br \/>\nTriethyl Citrate : Emollient permettant d&rsquo;adoucir la peau &#8211; origine v\u00e9g\u00e9tale<br \/>\nButyrospermum Parkii (Shea) Butter* : Beurre de Karit\u00e9 bio reconnu hydratant et protecteur, issu d&rsquo;une fili\u00e8re durable et biologique du Burkina Faso &#8211; origine v\u00e9g\u00e9tale<br \/>\nParfum (Fragrance) : Composition parfumante 100% d&rsquo;origine naturelle<br \/>\nXanthan Gum : G\u00e9lifiant &#8211; origine biotechnologique garantie sans OGM**<br \/>\nZinc Pca : Actif reconnu \u00e9quilibrant aidant \u00e0 r\u00e9guler l&rsquo;exc\u00e8s de s\u00e9bum &#8211; origines v\u00e9g\u00e9tale et min\u00e9rale<br \/>\nCandida Bombicola\/Glucose\/Methyl Rapeseedate Ferment : Actif anti-bact\u00e9rien, anti-odeur<br \/>\nLactobacillus Ferment : Actif anti-bact\u00e9rien, anti-odeur<br \/>\nDecyl Glucoside : Agent nettoyant doux permettant la formation de mousse assurant le nettoyage de la peau &#8211; origine v\u00e9g\u00e9tale<br \/>\nGlycerin : Humectant permettant de retenir l&rsquo;eau \u00e0 la surface de la peau &#8211; origine v\u00e9g\u00e9tale<br \/>\nSodium Levulinate : Stabilisant permettant d&rsquo;optimiser la conservation du produit &#8211; origine v\u00e9g\u00e9tale<br \/>\nGlyceryl Caprylate : Stabilisant permettant d&rsquo;optimiser la conservation du produit &#8211; origine v\u00e9g\u00e9tale<br \/>\nPhytic Acid : Agent permettant de stabiliser la formule &#8211; origine v\u00e9g\u00e9tale<br \/>\nSodium Pca : Actif qui augmente la synth\u00e8se des lipides \u00e9pidermiques &#8211; origine v\u00e9g\u00e9tale<br \/>\nSodium Hydroxide : Agent garantissant un pH adapt\u00e9 \u00e0 la peau &#8211; origine min\u00e9rale<br \/>\nLactic Acid : Agent garantissant un pH adapt\u00e9 \u00e0 la peau &#8211; origine biotechnologique garantie sans OGM**<br \/>\nTocopherol : Vitamine E permettant de stabiliser la formule &#8211; origine v\u00e9g\u00e9tale<br \/>\nSodium Benzoate : Conservateur &#8211; origine synth\u00e9tique<br \/>\nPotassium Sorbate : Conservateur &#8211; origine synth\u00e9tique<br \/>\nHelianthus Annuus (Sunflower) Seed Oil : Huile de tournesol &#8211; origine v\u00e9g\u00e9tale<\/p>\n<p>* Ingr\u00e9dients issus de l&rsquo;agriculture biologique.<br \/>\n** sans Organisme G\u00e9n\u00e9tiquement Modifi\u00e9.<br \/>\n(1) Hydratation des couches sup\u00e9rieures de l&rsquo;\u00e9piderme.<\/p>\n<p>Conseils d&rsquo;utilisation :<br \/>\nApr\u00e8s la douche, appliquez le d\u00e9odorant haute tol\u00e9rance Nutritive sur vos aisselles.<\/p>\n","protected":false},"excerpt":{"rendered":"<p>Jonzac\u00a0<br \/>\nD\u00e9o soin haute tol\u00e9rance 24h<br \/>\nAnti-traces &#8211; peaux sensibles\u00a0<br \/>\n4 actions d\u00e9odorantes pour une efficacit\u00e9 naturelle pendant 24h sans bloquer la transpiration.<br \/>\n0% alcool<br \/>\nConvient aux vegans<br \/>\nContenance : 50ml<\/p>\n","protected":false},"featured_media":2297,"comment_status":"open","ping_status":"closed","template":"","meta":[],"pwb-brand":[57],"product_cat":[282],"product_tag":[],"class_list":{"0":"post-2281","1":"product","2":"type-product","3":"status-publish","4":"has-post-thumbnail","6":"pwb-brand-jonzac","7":"product_cat-deodorant-homme","8":"post","9":"ws-product--style-1","11":"first","12":"instock","13":"shipping-taxable","14":"purchasable","15":"product-type-simple"},"yoast_head":"<!-- This site is optimized with the Yoast SEO plugin v23.0 - https:\/\/yoast.com\/wordpress\/plugins\/seo\/ -->\n<title>D\u00e9o soin haute tol\u00e9rance 24h - Jonzac - 50ml - OrthoPara<\/title>\n<meta name=\"robots\" content=\"index, follow, max-snippet:-1, max-image-preview:large, max-video-preview:-1\" \/>\n<link rel=\"canonical\" href=\"https:\/\/orthopara.store\/index.php\/produit\/deo-soin-haute-tolerance-24h-jonzac-50ml\/\" \/>\n<meta property=\"og:locale\" content=\"fr_FR\" \/>\n<meta property=\"og:type\" content=\"article\" \/>\n<meta property=\"og:title\" content=\"D\u00e9o soin haute tol\u00e9rance 24h - Jonzac - 50ml - OrthoPara\" \/>\n<meta property=\"og:description\" content=\"Jonzac\u00a0 D\u00e9o soin haute tol\u00e9rance 24h Anti-traces - peaux sensibles\u00a0 4 actions d\u00e9odorantes pour une efficacit\u00e9 naturelle pendant 24h sans bloquer la transpiration. 0% alcool Convient aux vegans Contenance : 50ml\" \/>\n<meta property=\"og:url\" content=\"https:\/\/orthopara.store\/index.php\/produit\/deo-soin-haute-tolerance-24h-jonzac-50ml\/\" \/>\n<meta property=\"og:site_name\" content=\"OrthoPara\" \/>\n<meta property=\"article:publisher\" content=\"https:\/\/www.facebook.com\/profile.php?id=61561194315651\" \/>\n<meta property=\"article:modified_time\" content=\"2024-06-28T13:57:58+00:00\" \/>\n<meta property=\"og:image\" content=\"https:\/\/orthopara.store\/wp-content\/uploads\/2024\/06\/deo-soin-haute-tolerance-24h-jonzac-50ml.jpg\" \/>\n\t<meta property=\"og:image:width\" content=\"800\" \/>\n\t<meta property=\"og:image:height\" content=\"800\" \/>\n\t<meta property=\"og:image:type\" content=\"image\/jpeg\" \/>\n<meta name=\"twitter:card\" content=\"summary_large_image\" \/>\n<meta name=\"twitter:label1\" content=\"Dur\u00e9e de lecture estim\u00e9e\" \/>\n\t<meta name=\"twitter:data1\" content=\"2 minutes\" \/>\n<script type=\"application\/ld+json\" class=\"yoast-schema-graph\">{\"@context\":\"https:\/\/schema.org\",\"@graph\":[{\"@type\":\"WebPage\",\"@id\":\"https:\/\/orthopara.store\/index.php\/produit\/deo-soin-haute-tolerance-24h-jonzac-50ml\/\",\"url\":\"https:\/\/orthopara.store\/index.php\/produit\/deo-soin-haute-tolerance-24h-jonzac-50ml\/\",\"name\":\"D\u00e9o soin haute tol\u00e9rance 24h - Jonzac - 50ml - OrthoPara\",\"isPartOf\":{\"@id\":\"https:\/\/orthopara.store\/#website\"},\"primaryImageOfPage\":{\"@id\":\"https:\/\/orthopara.store\/index.php\/produit\/deo-soin-haute-tolerance-24h-jonzac-50ml\/#primaryimage\"},\"image\":{\"@id\":\"https:\/\/orthopara.store\/index.php\/produit\/deo-soin-haute-tolerance-24h-jonzac-50ml\/#primaryimage\"},\"thumbnailUrl\":\"https:\/\/orthopara.store\/wp-content\/uploads\/2024\/06\/deo-soin-haute-tolerance-24h-jonzac-50ml.jpg\",\"datePublished\":\"2024-06-28T13:57:55+00:00\",\"dateModified\":\"2024-06-28T13:57:58+00:00\",\"breadcrumb\":{\"@id\":\"https:\/\/orthopara.store\/index.php\/produit\/deo-soin-haute-tolerance-24h-jonzac-50ml\/#breadcrumb\"},\"inLanguage\":\"fr-FR\",\"potentialAction\":[{\"@type\":\"ReadAction\",\"target\":[\"https:\/\/orthopara.store\/index.php\/produit\/deo-soin-haute-tolerance-24h-jonzac-50ml\/\"]}]},{\"@type\":\"ImageObject\",\"inLanguage\":\"fr-FR\",\"@id\":\"https:\/\/orthopara.store\/index.php\/produit\/deo-soin-haute-tolerance-24h-jonzac-50ml\/#primaryimage\",\"url\":\"https:\/\/orthopara.store\/wp-content\/uploads\/2024\/06\/deo-soin-haute-tolerance-24h-jonzac-50ml.jpg\",\"contentUrl\":\"https:\/\/orthopara.store\/wp-content\/uploads\/2024\/06\/deo-soin-haute-tolerance-24h-jonzac-50ml.jpg\",\"width\":800,\"height\":800},{\"@type\":\"BreadcrumbList\",\"@id\":\"https:\/\/orthopara.store\/index.php\/produit\/deo-soin-haute-tolerance-24h-jonzac-50ml\/#breadcrumb\",\"itemListElement\":[{\"@type\":\"ListItem\",\"position\":1,\"name\":\"Accueil\",\"item\":\"https:\/\/orthopara.store\/\"},{\"@type\":\"ListItem\",\"position\":2,\"name\":\"Shop\",\"item\":\"https:\/\/orthopara.store\/?page_id=622\"},{\"@type\":\"ListItem\",\"position\":3,\"name\":\"D\u00e9o soin haute tol\u00e9rance 24h &#8211; Jonzac &#8211; 50ml\"}]},{\"@type\":\"WebSite\",\"@id\":\"https:\/\/orthopara.store\/#website\",\"url\":\"https:\/\/orthopara.store\/\",\"name\":\"OrthoPara\",\"description\":\"Parapharmacie\",\"publisher\":{\"@id\":\"https:\/\/orthopara.store\/#organization\"},\"potentialAction\":[{\"@type\":\"SearchAction\",\"target\":{\"@type\":\"EntryPoint\",\"urlTemplate\":\"https:\/\/orthopara.store\/?s={search_term_string}\"},\"query-input\":\"required name=search_term_string\"}],\"inLanguage\":\"fr-FR\"},{\"@type\":\"Organization\",\"@id\":\"https:\/\/orthopara.store\/#organization\",\"name\":\"OrthoPara\",\"url\":\"https:\/\/orthopara.store\/\",\"logo\":{\"@type\":\"ImageObject\",\"inLanguage\":\"fr-FR\",\"@id\":\"https:\/\/orthopara.store\/#\/schema\/logo\/image\/\",\"url\":\"https:\/\/orthopara.store\/wp-content\/uploads\/2024\/06\/cropped-9ABA8BAD-6256-4719-9315-15C66E64E882.png\",\"contentUrl\":\"https:\/\/orthopara.store\/wp-content\/uploads\/2024\/06\/cropped-9ABA8BAD-6256-4719-9315-15C66E64E882.png\",\"width\":240,\"height\":72,\"caption\":\"OrthoPara\"},\"image\":{\"@id\":\"https:\/\/orthopara.store\/#\/schema\/logo\/image\/\"},\"sameAs\":[\"https:\/\/www.facebook.com\/profile.php?id=61561194315651\",\"https:\/\/www.instagram.com\/orthopara_tunisie\/\"]}]}<\/script>\n<!-- \/ Yoast SEO plugin. -->","yoast_head_json":{"title":"D\u00e9o soin haute tol\u00e9rance 24h - Jonzac - 50ml - OrthoPara","robots":{"index":"index","follow":"follow","max-snippet":"max-snippet:-1","max-image-preview":"max-image-preview:large","max-video-preview":"max-video-preview:-1"},"canonical":"https:\/\/orthopara.store\/index.php\/produit\/deo-soin-haute-tolerance-24h-jonzac-50ml\/","og_locale":"fr_FR","og_type":"article","og_title":"D\u00e9o soin haute tol\u00e9rance 24h - Jonzac - 50ml - OrthoPara","og_description":"Jonzac\u00a0 D\u00e9o soin haute tol\u00e9rance 24h Anti-traces - peaux sensibles\u00a0 4 actions d\u00e9odorantes pour une efficacit\u00e9 naturelle pendant 24h sans bloquer la transpiration. 0% alcool Convient aux vegans Contenance : 50ml","og_url":"https:\/\/orthopara.store\/index.php\/produit\/deo-soin-haute-tolerance-24h-jonzac-50ml\/","og_site_name":"OrthoPara","article_publisher":"https:\/\/www.facebook.com\/profile.php?id=61561194315651","article_modified_time":"2024-06-28T13:57:58+00:00","og_image":[{"width":800,"height":800,"url":"https:\/\/orthopara.store\/wp-content\/uploads\/2024\/06\/deo-soin-haute-tolerance-24h-jonzac-50ml.jpg","type":"image\/jpeg"}],"twitter_card":"summary_large_image","twitter_misc":{"Dur\u00e9e de lecture estim\u00e9e":"2 minutes"},"schema":{"@context":"https:\/\/schema.org","@graph":[{"@type":"WebPage","@id":"https:\/\/orthopara.store\/index.php\/produit\/deo-soin-haute-tolerance-24h-jonzac-50ml\/","url":"https:\/\/orthopara.store\/index.php\/produit\/deo-soin-haute-tolerance-24h-jonzac-50ml\/","name":"D\u00e9o soin haute tol\u00e9rance 24h - Jonzac - 50ml - OrthoPara","isPartOf":{"@id":"https:\/\/orthopara.store\/#website"},"primaryImageOfPage":{"@id":"https:\/\/orthopara.store\/index.php\/produit\/deo-soin-haute-tolerance-24h-jonzac-50ml\/#primaryimage"},"image":{"@id":"https:\/\/orthopara.store\/index.php\/produit\/deo-soin-haute-tolerance-24h-jonzac-50ml\/#primaryimage"},"thumbnailUrl":"https:\/\/orthopara.store\/wp-content\/uploads\/2024\/06\/deo-soin-haute-tolerance-24h-jonzac-50ml.jpg","datePublished":"2024-06-28T13:57:55+00:00","dateModified":"2024-06-28T13:57:58+00:00","breadcrumb":{"@id":"https:\/\/orthopara.store\/index.php\/produit\/deo-soin-haute-tolerance-24h-jonzac-50ml\/#breadcrumb"},"inLanguage":"fr-FR","potentialAction":[{"@type":"ReadAction","target":["https:\/\/orthopara.store\/index.php\/produit\/deo-soin-haute-tolerance-24h-jonzac-50ml\/"]}]},{"@type":"ImageObject","inLanguage":"fr-FR","@id":"https:\/\/orthopara.store\/index.php\/produit\/deo-soin-haute-tolerance-24h-jonzac-50ml\/#primaryimage","url":"https:\/\/orthopara.store\/wp-content\/uploads\/2024\/06\/deo-soin-haute-tolerance-24h-jonzac-50ml.jpg","contentUrl":"https:\/\/orthopara.store\/wp-content\/uploads\/2024\/06\/deo-soin-haute-tolerance-24h-jonzac-50ml.jpg","width":800,"height":800},{"@type":"BreadcrumbList","@id":"https:\/\/orthopara.store\/index.php\/produit\/deo-soin-haute-tolerance-24h-jonzac-50ml\/#breadcrumb","itemListElement":[{"@type":"ListItem","position":1,"name":"Accueil","item":"https:\/\/orthopara.store\/"},{"@type":"ListItem","position":2,"name":"Shop","item":"https:\/\/orthopara.store\/?page_id=622"},{"@type":"ListItem","position":3,"name":"D\u00e9o soin haute tol\u00e9rance 24h &#8211; Jonzac &#8211; 50ml"}]},{"@type":"WebSite","@id":"https:\/\/orthopara.store\/#website","url":"https:\/\/orthopara.store\/","name":"OrthoPara","description":"Parapharmacie","publisher":{"@id":"https:\/\/orthopara.store\/#organization"},"potentialAction":[{"@type":"SearchAction","target":{"@type":"EntryPoint","urlTemplate":"https:\/\/orthopara.store\/?s={search_term_string}"},"query-input":"required name=search_term_string"}],"inLanguage":"fr-FR"},{"@type":"Organization","@id":"https:\/\/orthopara.store\/#organization","name":"OrthoPara","url":"https:\/\/orthopara.store\/","logo":{"@type":"ImageObject","inLanguage":"fr-FR","@id":"https:\/\/orthopara.store\/#\/schema\/logo\/image\/","url":"https:\/\/orthopara.store\/wp-content\/uploads\/2024\/06\/cropped-9ABA8BAD-6256-4719-9315-15C66E64E882.png","contentUrl":"https:\/\/orthopara.store\/wp-content\/uploads\/2024\/06\/cropped-9ABA8BAD-6256-4719-9315-15C66E64E882.png","width":240,"height":72,"caption":"OrthoPara"},"image":{"@id":"https:\/\/orthopara.store\/#\/schema\/logo\/image\/"},"sameAs":["https:\/\/www.facebook.com\/profile.php?id=61561194315651","https:\/\/www.instagram.com\/orthopara_tunisie\/"]}]}},"jetpack_sharing_enabled":true,"brands":[{"id":57,"name":"JONZAC","slug":"jonzac"}],"_links":{"self":[{"href":"https:\/\/orthopara.store\/index.php?rest_route=\/wp\/v2\/product\/2281","targetHints":{"allow":["GET"]}}],"collection":[{"href":"https:\/\/orthopara.store\/index.php?rest_route=\/wp\/v2\/product"}],"about":[{"href":"https:\/\/orthopara.store\/index.php?rest_route=\/wp\/v2\/types\/product"}],"replies":[{"embeddable":true,"href":"https:\/\/orthopara.store\/index.php?rest_route=%2Fwp%2Fv2%2Fcomments&post=2281"}],"wp:featuredmedia":[{"embeddable":true,"href":"https:\/\/orthopara.store\/index.php?rest_route=\/wp\/v2\/media\/2297"}],"wp:attachment":[{"href":"https:\/\/orthopara.store\/index.php?rest_route=%2Fwp%2Fv2%2Fmedia&parent=2281"}],"wp:term":[{"taxonomy":"pwb-brand","embeddable":true,"href":"https:\/\/orthopara.store\/index.php?rest_route=%2Fwp%2Fv2%2Fpwb-brand&post=2281"},{"taxonomy":"product_cat","embeddable":true,"href":"https:\/\/orthopara.store\/index.php?rest_route=%2Fwp%2Fv2%2Fproduct_cat&post=2281"},{"taxonomy":"product_tag","embeddable":true,"href":"https:\/\/orthopara.store\/index.php?rest_route=%2Fwp%2Fv2%2Fproduct_tag&post=2281"}],"curies":[{"name":"wp","href":"https:\/\/api.w.org\/{rel}","templated":true}]}}