{"id":2285,"date":"2024-06-28T15:57:55","date_gmt":"2024-06-28T13:57:55","guid":{"rendered":"https:\/\/orthopara.store\/?post_type=product&#038;p=2285"},"modified":"2024-06-28T15:58:00","modified_gmt":"2024-06-28T13:58:00","slug":"stick-anti-transpirant-48h-etiaxil-40gr","status":"publish","type":"product","link":"https:\/\/orthopara.store\/?product=stick-anti-transpirant-48h-etiaxil-40gr","title":{"rendered":"Stick anti-transpirant 48h &#8211; Etiaxil &#8211; 40gr"},"content":{"rendered":"<p>Stick anti-transpirant 48h &#8211; Etiaxil &#8211; 40gr<br \/>\nLe stick Etiaxil Anti-transpirant Protection 48h Aisselles est con\u00e7u pour un usage quotidien contre la transpiration mod\u00e9r\u00e9e des aisselles.<br \/>\nSon efficacit\u00e9 prouv\u00e9e1 cliniquement stoppe la transpiration jusqu\u2019\u00e0 48H et assure ainsi un contr\u00f4le total : anti-humidit\u00e9, anti-odeur. Test\u00e9 sous contr\u00f4le dermatologique, ce produit est formul\u00e9 sans alcool et enrichi en agent apaisant pour maximiser le confort tous les types de peaux, m\u00eame les plus sensibles, tout en apportant une sensation de fra\u00eecheur tout au long de la journ\u00e9e. Sa formule haute tol\u00e9rance est aussi anti-traces.<br \/>\n(1) Test d\u2019efficacit\u00e9 anti-transpirante par gravim\u00e9trie sur 32 personnes. Test d\u2019usage sur 21 personnes. Anti-trace approuv\u00e9 par 100% des utilisateurs.<br \/>\nConseils d&rsquo;utilisation :<br \/>\nAppliquer tous les jours sur peau propre.<br \/>\nNe pas appliquer sur une peau irrit\u00e9e.<br \/>\n\u00c0 conserver \u00e0 l&rsquo;abri de la chaleur.<br \/>\nComposition :<br \/>\nCyclopentasiloxane, Stearyl Alcohol, Cyclohexasiloxane, Aluminum Chlorohydrate, Hydrogenated Castor Oil, Phenyl Trimethicone, Parfum, Aqua, Glyceryl Stearate, PEG-100 Stearate, Disteardimonium Hectorite, Propylene Carbonate<\/p>\n","protected":false},"excerpt":{"rendered":"<p>Etiaxil D\u00e9odorant<br \/>\nStick anti-transpirant protection 48h<br \/>\n1 application stoppe la transpiration mod\u00e9r\u00e9e jusqu\u2019\u00e0 48h<br \/>\nEfficacit\u00e9 prouv\u00e9e cliniquement : anti-humidit\u00e9 et anti-odeur<br \/>\nFormul\u00e9 sans alcool, enrichi en agent apaisant<br \/>\nTest\u00e9 sous contr\u00f4le dermatologique<br \/>\nFormul\u00e9 pour maximiser le confort des peaux sensibles<br \/>\nAnti-traces blanches et jaunes<br \/>\nPr\u00e9sentation : Stick 40ml<br \/>\nDLC : 01\/2025<\/p>\n","protected":false},"featured_media":2301,"comment_status":"open","ping_status":"closed","template":"","meta":[],"pwb-brand":[284],"product_cat":[282],"product_tag":[],"class_list":{"0":"post-2285","1":"product","2":"type-product","3":"status-publish","4":"has-post-thumbnail","6":"pwb-brand-etiaxil","7":"product_cat-deodorant-homme","8":"post","9":"ws-product--style-1","11":"first","12":"instock","13":"shipping-taxable","14":"purchasable","15":"product-type-simple"},"yoast_head":"<!-- This site is optimized with the Yoast SEO plugin v23.0 - https:\/\/yoast.com\/wordpress\/plugins\/seo\/ -->\n<title>Stick anti-transpirant 48h - Etiaxil - 40gr - OrthoPara<\/title>\n<meta name=\"robots\" content=\"index, follow, max-snippet:-1, max-image-preview:large, max-video-preview:-1\" \/>\n<link rel=\"canonical\" href=\"https:\/\/orthopara.store\/index.php\/produit\/stick-anti-transpirant-48h-etiaxil-40gr\/\" \/>\n<meta property=\"og:locale\" content=\"fr_FR\" \/>\n<meta property=\"og:type\" content=\"article\" \/>\n<meta property=\"og:title\" content=\"Stick anti-transpirant 48h - Etiaxil - 40gr - OrthoPara\" \/>\n<meta property=\"og:description\" content=\"Etiaxil D\u00e9odorant Stick anti-transpirant protection 48h 1 application stoppe la transpiration mod\u00e9r\u00e9e jusqu\u2019\u00e0 48h Efficacit\u00e9 prouv\u00e9e cliniquement : anti-humidit\u00e9 et anti-odeur Formul\u00e9 sans alcool, enrichi en agent apaisant Test\u00e9 sous contr\u00f4le dermatologique Formul\u00e9 pour maximiser le confort des peaux sensibles Anti-traces blanches et jaunes Pr\u00e9sentation : Stick 40ml DLC : 01\/2025\" \/>\n<meta property=\"og:url\" content=\"https:\/\/orthopara.store\/index.php\/produit\/stick-anti-transpirant-48h-etiaxil-40gr\/\" \/>\n<meta property=\"og:site_name\" content=\"OrthoPara\" \/>\n<meta property=\"article:publisher\" content=\"https:\/\/www.facebook.com\/profile.php?id=61561194315651\" \/>\n<meta property=\"article:modified_time\" content=\"2024-06-28T13:58:00+00:00\" \/>\n<meta property=\"og:image\" content=\"https:\/\/orthopara.store\/wp-content\/uploads\/2024\/06\/stick-anti-transpirant-48h-etiaxil-40gr.jpg\" \/>\n\t<meta property=\"og:image:width\" content=\"800\" \/>\n\t<meta property=\"og:image:height\" content=\"800\" \/>\n\t<meta property=\"og:image:type\" content=\"image\/jpeg\" \/>\n<meta name=\"twitter:card\" content=\"summary_large_image\" \/>\n<meta name=\"twitter:label1\" content=\"Dur\u00e9e de lecture estim\u00e9e\" \/>\n\t<meta name=\"twitter:data1\" content=\"1 minute\" \/>\n<script type=\"application\/ld+json\" class=\"yoast-schema-graph\">{\"@context\":\"https:\/\/schema.org\",\"@graph\":[{\"@type\":\"WebPage\",\"@id\":\"https:\/\/orthopara.store\/index.php\/produit\/stick-anti-transpirant-48h-etiaxil-40gr\/\",\"url\":\"https:\/\/orthopara.store\/index.php\/produit\/stick-anti-transpirant-48h-etiaxil-40gr\/\",\"name\":\"Stick anti-transpirant 48h - Etiaxil - 40gr - OrthoPara\",\"isPartOf\":{\"@id\":\"https:\/\/orthopara.store\/#website\"},\"primaryImageOfPage\":{\"@id\":\"https:\/\/orthopara.store\/index.php\/produit\/stick-anti-transpirant-48h-etiaxil-40gr\/#primaryimage\"},\"image\":{\"@id\":\"https:\/\/orthopara.store\/index.php\/produit\/stick-anti-transpirant-48h-etiaxil-40gr\/#primaryimage\"},\"thumbnailUrl\":\"https:\/\/orthopara.store\/wp-content\/uploads\/2024\/06\/stick-anti-transpirant-48h-etiaxil-40gr.jpg\",\"datePublished\":\"2024-06-28T13:57:55+00:00\",\"dateModified\":\"2024-06-28T13:58:00+00:00\",\"breadcrumb\":{\"@id\":\"https:\/\/orthopara.store\/index.php\/produit\/stick-anti-transpirant-48h-etiaxil-40gr\/#breadcrumb\"},\"inLanguage\":\"fr-FR\",\"potentialAction\":[{\"@type\":\"ReadAction\",\"target\":[\"https:\/\/orthopara.store\/index.php\/produit\/stick-anti-transpirant-48h-etiaxil-40gr\/\"]}]},{\"@type\":\"ImageObject\",\"inLanguage\":\"fr-FR\",\"@id\":\"https:\/\/orthopara.store\/index.php\/produit\/stick-anti-transpirant-48h-etiaxil-40gr\/#primaryimage\",\"url\":\"https:\/\/orthopara.store\/wp-content\/uploads\/2024\/06\/stick-anti-transpirant-48h-etiaxil-40gr.jpg\",\"contentUrl\":\"https:\/\/orthopara.store\/wp-content\/uploads\/2024\/06\/stick-anti-transpirant-48h-etiaxil-40gr.jpg\",\"width\":800,\"height\":800},{\"@type\":\"BreadcrumbList\",\"@id\":\"https:\/\/orthopara.store\/index.php\/produit\/stick-anti-transpirant-48h-etiaxil-40gr\/#breadcrumb\",\"itemListElement\":[{\"@type\":\"ListItem\",\"position\":1,\"name\":\"Accueil\",\"item\":\"https:\/\/orthopara.store\/\"},{\"@type\":\"ListItem\",\"position\":2,\"name\":\"Shop\",\"item\":\"https:\/\/orthopara.store\/?page_id=622\"},{\"@type\":\"ListItem\",\"position\":3,\"name\":\"Stick anti-transpirant 48h &#8211; Etiaxil &#8211; 40gr\"}]},{\"@type\":\"WebSite\",\"@id\":\"https:\/\/orthopara.store\/#website\",\"url\":\"https:\/\/orthopara.store\/\",\"name\":\"OrthoPara\",\"description\":\"Parapharmacie\",\"publisher\":{\"@id\":\"https:\/\/orthopara.store\/#organization\"},\"potentialAction\":[{\"@type\":\"SearchAction\",\"target\":{\"@type\":\"EntryPoint\",\"urlTemplate\":\"https:\/\/orthopara.store\/?s={search_term_string}\"},\"query-input\":\"required name=search_term_string\"}],\"inLanguage\":\"fr-FR\"},{\"@type\":\"Organization\",\"@id\":\"https:\/\/orthopara.store\/#organization\",\"name\":\"OrthoPara\",\"url\":\"https:\/\/orthopara.store\/\",\"logo\":{\"@type\":\"ImageObject\",\"inLanguage\":\"fr-FR\",\"@id\":\"https:\/\/orthopara.store\/#\/schema\/logo\/image\/\",\"url\":\"https:\/\/orthopara.store\/wp-content\/uploads\/2024\/06\/cropped-9ABA8BAD-6256-4719-9315-15C66E64E882.png\",\"contentUrl\":\"https:\/\/orthopara.store\/wp-content\/uploads\/2024\/06\/cropped-9ABA8BAD-6256-4719-9315-15C66E64E882.png\",\"width\":240,\"height\":72,\"caption\":\"OrthoPara\"},\"image\":{\"@id\":\"https:\/\/orthopara.store\/#\/schema\/logo\/image\/\"},\"sameAs\":[\"https:\/\/www.facebook.com\/profile.php?id=61561194315651\",\"https:\/\/www.instagram.com\/orthopara_tunisie\/\"]}]}<\/script>\n<!-- \/ Yoast SEO plugin. -->","yoast_head_json":{"title":"Stick anti-transpirant 48h - Etiaxil - 40gr - OrthoPara","robots":{"index":"index","follow":"follow","max-snippet":"max-snippet:-1","max-image-preview":"max-image-preview:large","max-video-preview":"max-video-preview:-1"},"canonical":"https:\/\/orthopara.store\/index.php\/produit\/stick-anti-transpirant-48h-etiaxil-40gr\/","og_locale":"fr_FR","og_type":"article","og_title":"Stick anti-transpirant 48h - Etiaxil - 40gr - OrthoPara","og_description":"Etiaxil D\u00e9odorant Stick anti-transpirant protection 48h 1 application stoppe la transpiration mod\u00e9r\u00e9e jusqu\u2019\u00e0 48h Efficacit\u00e9 prouv\u00e9e cliniquement : anti-humidit\u00e9 et anti-odeur Formul\u00e9 sans alcool, enrichi en agent apaisant Test\u00e9 sous contr\u00f4le dermatologique Formul\u00e9 pour maximiser le confort des peaux sensibles Anti-traces blanches et jaunes Pr\u00e9sentation : Stick 40ml DLC : 01\/2025","og_url":"https:\/\/orthopara.store\/index.php\/produit\/stick-anti-transpirant-48h-etiaxil-40gr\/","og_site_name":"OrthoPara","article_publisher":"https:\/\/www.facebook.com\/profile.php?id=61561194315651","article_modified_time":"2024-06-28T13:58:00+00:00","og_image":[{"width":800,"height":800,"url":"https:\/\/orthopara.store\/wp-content\/uploads\/2024\/06\/stick-anti-transpirant-48h-etiaxil-40gr.jpg","type":"image\/jpeg"}],"twitter_card":"summary_large_image","twitter_misc":{"Dur\u00e9e de lecture estim\u00e9e":"1 minute"},"schema":{"@context":"https:\/\/schema.org","@graph":[{"@type":"WebPage","@id":"https:\/\/orthopara.store\/index.php\/produit\/stick-anti-transpirant-48h-etiaxil-40gr\/","url":"https:\/\/orthopara.store\/index.php\/produit\/stick-anti-transpirant-48h-etiaxil-40gr\/","name":"Stick anti-transpirant 48h - Etiaxil - 40gr - OrthoPara","isPartOf":{"@id":"https:\/\/orthopara.store\/#website"},"primaryImageOfPage":{"@id":"https:\/\/orthopara.store\/index.php\/produit\/stick-anti-transpirant-48h-etiaxil-40gr\/#primaryimage"},"image":{"@id":"https:\/\/orthopara.store\/index.php\/produit\/stick-anti-transpirant-48h-etiaxil-40gr\/#primaryimage"},"thumbnailUrl":"https:\/\/orthopara.store\/wp-content\/uploads\/2024\/06\/stick-anti-transpirant-48h-etiaxil-40gr.jpg","datePublished":"2024-06-28T13:57:55+00:00","dateModified":"2024-06-28T13:58:00+00:00","breadcrumb":{"@id":"https:\/\/orthopara.store\/index.php\/produit\/stick-anti-transpirant-48h-etiaxil-40gr\/#breadcrumb"},"inLanguage":"fr-FR","potentialAction":[{"@type":"ReadAction","target":["https:\/\/orthopara.store\/index.php\/produit\/stick-anti-transpirant-48h-etiaxil-40gr\/"]}]},{"@type":"ImageObject","inLanguage":"fr-FR","@id":"https:\/\/orthopara.store\/index.php\/produit\/stick-anti-transpirant-48h-etiaxil-40gr\/#primaryimage","url":"https:\/\/orthopara.store\/wp-content\/uploads\/2024\/06\/stick-anti-transpirant-48h-etiaxil-40gr.jpg","contentUrl":"https:\/\/orthopara.store\/wp-content\/uploads\/2024\/06\/stick-anti-transpirant-48h-etiaxil-40gr.jpg","width":800,"height":800},{"@type":"BreadcrumbList","@id":"https:\/\/orthopara.store\/index.php\/produit\/stick-anti-transpirant-48h-etiaxil-40gr\/#breadcrumb","itemListElement":[{"@type":"ListItem","position":1,"name":"Accueil","item":"https:\/\/orthopara.store\/"},{"@type":"ListItem","position":2,"name":"Shop","item":"https:\/\/orthopara.store\/?page_id=622"},{"@type":"ListItem","position":3,"name":"Stick anti-transpirant 48h &#8211; Etiaxil &#8211; 40gr"}]},{"@type":"WebSite","@id":"https:\/\/orthopara.store\/#website","url":"https:\/\/orthopara.store\/","name":"OrthoPara","description":"Parapharmacie","publisher":{"@id":"https:\/\/orthopara.store\/#organization"},"potentialAction":[{"@type":"SearchAction","target":{"@type":"EntryPoint","urlTemplate":"https:\/\/orthopara.store\/?s={search_term_string}"},"query-input":"required name=search_term_string"}],"inLanguage":"fr-FR"},{"@type":"Organization","@id":"https:\/\/orthopara.store\/#organization","name":"OrthoPara","url":"https:\/\/orthopara.store\/","logo":{"@type":"ImageObject","inLanguage":"fr-FR","@id":"https:\/\/orthopara.store\/#\/schema\/logo\/image\/","url":"https:\/\/orthopara.store\/wp-content\/uploads\/2024\/06\/cropped-9ABA8BAD-6256-4719-9315-15C66E64E882.png","contentUrl":"https:\/\/orthopara.store\/wp-content\/uploads\/2024\/06\/cropped-9ABA8BAD-6256-4719-9315-15C66E64E882.png","width":240,"height":72,"caption":"OrthoPara"},"image":{"@id":"https:\/\/orthopara.store\/#\/schema\/logo\/image\/"},"sameAs":["https:\/\/www.facebook.com\/profile.php?id=61561194315651","https:\/\/www.instagram.com\/orthopara_tunisie\/"]}]}},"jetpack_sharing_enabled":true,"brands":[{"id":284,"name":"Etiaxil","slug":"etiaxil"}],"_links":{"self":[{"href":"https:\/\/orthopara.store\/index.php?rest_route=\/wp\/v2\/product\/2285","targetHints":{"allow":["GET"]}}],"collection":[{"href":"https:\/\/orthopara.store\/index.php?rest_route=\/wp\/v2\/product"}],"about":[{"href":"https:\/\/orthopara.store\/index.php?rest_route=\/wp\/v2\/types\/product"}],"replies":[{"embeddable":true,"href":"https:\/\/orthopara.store\/index.php?rest_route=%2Fwp%2Fv2%2Fcomments&post=2285"}],"wp:featuredmedia":[{"embeddable":true,"href":"https:\/\/orthopara.store\/index.php?rest_route=\/wp\/v2\/media\/2301"}],"wp:attachment":[{"href":"https:\/\/orthopara.store\/index.php?rest_route=%2Fwp%2Fv2%2Fmedia&parent=2285"}],"wp:term":[{"taxonomy":"pwb-brand","embeddable":true,"href":"https:\/\/orthopara.store\/index.php?rest_route=%2Fwp%2Fv2%2Fpwb-brand&post=2285"},{"taxonomy":"product_cat","embeddable":true,"href":"https:\/\/orthopara.store\/index.php?rest_route=%2Fwp%2Fv2%2Fproduct_cat&post=2285"},{"taxonomy":"product_tag","embeddable":true,"href":"https:\/\/orthopara.store\/index.php?rest_route=%2Fwp%2Fv2%2Fproduct_tag&post=2285"}],"curies":[{"name":"wp","href":"https:\/\/api.w.org\/{rel}","templated":true}]}}