{"id":2289,"date":"2024-06-28T15:57:56","date_gmt":"2024-06-28T13:57:56","guid":{"rendered":"https:\/\/orthopara.store\/?post_type=product&#038;p=2289"},"modified":"2024-06-28T15:58:02","modified_gmt":"2024-06-28T13:58:02","slug":"deodorant-roll-on-anti-transpiration-intense-48h-vichy-50ml","status":"publish","type":"product","link":"https:\/\/orthopara.store\/?product=deodorant-roll-on-anti-transpiration-intense-48h-vichy-50ml","title":{"rendered":"D\u00e9odorant Roll-On Anti-transpiration intense 48h &#8211; Vichy &#8211; 50ml"},"content":{"rendered":"<p>D\u00e9odorant Roll On Anti-transpiration intense 48h &#8211; Vichy &#8211; 50ml<br \/>\nLe Traitement Roll-on anti-transpirant 48h Transpiration intense.<br \/>\nPour les hommes et les femmes qui souffrent d&rsquo;une transpiration intense et qui recherchent une efficacit\u00e9 longue dur\u00e9e, sans inconfort sur leur peau. L&rsquo;efficacit\u00e9 du anti-transpirante longue dur\u00e9e sans inconfort pour la peau. Ses Actifs anti-transpirants micro-affin\u00e9s permettent une action encore plus cibl\u00e9e au c\u0153ur des pores sudoraux pendant 48h.<\/p>\n","protected":false},"excerpt":{"rendered":"<p>Vichy\u00a0<br \/>\nLe Traitement Roll-on anti-transpirant 48h- Transpiration intense.<br \/>\nPour les hommes et les femmes qui souffrent d&rsquo;une transpiration intense et qui recherchent une efficacit\u00e9 longue dur\u00e9e, sans inconfort sur leur peau.<br \/>\nConvient aux peaux sensibles\u00a0<br \/>\nSans alcool<br \/>\nHypoallerg\u00e9nique\u00a0<br \/>\nContenance : 50ml<br \/>\nDLC : 12 mois apr\u00e8s l&rsquo;ouverture\u00a0<\/p>\n","protected":false},"featured_media":2305,"comment_status":"open","ping_status":"closed","template":"","meta":[],"pwb-brand":[100],"product_cat":[282],"product_tag":[],"class_list":{"0":"post-2289","1":"product","2":"type-product","3":"status-publish","4":"has-post-thumbnail","6":"pwb-brand-vichy","7":"product_cat-deodorant-homme","8":"post","9":"ws-product--style-1","11":"first","12":"instock","13":"shipping-taxable","14":"purchasable","15":"product-type-simple"},"yoast_head":"<!-- This site is optimized with the Yoast SEO plugin v23.0 - https:\/\/yoast.com\/wordpress\/plugins\/seo\/ -->\n<title>D\u00e9odorant Roll-On Anti-transpiration intense 48h - Vichy - 50ml - OrthoPara<\/title>\n<meta name=\"robots\" content=\"index, follow, max-snippet:-1, max-image-preview:large, max-video-preview:-1\" \/>\n<link rel=\"canonical\" href=\"https:\/\/orthopara.store\/index.php\/produit\/deodorant-roll-on-anti-transpiration-intense-48h-vichy-50ml\/\" \/>\n<meta property=\"og:locale\" content=\"fr_FR\" \/>\n<meta property=\"og:type\" content=\"article\" \/>\n<meta property=\"og:title\" content=\"D\u00e9odorant Roll-On Anti-transpiration intense 48h - Vichy - 50ml - OrthoPara\" \/>\n<meta property=\"og:description\" content=\"Vichy\u00a0 Le Traitement Roll-on anti-transpirant 48h- Transpiration intense. Pour les hommes et les femmes qui souffrent d&#039;une transpiration intense et qui recherchent une efficacit\u00e9 longue dur\u00e9e, sans inconfort sur leur peau. Convient aux peaux sensibles\u00a0 Sans alcool Hypoallerg\u00e9nique\u00a0 Contenance : 50ml DLC : 12 mois apr\u00e8s l&#039;ouverture\u00a0\" \/>\n<meta property=\"og:url\" content=\"https:\/\/orthopara.store\/index.php\/produit\/deodorant-roll-on-anti-transpiration-intense-48h-vichy-50ml\/\" \/>\n<meta property=\"og:site_name\" content=\"OrthoPara\" \/>\n<meta property=\"article:publisher\" content=\"https:\/\/www.facebook.com\/profile.php?id=61561194315651\" \/>\n<meta property=\"article:modified_time\" content=\"2024-06-28T13:58:02+00:00\" \/>\n<meta property=\"og:image\" content=\"https:\/\/orthopara.store\/wp-content\/uploads\/2024\/06\/deodorant-roll-on-anti-transpiration-intense-48h-vichy-50ml.jpg\" \/>\n\t<meta property=\"og:image:width\" content=\"800\" \/>\n\t<meta property=\"og:image:height\" content=\"800\" \/>\n\t<meta property=\"og:image:type\" content=\"image\/jpeg\" \/>\n<meta name=\"twitter:card\" content=\"summary_large_image\" \/>\n<script type=\"application\/ld+json\" class=\"yoast-schema-graph\">{\"@context\":\"https:\/\/schema.org\",\"@graph\":[{\"@type\":\"WebPage\",\"@id\":\"https:\/\/orthopara.store\/index.php\/produit\/deodorant-roll-on-anti-transpiration-intense-48h-vichy-50ml\/\",\"url\":\"https:\/\/orthopara.store\/index.php\/produit\/deodorant-roll-on-anti-transpiration-intense-48h-vichy-50ml\/\",\"name\":\"D\u00e9odorant Roll-On Anti-transpiration intense 48h - Vichy - 50ml - OrthoPara\",\"isPartOf\":{\"@id\":\"https:\/\/orthopara.store\/#website\"},\"primaryImageOfPage\":{\"@id\":\"https:\/\/orthopara.store\/index.php\/produit\/deodorant-roll-on-anti-transpiration-intense-48h-vichy-50ml\/#primaryimage\"},\"image\":{\"@id\":\"https:\/\/orthopara.store\/index.php\/produit\/deodorant-roll-on-anti-transpiration-intense-48h-vichy-50ml\/#primaryimage\"},\"thumbnailUrl\":\"https:\/\/orthopara.store\/wp-content\/uploads\/2024\/06\/deodorant-roll-on-anti-transpiration-intense-48h-vichy-50ml.jpg\",\"datePublished\":\"2024-06-28T13:57:56+00:00\",\"dateModified\":\"2024-06-28T13:58:02+00:00\",\"breadcrumb\":{\"@id\":\"https:\/\/orthopara.store\/index.php\/produit\/deodorant-roll-on-anti-transpiration-intense-48h-vichy-50ml\/#breadcrumb\"},\"inLanguage\":\"fr-FR\",\"potentialAction\":[{\"@type\":\"ReadAction\",\"target\":[\"https:\/\/orthopara.store\/index.php\/produit\/deodorant-roll-on-anti-transpiration-intense-48h-vichy-50ml\/\"]}]},{\"@type\":\"ImageObject\",\"inLanguage\":\"fr-FR\",\"@id\":\"https:\/\/orthopara.store\/index.php\/produit\/deodorant-roll-on-anti-transpiration-intense-48h-vichy-50ml\/#primaryimage\",\"url\":\"https:\/\/orthopara.store\/wp-content\/uploads\/2024\/06\/deodorant-roll-on-anti-transpiration-intense-48h-vichy-50ml.jpg\",\"contentUrl\":\"https:\/\/orthopara.store\/wp-content\/uploads\/2024\/06\/deodorant-roll-on-anti-transpiration-intense-48h-vichy-50ml.jpg\",\"width\":800,\"height\":800},{\"@type\":\"BreadcrumbList\",\"@id\":\"https:\/\/orthopara.store\/index.php\/produit\/deodorant-roll-on-anti-transpiration-intense-48h-vichy-50ml\/#breadcrumb\",\"itemListElement\":[{\"@type\":\"ListItem\",\"position\":1,\"name\":\"Accueil\",\"item\":\"https:\/\/orthopara.store\/\"},{\"@type\":\"ListItem\",\"position\":2,\"name\":\"Shop\",\"item\":\"https:\/\/orthopara.store\/?page_id=622\"},{\"@type\":\"ListItem\",\"position\":3,\"name\":\"D\u00e9odorant Roll-On Anti-transpiration intense 48h &#8211; Vichy &#8211; 50ml\"}]},{\"@type\":\"WebSite\",\"@id\":\"https:\/\/orthopara.store\/#website\",\"url\":\"https:\/\/orthopara.store\/\",\"name\":\"OrthoPara\",\"description\":\"Parapharmacie\",\"publisher\":{\"@id\":\"https:\/\/orthopara.store\/#organization\"},\"potentialAction\":[{\"@type\":\"SearchAction\",\"target\":{\"@type\":\"EntryPoint\",\"urlTemplate\":\"https:\/\/orthopara.store\/?s={search_term_string}\"},\"query-input\":\"required name=search_term_string\"}],\"inLanguage\":\"fr-FR\"},{\"@type\":\"Organization\",\"@id\":\"https:\/\/orthopara.store\/#organization\",\"name\":\"OrthoPara\",\"url\":\"https:\/\/orthopara.store\/\",\"logo\":{\"@type\":\"ImageObject\",\"inLanguage\":\"fr-FR\",\"@id\":\"https:\/\/orthopara.store\/#\/schema\/logo\/image\/\",\"url\":\"https:\/\/orthopara.store\/wp-content\/uploads\/2024\/06\/cropped-9ABA8BAD-6256-4719-9315-15C66E64E882.png\",\"contentUrl\":\"https:\/\/orthopara.store\/wp-content\/uploads\/2024\/06\/cropped-9ABA8BAD-6256-4719-9315-15C66E64E882.png\",\"width\":240,\"height\":72,\"caption\":\"OrthoPara\"},\"image\":{\"@id\":\"https:\/\/orthopara.store\/#\/schema\/logo\/image\/\"},\"sameAs\":[\"https:\/\/www.facebook.com\/profile.php?id=61561194315651\",\"https:\/\/www.instagram.com\/orthopara_tunisie\/\"]}]}<\/script>\n<!-- \/ Yoast SEO plugin. -->","yoast_head_json":{"title":"D\u00e9odorant Roll-On Anti-transpiration intense 48h - Vichy - 50ml - OrthoPara","robots":{"index":"index","follow":"follow","max-snippet":"max-snippet:-1","max-image-preview":"max-image-preview:large","max-video-preview":"max-video-preview:-1"},"canonical":"https:\/\/orthopara.store\/index.php\/produit\/deodorant-roll-on-anti-transpiration-intense-48h-vichy-50ml\/","og_locale":"fr_FR","og_type":"article","og_title":"D\u00e9odorant Roll-On Anti-transpiration intense 48h - Vichy - 50ml - OrthoPara","og_description":"Vichy\u00a0 Le Traitement Roll-on anti-transpirant 48h- Transpiration intense. Pour les hommes et les femmes qui souffrent d'une transpiration intense et qui recherchent une efficacit\u00e9 longue dur\u00e9e, sans inconfort sur leur peau. Convient aux peaux sensibles\u00a0 Sans alcool Hypoallerg\u00e9nique\u00a0 Contenance : 50ml DLC : 12 mois apr\u00e8s l'ouverture\u00a0","og_url":"https:\/\/orthopara.store\/index.php\/produit\/deodorant-roll-on-anti-transpiration-intense-48h-vichy-50ml\/","og_site_name":"OrthoPara","article_publisher":"https:\/\/www.facebook.com\/profile.php?id=61561194315651","article_modified_time":"2024-06-28T13:58:02+00:00","og_image":[{"width":800,"height":800,"url":"https:\/\/orthopara.store\/wp-content\/uploads\/2024\/06\/deodorant-roll-on-anti-transpiration-intense-48h-vichy-50ml.jpg","type":"image\/jpeg"}],"twitter_card":"summary_large_image","schema":{"@context":"https:\/\/schema.org","@graph":[{"@type":"WebPage","@id":"https:\/\/orthopara.store\/index.php\/produit\/deodorant-roll-on-anti-transpiration-intense-48h-vichy-50ml\/","url":"https:\/\/orthopara.store\/index.php\/produit\/deodorant-roll-on-anti-transpiration-intense-48h-vichy-50ml\/","name":"D\u00e9odorant Roll-On Anti-transpiration intense 48h - Vichy - 50ml - OrthoPara","isPartOf":{"@id":"https:\/\/orthopara.store\/#website"},"primaryImageOfPage":{"@id":"https:\/\/orthopara.store\/index.php\/produit\/deodorant-roll-on-anti-transpiration-intense-48h-vichy-50ml\/#primaryimage"},"image":{"@id":"https:\/\/orthopara.store\/index.php\/produit\/deodorant-roll-on-anti-transpiration-intense-48h-vichy-50ml\/#primaryimage"},"thumbnailUrl":"https:\/\/orthopara.store\/wp-content\/uploads\/2024\/06\/deodorant-roll-on-anti-transpiration-intense-48h-vichy-50ml.jpg","datePublished":"2024-06-28T13:57:56+00:00","dateModified":"2024-06-28T13:58:02+00:00","breadcrumb":{"@id":"https:\/\/orthopara.store\/index.php\/produit\/deodorant-roll-on-anti-transpiration-intense-48h-vichy-50ml\/#breadcrumb"},"inLanguage":"fr-FR","potentialAction":[{"@type":"ReadAction","target":["https:\/\/orthopara.store\/index.php\/produit\/deodorant-roll-on-anti-transpiration-intense-48h-vichy-50ml\/"]}]},{"@type":"ImageObject","inLanguage":"fr-FR","@id":"https:\/\/orthopara.store\/index.php\/produit\/deodorant-roll-on-anti-transpiration-intense-48h-vichy-50ml\/#primaryimage","url":"https:\/\/orthopara.store\/wp-content\/uploads\/2024\/06\/deodorant-roll-on-anti-transpiration-intense-48h-vichy-50ml.jpg","contentUrl":"https:\/\/orthopara.store\/wp-content\/uploads\/2024\/06\/deodorant-roll-on-anti-transpiration-intense-48h-vichy-50ml.jpg","width":800,"height":800},{"@type":"BreadcrumbList","@id":"https:\/\/orthopara.store\/index.php\/produit\/deodorant-roll-on-anti-transpiration-intense-48h-vichy-50ml\/#breadcrumb","itemListElement":[{"@type":"ListItem","position":1,"name":"Accueil","item":"https:\/\/orthopara.store\/"},{"@type":"ListItem","position":2,"name":"Shop","item":"https:\/\/orthopara.store\/?page_id=622"},{"@type":"ListItem","position":3,"name":"D\u00e9odorant Roll-On Anti-transpiration intense 48h &#8211; Vichy &#8211; 50ml"}]},{"@type":"WebSite","@id":"https:\/\/orthopara.store\/#website","url":"https:\/\/orthopara.store\/","name":"OrthoPara","description":"Parapharmacie","publisher":{"@id":"https:\/\/orthopara.store\/#organization"},"potentialAction":[{"@type":"SearchAction","target":{"@type":"EntryPoint","urlTemplate":"https:\/\/orthopara.store\/?s={search_term_string}"},"query-input":"required name=search_term_string"}],"inLanguage":"fr-FR"},{"@type":"Organization","@id":"https:\/\/orthopara.store\/#organization","name":"OrthoPara","url":"https:\/\/orthopara.store\/","logo":{"@type":"ImageObject","inLanguage":"fr-FR","@id":"https:\/\/orthopara.store\/#\/schema\/logo\/image\/","url":"https:\/\/orthopara.store\/wp-content\/uploads\/2024\/06\/cropped-9ABA8BAD-6256-4719-9315-15C66E64E882.png","contentUrl":"https:\/\/orthopara.store\/wp-content\/uploads\/2024\/06\/cropped-9ABA8BAD-6256-4719-9315-15C66E64E882.png","width":240,"height":72,"caption":"OrthoPara"},"image":{"@id":"https:\/\/orthopara.store\/#\/schema\/logo\/image\/"},"sameAs":["https:\/\/www.facebook.com\/profile.php?id=61561194315651","https:\/\/www.instagram.com\/orthopara_tunisie\/"]}]}},"jetpack_sharing_enabled":true,"brands":[{"id":100,"name":"Vichy","slug":"vichy"}],"_links":{"self":[{"href":"https:\/\/orthopara.store\/index.php?rest_route=\/wp\/v2\/product\/2289","targetHints":{"allow":["GET"]}}],"collection":[{"href":"https:\/\/orthopara.store\/index.php?rest_route=\/wp\/v2\/product"}],"about":[{"href":"https:\/\/orthopara.store\/index.php?rest_route=\/wp\/v2\/types\/product"}],"replies":[{"embeddable":true,"href":"https:\/\/orthopara.store\/index.php?rest_route=%2Fwp%2Fv2%2Fcomments&post=2289"}],"wp:featuredmedia":[{"embeddable":true,"href":"https:\/\/orthopara.store\/index.php?rest_route=\/wp\/v2\/media\/2305"}],"wp:attachment":[{"href":"https:\/\/orthopara.store\/index.php?rest_route=%2Fwp%2Fv2%2Fmedia&parent=2289"}],"wp:term":[{"taxonomy":"pwb-brand","embeddable":true,"href":"https:\/\/orthopara.store\/index.php?rest_route=%2Fwp%2Fv2%2Fpwb-brand&post=2289"},{"taxonomy":"product_cat","embeddable":true,"href":"https:\/\/orthopara.store\/index.php?rest_route=%2Fwp%2Fv2%2Fproduct_cat&post=2289"},{"taxonomy":"product_tag","embeddable":true,"href":"https:\/\/orthopara.store\/index.php?rest_route=%2Fwp%2Fv2%2Fproduct_tag&post=2289"}],"curies":[{"name":"wp","href":"https:\/\/api.w.org\/{rel}","templated":true}]}}