{"id":2292,"date":"2024-06-28T15:57:56","date_gmt":"2024-06-28T13:57:56","guid":{"rendered":"https:\/\/orthopara.store\/?post_type=product&#038;p=2292"},"modified":"2024-06-28T15:58:03","modified_gmt":"2024-06-28T13:58:03","slug":"deodorant-absorb-spray-homme-roge-cavailles-150ml","status":"publish","type":"product","link":"https:\/\/orthopara.store\/?product=deodorant-absorb-spray-homme-roge-cavailles-150ml","title":{"rendered":"D\u00e9odorant absorb+ spray homme &#8211; Rog\u00e9 Cavaill\u00e8s &#8211; 150ml"},"content":{"rendered":"<p>D\u00e9odorant absorb+ spray homme &#8211; Rog\u00e9 Cavaill\u00e8s &#8211; 150ml<br \/>\nCet Anti-Transpirant Homme conjugue efficacit\u00e9 et respect des peaux sensibles. Gr\u00e2ce \u00e0 ses actifs 5 fois plus absorbants que le talc , ce D\u00e9odorant Homme Sans Alcool garantit 48H d\u2019action contre les mauvaises odeurs et l\u2019apparition d\u2019aur\u00e9oles lors des pics de transpiration.<br \/>\nSa formule sans alcool est sp\u00e9cialement con\u00e7ue pour respecter les peaux les plus sensibles. Subtilement parfum\u00e9, cet Anti Transpirant Homme vous dispense un parfum frais et masculin efficace tout au long de la journ\u00e9e.<br \/>\nR\u00e9sultat :<br \/>\nLe spray agit m\u00eame lors des pics de transpiration pour pr\u00e9venir l&rsquo;apparition d&rsquo;odeurs et d&rsquo;aur\u00e9oles tout au long de la journ\u00e9e.\u00a0 \u00a0 Composition : \u00a0 Formule INCI : Aqua, Aluminum Chlorohydrate, PPG-15 Stearyl Ether, Steareth-2, Parfum, Steareth-21, Magnesium Aluminometasilicate, Talc, Tocopheryl Acetate, PEG-6 Caprylic\/Capric Glycerides. Test\u00e9 cliniquement par des dermatologues sur peaux sensibles,. Hypoallerg\u00e9nique. Sans alcool.\u00a0 Sans paraben.<br \/>\nConseils d&rsquo;utilisation :<br \/>\nIl est recommand\u00e9 d&rsquo;Appliquer\u00a0ROGE CAVAILLES\u00a0Absorb+\u00a0\u00a0D\u00e9odorant\u00a0\u00a0Anti-transpiration quotidiennement sur des aisselles propres et s\u00e8ches.\u00a0 \u00a0<\/p>\n","protected":false},"excerpt":{"rendered":"<p>Rog\u00e9 Cavaill\u00e8s<br \/>\nD\u00e9odorant absorb+ spray homme<br \/>\nTest\u00e9 cliniquement par des dermatologues sur peaux sensibles<br \/>\nHypoallerg\u00e9nique.\u00a0Sans alcool.\u00a0Sans paraben.<br \/>\ncontenance : 150ml<\/p>\n","protected":false},"featured_media":2308,"comment_status":"open","ping_status":"closed","template":"","meta":[],"pwb-brand":[283],"product_cat":[282],"product_tag":[],"class_list":{"0":"post-2292","1":"product","2":"type-product","3":"status-publish","4":"has-post-thumbnail","6":"pwb-brand-roge-cavailles","7":"product_cat-deodorant-homme","8":"post","9":"ws-product--style-1","11":"first","12":"instock","13":"shipping-taxable","14":"purchasable","15":"product-type-simple"},"yoast_head":"<!-- This site is optimized with the Yoast SEO plugin v23.0 - https:\/\/yoast.com\/wordpress\/plugins\/seo\/ -->\n<title>D\u00e9odorant absorb+ spray homme - Rog\u00e9 Cavaill\u00e8s - 150ml - OrthoPara<\/title>\n<meta name=\"robots\" content=\"index, follow, max-snippet:-1, max-image-preview:large, max-video-preview:-1\" \/>\n<link rel=\"canonical\" href=\"https:\/\/orthopara.store\/index.php\/produit\/deodorant-absorb-spray-homme-roge-cavailles-150ml\/\" \/>\n<meta property=\"og:locale\" content=\"fr_FR\" \/>\n<meta property=\"og:type\" content=\"article\" \/>\n<meta property=\"og:title\" content=\"D\u00e9odorant absorb+ spray homme - Rog\u00e9 Cavaill\u00e8s - 150ml - OrthoPara\" \/>\n<meta property=\"og:description\" content=\"Rog\u00e9 Cavaill\u00e8s D\u00e9odorant absorb+ spray homme Test\u00e9 cliniquement par des dermatologues sur peaux sensibles Hypoallerg\u00e9nique.\u00a0Sans alcool.\u00a0Sans paraben. contenance : 150ml\" \/>\n<meta property=\"og:url\" content=\"https:\/\/orthopara.store\/index.php\/produit\/deodorant-absorb-spray-homme-roge-cavailles-150ml\/\" \/>\n<meta property=\"og:site_name\" content=\"OrthoPara\" \/>\n<meta property=\"article:publisher\" content=\"https:\/\/www.facebook.com\/profile.php?id=61561194315651\" \/>\n<meta property=\"article:modified_time\" content=\"2024-06-28T13:58:03+00:00\" \/>\n<meta property=\"og:image\" content=\"https:\/\/orthopara.store\/wp-content\/uploads\/2024\/06\/deodorant-absorb-spray-homme-roge-cavailles-150ml.jpg\" \/>\n\t<meta property=\"og:image:width\" content=\"800\" \/>\n\t<meta property=\"og:image:height\" content=\"800\" \/>\n\t<meta property=\"og:image:type\" content=\"image\/jpeg\" \/>\n<meta name=\"twitter:card\" content=\"summary_large_image\" \/>\n<meta name=\"twitter:label1\" content=\"Dur\u00e9e de lecture estim\u00e9e\" \/>\n\t<meta name=\"twitter:data1\" content=\"1 minute\" \/>\n<script type=\"application\/ld+json\" class=\"yoast-schema-graph\">{\"@context\":\"https:\/\/schema.org\",\"@graph\":[{\"@type\":\"WebPage\",\"@id\":\"https:\/\/orthopara.store\/index.php\/produit\/deodorant-absorb-spray-homme-roge-cavailles-150ml\/\",\"url\":\"https:\/\/orthopara.store\/index.php\/produit\/deodorant-absorb-spray-homme-roge-cavailles-150ml\/\",\"name\":\"D\u00e9odorant absorb+ spray homme - Rog\u00e9 Cavaill\u00e8s - 150ml - OrthoPara\",\"isPartOf\":{\"@id\":\"https:\/\/orthopara.store\/#website\"},\"primaryImageOfPage\":{\"@id\":\"https:\/\/orthopara.store\/index.php\/produit\/deodorant-absorb-spray-homme-roge-cavailles-150ml\/#primaryimage\"},\"image\":{\"@id\":\"https:\/\/orthopara.store\/index.php\/produit\/deodorant-absorb-spray-homme-roge-cavailles-150ml\/#primaryimage\"},\"thumbnailUrl\":\"https:\/\/orthopara.store\/wp-content\/uploads\/2024\/06\/deodorant-absorb-spray-homme-roge-cavailles-150ml.jpg\",\"datePublished\":\"2024-06-28T13:57:56+00:00\",\"dateModified\":\"2024-06-28T13:58:03+00:00\",\"breadcrumb\":{\"@id\":\"https:\/\/orthopara.store\/index.php\/produit\/deodorant-absorb-spray-homme-roge-cavailles-150ml\/#breadcrumb\"},\"inLanguage\":\"fr-FR\",\"potentialAction\":[{\"@type\":\"ReadAction\",\"target\":[\"https:\/\/orthopara.store\/index.php\/produit\/deodorant-absorb-spray-homme-roge-cavailles-150ml\/\"]}]},{\"@type\":\"ImageObject\",\"inLanguage\":\"fr-FR\",\"@id\":\"https:\/\/orthopara.store\/index.php\/produit\/deodorant-absorb-spray-homme-roge-cavailles-150ml\/#primaryimage\",\"url\":\"https:\/\/orthopara.store\/wp-content\/uploads\/2024\/06\/deodorant-absorb-spray-homme-roge-cavailles-150ml.jpg\",\"contentUrl\":\"https:\/\/orthopara.store\/wp-content\/uploads\/2024\/06\/deodorant-absorb-spray-homme-roge-cavailles-150ml.jpg\",\"width\":800,\"height\":800},{\"@type\":\"BreadcrumbList\",\"@id\":\"https:\/\/orthopara.store\/index.php\/produit\/deodorant-absorb-spray-homme-roge-cavailles-150ml\/#breadcrumb\",\"itemListElement\":[{\"@type\":\"ListItem\",\"position\":1,\"name\":\"Accueil\",\"item\":\"https:\/\/orthopara.store\/\"},{\"@type\":\"ListItem\",\"position\":2,\"name\":\"Shop\",\"item\":\"https:\/\/orthopara.store\/?page_id=622\"},{\"@type\":\"ListItem\",\"position\":3,\"name\":\"D\u00e9odorant absorb+ spray homme &#8211; Rog\u00e9 Cavaill\u00e8s &#8211; 150ml\"}]},{\"@type\":\"WebSite\",\"@id\":\"https:\/\/orthopara.store\/#website\",\"url\":\"https:\/\/orthopara.store\/\",\"name\":\"OrthoPara\",\"description\":\"Parapharmacie\",\"publisher\":{\"@id\":\"https:\/\/orthopara.store\/#organization\"},\"potentialAction\":[{\"@type\":\"SearchAction\",\"target\":{\"@type\":\"EntryPoint\",\"urlTemplate\":\"https:\/\/orthopara.store\/?s={search_term_string}\"},\"query-input\":\"required name=search_term_string\"}],\"inLanguage\":\"fr-FR\"},{\"@type\":\"Organization\",\"@id\":\"https:\/\/orthopara.store\/#organization\",\"name\":\"OrthoPara\",\"url\":\"https:\/\/orthopara.store\/\",\"logo\":{\"@type\":\"ImageObject\",\"inLanguage\":\"fr-FR\",\"@id\":\"https:\/\/orthopara.store\/#\/schema\/logo\/image\/\",\"url\":\"https:\/\/orthopara.store\/wp-content\/uploads\/2024\/06\/cropped-9ABA8BAD-6256-4719-9315-15C66E64E882.png\",\"contentUrl\":\"https:\/\/orthopara.store\/wp-content\/uploads\/2024\/06\/cropped-9ABA8BAD-6256-4719-9315-15C66E64E882.png\",\"width\":240,\"height\":72,\"caption\":\"OrthoPara\"},\"image\":{\"@id\":\"https:\/\/orthopara.store\/#\/schema\/logo\/image\/\"},\"sameAs\":[\"https:\/\/www.facebook.com\/profile.php?id=61561194315651\",\"https:\/\/www.instagram.com\/orthopara_tunisie\/\"]}]}<\/script>\n<!-- \/ Yoast SEO plugin. -->","yoast_head_json":{"title":"D\u00e9odorant absorb+ spray homme - Rog\u00e9 Cavaill\u00e8s - 150ml - OrthoPara","robots":{"index":"index","follow":"follow","max-snippet":"max-snippet:-1","max-image-preview":"max-image-preview:large","max-video-preview":"max-video-preview:-1"},"canonical":"https:\/\/orthopara.store\/index.php\/produit\/deodorant-absorb-spray-homme-roge-cavailles-150ml\/","og_locale":"fr_FR","og_type":"article","og_title":"D\u00e9odorant absorb+ spray homme - Rog\u00e9 Cavaill\u00e8s - 150ml - OrthoPara","og_description":"Rog\u00e9 Cavaill\u00e8s D\u00e9odorant absorb+ spray homme Test\u00e9 cliniquement par des dermatologues sur peaux sensibles Hypoallerg\u00e9nique.\u00a0Sans alcool.\u00a0Sans paraben. contenance : 150ml","og_url":"https:\/\/orthopara.store\/index.php\/produit\/deodorant-absorb-spray-homme-roge-cavailles-150ml\/","og_site_name":"OrthoPara","article_publisher":"https:\/\/www.facebook.com\/profile.php?id=61561194315651","article_modified_time":"2024-06-28T13:58:03+00:00","og_image":[{"width":800,"height":800,"url":"https:\/\/orthopara.store\/wp-content\/uploads\/2024\/06\/deodorant-absorb-spray-homme-roge-cavailles-150ml.jpg","type":"image\/jpeg"}],"twitter_card":"summary_large_image","twitter_misc":{"Dur\u00e9e de lecture estim\u00e9e":"1 minute"},"schema":{"@context":"https:\/\/schema.org","@graph":[{"@type":"WebPage","@id":"https:\/\/orthopara.store\/index.php\/produit\/deodorant-absorb-spray-homme-roge-cavailles-150ml\/","url":"https:\/\/orthopara.store\/index.php\/produit\/deodorant-absorb-spray-homme-roge-cavailles-150ml\/","name":"D\u00e9odorant absorb+ spray homme - Rog\u00e9 Cavaill\u00e8s - 150ml - OrthoPara","isPartOf":{"@id":"https:\/\/orthopara.store\/#website"},"primaryImageOfPage":{"@id":"https:\/\/orthopara.store\/index.php\/produit\/deodorant-absorb-spray-homme-roge-cavailles-150ml\/#primaryimage"},"image":{"@id":"https:\/\/orthopara.store\/index.php\/produit\/deodorant-absorb-spray-homme-roge-cavailles-150ml\/#primaryimage"},"thumbnailUrl":"https:\/\/orthopara.store\/wp-content\/uploads\/2024\/06\/deodorant-absorb-spray-homme-roge-cavailles-150ml.jpg","datePublished":"2024-06-28T13:57:56+00:00","dateModified":"2024-06-28T13:58:03+00:00","breadcrumb":{"@id":"https:\/\/orthopara.store\/index.php\/produit\/deodorant-absorb-spray-homme-roge-cavailles-150ml\/#breadcrumb"},"inLanguage":"fr-FR","potentialAction":[{"@type":"ReadAction","target":["https:\/\/orthopara.store\/index.php\/produit\/deodorant-absorb-spray-homme-roge-cavailles-150ml\/"]}]},{"@type":"ImageObject","inLanguage":"fr-FR","@id":"https:\/\/orthopara.store\/index.php\/produit\/deodorant-absorb-spray-homme-roge-cavailles-150ml\/#primaryimage","url":"https:\/\/orthopara.store\/wp-content\/uploads\/2024\/06\/deodorant-absorb-spray-homme-roge-cavailles-150ml.jpg","contentUrl":"https:\/\/orthopara.store\/wp-content\/uploads\/2024\/06\/deodorant-absorb-spray-homme-roge-cavailles-150ml.jpg","width":800,"height":800},{"@type":"BreadcrumbList","@id":"https:\/\/orthopara.store\/index.php\/produit\/deodorant-absorb-spray-homme-roge-cavailles-150ml\/#breadcrumb","itemListElement":[{"@type":"ListItem","position":1,"name":"Accueil","item":"https:\/\/orthopara.store\/"},{"@type":"ListItem","position":2,"name":"Shop","item":"https:\/\/orthopara.store\/?page_id=622"},{"@type":"ListItem","position":3,"name":"D\u00e9odorant absorb+ spray homme &#8211; Rog\u00e9 Cavaill\u00e8s &#8211; 150ml"}]},{"@type":"WebSite","@id":"https:\/\/orthopara.store\/#website","url":"https:\/\/orthopara.store\/","name":"OrthoPara","description":"Parapharmacie","publisher":{"@id":"https:\/\/orthopara.store\/#organization"},"potentialAction":[{"@type":"SearchAction","target":{"@type":"EntryPoint","urlTemplate":"https:\/\/orthopara.store\/?s={search_term_string}"},"query-input":"required name=search_term_string"}],"inLanguage":"fr-FR"},{"@type":"Organization","@id":"https:\/\/orthopara.store\/#organization","name":"OrthoPara","url":"https:\/\/orthopara.store\/","logo":{"@type":"ImageObject","inLanguage":"fr-FR","@id":"https:\/\/orthopara.store\/#\/schema\/logo\/image\/","url":"https:\/\/orthopara.store\/wp-content\/uploads\/2024\/06\/cropped-9ABA8BAD-6256-4719-9315-15C66E64E882.png","contentUrl":"https:\/\/orthopara.store\/wp-content\/uploads\/2024\/06\/cropped-9ABA8BAD-6256-4719-9315-15C66E64E882.png","width":240,"height":72,"caption":"OrthoPara"},"image":{"@id":"https:\/\/orthopara.store\/#\/schema\/logo\/image\/"},"sameAs":["https:\/\/www.facebook.com\/profile.php?id=61561194315651","https:\/\/www.instagram.com\/orthopara_tunisie\/"]}]}},"jetpack_sharing_enabled":true,"brands":[{"id":283,"name":"Rog\u00e9 Cavaill\u00e8s","slug":"roge-cavailles"}],"_links":{"self":[{"href":"https:\/\/orthopara.store\/index.php?rest_route=\/wp\/v2\/product\/2292","targetHints":{"allow":["GET"]}}],"collection":[{"href":"https:\/\/orthopara.store\/index.php?rest_route=\/wp\/v2\/product"}],"about":[{"href":"https:\/\/orthopara.store\/index.php?rest_route=\/wp\/v2\/types\/product"}],"replies":[{"embeddable":true,"href":"https:\/\/orthopara.store\/index.php?rest_route=%2Fwp%2Fv2%2Fcomments&post=2292"}],"wp:featuredmedia":[{"embeddable":true,"href":"https:\/\/orthopara.store\/index.php?rest_route=\/wp\/v2\/media\/2308"}],"wp:attachment":[{"href":"https:\/\/orthopara.store\/index.php?rest_route=%2Fwp%2Fv2%2Fmedia&parent=2292"}],"wp:term":[{"taxonomy":"pwb-brand","embeddable":true,"href":"https:\/\/orthopara.store\/index.php?rest_route=%2Fwp%2Fv2%2Fpwb-brand&post=2292"},{"taxonomy":"product_cat","embeddable":true,"href":"https:\/\/orthopara.store\/index.php?rest_route=%2Fwp%2Fv2%2Fproduct_cat&post=2292"},{"taxonomy":"product_tag","embeddable":true,"href":"https:\/\/orthopara.store\/index.php?rest_route=%2Fwp%2Fv2%2Fproduct_tag&post=2292"}],"curies":[{"name":"wp","href":"https:\/\/api.w.org\/{rel}","templated":true}]}}