{"id":2310,"date":"2024-06-28T15:58:04","date_gmt":"2024-06-28T13:58:04","guid":{"rendered":"https:\/\/orthopara.store\/?post_type=product&#038;p=2310"},"modified":"2024-06-28T15:58:05","modified_gmt":"2024-06-28T13:58:05","slug":"creme-solaire-matifiante-pour-homme-dermacare-photosun-men-spf50-50ml","status":"publish","type":"product","link":"https:\/\/orthopara.store\/?product=creme-solaire-matifiante-pour-homme-dermacare-photosun-men-spf50-50ml","title":{"rendered":"Cr\u00e8me Solaire matifiante &#8211; pour homme &#8211; Dermacare Photosun Men &#8211; spf50+ &#8211; 50ml"},"content":{"rendered":"<p>Cr\u00e8me Solaire matifiante &#8211; pour homme &#8211; Dermacare Photosun Men &#8211; spf50+ &#8211; 50ml<br \/>\nLa Cr\u00e8me Solaire Matifiante spf50+ est sp\u00e9cialement con\u00e7ue pour les peaux grasses pour Hommes afin de r\u00e9pondre un maximum \u00e0 toutes exigences (Odeur, texture, efficacit\u00e9, simplicit\u00e9 d\u2019utilisation..).<br \/>\nSous le soleil, pas d&rsquo;impasse, il faut se prot\u00e9ger l&rsquo;\u00e9piderme des rayons nocifs ! Voil\u00e0 pourquoi, notre cr\u00e8me solaire pour homme est d\u00e9sormais sur le march\u00e9 pour contenter ces messieurs et prot\u00e9ger leur peau en toute s\u00e9curit\u00e9 et toute virilit\u00e9<br \/>\nD\u00e9sormais, bronzez en toute tranquillit\u00e9 avec une protection solaire homme adapt\u00e9e.<\/p>\n","protected":false},"excerpt":{"rendered":"<p>Dermacare Photosun Men<br \/>\nCr\u00e8me Solaire matifiante &#8211; pour homme\u00a0<br \/>\nCr\u00e8me solaire matifiante, haute protection qui prot\u00e8ge la peau des UVA\/UVB, des infrarouges et de la lumi\u00e8re bleue.<br \/>\nContenance : 50ml\u00a0<\/p>\n","protected":false},"featured_media":2314,"comment_status":"open","ping_status":"closed","template":"","meta":[],"pwb-brand":[155],"product_cat":[285],"product_tag":[],"class_list":{"0":"post-2310","1":"product","2":"type-product","3":"status-publish","4":"has-post-thumbnail","6":"pwb-brand-dermacare","7":"product_cat-cremes-solaires-homme","8":"post","9":"ws-product--style-1","11":"first","12":"instock","13":"shipping-taxable","14":"purchasable","15":"product-type-simple"},"yoast_head":"<!-- This site is optimized with the Yoast SEO plugin v23.0 - https:\/\/yoast.com\/wordpress\/plugins\/seo\/ -->\n<title>Cr\u00e8me Solaire matifiante - pour homme - Dermacare Photosun Men - spf50+ - 50ml - OrthoPara<\/title>\n<meta name=\"robots\" content=\"index, follow, max-snippet:-1, max-image-preview:large, max-video-preview:-1\" \/>\n<link rel=\"canonical\" href=\"https:\/\/orthopara.store\/index.php\/produit\/creme-solaire-matifiante-pour-homme-dermacare-photosun-men-spf50-50ml\/\" \/>\n<meta property=\"og:locale\" content=\"fr_FR\" \/>\n<meta property=\"og:type\" content=\"article\" \/>\n<meta property=\"og:title\" content=\"Cr\u00e8me Solaire matifiante - pour homme - Dermacare Photosun Men - spf50+ - 50ml - OrthoPara\" \/>\n<meta property=\"og:description\" content=\"Dermacare Photosun Men Cr\u00e8me Solaire matifiante - pour homme\u00a0 Cr\u00e8me solaire matifiante, haute protection qui prot\u00e8ge la peau des UVA\/UVB, des infrarouges et de la lumi\u00e8re bleue. Contenance : 50ml\u00a0\" \/>\n<meta property=\"og:url\" content=\"https:\/\/orthopara.store\/index.php\/produit\/creme-solaire-matifiante-pour-homme-dermacare-photosun-men-spf50-50ml\/\" \/>\n<meta property=\"og:site_name\" content=\"OrthoPara\" \/>\n<meta property=\"article:publisher\" content=\"https:\/\/www.facebook.com\/profile.php?id=61561194315651\" \/>\n<meta property=\"article:modified_time\" content=\"2024-06-28T13:58:05+00:00\" \/>\n<meta property=\"og:image\" content=\"https:\/\/orthopara.store\/wp-content\/uploads\/2024\/06\/dermacare-photosun-men-creme-solaire-spf50.jpg\" \/>\n\t<meta property=\"og:image:width\" content=\"800\" \/>\n\t<meta property=\"og:image:height\" content=\"800\" \/>\n\t<meta property=\"og:image:type\" content=\"image\/jpeg\" \/>\n<meta name=\"twitter:card\" content=\"summary_large_image\" \/>\n<meta name=\"twitter:label1\" content=\"Dur\u00e9e de lecture estim\u00e9e\" \/>\n\t<meta name=\"twitter:data1\" content=\"1 minute\" \/>\n<script type=\"application\/ld+json\" class=\"yoast-schema-graph\">{\"@context\":\"https:\/\/schema.org\",\"@graph\":[{\"@type\":\"WebPage\",\"@id\":\"https:\/\/orthopara.store\/index.php\/produit\/creme-solaire-matifiante-pour-homme-dermacare-photosun-men-spf50-50ml\/\",\"url\":\"https:\/\/orthopara.store\/index.php\/produit\/creme-solaire-matifiante-pour-homme-dermacare-photosun-men-spf50-50ml\/\",\"name\":\"Cr\u00e8me Solaire matifiante - pour homme - Dermacare Photosun Men - spf50+ - 50ml - OrthoPara\",\"isPartOf\":{\"@id\":\"https:\/\/orthopara.store\/#website\"},\"primaryImageOfPage\":{\"@id\":\"https:\/\/orthopara.store\/index.php\/produit\/creme-solaire-matifiante-pour-homme-dermacare-photosun-men-spf50-50ml\/#primaryimage\"},\"image\":{\"@id\":\"https:\/\/orthopara.store\/index.php\/produit\/creme-solaire-matifiante-pour-homme-dermacare-photosun-men-spf50-50ml\/#primaryimage\"},\"thumbnailUrl\":\"https:\/\/orthopara.store\/wp-content\/uploads\/2024\/06\/dermacare-photosun-men-creme-solaire-spf50.jpg\",\"datePublished\":\"2024-06-28T13:58:04+00:00\",\"dateModified\":\"2024-06-28T13:58:05+00:00\",\"breadcrumb\":{\"@id\":\"https:\/\/orthopara.store\/index.php\/produit\/creme-solaire-matifiante-pour-homme-dermacare-photosun-men-spf50-50ml\/#breadcrumb\"},\"inLanguage\":\"fr-FR\",\"potentialAction\":[{\"@type\":\"ReadAction\",\"target\":[\"https:\/\/orthopara.store\/index.php\/produit\/creme-solaire-matifiante-pour-homme-dermacare-photosun-men-spf50-50ml\/\"]}]},{\"@type\":\"ImageObject\",\"inLanguage\":\"fr-FR\",\"@id\":\"https:\/\/orthopara.store\/index.php\/produit\/creme-solaire-matifiante-pour-homme-dermacare-photosun-men-spf50-50ml\/#primaryimage\",\"url\":\"https:\/\/orthopara.store\/wp-content\/uploads\/2024\/06\/dermacare-photosun-men-creme-solaire-spf50.jpg\",\"contentUrl\":\"https:\/\/orthopara.store\/wp-content\/uploads\/2024\/06\/dermacare-photosun-men-creme-solaire-spf50.jpg\",\"width\":800,\"height\":800},{\"@type\":\"BreadcrumbList\",\"@id\":\"https:\/\/orthopara.store\/index.php\/produit\/creme-solaire-matifiante-pour-homme-dermacare-photosun-men-spf50-50ml\/#breadcrumb\",\"itemListElement\":[{\"@type\":\"ListItem\",\"position\":1,\"name\":\"Accueil\",\"item\":\"https:\/\/orthopara.store\/\"},{\"@type\":\"ListItem\",\"position\":2,\"name\":\"Shop\",\"item\":\"https:\/\/orthopara.store\/?page_id=622\"},{\"@type\":\"ListItem\",\"position\":3,\"name\":\"Cr\u00e8me Solaire matifiante &#8211; pour homme &#8211; Dermacare Photosun Men &#8211; spf50+ &#8211; 50ml\"}]},{\"@type\":\"WebSite\",\"@id\":\"https:\/\/orthopara.store\/#website\",\"url\":\"https:\/\/orthopara.store\/\",\"name\":\"OrthoPara\",\"description\":\"Parapharmacie\",\"publisher\":{\"@id\":\"https:\/\/orthopara.store\/#organization\"},\"potentialAction\":[{\"@type\":\"SearchAction\",\"target\":{\"@type\":\"EntryPoint\",\"urlTemplate\":\"https:\/\/orthopara.store\/?s={search_term_string}\"},\"query-input\":\"required name=search_term_string\"}],\"inLanguage\":\"fr-FR\"},{\"@type\":\"Organization\",\"@id\":\"https:\/\/orthopara.store\/#organization\",\"name\":\"OrthoPara\",\"url\":\"https:\/\/orthopara.store\/\",\"logo\":{\"@type\":\"ImageObject\",\"inLanguage\":\"fr-FR\",\"@id\":\"https:\/\/orthopara.store\/#\/schema\/logo\/image\/\",\"url\":\"https:\/\/orthopara.store\/wp-content\/uploads\/2024\/06\/cropped-9ABA8BAD-6256-4719-9315-15C66E64E882.png\",\"contentUrl\":\"https:\/\/orthopara.store\/wp-content\/uploads\/2024\/06\/cropped-9ABA8BAD-6256-4719-9315-15C66E64E882.png\",\"width\":240,\"height\":72,\"caption\":\"OrthoPara\"},\"image\":{\"@id\":\"https:\/\/orthopara.store\/#\/schema\/logo\/image\/\"},\"sameAs\":[\"https:\/\/www.facebook.com\/profile.php?id=61561194315651\",\"https:\/\/www.instagram.com\/orthopara_tunisie\/\"]}]}<\/script>\n<!-- \/ Yoast SEO plugin. -->","yoast_head_json":{"title":"Cr\u00e8me Solaire matifiante - pour homme - Dermacare Photosun Men - spf50+ - 50ml - OrthoPara","robots":{"index":"index","follow":"follow","max-snippet":"max-snippet:-1","max-image-preview":"max-image-preview:large","max-video-preview":"max-video-preview:-1"},"canonical":"https:\/\/orthopara.store\/index.php\/produit\/creme-solaire-matifiante-pour-homme-dermacare-photosun-men-spf50-50ml\/","og_locale":"fr_FR","og_type":"article","og_title":"Cr\u00e8me Solaire matifiante - pour homme - Dermacare Photosun Men - spf50+ - 50ml - OrthoPara","og_description":"Dermacare Photosun Men Cr\u00e8me Solaire matifiante - pour homme\u00a0 Cr\u00e8me solaire matifiante, haute protection qui prot\u00e8ge la peau des UVA\/UVB, des infrarouges et de la lumi\u00e8re bleue. Contenance : 50ml\u00a0","og_url":"https:\/\/orthopara.store\/index.php\/produit\/creme-solaire-matifiante-pour-homme-dermacare-photosun-men-spf50-50ml\/","og_site_name":"OrthoPara","article_publisher":"https:\/\/www.facebook.com\/profile.php?id=61561194315651","article_modified_time":"2024-06-28T13:58:05+00:00","og_image":[{"width":800,"height":800,"url":"https:\/\/orthopara.store\/wp-content\/uploads\/2024\/06\/dermacare-photosun-men-creme-solaire-spf50.jpg","type":"image\/jpeg"}],"twitter_card":"summary_large_image","twitter_misc":{"Dur\u00e9e de lecture estim\u00e9e":"1 minute"},"schema":{"@context":"https:\/\/schema.org","@graph":[{"@type":"WebPage","@id":"https:\/\/orthopara.store\/index.php\/produit\/creme-solaire-matifiante-pour-homme-dermacare-photosun-men-spf50-50ml\/","url":"https:\/\/orthopara.store\/index.php\/produit\/creme-solaire-matifiante-pour-homme-dermacare-photosun-men-spf50-50ml\/","name":"Cr\u00e8me Solaire matifiante - pour homme - Dermacare Photosun Men - spf50+ - 50ml - OrthoPara","isPartOf":{"@id":"https:\/\/orthopara.store\/#website"},"primaryImageOfPage":{"@id":"https:\/\/orthopara.store\/index.php\/produit\/creme-solaire-matifiante-pour-homme-dermacare-photosun-men-spf50-50ml\/#primaryimage"},"image":{"@id":"https:\/\/orthopara.store\/index.php\/produit\/creme-solaire-matifiante-pour-homme-dermacare-photosun-men-spf50-50ml\/#primaryimage"},"thumbnailUrl":"https:\/\/orthopara.store\/wp-content\/uploads\/2024\/06\/dermacare-photosun-men-creme-solaire-spf50.jpg","datePublished":"2024-06-28T13:58:04+00:00","dateModified":"2024-06-28T13:58:05+00:00","breadcrumb":{"@id":"https:\/\/orthopara.store\/index.php\/produit\/creme-solaire-matifiante-pour-homme-dermacare-photosun-men-spf50-50ml\/#breadcrumb"},"inLanguage":"fr-FR","potentialAction":[{"@type":"ReadAction","target":["https:\/\/orthopara.store\/index.php\/produit\/creme-solaire-matifiante-pour-homme-dermacare-photosun-men-spf50-50ml\/"]}]},{"@type":"ImageObject","inLanguage":"fr-FR","@id":"https:\/\/orthopara.store\/index.php\/produit\/creme-solaire-matifiante-pour-homme-dermacare-photosun-men-spf50-50ml\/#primaryimage","url":"https:\/\/orthopara.store\/wp-content\/uploads\/2024\/06\/dermacare-photosun-men-creme-solaire-spf50.jpg","contentUrl":"https:\/\/orthopara.store\/wp-content\/uploads\/2024\/06\/dermacare-photosun-men-creme-solaire-spf50.jpg","width":800,"height":800},{"@type":"BreadcrumbList","@id":"https:\/\/orthopara.store\/index.php\/produit\/creme-solaire-matifiante-pour-homme-dermacare-photosun-men-spf50-50ml\/#breadcrumb","itemListElement":[{"@type":"ListItem","position":1,"name":"Accueil","item":"https:\/\/orthopara.store\/"},{"@type":"ListItem","position":2,"name":"Shop","item":"https:\/\/orthopara.store\/?page_id=622"},{"@type":"ListItem","position":3,"name":"Cr\u00e8me Solaire matifiante &#8211; pour homme &#8211; Dermacare Photosun Men &#8211; spf50+ &#8211; 50ml"}]},{"@type":"WebSite","@id":"https:\/\/orthopara.store\/#website","url":"https:\/\/orthopara.store\/","name":"OrthoPara","description":"Parapharmacie","publisher":{"@id":"https:\/\/orthopara.store\/#organization"},"potentialAction":[{"@type":"SearchAction","target":{"@type":"EntryPoint","urlTemplate":"https:\/\/orthopara.store\/?s={search_term_string}"},"query-input":"required name=search_term_string"}],"inLanguage":"fr-FR"},{"@type":"Organization","@id":"https:\/\/orthopara.store\/#organization","name":"OrthoPara","url":"https:\/\/orthopara.store\/","logo":{"@type":"ImageObject","inLanguage":"fr-FR","@id":"https:\/\/orthopara.store\/#\/schema\/logo\/image\/","url":"https:\/\/orthopara.store\/wp-content\/uploads\/2024\/06\/cropped-9ABA8BAD-6256-4719-9315-15C66E64E882.png","contentUrl":"https:\/\/orthopara.store\/wp-content\/uploads\/2024\/06\/cropped-9ABA8BAD-6256-4719-9315-15C66E64E882.png","width":240,"height":72,"caption":"OrthoPara"},"image":{"@id":"https:\/\/orthopara.store\/#\/schema\/logo\/image\/"},"sameAs":["https:\/\/www.facebook.com\/profile.php?id=61561194315651","https:\/\/www.instagram.com\/orthopara_tunisie\/"]}]}},"jetpack_sharing_enabled":true,"brands":[{"id":155,"name":"DERMACARE","slug":"dermacare"}],"_links":{"self":[{"href":"https:\/\/orthopara.store\/index.php?rest_route=\/wp\/v2\/product\/2310","targetHints":{"allow":["GET"]}}],"collection":[{"href":"https:\/\/orthopara.store\/index.php?rest_route=\/wp\/v2\/product"}],"about":[{"href":"https:\/\/orthopara.store\/index.php?rest_route=\/wp\/v2\/types\/product"}],"replies":[{"embeddable":true,"href":"https:\/\/orthopara.store\/index.php?rest_route=%2Fwp%2Fv2%2Fcomments&post=2310"}],"wp:featuredmedia":[{"embeddable":true,"href":"https:\/\/orthopara.store\/index.php?rest_route=\/wp\/v2\/media\/2314"}],"wp:attachment":[{"href":"https:\/\/orthopara.store\/index.php?rest_route=%2Fwp%2Fv2%2Fmedia&parent=2310"}],"wp:term":[{"taxonomy":"pwb-brand","embeddable":true,"href":"https:\/\/orthopara.store\/index.php?rest_route=%2Fwp%2Fv2%2Fpwb-brand&post=2310"},{"taxonomy":"product_cat","embeddable":true,"href":"https:\/\/orthopara.store\/index.php?rest_route=%2Fwp%2Fv2%2Fproduct_cat&post=2310"},{"taxonomy":"product_tag","embeddable":true,"href":"https:\/\/orthopara.store\/index.php?rest_route=%2Fwp%2Fv2%2Fproduct_tag&post=2310"}],"curies":[{"name":"wp","href":"https:\/\/api.w.org\/{rel}","templated":true}]}}