{"id":2311,"date":"2024-06-28T15:58:04","date_gmt":"2024-06-28T13:58:04","guid":{"rendered":"https:\/\/orthopara.store\/?post_type=product&#038;p=2311"},"modified":"2025-06-14T11:26:45","modified_gmt":"2025-06-14T10:26:45","slug":"xen-cb3-homme-ecran-solaire-invisible-spf50-50ml","status":"publish","type":"product","link":"https:\/\/orthopara.store\/?product=xen-cb3-homme-ecran-solaire-invisible-spf50-50ml","title":{"rendered":"XEN CB3 Homme &#8211; \u00e9cran solaire invisible spf50+ &#8211; 50ml"},"content":{"rendered":"<p>De nombreux hommes h\u00e9sitent \u00e0 acheter des produits de beaut\u00e9, en particulier ceux qui sont collants, gras et parfum\u00e9s<br \/>\nNotre cr\u00e8me solaire XEN CB3 Defense\u00a0 \u00e9cran solaire pour hommes offre la protection dont vous avez besoin contre le soleil, r\u00e9duit la brillance, a un effet anti-\u00e2ge et vous prot\u00e8ge de la pollution.<br \/>\nConseils d&rsquo;utilisation :<br \/>\nIl est important d&rsquo;appliquer une quantit\u00e9 suffisante de cr\u00e8me hydratante de mani\u00e8re uniforme sur le visage avant toute exposition au soleil. Vous serez ainsi prot\u00e9g\u00e9 des rayons UV nocifs.<\/p>\n","protected":false},"excerpt":{"rendered":"<p>De nombreux hommes h\u00e9sitent \u00e0 acheter des produits de beaut\u00e9, en particulier ceux qui sont collants, gras et parfum\u00e9s<br \/>\nNotre cr\u00e8me solaire XEN CB3 Defense\u00a0 \u00e9cran solaire pour hommes offre la protection dont vous avez besoin contre le soleil, r\u00e9duit la brillance, a un effet anti-\u00e2ge et vous prot\u00e8ge de la pollution.<\/p>\n","protected":false},"featured_media":2315,"comment_status":"open","ping_status":"closed","template":"","meta":[],"pwb-brand":[136],"product_cat":[285],"product_tag":[],"class_list":{"0":"post-2311","1":"product","2":"type-product","3":"status-publish","4":"has-post-thumbnail","6":"pwb-brand-xen","7":"product_cat-cremes-solaires-homme","8":"post","9":"ws-product--style-1","11":"first","12":"instock","13":"shipping-taxable","14":"purchasable","15":"product-type-simple"},"yoast_head":"<!-- This site is optimized with the Yoast SEO plugin v23.0 - https:\/\/yoast.com\/wordpress\/plugins\/seo\/ -->\n<title>XEN CB3 Homme - \u00e9cran solaire invisible spf50+ - 50ml - OrthoPara<\/title>\n<meta name=\"robots\" content=\"index, follow, max-snippet:-1, max-image-preview:large, max-video-preview:-1\" \/>\n<link rel=\"canonical\" href=\"https:\/\/orthopara.store\/index.php\/produit\/xen-cb3-homme-ecran-solaire-invisible-spf50-50ml\/\" \/>\n<meta property=\"og:locale\" content=\"fr_FR\" \/>\n<meta property=\"og:type\" content=\"article\" \/>\n<meta property=\"og:title\" content=\"XEN CB3 Homme - \u00e9cran solaire invisible spf50+ - 50ml - OrthoPara\" \/>\n<meta property=\"og:description\" content=\"De nombreux hommes h\u00e9sitent \u00e0 acheter des produits de beaut\u00e9, en particulier ceux qui sont collants, gras et parfum\u00e9s Notre cr\u00e8me solaire XEN CB3 Defense\u00a0 \u00e9cran solaire pour hommes offre la protection dont vous avez besoin contre le soleil, r\u00e9duit la brillance, a un effet anti-\u00e2ge et vous prot\u00e8ge de la pollution.\" \/>\n<meta property=\"og:url\" content=\"https:\/\/orthopara.store\/index.php\/produit\/xen-cb3-homme-ecran-solaire-invisible-spf50-50ml\/\" \/>\n<meta property=\"og:site_name\" content=\"OrthoPara\" \/>\n<meta property=\"article:publisher\" content=\"https:\/\/www.facebook.com\/profile.php?id=61561194315651\" \/>\n<meta property=\"article:modified_time\" content=\"2025-06-14T10:26:45+00:00\" \/>\n<meta property=\"og:image\" content=\"https:\/\/orthopara.store\/wp-content\/uploads\/2024\/06\/xen-cb3-homme-ecran-solaire-invisible-spf50-50ml.jpg\" \/>\n\t<meta property=\"og:image:width\" content=\"800\" \/>\n\t<meta property=\"og:image:height\" content=\"800\" \/>\n\t<meta property=\"og:image:type\" content=\"image\/jpeg\" \/>\n<meta name=\"twitter:card\" content=\"summary_large_image\" \/>\n<script type=\"application\/ld+json\" class=\"yoast-schema-graph\">{\"@context\":\"https:\/\/schema.org\",\"@graph\":[{\"@type\":\"WebPage\",\"@id\":\"https:\/\/orthopara.store\/index.php\/produit\/xen-cb3-homme-ecran-solaire-invisible-spf50-50ml\/\",\"url\":\"https:\/\/orthopara.store\/index.php\/produit\/xen-cb3-homme-ecran-solaire-invisible-spf50-50ml\/\",\"name\":\"XEN CB3 Homme - \u00e9cran solaire invisible spf50+ - 50ml - OrthoPara\",\"isPartOf\":{\"@id\":\"https:\/\/orthopara.store\/#website\"},\"primaryImageOfPage\":{\"@id\":\"https:\/\/orthopara.store\/index.php\/produit\/xen-cb3-homme-ecran-solaire-invisible-spf50-50ml\/#primaryimage\"},\"image\":{\"@id\":\"https:\/\/orthopara.store\/index.php\/produit\/xen-cb3-homme-ecran-solaire-invisible-spf50-50ml\/#primaryimage\"},\"thumbnailUrl\":\"https:\/\/orthopara.store\/wp-content\/uploads\/2024\/06\/xen-cb3-homme-ecran-solaire-invisible-spf50-50ml.jpg\",\"datePublished\":\"2024-06-28T13:58:04+00:00\",\"dateModified\":\"2025-06-14T10:26:45+00:00\",\"breadcrumb\":{\"@id\":\"https:\/\/orthopara.store\/index.php\/produit\/xen-cb3-homme-ecran-solaire-invisible-spf50-50ml\/#breadcrumb\"},\"inLanguage\":\"fr-FR\",\"potentialAction\":[{\"@type\":\"ReadAction\",\"target\":[\"https:\/\/orthopara.store\/index.php\/produit\/xen-cb3-homme-ecran-solaire-invisible-spf50-50ml\/\"]}]},{\"@type\":\"ImageObject\",\"inLanguage\":\"fr-FR\",\"@id\":\"https:\/\/orthopara.store\/index.php\/produit\/xen-cb3-homme-ecran-solaire-invisible-spf50-50ml\/#primaryimage\",\"url\":\"https:\/\/orthopara.store\/wp-content\/uploads\/2024\/06\/xen-cb3-homme-ecran-solaire-invisible-spf50-50ml.jpg\",\"contentUrl\":\"https:\/\/orthopara.store\/wp-content\/uploads\/2024\/06\/xen-cb3-homme-ecran-solaire-invisible-spf50-50ml.jpg\",\"width\":800,\"height\":800},{\"@type\":\"BreadcrumbList\",\"@id\":\"https:\/\/orthopara.store\/index.php\/produit\/xen-cb3-homme-ecran-solaire-invisible-spf50-50ml\/#breadcrumb\",\"itemListElement\":[{\"@type\":\"ListItem\",\"position\":1,\"name\":\"Accueil\",\"item\":\"https:\/\/orthopara.store\/\"},{\"@type\":\"ListItem\",\"position\":2,\"name\":\"Shop\",\"item\":\"https:\/\/orthopara.store\/?page_id=622\"},{\"@type\":\"ListItem\",\"position\":3,\"name\":\"XEN CB3 Homme &#8211; \u00e9cran solaire invisible spf50+ &#8211; 50ml\"}]},{\"@type\":\"WebSite\",\"@id\":\"https:\/\/orthopara.store\/#website\",\"url\":\"https:\/\/orthopara.store\/\",\"name\":\"OrthoPara\",\"description\":\"Parapharmacie\",\"publisher\":{\"@id\":\"https:\/\/orthopara.store\/#organization\"},\"potentialAction\":[{\"@type\":\"SearchAction\",\"target\":{\"@type\":\"EntryPoint\",\"urlTemplate\":\"https:\/\/orthopara.store\/?s={search_term_string}\"},\"query-input\":\"required name=search_term_string\"}],\"inLanguage\":\"fr-FR\"},{\"@type\":\"Organization\",\"@id\":\"https:\/\/orthopara.store\/#organization\",\"name\":\"OrthoPara\",\"url\":\"https:\/\/orthopara.store\/\",\"logo\":{\"@type\":\"ImageObject\",\"inLanguage\":\"fr-FR\",\"@id\":\"https:\/\/orthopara.store\/#\/schema\/logo\/image\/\",\"url\":\"https:\/\/orthopara.store\/wp-content\/uploads\/2024\/06\/cropped-9ABA8BAD-6256-4719-9315-15C66E64E882.png\",\"contentUrl\":\"https:\/\/orthopara.store\/wp-content\/uploads\/2024\/06\/cropped-9ABA8BAD-6256-4719-9315-15C66E64E882.png\",\"width\":240,\"height\":72,\"caption\":\"OrthoPara\"},\"image\":{\"@id\":\"https:\/\/orthopara.store\/#\/schema\/logo\/image\/\"},\"sameAs\":[\"https:\/\/www.facebook.com\/profile.php?id=61561194315651\",\"https:\/\/www.instagram.com\/orthopara_tunisie\/\"]}]}<\/script>\n<!-- \/ Yoast SEO plugin. -->","yoast_head_json":{"title":"XEN CB3 Homme - \u00e9cran solaire invisible spf50+ - 50ml - OrthoPara","robots":{"index":"index","follow":"follow","max-snippet":"max-snippet:-1","max-image-preview":"max-image-preview:large","max-video-preview":"max-video-preview:-1"},"canonical":"https:\/\/orthopara.store\/index.php\/produit\/xen-cb3-homme-ecran-solaire-invisible-spf50-50ml\/","og_locale":"fr_FR","og_type":"article","og_title":"XEN CB3 Homme - \u00e9cran solaire invisible spf50+ - 50ml - OrthoPara","og_description":"De nombreux hommes h\u00e9sitent \u00e0 acheter des produits de beaut\u00e9, en particulier ceux qui sont collants, gras et parfum\u00e9s Notre cr\u00e8me solaire XEN CB3 Defense\u00a0 \u00e9cran solaire pour hommes offre la protection dont vous avez besoin contre le soleil, r\u00e9duit la brillance, a un effet anti-\u00e2ge et vous prot\u00e8ge de la pollution.","og_url":"https:\/\/orthopara.store\/index.php\/produit\/xen-cb3-homme-ecran-solaire-invisible-spf50-50ml\/","og_site_name":"OrthoPara","article_publisher":"https:\/\/www.facebook.com\/profile.php?id=61561194315651","article_modified_time":"2025-06-14T10:26:45+00:00","og_image":[{"width":800,"height":800,"url":"https:\/\/orthopara.store\/wp-content\/uploads\/2024\/06\/xen-cb3-homme-ecran-solaire-invisible-spf50-50ml.jpg","type":"image\/jpeg"}],"twitter_card":"summary_large_image","schema":{"@context":"https:\/\/schema.org","@graph":[{"@type":"WebPage","@id":"https:\/\/orthopara.store\/index.php\/produit\/xen-cb3-homme-ecran-solaire-invisible-spf50-50ml\/","url":"https:\/\/orthopara.store\/index.php\/produit\/xen-cb3-homme-ecran-solaire-invisible-spf50-50ml\/","name":"XEN CB3 Homme - \u00e9cran solaire invisible spf50+ - 50ml - OrthoPara","isPartOf":{"@id":"https:\/\/orthopara.store\/#website"},"primaryImageOfPage":{"@id":"https:\/\/orthopara.store\/index.php\/produit\/xen-cb3-homme-ecran-solaire-invisible-spf50-50ml\/#primaryimage"},"image":{"@id":"https:\/\/orthopara.store\/index.php\/produit\/xen-cb3-homme-ecran-solaire-invisible-spf50-50ml\/#primaryimage"},"thumbnailUrl":"https:\/\/orthopara.store\/wp-content\/uploads\/2024\/06\/xen-cb3-homme-ecran-solaire-invisible-spf50-50ml.jpg","datePublished":"2024-06-28T13:58:04+00:00","dateModified":"2025-06-14T10:26:45+00:00","breadcrumb":{"@id":"https:\/\/orthopara.store\/index.php\/produit\/xen-cb3-homme-ecran-solaire-invisible-spf50-50ml\/#breadcrumb"},"inLanguage":"fr-FR","potentialAction":[{"@type":"ReadAction","target":["https:\/\/orthopara.store\/index.php\/produit\/xen-cb3-homme-ecran-solaire-invisible-spf50-50ml\/"]}]},{"@type":"ImageObject","inLanguage":"fr-FR","@id":"https:\/\/orthopara.store\/index.php\/produit\/xen-cb3-homme-ecran-solaire-invisible-spf50-50ml\/#primaryimage","url":"https:\/\/orthopara.store\/wp-content\/uploads\/2024\/06\/xen-cb3-homme-ecran-solaire-invisible-spf50-50ml.jpg","contentUrl":"https:\/\/orthopara.store\/wp-content\/uploads\/2024\/06\/xen-cb3-homme-ecran-solaire-invisible-spf50-50ml.jpg","width":800,"height":800},{"@type":"BreadcrumbList","@id":"https:\/\/orthopara.store\/index.php\/produit\/xen-cb3-homme-ecran-solaire-invisible-spf50-50ml\/#breadcrumb","itemListElement":[{"@type":"ListItem","position":1,"name":"Accueil","item":"https:\/\/orthopara.store\/"},{"@type":"ListItem","position":2,"name":"Shop","item":"https:\/\/orthopara.store\/?page_id=622"},{"@type":"ListItem","position":3,"name":"XEN CB3 Homme &#8211; \u00e9cran solaire invisible spf50+ &#8211; 50ml"}]},{"@type":"WebSite","@id":"https:\/\/orthopara.store\/#website","url":"https:\/\/orthopara.store\/","name":"OrthoPara","description":"Parapharmacie","publisher":{"@id":"https:\/\/orthopara.store\/#organization"},"potentialAction":[{"@type":"SearchAction","target":{"@type":"EntryPoint","urlTemplate":"https:\/\/orthopara.store\/?s={search_term_string}"},"query-input":"required name=search_term_string"}],"inLanguage":"fr-FR"},{"@type":"Organization","@id":"https:\/\/orthopara.store\/#organization","name":"OrthoPara","url":"https:\/\/orthopara.store\/","logo":{"@type":"ImageObject","inLanguage":"fr-FR","@id":"https:\/\/orthopara.store\/#\/schema\/logo\/image\/","url":"https:\/\/orthopara.store\/wp-content\/uploads\/2024\/06\/cropped-9ABA8BAD-6256-4719-9315-15C66E64E882.png","contentUrl":"https:\/\/orthopara.store\/wp-content\/uploads\/2024\/06\/cropped-9ABA8BAD-6256-4719-9315-15C66E64E882.png","width":240,"height":72,"caption":"OrthoPara"},"image":{"@id":"https:\/\/orthopara.store\/#\/schema\/logo\/image\/"},"sameAs":["https:\/\/www.facebook.com\/profile.php?id=61561194315651","https:\/\/www.instagram.com\/orthopara_tunisie\/"]}]}},"jetpack_sharing_enabled":true,"brands":[{"id":136,"name":"XEN","slug":"xen"}],"_links":{"self":[{"href":"https:\/\/orthopara.store\/index.php?rest_route=\/wp\/v2\/product\/2311","targetHints":{"allow":["GET"]}}],"collection":[{"href":"https:\/\/orthopara.store\/index.php?rest_route=\/wp\/v2\/product"}],"about":[{"href":"https:\/\/orthopara.store\/index.php?rest_route=\/wp\/v2\/types\/product"}],"replies":[{"embeddable":true,"href":"https:\/\/orthopara.store\/index.php?rest_route=%2Fwp%2Fv2%2Fcomments&post=2311"}],"wp:featuredmedia":[{"embeddable":true,"href":"https:\/\/orthopara.store\/index.php?rest_route=\/wp\/v2\/media\/2315"}],"wp:attachment":[{"href":"https:\/\/orthopara.store\/index.php?rest_route=%2Fwp%2Fv2%2Fmedia&parent=2311"}],"wp:term":[{"taxonomy":"pwb-brand","embeddable":true,"href":"https:\/\/orthopara.store\/index.php?rest_route=%2Fwp%2Fv2%2Fpwb-brand&post=2311"},{"taxonomy":"product_cat","embeddable":true,"href":"https:\/\/orthopara.store\/index.php?rest_route=%2Fwp%2Fv2%2Fproduct_cat&post=2311"},{"taxonomy":"product_tag","embeddable":true,"href":"https:\/\/orthopara.store\/index.php?rest_route=%2Fwp%2Fv2%2Fproduct_tag&post=2311"}],"curies":[{"name":"wp","href":"https:\/\/api.w.org\/{rel}","templated":true}]}}