{"id":2312,"date":"2024-06-28T15:58:05","date_gmt":"2024-06-28T13:58:05","guid":{"rendered":"https:\/\/orthopara.store\/?post_type=product&#038;p=2312"},"modified":"2024-06-28T15:58:06","modified_gmt":"2024-06-28T13:58:06","slug":"emulsion-anti-brillance-toucher-sec-spf50-vichy-capital-soleil-50ml","status":"publish","type":"product","link":"https:\/\/orthopara.store\/?product=emulsion-anti-brillance-toucher-sec-spf50-vichy-capital-soleil-50ml","title":{"rendered":"Emulsion anti-brillance toucher sec spf50+ &#8211; Vichy Capital Soleil &#8211; 50ml"},"content":{"rendered":"<p>Emulsion anti-brillance toucher sec spf50+ &#8211; Vichy Capital Soleil &#8211; 50ml<br \/>\nEfficacit\u00e9 :<br \/>\nPour lutter contre les effets n\u00e9fastes des UV, les Laboratoires Vichy int\u00e8grent \u00e0 l&rsquo;Emulsion anti-brillance un syst\u00e8me filtrant large spectre UVA-UVB, renforc\u00e9 contre UVA longs (3\/4 des UV) et photostable au Mexoryl\u00ae.<br \/>\nPour encore mieux prot\u00e9ger le pr\u00e9cieux capital g\u00e9n\u00e9tique de la peau.<br \/>\nLa peau est matifi\u00e9e*, sa beaut\u00e9 est pr\u00e9serv\u00e9e.<br \/>\nLa peau est prot\u00e9g\u00e9e des coups de soleil et du photovieillissement.<br \/>\nConseils d&rsquo;utilisation :<br \/>\nAppliquez l&rsquo;Emulsion anti-brillance juste avant l&rsquo;exposition. Renouvelez fr\u00e9quemment et g\u00e9n\u00e9reusement, surtout apr\u00e8s avoir nag\u00e9, transpir\u00e9 ou vous \u00eatre essuy\u00e9.<br \/>\nPr\u00e9cautions d&#8217;emploi :<br \/>\nSa formule hypoallerg\u00e9nique a \u00e9t\u00e9 test\u00e9e sur peaux sensibles sous contr\u00f4le dermatologique. Non com\u00e9dog\u00e8ne.<br \/>\nEnrichie en Eau Thermale de Vichy apaisante, fortifiante, r\u00e9g\u00e9n\u00e9rante.<br \/>\n*auto-\u00e9valuation sur 117 sujets<br \/>\nComposition :<br \/>\nAqua \/ Water &#8211; Isopropyl Palmitat &#8211; Glycerin &#8211; Octocrylene &#8211; Ethylhexyl Salicylate &#8211; Alcohol Denat. &#8211; Butyl Methoxydibenzoylmethane &#8211; Titanium Dioxide [Nano] \/ Titanium Dioxide &#8211; Ethylhexyl Triazone &#8211; Talc &#8211; Stearic Acid &#8211; Potassium Cetyl Phosphate &#8211; Diisopropyl Sebacate &#8211; Synthetic Wax &#8211; Acrylates\/C10-30 Alkyl Acrylate Crosspolymer &#8211; Aluminum Hydroxide &#8211; Caprylyl Glycol &#8211; Disodium Edta &#8211; Glyceryl Stearate &#8211; Myristic Acid &#8211; Palmitic Acid &#8211; Peg-100 Stearate &#8211; Phenoxyethanol &#8211; Terephthalylidene Dicamphor Sulfonic Acid &#8211; Tocopherol &#8211; Triethanolamine<\/p>\n","protected":false},"excerpt":{"rendered":"<p>Vichy Capital Soleil Toucher Sec<br \/>\nEmulsion anti-brillance toucher sec<br \/>\nLe premier soin solaire SPF 50 au toucher sec durable sans aucune brillance.<br \/>\nPour les hommes et les femmes, \u00e0 la peau claire, mixte \u00e0 grasse, \u00e0 la recherche d&rsquo;une protection solaire qui ne fasse pas briller leur peau.<br \/>\ntypes de peaux : destin\u00e9 pour peau sensible mixtes \u00e0 grasses.<\/p>\n<p>Contenance : 50ml<br \/>\nDLC 12 mois apr\u00e8s l&rsquo;ouverture\u00a0<\/p>\n","protected":false},"featured_media":2316,"comment_status":"open","ping_status":"closed","template":"","meta":[],"pwb-brand":[100],"product_cat":[285],"product_tag":[],"class_list":{"0":"post-2312","1":"product","2":"type-product","3":"status-publish","4":"has-post-thumbnail","6":"pwb-brand-vichy","7":"product_cat-cremes-solaires-homme","8":"post","9":"ws-product--style-1","11":"first","12":"instock","13":"shipping-taxable","14":"purchasable","15":"product-type-simple"},"yoast_head":"<!-- This site is optimized with the Yoast SEO plugin v23.0 - https:\/\/yoast.com\/wordpress\/plugins\/seo\/ -->\n<title>Emulsion anti-brillance toucher sec spf50+ - Vichy Capital Soleil - 50ml - OrthoPara<\/title>\n<meta name=\"robots\" content=\"index, follow, max-snippet:-1, max-image-preview:large, max-video-preview:-1\" \/>\n<link rel=\"canonical\" href=\"https:\/\/orthopara.store\/index.php\/produit\/emulsion-anti-brillance-toucher-sec-spf50-vichy-capital-soleil-50ml\/\" \/>\n<meta property=\"og:locale\" content=\"fr_FR\" \/>\n<meta property=\"og:type\" content=\"article\" \/>\n<meta property=\"og:title\" content=\"Emulsion anti-brillance toucher sec spf50+ - Vichy Capital Soleil - 50ml - OrthoPara\" \/>\n<meta property=\"og:description\" content=\"Vichy Capital Soleil Toucher Sec Emulsion anti-brillance toucher sec Le premier soin solaire SPF 50 au toucher sec durable sans aucune brillance. Pour les hommes et les femmes, \u00e0 la peau claire, mixte \u00e0 grasse, \u00e0 la recherche d&#039;une protection solaire qui ne fasse pas briller leur peau. types de peaux : destin\u00e9 pour peau sensible mixtes \u00e0 grasses. Contenance : 50ml DLC 12 mois apr\u00e8s l&#039;ouverture\u00a0\" \/>\n<meta property=\"og:url\" content=\"https:\/\/orthopara.store\/index.php\/produit\/emulsion-anti-brillance-toucher-sec-spf50-vichy-capital-soleil-50ml\/\" \/>\n<meta property=\"og:site_name\" content=\"OrthoPara\" \/>\n<meta property=\"article:publisher\" content=\"https:\/\/www.facebook.com\/profile.php?id=61561194315651\" \/>\n<meta property=\"article:modified_time\" content=\"2024-06-28T13:58:06+00:00\" \/>\n<meta property=\"og:image\" content=\"https:\/\/orthopara.store\/wp-content\/uploads\/2024\/06\/emulsion-anti-brillance-toucher-sec-vichy-ideal-soleil-spf50-50ml.jpg\" \/>\n\t<meta property=\"og:image:width\" content=\"800\" \/>\n\t<meta property=\"og:image:height\" content=\"800\" \/>\n\t<meta property=\"og:image:type\" content=\"image\/jpeg\" \/>\n<meta name=\"twitter:card\" content=\"summary_large_image\" \/>\n<meta name=\"twitter:label1\" content=\"Dur\u00e9e de lecture estim\u00e9e\" \/>\n\t<meta name=\"twitter:data1\" content=\"1 minute\" \/>\n<script type=\"application\/ld+json\" class=\"yoast-schema-graph\">{\"@context\":\"https:\/\/schema.org\",\"@graph\":[{\"@type\":\"WebPage\",\"@id\":\"https:\/\/orthopara.store\/index.php\/produit\/emulsion-anti-brillance-toucher-sec-spf50-vichy-capital-soleil-50ml\/\",\"url\":\"https:\/\/orthopara.store\/index.php\/produit\/emulsion-anti-brillance-toucher-sec-spf50-vichy-capital-soleil-50ml\/\",\"name\":\"Emulsion anti-brillance toucher sec spf50+ - Vichy Capital Soleil - 50ml - OrthoPara\",\"isPartOf\":{\"@id\":\"https:\/\/orthopara.store\/#website\"},\"primaryImageOfPage\":{\"@id\":\"https:\/\/orthopara.store\/index.php\/produit\/emulsion-anti-brillance-toucher-sec-spf50-vichy-capital-soleil-50ml\/#primaryimage\"},\"image\":{\"@id\":\"https:\/\/orthopara.store\/index.php\/produit\/emulsion-anti-brillance-toucher-sec-spf50-vichy-capital-soleil-50ml\/#primaryimage\"},\"thumbnailUrl\":\"https:\/\/orthopara.store\/wp-content\/uploads\/2024\/06\/emulsion-anti-brillance-toucher-sec-vichy-ideal-soleil-spf50-50ml.jpg\",\"datePublished\":\"2024-06-28T13:58:05+00:00\",\"dateModified\":\"2024-06-28T13:58:06+00:00\",\"breadcrumb\":{\"@id\":\"https:\/\/orthopara.store\/index.php\/produit\/emulsion-anti-brillance-toucher-sec-spf50-vichy-capital-soleil-50ml\/#breadcrumb\"},\"inLanguage\":\"fr-FR\",\"potentialAction\":[{\"@type\":\"ReadAction\",\"target\":[\"https:\/\/orthopara.store\/index.php\/produit\/emulsion-anti-brillance-toucher-sec-spf50-vichy-capital-soleil-50ml\/\"]}]},{\"@type\":\"ImageObject\",\"inLanguage\":\"fr-FR\",\"@id\":\"https:\/\/orthopara.store\/index.php\/produit\/emulsion-anti-brillance-toucher-sec-spf50-vichy-capital-soleil-50ml\/#primaryimage\",\"url\":\"https:\/\/orthopara.store\/wp-content\/uploads\/2024\/06\/emulsion-anti-brillance-toucher-sec-vichy-ideal-soleil-spf50-50ml.jpg\",\"contentUrl\":\"https:\/\/orthopara.store\/wp-content\/uploads\/2024\/06\/emulsion-anti-brillance-toucher-sec-vichy-ideal-soleil-spf50-50ml.jpg\",\"width\":800,\"height\":800},{\"@type\":\"BreadcrumbList\",\"@id\":\"https:\/\/orthopara.store\/index.php\/produit\/emulsion-anti-brillance-toucher-sec-spf50-vichy-capital-soleil-50ml\/#breadcrumb\",\"itemListElement\":[{\"@type\":\"ListItem\",\"position\":1,\"name\":\"Accueil\",\"item\":\"https:\/\/orthopara.store\/\"},{\"@type\":\"ListItem\",\"position\":2,\"name\":\"Shop\",\"item\":\"https:\/\/orthopara.store\/?page_id=622\"},{\"@type\":\"ListItem\",\"position\":3,\"name\":\"Emulsion anti-brillance toucher sec spf50+ &#8211; Vichy Capital Soleil &#8211; 50ml\"}]},{\"@type\":\"WebSite\",\"@id\":\"https:\/\/orthopara.store\/#website\",\"url\":\"https:\/\/orthopara.store\/\",\"name\":\"OrthoPara\",\"description\":\"Parapharmacie\",\"publisher\":{\"@id\":\"https:\/\/orthopara.store\/#organization\"},\"potentialAction\":[{\"@type\":\"SearchAction\",\"target\":{\"@type\":\"EntryPoint\",\"urlTemplate\":\"https:\/\/orthopara.store\/?s={search_term_string}\"},\"query-input\":\"required name=search_term_string\"}],\"inLanguage\":\"fr-FR\"},{\"@type\":\"Organization\",\"@id\":\"https:\/\/orthopara.store\/#organization\",\"name\":\"OrthoPara\",\"url\":\"https:\/\/orthopara.store\/\",\"logo\":{\"@type\":\"ImageObject\",\"inLanguage\":\"fr-FR\",\"@id\":\"https:\/\/orthopara.store\/#\/schema\/logo\/image\/\",\"url\":\"https:\/\/orthopara.store\/wp-content\/uploads\/2024\/06\/cropped-9ABA8BAD-6256-4719-9315-15C66E64E882.png\",\"contentUrl\":\"https:\/\/orthopara.store\/wp-content\/uploads\/2024\/06\/cropped-9ABA8BAD-6256-4719-9315-15C66E64E882.png\",\"width\":240,\"height\":72,\"caption\":\"OrthoPara\"},\"image\":{\"@id\":\"https:\/\/orthopara.store\/#\/schema\/logo\/image\/\"},\"sameAs\":[\"https:\/\/www.facebook.com\/profile.php?id=61561194315651\",\"https:\/\/www.instagram.com\/orthopara_tunisie\/\"]}]}<\/script>\n<!-- \/ Yoast SEO plugin. -->","yoast_head_json":{"title":"Emulsion anti-brillance toucher sec spf50+ - Vichy Capital Soleil - 50ml - OrthoPara","robots":{"index":"index","follow":"follow","max-snippet":"max-snippet:-1","max-image-preview":"max-image-preview:large","max-video-preview":"max-video-preview:-1"},"canonical":"https:\/\/orthopara.store\/index.php\/produit\/emulsion-anti-brillance-toucher-sec-spf50-vichy-capital-soleil-50ml\/","og_locale":"fr_FR","og_type":"article","og_title":"Emulsion anti-brillance toucher sec spf50+ - Vichy Capital Soleil - 50ml - OrthoPara","og_description":"Vichy Capital Soleil Toucher Sec Emulsion anti-brillance toucher sec Le premier soin solaire SPF 50 au toucher sec durable sans aucune brillance. Pour les hommes et les femmes, \u00e0 la peau claire, mixte \u00e0 grasse, \u00e0 la recherche d'une protection solaire qui ne fasse pas briller leur peau. types de peaux : destin\u00e9 pour peau sensible mixtes \u00e0 grasses. Contenance : 50ml DLC 12 mois apr\u00e8s l'ouverture\u00a0","og_url":"https:\/\/orthopara.store\/index.php\/produit\/emulsion-anti-brillance-toucher-sec-spf50-vichy-capital-soleil-50ml\/","og_site_name":"OrthoPara","article_publisher":"https:\/\/www.facebook.com\/profile.php?id=61561194315651","article_modified_time":"2024-06-28T13:58:06+00:00","og_image":[{"width":800,"height":800,"url":"https:\/\/orthopara.store\/wp-content\/uploads\/2024\/06\/emulsion-anti-brillance-toucher-sec-vichy-ideal-soleil-spf50-50ml.jpg","type":"image\/jpeg"}],"twitter_card":"summary_large_image","twitter_misc":{"Dur\u00e9e de lecture estim\u00e9e":"1 minute"},"schema":{"@context":"https:\/\/schema.org","@graph":[{"@type":"WebPage","@id":"https:\/\/orthopara.store\/index.php\/produit\/emulsion-anti-brillance-toucher-sec-spf50-vichy-capital-soleil-50ml\/","url":"https:\/\/orthopara.store\/index.php\/produit\/emulsion-anti-brillance-toucher-sec-spf50-vichy-capital-soleil-50ml\/","name":"Emulsion anti-brillance toucher sec spf50+ - Vichy Capital Soleil - 50ml - OrthoPara","isPartOf":{"@id":"https:\/\/orthopara.store\/#website"},"primaryImageOfPage":{"@id":"https:\/\/orthopara.store\/index.php\/produit\/emulsion-anti-brillance-toucher-sec-spf50-vichy-capital-soleil-50ml\/#primaryimage"},"image":{"@id":"https:\/\/orthopara.store\/index.php\/produit\/emulsion-anti-brillance-toucher-sec-spf50-vichy-capital-soleil-50ml\/#primaryimage"},"thumbnailUrl":"https:\/\/orthopara.store\/wp-content\/uploads\/2024\/06\/emulsion-anti-brillance-toucher-sec-vichy-ideal-soleil-spf50-50ml.jpg","datePublished":"2024-06-28T13:58:05+00:00","dateModified":"2024-06-28T13:58:06+00:00","breadcrumb":{"@id":"https:\/\/orthopara.store\/index.php\/produit\/emulsion-anti-brillance-toucher-sec-spf50-vichy-capital-soleil-50ml\/#breadcrumb"},"inLanguage":"fr-FR","potentialAction":[{"@type":"ReadAction","target":["https:\/\/orthopara.store\/index.php\/produit\/emulsion-anti-brillance-toucher-sec-spf50-vichy-capital-soleil-50ml\/"]}]},{"@type":"ImageObject","inLanguage":"fr-FR","@id":"https:\/\/orthopara.store\/index.php\/produit\/emulsion-anti-brillance-toucher-sec-spf50-vichy-capital-soleil-50ml\/#primaryimage","url":"https:\/\/orthopara.store\/wp-content\/uploads\/2024\/06\/emulsion-anti-brillance-toucher-sec-vichy-ideal-soleil-spf50-50ml.jpg","contentUrl":"https:\/\/orthopara.store\/wp-content\/uploads\/2024\/06\/emulsion-anti-brillance-toucher-sec-vichy-ideal-soleil-spf50-50ml.jpg","width":800,"height":800},{"@type":"BreadcrumbList","@id":"https:\/\/orthopara.store\/index.php\/produit\/emulsion-anti-brillance-toucher-sec-spf50-vichy-capital-soleil-50ml\/#breadcrumb","itemListElement":[{"@type":"ListItem","position":1,"name":"Accueil","item":"https:\/\/orthopara.store\/"},{"@type":"ListItem","position":2,"name":"Shop","item":"https:\/\/orthopara.store\/?page_id=622"},{"@type":"ListItem","position":3,"name":"Emulsion anti-brillance toucher sec spf50+ &#8211; Vichy Capital Soleil &#8211; 50ml"}]},{"@type":"WebSite","@id":"https:\/\/orthopara.store\/#website","url":"https:\/\/orthopara.store\/","name":"OrthoPara","description":"Parapharmacie","publisher":{"@id":"https:\/\/orthopara.store\/#organization"},"potentialAction":[{"@type":"SearchAction","target":{"@type":"EntryPoint","urlTemplate":"https:\/\/orthopara.store\/?s={search_term_string}"},"query-input":"required name=search_term_string"}],"inLanguage":"fr-FR"},{"@type":"Organization","@id":"https:\/\/orthopara.store\/#organization","name":"OrthoPara","url":"https:\/\/orthopara.store\/","logo":{"@type":"ImageObject","inLanguage":"fr-FR","@id":"https:\/\/orthopara.store\/#\/schema\/logo\/image\/","url":"https:\/\/orthopara.store\/wp-content\/uploads\/2024\/06\/cropped-9ABA8BAD-6256-4719-9315-15C66E64E882.png","contentUrl":"https:\/\/orthopara.store\/wp-content\/uploads\/2024\/06\/cropped-9ABA8BAD-6256-4719-9315-15C66E64E882.png","width":240,"height":72,"caption":"OrthoPara"},"image":{"@id":"https:\/\/orthopara.store\/#\/schema\/logo\/image\/"},"sameAs":["https:\/\/www.facebook.com\/profile.php?id=61561194315651","https:\/\/www.instagram.com\/orthopara_tunisie\/"]}]}},"jetpack_sharing_enabled":true,"brands":[{"id":100,"name":"Vichy","slug":"vichy"}],"_links":{"self":[{"href":"https:\/\/orthopara.store\/index.php?rest_route=\/wp\/v2\/product\/2312","targetHints":{"allow":["GET"]}}],"collection":[{"href":"https:\/\/orthopara.store\/index.php?rest_route=\/wp\/v2\/product"}],"about":[{"href":"https:\/\/orthopara.store\/index.php?rest_route=\/wp\/v2\/types\/product"}],"replies":[{"embeddable":true,"href":"https:\/\/orthopara.store\/index.php?rest_route=%2Fwp%2Fv2%2Fcomments&post=2312"}],"wp:featuredmedia":[{"embeddable":true,"href":"https:\/\/orthopara.store\/index.php?rest_route=\/wp\/v2\/media\/2316"}],"wp:attachment":[{"href":"https:\/\/orthopara.store\/index.php?rest_route=%2Fwp%2Fv2%2Fmedia&parent=2312"}],"wp:term":[{"taxonomy":"pwb-brand","embeddable":true,"href":"https:\/\/orthopara.store\/index.php?rest_route=%2Fwp%2Fv2%2Fpwb-brand&post=2312"},{"taxonomy":"product_cat","embeddable":true,"href":"https:\/\/orthopara.store\/index.php?rest_route=%2Fwp%2Fv2%2Fproduct_cat&post=2312"},{"taxonomy":"product_tag","embeddable":true,"href":"https:\/\/orthopara.store\/index.php?rest_route=%2Fwp%2Fv2%2Fproduct_tag&post=2312"}],"curies":[{"name":"wp","href":"https:\/\/api.w.org\/{rel}","templated":true}]}}