{"id":670,"date":"2024-06-28T15:49:25","date_gmt":"2024-06-28T13:49:25","guid":{"rendered":"https:\/\/orthopara.store\/?post_type=product&#038;p=670"},"modified":"2024-06-28T15:49:28","modified_gmt":"2024-06-28T13:49:28","slug":"gamarde-creme-de-douche-apaisante-visage-corps-200ml","status":"publish","type":"product","link":"https:\/\/orthopara.store\/?product=gamarde-creme-de-douche-apaisante-visage-corps-200ml","title":{"rendered":"Gamarde &#8211; Cr\u00e8me de douche apaisante visage &#038; corps &#8211; 200ml"},"content":{"rendered":"<p>Composition :<br \/>\n100% des ingr\u00e9dients sont d\u2019origine naturelle<br \/>\n10% sont issus de l\u2019Agriculture Biologique<br \/>\n24% des ingr\u00e9dients hors eau et min\u00e9raux sont issus de l\u2019Agriculture Biologique<br \/>\nActifs cl\u00e9s :<br \/>\nBeurre de Karit\u00e9<br \/>\nEau florale de Lavande<br \/>\nHuile d&rsquo;Argan<br \/>\nConseils d&rsquo;utilisation :<br \/>\nMatin et\/ou soir. Usage quotidien \u2013 Visage et Corps. Appliquer une noisette de cr\u00e8me de douche sur le visage et le corps pr\u00e9alablement humidifi\u00e9s. Masser l\u00e9g\u00e8rement. Rincer.<br \/>\nIngr\u00e9dients :<br \/>\nGamarde aqua (Gamarde Water), aqua (Water), Glycerin, Lavandula angustifolia (Lavender) flower water*, cetearyl alcohol, sodium cocoamphoacetate, lauryl glucoside, parfum (Fragrance), Butyrospermum parkii (Shea) butter*, Helianthus annuus (Sunflower) seed oil*, Argania spinosa kernel oil*, glyceryl stearate citrate, cetearyl glucoside, xanthan gum, glyceryl caprylate, Aloe barbadensis leaf extract*, Maltodextrin*, sodium cocoyl glutamate, sodium lauryl glucose carboxylate, C14-22 alcohols, C12-20 alkyl glucoside, sodium hyaluronate, tocopherol, citric acid. *ingr\u00e9dient d\u2019origine Biologique<br \/>\nContenance :<br \/>\n200ml<\/p>\n","protected":false},"excerpt":{"rendered":"<p>L\u2019efficacit\u00e9 d\u2019un gel nettoyant associ\u00e9e \u00e0 la douceur et l\u2019onctuosit\u00e9 d\u2019une cr\u00e8me nourrissante. Douce et fondante, la Cr\u00e8me de Douche Apaisante Gamarde nettoie la peau sans l\u2019agresser. Elle apaise\u00a0 les sensations de tiraillements et de d\u00e9mangeaisons des peaux s\u00e8ches. Intens\u00e9ment nourrie, la peau retrouve un confort imm\u00e9diat. Nettoie et apaise. Formul\u00e9e avec 72% de cr\u00e8me nourrissante. Contient de l\u2019Aloe Vera aux propri\u00e9t\u00e9s apaisantes et hydratantes.<br \/>\nPour : Peaux D\u00e9licates, Tous Types de Peaux<\/p>\n","protected":false},"featured_media":698,"comment_status":"open","ping_status":"closed","template":"","meta":[],"pwb-brand":[41],"product_cat":[39],"product_tag":[],"class_list":{"0":"post-670","1":"product","2":"type-product","3":"status-publish","4":"has-post-thumbnail","6":"pwb-brand-gamarde","7":"product_cat-hydratants-toutes-peaux","8":"post","9":"ws-product--style-1","11":"first","12":"instock","13":"shipping-taxable","14":"purchasable","15":"product-type-simple"},"yoast_head":"<!-- This site is optimized with the Yoast SEO plugin v23.0 - https:\/\/yoast.com\/wordpress\/plugins\/seo\/ -->\n<title>Gamarde - Cr\u00e8me de douche apaisante visage &amp; corps - 200ml - OrthoPara<\/title>\n<meta name=\"robots\" content=\"index, follow, max-snippet:-1, max-image-preview:large, max-video-preview:-1\" \/>\n<link rel=\"canonical\" href=\"https:\/\/orthopara.store\/index.php\/produit\/gamarde-creme-de-douche-apaisante-visage-corps-200ml\/\" \/>\n<meta property=\"og:locale\" content=\"fr_FR\" \/>\n<meta property=\"og:type\" content=\"article\" \/>\n<meta property=\"og:title\" content=\"Gamarde - Cr\u00e8me de douche apaisante visage &amp; corps - 200ml - OrthoPara\" \/>\n<meta property=\"og:description\" content=\"L\u2019efficacit\u00e9 d\u2019un gel nettoyant associ\u00e9e \u00e0 la douceur et l\u2019onctuosit\u00e9 d\u2019une cr\u00e8me nourrissante. Douce et fondante, la Cr\u00e8me de Douche Apaisante Gamarde nettoie la peau sans l\u2019agresser. Elle apaise\u00a0 les sensations de tiraillements et de d\u00e9mangeaisons des peaux s\u00e8ches. Intens\u00e9ment nourrie, la peau retrouve un confort imm\u00e9diat. Nettoie et apaise. Formul\u00e9e avec 72% de cr\u00e8me nourrissante. Contient de l\u2019Aloe Vera aux propri\u00e9t\u00e9s apaisantes et hydratantes. Pour : Peaux D\u00e9licates, Tous Types de Peaux\" \/>\n<meta property=\"og:url\" content=\"https:\/\/orthopara.store\/index.php\/produit\/gamarde-creme-de-douche-apaisante-visage-corps-200ml\/\" \/>\n<meta property=\"og:site_name\" content=\"OrthoPara\" \/>\n<meta property=\"article:publisher\" content=\"https:\/\/www.facebook.com\/profile.php?id=61561194315651\" \/>\n<meta property=\"article:modified_time\" content=\"2024-06-28T13:49:28+00:00\" \/>\n<meta property=\"og:image\" content=\"https:\/\/orthopara.store\/wp-content\/uploads\/2024\/06\/gamarde-creme-de-douche-apaisante-200ml.jpg\" \/>\n\t<meta property=\"og:image:width\" content=\"800\" \/>\n\t<meta property=\"og:image:height\" content=\"800\" \/>\n\t<meta property=\"og:image:type\" content=\"image\/jpeg\" \/>\n<meta name=\"twitter:card\" content=\"summary_large_image\" \/>\n<meta name=\"twitter:label1\" content=\"Dur\u00e9e de lecture estim\u00e9e\" \/>\n\t<meta name=\"twitter:data1\" content=\"1 minute\" \/>\n<script type=\"application\/ld+json\" class=\"yoast-schema-graph\">{\"@context\":\"https:\/\/schema.org\",\"@graph\":[{\"@type\":\"WebPage\",\"@id\":\"https:\/\/orthopara.store\/index.php\/produit\/gamarde-creme-de-douche-apaisante-visage-corps-200ml\/\",\"url\":\"https:\/\/orthopara.store\/index.php\/produit\/gamarde-creme-de-douche-apaisante-visage-corps-200ml\/\",\"name\":\"Gamarde - Cr\u00e8me de douche apaisante visage & corps - 200ml - OrthoPara\",\"isPartOf\":{\"@id\":\"https:\/\/orthopara.store\/#website\"},\"primaryImageOfPage\":{\"@id\":\"https:\/\/orthopara.store\/index.php\/produit\/gamarde-creme-de-douche-apaisante-visage-corps-200ml\/#primaryimage\"},\"image\":{\"@id\":\"https:\/\/orthopara.store\/index.php\/produit\/gamarde-creme-de-douche-apaisante-visage-corps-200ml\/#primaryimage\"},\"thumbnailUrl\":\"https:\/\/orthopara.store\/wp-content\/uploads\/2024\/06\/gamarde-creme-de-douche-apaisante-200ml.jpg\",\"datePublished\":\"2024-06-28T13:49:25+00:00\",\"dateModified\":\"2024-06-28T13:49:28+00:00\",\"breadcrumb\":{\"@id\":\"https:\/\/orthopara.store\/index.php\/produit\/gamarde-creme-de-douche-apaisante-visage-corps-200ml\/#breadcrumb\"},\"inLanguage\":\"fr-FR\",\"potentialAction\":[{\"@type\":\"ReadAction\",\"target\":[\"https:\/\/orthopara.store\/index.php\/produit\/gamarde-creme-de-douche-apaisante-visage-corps-200ml\/\"]}]},{\"@type\":\"ImageObject\",\"inLanguage\":\"fr-FR\",\"@id\":\"https:\/\/orthopara.store\/index.php\/produit\/gamarde-creme-de-douche-apaisante-visage-corps-200ml\/#primaryimage\",\"url\":\"https:\/\/orthopara.store\/wp-content\/uploads\/2024\/06\/gamarde-creme-de-douche-apaisante-200ml.jpg\",\"contentUrl\":\"https:\/\/orthopara.store\/wp-content\/uploads\/2024\/06\/gamarde-creme-de-douche-apaisante-200ml.jpg\",\"width\":800,\"height\":800},{\"@type\":\"BreadcrumbList\",\"@id\":\"https:\/\/orthopara.store\/index.php\/produit\/gamarde-creme-de-douche-apaisante-visage-corps-200ml\/#breadcrumb\",\"itemListElement\":[{\"@type\":\"ListItem\",\"position\":1,\"name\":\"Accueil\",\"item\":\"https:\/\/orthopara.store\/\"},{\"@type\":\"ListItem\",\"position\":2,\"name\":\"Shop\",\"item\":\"https:\/\/orthopara.store\/?page_id=622\"},{\"@type\":\"ListItem\",\"position\":3,\"name\":\"Gamarde &#8211; Cr\u00e8me de douche apaisante visage &#038; corps &#8211; 200ml\"}]},{\"@type\":\"WebSite\",\"@id\":\"https:\/\/orthopara.store\/#website\",\"url\":\"https:\/\/orthopara.store\/\",\"name\":\"OrthoPara\",\"description\":\"Parapharmacie\",\"publisher\":{\"@id\":\"https:\/\/orthopara.store\/#organization\"},\"potentialAction\":[{\"@type\":\"SearchAction\",\"target\":{\"@type\":\"EntryPoint\",\"urlTemplate\":\"https:\/\/orthopara.store\/?s={search_term_string}\"},\"query-input\":\"required name=search_term_string\"}],\"inLanguage\":\"fr-FR\"},{\"@type\":\"Organization\",\"@id\":\"https:\/\/orthopara.store\/#organization\",\"name\":\"OrthoPara\",\"url\":\"https:\/\/orthopara.store\/\",\"logo\":{\"@type\":\"ImageObject\",\"inLanguage\":\"fr-FR\",\"@id\":\"https:\/\/orthopara.store\/#\/schema\/logo\/image\/\",\"url\":\"https:\/\/orthopara.store\/wp-content\/uploads\/2024\/06\/cropped-9ABA8BAD-6256-4719-9315-15C66E64E882.png\",\"contentUrl\":\"https:\/\/orthopara.store\/wp-content\/uploads\/2024\/06\/cropped-9ABA8BAD-6256-4719-9315-15C66E64E882.png\",\"width\":240,\"height\":72,\"caption\":\"OrthoPara\"},\"image\":{\"@id\":\"https:\/\/orthopara.store\/#\/schema\/logo\/image\/\"},\"sameAs\":[\"https:\/\/www.facebook.com\/profile.php?id=61561194315651\",\"https:\/\/www.instagram.com\/orthopara_tunisie\/\"]}]}<\/script>\n<!-- \/ Yoast SEO plugin. -->","yoast_head_json":{"title":"Gamarde - Cr\u00e8me de douche apaisante visage & corps - 200ml - OrthoPara","robots":{"index":"index","follow":"follow","max-snippet":"max-snippet:-1","max-image-preview":"max-image-preview:large","max-video-preview":"max-video-preview:-1"},"canonical":"https:\/\/orthopara.store\/index.php\/produit\/gamarde-creme-de-douche-apaisante-visage-corps-200ml\/","og_locale":"fr_FR","og_type":"article","og_title":"Gamarde - Cr\u00e8me de douche apaisante visage & corps - 200ml - OrthoPara","og_description":"L\u2019efficacit\u00e9 d\u2019un gel nettoyant associ\u00e9e \u00e0 la douceur et l\u2019onctuosit\u00e9 d\u2019une cr\u00e8me nourrissante. Douce et fondante, la Cr\u00e8me de Douche Apaisante Gamarde nettoie la peau sans l\u2019agresser. Elle apaise\u00a0 les sensations de tiraillements et de d\u00e9mangeaisons des peaux s\u00e8ches. Intens\u00e9ment nourrie, la peau retrouve un confort imm\u00e9diat. Nettoie et apaise. Formul\u00e9e avec 72% de cr\u00e8me nourrissante. Contient de l\u2019Aloe Vera aux propri\u00e9t\u00e9s apaisantes et hydratantes. Pour : Peaux D\u00e9licates, Tous Types de Peaux","og_url":"https:\/\/orthopara.store\/index.php\/produit\/gamarde-creme-de-douche-apaisante-visage-corps-200ml\/","og_site_name":"OrthoPara","article_publisher":"https:\/\/www.facebook.com\/profile.php?id=61561194315651","article_modified_time":"2024-06-28T13:49:28+00:00","og_image":[{"width":800,"height":800,"url":"https:\/\/orthopara.store\/wp-content\/uploads\/2024\/06\/gamarde-creme-de-douche-apaisante-200ml.jpg","type":"image\/jpeg"}],"twitter_card":"summary_large_image","twitter_misc":{"Dur\u00e9e de lecture estim\u00e9e":"1 minute"},"schema":{"@context":"https:\/\/schema.org","@graph":[{"@type":"WebPage","@id":"https:\/\/orthopara.store\/index.php\/produit\/gamarde-creme-de-douche-apaisante-visage-corps-200ml\/","url":"https:\/\/orthopara.store\/index.php\/produit\/gamarde-creme-de-douche-apaisante-visage-corps-200ml\/","name":"Gamarde - Cr\u00e8me de douche apaisante visage & corps - 200ml - OrthoPara","isPartOf":{"@id":"https:\/\/orthopara.store\/#website"},"primaryImageOfPage":{"@id":"https:\/\/orthopara.store\/index.php\/produit\/gamarde-creme-de-douche-apaisante-visage-corps-200ml\/#primaryimage"},"image":{"@id":"https:\/\/orthopara.store\/index.php\/produit\/gamarde-creme-de-douche-apaisante-visage-corps-200ml\/#primaryimage"},"thumbnailUrl":"https:\/\/orthopara.store\/wp-content\/uploads\/2024\/06\/gamarde-creme-de-douche-apaisante-200ml.jpg","datePublished":"2024-06-28T13:49:25+00:00","dateModified":"2024-06-28T13:49:28+00:00","breadcrumb":{"@id":"https:\/\/orthopara.store\/index.php\/produit\/gamarde-creme-de-douche-apaisante-visage-corps-200ml\/#breadcrumb"},"inLanguage":"fr-FR","potentialAction":[{"@type":"ReadAction","target":["https:\/\/orthopara.store\/index.php\/produit\/gamarde-creme-de-douche-apaisante-visage-corps-200ml\/"]}]},{"@type":"ImageObject","inLanguage":"fr-FR","@id":"https:\/\/orthopara.store\/index.php\/produit\/gamarde-creme-de-douche-apaisante-visage-corps-200ml\/#primaryimage","url":"https:\/\/orthopara.store\/wp-content\/uploads\/2024\/06\/gamarde-creme-de-douche-apaisante-200ml.jpg","contentUrl":"https:\/\/orthopara.store\/wp-content\/uploads\/2024\/06\/gamarde-creme-de-douche-apaisante-200ml.jpg","width":800,"height":800},{"@type":"BreadcrumbList","@id":"https:\/\/orthopara.store\/index.php\/produit\/gamarde-creme-de-douche-apaisante-visage-corps-200ml\/#breadcrumb","itemListElement":[{"@type":"ListItem","position":1,"name":"Accueil","item":"https:\/\/orthopara.store\/"},{"@type":"ListItem","position":2,"name":"Shop","item":"https:\/\/orthopara.store\/?page_id=622"},{"@type":"ListItem","position":3,"name":"Gamarde &#8211; Cr\u00e8me de douche apaisante visage &#038; corps &#8211; 200ml"}]},{"@type":"WebSite","@id":"https:\/\/orthopara.store\/#website","url":"https:\/\/orthopara.store\/","name":"OrthoPara","description":"Parapharmacie","publisher":{"@id":"https:\/\/orthopara.store\/#organization"},"potentialAction":[{"@type":"SearchAction","target":{"@type":"EntryPoint","urlTemplate":"https:\/\/orthopara.store\/?s={search_term_string}"},"query-input":"required name=search_term_string"}],"inLanguage":"fr-FR"},{"@type":"Organization","@id":"https:\/\/orthopara.store\/#organization","name":"OrthoPara","url":"https:\/\/orthopara.store\/","logo":{"@type":"ImageObject","inLanguage":"fr-FR","@id":"https:\/\/orthopara.store\/#\/schema\/logo\/image\/","url":"https:\/\/orthopara.store\/wp-content\/uploads\/2024\/06\/cropped-9ABA8BAD-6256-4719-9315-15C66E64E882.png","contentUrl":"https:\/\/orthopara.store\/wp-content\/uploads\/2024\/06\/cropped-9ABA8BAD-6256-4719-9315-15C66E64E882.png","width":240,"height":72,"caption":"OrthoPara"},"image":{"@id":"https:\/\/orthopara.store\/#\/schema\/logo\/image\/"},"sameAs":["https:\/\/www.facebook.com\/profile.php?id=61561194315651","https:\/\/www.instagram.com\/orthopara_tunisie\/"]}]}},"jetpack_sharing_enabled":true,"brands":[{"id":41,"name":"Gamarde","slug":"gamarde"}],"_links":{"self":[{"href":"https:\/\/orthopara.store\/index.php?rest_route=\/wp\/v2\/product\/670","targetHints":{"allow":["GET"]}}],"collection":[{"href":"https:\/\/orthopara.store\/index.php?rest_route=\/wp\/v2\/product"}],"about":[{"href":"https:\/\/orthopara.store\/index.php?rest_route=\/wp\/v2\/types\/product"}],"replies":[{"embeddable":true,"href":"https:\/\/orthopara.store\/index.php?rest_route=%2Fwp%2Fv2%2Fcomments&post=670"}],"wp:featuredmedia":[{"embeddable":true,"href":"https:\/\/orthopara.store\/index.php?rest_route=\/wp\/v2\/media\/698"}],"wp:attachment":[{"href":"https:\/\/orthopara.store\/index.php?rest_route=%2Fwp%2Fv2%2Fmedia&parent=670"}],"wp:term":[{"taxonomy":"pwb-brand","embeddable":true,"href":"https:\/\/orthopara.store\/index.php?rest_route=%2Fwp%2Fv2%2Fpwb-brand&post=670"},{"taxonomy":"product_cat","embeddable":true,"href":"https:\/\/orthopara.store\/index.php?rest_route=%2Fwp%2Fv2%2Fproduct_cat&post=670"},{"taxonomy":"product_tag","embeddable":true,"href":"https:\/\/orthopara.store\/index.php?rest_route=%2Fwp%2Fv2%2Fproduct_tag&post=670"}],"curies":[{"name":"wp","href":"https:\/\/api.w.org\/{rel}","templated":true}]}}