{"id":675,"date":"2024-06-28T15:49:25","date_gmt":"2024-06-28T13:49:25","guid":{"rendered":"https:\/\/orthopara.store\/?post_type=product&#038;p=675"},"modified":"2024-06-28T15:49:30","modified_gmt":"2024-06-28T13:49:30","slug":"pack-svr-hydraliane-hydratation-intense-huile-lavante-55ml-offerte","status":"publish","type":"product","link":"https:\/\/orthopara.store\/?product=pack-svr-hydraliane-hydratation-intense-huile-lavante-55ml-offerte","title":{"rendered":"Pack SVR Hydraliane &#8211; Hydratation intense (huile lavante 55ml Offerte)"},"content":{"rendered":"<p>Pour tous les types de peaux m\u00eame sensibles de toute la famille.<br \/>\nL\u2019indispensable pour les peaux d\u00e9shydrat\u00e9es, inconfortables, qui tiraillent.\u00a0<br \/>\nDouce et confortable, Hydraliane Cr\u00e8me est la solution quotidienne 100% d\u2019origine naturelle pour apaiser et hydrater intens\u00e9ment et durablement pendant 24h1. Sa texture fondante enveloppe la peau et la prot\u00e8ge. Elle retrouve tout son confort.<br \/>\nNouveau pack \u00e9co-reponsable\u00a0<br \/>\nPoche monomati\u00e8re 100% recyclable. En plus d\u2019\u00eatre ultra pratique, elle permet d\u2019\u00e9conomiser 46% de plastique compar\u00e9 \u00e0 notre ancien tube 40ml, et l\u2019\u00e9quivalent de 26T de CO2 soit 15 A\/R Paris\/New-York en avion2.<br \/>\nNomade, l\u00e9g\u00e8re et anti-g\u00e2chis, la poche se roule et s\u2019utilise jusqu\u2019\u00e0 la derni\u00e8re goutte !\u00a0<br \/>\nComposants actifs :\u00a0<br \/>\nUne charte de formulation stricte pour une formule haute tol\u00e9rance, adapt\u00e9e aux peaux sensibles d\u00e9shydrat\u00e9es de toute la famille. Test\u00e9e sous contr\u00f4le dermatologique, hypoallerg\u00e9nique, au pH physiologique. Le soin hydratant compos\u00e9 d\u2019ingr\u00e9dients sourc\u00e9s au plus proche et pens\u00e9s pour tous !<br \/>\nAcide Hyaluronique : hydrate en profondeur \u2022 En surface, il hydrate l\u2019\u00e9piderme et lui redonne douceur et souplesse. En profondeur, il permet de repulper la peau. \u2022 V\u00e9g\u00e9tal et biosourc\u00e9, il provient de la technologie verte et est produit dans les Ardennes.\u00a0<br \/>\nGlycirine : attire et retient l\u2019eau \u2022 Am\u00e9liore le niveau d\u2019hydratation de la peau en limitant sa perte en eau. \u2022 V\u00e9g\u00e9tale et upcycl\u00e9e, elle est issue de la saponification d\u2019huile d\u2019olive, en provenance directe d\u2019Italie.<br \/>\nHuiles v\u00e9g\u00e9tales\u00a0 : adoucissent et nourrissent \u2022 Huile de tournesol, riche en om\u00e9gas 6 et 9, elle adoucit la peau. Elle est BIO et cultiv\u00e9e de mani\u00e8re artisanale dans le sud-ouest de la France. \u2022 Huile d\u2019olive, s\u00e9lectionn\u00e9e pour sa teneur en Om\u00e9gas 9 et sa richesse en anti-oxydants. Elle est produite en Espagne.\u00a0<br \/>\nParfum : frais et d\u00e9licat \u2022 Floral et fruit\u00e9, notre parfum s\u00e9lectionn\u00e9 \u00e0 Grasse parfume d\u00e9licatement notre soin pour encore plus de sensorialit\u00e9. Haute tol\u00e9rance, il convient aussi aux peaux sensibles.<br \/>\nConseils d&rsquo;utilisation :<br \/>\nAppliquer matin et\/ou soir sur une peau propre et s\u00e8che. Notre conseil : appliquer apr\u00e8s avoir bien nettoy\u00e9 votre peau avec . Bonne base de maquillage, non com\u00e9dog\u00e8ne, fini velout\u00e9, non gras-non collant. Qualit\u00e9s et caract\u00e9ristiques environnementales : Emballage enti\u00e8rement recyclable.<br \/>\nSVR Topialyse huile lavante 55ml offerte<br \/>\n\u00a0C&rsquo;est une huile relipidante destin\u00e9e aux peaux s\u00e8ches<br \/>\nAnti-irritation &#038; anti-grattage<br \/>\nRelipidant 24h\u00a0<br \/>\nTexture mousse onctueuse<br \/>\nRin\u00e7age facile\u00a0\u00a0<\/p>\n","protected":false},"excerpt":{"rendered":"<p>Pack Promotionnel SVR Hydraliane<br \/>\nLe pack de soin hydratant intense nouvelle g\u00e9n\u00e9ration !<br \/>\nLa cr\u00e8me Hydraliane est la solution quotidienne rafra\u00eechissante \u00e0 100% d\u2019ingr\u00e9dients d\u2019origine naturelle pour hydrater intens\u00e9ment et durablement la peau jusqu\u2019\u00e0 24h1. Sa texture l\u00e9g\u00e8re fra\u00eeche associ\u00e9e \u00e0 de l\u2019extrait de Camomille apaise les tiraillements et les sensations d\u2019inconforts. La peau retrouve souplesse et douceur. avec l&rsquo;huile lavante relipidante destin\u00e9e aux peaux s\u00e8ches 55ml offerte<br \/>\nPour tous types de peaux sensibles\u00a0<br \/>\nDLC 05\/2026<\/p>\n","protected":false},"featured_media":703,"comment_status":"open","ping_status":"closed","template":"","meta":[],"pwb-brand":[43],"product_cat":[39],"product_tag":[],"class_list":{"0":"post-675","1":"product","2":"type-product","3":"status-publish","4":"has-post-thumbnail","6":"pwb-brand-svr","7":"product_cat-hydratants-toutes-peaux","8":"post","9":"ws-product--style-1","11":"first","12":"instock","13":"shipping-taxable","14":"purchasable","15":"product-type-simple"},"yoast_head":"<!-- This site is optimized with the Yoast SEO plugin v23.0 - https:\/\/yoast.com\/wordpress\/plugins\/seo\/ -->\n<title>Pack SVR Hydraliane - Hydratation intense (huile lavante 55ml Offerte) - OrthoPara<\/title>\n<meta name=\"robots\" content=\"index, follow, max-snippet:-1, max-image-preview:large, max-video-preview:-1\" \/>\n<link rel=\"canonical\" href=\"https:\/\/orthopara.store\/index.php\/produit\/pack-svr-hydraliane-hydratation-intense-huile-lavante-55ml-offerte\/\" \/>\n<meta property=\"og:locale\" content=\"fr_FR\" \/>\n<meta property=\"og:type\" content=\"article\" \/>\n<meta property=\"og:title\" content=\"Pack SVR Hydraliane - Hydratation intense (huile lavante 55ml Offerte) - OrthoPara\" \/>\n<meta property=\"og:description\" content=\"Pack Promotionnel SVR Hydraliane Le pack de soin hydratant intense nouvelle g\u00e9n\u00e9ration ! La cr\u00e8me Hydraliane est la solution quotidienne rafra\u00eechissante \u00e0 100% d\u2019ingr\u00e9dients d\u2019origine naturelle pour hydrater intens\u00e9ment et durablement la peau jusqu\u2019\u00e0 24h1. Sa texture l\u00e9g\u00e8re fra\u00eeche associ\u00e9e \u00e0 de l\u2019extrait de Camomille apaise les tiraillements et les sensations d\u2019inconforts. La peau retrouve souplesse et douceur. avec l&#039;huile lavante relipidante destin\u00e9e aux peaux s\u00e8ches 55ml offerte Pour tous types de peaux sensibles\u00a0 DLC 05\/2026\" \/>\n<meta property=\"og:url\" content=\"https:\/\/orthopara.store\/index.php\/produit\/pack-svr-hydraliane-hydratation-intense-huile-lavante-55ml-offerte\/\" \/>\n<meta property=\"og:site_name\" content=\"OrthoPara\" \/>\n<meta property=\"article:publisher\" content=\"https:\/\/www.facebook.com\/profile.php?id=61561194315651\" \/>\n<meta property=\"article:modified_time\" content=\"2024-06-28T13:49:30+00:00\" \/>\n<meta property=\"og:image\" content=\"https:\/\/orthopara.store\/wp-content\/uploads\/2024\/06\/pack-svr-hydraliane-hydratation-intense-huile-lavante-55ml-offerte.jpg\" \/>\n\t<meta property=\"og:image:width\" content=\"800\" \/>\n\t<meta property=\"og:image:height\" content=\"800\" \/>\n\t<meta property=\"og:image:type\" content=\"image\/jpeg\" \/>\n<meta name=\"twitter:card\" content=\"summary_large_image\" \/>\n<meta name=\"twitter:label1\" content=\"Dur\u00e9e de lecture estim\u00e9e\" \/>\n\t<meta name=\"twitter:data1\" content=\"2 minutes\" \/>\n<script type=\"application\/ld+json\" class=\"yoast-schema-graph\">{\"@context\":\"https:\/\/schema.org\",\"@graph\":[{\"@type\":\"WebPage\",\"@id\":\"https:\/\/orthopara.store\/index.php\/produit\/pack-svr-hydraliane-hydratation-intense-huile-lavante-55ml-offerte\/\",\"url\":\"https:\/\/orthopara.store\/index.php\/produit\/pack-svr-hydraliane-hydratation-intense-huile-lavante-55ml-offerte\/\",\"name\":\"Pack SVR Hydraliane - Hydratation intense (huile lavante 55ml Offerte) - OrthoPara\",\"isPartOf\":{\"@id\":\"https:\/\/orthopara.store\/#website\"},\"primaryImageOfPage\":{\"@id\":\"https:\/\/orthopara.store\/index.php\/produit\/pack-svr-hydraliane-hydratation-intense-huile-lavante-55ml-offerte\/#primaryimage\"},\"image\":{\"@id\":\"https:\/\/orthopara.store\/index.php\/produit\/pack-svr-hydraliane-hydratation-intense-huile-lavante-55ml-offerte\/#primaryimage\"},\"thumbnailUrl\":\"https:\/\/orthopara.store\/wp-content\/uploads\/2024\/06\/pack-svr-hydraliane-hydratation-intense-huile-lavante-55ml-offerte.jpg\",\"datePublished\":\"2024-06-28T13:49:25+00:00\",\"dateModified\":\"2024-06-28T13:49:30+00:00\",\"breadcrumb\":{\"@id\":\"https:\/\/orthopara.store\/index.php\/produit\/pack-svr-hydraliane-hydratation-intense-huile-lavante-55ml-offerte\/#breadcrumb\"},\"inLanguage\":\"fr-FR\",\"potentialAction\":[{\"@type\":\"ReadAction\",\"target\":[\"https:\/\/orthopara.store\/index.php\/produit\/pack-svr-hydraliane-hydratation-intense-huile-lavante-55ml-offerte\/\"]}]},{\"@type\":\"ImageObject\",\"inLanguage\":\"fr-FR\",\"@id\":\"https:\/\/orthopara.store\/index.php\/produit\/pack-svr-hydraliane-hydratation-intense-huile-lavante-55ml-offerte\/#primaryimage\",\"url\":\"https:\/\/orthopara.store\/wp-content\/uploads\/2024\/06\/pack-svr-hydraliane-hydratation-intense-huile-lavante-55ml-offerte.jpg\",\"contentUrl\":\"https:\/\/orthopara.store\/wp-content\/uploads\/2024\/06\/pack-svr-hydraliane-hydratation-intense-huile-lavante-55ml-offerte.jpg\",\"width\":800,\"height\":800},{\"@type\":\"BreadcrumbList\",\"@id\":\"https:\/\/orthopara.store\/index.php\/produit\/pack-svr-hydraliane-hydratation-intense-huile-lavante-55ml-offerte\/#breadcrumb\",\"itemListElement\":[{\"@type\":\"ListItem\",\"position\":1,\"name\":\"Accueil\",\"item\":\"https:\/\/orthopara.store\/\"},{\"@type\":\"ListItem\",\"position\":2,\"name\":\"Shop\",\"item\":\"https:\/\/orthopara.store\/?page_id=622\"},{\"@type\":\"ListItem\",\"position\":3,\"name\":\"Pack SVR Hydraliane &#8211; Hydratation intense (huile lavante 55ml Offerte)\"}]},{\"@type\":\"WebSite\",\"@id\":\"https:\/\/orthopara.store\/#website\",\"url\":\"https:\/\/orthopara.store\/\",\"name\":\"OrthoPara\",\"description\":\"Parapharmacie\",\"publisher\":{\"@id\":\"https:\/\/orthopara.store\/#organization\"},\"potentialAction\":[{\"@type\":\"SearchAction\",\"target\":{\"@type\":\"EntryPoint\",\"urlTemplate\":\"https:\/\/orthopara.store\/?s={search_term_string}\"},\"query-input\":\"required name=search_term_string\"}],\"inLanguage\":\"fr-FR\"},{\"@type\":\"Organization\",\"@id\":\"https:\/\/orthopara.store\/#organization\",\"name\":\"OrthoPara\",\"url\":\"https:\/\/orthopara.store\/\",\"logo\":{\"@type\":\"ImageObject\",\"inLanguage\":\"fr-FR\",\"@id\":\"https:\/\/orthopara.store\/#\/schema\/logo\/image\/\",\"url\":\"https:\/\/orthopara.store\/wp-content\/uploads\/2024\/06\/cropped-9ABA8BAD-6256-4719-9315-15C66E64E882.png\",\"contentUrl\":\"https:\/\/orthopara.store\/wp-content\/uploads\/2024\/06\/cropped-9ABA8BAD-6256-4719-9315-15C66E64E882.png\",\"width\":240,\"height\":72,\"caption\":\"OrthoPara\"},\"image\":{\"@id\":\"https:\/\/orthopara.store\/#\/schema\/logo\/image\/\"},\"sameAs\":[\"https:\/\/www.facebook.com\/profile.php?id=61561194315651\",\"https:\/\/www.instagram.com\/orthopara_tunisie\/\"]}]}<\/script>\n<!-- \/ Yoast SEO plugin. -->","yoast_head_json":{"title":"Pack SVR Hydraliane - Hydratation intense (huile lavante 55ml Offerte) - OrthoPara","robots":{"index":"index","follow":"follow","max-snippet":"max-snippet:-1","max-image-preview":"max-image-preview:large","max-video-preview":"max-video-preview:-1"},"canonical":"https:\/\/orthopara.store\/index.php\/produit\/pack-svr-hydraliane-hydratation-intense-huile-lavante-55ml-offerte\/","og_locale":"fr_FR","og_type":"article","og_title":"Pack SVR Hydraliane - Hydratation intense (huile lavante 55ml Offerte) - OrthoPara","og_description":"Pack Promotionnel SVR Hydraliane Le pack de soin hydratant intense nouvelle g\u00e9n\u00e9ration ! La cr\u00e8me Hydraliane est la solution quotidienne rafra\u00eechissante \u00e0 100% d\u2019ingr\u00e9dients d\u2019origine naturelle pour hydrater intens\u00e9ment et durablement la peau jusqu\u2019\u00e0 24h1. Sa texture l\u00e9g\u00e8re fra\u00eeche associ\u00e9e \u00e0 de l\u2019extrait de Camomille apaise les tiraillements et les sensations d\u2019inconforts. La peau retrouve souplesse et douceur. avec l'huile lavante relipidante destin\u00e9e aux peaux s\u00e8ches 55ml offerte Pour tous types de peaux sensibles\u00a0 DLC 05\/2026","og_url":"https:\/\/orthopara.store\/index.php\/produit\/pack-svr-hydraliane-hydratation-intense-huile-lavante-55ml-offerte\/","og_site_name":"OrthoPara","article_publisher":"https:\/\/www.facebook.com\/profile.php?id=61561194315651","article_modified_time":"2024-06-28T13:49:30+00:00","og_image":[{"width":800,"height":800,"url":"https:\/\/orthopara.store\/wp-content\/uploads\/2024\/06\/pack-svr-hydraliane-hydratation-intense-huile-lavante-55ml-offerte.jpg","type":"image\/jpeg"}],"twitter_card":"summary_large_image","twitter_misc":{"Dur\u00e9e de lecture estim\u00e9e":"2 minutes"},"schema":{"@context":"https:\/\/schema.org","@graph":[{"@type":"WebPage","@id":"https:\/\/orthopara.store\/index.php\/produit\/pack-svr-hydraliane-hydratation-intense-huile-lavante-55ml-offerte\/","url":"https:\/\/orthopara.store\/index.php\/produit\/pack-svr-hydraliane-hydratation-intense-huile-lavante-55ml-offerte\/","name":"Pack SVR Hydraliane - Hydratation intense (huile lavante 55ml Offerte) - OrthoPara","isPartOf":{"@id":"https:\/\/orthopara.store\/#website"},"primaryImageOfPage":{"@id":"https:\/\/orthopara.store\/index.php\/produit\/pack-svr-hydraliane-hydratation-intense-huile-lavante-55ml-offerte\/#primaryimage"},"image":{"@id":"https:\/\/orthopara.store\/index.php\/produit\/pack-svr-hydraliane-hydratation-intense-huile-lavante-55ml-offerte\/#primaryimage"},"thumbnailUrl":"https:\/\/orthopara.store\/wp-content\/uploads\/2024\/06\/pack-svr-hydraliane-hydratation-intense-huile-lavante-55ml-offerte.jpg","datePublished":"2024-06-28T13:49:25+00:00","dateModified":"2024-06-28T13:49:30+00:00","breadcrumb":{"@id":"https:\/\/orthopara.store\/index.php\/produit\/pack-svr-hydraliane-hydratation-intense-huile-lavante-55ml-offerte\/#breadcrumb"},"inLanguage":"fr-FR","potentialAction":[{"@type":"ReadAction","target":["https:\/\/orthopara.store\/index.php\/produit\/pack-svr-hydraliane-hydratation-intense-huile-lavante-55ml-offerte\/"]}]},{"@type":"ImageObject","inLanguage":"fr-FR","@id":"https:\/\/orthopara.store\/index.php\/produit\/pack-svr-hydraliane-hydratation-intense-huile-lavante-55ml-offerte\/#primaryimage","url":"https:\/\/orthopara.store\/wp-content\/uploads\/2024\/06\/pack-svr-hydraliane-hydratation-intense-huile-lavante-55ml-offerte.jpg","contentUrl":"https:\/\/orthopara.store\/wp-content\/uploads\/2024\/06\/pack-svr-hydraliane-hydratation-intense-huile-lavante-55ml-offerte.jpg","width":800,"height":800},{"@type":"BreadcrumbList","@id":"https:\/\/orthopara.store\/index.php\/produit\/pack-svr-hydraliane-hydratation-intense-huile-lavante-55ml-offerte\/#breadcrumb","itemListElement":[{"@type":"ListItem","position":1,"name":"Accueil","item":"https:\/\/orthopara.store\/"},{"@type":"ListItem","position":2,"name":"Shop","item":"https:\/\/orthopara.store\/?page_id=622"},{"@type":"ListItem","position":3,"name":"Pack SVR Hydraliane &#8211; Hydratation intense (huile lavante 55ml Offerte)"}]},{"@type":"WebSite","@id":"https:\/\/orthopara.store\/#website","url":"https:\/\/orthopara.store\/","name":"OrthoPara","description":"Parapharmacie","publisher":{"@id":"https:\/\/orthopara.store\/#organization"},"potentialAction":[{"@type":"SearchAction","target":{"@type":"EntryPoint","urlTemplate":"https:\/\/orthopara.store\/?s={search_term_string}"},"query-input":"required name=search_term_string"}],"inLanguage":"fr-FR"},{"@type":"Organization","@id":"https:\/\/orthopara.store\/#organization","name":"OrthoPara","url":"https:\/\/orthopara.store\/","logo":{"@type":"ImageObject","inLanguage":"fr-FR","@id":"https:\/\/orthopara.store\/#\/schema\/logo\/image\/","url":"https:\/\/orthopara.store\/wp-content\/uploads\/2024\/06\/cropped-9ABA8BAD-6256-4719-9315-15C66E64E882.png","contentUrl":"https:\/\/orthopara.store\/wp-content\/uploads\/2024\/06\/cropped-9ABA8BAD-6256-4719-9315-15C66E64E882.png","width":240,"height":72,"caption":"OrthoPara"},"image":{"@id":"https:\/\/orthopara.store\/#\/schema\/logo\/image\/"},"sameAs":["https:\/\/www.facebook.com\/profile.php?id=61561194315651","https:\/\/www.instagram.com\/orthopara_tunisie\/"]}]}},"jetpack_sharing_enabled":true,"brands":[{"id":43,"name":"SVR","slug":"svr"}],"_links":{"self":[{"href":"https:\/\/orthopara.store\/index.php?rest_route=\/wp\/v2\/product\/675","targetHints":{"allow":["GET"]}}],"collection":[{"href":"https:\/\/orthopara.store\/index.php?rest_route=\/wp\/v2\/product"}],"about":[{"href":"https:\/\/orthopara.store\/index.php?rest_route=\/wp\/v2\/types\/product"}],"replies":[{"embeddable":true,"href":"https:\/\/orthopara.store\/index.php?rest_route=%2Fwp%2Fv2%2Fcomments&post=675"}],"wp:featuredmedia":[{"embeddable":true,"href":"https:\/\/orthopara.store\/index.php?rest_route=\/wp\/v2\/media\/703"}],"wp:attachment":[{"href":"https:\/\/orthopara.store\/index.php?rest_route=%2Fwp%2Fv2%2Fmedia&parent=675"}],"wp:term":[{"taxonomy":"pwb-brand","embeddable":true,"href":"https:\/\/orthopara.store\/index.php?rest_route=%2Fwp%2Fv2%2Fpwb-brand&post=675"},{"taxonomy":"product_cat","embeddable":true,"href":"https:\/\/orthopara.store\/index.php?rest_route=%2Fwp%2Fv2%2Fproduct_cat&post=675"},{"taxonomy":"product_tag","embeddable":true,"href":"https:\/\/orthopara.store\/index.php?rest_route=%2Fwp%2Fv2%2Fproduct_tag&post=675"}],"curies":[{"name":"wp","href":"https:\/\/api.w.org\/{rel}","templated":true}]}}