{"id":677,"date":"2024-06-28T15:49:25","date_gmt":"2024-06-28T13:49:25","guid":{"rendered":"https:\/\/orthopara.store\/?post_type=product&#038;p=677"},"modified":"2024-06-28T15:49:31","modified_gmt":"2024-06-28T13:49:31","slug":"gel-creme-de-jour-a-lacide-hyaluronique-novaclear-hydro-50ml","status":"publish","type":"product","link":"https:\/\/orthopara.store\/?product=gel-creme-de-jour-a-lacide-hyaluronique-novaclear-hydro-50ml","title":{"rendered":"Gel-cr\u00e8me de jour \u00e0 l&rsquo;acide hyaluronique &#8211; Novaclear Hydro &#8211; 50ml"},"content":{"rendered":"<p>Gel-cr\u00e8me de jour \u00e0 l&rsquo;acide hyaluronique &#8211; Novaclear Hydro &#8211; 50ml<br \/>\nLa formule l\u00e9g\u00e8re de la cr\u00e8me influence le processus d&rsquo;hydratation de la peau, contribuant \u00e0 am\u00e9liorer son \u00e9lasticit\u00e9, \u00e0 r\u00e9duire l&rsquo;apparence des premiers signes du vieillissement et \u00e0 procurer une hydratation longue dur\u00e9e.<br \/>\nDeux types de mol\u00e9cules d&rsquo;Acide Hyaluronique assurent une hydratation imm\u00e9diate et durable de la peau.<br \/>\nL&rsquo;acide hyaluronique de faible poids mol\u00e9culaire p\u00e9n\u00e8tre dans les couches profondes de la peau en retenant l&rsquo;eau pour une hydratation longue dur\u00e9e.<br \/>\nL&rsquo;acide hyaluronique de poids mol\u00e9culaire moyen pr\u00e9vient la perte d&rsquo;eau trans\u00e9pidermique (TEWL).<\/p>\n<p>Une combinaison d&rsquo;antioxydants puissants : la Vit E avec l&rsquo;extrait de rose musqu\u00e9e et l&rsquo;extrait de th\u00e9 vert prot\u00e8ge la peau des premiers signes de l&rsquo;\u00e2ge.<br \/>\nL&rsquo;extrait de riz et le panth\u00e9nol apaisent les irritations et am\u00e9liorent l&rsquo;\u00e9tat g\u00e9n\u00e9ral de la peau.<br \/>\nLa combinaison d&rsquo;ingr\u00e9dients actifs procure une hydratation longue dur\u00e9e, am\u00e9liorant l&rsquo;\u00e9lasticit\u00e9 de la peau.<br \/>\nBienfaits du produit :\u00a0\u00a0<br \/>\nFournit une hydratation longue dur\u00e9e<br \/>\nAm\u00e9liore l&rsquo;\u00e9lasticit\u00e9 de la peau<br \/>\nRend la peau plus jeune<br \/>\nProt\u00e8ge la peau des signes du vieillissement<br \/>\nIngr\u00e9dients actifs :<br \/>\nAcide hyaluronique<br \/>\nVitamine E<br \/>\nExtrait de rose musqu\u00e9e<br \/>\nExtrait de th\u00e9 vert<br \/>\nExtrait de riz<br \/>\nPanth\u00e9nol<br \/>\n\u00c9tudes d&rsquo;efficacit\u00e9 :\u00a0<br \/>\nL&rsquo;efficacit\u00e9 du produit a \u00e9t\u00e9 confirm\u00e9e par des tests d&rsquo;application r\u00e9alis\u00e9s aupr\u00e8s de personnes \u00e0 la peau s\u00e8che et d\u00e9shydrat\u00e9e.<br \/>\n100 % des r\u00e9pondants ont confirm\u00e9 que le produit a une formule l\u00e9g\u00e8re et hydratante.<br \/>\n93,5 % des r\u00e9pondants ont confirm\u00e9 que le produit procure un effet hydratant longue dur\u00e9e sur la peau.<br \/>\n77,4 % des personnes interrog\u00e9es ont confirm\u00e9 une am\u00e9lioration de l&rsquo;\u00e9lasticit\u00e9 de la peau.<br \/>\n77,4% des personnes interrog\u00e9es ont confirm\u00e9 que le produit fonctionne parfaitement sous le maquillage et n&rsquo;obstrue pas les pores.<br \/>\nTest\u00e9 dermatologiquement<\/p>\n<p>Conseils d&rsquo;utilisation :<br \/>\nChaque soir, apr\u00e8s votre routine de nettoyage et l&rsquo;application du S\u00e9rum HYDRO, massez doucement la Cr\u00e8me sur votre visage et votre cou.<br \/>\nPour un meilleur r\u00e9sultat appliquez une couche \u00e9paisse sur votre peau, laissez agir toute la nuit.<br \/>\nRecommand\u00e9 pour tous les types de peau, en particulier pour les peaux d\u00e9shydrat\u00e9es et les traitements post-m\u00e9dicaux de dess\u00e8chement excessif.<\/p>\n","protected":false},"excerpt":{"rendered":"<p>Novaclear Hydro<br \/>\nUne cr\u00e8me-gel hydratante l\u00e9g\u00e8re \u00e0 l&rsquo;acide hyaluronique sous forme de gel, con\u00e7ue pour le soin quotidien de tous les types de peau , en particulier les peaux d\u00e9shydrat\u00e9es .<br \/>\nContenance : 50ml<\/p>\n","protected":false},"featured_media":705,"comment_status":"open","ping_status":"closed","template":"","meta":[],"pwb-brand":[45],"product_cat":[39],"product_tag":[],"class_list":{"0":"post-677","1":"product","2":"type-product","3":"status-publish","4":"has-post-thumbnail","6":"pwb-brand-novaclear","7":"product_cat-hydratants-toutes-peaux","8":"post","9":"ws-product--style-1","11":"first","12":"instock","13":"shipping-taxable","14":"purchasable","15":"product-type-simple"},"yoast_head":"<!-- This site is optimized with the Yoast SEO plugin v23.0 - https:\/\/yoast.com\/wordpress\/plugins\/seo\/ -->\n<title>Gel-cr\u00e8me de jour \u00e0 l&#039;acide hyaluronique - Novaclear Hydro - 50ml - OrthoPara<\/title>\n<meta name=\"robots\" content=\"index, follow, max-snippet:-1, max-image-preview:large, max-video-preview:-1\" \/>\n<link rel=\"canonical\" href=\"https:\/\/orthopara.store\/index.php\/produit\/gel-creme-de-jour-a-lacide-hyaluronique-novaclear-hydro-50ml\/\" \/>\n<meta property=\"og:locale\" content=\"fr_FR\" \/>\n<meta property=\"og:type\" content=\"article\" \/>\n<meta property=\"og:title\" content=\"Gel-cr\u00e8me de jour \u00e0 l&#039;acide hyaluronique - Novaclear Hydro - 50ml - OrthoPara\" \/>\n<meta property=\"og:description\" content=\"Novaclear Hydro Une cr\u00e8me-gel hydratante l\u00e9g\u00e8re \u00e0 l&#039;acide hyaluronique sous forme de gel, con\u00e7ue pour le soin quotidien de tous les types de peau , en particulier les peaux d\u00e9shydrat\u00e9es . Contenance : 50ml\" \/>\n<meta property=\"og:url\" content=\"https:\/\/orthopara.store\/index.php\/produit\/gel-creme-de-jour-a-lacide-hyaluronique-novaclear-hydro-50ml\/\" \/>\n<meta property=\"og:site_name\" content=\"OrthoPara\" \/>\n<meta property=\"article:publisher\" content=\"https:\/\/www.facebook.com\/profile.php?id=61561194315651\" \/>\n<meta property=\"article:modified_time\" content=\"2024-06-28T13:49:31+00:00\" \/>\n<meta property=\"og:image\" content=\"https:\/\/orthopara.store\/wp-content\/uploads\/2024\/06\/gel-creme-de-jour-a-l-acide-hyaluronique-novaclear-hydro-50ml.jpg\" \/>\n\t<meta property=\"og:image:width\" content=\"800\" \/>\n\t<meta property=\"og:image:height\" content=\"800\" \/>\n\t<meta property=\"og:image:type\" content=\"image\/jpeg\" \/>\n<meta name=\"twitter:card\" content=\"summary_large_image\" \/>\n<meta name=\"twitter:label1\" content=\"Dur\u00e9e de lecture estim\u00e9e\" \/>\n\t<meta name=\"twitter:data1\" content=\"2 minutes\" \/>\n<script type=\"application\/ld+json\" class=\"yoast-schema-graph\">{\"@context\":\"https:\/\/schema.org\",\"@graph\":[{\"@type\":\"WebPage\",\"@id\":\"https:\/\/orthopara.store\/index.php\/produit\/gel-creme-de-jour-a-lacide-hyaluronique-novaclear-hydro-50ml\/\",\"url\":\"https:\/\/orthopara.store\/index.php\/produit\/gel-creme-de-jour-a-lacide-hyaluronique-novaclear-hydro-50ml\/\",\"name\":\"Gel-cr\u00e8me de jour \u00e0 l'acide hyaluronique - Novaclear Hydro - 50ml - OrthoPara\",\"isPartOf\":{\"@id\":\"https:\/\/orthopara.store\/#website\"},\"primaryImageOfPage\":{\"@id\":\"https:\/\/orthopara.store\/index.php\/produit\/gel-creme-de-jour-a-lacide-hyaluronique-novaclear-hydro-50ml\/#primaryimage\"},\"image\":{\"@id\":\"https:\/\/orthopara.store\/index.php\/produit\/gel-creme-de-jour-a-lacide-hyaluronique-novaclear-hydro-50ml\/#primaryimage\"},\"thumbnailUrl\":\"https:\/\/orthopara.store\/wp-content\/uploads\/2024\/06\/gel-creme-de-jour-a-l-acide-hyaluronique-novaclear-hydro-50ml.jpg\",\"datePublished\":\"2024-06-28T13:49:25+00:00\",\"dateModified\":\"2024-06-28T13:49:31+00:00\",\"breadcrumb\":{\"@id\":\"https:\/\/orthopara.store\/index.php\/produit\/gel-creme-de-jour-a-lacide-hyaluronique-novaclear-hydro-50ml\/#breadcrumb\"},\"inLanguage\":\"fr-FR\",\"potentialAction\":[{\"@type\":\"ReadAction\",\"target\":[\"https:\/\/orthopara.store\/index.php\/produit\/gel-creme-de-jour-a-lacide-hyaluronique-novaclear-hydro-50ml\/\"]}]},{\"@type\":\"ImageObject\",\"inLanguage\":\"fr-FR\",\"@id\":\"https:\/\/orthopara.store\/index.php\/produit\/gel-creme-de-jour-a-lacide-hyaluronique-novaclear-hydro-50ml\/#primaryimage\",\"url\":\"https:\/\/orthopara.store\/wp-content\/uploads\/2024\/06\/gel-creme-de-jour-a-l-acide-hyaluronique-novaclear-hydro-50ml.jpg\",\"contentUrl\":\"https:\/\/orthopara.store\/wp-content\/uploads\/2024\/06\/gel-creme-de-jour-a-l-acide-hyaluronique-novaclear-hydro-50ml.jpg\",\"width\":800,\"height\":800},{\"@type\":\"BreadcrumbList\",\"@id\":\"https:\/\/orthopara.store\/index.php\/produit\/gel-creme-de-jour-a-lacide-hyaluronique-novaclear-hydro-50ml\/#breadcrumb\",\"itemListElement\":[{\"@type\":\"ListItem\",\"position\":1,\"name\":\"Accueil\",\"item\":\"https:\/\/orthopara.store\/\"},{\"@type\":\"ListItem\",\"position\":2,\"name\":\"Shop\",\"item\":\"https:\/\/orthopara.store\/?page_id=622\"},{\"@type\":\"ListItem\",\"position\":3,\"name\":\"Gel-cr\u00e8me de jour \u00e0 l&rsquo;acide hyaluronique &#8211; Novaclear Hydro &#8211; 50ml\"}]},{\"@type\":\"WebSite\",\"@id\":\"https:\/\/orthopara.store\/#website\",\"url\":\"https:\/\/orthopara.store\/\",\"name\":\"OrthoPara\",\"description\":\"Parapharmacie\",\"publisher\":{\"@id\":\"https:\/\/orthopara.store\/#organization\"},\"potentialAction\":[{\"@type\":\"SearchAction\",\"target\":{\"@type\":\"EntryPoint\",\"urlTemplate\":\"https:\/\/orthopara.store\/?s={search_term_string}\"},\"query-input\":\"required name=search_term_string\"}],\"inLanguage\":\"fr-FR\"},{\"@type\":\"Organization\",\"@id\":\"https:\/\/orthopara.store\/#organization\",\"name\":\"OrthoPara\",\"url\":\"https:\/\/orthopara.store\/\",\"logo\":{\"@type\":\"ImageObject\",\"inLanguage\":\"fr-FR\",\"@id\":\"https:\/\/orthopara.store\/#\/schema\/logo\/image\/\",\"url\":\"https:\/\/orthopara.store\/wp-content\/uploads\/2024\/06\/cropped-9ABA8BAD-6256-4719-9315-15C66E64E882.png\",\"contentUrl\":\"https:\/\/orthopara.store\/wp-content\/uploads\/2024\/06\/cropped-9ABA8BAD-6256-4719-9315-15C66E64E882.png\",\"width\":240,\"height\":72,\"caption\":\"OrthoPara\"},\"image\":{\"@id\":\"https:\/\/orthopara.store\/#\/schema\/logo\/image\/\"},\"sameAs\":[\"https:\/\/www.facebook.com\/profile.php?id=61561194315651\",\"https:\/\/www.instagram.com\/orthopara_tunisie\/\"]}]}<\/script>\n<!-- \/ Yoast SEO plugin. -->","yoast_head_json":{"title":"Gel-cr\u00e8me de jour \u00e0 l'acide hyaluronique - Novaclear Hydro - 50ml - OrthoPara","robots":{"index":"index","follow":"follow","max-snippet":"max-snippet:-1","max-image-preview":"max-image-preview:large","max-video-preview":"max-video-preview:-1"},"canonical":"https:\/\/orthopara.store\/index.php\/produit\/gel-creme-de-jour-a-lacide-hyaluronique-novaclear-hydro-50ml\/","og_locale":"fr_FR","og_type":"article","og_title":"Gel-cr\u00e8me de jour \u00e0 l'acide hyaluronique - Novaclear Hydro - 50ml - OrthoPara","og_description":"Novaclear Hydro Une cr\u00e8me-gel hydratante l\u00e9g\u00e8re \u00e0 l'acide hyaluronique sous forme de gel, con\u00e7ue pour le soin quotidien de tous les types de peau , en particulier les peaux d\u00e9shydrat\u00e9es . Contenance : 50ml","og_url":"https:\/\/orthopara.store\/index.php\/produit\/gel-creme-de-jour-a-lacide-hyaluronique-novaclear-hydro-50ml\/","og_site_name":"OrthoPara","article_publisher":"https:\/\/www.facebook.com\/profile.php?id=61561194315651","article_modified_time":"2024-06-28T13:49:31+00:00","og_image":[{"width":800,"height":800,"url":"https:\/\/orthopara.store\/wp-content\/uploads\/2024\/06\/gel-creme-de-jour-a-l-acide-hyaluronique-novaclear-hydro-50ml.jpg","type":"image\/jpeg"}],"twitter_card":"summary_large_image","twitter_misc":{"Dur\u00e9e de lecture estim\u00e9e":"2 minutes"},"schema":{"@context":"https:\/\/schema.org","@graph":[{"@type":"WebPage","@id":"https:\/\/orthopara.store\/index.php\/produit\/gel-creme-de-jour-a-lacide-hyaluronique-novaclear-hydro-50ml\/","url":"https:\/\/orthopara.store\/index.php\/produit\/gel-creme-de-jour-a-lacide-hyaluronique-novaclear-hydro-50ml\/","name":"Gel-cr\u00e8me de jour \u00e0 l'acide hyaluronique - Novaclear Hydro - 50ml - OrthoPara","isPartOf":{"@id":"https:\/\/orthopara.store\/#website"},"primaryImageOfPage":{"@id":"https:\/\/orthopara.store\/index.php\/produit\/gel-creme-de-jour-a-lacide-hyaluronique-novaclear-hydro-50ml\/#primaryimage"},"image":{"@id":"https:\/\/orthopara.store\/index.php\/produit\/gel-creme-de-jour-a-lacide-hyaluronique-novaclear-hydro-50ml\/#primaryimage"},"thumbnailUrl":"https:\/\/orthopara.store\/wp-content\/uploads\/2024\/06\/gel-creme-de-jour-a-l-acide-hyaluronique-novaclear-hydro-50ml.jpg","datePublished":"2024-06-28T13:49:25+00:00","dateModified":"2024-06-28T13:49:31+00:00","breadcrumb":{"@id":"https:\/\/orthopara.store\/index.php\/produit\/gel-creme-de-jour-a-lacide-hyaluronique-novaclear-hydro-50ml\/#breadcrumb"},"inLanguage":"fr-FR","potentialAction":[{"@type":"ReadAction","target":["https:\/\/orthopara.store\/index.php\/produit\/gel-creme-de-jour-a-lacide-hyaluronique-novaclear-hydro-50ml\/"]}]},{"@type":"ImageObject","inLanguage":"fr-FR","@id":"https:\/\/orthopara.store\/index.php\/produit\/gel-creme-de-jour-a-lacide-hyaluronique-novaclear-hydro-50ml\/#primaryimage","url":"https:\/\/orthopara.store\/wp-content\/uploads\/2024\/06\/gel-creme-de-jour-a-l-acide-hyaluronique-novaclear-hydro-50ml.jpg","contentUrl":"https:\/\/orthopara.store\/wp-content\/uploads\/2024\/06\/gel-creme-de-jour-a-l-acide-hyaluronique-novaclear-hydro-50ml.jpg","width":800,"height":800},{"@type":"BreadcrumbList","@id":"https:\/\/orthopara.store\/index.php\/produit\/gel-creme-de-jour-a-lacide-hyaluronique-novaclear-hydro-50ml\/#breadcrumb","itemListElement":[{"@type":"ListItem","position":1,"name":"Accueil","item":"https:\/\/orthopara.store\/"},{"@type":"ListItem","position":2,"name":"Shop","item":"https:\/\/orthopara.store\/?page_id=622"},{"@type":"ListItem","position":3,"name":"Gel-cr\u00e8me de jour \u00e0 l&rsquo;acide hyaluronique &#8211; Novaclear Hydro &#8211; 50ml"}]},{"@type":"WebSite","@id":"https:\/\/orthopara.store\/#website","url":"https:\/\/orthopara.store\/","name":"OrthoPara","description":"Parapharmacie","publisher":{"@id":"https:\/\/orthopara.store\/#organization"},"potentialAction":[{"@type":"SearchAction","target":{"@type":"EntryPoint","urlTemplate":"https:\/\/orthopara.store\/?s={search_term_string}"},"query-input":"required name=search_term_string"}],"inLanguage":"fr-FR"},{"@type":"Organization","@id":"https:\/\/orthopara.store\/#organization","name":"OrthoPara","url":"https:\/\/orthopara.store\/","logo":{"@type":"ImageObject","inLanguage":"fr-FR","@id":"https:\/\/orthopara.store\/#\/schema\/logo\/image\/","url":"https:\/\/orthopara.store\/wp-content\/uploads\/2024\/06\/cropped-9ABA8BAD-6256-4719-9315-15C66E64E882.png","contentUrl":"https:\/\/orthopara.store\/wp-content\/uploads\/2024\/06\/cropped-9ABA8BAD-6256-4719-9315-15C66E64E882.png","width":240,"height":72,"caption":"OrthoPara"},"image":{"@id":"https:\/\/orthopara.store\/#\/schema\/logo\/image\/"},"sameAs":["https:\/\/www.facebook.com\/profile.php?id=61561194315651","https:\/\/www.instagram.com\/orthopara_tunisie\/"]}]}},"jetpack_sharing_enabled":true,"brands":[{"id":45,"name":"Novaclear","slug":"novaclear"}],"_links":{"self":[{"href":"https:\/\/orthopara.store\/index.php?rest_route=\/wp\/v2\/product\/677","targetHints":{"allow":["GET"]}}],"collection":[{"href":"https:\/\/orthopara.store\/index.php?rest_route=\/wp\/v2\/product"}],"about":[{"href":"https:\/\/orthopara.store\/index.php?rest_route=\/wp\/v2\/types\/product"}],"replies":[{"embeddable":true,"href":"https:\/\/orthopara.store\/index.php?rest_route=%2Fwp%2Fv2%2Fcomments&post=677"}],"wp:featuredmedia":[{"embeddable":true,"href":"https:\/\/orthopara.store\/index.php?rest_route=\/wp\/v2\/media\/705"}],"wp:attachment":[{"href":"https:\/\/orthopara.store\/index.php?rest_route=%2Fwp%2Fv2%2Fmedia&parent=677"}],"wp:term":[{"taxonomy":"pwb-brand","embeddable":true,"href":"https:\/\/orthopara.store\/index.php?rest_route=%2Fwp%2Fv2%2Fpwb-brand&post=677"},{"taxonomy":"product_cat","embeddable":true,"href":"https:\/\/orthopara.store\/index.php?rest_route=%2Fwp%2Fv2%2Fproduct_cat&post=677"},{"taxonomy":"product_tag","embeddable":true,"href":"https:\/\/orthopara.store\/index.php?rest_route=%2Fwp%2Fv2%2Fproduct_tag&post=677"}],"curies":[{"name":"wp","href":"https:\/\/api.w.org\/{rel}","templated":true}]}}