{"id":678,"date":"2024-06-28T15:49:26","date_gmt":"2024-06-28T13:49:26","guid":{"rendered":"https:\/\/orthopara.store\/?post_type=product&#038;p=678"},"modified":"2024-06-28T15:49:32","modified_gmt":"2024-06-28T13:49:32","slug":"serum-visage-lissant-lirene-acid-power-30ml","status":"publish","type":"product","link":"https:\/\/orthopara.store\/?product=serum-visage-lissant-lirene-acid-power-30ml","title":{"rendered":"S\u00e9rum visage lissant &#8211; Lirene Acid Power &#8211; 30ml"},"content":{"rendered":"<p>S\u00e9rum visage lissant &#8211; Lirene Acid Power &#8211; 30ml<br \/>\nS\u00e9rum Exfoliant Acid Power pour les peaux hyperpigment\u00e9es et \u00e0 tendance acn\u00e9ique. Lirene Acid Power est une formule innovante contenant une combinaison unique d&rsquo;acides professionnels \u00e0 haute concentration &#8211; 7% et d&rsquo;hydrolats apaisants. Un pH appropri\u00e9 minimise le risque d&rsquo;irritation et de desquamation inesth\u00e9tique de la peau, permettant une stimulation r\u00e9guli\u00e8re et non agressive de la r\u00e9g\u00e9n\u00e9ration cellulaire. Le soin lisse progressivement le grain et la tonicit\u00e9 de la peau, pour que le visage retrouve sa fra\u00eecheur et son \u00e9clat de jeunesse.<br \/>\nCaract\u00e9ristiques du produit :<br \/>\nNuit<br \/>\nIngr\u00e9dients :<br \/>\nComplexe d&rsquo;acides Glycolique, Succinique et Lactique (7%)<br \/>\nStimule les processus naturels de renouvellement de la peau, dans lesquels les cellules k\u00e9ratinis\u00e9es de l&rsquo;\u00e9piderme sont remplac\u00e9es par de nouvelles cellules plus jeunes<br \/>\nAcide Succinique<br \/>\nAm\u00e9liore le m\u00e9tabolisme cellulaire et a un fort effet antioxydant, vous permettant de garder la jeunesse de la peau plus longtemps<br \/>\nAcide Lactique<br \/>\nLie l&rsquo;eau dans les structures de l&rsquo;\u00e9piderme, augmentant \u00e0 long terme le niveau d&rsquo;humidit\u00e9<br \/>\n20% Hydrolat de rose \u00e0 cent feuilles<br \/>\nA un effet lissant, anti-\u00e2ge et apaisant<br \/>\nConseils d&rsquo;utilisation :<br \/>\nLe soir, masser sur un visage parfaitement nettoy\u00e9 et s\u00e9ch\u00e9 en \u00e9vitant le contour des yeux et des l\u00e8vres.<br \/>\nUtilisez ensuite votre cr\u00e8me Lirene pr\u00e9f\u00e9r\u00e9e.<br \/>\nSelon votre pr\u00e9f\u00e9rence et vos r\u00e9actions cutan\u00e9es, vous pouvez utiliser le s\u00e9rum quotidiennement ou plusieurs fois par semaine.<br \/>\nLors de l&rsquo;utilisation du s\u00e9rum et une semaine apr\u00e8s, il est recommand\u00e9 de prot\u00e9ger la peau avec un \u00e9cran solaire \u00e0 haut SPF avant l&rsquo;exposition au soleil.<br \/>\nComposition :<br \/>\n210319 Ingredients: Aqua (Water), Glycerin, Propanediol, Glycolic Acid, Mandelic Acid, Sodium Hydroxide, Citrus Grandis (Grapefruit) Fruit Extract, Inulin, Fructose, Glucose, Phytic acid, Cellulose Gum, Sodium Phytate, Xanthan Gum, Cellulose, Calcium Gluconate, Gluconolactone, Sodium Benzoate, Potassium Sorbate<\/p>\n","protected":false},"excerpt":{"rendered":"<p>Lirene Acid Power<br \/>\nLirene Acid Power S\u00e9rum lissant aux acides glycolique, succinique et lactique, id\u00e9al pour tous les types de peaux, y compris matures. La composition comprend des acides concentr\u00e9s et puissants qui am\u00e9liorent compl\u00e8tement l&rsquo;\u00e9tat de la peau, ainsi que des hydrolats naturels qui ont un effet hydratant et antioxydant. La peau devient lisse au toucher, plus \u00e9lastique et moins sujette \u00e0 l&rsquo;augmentation des rides<\/p>\n<p>Contenance : 30ml<\/p>\n","protected":false},"featured_media":706,"comment_status":"open","ping_status":"closed","template":"","meta":[],"pwb-brand":[46],"product_cat":[39],"product_tag":[],"class_list":{"0":"post-678","1":"product","2":"type-product","3":"status-publish","4":"has-post-thumbnail","6":"pwb-brand-lirene","7":"product_cat-hydratants-toutes-peaux","8":"post","9":"ws-product--style-1","11":"first","12":"instock","13":"shipping-taxable","14":"purchasable","15":"product-type-simple"},"yoast_head":"<!-- This site is optimized with the Yoast SEO plugin v23.0 - https:\/\/yoast.com\/wordpress\/plugins\/seo\/ -->\n<title>S\u00e9rum visage lissant - Lirene Acid Power - 30ml - OrthoPara<\/title>\n<meta name=\"robots\" content=\"index, follow, max-snippet:-1, max-image-preview:large, max-video-preview:-1\" \/>\n<link rel=\"canonical\" href=\"https:\/\/orthopara.store\/index.php\/produit\/serum-visage-lissant-lirene-acid-power-30ml\/\" \/>\n<meta property=\"og:locale\" content=\"fr_FR\" \/>\n<meta property=\"og:type\" content=\"article\" \/>\n<meta property=\"og:title\" content=\"S\u00e9rum visage lissant - Lirene Acid Power - 30ml - OrthoPara\" \/>\n<meta property=\"og:description\" content=\"Lirene Acid Power Lirene Acid Power S\u00e9rum lissant aux acides glycolique, succinique et lactique, id\u00e9al pour tous les types de peaux, y compris matures. La composition comprend des acides concentr\u00e9s et puissants qui am\u00e9liorent compl\u00e8tement l&#039;\u00e9tat de la peau, ainsi que des hydrolats naturels qui ont un effet hydratant et antioxydant. La peau devient lisse au toucher, plus \u00e9lastique et moins sujette \u00e0 l&#039;augmentation des rides Contenance : 30ml\" \/>\n<meta property=\"og:url\" content=\"https:\/\/orthopara.store\/index.php\/produit\/serum-visage-lissant-lirene-acid-power-30ml\/\" \/>\n<meta property=\"og:site_name\" content=\"OrthoPara\" \/>\n<meta property=\"article:publisher\" content=\"https:\/\/www.facebook.com\/profile.php?id=61561194315651\" \/>\n<meta property=\"article:modified_time\" content=\"2024-06-28T13:49:32+00:00\" \/>\n<meta property=\"og:image\" content=\"https:\/\/orthopara.store\/wp-content\/uploads\/2024\/06\/serum-visage-lissant-lirene-acid-power-30ml.jpg\" \/>\n\t<meta property=\"og:image:width\" content=\"800\" \/>\n\t<meta property=\"og:image:height\" content=\"800\" \/>\n\t<meta property=\"og:image:type\" content=\"image\/jpeg\" \/>\n<meta name=\"twitter:card\" content=\"summary_large_image\" \/>\n<meta name=\"twitter:label1\" content=\"Dur\u00e9e de lecture estim\u00e9e\" \/>\n\t<meta name=\"twitter:data1\" content=\"2 minutes\" \/>\n<script type=\"application\/ld+json\" class=\"yoast-schema-graph\">{\"@context\":\"https:\/\/schema.org\",\"@graph\":[{\"@type\":\"WebPage\",\"@id\":\"https:\/\/orthopara.store\/index.php\/produit\/serum-visage-lissant-lirene-acid-power-30ml\/\",\"url\":\"https:\/\/orthopara.store\/index.php\/produit\/serum-visage-lissant-lirene-acid-power-30ml\/\",\"name\":\"S\u00e9rum visage lissant - Lirene Acid Power - 30ml - OrthoPara\",\"isPartOf\":{\"@id\":\"https:\/\/orthopara.store\/#website\"},\"primaryImageOfPage\":{\"@id\":\"https:\/\/orthopara.store\/index.php\/produit\/serum-visage-lissant-lirene-acid-power-30ml\/#primaryimage\"},\"image\":{\"@id\":\"https:\/\/orthopara.store\/index.php\/produit\/serum-visage-lissant-lirene-acid-power-30ml\/#primaryimage\"},\"thumbnailUrl\":\"https:\/\/orthopara.store\/wp-content\/uploads\/2024\/06\/serum-visage-lissant-lirene-acid-power-30ml.jpg\",\"datePublished\":\"2024-06-28T13:49:26+00:00\",\"dateModified\":\"2024-06-28T13:49:32+00:00\",\"breadcrumb\":{\"@id\":\"https:\/\/orthopara.store\/index.php\/produit\/serum-visage-lissant-lirene-acid-power-30ml\/#breadcrumb\"},\"inLanguage\":\"fr-FR\",\"potentialAction\":[{\"@type\":\"ReadAction\",\"target\":[\"https:\/\/orthopara.store\/index.php\/produit\/serum-visage-lissant-lirene-acid-power-30ml\/\"]}]},{\"@type\":\"ImageObject\",\"inLanguage\":\"fr-FR\",\"@id\":\"https:\/\/orthopara.store\/index.php\/produit\/serum-visage-lissant-lirene-acid-power-30ml\/#primaryimage\",\"url\":\"https:\/\/orthopara.store\/wp-content\/uploads\/2024\/06\/serum-visage-lissant-lirene-acid-power-30ml.jpg\",\"contentUrl\":\"https:\/\/orthopara.store\/wp-content\/uploads\/2024\/06\/serum-visage-lissant-lirene-acid-power-30ml.jpg\",\"width\":800,\"height\":800},{\"@type\":\"BreadcrumbList\",\"@id\":\"https:\/\/orthopara.store\/index.php\/produit\/serum-visage-lissant-lirene-acid-power-30ml\/#breadcrumb\",\"itemListElement\":[{\"@type\":\"ListItem\",\"position\":1,\"name\":\"Accueil\",\"item\":\"https:\/\/orthopara.store\/\"},{\"@type\":\"ListItem\",\"position\":2,\"name\":\"Shop\",\"item\":\"https:\/\/orthopara.store\/?page_id=622\"},{\"@type\":\"ListItem\",\"position\":3,\"name\":\"S\u00e9rum visage lissant &#8211; Lirene Acid Power &#8211; 30ml\"}]},{\"@type\":\"WebSite\",\"@id\":\"https:\/\/orthopara.store\/#website\",\"url\":\"https:\/\/orthopara.store\/\",\"name\":\"OrthoPara\",\"description\":\"Parapharmacie\",\"publisher\":{\"@id\":\"https:\/\/orthopara.store\/#organization\"},\"potentialAction\":[{\"@type\":\"SearchAction\",\"target\":{\"@type\":\"EntryPoint\",\"urlTemplate\":\"https:\/\/orthopara.store\/?s={search_term_string}\"},\"query-input\":\"required name=search_term_string\"}],\"inLanguage\":\"fr-FR\"},{\"@type\":\"Organization\",\"@id\":\"https:\/\/orthopara.store\/#organization\",\"name\":\"OrthoPara\",\"url\":\"https:\/\/orthopara.store\/\",\"logo\":{\"@type\":\"ImageObject\",\"inLanguage\":\"fr-FR\",\"@id\":\"https:\/\/orthopara.store\/#\/schema\/logo\/image\/\",\"url\":\"https:\/\/orthopara.store\/wp-content\/uploads\/2024\/06\/cropped-9ABA8BAD-6256-4719-9315-15C66E64E882.png\",\"contentUrl\":\"https:\/\/orthopara.store\/wp-content\/uploads\/2024\/06\/cropped-9ABA8BAD-6256-4719-9315-15C66E64E882.png\",\"width\":240,\"height\":72,\"caption\":\"OrthoPara\"},\"image\":{\"@id\":\"https:\/\/orthopara.store\/#\/schema\/logo\/image\/\"},\"sameAs\":[\"https:\/\/www.facebook.com\/profile.php?id=61561194315651\",\"https:\/\/www.instagram.com\/orthopara_tunisie\/\"]}]}<\/script>\n<!-- \/ Yoast SEO plugin. -->","yoast_head_json":{"title":"S\u00e9rum visage lissant - Lirene Acid Power - 30ml - OrthoPara","robots":{"index":"index","follow":"follow","max-snippet":"max-snippet:-1","max-image-preview":"max-image-preview:large","max-video-preview":"max-video-preview:-1"},"canonical":"https:\/\/orthopara.store\/index.php\/produit\/serum-visage-lissant-lirene-acid-power-30ml\/","og_locale":"fr_FR","og_type":"article","og_title":"S\u00e9rum visage lissant - Lirene Acid Power - 30ml - OrthoPara","og_description":"Lirene Acid Power Lirene Acid Power S\u00e9rum lissant aux acides glycolique, succinique et lactique, id\u00e9al pour tous les types de peaux, y compris matures. La composition comprend des acides concentr\u00e9s et puissants qui am\u00e9liorent compl\u00e8tement l'\u00e9tat de la peau, ainsi que des hydrolats naturels qui ont un effet hydratant et antioxydant. La peau devient lisse au toucher, plus \u00e9lastique et moins sujette \u00e0 l'augmentation des rides Contenance : 30ml","og_url":"https:\/\/orthopara.store\/index.php\/produit\/serum-visage-lissant-lirene-acid-power-30ml\/","og_site_name":"OrthoPara","article_publisher":"https:\/\/www.facebook.com\/profile.php?id=61561194315651","article_modified_time":"2024-06-28T13:49:32+00:00","og_image":[{"width":800,"height":800,"url":"https:\/\/orthopara.store\/wp-content\/uploads\/2024\/06\/serum-visage-lissant-lirene-acid-power-30ml.jpg","type":"image\/jpeg"}],"twitter_card":"summary_large_image","twitter_misc":{"Dur\u00e9e de lecture estim\u00e9e":"2 minutes"},"schema":{"@context":"https:\/\/schema.org","@graph":[{"@type":"WebPage","@id":"https:\/\/orthopara.store\/index.php\/produit\/serum-visage-lissant-lirene-acid-power-30ml\/","url":"https:\/\/orthopara.store\/index.php\/produit\/serum-visage-lissant-lirene-acid-power-30ml\/","name":"S\u00e9rum visage lissant - Lirene Acid Power - 30ml - OrthoPara","isPartOf":{"@id":"https:\/\/orthopara.store\/#website"},"primaryImageOfPage":{"@id":"https:\/\/orthopara.store\/index.php\/produit\/serum-visage-lissant-lirene-acid-power-30ml\/#primaryimage"},"image":{"@id":"https:\/\/orthopara.store\/index.php\/produit\/serum-visage-lissant-lirene-acid-power-30ml\/#primaryimage"},"thumbnailUrl":"https:\/\/orthopara.store\/wp-content\/uploads\/2024\/06\/serum-visage-lissant-lirene-acid-power-30ml.jpg","datePublished":"2024-06-28T13:49:26+00:00","dateModified":"2024-06-28T13:49:32+00:00","breadcrumb":{"@id":"https:\/\/orthopara.store\/index.php\/produit\/serum-visage-lissant-lirene-acid-power-30ml\/#breadcrumb"},"inLanguage":"fr-FR","potentialAction":[{"@type":"ReadAction","target":["https:\/\/orthopara.store\/index.php\/produit\/serum-visage-lissant-lirene-acid-power-30ml\/"]}]},{"@type":"ImageObject","inLanguage":"fr-FR","@id":"https:\/\/orthopara.store\/index.php\/produit\/serum-visage-lissant-lirene-acid-power-30ml\/#primaryimage","url":"https:\/\/orthopara.store\/wp-content\/uploads\/2024\/06\/serum-visage-lissant-lirene-acid-power-30ml.jpg","contentUrl":"https:\/\/orthopara.store\/wp-content\/uploads\/2024\/06\/serum-visage-lissant-lirene-acid-power-30ml.jpg","width":800,"height":800},{"@type":"BreadcrumbList","@id":"https:\/\/orthopara.store\/index.php\/produit\/serum-visage-lissant-lirene-acid-power-30ml\/#breadcrumb","itemListElement":[{"@type":"ListItem","position":1,"name":"Accueil","item":"https:\/\/orthopara.store\/"},{"@type":"ListItem","position":2,"name":"Shop","item":"https:\/\/orthopara.store\/?page_id=622"},{"@type":"ListItem","position":3,"name":"S\u00e9rum visage lissant &#8211; Lirene Acid Power &#8211; 30ml"}]},{"@type":"WebSite","@id":"https:\/\/orthopara.store\/#website","url":"https:\/\/orthopara.store\/","name":"OrthoPara","description":"Parapharmacie","publisher":{"@id":"https:\/\/orthopara.store\/#organization"},"potentialAction":[{"@type":"SearchAction","target":{"@type":"EntryPoint","urlTemplate":"https:\/\/orthopara.store\/?s={search_term_string}"},"query-input":"required name=search_term_string"}],"inLanguage":"fr-FR"},{"@type":"Organization","@id":"https:\/\/orthopara.store\/#organization","name":"OrthoPara","url":"https:\/\/orthopara.store\/","logo":{"@type":"ImageObject","inLanguage":"fr-FR","@id":"https:\/\/orthopara.store\/#\/schema\/logo\/image\/","url":"https:\/\/orthopara.store\/wp-content\/uploads\/2024\/06\/cropped-9ABA8BAD-6256-4719-9315-15C66E64E882.png","contentUrl":"https:\/\/orthopara.store\/wp-content\/uploads\/2024\/06\/cropped-9ABA8BAD-6256-4719-9315-15C66E64E882.png","width":240,"height":72,"caption":"OrthoPara"},"image":{"@id":"https:\/\/orthopara.store\/#\/schema\/logo\/image\/"},"sameAs":["https:\/\/www.facebook.com\/profile.php?id=61561194315651","https:\/\/www.instagram.com\/orthopara_tunisie\/"]}]}},"jetpack_sharing_enabled":true,"brands":[{"id":46,"name":"LIRENE","slug":"lirene"}],"_links":{"self":[{"href":"https:\/\/orthopara.store\/index.php?rest_route=\/wp\/v2\/product\/678","targetHints":{"allow":["GET"]}}],"collection":[{"href":"https:\/\/orthopara.store\/index.php?rest_route=\/wp\/v2\/product"}],"about":[{"href":"https:\/\/orthopara.store\/index.php?rest_route=\/wp\/v2\/types\/product"}],"replies":[{"embeddable":true,"href":"https:\/\/orthopara.store\/index.php?rest_route=%2Fwp%2Fv2%2Fcomments&post=678"}],"wp:featuredmedia":[{"embeddable":true,"href":"https:\/\/orthopara.store\/index.php?rest_route=\/wp\/v2\/media\/706"}],"wp:attachment":[{"href":"https:\/\/orthopara.store\/index.php?rest_route=%2Fwp%2Fv2%2Fmedia&parent=678"}],"wp:term":[{"taxonomy":"pwb-brand","embeddable":true,"href":"https:\/\/orthopara.store\/index.php?rest_route=%2Fwp%2Fv2%2Fpwb-brand&post=678"},{"taxonomy":"product_cat","embeddable":true,"href":"https:\/\/orthopara.store\/index.php?rest_route=%2Fwp%2Fv2%2Fproduct_cat&post=678"},{"taxonomy":"product_tag","embeddable":true,"href":"https:\/\/orthopara.store\/index.php?rest_route=%2Fwp%2Fv2%2Fproduct_tag&post=678"}],"curies":[{"name":"wp","href":"https:\/\/api.w.org\/{rel}","templated":true}]}}