{"id":679,"date":"2024-06-28T15:49:26","date_gmt":"2024-06-28T13:49:26","guid":{"rendered":"https:\/\/orthopara.store\/?post_type=product&#038;p=679"},"modified":"2024-11-10T16:09:01","modified_gmt":"2024-11-10T15:09:01","slug":"creme-anti-rides-a-lacide-rosmarinique-lirene-acid-power-50ml","status":"publish","type":"product","link":"https:\/\/orthopara.store\/?product=creme-anti-rides-a-lacide-rosmarinique-lirene-acid-power-50ml","title":{"rendered":"Cr\u00e8me anti-rides \u00e0 l&rsquo;Acide Rosmarinique &#8211; Lirene Acid Power &#8211; 50ml"},"content":{"rendered":"<p>Cr\u00e8me anti-rides \u00e0 l&rsquo;Acide Rosmarinique &#8211; Lirene Acid Power &#8211; 50ml<br \/>\nLirene Acid Power est une formule innovante contenant une combinaison unique d&rsquo;acides professionnels et d&rsquo;hydrolats apaisants. Un pH appropri\u00e9 minimise le risque d&rsquo;irritation et de desquamation inesth\u00e9tique de la peau, permettant une stimulation r\u00e9guli\u00e8re et non agressive de la r\u00e9g\u00e9n\u00e9ration cellulaire. Le soin lisse progressivement le grain et la tonicit\u00e9 de la peau, pour que le visage retrouve sa fra\u00eecheur et son \u00e9clat de jeunesse.<br \/>\nAcides AHA\/PHA :<br \/>\nR\u00e9duire les imperfections et l&rsquo;hyperpigmentation<br \/>\nR\u00e9guler le renouvellement cellulaire<br \/>\nRides lisses<br \/>\nUnifier la structure de la peau<br \/>\nHydrater<br \/>\nEffets spectaculaires* :<br \/>\n17% de r\u00e9duction des rides<br \/>\n28% de rajeunissement de la peau<br \/>\nTaille des pores r\u00e9duite de 16 %<br \/>\n*bas\u00e9 sur des tests de cam\u00e9ra avec des femmes avant et apr\u00e8s 3 semaines d&rsquo;utilisation de la cr\u00e8me.<br \/>\nCaract\u00e9ristiques du produit :<br \/>\njour &#038; Nuit<br \/>\nIngr\u00e9dients :<br \/>\nAcide rosmarinique dans des supports sph\u00e9riques<br \/>\nNeutralise les dommages caus\u00e9s aux cellules ADN de la peau par les radicaux libres et maintient une \u00e9lasticit\u00e9 et une fermet\u00e9 appropri\u00e9es de la peau<br \/>\nHydrolat de rose musqu\u00e9e<br \/>\nR\u00e9g\u00e9n\u00e8re, lisse, retarde les processus de vieillissement et apaise les irritations<br \/>\nVitamine C sous forme stable \u00e0 haute activit\u00e9 biologique (Ascorbyl Tetraisopalmitate)<br \/>\nStimule la synth\u00e8se de collag\u00e8ne et ralentit la d\u00e9gradation du collag\u00e8ne, de l&rsquo;\u00e9lastine et de l&rsquo;acide hyaluronique, comble les rides de l&rsquo;int\u00e9rieur et favorise la r\u00e9g\u00e9n\u00e9ration de la peau<br \/>\nL&rsquo;huile de germe de bl\u00e9<br \/>\nHydrate, r\u00e9g\u00e9n\u00e8re et donne de la douceur \u00e0 la peau, et gr\u00e2ce aux acides gras insatur\u00e9s, l&rsquo;huile raffermit la peau et retarde les processus de vieillissement<br \/>\nSqualane<br \/>\nRenforce la barri\u00e8re protectrice en restaurant les carences en lipides \u00e9pidermiques, hydrate et raffermit la peau<br \/>\nAcide hyaluronique de haut poids mol\u00e9culaire<br \/>\nEmp\u00eache la perte d&rsquo;humidit\u00e9 de la peau, lisse et apaise la peau<br \/>\nVitamine E<br \/>\nMontre un effet rajeunissant et protecteur<br \/>\nConseils d&rsquo;utilisation :<br \/>\nMatin et soir, massez la cr\u00e8me sur le visage et le cou en \u00e9vitant le contour des yeux.<br \/>\nLa cr\u00e8me peut \u00eatre utilis\u00e9e seule ou apr\u00e8s le s\u00e9rum Lirene Acid Power\u00a0de votre choix.<br \/>\nLors de l&rsquo;utilisation de la cr\u00e8me, prot\u00e9gez la peau avec un \u00e9cran solaire \u00e0 FPS \u00e9lev\u00e9 avant l&rsquo;exposition au soleil.<br \/>\nComposition :<br \/>\n221222 Ingredients: Aqua (Water), Canola (Canola) Oil, Squalane, Caprylic\/Capric Triglyceride, Cetearyl Alcohol, Glycerin, Decyl Oleate, Dicaprylyl Ether, Pentylene Glycol, Potassium Cetyl Phosphate, Sodium Polyacrylate, Ascorbyl Tetraisopalmitate, Lonicera Caprifolium (Honeysuckle) Flower Extract, Rosa Centifolia Flower Water, Lonicera Japonica (Honeysuckle) Flower Extract, Lecithin, Sodium Hyaluronate, Rosmarinus Officinalis (Rosemary) Leaf Extract, Tocopherol, Ascorbyl Palmitate, Triticum Vulgare (Wheat) Germ Oil, Helianthus Annuus (Sunflower) Seed Oil, Pentaerythrityl Distearate, Sodium Phytate, Hydroxyethylcellulose, Ethylhexylglycerin, Phenoxyethanol, Parfum (Fragrance)<\/p>\n","protected":false},"excerpt":{"rendered":"<p>Lirene Acid Power<br \/>\nLa cr\u00e8me visage anti-rides \u00e0 l&rsquo;acide rosmarinique, \u00e9labor\u00e9e par les experts de la marque Lirene, est un puissant \u00e9lixir d&rsquo;actifs b\u00e9n\u00e9fiques qui contribuera \u00e0 prolonger la jeunesse de la peau.<br \/>\nLa formule active du produit est enrichie en acide rosmarinique, qui a un effet protecteur contre les effets agressifs des radicaux libres.<br \/>\nLes fonctions de soin du produit sont renforc\u00e9es par l&rsquo;hydrolat de rose centifolia, la vitamine C stabilis\u00e9e, l&rsquo;huile de germe de bl\u00e9, l&rsquo;acide hyaluronique et la vitamine E.<\/p>\n<p>Contenance : 50ml<br \/>\nDLC 07\/2025<\/p>\n","protected":false},"featured_media":707,"comment_status":"open","ping_status":"closed","template":"","meta":[],"pwb-brand":[46],"product_cat":[39],"product_tag":[],"class_list":{"0":"post-679","1":"product","2":"type-product","3":"status-publish","4":"has-post-thumbnail","6":"pwb-brand-lirene","7":"product_cat-hydratants-toutes-peaux","8":"post","9":"ws-product--style-1","11":"first","12":"instock","13":"shipping-taxable","14":"purchasable","15":"product-type-simple"},"yoast_head":"<!-- This site is optimized with the Yoast SEO plugin v23.0 - https:\/\/yoast.com\/wordpress\/plugins\/seo\/ -->\n<title>Cr\u00e8me anti-rides \u00e0 l&#039;Acide Rosmarinique - Lirene Acid Power - 50ml - OrthoPara<\/title>\n<meta name=\"robots\" content=\"index, follow, max-snippet:-1, max-image-preview:large, max-video-preview:-1\" \/>\n<link rel=\"canonical\" href=\"https:\/\/orthopara.store\/index.php\/produit\/creme-anti-rides-a-lacide-rosmarinique-lirene-acid-power-50ml\/\" \/>\n<meta property=\"og:locale\" content=\"fr_FR\" \/>\n<meta property=\"og:type\" content=\"article\" \/>\n<meta property=\"og:title\" content=\"Cr\u00e8me anti-rides \u00e0 l&#039;Acide Rosmarinique - Lirene Acid Power - 50ml - OrthoPara\" \/>\n<meta property=\"og:description\" content=\"Lirene Acid Power La cr\u00e8me visage anti-rides \u00e0 l&#039;acide rosmarinique, \u00e9labor\u00e9e par les experts de la marque Lirene, est un puissant \u00e9lixir d&#039;actifs b\u00e9n\u00e9fiques qui contribuera \u00e0 prolonger la jeunesse de la peau. La formule active du produit est enrichie en acide rosmarinique, qui a un effet protecteur contre les effets agressifs des radicaux libres. Les fonctions de soin du produit sont renforc\u00e9es par l&#039;hydrolat de rose centifolia, la vitamine C stabilis\u00e9e, l&#039;huile de germe de bl\u00e9, l&#039;acide hyaluronique et la vitamine E. Contenance : 50ml DLC 07\/2025\" \/>\n<meta property=\"og:url\" content=\"https:\/\/orthopara.store\/index.php\/produit\/creme-anti-rides-a-lacide-rosmarinique-lirene-acid-power-50ml\/\" \/>\n<meta property=\"og:site_name\" content=\"OrthoPara\" \/>\n<meta property=\"article:publisher\" content=\"https:\/\/www.facebook.com\/profile.php?id=61561194315651\" \/>\n<meta property=\"article:modified_time\" content=\"2024-11-10T15:09:01+00:00\" \/>\n<meta property=\"og:image\" content=\"https:\/\/orthopara.store\/wp-content\/uploads\/2024\/06\/creme-anti-rides-a-l-acide-rosmarinique-lirene-acid-power-50ml.jpg\" \/>\n\t<meta property=\"og:image:width\" content=\"800\" \/>\n\t<meta property=\"og:image:height\" content=\"800\" \/>\n\t<meta property=\"og:image:type\" content=\"image\/jpeg\" \/>\n<meta name=\"twitter:card\" content=\"summary_large_image\" \/>\n<meta name=\"twitter:label1\" content=\"Dur\u00e9e de lecture estim\u00e9e\" \/>\n\t<meta name=\"twitter:data1\" content=\"2 minutes\" \/>\n<script type=\"application\/ld+json\" class=\"yoast-schema-graph\">{\"@context\":\"https:\/\/schema.org\",\"@graph\":[{\"@type\":\"WebPage\",\"@id\":\"https:\/\/orthopara.store\/index.php\/produit\/creme-anti-rides-a-lacide-rosmarinique-lirene-acid-power-50ml\/\",\"url\":\"https:\/\/orthopara.store\/index.php\/produit\/creme-anti-rides-a-lacide-rosmarinique-lirene-acid-power-50ml\/\",\"name\":\"Cr\u00e8me anti-rides \u00e0 l'Acide Rosmarinique - Lirene Acid Power - 50ml - OrthoPara\",\"isPartOf\":{\"@id\":\"https:\/\/orthopara.store\/#website\"},\"primaryImageOfPage\":{\"@id\":\"https:\/\/orthopara.store\/index.php\/produit\/creme-anti-rides-a-lacide-rosmarinique-lirene-acid-power-50ml\/#primaryimage\"},\"image\":{\"@id\":\"https:\/\/orthopara.store\/index.php\/produit\/creme-anti-rides-a-lacide-rosmarinique-lirene-acid-power-50ml\/#primaryimage\"},\"thumbnailUrl\":\"https:\/\/orthopara.store\/wp-content\/uploads\/2024\/06\/creme-anti-rides-a-l-acide-rosmarinique-lirene-acid-power-50ml.jpg\",\"datePublished\":\"2024-06-28T13:49:26+00:00\",\"dateModified\":\"2024-11-10T15:09:01+00:00\",\"breadcrumb\":{\"@id\":\"https:\/\/orthopara.store\/index.php\/produit\/creme-anti-rides-a-lacide-rosmarinique-lirene-acid-power-50ml\/#breadcrumb\"},\"inLanguage\":\"fr-FR\",\"potentialAction\":[{\"@type\":\"ReadAction\",\"target\":[\"https:\/\/orthopara.store\/index.php\/produit\/creme-anti-rides-a-lacide-rosmarinique-lirene-acid-power-50ml\/\"]}]},{\"@type\":\"ImageObject\",\"inLanguage\":\"fr-FR\",\"@id\":\"https:\/\/orthopara.store\/index.php\/produit\/creme-anti-rides-a-lacide-rosmarinique-lirene-acid-power-50ml\/#primaryimage\",\"url\":\"https:\/\/orthopara.store\/wp-content\/uploads\/2024\/06\/creme-anti-rides-a-l-acide-rosmarinique-lirene-acid-power-50ml.jpg\",\"contentUrl\":\"https:\/\/orthopara.store\/wp-content\/uploads\/2024\/06\/creme-anti-rides-a-l-acide-rosmarinique-lirene-acid-power-50ml.jpg\",\"width\":800,\"height\":800},{\"@type\":\"BreadcrumbList\",\"@id\":\"https:\/\/orthopara.store\/index.php\/produit\/creme-anti-rides-a-lacide-rosmarinique-lirene-acid-power-50ml\/#breadcrumb\",\"itemListElement\":[{\"@type\":\"ListItem\",\"position\":1,\"name\":\"Accueil\",\"item\":\"https:\/\/orthopara.store\/\"},{\"@type\":\"ListItem\",\"position\":2,\"name\":\"Shop\",\"item\":\"https:\/\/orthopara.store\/?page_id=622\"},{\"@type\":\"ListItem\",\"position\":3,\"name\":\"Cr\u00e8me anti-rides \u00e0 l&rsquo;Acide Rosmarinique &#8211; Lirene Acid Power &#8211; 50ml\"}]},{\"@type\":\"WebSite\",\"@id\":\"https:\/\/orthopara.store\/#website\",\"url\":\"https:\/\/orthopara.store\/\",\"name\":\"OrthoPara\",\"description\":\"Parapharmacie\",\"publisher\":{\"@id\":\"https:\/\/orthopara.store\/#organization\"},\"potentialAction\":[{\"@type\":\"SearchAction\",\"target\":{\"@type\":\"EntryPoint\",\"urlTemplate\":\"https:\/\/orthopara.store\/?s={search_term_string}\"},\"query-input\":\"required name=search_term_string\"}],\"inLanguage\":\"fr-FR\"},{\"@type\":\"Organization\",\"@id\":\"https:\/\/orthopara.store\/#organization\",\"name\":\"OrthoPara\",\"url\":\"https:\/\/orthopara.store\/\",\"logo\":{\"@type\":\"ImageObject\",\"inLanguage\":\"fr-FR\",\"@id\":\"https:\/\/orthopara.store\/#\/schema\/logo\/image\/\",\"url\":\"https:\/\/orthopara.store\/wp-content\/uploads\/2024\/06\/cropped-9ABA8BAD-6256-4719-9315-15C66E64E882.png\",\"contentUrl\":\"https:\/\/orthopara.store\/wp-content\/uploads\/2024\/06\/cropped-9ABA8BAD-6256-4719-9315-15C66E64E882.png\",\"width\":240,\"height\":72,\"caption\":\"OrthoPara\"},\"image\":{\"@id\":\"https:\/\/orthopara.store\/#\/schema\/logo\/image\/\"},\"sameAs\":[\"https:\/\/www.facebook.com\/profile.php?id=61561194315651\",\"https:\/\/www.instagram.com\/orthopara_tunisie\/\"]}]}<\/script>\n<!-- \/ Yoast SEO plugin. -->","yoast_head_json":{"title":"Cr\u00e8me anti-rides \u00e0 l'Acide Rosmarinique - Lirene Acid Power - 50ml - OrthoPara","robots":{"index":"index","follow":"follow","max-snippet":"max-snippet:-1","max-image-preview":"max-image-preview:large","max-video-preview":"max-video-preview:-1"},"canonical":"https:\/\/orthopara.store\/index.php\/produit\/creme-anti-rides-a-lacide-rosmarinique-lirene-acid-power-50ml\/","og_locale":"fr_FR","og_type":"article","og_title":"Cr\u00e8me anti-rides \u00e0 l'Acide Rosmarinique - Lirene Acid Power - 50ml - OrthoPara","og_description":"Lirene Acid Power La cr\u00e8me visage anti-rides \u00e0 l'acide rosmarinique, \u00e9labor\u00e9e par les experts de la marque Lirene, est un puissant \u00e9lixir d'actifs b\u00e9n\u00e9fiques qui contribuera \u00e0 prolonger la jeunesse de la peau. La formule active du produit est enrichie en acide rosmarinique, qui a un effet protecteur contre les effets agressifs des radicaux libres. Les fonctions de soin du produit sont renforc\u00e9es par l'hydrolat de rose centifolia, la vitamine C stabilis\u00e9e, l'huile de germe de bl\u00e9, l'acide hyaluronique et la vitamine E. Contenance : 50ml DLC 07\/2025","og_url":"https:\/\/orthopara.store\/index.php\/produit\/creme-anti-rides-a-lacide-rosmarinique-lirene-acid-power-50ml\/","og_site_name":"OrthoPara","article_publisher":"https:\/\/www.facebook.com\/profile.php?id=61561194315651","article_modified_time":"2024-11-10T15:09:01+00:00","og_image":[{"width":800,"height":800,"url":"https:\/\/orthopara.store\/wp-content\/uploads\/2024\/06\/creme-anti-rides-a-l-acide-rosmarinique-lirene-acid-power-50ml.jpg","type":"image\/jpeg"}],"twitter_card":"summary_large_image","twitter_misc":{"Dur\u00e9e de lecture estim\u00e9e":"2 minutes"},"schema":{"@context":"https:\/\/schema.org","@graph":[{"@type":"WebPage","@id":"https:\/\/orthopara.store\/index.php\/produit\/creme-anti-rides-a-lacide-rosmarinique-lirene-acid-power-50ml\/","url":"https:\/\/orthopara.store\/index.php\/produit\/creme-anti-rides-a-lacide-rosmarinique-lirene-acid-power-50ml\/","name":"Cr\u00e8me anti-rides \u00e0 l'Acide Rosmarinique - Lirene Acid Power - 50ml - OrthoPara","isPartOf":{"@id":"https:\/\/orthopara.store\/#website"},"primaryImageOfPage":{"@id":"https:\/\/orthopara.store\/index.php\/produit\/creme-anti-rides-a-lacide-rosmarinique-lirene-acid-power-50ml\/#primaryimage"},"image":{"@id":"https:\/\/orthopara.store\/index.php\/produit\/creme-anti-rides-a-lacide-rosmarinique-lirene-acid-power-50ml\/#primaryimage"},"thumbnailUrl":"https:\/\/orthopara.store\/wp-content\/uploads\/2024\/06\/creme-anti-rides-a-l-acide-rosmarinique-lirene-acid-power-50ml.jpg","datePublished":"2024-06-28T13:49:26+00:00","dateModified":"2024-11-10T15:09:01+00:00","breadcrumb":{"@id":"https:\/\/orthopara.store\/index.php\/produit\/creme-anti-rides-a-lacide-rosmarinique-lirene-acid-power-50ml\/#breadcrumb"},"inLanguage":"fr-FR","potentialAction":[{"@type":"ReadAction","target":["https:\/\/orthopara.store\/index.php\/produit\/creme-anti-rides-a-lacide-rosmarinique-lirene-acid-power-50ml\/"]}]},{"@type":"ImageObject","inLanguage":"fr-FR","@id":"https:\/\/orthopara.store\/index.php\/produit\/creme-anti-rides-a-lacide-rosmarinique-lirene-acid-power-50ml\/#primaryimage","url":"https:\/\/orthopara.store\/wp-content\/uploads\/2024\/06\/creme-anti-rides-a-l-acide-rosmarinique-lirene-acid-power-50ml.jpg","contentUrl":"https:\/\/orthopara.store\/wp-content\/uploads\/2024\/06\/creme-anti-rides-a-l-acide-rosmarinique-lirene-acid-power-50ml.jpg","width":800,"height":800},{"@type":"BreadcrumbList","@id":"https:\/\/orthopara.store\/index.php\/produit\/creme-anti-rides-a-lacide-rosmarinique-lirene-acid-power-50ml\/#breadcrumb","itemListElement":[{"@type":"ListItem","position":1,"name":"Accueil","item":"https:\/\/orthopara.store\/"},{"@type":"ListItem","position":2,"name":"Shop","item":"https:\/\/orthopara.store\/?page_id=622"},{"@type":"ListItem","position":3,"name":"Cr\u00e8me anti-rides \u00e0 l&rsquo;Acide Rosmarinique &#8211; Lirene Acid Power &#8211; 50ml"}]},{"@type":"WebSite","@id":"https:\/\/orthopara.store\/#website","url":"https:\/\/orthopara.store\/","name":"OrthoPara","description":"Parapharmacie","publisher":{"@id":"https:\/\/orthopara.store\/#organization"},"potentialAction":[{"@type":"SearchAction","target":{"@type":"EntryPoint","urlTemplate":"https:\/\/orthopara.store\/?s={search_term_string}"},"query-input":"required name=search_term_string"}],"inLanguage":"fr-FR"},{"@type":"Organization","@id":"https:\/\/orthopara.store\/#organization","name":"OrthoPara","url":"https:\/\/orthopara.store\/","logo":{"@type":"ImageObject","inLanguage":"fr-FR","@id":"https:\/\/orthopara.store\/#\/schema\/logo\/image\/","url":"https:\/\/orthopara.store\/wp-content\/uploads\/2024\/06\/cropped-9ABA8BAD-6256-4719-9315-15C66E64E882.png","contentUrl":"https:\/\/orthopara.store\/wp-content\/uploads\/2024\/06\/cropped-9ABA8BAD-6256-4719-9315-15C66E64E882.png","width":240,"height":72,"caption":"OrthoPara"},"image":{"@id":"https:\/\/orthopara.store\/#\/schema\/logo\/image\/"},"sameAs":["https:\/\/www.facebook.com\/profile.php?id=61561194315651","https:\/\/www.instagram.com\/orthopara_tunisie\/"]}]}},"jetpack_sharing_enabled":true,"brands":[{"id":46,"name":"LIRENE","slug":"lirene"}],"_links":{"self":[{"href":"https:\/\/orthopara.store\/index.php?rest_route=\/wp\/v2\/product\/679","targetHints":{"allow":["GET"]}}],"collection":[{"href":"https:\/\/orthopara.store\/index.php?rest_route=\/wp\/v2\/product"}],"about":[{"href":"https:\/\/orthopara.store\/index.php?rest_route=\/wp\/v2\/types\/product"}],"replies":[{"embeddable":true,"href":"https:\/\/orthopara.store\/index.php?rest_route=%2Fwp%2Fv2%2Fcomments&post=679"}],"wp:featuredmedia":[{"embeddable":true,"href":"https:\/\/orthopara.store\/index.php?rest_route=\/wp\/v2\/media\/707"}],"wp:attachment":[{"href":"https:\/\/orthopara.store\/index.php?rest_route=%2Fwp%2Fv2%2Fmedia&parent=679"}],"wp:term":[{"taxonomy":"pwb-brand","embeddable":true,"href":"https:\/\/orthopara.store\/index.php?rest_route=%2Fwp%2Fv2%2Fpwb-brand&post=679"},{"taxonomy":"product_cat","embeddable":true,"href":"https:\/\/orthopara.store\/index.php?rest_route=%2Fwp%2Fv2%2Fproduct_cat&post=679"},{"taxonomy":"product_tag","embeddable":true,"href":"https:\/\/orthopara.store\/index.php?rest_route=%2Fwp%2Fv2%2Fproduct_tag&post=679"}],"curies":[{"name":"wp","href":"https:\/\/api.w.org\/{rel}","templated":true}]}}