{"id":680,"date":"2024-06-28T15:49:26","date_gmt":"2024-06-28T13:49:26","guid":{"rendered":"https:\/\/orthopara.store\/?post_type=product&#038;p=680"},"modified":"2024-06-28T15:49:33","modified_gmt":"2024-06-28T13:49:33","slug":"creme-revitalisante-a-lacide-dambre-lirene-acid-power-50ml","status":"publish","type":"product","link":"https:\/\/orthopara.store\/?product=creme-revitalisante-a-lacide-dambre-lirene-acid-power-50ml","title":{"rendered":"Cr\u00e8me revitalisante \u00e0 l&rsquo;Acide d&rsquo;Ambre &#8211; Lirene Acid Power &#8211; 50ml"},"content":{"rendered":"<p>Cr\u00e8me revitalisante \u00e0 l&rsquo;Acide d&rsquo;Ambre &#8211; Lirene Acid Power &#8211; 50ml<br \/>\nLirene Acid Power est une formule innovante contenant une combinaison unique d&rsquo;acides professionnels et d&rsquo;hydrolats apaisants. Un pH appropri\u00e9 minimise le risque d&rsquo;irritation et de desquamation inesth\u00e9tique de la peau, permettant une stimulation r\u00e9guli\u00e8re et non agressive de la r\u00e9g\u00e9n\u00e9ration cellulaire. Le soin lisse progressivement le grain et la tonicit\u00e9 de la peau, pour que le visage retrouve sa fra\u00eecheur et son \u00e9clat de jeunesse.<br \/>\nAcides AHA\/PHA :<br \/>\nR\u00e9duire les imperfections et l&rsquo;hyperpigmentation<br \/>\nR\u00e9guler le renouvellement cellulaire<br \/>\nRides lisses<br \/>\nUnifiez la texture de la peau<br \/>\nHydrater<br \/>\nCaract\u00e9ristiques du produit :<br \/>\njour &#038; Nuit<br \/>\nIngr\u00e9dients :<br \/>\nAcide d\u2019ambre<br \/>\nAm\u00e9liore le m\u00e9tabolisme cellulaire, r\u00e9-oxyg\u00e9ne et revitalise la peau, il montre un effet antioxydant et r\u00e9duit les rides, acc\u00e9l\u00e8re l&rsquo;exfoliation douce et le renouvellement de l&rsquo;\u00e9piderme sans irriter la peau, de sorte que le nombre d&rsquo;imperfections, de pores dilat\u00e9s et de points noirs diminue progressivement<br \/>\nNiacinamide<br \/>\nInhibe l&rsquo;activit\u00e9 de la tyrosinase (l&rsquo;enzyme responsable de la formation de la m\u00e9lanine), ce qui permet de r\u00e9duire le nombre de taches brunes, de pr\u00e9venir la formation de nouvelles et d&rsquo;unifier le teint de la peau<br \/>\nAcide Citrique<br \/>\nRenforce l&rsquo;effet \u00e9claircissant<br \/>\nHydrolat de Pamplemousse<br \/>\nPr\u00e9vient la s\u00e9cr\u00e9tion excessive de s\u00e9bum et la peau grasse, aide \u00e0 d\u00e9sobstruer les pores et minimise leur apparence<br \/>\nAcide hyaluronique de haut poids mol\u00e9culaire<br \/>\nMinimise la perte d&rsquo;humidit\u00e9, lisse la peau<br \/>\nVitamine E<br \/>\nMontre un effet rajeunissant et protecteur<br \/>\nConseils d&rsquo;utilisation :<br \/>\nMatin et soir, massez la cr\u00e8me sur le visage et le cou en \u00e9vitant le contour des yeux.<br \/>\nLa cr\u00e8me peut \u00eatre utilis\u00e9e seule ou apr\u00e8s le s\u00e9rum Lirene Acid Power\u00a0de votre choix.<br \/>\nLors de l&rsquo;utilisation de la cr\u00e8me, prot\u00e9gez la peau avec un \u00e9cran solaire \u00e0 FPS \u00e9lev\u00e9 avant l&rsquo;exposition au soleil.<br \/>\nComposition :<br \/>\n210316 Ingredients: Aqua (Water), Propanediol, Glyceryl Stearate, Butyrospermum Parkii (Shea) Butter, C13-15 Alkane, Cetearyl Alcohol, Dimethicone, Cetyl Alcohol, C15-19 Alkane, Glycerin, Niacinamide, Succinic Acid, Citrus Grandis (Grapefruit) Fruit Extract, Sodium Hyaluronate, Cannabis Sativa (Hemp) Seed Oil, C13-14 Isoparaffin, Helianthus Annuus (Sunflower) Seed Oil, PEG-75 Stearate, Hydroxyacetophenone, Polyacrylamide, Ceteth-20, Steareth-20, Xanthan Gum, Citric Acid, Tocopherol, Laureth-7, Sodium Phytate, Sodium Benzoate, Potassium Sorbate, Parfum (Fragrance)<\/p>\n","protected":false},"excerpt":{"rendered":"<p>Lirene Acid Power<br \/>\nLirene Acid Power Cr\u00e8me revitalisante teint unifi\u00e9 \u00e0 l&rsquo;Acide d&rsquo;Ambre<br \/>\nLirene Acid Power\u00a0\u00a0sont des formules innovantes contenant une combinaison unique d&rsquo;acides cosm\u00e9tiques sp\u00e9cialis\u00e9s et d&rsquo;hydrolats apaisants. Un pH correctement s\u00e9lectionn\u00e9 minimise le risque d&rsquo;irritation et de desquamation disgracieuse de la peau, fournissant une stimulation r\u00e9guli\u00e8re et non agressive des cellules pour la r\u00e9g\u00e9n\u00e9ration. Gr\u00e2ce \u00e0 cela, la structure et la couleur de la peau sont progressivement nivel\u00e9es, et la fra\u00eecheur et l&rsquo;\u00e9clat de la jeunesse reviennent sur le visage.<br \/>\nContenance : 50ml<br \/>\nDLC 07\/2025<\/p>\n","protected":false},"featured_media":708,"comment_status":"open","ping_status":"closed","template":"","meta":[],"pwb-brand":[46],"product_cat":[39],"product_tag":[],"class_list":{"0":"post-680","1":"product","2":"type-product","3":"status-publish","4":"has-post-thumbnail","6":"pwb-brand-lirene","7":"product_cat-hydratants-toutes-peaux","8":"post","9":"ws-product--style-1","11":"first","12":"instock","13":"shipping-taxable","14":"purchasable","15":"product-type-simple"},"yoast_head":"<!-- This site is optimized with the Yoast SEO plugin v23.0 - https:\/\/yoast.com\/wordpress\/plugins\/seo\/ -->\n<title>Cr\u00e8me revitalisante \u00e0 l&#039;Acide d&#039;Ambre - Lirene Acid Power - 50ml - OrthoPara<\/title>\n<meta name=\"robots\" content=\"index, follow, max-snippet:-1, max-image-preview:large, max-video-preview:-1\" \/>\n<link rel=\"canonical\" href=\"https:\/\/orthopara.store\/index.php\/produit\/creme-revitalisante-a-lacide-dambre-lirene-acid-power-50ml\/\" \/>\n<meta property=\"og:locale\" content=\"fr_FR\" \/>\n<meta property=\"og:type\" content=\"article\" \/>\n<meta property=\"og:title\" content=\"Cr\u00e8me revitalisante \u00e0 l&#039;Acide d&#039;Ambre - Lirene Acid Power - 50ml - OrthoPara\" \/>\n<meta property=\"og:description\" content=\"Lirene Acid Power Lirene Acid Power Cr\u00e8me revitalisante teint unifi\u00e9 \u00e0 l&#039;Acide d&#039;Ambre Lirene Acid Power\u00a0\u00a0sont des formules innovantes contenant une combinaison unique d&#039;acides cosm\u00e9tiques sp\u00e9cialis\u00e9s et d&#039;hydrolats apaisants. Un pH correctement s\u00e9lectionn\u00e9 minimise le risque d&#039;irritation et de desquamation disgracieuse de la peau, fournissant une stimulation r\u00e9guli\u00e8re et non agressive des cellules pour la r\u00e9g\u00e9n\u00e9ration. Gr\u00e2ce \u00e0 cela, la structure et la couleur de la peau sont progressivement nivel\u00e9es, et la fra\u00eecheur et l&#039;\u00e9clat de la jeunesse reviennent sur le visage. Contenance : 50ml DLC 07\/2025\" \/>\n<meta property=\"og:url\" content=\"https:\/\/orthopara.store\/index.php\/produit\/creme-revitalisante-a-lacide-dambre-lirene-acid-power-50ml\/\" \/>\n<meta property=\"og:site_name\" content=\"OrthoPara\" \/>\n<meta property=\"article:publisher\" content=\"https:\/\/www.facebook.com\/profile.php?id=61561194315651\" \/>\n<meta property=\"article:modified_time\" content=\"2024-06-28T13:49:33+00:00\" \/>\n<meta property=\"og:image\" content=\"https:\/\/orthopara.store\/wp-content\/uploads\/2024\/06\/creme-revitalisante-a-l-acide-d-ambre-lirene-acid-power-50ml.jpg\" \/>\n\t<meta property=\"og:image:width\" content=\"800\" \/>\n\t<meta property=\"og:image:height\" content=\"800\" \/>\n\t<meta property=\"og:image:type\" content=\"image\/jpeg\" \/>\n<meta name=\"twitter:card\" content=\"summary_large_image\" \/>\n<meta name=\"twitter:label1\" content=\"Dur\u00e9e de lecture estim\u00e9e\" \/>\n\t<meta name=\"twitter:data1\" content=\"2 minutes\" \/>\n<script type=\"application\/ld+json\" class=\"yoast-schema-graph\">{\"@context\":\"https:\/\/schema.org\",\"@graph\":[{\"@type\":\"WebPage\",\"@id\":\"https:\/\/orthopara.store\/index.php\/produit\/creme-revitalisante-a-lacide-dambre-lirene-acid-power-50ml\/\",\"url\":\"https:\/\/orthopara.store\/index.php\/produit\/creme-revitalisante-a-lacide-dambre-lirene-acid-power-50ml\/\",\"name\":\"Cr\u00e8me revitalisante \u00e0 l'Acide d'Ambre - Lirene Acid Power - 50ml - OrthoPara\",\"isPartOf\":{\"@id\":\"https:\/\/orthopara.store\/#website\"},\"primaryImageOfPage\":{\"@id\":\"https:\/\/orthopara.store\/index.php\/produit\/creme-revitalisante-a-lacide-dambre-lirene-acid-power-50ml\/#primaryimage\"},\"image\":{\"@id\":\"https:\/\/orthopara.store\/index.php\/produit\/creme-revitalisante-a-lacide-dambre-lirene-acid-power-50ml\/#primaryimage\"},\"thumbnailUrl\":\"https:\/\/orthopara.store\/wp-content\/uploads\/2024\/06\/creme-revitalisante-a-l-acide-d-ambre-lirene-acid-power-50ml.jpg\",\"datePublished\":\"2024-06-28T13:49:26+00:00\",\"dateModified\":\"2024-06-28T13:49:33+00:00\",\"breadcrumb\":{\"@id\":\"https:\/\/orthopara.store\/index.php\/produit\/creme-revitalisante-a-lacide-dambre-lirene-acid-power-50ml\/#breadcrumb\"},\"inLanguage\":\"fr-FR\",\"potentialAction\":[{\"@type\":\"ReadAction\",\"target\":[\"https:\/\/orthopara.store\/index.php\/produit\/creme-revitalisante-a-lacide-dambre-lirene-acid-power-50ml\/\"]}]},{\"@type\":\"ImageObject\",\"inLanguage\":\"fr-FR\",\"@id\":\"https:\/\/orthopara.store\/index.php\/produit\/creme-revitalisante-a-lacide-dambre-lirene-acid-power-50ml\/#primaryimage\",\"url\":\"https:\/\/orthopara.store\/wp-content\/uploads\/2024\/06\/creme-revitalisante-a-l-acide-d-ambre-lirene-acid-power-50ml.jpg\",\"contentUrl\":\"https:\/\/orthopara.store\/wp-content\/uploads\/2024\/06\/creme-revitalisante-a-l-acide-d-ambre-lirene-acid-power-50ml.jpg\",\"width\":800,\"height\":800},{\"@type\":\"BreadcrumbList\",\"@id\":\"https:\/\/orthopara.store\/index.php\/produit\/creme-revitalisante-a-lacide-dambre-lirene-acid-power-50ml\/#breadcrumb\",\"itemListElement\":[{\"@type\":\"ListItem\",\"position\":1,\"name\":\"Accueil\",\"item\":\"https:\/\/orthopara.store\/\"},{\"@type\":\"ListItem\",\"position\":2,\"name\":\"Shop\",\"item\":\"https:\/\/orthopara.store\/?page_id=622\"},{\"@type\":\"ListItem\",\"position\":3,\"name\":\"Cr\u00e8me revitalisante \u00e0 l&rsquo;Acide d&rsquo;Ambre &#8211; Lirene Acid Power &#8211; 50ml\"}]},{\"@type\":\"WebSite\",\"@id\":\"https:\/\/orthopara.store\/#website\",\"url\":\"https:\/\/orthopara.store\/\",\"name\":\"OrthoPara\",\"description\":\"Parapharmacie\",\"publisher\":{\"@id\":\"https:\/\/orthopara.store\/#organization\"},\"potentialAction\":[{\"@type\":\"SearchAction\",\"target\":{\"@type\":\"EntryPoint\",\"urlTemplate\":\"https:\/\/orthopara.store\/?s={search_term_string}\"},\"query-input\":\"required name=search_term_string\"}],\"inLanguage\":\"fr-FR\"},{\"@type\":\"Organization\",\"@id\":\"https:\/\/orthopara.store\/#organization\",\"name\":\"OrthoPara\",\"url\":\"https:\/\/orthopara.store\/\",\"logo\":{\"@type\":\"ImageObject\",\"inLanguage\":\"fr-FR\",\"@id\":\"https:\/\/orthopara.store\/#\/schema\/logo\/image\/\",\"url\":\"https:\/\/orthopara.store\/wp-content\/uploads\/2024\/06\/cropped-9ABA8BAD-6256-4719-9315-15C66E64E882.png\",\"contentUrl\":\"https:\/\/orthopara.store\/wp-content\/uploads\/2024\/06\/cropped-9ABA8BAD-6256-4719-9315-15C66E64E882.png\",\"width\":240,\"height\":72,\"caption\":\"OrthoPara\"},\"image\":{\"@id\":\"https:\/\/orthopara.store\/#\/schema\/logo\/image\/\"},\"sameAs\":[\"https:\/\/www.facebook.com\/profile.php?id=61561194315651\",\"https:\/\/www.instagram.com\/orthopara_tunisie\/\"]}]}<\/script>\n<!-- \/ Yoast SEO plugin. -->","yoast_head_json":{"title":"Cr\u00e8me revitalisante \u00e0 l'Acide d'Ambre - Lirene Acid Power - 50ml - OrthoPara","robots":{"index":"index","follow":"follow","max-snippet":"max-snippet:-1","max-image-preview":"max-image-preview:large","max-video-preview":"max-video-preview:-1"},"canonical":"https:\/\/orthopara.store\/index.php\/produit\/creme-revitalisante-a-lacide-dambre-lirene-acid-power-50ml\/","og_locale":"fr_FR","og_type":"article","og_title":"Cr\u00e8me revitalisante \u00e0 l'Acide d'Ambre - Lirene Acid Power - 50ml - OrthoPara","og_description":"Lirene Acid Power Lirene Acid Power Cr\u00e8me revitalisante teint unifi\u00e9 \u00e0 l'Acide d'Ambre Lirene Acid Power\u00a0\u00a0sont des formules innovantes contenant une combinaison unique d'acides cosm\u00e9tiques sp\u00e9cialis\u00e9s et d'hydrolats apaisants. Un pH correctement s\u00e9lectionn\u00e9 minimise le risque d'irritation et de desquamation disgracieuse de la peau, fournissant une stimulation r\u00e9guli\u00e8re et non agressive des cellules pour la r\u00e9g\u00e9n\u00e9ration. Gr\u00e2ce \u00e0 cela, la structure et la couleur de la peau sont progressivement nivel\u00e9es, et la fra\u00eecheur et l'\u00e9clat de la jeunesse reviennent sur le visage. Contenance : 50ml DLC 07\/2025","og_url":"https:\/\/orthopara.store\/index.php\/produit\/creme-revitalisante-a-lacide-dambre-lirene-acid-power-50ml\/","og_site_name":"OrthoPara","article_publisher":"https:\/\/www.facebook.com\/profile.php?id=61561194315651","article_modified_time":"2024-06-28T13:49:33+00:00","og_image":[{"width":800,"height":800,"url":"https:\/\/orthopara.store\/wp-content\/uploads\/2024\/06\/creme-revitalisante-a-l-acide-d-ambre-lirene-acid-power-50ml.jpg","type":"image\/jpeg"}],"twitter_card":"summary_large_image","twitter_misc":{"Dur\u00e9e de lecture estim\u00e9e":"2 minutes"},"schema":{"@context":"https:\/\/schema.org","@graph":[{"@type":"WebPage","@id":"https:\/\/orthopara.store\/index.php\/produit\/creme-revitalisante-a-lacide-dambre-lirene-acid-power-50ml\/","url":"https:\/\/orthopara.store\/index.php\/produit\/creme-revitalisante-a-lacide-dambre-lirene-acid-power-50ml\/","name":"Cr\u00e8me revitalisante \u00e0 l'Acide d'Ambre - Lirene Acid Power - 50ml - OrthoPara","isPartOf":{"@id":"https:\/\/orthopara.store\/#website"},"primaryImageOfPage":{"@id":"https:\/\/orthopara.store\/index.php\/produit\/creme-revitalisante-a-lacide-dambre-lirene-acid-power-50ml\/#primaryimage"},"image":{"@id":"https:\/\/orthopara.store\/index.php\/produit\/creme-revitalisante-a-lacide-dambre-lirene-acid-power-50ml\/#primaryimage"},"thumbnailUrl":"https:\/\/orthopara.store\/wp-content\/uploads\/2024\/06\/creme-revitalisante-a-l-acide-d-ambre-lirene-acid-power-50ml.jpg","datePublished":"2024-06-28T13:49:26+00:00","dateModified":"2024-06-28T13:49:33+00:00","breadcrumb":{"@id":"https:\/\/orthopara.store\/index.php\/produit\/creme-revitalisante-a-lacide-dambre-lirene-acid-power-50ml\/#breadcrumb"},"inLanguage":"fr-FR","potentialAction":[{"@type":"ReadAction","target":["https:\/\/orthopara.store\/index.php\/produit\/creme-revitalisante-a-lacide-dambre-lirene-acid-power-50ml\/"]}]},{"@type":"ImageObject","inLanguage":"fr-FR","@id":"https:\/\/orthopara.store\/index.php\/produit\/creme-revitalisante-a-lacide-dambre-lirene-acid-power-50ml\/#primaryimage","url":"https:\/\/orthopara.store\/wp-content\/uploads\/2024\/06\/creme-revitalisante-a-l-acide-d-ambre-lirene-acid-power-50ml.jpg","contentUrl":"https:\/\/orthopara.store\/wp-content\/uploads\/2024\/06\/creme-revitalisante-a-l-acide-d-ambre-lirene-acid-power-50ml.jpg","width":800,"height":800},{"@type":"BreadcrumbList","@id":"https:\/\/orthopara.store\/index.php\/produit\/creme-revitalisante-a-lacide-dambre-lirene-acid-power-50ml\/#breadcrumb","itemListElement":[{"@type":"ListItem","position":1,"name":"Accueil","item":"https:\/\/orthopara.store\/"},{"@type":"ListItem","position":2,"name":"Shop","item":"https:\/\/orthopara.store\/?page_id=622"},{"@type":"ListItem","position":3,"name":"Cr\u00e8me revitalisante \u00e0 l&rsquo;Acide d&rsquo;Ambre &#8211; Lirene Acid Power &#8211; 50ml"}]},{"@type":"WebSite","@id":"https:\/\/orthopara.store\/#website","url":"https:\/\/orthopara.store\/","name":"OrthoPara","description":"Parapharmacie","publisher":{"@id":"https:\/\/orthopara.store\/#organization"},"potentialAction":[{"@type":"SearchAction","target":{"@type":"EntryPoint","urlTemplate":"https:\/\/orthopara.store\/?s={search_term_string}"},"query-input":"required name=search_term_string"}],"inLanguage":"fr-FR"},{"@type":"Organization","@id":"https:\/\/orthopara.store\/#organization","name":"OrthoPara","url":"https:\/\/orthopara.store\/","logo":{"@type":"ImageObject","inLanguage":"fr-FR","@id":"https:\/\/orthopara.store\/#\/schema\/logo\/image\/","url":"https:\/\/orthopara.store\/wp-content\/uploads\/2024\/06\/cropped-9ABA8BAD-6256-4719-9315-15C66E64E882.png","contentUrl":"https:\/\/orthopara.store\/wp-content\/uploads\/2024\/06\/cropped-9ABA8BAD-6256-4719-9315-15C66E64E882.png","width":240,"height":72,"caption":"OrthoPara"},"image":{"@id":"https:\/\/orthopara.store\/#\/schema\/logo\/image\/"},"sameAs":["https:\/\/www.facebook.com\/profile.php?id=61561194315651","https:\/\/www.instagram.com\/orthopara_tunisie\/"]}]}},"jetpack_sharing_enabled":true,"brands":[{"id":46,"name":"LIRENE","slug":"lirene"}],"_links":{"self":[{"href":"https:\/\/orthopara.store\/index.php?rest_route=\/wp\/v2\/product\/680","targetHints":{"allow":["GET"]}}],"collection":[{"href":"https:\/\/orthopara.store\/index.php?rest_route=\/wp\/v2\/product"}],"about":[{"href":"https:\/\/orthopara.store\/index.php?rest_route=\/wp\/v2\/types\/product"}],"replies":[{"embeddable":true,"href":"https:\/\/orthopara.store\/index.php?rest_route=%2Fwp%2Fv2%2Fcomments&post=680"}],"wp:featuredmedia":[{"embeddable":true,"href":"https:\/\/orthopara.store\/index.php?rest_route=\/wp\/v2\/media\/708"}],"wp:attachment":[{"href":"https:\/\/orthopara.store\/index.php?rest_route=%2Fwp%2Fv2%2Fmedia&parent=680"}],"wp:term":[{"taxonomy":"pwb-brand","embeddable":true,"href":"https:\/\/orthopara.store\/index.php?rest_route=%2Fwp%2Fv2%2Fpwb-brand&post=680"},{"taxonomy":"product_cat","embeddable":true,"href":"https:\/\/orthopara.store\/index.php?rest_route=%2Fwp%2Fv2%2Fproduct_cat&post=680"},{"taxonomy":"product_tag","embeddable":true,"href":"https:\/\/orthopara.store\/index.php?rest_route=%2Fwp%2Fv2%2Fproduct_tag&post=680"}],"curies":[{"name":"wp","href":"https:\/\/api.w.org\/{rel}","templated":true}]}}