{"id":683,"date":"2024-06-28T15:49:26","date_gmt":"2024-06-28T13:49:26","guid":{"rendered":"https:\/\/orthopara.store\/?post_type=product&#038;p=683"},"modified":"2024-06-28T15:49:34","modified_gmt":"2024-06-28T13:49:34","slug":"essence-deau-eclat-uriage-eau-thermale-100ml","status":"publish","type":"product","link":"https:\/\/orthopara.store\/?product=essence-deau-eclat-uriage-eau-thermale-100ml","title":{"rendered":"Essence d&rsquo;eau \u00e9clat &#8211; Uriage eau thermale &#8211; 100ml"},"content":{"rendered":"<p>Essence d&rsquo;eau \u00e9clat &#8211; Uriage Eau Thermale &#8211; 100ml<br \/>\nLa gamme Eau Thermale encapsule la puissance hydratante de l\u2019Eau Thermale d\u2019Uriage dans des soins dermatologiques experts et efficaces. Associ\u00e9e \u00e0 des actifs hydratants reconnus, elle revitalise toutes les peaux, m\u00eame les plus assoiff\u00e9es.<br \/>\nLa texture eau incomparable de cette essence fusionne parfaitement avec la peau d\u00e8s son application. Cette essence d\u2019eau \u00e9clat agit sur les signes de d\u00e9shydratation pour r\u00e9v\u00e9ler l&rsquo;\u00e9clat naturel de la peau.<br \/>\nActifs hydratants reconnus : [Acide Hyaluronique + Aquaxyl]<br \/>\nActifs sp\u00e9cifiques : [Pr\u00e9biotiques + Extrait D\u2019arbre A Soie]<\/p>\n<p>Hydrate intens\u00e9ment<br \/>\nSa formule enrichie en actifs hydratants [Acide Hyaluronique +Aquaxyl] permet de booster l\u2019hydratation des couches de l\u2019\u00e9piderme. La peau est durablement hydrat\u00e9e. Sa formule permet la formation d\u2019un film protecteur en surface. Les ridules de d\u00e9shydratation sont liss\u00e9es et la peau gagne en \u00e9clat, en douceur et en confort.<br \/>\nPr\u00e9serve le microbiome<br \/>\nLe Pr\u00e9biotique [Inuline] joue un r\u00f4le d\u00e9terminant dans l\u2019\u00e9quilibre de la barri\u00e8re cutan\u00e9e pour une pr\u00e9servation optimum du microbiome.<br \/>\nIllumine le teint<br \/>\nL\u2019Extrait d\u2019Arbre \u00e0 Soie pr\u00e9sent dans cette essence d\u00e9toxifie la peau pour d\u00e9griser le teint et restaurer l\u2019\u00e9clat. La peau est purifi\u00e9e, plus nette et les pores sont resserr\u00e9s.<br \/>\nCaract\u00e9ristiques :<br \/>\nEau Thermale d\u2019Uriage<br \/>\nPrebiotiques<br \/>\nExtrait d\u2019Arbre \u00e0 Soie<br \/>\nAcide Hyaluronique<br \/>\nAquaxyl<br \/>\nTest\u00e9 sous contr\u00f4le dermatologique<br \/>\nParfum<\/p>\n<p>Conseils d&rsquo;utilisation :<br \/>\nUne gestuelle minimaliste<br \/>\nAppliquer seule matin et\/ou soir sur une peau parfaitement nettoy\u00e9e et s\u00e9ch\u00e9e. Eviter le contact avec les yeux.<br \/>\n1\u00e8re \u00e9tape : D\u00e9poser quelques gouttes au creux de la main.<br \/>\n2\u00e8me \u00e9tape : Presser ensemble vos mains.<br \/>\n3\u00e8me \u00e9tape : Appliquer en commen\u00e7ant par le centre vers l\u2019ext\u00e9rieur.<br \/>\nComposition :<br \/>\nAqua\/Eau Uriage \u2014 Diglycerin \u2014 1,2-Hexanediol \u2014 Albizia Julibrissin Bark Extract \u2014 Glycerin \u2014 Xylitylglucoside \u2014 Anhydroxylitol \u2014 Inulin \u2014 Peg-80 Glyceryl Cocoate \u2014 Xylitol \u2014 Sodium Hyaluronate \u2014 Calcium Gluconate \u2014 Glucose \u2014 Parfum (Fragrance) \u2014 Xanthan Gum \u2014 Polyquaternium-51 \u2014 Magnesium Gluconate \u2014 Sodium Benzoate \u2014 Citric Acid<\/p>\n","protected":false},"excerpt":{"rendered":"<p>Uriage Eau Thermale<br \/>\nEssence Hydratante Et \u00c9quilibrante \u2013 Hydratation 24h, Douceur, \u00c9clat<br \/>\nTous types de peaux<br \/>\nContenance : 100ml<br \/>\nDLC : 11\/2024<\/p>\n","protected":false},"featured_media":711,"comment_status":"open","ping_status":"closed","template":"","meta":[],"pwb-brand":[48],"product_cat":[39],"product_tag":[],"class_list":{"0":"post-683","1":"product","2":"type-product","3":"status-publish","4":"has-post-thumbnail","6":"pwb-brand-uriage","7":"product_cat-hydratants-toutes-peaux","8":"post","9":"ws-product--style-1","11":"first","12":"instock","13":"shipping-taxable","14":"purchasable","15":"product-type-simple"},"yoast_head":"<!-- This site is optimized with the Yoast SEO plugin v23.0 - https:\/\/yoast.com\/wordpress\/plugins\/seo\/ -->\n<title>Essence d&#039;eau \u00e9clat - Uriage eau thermale - 100ml - OrthoPara<\/title>\n<meta name=\"robots\" content=\"index, follow, max-snippet:-1, max-image-preview:large, max-video-preview:-1\" \/>\n<link rel=\"canonical\" href=\"https:\/\/orthopara.store\/index.php\/produit\/essence-deau-eclat-uriage-eau-thermale-100ml\/\" \/>\n<meta property=\"og:locale\" content=\"fr_FR\" \/>\n<meta property=\"og:type\" content=\"article\" \/>\n<meta property=\"og:title\" content=\"Essence d&#039;eau \u00e9clat - Uriage eau thermale - 100ml - OrthoPara\" \/>\n<meta property=\"og:description\" content=\"Uriage Eau Thermale Essence Hydratante Et \u00c9quilibrante \u2013 Hydratation 24h, Douceur, \u00c9clat Tous types de peaux Contenance : 100ml DLC : 11\/2024\" \/>\n<meta property=\"og:url\" content=\"https:\/\/orthopara.store\/index.php\/produit\/essence-deau-eclat-uriage-eau-thermale-100ml\/\" \/>\n<meta property=\"og:site_name\" content=\"OrthoPara\" \/>\n<meta property=\"article:publisher\" content=\"https:\/\/www.facebook.com\/profile.php?id=61561194315651\" \/>\n<meta property=\"article:modified_time\" content=\"2024-06-28T13:49:34+00:00\" \/>\n<meta property=\"og:image\" content=\"https:\/\/orthopara.store\/wp-content\/uploads\/2024\/06\/essence-d-eau-eclat-uriage-eau-thermale-100ml.jpg\" \/>\n\t<meta property=\"og:image:width\" content=\"800\" \/>\n\t<meta property=\"og:image:height\" content=\"800\" \/>\n\t<meta property=\"og:image:type\" content=\"image\/jpeg\" \/>\n<meta name=\"twitter:card\" content=\"summary_large_image\" \/>\n<meta name=\"twitter:label1\" content=\"Dur\u00e9e de lecture estim\u00e9e\" \/>\n\t<meta name=\"twitter:data1\" content=\"2 minutes\" \/>\n<script type=\"application\/ld+json\" class=\"yoast-schema-graph\">{\"@context\":\"https:\/\/schema.org\",\"@graph\":[{\"@type\":\"WebPage\",\"@id\":\"https:\/\/orthopara.store\/index.php\/produit\/essence-deau-eclat-uriage-eau-thermale-100ml\/\",\"url\":\"https:\/\/orthopara.store\/index.php\/produit\/essence-deau-eclat-uriage-eau-thermale-100ml\/\",\"name\":\"Essence d'eau \u00e9clat - Uriage eau thermale - 100ml - OrthoPara\",\"isPartOf\":{\"@id\":\"https:\/\/orthopara.store\/#website\"},\"primaryImageOfPage\":{\"@id\":\"https:\/\/orthopara.store\/index.php\/produit\/essence-deau-eclat-uriage-eau-thermale-100ml\/#primaryimage\"},\"image\":{\"@id\":\"https:\/\/orthopara.store\/index.php\/produit\/essence-deau-eclat-uriage-eau-thermale-100ml\/#primaryimage\"},\"thumbnailUrl\":\"https:\/\/orthopara.store\/wp-content\/uploads\/2024\/06\/essence-d-eau-eclat-uriage-eau-thermale-100ml.jpg\",\"datePublished\":\"2024-06-28T13:49:26+00:00\",\"dateModified\":\"2024-06-28T13:49:34+00:00\",\"breadcrumb\":{\"@id\":\"https:\/\/orthopara.store\/index.php\/produit\/essence-deau-eclat-uriage-eau-thermale-100ml\/#breadcrumb\"},\"inLanguage\":\"fr-FR\",\"potentialAction\":[{\"@type\":\"ReadAction\",\"target\":[\"https:\/\/orthopara.store\/index.php\/produit\/essence-deau-eclat-uriage-eau-thermale-100ml\/\"]}]},{\"@type\":\"ImageObject\",\"inLanguage\":\"fr-FR\",\"@id\":\"https:\/\/orthopara.store\/index.php\/produit\/essence-deau-eclat-uriage-eau-thermale-100ml\/#primaryimage\",\"url\":\"https:\/\/orthopara.store\/wp-content\/uploads\/2024\/06\/essence-d-eau-eclat-uriage-eau-thermale-100ml.jpg\",\"contentUrl\":\"https:\/\/orthopara.store\/wp-content\/uploads\/2024\/06\/essence-d-eau-eclat-uriage-eau-thermale-100ml.jpg\",\"width\":800,\"height\":800},{\"@type\":\"BreadcrumbList\",\"@id\":\"https:\/\/orthopara.store\/index.php\/produit\/essence-deau-eclat-uriage-eau-thermale-100ml\/#breadcrumb\",\"itemListElement\":[{\"@type\":\"ListItem\",\"position\":1,\"name\":\"Accueil\",\"item\":\"https:\/\/orthopara.store\/\"},{\"@type\":\"ListItem\",\"position\":2,\"name\":\"Shop\",\"item\":\"https:\/\/orthopara.store\/?page_id=622\"},{\"@type\":\"ListItem\",\"position\":3,\"name\":\"Essence d&rsquo;eau \u00e9clat &#8211; Uriage eau thermale &#8211; 100ml\"}]},{\"@type\":\"WebSite\",\"@id\":\"https:\/\/orthopara.store\/#website\",\"url\":\"https:\/\/orthopara.store\/\",\"name\":\"OrthoPara\",\"description\":\"Parapharmacie\",\"publisher\":{\"@id\":\"https:\/\/orthopara.store\/#organization\"},\"potentialAction\":[{\"@type\":\"SearchAction\",\"target\":{\"@type\":\"EntryPoint\",\"urlTemplate\":\"https:\/\/orthopara.store\/?s={search_term_string}\"},\"query-input\":\"required name=search_term_string\"}],\"inLanguage\":\"fr-FR\"},{\"@type\":\"Organization\",\"@id\":\"https:\/\/orthopara.store\/#organization\",\"name\":\"OrthoPara\",\"url\":\"https:\/\/orthopara.store\/\",\"logo\":{\"@type\":\"ImageObject\",\"inLanguage\":\"fr-FR\",\"@id\":\"https:\/\/orthopara.store\/#\/schema\/logo\/image\/\",\"url\":\"https:\/\/orthopara.store\/wp-content\/uploads\/2024\/06\/cropped-9ABA8BAD-6256-4719-9315-15C66E64E882.png\",\"contentUrl\":\"https:\/\/orthopara.store\/wp-content\/uploads\/2024\/06\/cropped-9ABA8BAD-6256-4719-9315-15C66E64E882.png\",\"width\":240,\"height\":72,\"caption\":\"OrthoPara\"},\"image\":{\"@id\":\"https:\/\/orthopara.store\/#\/schema\/logo\/image\/\"},\"sameAs\":[\"https:\/\/www.facebook.com\/profile.php?id=61561194315651\",\"https:\/\/www.instagram.com\/orthopara_tunisie\/\"]}]}<\/script>\n<!-- \/ Yoast SEO plugin. -->","yoast_head_json":{"title":"Essence d'eau \u00e9clat - Uriage eau thermale - 100ml - OrthoPara","robots":{"index":"index","follow":"follow","max-snippet":"max-snippet:-1","max-image-preview":"max-image-preview:large","max-video-preview":"max-video-preview:-1"},"canonical":"https:\/\/orthopara.store\/index.php\/produit\/essence-deau-eclat-uriage-eau-thermale-100ml\/","og_locale":"fr_FR","og_type":"article","og_title":"Essence d'eau \u00e9clat - Uriage eau thermale - 100ml - OrthoPara","og_description":"Uriage Eau Thermale Essence Hydratante Et \u00c9quilibrante \u2013 Hydratation 24h, Douceur, \u00c9clat Tous types de peaux Contenance : 100ml DLC : 11\/2024","og_url":"https:\/\/orthopara.store\/index.php\/produit\/essence-deau-eclat-uriage-eau-thermale-100ml\/","og_site_name":"OrthoPara","article_publisher":"https:\/\/www.facebook.com\/profile.php?id=61561194315651","article_modified_time":"2024-06-28T13:49:34+00:00","og_image":[{"width":800,"height":800,"url":"https:\/\/orthopara.store\/wp-content\/uploads\/2024\/06\/essence-d-eau-eclat-uriage-eau-thermale-100ml.jpg","type":"image\/jpeg"}],"twitter_card":"summary_large_image","twitter_misc":{"Dur\u00e9e de lecture estim\u00e9e":"2 minutes"},"schema":{"@context":"https:\/\/schema.org","@graph":[{"@type":"WebPage","@id":"https:\/\/orthopara.store\/index.php\/produit\/essence-deau-eclat-uriage-eau-thermale-100ml\/","url":"https:\/\/orthopara.store\/index.php\/produit\/essence-deau-eclat-uriage-eau-thermale-100ml\/","name":"Essence d'eau \u00e9clat - Uriage eau thermale - 100ml - OrthoPara","isPartOf":{"@id":"https:\/\/orthopara.store\/#website"},"primaryImageOfPage":{"@id":"https:\/\/orthopara.store\/index.php\/produit\/essence-deau-eclat-uriage-eau-thermale-100ml\/#primaryimage"},"image":{"@id":"https:\/\/orthopara.store\/index.php\/produit\/essence-deau-eclat-uriage-eau-thermale-100ml\/#primaryimage"},"thumbnailUrl":"https:\/\/orthopara.store\/wp-content\/uploads\/2024\/06\/essence-d-eau-eclat-uriage-eau-thermale-100ml.jpg","datePublished":"2024-06-28T13:49:26+00:00","dateModified":"2024-06-28T13:49:34+00:00","breadcrumb":{"@id":"https:\/\/orthopara.store\/index.php\/produit\/essence-deau-eclat-uriage-eau-thermale-100ml\/#breadcrumb"},"inLanguage":"fr-FR","potentialAction":[{"@type":"ReadAction","target":["https:\/\/orthopara.store\/index.php\/produit\/essence-deau-eclat-uriage-eau-thermale-100ml\/"]}]},{"@type":"ImageObject","inLanguage":"fr-FR","@id":"https:\/\/orthopara.store\/index.php\/produit\/essence-deau-eclat-uriage-eau-thermale-100ml\/#primaryimage","url":"https:\/\/orthopara.store\/wp-content\/uploads\/2024\/06\/essence-d-eau-eclat-uriage-eau-thermale-100ml.jpg","contentUrl":"https:\/\/orthopara.store\/wp-content\/uploads\/2024\/06\/essence-d-eau-eclat-uriage-eau-thermale-100ml.jpg","width":800,"height":800},{"@type":"BreadcrumbList","@id":"https:\/\/orthopara.store\/index.php\/produit\/essence-deau-eclat-uriage-eau-thermale-100ml\/#breadcrumb","itemListElement":[{"@type":"ListItem","position":1,"name":"Accueil","item":"https:\/\/orthopara.store\/"},{"@type":"ListItem","position":2,"name":"Shop","item":"https:\/\/orthopara.store\/?page_id=622"},{"@type":"ListItem","position":3,"name":"Essence d&rsquo;eau \u00e9clat &#8211; Uriage eau thermale &#8211; 100ml"}]},{"@type":"WebSite","@id":"https:\/\/orthopara.store\/#website","url":"https:\/\/orthopara.store\/","name":"OrthoPara","description":"Parapharmacie","publisher":{"@id":"https:\/\/orthopara.store\/#organization"},"potentialAction":[{"@type":"SearchAction","target":{"@type":"EntryPoint","urlTemplate":"https:\/\/orthopara.store\/?s={search_term_string}"},"query-input":"required name=search_term_string"}],"inLanguage":"fr-FR"},{"@type":"Organization","@id":"https:\/\/orthopara.store\/#organization","name":"OrthoPara","url":"https:\/\/orthopara.store\/","logo":{"@type":"ImageObject","inLanguage":"fr-FR","@id":"https:\/\/orthopara.store\/#\/schema\/logo\/image\/","url":"https:\/\/orthopara.store\/wp-content\/uploads\/2024\/06\/cropped-9ABA8BAD-6256-4719-9315-15C66E64E882.png","contentUrl":"https:\/\/orthopara.store\/wp-content\/uploads\/2024\/06\/cropped-9ABA8BAD-6256-4719-9315-15C66E64E882.png","width":240,"height":72,"caption":"OrthoPara"},"image":{"@id":"https:\/\/orthopara.store\/#\/schema\/logo\/image\/"},"sameAs":["https:\/\/www.facebook.com\/profile.php?id=61561194315651","https:\/\/www.instagram.com\/orthopara_tunisie\/"]}]}},"jetpack_sharing_enabled":true,"brands":[{"id":48,"name":"Uriage","slug":"uriage"}],"_links":{"self":[{"href":"https:\/\/orthopara.store\/index.php?rest_route=\/wp\/v2\/product\/683","targetHints":{"allow":["GET"]}}],"collection":[{"href":"https:\/\/orthopara.store\/index.php?rest_route=\/wp\/v2\/product"}],"about":[{"href":"https:\/\/orthopara.store\/index.php?rest_route=\/wp\/v2\/types\/product"}],"replies":[{"embeddable":true,"href":"https:\/\/orthopara.store\/index.php?rest_route=%2Fwp%2Fv2%2Fcomments&post=683"}],"wp:featuredmedia":[{"embeddable":true,"href":"https:\/\/orthopara.store\/index.php?rest_route=\/wp\/v2\/media\/711"}],"wp:attachment":[{"href":"https:\/\/orthopara.store\/index.php?rest_route=%2Fwp%2Fv2%2Fmedia&parent=683"}],"wp:term":[{"taxonomy":"pwb-brand","embeddable":true,"href":"https:\/\/orthopara.store\/index.php?rest_route=%2Fwp%2Fv2%2Fpwb-brand&post=683"},{"taxonomy":"product_cat","embeddable":true,"href":"https:\/\/orthopara.store\/index.php?rest_route=%2Fwp%2Fv2%2Fproduct_cat&post=683"},{"taxonomy":"product_tag","embeddable":true,"href":"https:\/\/orthopara.store\/index.php?rest_route=%2Fwp%2Fv2%2Fproduct_tag&post=683"}],"curies":[{"name":"wp","href":"https:\/\/api.w.org\/{rel}","templated":true}]}}