{"id":687,"date":"2024-06-28T15:49:27","date_gmt":"2024-06-28T13:49:27","guid":{"rendered":"https:\/\/orthopara.store\/?post_type=product&#038;p=687"},"modified":"2024-06-28T15:49:35","modified_gmt":"2024-06-28T13:49:35","slug":"serum-anti-oxydant-anti-pollution-endocare-radiance-30ml","status":"publish","type":"product","link":"https:\/\/orthopara.store\/?product=serum-anti-oxydant-anti-pollution-endocare-radiance-30ml","title":{"rendered":"S\u00e9rum anti-oxydant &#038; anti-pollution &#8211; Endocare Radiance &#8211; 30ml"},"content":{"rendered":"<p>S\u00e9rum \u00e0 absorption rapide sans r\u00e9sidu gras et au fini velout\u00e9 qui prot\u00e8ge la peau des dommages caus\u00e9s par les facteurs de stress environnementaux (radicaux libres, polluants urbains) Id\u00e9al pour tous les types de peau. Non com\u00e9dog\u00e8ne.<br \/>\nSa formule comprend EDAFENCE\u00ae, une technologie anti-pollution innovante \u00e0 l&rsquo;efficacit\u00e9 prouv\u00e9e contre les m\u00e9taux lourds, la fum\u00e9e de tabac et les polluants urbains, et l&rsquo;exclusif Advanced Antiox Synergy, un syst\u00e8me antioxydant de pointe \u00e0 haute tol\u00e9rance, gr\u00e2ce \u00e0 notre SCA \u00ae Technologie de croissance.Technologie Factor \u00e0 activit\u00e9 antioxydante et r\u00e9paratrice et EDAFENCE\u00ae associ\u00e9e \u00e0 la vitamine C, l&rsquo;acide f\u00e9rulique et la vitamine E.<br \/>\nIndications :<br \/>\nSoin quotidien pour prot\u00e9ger et r\u00e9parer la peau des dommages caus\u00e9s par les agressions ext\u00e9rieures (radicaux libres, m\u00e9taux lourds, fum\u00e9e de tabac, polluants urbains)<br \/>\nAction sp\u00e9cifique anti-pollution.<br \/>\nAvantages :<br \/>\nAnti-pollution<br \/>\nAntioxydant<br \/>\nAm\u00e9liore la fonction barri\u00e8re de la peau<br \/>\nToutes peaux<br \/>\nNon com\u00e9dog\u00e8ne<br \/>\nConseils d&rsquo;utilisation :<br \/>\nAgiter avant utilisation. Appliquer 1 ou 2 fois par jour uniform\u00e9ment sur la peau du visage, du cou et du d\u00e9collet\u00e9 en massant l\u00e9g\u00e8rement jusqu&rsquo;\u00e0 absorption compl\u00e8te.<br \/>\nComposition :\u00a0<br \/>\nEDAFENCE\u00ae Puissante d\u00e9fense anti-pollution<br \/>\nSCA\u00ae Technologie de facteur de croissance<br \/>\nVitamine C<br \/>\nAcide f\u00e9rulique<br \/>\nVitamine E<br \/>\nFormat :<br \/>\n30ml<\/p>\n","protected":false},"excerpt":{"rendered":"<p>S\u00e9rum \u00e0 absorption rapide sans r\u00e9sidu gras et au fini velout\u00e9 qui prot\u00e8ge la peau des dommages caus\u00e9s par les facteurs de stress environnementaux (radicaux libres, polluants urbains) Id\u00e9al pour tous les types de peau. Non com\u00e9dog\u00e8ne.<br \/>\nType de peaux : Tous types de peaux<\/p>\n","protected":false},"featured_media":715,"comment_status":"open","ping_status":"closed","template":"","meta":[],"pwb-brand":[50],"product_cat":[39],"product_tag":[],"class_list":{"0":"post-687","1":"product","2":"type-product","3":"status-publish","4":"has-post-thumbnail","6":"pwb-brand-cantabria-labs","7":"product_cat-hydratants-toutes-peaux","8":"post","9":"ws-product--style-1","11":"first","12":"instock","13":"shipping-taxable","14":"purchasable","15":"product-type-simple"},"yoast_head":"<!-- This site is optimized with the Yoast SEO plugin v23.0 - https:\/\/yoast.com\/wordpress\/plugins\/seo\/ -->\n<title>S\u00e9rum anti-oxydant &amp; anti-pollution - Endocare Radiance - 30ml - OrthoPara<\/title>\n<meta name=\"robots\" content=\"index, follow, max-snippet:-1, max-image-preview:large, max-video-preview:-1\" \/>\n<link rel=\"canonical\" href=\"https:\/\/orthopara.store\/index.php\/produit\/serum-anti-oxydant-anti-pollution-endocare-radiance-30ml\/\" \/>\n<meta property=\"og:locale\" content=\"fr_FR\" \/>\n<meta property=\"og:type\" content=\"article\" \/>\n<meta property=\"og:title\" content=\"S\u00e9rum anti-oxydant &amp; anti-pollution - Endocare Radiance - 30ml - OrthoPara\" \/>\n<meta property=\"og:description\" content=\"S\u00e9rum \u00e0 absorption rapide sans r\u00e9sidu gras et au fini velout\u00e9 qui prot\u00e8ge la peau des dommages caus\u00e9s par les facteurs de stress environnementaux (radicaux libres, polluants urbains) Id\u00e9al pour tous les types de peau. Non com\u00e9dog\u00e8ne. Type de peaux : Tous types de peaux\" \/>\n<meta property=\"og:url\" content=\"https:\/\/orthopara.store\/index.php\/produit\/serum-anti-oxydant-anti-pollution-endocare-radiance-30ml\/\" \/>\n<meta property=\"og:site_name\" content=\"OrthoPara\" \/>\n<meta property=\"article:publisher\" content=\"https:\/\/www.facebook.com\/profile.php?id=61561194315651\" \/>\n<meta property=\"article:modified_time\" content=\"2024-06-28T13:49:35+00:00\" \/>\n<meta property=\"og:image\" content=\"https:\/\/orthopara.store\/wp-content\/uploads\/2024\/06\/serum-anti-oxydant-anti-pollution-endocare-radiance-30ml.jpg\" \/>\n\t<meta property=\"og:image:width\" content=\"800\" \/>\n\t<meta property=\"og:image:height\" content=\"800\" \/>\n\t<meta property=\"og:image:type\" content=\"image\/jpeg\" \/>\n<meta name=\"twitter:card\" content=\"summary_large_image\" \/>\n<meta name=\"twitter:label1\" content=\"Dur\u00e9e de lecture estim\u00e9e\" \/>\n\t<meta name=\"twitter:data1\" content=\"1 minute\" \/>\n<script type=\"application\/ld+json\" class=\"yoast-schema-graph\">{\"@context\":\"https:\/\/schema.org\",\"@graph\":[{\"@type\":\"WebPage\",\"@id\":\"https:\/\/orthopara.store\/index.php\/produit\/serum-anti-oxydant-anti-pollution-endocare-radiance-30ml\/\",\"url\":\"https:\/\/orthopara.store\/index.php\/produit\/serum-anti-oxydant-anti-pollution-endocare-radiance-30ml\/\",\"name\":\"S\u00e9rum anti-oxydant & anti-pollution - Endocare Radiance - 30ml - OrthoPara\",\"isPartOf\":{\"@id\":\"https:\/\/orthopara.store\/#website\"},\"primaryImageOfPage\":{\"@id\":\"https:\/\/orthopara.store\/index.php\/produit\/serum-anti-oxydant-anti-pollution-endocare-radiance-30ml\/#primaryimage\"},\"image\":{\"@id\":\"https:\/\/orthopara.store\/index.php\/produit\/serum-anti-oxydant-anti-pollution-endocare-radiance-30ml\/#primaryimage\"},\"thumbnailUrl\":\"https:\/\/orthopara.store\/wp-content\/uploads\/2024\/06\/serum-anti-oxydant-anti-pollution-endocare-radiance-30ml.jpg\",\"datePublished\":\"2024-06-28T13:49:27+00:00\",\"dateModified\":\"2024-06-28T13:49:35+00:00\",\"breadcrumb\":{\"@id\":\"https:\/\/orthopara.store\/index.php\/produit\/serum-anti-oxydant-anti-pollution-endocare-radiance-30ml\/#breadcrumb\"},\"inLanguage\":\"fr-FR\",\"potentialAction\":[{\"@type\":\"ReadAction\",\"target\":[\"https:\/\/orthopara.store\/index.php\/produit\/serum-anti-oxydant-anti-pollution-endocare-radiance-30ml\/\"]}]},{\"@type\":\"ImageObject\",\"inLanguage\":\"fr-FR\",\"@id\":\"https:\/\/orthopara.store\/index.php\/produit\/serum-anti-oxydant-anti-pollution-endocare-radiance-30ml\/#primaryimage\",\"url\":\"https:\/\/orthopara.store\/wp-content\/uploads\/2024\/06\/serum-anti-oxydant-anti-pollution-endocare-radiance-30ml.jpg\",\"contentUrl\":\"https:\/\/orthopara.store\/wp-content\/uploads\/2024\/06\/serum-anti-oxydant-anti-pollution-endocare-radiance-30ml.jpg\",\"width\":800,\"height\":800},{\"@type\":\"BreadcrumbList\",\"@id\":\"https:\/\/orthopara.store\/index.php\/produit\/serum-anti-oxydant-anti-pollution-endocare-radiance-30ml\/#breadcrumb\",\"itemListElement\":[{\"@type\":\"ListItem\",\"position\":1,\"name\":\"Accueil\",\"item\":\"https:\/\/orthopara.store\/\"},{\"@type\":\"ListItem\",\"position\":2,\"name\":\"Shop\",\"item\":\"https:\/\/orthopara.store\/?page_id=622\"},{\"@type\":\"ListItem\",\"position\":3,\"name\":\"S\u00e9rum anti-oxydant &#038; anti-pollution &#8211; Endocare Radiance &#8211; 30ml\"}]},{\"@type\":\"WebSite\",\"@id\":\"https:\/\/orthopara.store\/#website\",\"url\":\"https:\/\/orthopara.store\/\",\"name\":\"OrthoPara\",\"description\":\"Parapharmacie\",\"publisher\":{\"@id\":\"https:\/\/orthopara.store\/#organization\"},\"potentialAction\":[{\"@type\":\"SearchAction\",\"target\":{\"@type\":\"EntryPoint\",\"urlTemplate\":\"https:\/\/orthopara.store\/?s={search_term_string}\"},\"query-input\":\"required name=search_term_string\"}],\"inLanguage\":\"fr-FR\"},{\"@type\":\"Organization\",\"@id\":\"https:\/\/orthopara.store\/#organization\",\"name\":\"OrthoPara\",\"url\":\"https:\/\/orthopara.store\/\",\"logo\":{\"@type\":\"ImageObject\",\"inLanguage\":\"fr-FR\",\"@id\":\"https:\/\/orthopara.store\/#\/schema\/logo\/image\/\",\"url\":\"https:\/\/orthopara.store\/wp-content\/uploads\/2024\/06\/cropped-9ABA8BAD-6256-4719-9315-15C66E64E882.png\",\"contentUrl\":\"https:\/\/orthopara.store\/wp-content\/uploads\/2024\/06\/cropped-9ABA8BAD-6256-4719-9315-15C66E64E882.png\",\"width\":240,\"height\":72,\"caption\":\"OrthoPara\"},\"image\":{\"@id\":\"https:\/\/orthopara.store\/#\/schema\/logo\/image\/\"},\"sameAs\":[\"https:\/\/www.facebook.com\/profile.php?id=61561194315651\",\"https:\/\/www.instagram.com\/orthopara_tunisie\/\"]}]}<\/script>\n<!-- \/ Yoast SEO plugin. -->","yoast_head_json":{"title":"S\u00e9rum anti-oxydant & anti-pollution - Endocare Radiance - 30ml - OrthoPara","robots":{"index":"index","follow":"follow","max-snippet":"max-snippet:-1","max-image-preview":"max-image-preview:large","max-video-preview":"max-video-preview:-1"},"canonical":"https:\/\/orthopara.store\/index.php\/produit\/serum-anti-oxydant-anti-pollution-endocare-radiance-30ml\/","og_locale":"fr_FR","og_type":"article","og_title":"S\u00e9rum anti-oxydant & anti-pollution - Endocare Radiance - 30ml - OrthoPara","og_description":"S\u00e9rum \u00e0 absorption rapide sans r\u00e9sidu gras et au fini velout\u00e9 qui prot\u00e8ge la peau des dommages caus\u00e9s par les facteurs de stress environnementaux (radicaux libres, polluants urbains) Id\u00e9al pour tous les types de peau. Non com\u00e9dog\u00e8ne. Type de peaux : Tous types de peaux","og_url":"https:\/\/orthopara.store\/index.php\/produit\/serum-anti-oxydant-anti-pollution-endocare-radiance-30ml\/","og_site_name":"OrthoPara","article_publisher":"https:\/\/www.facebook.com\/profile.php?id=61561194315651","article_modified_time":"2024-06-28T13:49:35+00:00","og_image":[{"width":800,"height":800,"url":"https:\/\/orthopara.store\/wp-content\/uploads\/2024\/06\/serum-anti-oxydant-anti-pollution-endocare-radiance-30ml.jpg","type":"image\/jpeg"}],"twitter_card":"summary_large_image","twitter_misc":{"Dur\u00e9e de lecture estim\u00e9e":"1 minute"},"schema":{"@context":"https:\/\/schema.org","@graph":[{"@type":"WebPage","@id":"https:\/\/orthopara.store\/index.php\/produit\/serum-anti-oxydant-anti-pollution-endocare-radiance-30ml\/","url":"https:\/\/orthopara.store\/index.php\/produit\/serum-anti-oxydant-anti-pollution-endocare-radiance-30ml\/","name":"S\u00e9rum anti-oxydant & anti-pollution - Endocare Radiance - 30ml - OrthoPara","isPartOf":{"@id":"https:\/\/orthopara.store\/#website"},"primaryImageOfPage":{"@id":"https:\/\/orthopara.store\/index.php\/produit\/serum-anti-oxydant-anti-pollution-endocare-radiance-30ml\/#primaryimage"},"image":{"@id":"https:\/\/orthopara.store\/index.php\/produit\/serum-anti-oxydant-anti-pollution-endocare-radiance-30ml\/#primaryimage"},"thumbnailUrl":"https:\/\/orthopara.store\/wp-content\/uploads\/2024\/06\/serum-anti-oxydant-anti-pollution-endocare-radiance-30ml.jpg","datePublished":"2024-06-28T13:49:27+00:00","dateModified":"2024-06-28T13:49:35+00:00","breadcrumb":{"@id":"https:\/\/orthopara.store\/index.php\/produit\/serum-anti-oxydant-anti-pollution-endocare-radiance-30ml\/#breadcrumb"},"inLanguage":"fr-FR","potentialAction":[{"@type":"ReadAction","target":["https:\/\/orthopara.store\/index.php\/produit\/serum-anti-oxydant-anti-pollution-endocare-radiance-30ml\/"]}]},{"@type":"ImageObject","inLanguage":"fr-FR","@id":"https:\/\/orthopara.store\/index.php\/produit\/serum-anti-oxydant-anti-pollution-endocare-radiance-30ml\/#primaryimage","url":"https:\/\/orthopara.store\/wp-content\/uploads\/2024\/06\/serum-anti-oxydant-anti-pollution-endocare-radiance-30ml.jpg","contentUrl":"https:\/\/orthopara.store\/wp-content\/uploads\/2024\/06\/serum-anti-oxydant-anti-pollution-endocare-radiance-30ml.jpg","width":800,"height":800},{"@type":"BreadcrumbList","@id":"https:\/\/orthopara.store\/index.php\/produit\/serum-anti-oxydant-anti-pollution-endocare-radiance-30ml\/#breadcrumb","itemListElement":[{"@type":"ListItem","position":1,"name":"Accueil","item":"https:\/\/orthopara.store\/"},{"@type":"ListItem","position":2,"name":"Shop","item":"https:\/\/orthopara.store\/?page_id=622"},{"@type":"ListItem","position":3,"name":"S\u00e9rum anti-oxydant &#038; anti-pollution &#8211; Endocare Radiance &#8211; 30ml"}]},{"@type":"WebSite","@id":"https:\/\/orthopara.store\/#website","url":"https:\/\/orthopara.store\/","name":"OrthoPara","description":"Parapharmacie","publisher":{"@id":"https:\/\/orthopara.store\/#organization"},"potentialAction":[{"@type":"SearchAction","target":{"@type":"EntryPoint","urlTemplate":"https:\/\/orthopara.store\/?s={search_term_string}"},"query-input":"required name=search_term_string"}],"inLanguage":"fr-FR"},{"@type":"Organization","@id":"https:\/\/orthopara.store\/#organization","name":"OrthoPara","url":"https:\/\/orthopara.store\/","logo":{"@type":"ImageObject","inLanguage":"fr-FR","@id":"https:\/\/orthopara.store\/#\/schema\/logo\/image\/","url":"https:\/\/orthopara.store\/wp-content\/uploads\/2024\/06\/cropped-9ABA8BAD-6256-4719-9315-15C66E64E882.png","contentUrl":"https:\/\/orthopara.store\/wp-content\/uploads\/2024\/06\/cropped-9ABA8BAD-6256-4719-9315-15C66E64E882.png","width":240,"height":72,"caption":"OrthoPara"},"image":{"@id":"https:\/\/orthopara.store\/#\/schema\/logo\/image\/"},"sameAs":["https:\/\/www.facebook.com\/profile.php?id=61561194315651","https:\/\/www.instagram.com\/orthopara_tunisie\/"]}]}},"jetpack_sharing_enabled":true,"brands":[{"id":50,"name":"Cantabria Labs","slug":"cantabria-labs"}],"_links":{"self":[{"href":"https:\/\/orthopara.store\/index.php?rest_route=\/wp\/v2\/product\/687","targetHints":{"allow":["GET"]}}],"collection":[{"href":"https:\/\/orthopara.store\/index.php?rest_route=\/wp\/v2\/product"}],"about":[{"href":"https:\/\/orthopara.store\/index.php?rest_route=\/wp\/v2\/types\/product"}],"replies":[{"embeddable":true,"href":"https:\/\/orthopara.store\/index.php?rest_route=%2Fwp%2Fv2%2Fcomments&post=687"}],"wp:featuredmedia":[{"embeddable":true,"href":"https:\/\/orthopara.store\/index.php?rest_route=\/wp\/v2\/media\/715"}],"wp:attachment":[{"href":"https:\/\/orthopara.store\/index.php?rest_route=%2Fwp%2Fv2%2Fmedia&parent=687"}],"wp:term":[{"taxonomy":"pwb-brand","embeddable":true,"href":"https:\/\/orthopara.store\/index.php?rest_route=%2Fwp%2Fv2%2Fpwb-brand&post=687"},{"taxonomy":"product_cat","embeddable":true,"href":"https:\/\/orthopara.store\/index.php?rest_route=%2Fwp%2Fv2%2Fproduct_cat&post=687"},{"taxonomy":"product_tag","embeddable":true,"href":"https:\/\/orthopara.store\/index.php?rest_route=%2Fwp%2Fv2%2Fproduct_tag&post=687"}],"curies":[{"name":"wp","href":"https:\/\/api.w.org\/{rel}","templated":true}]}}