{"id":689,"date":"2024-06-28T15:49:27","date_gmt":"2024-06-28T13:49:27","guid":{"rendered":"https:\/\/orthopara.store\/?post_type=product&#038;p=689"},"modified":"2024-06-28T15:49:36","modified_gmt":"2024-06-28T13:49:36","slug":"serum-concentre-anti-rides-regenerant-clarenia-ab3-30ml","status":"publish","type":"product","link":"https:\/\/orthopara.store\/?product=serum-concentre-anti-rides-regenerant-clarenia-ab3-30ml","title":{"rendered":"S\u00e9rum concentr\u00e9 anti-rides r\u00e9g\u00e9n\u00e9rant &#8211; Clarenia AB3 &#8211; 30ml"},"content":{"rendered":"<p>S\u00e9rum concentr\u00e9 anti-rides r\u00e9g\u00e9n\u00e9rant &#8211; Clarenia AB3 &#8211; 30ml<br \/>\nS\u00e9rum AB3 Concentr\u00e9 Anti-Rides R\u00e9g\u00e9n\u00e9rant est un produit cosm\u00e9tique con\u00e7u pour aider \u00e0 att\u00e9nuer les signes de l\u2019\u00e2ge tels que les rides et les taches de vieillesse. Il contient une combinaison de plusieurs ingr\u00e9dients actifs, notamment 0,3% de r\u00e9tinol, 5% de vitamine B3 (niacinamide), de l\u2019ad\u00e9nosine, de la glycine et du hyaluronate de sodium.<br \/>\nLe retinol est une forme de vitamine A qui stimule la production de collag\u00e8ne, am\u00e9liore la texture et la tonalit\u00e9 de la peau, et r\u00e9duit l\u2019apparence des rides et des taches de vieillesse.<br \/>\nLa vitamine B3 aide \u00e0 maintenir l\u2019hydratation de la peau, \u00e0 am\u00e9liorer son \u00e9lasticit\u00e9 et \u00e0 r\u00e9duire les rougeurs.<br \/>\nL\u2019ad\u00e9nosine est un ingr\u00e9dient qui aide \u00e0 lisser les rides en renfor\u00e7ant la production de collag\u00e8ne.<br \/>\nLa glycine est un acide amin\u00e9 qui aide \u00e0 maintenir l\u2019\u00e9lasticit\u00e9 et la fermet\u00e9 de la peau.<br \/>\nLe sodium hyaluronate est un hydratant naturel qui aide \u00e0 retenir l\u2019humidit\u00e9 dans la peau.<br \/>\nConseils d&rsquo;utilisation :<br \/>\nAppliquer le s\u00e9rum AB3 le soir sur le visage et le cou deux fois par semaine, seul ou sous une cr\u00e8me hydratante.<br \/>\nIndications :<br \/>\nAB3 S\u00e9rum Concentr\u00e9 Anti-Rides R\u00e9g\u00e9n\u00e9rant est indiqu\u00e9 pour les personnes souhaitant att\u00e9nuer les signes de l\u2019\u00e2ge, tels que les rides et les taches de vieillesse.<br \/>\nComposition :<br \/>\nFormule inci: aqua \/water \/ eau, coco capryalte\/caprate , glycerin , niacinamide , glyceryl stearate, lecithin crosspolymer, sodium hyaluronate , retinyl palmitate , caprylyl glycol , retinol, citric acid , xanthan gum , , tocopherol , benzyl alcohol, dehydroacetic acid, adenosine, parfum\/ fragrance<\/p>\n","protected":false},"excerpt":{"rendered":"<p>Clarenia AB3<br \/>\nS\u00e9rum\u00a0concentr\u00e9 anti-rides r\u00e9g\u00e9n\u00e9rant\u00a0<br \/>\nS\u00e9rum au r\u00e9tinol 0.3% &#038; niacinamide 5%\u00a0<\/p>\n<p>AB3 s\u00e9rum anti-rides r\u00e9g\u00e9n\u00e9rant, qui allie le pouvoir anti-\u00e2ge du r\u00e9tinol \u00e0 la fonction r\u00e9paratrice de la vitamine B3\u00a0<\/p>\n<p>AB3 corrige les signes visibles de l&rsquo;\u00e2ge les plus prononc\u00e9s (rides, taches pigmentaires, perte de fermet\u00e9&#8230;)\u00a0<\/p>\n<p>Indications : rides profondes, tient irr\u00e9gulier, photo-vieillissement\u00a0<br \/>\nContenance : 30ml\u00a0<br \/>\nDLC : 01\/2025<\/p>\n","protected":false},"featured_media":717,"comment_status":"open","ping_status":"closed","template":"","meta":[],"pwb-brand":[52],"product_cat":[39],"product_tag":[],"class_list":{"0":"post-689","1":"product","2":"type-product","3":"status-publish","4":"has-post-thumbnail","6":"pwb-brand-clarenia","7":"product_cat-hydratants-toutes-peaux","8":"post","9":"ws-product--style-1","11":"first","12":"instock","13":"shipping-taxable","14":"purchasable","15":"product-type-simple"},"yoast_head":"<!-- This site is optimized with the Yoast SEO plugin v23.0 - https:\/\/yoast.com\/wordpress\/plugins\/seo\/ -->\n<title>S\u00e9rum concentr\u00e9 anti-rides r\u00e9g\u00e9n\u00e9rant - Clarenia AB3 - 30ml - OrthoPara<\/title>\n<meta name=\"robots\" content=\"index, follow, max-snippet:-1, max-image-preview:large, max-video-preview:-1\" \/>\n<link rel=\"canonical\" href=\"https:\/\/orthopara.store\/index.php\/produit\/serum-concentre-anti-rides-regenerant-clarenia-ab3-30ml\/\" \/>\n<meta property=\"og:locale\" content=\"fr_FR\" \/>\n<meta property=\"og:type\" content=\"article\" \/>\n<meta property=\"og:title\" content=\"S\u00e9rum concentr\u00e9 anti-rides r\u00e9g\u00e9n\u00e9rant - Clarenia AB3 - 30ml - OrthoPara\" \/>\n<meta property=\"og:description\" content=\"Clarenia AB3 S\u00e9rum\u00a0concentr\u00e9 anti-rides r\u00e9g\u00e9n\u00e9rant\u00a0 S\u00e9rum au r\u00e9tinol 0.3% &amp; niacinamide 5%\u00a0 AB3 s\u00e9rum anti-rides r\u00e9g\u00e9n\u00e9rant, qui allie le pouvoir anti-\u00e2ge du r\u00e9tinol \u00e0 la fonction r\u00e9paratrice de la vitamine B3\u00a0 AB3 corrige les signes visibles de l&#039;\u00e2ge les plus prononc\u00e9s (rides, taches pigmentaires, perte de fermet\u00e9...)\u00a0 Indications : rides profondes, tient irr\u00e9gulier, photo-vieillissement\u00a0 Contenance : 30ml\u00a0 DLC : 01\/2025\" \/>\n<meta property=\"og:url\" content=\"https:\/\/orthopara.store\/index.php\/produit\/serum-concentre-anti-rides-regenerant-clarenia-ab3-30ml\/\" \/>\n<meta property=\"og:site_name\" content=\"OrthoPara\" \/>\n<meta property=\"article:publisher\" content=\"https:\/\/www.facebook.com\/profile.php?id=61561194315651\" \/>\n<meta property=\"article:modified_time\" content=\"2024-06-28T13:49:36+00:00\" \/>\n<meta property=\"og:image\" content=\"https:\/\/orthopara.store\/wp-content\/uploads\/2024\/06\/serum-concentre-anti-rides-regenerant-clarenia-ab3-30ml.jpg\" \/>\n\t<meta property=\"og:image:width\" content=\"800\" \/>\n\t<meta property=\"og:image:height\" content=\"800\" \/>\n\t<meta property=\"og:image:type\" content=\"image\/jpeg\" \/>\n<meta name=\"twitter:card\" content=\"summary_large_image\" \/>\n<meta name=\"twitter:label1\" content=\"Dur\u00e9e de lecture estim\u00e9e\" \/>\n\t<meta name=\"twitter:data1\" content=\"1 minute\" \/>\n<script type=\"application\/ld+json\" class=\"yoast-schema-graph\">{\"@context\":\"https:\/\/schema.org\",\"@graph\":[{\"@type\":\"WebPage\",\"@id\":\"https:\/\/orthopara.store\/index.php\/produit\/serum-concentre-anti-rides-regenerant-clarenia-ab3-30ml\/\",\"url\":\"https:\/\/orthopara.store\/index.php\/produit\/serum-concentre-anti-rides-regenerant-clarenia-ab3-30ml\/\",\"name\":\"S\u00e9rum concentr\u00e9 anti-rides r\u00e9g\u00e9n\u00e9rant - Clarenia AB3 - 30ml - OrthoPara\",\"isPartOf\":{\"@id\":\"https:\/\/orthopara.store\/#website\"},\"primaryImageOfPage\":{\"@id\":\"https:\/\/orthopara.store\/index.php\/produit\/serum-concentre-anti-rides-regenerant-clarenia-ab3-30ml\/#primaryimage\"},\"image\":{\"@id\":\"https:\/\/orthopara.store\/index.php\/produit\/serum-concentre-anti-rides-regenerant-clarenia-ab3-30ml\/#primaryimage\"},\"thumbnailUrl\":\"https:\/\/orthopara.store\/wp-content\/uploads\/2024\/06\/serum-concentre-anti-rides-regenerant-clarenia-ab3-30ml.jpg\",\"datePublished\":\"2024-06-28T13:49:27+00:00\",\"dateModified\":\"2024-06-28T13:49:36+00:00\",\"breadcrumb\":{\"@id\":\"https:\/\/orthopara.store\/index.php\/produit\/serum-concentre-anti-rides-regenerant-clarenia-ab3-30ml\/#breadcrumb\"},\"inLanguage\":\"fr-FR\",\"potentialAction\":[{\"@type\":\"ReadAction\",\"target\":[\"https:\/\/orthopara.store\/index.php\/produit\/serum-concentre-anti-rides-regenerant-clarenia-ab3-30ml\/\"]}]},{\"@type\":\"ImageObject\",\"inLanguage\":\"fr-FR\",\"@id\":\"https:\/\/orthopara.store\/index.php\/produit\/serum-concentre-anti-rides-regenerant-clarenia-ab3-30ml\/#primaryimage\",\"url\":\"https:\/\/orthopara.store\/wp-content\/uploads\/2024\/06\/serum-concentre-anti-rides-regenerant-clarenia-ab3-30ml.jpg\",\"contentUrl\":\"https:\/\/orthopara.store\/wp-content\/uploads\/2024\/06\/serum-concentre-anti-rides-regenerant-clarenia-ab3-30ml.jpg\",\"width\":800,\"height\":800},{\"@type\":\"BreadcrumbList\",\"@id\":\"https:\/\/orthopara.store\/index.php\/produit\/serum-concentre-anti-rides-regenerant-clarenia-ab3-30ml\/#breadcrumb\",\"itemListElement\":[{\"@type\":\"ListItem\",\"position\":1,\"name\":\"Accueil\",\"item\":\"https:\/\/orthopara.store\/\"},{\"@type\":\"ListItem\",\"position\":2,\"name\":\"Shop\",\"item\":\"https:\/\/orthopara.store\/?page_id=622\"},{\"@type\":\"ListItem\",\"position\":3,\"name\":\"S\u00e9rum concentr\u00e9 anti-rides r\u00e9g\u00e9n\u00e9rant &#8211; Clarenia AB3 &#8211; 30ml\"}]},{\"@type\":\"WebSite\",\"@id\":\"https:\/\/orthopara.store\/#website\",\"url\":\"https:\/\/orthopara.store\/\",\"name\":\"OrthoPara\",\"description\":\"Parapharmacie\",\"publisher\":{\"@id\":\"https:\/\/orthopara.store\/#organization\"},\"potentialAction\":[{\"@type\":\"SearchAction\",\"target\":{\"@type\":\"EntryPoint\",\"urlTemplate\":\"https:\/\/orthopara.store\/?s={search_term_string}\"},\"query-input\":\"required name=search_term_string\"}],\"inLanguage\":\"fr-FR\"},{\"@type\":\"Organization\",\"@id\":\"https:\/\/orthopara.store\/#organization\",\"name\":\"OrthoPara\",\"url\":\"https:\/\/orthopara.store\/\",\"logo\":{\"@type\":\"ImageObject\",\"inLanguage\":\"fr-FR\",\"@id\":\"https:\/\/orthopara.store\/#\/schema\/logo\/image\/\",\"url\":\"https:\/\/orthopara.store\/wp-content\/uploads\/2024\/06\/cropped-9ABA8BAD-6256-4719-9315-15C66E64E882.png\",\"contentUrl\":\"https:\/\/orthopara.store\/wp-content\/uploads\/2024\/06\/cropped-9ABA8BAD-6256-4719-9315-15C66E64E882.png\",\"width\":240,\"height\":72,\"caption\":\"OrthoPara\"},\"image\":{\"@id\":\"https:\/\/orthopara.store\/#\/schema\/logo\/image\/\"},\"sameAs\":[\"https:\/\/www.facebook.com\/profile.php?id=61561194315651\",\"https:\/\/www.instagram.com\/orthopara_tunisie\/\"]}]}<\/script>\n<!-- \/ Yoast SEO plugin. -->","yoast_head_json":{"title":"S\u00e9rum concentr\u00e9 anti-rides r\u00e9g\u00e9n\u00e9rant - Clarenia AB3 - 30ml - OrthoPara","robots":{"index":"index","follow":"follow","max-snippet":"max-snippet:-1","max-image-preview":"max-image-preview:large","max-video-preview":"max-video-preview:-1"},"canonical":"https:\/\/orthopara.store\/index.php\/produit\/serum-concentre-anti-rides-regenerant-clarenia-ab3-30ml\/","og_locale":"fr_FR","og_type":"article","og_title":"S\u00e9rum concentr\u00e9 anti-rides r\u00e9g\u00e9n\u00e9rant - Clarenia AB3 - 30ml - OrthoPara","og_description":"Clarenia AB3 S\u00e9rum\u00a0concentr\u00e9 anti-rides r\u00e9g\u00e9n\u00e9rant\u00a0 S\u00e9rum au r\u00e9tinol 0.3% & niacinamide 5%\u00a0 AB3 s\u00e9rum anti-rides r\u00e9g\u00e9n\u00e9rant, qui allie le pouvoir anti-\u00e2ge du r\u00e9tinol \u00e0 la fonction r\u00e9paratrice de la vitamine B3\u00a0 AB3 corrige les signes visibles de l'\u00e2ge les plus prononc\u00e9s (rides, taches pigmentaires, perte de fermet\u00e9...)\u00a0 Indications : rides profondes, tient irr\u00e9gulier, photo-vieillissement\u00a0 Contenance : 30ml\u00a0 DLC : 01\/2025","og_url":"https:\/\/orthopara.store\/index.php\/produit\/serum-concentre-anti-rides-regenerant-clarenia-ab3-30ml\/","og_site_name":"OrthoPara","article_publisher":"https:\/\/www.facebook.com\/profile.php?id=61561194315651","article_modified_time":"2024-06-28T13:49:36+00:00","og_image":[{"width":800,"height":800,"url":"https:\/\/orthopara.store\/wp-content\/uploads\/2024\/06\/serum-concentre-anti-rides-regenerant-clarenia-ab3-30ml.jpg","type":"image\/jpeg"}],"twitter_card":"summary_large_image","twitter_misc":{"Dur\u00e9e de lecture estim\u00e9e":"1 minute"},"schema":{"@context":"https:\/\/schema.org","@graph":[{"@type":"WebPage","@id":"https:\/\/orthopara.store\/index.php\/produit\/serum-concentre-anti-rides-regenerant-clarenia-ab3-30ml\/","url":"https:\/\/orthopara.store\/index.php\/produit\/serum-concentre-anti-rides-regenerant-clarenia-ab3-30ml\/","name":"S\u00e9rum concentr\u00e9 anti-rides r\u00e9g\u00e9n\u00e9rant - Clarenia AB3 - 30ml - OrthoPara","isPartOf":{"@id":"https:\/\/orthopara.store\/#website"},"primaryImageOfPage":{"@id":"https:\/\/orthopara.store\/index.php\/produit\/serum-concentre-anti-rides-regenerant-clarenia-ab3-30ml\/#primaryimage"},"image":{"@id":"https:\/\/orthopara.store\/index.php\/produit\/serum-concentre-anti-rides-regenerant-clarenia-ab3-30ml\/#primaryimage"},"thumbnailUrl":"https:\/\/orthopara.store\/wp-content\/uploads\/2024\/06\/serum-concentre-anti-rides-regenerant-clarenia-ab3-30ml.jpg","datePublished":"2024-06-28T13:49:27+00:00","dateModified":"2024-06-28T13:49:36+00:00","breadcrumb":{"@id":"https:\/\/orthopara.store\/index.php\/produit\/serum-concentre-anti-rides-regenerant-clarenia-ab3-30ml\/#breadcrumb"},"inLanguage":"fr-FR","potentialAction":[{"@type":"ReadAction","target":["https:\/\/orthopara.store\/index.php\/produit\/serum-concentre-anti-rides-regenerant-clarenia-ab3-30ml\/"]}]},{"@type":"ImageObject","inLanguage":"fr-FR","@id":"https:\/\/orthopara.store\/index.php\/produit\/serum-concentre-anti-rides-regenerant-clarenia-ab3-30ml\/#primaryimage","url":"https:\/\/orthopara.store\/wp-content\/uploads\/2024\/06\/serum-concentre-anti-rides-regenerant-clarenia-ab3-30ml.jpg","contentUrl":"https:\/\/orthopara.store\/wp-content\/uploads\/2024\/06\/serum-concentre-anti-rides-regenerant-clarenia-ab3-30ml.jpg","width":800,"height":800},{"@type":"BreadcrumbList","@id":"https:\/\/orthopara.store\/index.php\/produit\/serum-concentre-anti-rides-regenerant-clarenia-ab3-30ml\/#breadcrumb","itemListElement":[{"@type":"ListItem","position":1,"name":"Accueil","item":"https:\/\/orthopara.store\/"},{"@type":"ListItem","position":2,"name":"Shop","item":"https:\/\/orthopara.store\/?page_id=622"},{"@type":"ListItem","position":3,"name":"S\u00e9rum concentr\u00e9 anti-rides r\u00e9g\u00e9n\u00e9rant &#8211; Clarenia AB3 &#8211; 30ml"}]},{"@type":"WebSite","@id":"https:\/\/orthopara.store\/#website","url":"https:\/\/orthopara.store\/","name":"OrthoPara","description":"Parapharmacie","publisher":{"@id":"https:\/\/orthopara.store\/#organization"},"potentialAction":[{"@type":"SearchAction","target":{"@type":"EntryPoint","urlTemplate":"https:\/\/orthopara.store\/?s={search_term_string}"},"query-input":"required name=search_term_string"}],"inLanguage":"fr-FR"},{"@type":"Organization","@id":"https:\/\/orthopara.store\/#organization","name":"OrthoPara","url":"https:\/\/orthopara.store\/","logo":{"@type":"ImageObject","inLanguage":"fr-FR","@id":"https:\/\/orthopara.store\/#\/schema\/logo\/image\/","url":"https:\/\/orthopara.store\/wp-content\/uploads\/2024\/06\/cropped-9ABA8BAD-6256-4719-9315-15C66E64E882.png","contentUrl":"https:\/\/orthopara.store\/wp-content\/uploads\/2024\/06\/cropped-9ABA8BAD-6256-4719-9315-15C66E64E882.png","width":240,"height":72,"caption":"OrthoPara"},"image":{"@id":"https:\/\/orthopara.store\/#\/schema\/logo\/image\/"},"sameAs":["https:\/\/www.facebook.com\/profile.php?id=61561194315651","https:\/\/www.instagram.com\/orthopara_tunisie\/"]}]}},"jetpack_sharing_enabled":true,"brands":[{"id":52,"name":"CLARENIA","slug":"clarenia"}],"_links":{"self":[{"href":"https:\/\/orthopara.store\/index.php?rest_route=\/wp\/v2\/product\/689","targetHints":{"allow":["GET"]}}],"collection":[{"href":"https:\/\/orthopara.store\/index.php?rest_route=\/wp\/v2\/product"}],"about":[{"href":"https:\/\/orthopara.store\/index.php?rest_route=\/wp\/v2\/types\/product"}],"replies":[{"embeddable":true,"href":"https:\/\/orthopara.store\/index.php?rest_route=%2Fwp%2Fv2%2Fcomments&post=689"}],"wp:featuredmedia":[{"embeddable":true,"href":"https:\/\/orthopara.store\/index.php?rest_route=\/wp\/v2\/media\/717"}],"wp:attachment":[{"href":"https:\/\/orthopara.store\/index.php?rest_route=%2Fwp%2Fv2%2Fmedia&parent=689"}],"wp:term":[{"taxonomy":"pwb-brand","embeddable":true,"href":"https:\/\/orthopara.store\/index.php?rest_route=%2Fwp%2Fv2%2Fpwb-brand&post=689"},{"taxonomy":"product_cat","embeddable":true,"href":"https:\/\/orthopara.store\/index.php?rest_route=%2Fwp%2Fv2%2Fproduct_cat&post=689"},{"taxonomy":"product_tag","embeddable":true,"href":"https:\/\/orthopara.store\/index.php?rest_route=%2Fwp%2Fv2%2Fproduct_tag&post=689"}],"curies":[{"name":"wp","href":"https:\/\/api.w.org\/{rel}","templated":true}]}}