{"id":690,"date":"2024-06-28T15:49:27","date_gmt":"2024-06-28T13:49:27","guid":{"rendered":"https:\/\/orthopara.store\/?post_type=product&#038;p=690"},"modified":"2024-06-28T15:49:37","modified_gmt":"2024-06-28T13:49:37","slug":"serum-peeling-exfoliant-clarenia-gb5-30ml","status":"publish","type":"product","link":"https:\/\/orthopara.store\/?product=serum-peeling-exfoliant-clarenia-gb5-30ml","title":{"rendered":"S\u00e9rum peeling exfoliant &#8211; Clarenia GB5 &#8211; 30ml"},"content":{"rendered":"<p>S\u00e9rum peeling exfoliant &#8211; Clarenia GB5 &#8211; 30ml<br \/>\nCe s\u00e9rum \u00e0 l\u2019acide glycolique aide \u00e0 r\u00e9duire les imperfections de la peau en exfoliant les couches sup\u00e9rieures de l\u2019\u00e9piderme pour r\u00e9v\u00e9ler un teint plus lumineux et plus lisse.<br \/>\nEn exfoliant les cellules mortes de la peau, il peut \u00e9galement aider \u00e0 unifier le teint et \u00e0 minimiser les taches brunes. De plus, en stimulant la production de collag\u00e8ne, il peut aider \u00e0 att\u00e9nuer les rides et ridules.<br \/>\nLa vitamine B5 : Connue \u00e9galement sous le nom de pantoth\u00e9nate de calcium, la vitamine B5 hydrate et nourrit la peau pour la maintenir souple Le poivre de Tasmanie : est souvent consid\u00e9r\u00e9 comme un ingr\u00e9dient apaisant pour la peau en raison de ses propri\u00e9t\u00e9s anti-inflammatoires et hydratantes.<br \/>\nIndications :<br \/>\nLe Clarenia GB5 S\u00e9rum Peeling Exfoliant est indiqu\u00e9 pour les personnes qui cherchent \u00e0 am\u00e9liorer l\u2019apparence de leur peau. Il peut \u00eatre particuli\u00e8rement utile pour les personnes qui ont :<br \/>\nDes taches brunes : L\u2019acide glycolique peut aider \u00e0 unifier le teint et \u00e0 r\u00e9duire les taches brunes.<br \/>\nDes rides et des ridules : L\u2019acide glycolique peut stimuler la production de collag\u00e8ne pour att\u00e9nuer les rides et les ridules.<br \/>\nUne peau sujette \u00e0 des imperfections.<br \/>\nConseils d&rsquo;utilisation :<br \/>\nAppliquer 3 \u00e0 4 gouttes de votre s\u00e9rum sur le visage et le cou, laiss\u00e9 agir 10 minutes et rincer, le soir uniquement. Eviter une exposition au soleil. Eviter le contact avec les yeux et les l\u00e8vres.<br \/>\nNe pas utiliser sur une peau sensible, abim\u00e9e ou une peau qui p\u00e8le.<br \/>\nComposition :<br \/>\nFormule INCI: Aqua, Glycolic acid, Panthenol, glycerin, Glucanolactone, Lactic acid, Xanthan gum, Salicylic acid, Phytic acid, Citric acid, Hyaluronic acid, Benzyl alcohol, Dehydroacetic acid, Fragrance<\/p>\n","protected":false},"excerpt":{"rendered":"<p>Clarenia GB5<br \/>\nS\u00e9rum\u00a0peeling exfoliant<br \/>\nS\u00e9rum au vitamine B5 5% &#038; acide glycolique 10%<\/p>\n<p>Exfoliation en profondeur pour att\u00e9nuer l&rsquo;apparence des imperfections et booster l&rsquo;\u00e9clat de la peau\u00a0<\/p>\n<p>Efficace pour une peau uniforme et d&rsquo;apparence plus jeune\u00a0<\/p>\n<p>Indications : taches sombres, d\u00e9colorations visibles, tient int\u00e9gral\u00a0<br \/>\nContenance : 30ml\u00a0<br \/>\nDLC : 01\/2025<\/p>\n","protected":false},"featured_media":718,"comment_status":"open","ping_status":"closed","template":"","meta":[],"pwb-brand":[52],"product_cat":[39],"product_tag":[],"class_list":{"0":"post-690","1":"product","2":"type-product","3":"status-publish","4":"has-post-thumbnail","6":"pwb-brand-clarenia","7":"product_cat-hydratants-toutes-peaux","8":"post","9":"ws-product--style-1","11":"first","12":"instock","13":"shipping-taxable","14":"purchasable","15":"product-type-simple"},"yoast_head":"<!-- This site is optimized with the Yoast SEO plugin v23.0 - https:\/\/yoast.com\/wordpress\/plugins\/seo\/ -->\n<title>S\u00e9rum peeling exfoliant - Clarenia GB5 - 30ml - OrthoPara<\/title>\n<meta name=\"robots\" content=\"index, follow, max-snippet:-1, max-image-preview:large, max-video-preview:-1\" \/>\n<link rel=\"canonical\" href=\"https:\/\/orthopara.store\/index.php\/produit\/serum-peeling-exfoliant-clarenia-gb5-30ml\/\" \/>\n<meta property=\"og:locale\" content=\"fr_FR\" \/>\n<meta property=\"og:type\" content=\"article\" \/>\n<meta property=\"og:title\" content=\"S\u00e9rum peeling exfoliant - Clarenia GB5 - 30ml - OrthoPara\" \/>\n<meta property=\"og:description\" content=\"Clarenia GB5 S\u00e9rum\u00a0peeling exfoliant S\u00e9rum au vitamine B5 5% &amp; acide glycolique 10% Exfoliation en profondeur pour att\u00e9nuer l&#039;apparence des imperfections et booster l&#039;\u00e9clat de la peau\u00a0 Efficace pour une peau uniforme et d&#039;apparence plus jeune\u00a0 Indications : taches sombres, d\u00e9colorations visibles, tient int\u00e9gral\u00a0 Contenance : 30ml\u00a0 DLC : 01\/2025\" \/>\n<meta property=\"og:url\" content=\"https:\/\/orthopara.store\/index.php\/produit\/serum-peeling-exfoliant-clarenia-gb5-30ml\/\" \/>\n<meta property=\"og:site_name\" content=\"OrthoPara\" \/>\n<meta property=\"article:publisher\" content=\"https:\/\/www.facebook.com\/profile.php?id=61561194315651\" \/>\n<meta property=\"article:modified_time\" content=\"2024-06-28T13:49:37+00:00\" \/>\n<meta property=\"og:image\" content=\"https:\/\/orthopara.store\/wp-content\/uploads\/2024\/06\/serum-peeling-exfoliant-clarenia-gb5-30ml.jpg\" \/>\n\t<meta property=\"og:image:width\" content=\"800\" \/>\n\t<meta property=\"og:image:height\" content=\"800\" \/>\n\t<meta property=\"og:image:type\" content=\"image\/jpeg\" \/>\n<meta name=\"twitter:card\" content=\"summary_large_image\" \/>\n<meta name=\"twitter:label1\" content=\"Dur\u00e9e de lecture estim\u00e9e\" \/>\n\t<meta name=\"twitter:data1\" content=\"1 minute\" \/>\n<script type=\"application\/ld+json\" class=\"yoast-schema-graph\">{\"@context\":\"https:\/\/schema.org\",\"@graph\":[{\"@type\":\"WebPage\",\"@id\":\"https:\/\/orthopara.store\/index.php\/produit\/serum-peeling-exfoliant-clarenia-gb5-30ml\/\",\"url\":\"https:\/\/orthopara.store\/index.php\/produit\/serum-peeling-exfoliant-clarenia-gb5-30ml\/\",\"name\":\"S\u00e9rum peeling exfoliant - Clarenia GB5 - 30ml - OrthoPara\",\"isPartOf\":{\"@id\":\"https:\/\/orthopara.store\/#website\"},\"primaryImageOfPage\":{\"@id\":\"https:\/\/orthopara.store\/index.php\/produit\/serum-peeling-exfoliant-clarenia-gb5-30ml\/#primaryimage\"},\"image\":{\"@id\":\"https:\/\/orthopara.store\/index.php\/produit\/serum-peeling-exfoliant-clarenia-gb5-30ml\/#primaryimage\"},\"thumbnailUrl\":\"https:\/\/orthopara.store\/wp-content\/uploads\/2024\/06\/serum-peeling-exfoliant-clarenia-gb5-30ml.jpg\",\"datePublished\":\"2024-06-28T13:49:27+00:00\",\"dateModified\":\"2024-06-28T13:49:37+00:00\",\"breadcrumb\":{\"@id\":\"https:\/\/orthopara.store\/index.php\/produit\/serum-peeling-exfoliant-clarenia-gb5-30ml\/#breadcrumb\"},\"inLanguage\":\"fr-FR\",\"potentialAction\":[{\"@type\":\"ReadAction\",\"target\":[\"https:\/\/orthopara.store\/index.php\/produit\/serum-peeling-exfoliant-clarenia-gb5-30ml\/\"]}]},{\"@type\":\"ImageObject\",\"inLanguage\":\"fr-FR\",\"@id\":\"https:\/\/orthopara.store\/index.php\/produit\/serum-peeling-exfoliant-clarenia-gb5-30ml\/#primaryimage\",\"url\":\"https:\/\/orthopara.store\/wp-content\/uploads\/2024\/06\/serum-peeling-exfoliant-clarenia-gb5-30ml.jpg\",\"contentUrl\":\"https:\/\/orthopara.store\/wp-content\/uploads\/2024\/06\/serum-peeling-exfoliant-clarenia-gb5-30ml.jpg\",\"width\":800,\"height\":800},{\"@type\":\"BreadcrumbList\",\"@id\":\"https:\/\/orthopara.store\/index.php\/produit\/serum-peeling-exfoliant-clarenia-gb5-30ml\/#breadcrumb\",\"itemListElement\":[{\"@type\":\"ListItem\",\"position\":1,\"name\":\"Accueil\",\"item\":\"https:\/\/orthopara.store\/\"},{\"@type\":\"ListItem\",\"position\":2,\"name\":\"Shop\",\"item\":\"https:\/\/orthopara.store\/?page_id=622\"},{\"@type\":\"ListItem\",\"position\":3,\"name\":\"S\u00e9rum peeling exfoliant &#8211; Clarenia GB5 &#8211; 30ml\"}]},{\"@type\":\"WebSite\",\"@id\":\"https:\/\/orthopara.store\/#website\",\"url\":\"https:\/\/orthopara.store\/\",\"name\":\"OrthoPara\",\"description\":\"Parapharmacie\",\"publisher\":{\"@id\":\"https:\/\/orthopara.store\/#organization\"},\"potentialAction\":[{\"@type\":\"SearchAction\",\"target\":{\"@type\":\"EntryPoint\",\"urlTemplate\":\"https:\/\/orthopara.store\/?s={search_term_string}\"},\"query-input\":\"required name=search_term_string\"}],\"inLanguage\":\"fr-FR\"},{\"@type\":\"Organization\",\"@id\":\"https:\/\/orthopara.store\/#organization\",\"name\":\"OrthoPara\",\"url\":\"https:\/\/orthopara.store\/\",\"logo\":{\"@type\":\"ImageObject\",\"inLanguage\":\"fr-FR\",\"@id\":\"https:\/\/orthopara.store\/#\/schema\/logo\/image\/\",\"url\":\"https:\/\/orthopara.store\/wp-content\/uploads\/2024\/06\/cropped-9ABA8BAD-6256-4719-9315-15C66E64E882.png\",\"contentUrl\":\"https:\/\/orthopara.store\/wp-content\/uploads\/2024\/06\/cropped-9ABA8BAD-6256-4719-9315-15C66E64E882.png\",\"width\":240,\"height\":72,\"caption\":\"OrthoPara\"},\"image\":{\"@id\":\"https:\/\/orthopara.store\/#\/schema\/logo\/image\/\"},\"sameAs\":[\"https:\/\/www.facebook.com\/profile.php?id=61561194315651\",\"https:\/\/www.instagram.com\/orthopara_tunisie\/\"]}]}<\/script>\n<!-- \/ Yoast SEO plugin. -->","yoast_head_json":{"title":"S\u00e9rum peeling exfoliant - Clarenia GB5 - 30ml - OrthoPara","robots":{"index":"index","follow":"follow","max-snippet":"max-snippet:-1","max-image-preview":"max-image-preview:large","max-video-preview":"max-video-preview:-1"},"canonical":"https:\/\/orthopara.store\/index.php\/produit\/serum-peeling-exfoliant-clarenia-gb5-30ml\/","og_locale":"fr_FR","og_type":"article","og_title":"S\u00e9rum peeling exfoliant - Clarenia GB5 - 30ml - OrthoPara","og_description":"Clarenia GB5 S\u00e9rum\u00a0peeling exfoliant S\u00e9rum au vitamine B5 5% & acide glycolique 10% Exfoliation en profondeur pour att\u00e9nuer l'apparence des imperfections et booster l'\u00e9clat de la peau\u00a0 Efficace pour une peau uniforme et d'apparence plus jeune\u00a0 Indications : taches sombres, d\u00e9colorations visibles, tient int\u00e9gral\u00a0 Contenance : 30ml\u00a0 DLC : 01\/2025","og_url":"https:\/\/orthopara.store\/index.php\/produit\/serum-peeling-exfoliant-clarenia-gb5-30ml\/","og_site_name":"OrthoPara","article_publisher":"https:\/\/www.facebook.com\/profile.php?id=61561194315651","article_modified_time":"2024-06-28T13:49:37+00:00","og_image":[{"width":800,"height":800,"url":"https:\/\/orthopara.store\/wp-content\/uploads\/2024\/06\/serum-peeling-exfoliant-clarenia-gb5-30ml.jpg","type":"image\/jpeg"}],"twitter_card":"summary_large_image","twitter_misc":{"Dur\u00e9e de lecture estim\u00e9e":"1 minute"},"schema":{"@context":"https:\/\/schema.org","@graph":[{"@type":"WebPage","@id":"https:\/\/orthopara.store\/index.php\/produit\/serum-peeling-exfoliant-clarenia-gb5-30ml\/","url":"https:\/\/orthopara.store\/index.php\/produit\/serum-peeling-exfoliant-clarenia-gb5-30ml\/","name":"S\u00e9rum peeling exfoliant - Clarenia GB5 - 30ml - OrthoPara","isPartOf":{"@id":"https:\/\/orthopara.store\/#website"},"primaryImageOfPage":{"@id":"https:\/\/orthopara.store\/index.php\/produit\/serum-peeling-exfoliant-clarenia-gb5-30ml\/#primaryimage"},"image":{"@id":"https:\/\/orthopara.store\/index.php\/produit\/serum-peeling-exfoliant-clarenia-gb5-30ml\/#primaryimage"},"thumbnailUrl":"https:\/\/orthopara.store\/wp-content\/uploads\/2024\/06\/serum-peeling-exfoliant-clarenia-gb5-30ml.jpg","datePublished":"2024-06-28T13:49:27+00:00","dateModified":"2024-06-28T13:49:37+00:00","breadcrumb":{"@id":"https:\/\/orthopara.store\/index.php\/produit\/serum-peeling-exfoliant-clarenia-gb5-30ml\/#breadcrumb"},"inLanguage":"fr-FR","potentialAction":[{"@type":"ReadAction","target":["https:\/\/orthopara.store\/index.php\/produit\/serum-peeling-exfoliant-clarenia-gb5-30ml\/"]}]},{"@type":"ImageObject","inLanguage":"fr-FR","@id":"https:\/\/orthopara.store\/index.php\/produit\/serum-peeling-exfoliant-clarenia-gb5-30ml\/#primaryimage","url":"https:\/\/orthopara.store\/wp-content\/uploads\/2024\/06\/serum-peeling-exfoliant-clarenia-gb5-30ml.jpg","contentUrl":"https:\/\/orthopara.store\/wp-content\/uploads\/2024\/06\/serum-peeling-exfoliant-clarenia-gb5-30ml.jpg","width":800,"height":800},{"@type":"BreadcrumbList","@id":"https:\/\/orthopara.store\/index.php\/produit\/serum-peeling-exfoliant-clarenia-gb5-30ml\/#breadcrumb","itemListElement":[{"@type":"ListItem","position":1,"name":"Accueil","item":"https:\/\/orthopara.store\/"},{"@type":"ListItem","position":2,"name":"Shop","item":"https:\/\/orthopara.store\/?page_id=622"},{"@type":"ListItem","position":3,"name":"S\u00e9rum peeling exfoliant &#8211; Clarenia GB5 &#8211; 30ml"}]},{"@type":"WebSite","@id":"https:\/\/orthopara.store\/#website","url":"https:\/\/orthopara.store\/","name":"OrthoPara","description":"Parapharmacie","publisher":{"@id":"https:\/\/orthopara.store\/#organization"},"potentialAction":[{"@type":"SearchAction","target":{"@type":"EntryPoint","urlTemplate":"https:\/\/orthopara.store\/?s={search_term_string}"},"query-input":"required name=search_term_string"}],"inLanguage":"fr-FR"},{"@type":"Organization","@id":"https:\/\/orthopara.store\/#organization","name":"OrthoPara","url":"https:\/\/orthopara.store\/","logo":{"@type":"ImageObject","inLanguage":"fr-FR","@id":"https:\/\/orthopara.store\/#\/schema\/logo\/image\/","url":"https:\/\/orthopara.store\/wp-content\/uploads\/2024\/06\/cropped-9ABA8BAD-6256-4719-9315-15C66E64E882.png","contentUrl":"https:\/\/orthopara.store\/wp-content\/uploads\/2024\/06\/cropped-9ABA8BAD-6256-4719-9315-15C66E64E882.png","width":240,"height":72,"caption":"OrthoPara"},"image":{"@id":"https:\/\/orthopara.store\/#\/schema\/logo\/image\/"},"sameAs":["https:\/\/www.facebook.com\/profile.php?id=61561194315651","https:\/\/www.instagram.com\/orthopara_tunisie\/"]}]}},"jetpack_sharing_enabled":true,"brands":[{"id":52,"name":"CLARENIA","slug":"clarenia"}],"_links":{"self":[{"href":"https:\/\/orthopara.store\/index.php?rest_route=\/wp\/v2\/product\/690","targetHints":{"allow":["GET"]}}],"collection":[{"href":"https:\/\/orthopara.store\/index.php?rest_route=\/wp\/v2\/product"}],"about":[{"href":"https:\/\/orthopara.store\/index.php?rest_route=\/wp\/v2\/types\/product"}],"replies":[{"embeddable":true,"href":"https:\/\/orthopara.store\/index.php?rest_route=%2Fwp%2Fv2%2Fcomments&post=690"}],"wp:featuredmedia":[{"embeddable":true,"href":"https:\/\/orthopara.store\/index.php?rest_route=\/wp\/v2\/media\/718"}],"wp:attachment":[{"href":"https:\/\/orthopara.store\/index.php?rest_route=%2Fwp%2Fv2%2Fmedia&parent=690"}],"wp:term":[{"taxonomy":"pwb-brand","embeddable":true,"href":"https:\/\/orthopara.store\/index.php?rest_route=%2Fwp%2Fv2%2Fpwb-brand&post=690"},{"taxonomy":"product_cat","embeddable":true,"href":"https:\/\/orthopara.store\/index.php?rest_route=%2Fwp%2Fv2%2Fproduct_cat&post=690"},{"taxonomy":"product_tag","embeddable":true,"href":"https:\/\/orthopara.store\/index.php?rest_route=%2Fwp%2Fv2%2Fproduct_tag&post=690"}],"curies":[{"name":"wp","href":"https:\/\/api.w.org\/{rel}","templated":true}]}}