{"id":691,"date":"2024-06-28T15:49:27","date_gmt":"2024-06-28T13:49:27","guid":{"rendered":"https:\/\/orthopara.store\/?post_type=product&#038;p=691"},"modified":"2024-06-28T15:49:37","modified_gmt":"2024-06-28T13:49:37","slug":"serum-hydra-repulpant-intense-clarenia-hb5-30ml","status":"publish","type":"product","link":"https:\/\/orthopara.store\/?product=serum-hydra-repulpant-intense-clarenia-hb5-30ml","title":{"rendered":"S\u00e9rum hydra-repulpant intense &#8211; Clarenia HB5 &#8211; 30ml"},"content":{"rendered":"<p>S\u00e9rum hydra-repulpant intense &#8211; Clarenia HB5 &#8211; 30ml<br \/>\nClarenia HB5 s\u00e9rum Intense Hydra est un s\u00e9rum de soin de la peau qui contient de l&rsquo;acide hyaluronique et de la vitamine B5. Il comprend \u00e9galement trois types diff\u00e9rents d&rsquo;acide hyaluronique ayant des poids mol\u00e9culaires diff\u00e9rents, y compris le Hyaluronate Crosspolymer, le Sodium Hyaluronate et l&rsquo;Acide Hyaluronique Hydrolys\u00e9. L&rsquo;utilisation de diff\u00e9rents poids mol\u00e9culaires d&rsquo;acide hyaluronique permet de cibler diff\u00e9rentes couches de la peau pour une hydratation compl\u00e8te.<br \/>\nHyaluronate Crosspolymer : acide hyaluronqie \u00e0 haut poids mol\u00e9culaire forme un film dense protecteur \u00e0 la surface de la peau. Il aide \u00e0 r\u00e9duire la perte d&rsquo;eau de l&rsquo;int\u00e9rieur tout en procurant une hydratation.<br \/>\nSodium Hyaluronate : P\u00e9n\u00e8tre dans l&rsquo;\u00e9piderme gr\u00e2ce sa taille qui lui permet de p\u00e9n\u00e9trer plus en profondeur. L\u2019acide hyaluronique \u00e0 moyen poids mol\u00e9culaire agit dans les couches de l\u2019\u00e9piderme o\u00f9 elle retient l&rsquo;eau pour une meilleure hydratation et un effet repulpent en surface.<br \/>\nHydrolyzed Hyaluronic Acid : c\u2019est un AH a bas poids mol\u00e9culaire, Gr\u00e2ces a sa tr\u00e8s petite taille qui lui permet de p\u00e9n\u00e9trer en profondeur dans la peau. Il agit directement dans les couches du derme, relance la production de collag\u00e8ne et pr\u00e9vient du rel\u00e2chement cutan\u00e9.<\/p>\n<p>A l\u2019acide hyaluronique Clarenia a associ\u00e9 de la vitamine B5 : La vitamine B5, \u00e9galement appel\u00e9e pantoth\u00e9nate de calcium, est un nutriment important pour la peau et la sant\u00e9 en g\u00e9n\u00e9ral. Pour la peau, la vitamine B5 peut aider \u00e0 apaiser et \u00e0 hydrater la peau, ce qui peut r\u00e9duire l&#39;apparence des rougeurs et des irritations. Elle peut \u00e9galement am\u00e9liorer la capacit\u00e9 de la peau \u00e0 retenir l&#39;eau, ce qui peut contribuer \u00e0 une apparence plus jeune et plus lumineuse.<\/p>\n<p>Conseils d&rsquo;utilisation :<br \/>\nAppliquer matin et\/ou le soir avec la paume de la main sur l&rsquo;ensemble du visage, cou et d\u00e9collet\u00e9. Tous types de peaux<br \/>\nIndications :<br \/>\nLe Clarenia HB5 s\u00e9rum Intense Hydra est destin\u00e9 \u00e0 tout type de peau qui souhaite am\u00e9liorer son hydratation et sa texture. Il peut \u00eatre particuli\u00e8rement utile pour les personnes ayant une peau s\u00e8che, d\u00e9shydrat\u00e9e ou rid\u00e9e, qui cherchent \u00e0 am\u00e9liorer l&rsquo;apparence de ces probl\u00e8mes cutan\u00e9s. Ce s\u00e9rum peut \u00e9galement \u00eatre utilis\u00e9 comme traitement de soins de la peau pour aider \u00e0 apaiser et hydrater la peau en g\u00e9n\u00e9ral, contribuant ainsi \u00e0 une apparence plus lumineuse et plus jeune.<br \/>\nComposition :<br \/>\nFormule INCI: Aqua\/Water, Glycerin, Panthenol, Tasmannia Lanceolata Fruit\/Leaf Extract, Sodium Hyaluronate, Phytic acid, Hydrolyzed Hyaluronic Acid, Caprylyl Glycol, l Citric Acid, Xanthan Gum, hyaluronate crosspolymer, Benzyl alcohol, Dehydroacetic acid, Fragrance.<\/p>\n","protected":false},"excerpt":{"rendered":"<p>Clarenia HB5<br \/>\nS\u00e9rum hydra-repulpant intense\u00a0<br \/>\nS\u00e9rum au vitamine B5 5% &#038; acide hyaluronique 2%\u00a0<br \/>\nune formule hydratante offrant une hydratation multicouche en surface et en profondeur. Ce s\u00e9rum \u00e0 base de 3 types d&rsquo;acides hyaluronique est sourenu par la pr\u00e9sence de la vitamine B5 qui renforce l&rsquo;hydratation de la surface de la peau.\u00a0\u00a0<\/p>\n<p>Contenance : 30ml\u00a0<br \/>\nDLC : 01\/2025<\/p>\n","protected":false},"featured_media":719,"comment_status":"open","ping_status":"closed","template":"","meta":[],"pwb-brand":[52],"product_cat":[39],"product_tag":[],"class_list":{"0":"post-691","1":"product","2":"type-product","3":"status-publish","4":"has-post-thumbnail","6":"pwb-brand-clarenia","7":"product_cat-hydratants-toutes-peaux","8":"post","9":"ws-product--style-1","11":"first","12":"instock","13":"shipping-taxable","14":"purchasable","15":"product-type-simple"},"yoast_head":"<!-- This site is optimized with the Yoast SEO plugin v23.0 - https:\/\/yoast.com\/wordpress\/plugins\/seo\/ -->\n<title>S\u00e9rum hydra-repulpant intense - Clarenia HB5 - 30ml - OrthoPara<\/title>\n<meta name=\"robots\" content=\"index, follow, max-snippet:-1, max-image-preview:large, max-video-preview:-1\" \/>\n<link rel=\"canonical\" href=\"https:\/\/orthopara.store\/index.php\/produit\/serum-hydra-repulpant-intense-clarenia-hb5-30ml\/\" \/>\n<meta property=\"og:locale\" content=\"fr_FR\" \/>\n<meta property=\"og:type\" content=\"article\" \/>\n<meta property=\"og:title\" content=\"S\u00e9rum hydra-repulpant intense - Clarenia HB5 - 30ml - OrthoPara\" \/>\n<meta property=\"og:description\" content=\"Clarenia HB5 S\u00e9rum hydra-repulpant intense\u00a0 S\u00e9rum au vitamine B5 5% &amp; acide hyaluronique 2%\u00a0 une formule hydratante offrant une hydratation multicouche en surface et en profondeur. Ce s\u00e9rum \u00e0 base de 3 types d&#039;acides hyaluronique est sourenu par la pr\u00e9sence de la vitamine B5 qui renforce l&#039;hydratation de la surface de la peau.\u00a0\u00a0 Contenance : 30ml\u00a0 DLC : 01\/2025\" \/>\n<meta property=\"og:url\" content=\"https:\/\/orthopara.store\/index.php\/produit\/serum-hydra-repulpant-intense-clarenia-hb5-30ml\/\" \/>\n<meta property=\"og:site_name\" content=\"OrthoPara\" \/>\n<meta property=\"article:publisher\" content=\"https:\/\/www.facebook.com\/profile.php?id=61561194315651\" \/>\n<meta property=\"article:modified_time\" content=\"2024-06-28T13:49:37+00:00\" \/>\n<meta property=\"og:image\" content=\"https:\/\/orthopara.store\/wp-content\/uploads\/2024\/06\/serum-hydra-repulpant-intense-clarenia-hb5-30ml.jpg\" \/>\n\t<meta property=\"og:image:width\" content=\"800\" \/>\n\t<meta property=\"og:image:height\" content=\"800\" \/>\n\t<meta property=\"og:image:type\" content=\"image\/jpeg\" \/>\n<meta name=\"twitter:card\" content=\"summary_large_image\" \/>\n<meta name=\"twitter:label1\" content=\"Dur\u00e9e de lecture estim\u00e9e\" \/>\n\t<meta name=\"twitter:data1\" content=\"2 minutes\" \/>\n<script type=\"application\/ld+json\" class=\"yoast-schema-graph\">{\"@context\":\"https:\/\/schema.org\",\"@graph\":[{\"@type\":\"WebPage\",\"@id\":\"https:\/\/orthopara.store\/index.php\/produit\/serum-hydra-repulpant-intense-clarenia-hb5-30ml\/\",\"url\":\"https:\/\/orthopara.store\/index.php\/produit\/serum-hydra-repulpant-intense-clarenia-hb5-30ml\/\",\"name\":\"S\u00e9rum hydra-repulpant intense - Clarenia HB5 - 30ml - OrthoPara\",\"isPartOf\":{\"@id\":\"https:\/\/orthopara.store\/#website\"},\"primaryImageOfPage\":{\"@id\":\"https:\/\/orthopara.store\/index.php\/produit\/serum-hydra-repulpant-intense-clarenia-hb5-30ml\/#primaryimage\"},\"image\":{\"@id\":\"https:\/\/orthopara.store\/index.php\/produit\/serum-hydra-repulpant-intense-clarenia-hb5-30ml\/#primaryimage\"},\"thumbnailUrl\":\"https:\/\/orthopara.store\/wp-content\/uploads\/2024\/06\/serum-hydra-repulpant-intense-clarenia-hb5-30ml.jpg\",\"datePublished\":\"2024-06-28T13:49:27+00:00\",\"dateModified\":\"2024-06-28T13:49:37+00:00\",\"breadcrumb\":{\"@id\":\"https:\/\/orthopara.store\/index.php\/produit\/serum-hydra-repulpant-intense-clarenia-hb5-30ml\/#breadcrumb\"},\"inLanguage\":\"fr-FR\",\"potentialAction\":[{\"@type\":\"ReadAction\",\"target\":[\"https:\/\/orthopara.store\/index.php\/produit\/serum-hydra-repulpant-intense-clarenia-hb5-30ml\/\"]}]},{\"@type\":\"ImageObject\",\"inLanguage\":\"fr-FR\",\"@id\":\"https:\/\/orthopara.store\/index.php\/produit\/serum-hydra-repulpant-intense-clarenia-hb5-30ml\/#primaryimage\",\"url\":\"https:\/\/orthopara.store\/wp-content\/uploads\/2024\/06\/serum-hydra-repulpant-intense-clarenia-hb5-30ml.jpg\",\"contentUrl\":\"https:\/\/orthopara.store\/wp-content\/uploads\/2024\/06\/serum-hydra-repulpant-intense-clarenia-hb5-30ml.jpg\",\"width\":800,\"height\":800},{\"@type\":\"BreadcrumbList\",\"@id\":\"https:\/\/orthopara.store\/index.php\/produit\/serum-hydra-repulpant-intense-clarenia-hb5-30ml\/#breadcrumb\",\"itemListElement\":[{\"@type\":\"ListItem\",\"position\":1,\"name\":\"Accueil\",\"item\":\"https:\/\/orthopara.store\/\"},{\"@type\":\"ListItem\",\"position\":2,\"name\":\"Shop\",\"item\":\"https:\/\/orthopara.store\/?page_id=622\"},{\"@type\":\"ListItem\",\"position\":3,\"name\":\"S\u00e9rum hydra-repulpant intense &#8211; Clarenia HB5 &#8211; 30ml\"}]},{\"@type\":\"WebSite\",\"@id\":\"https:\/\/orthopara.store\/#website\",\"url\":\"https:\/\/orthopara.store\/\",\"name\":\"OrthoPara\",\"description\":\"Parapharmacie\",\"publisher\":{\"@id\":\"https:\/\/orthopara.store\/#organization\"},\"potentialAction\":[{\"@type\":\"SearchAction\",\"target\":{\"@type\":\"EntryPoint\",\"urlTemplate\":\"https:\/\/orthopara.store\/?s={search_term_string}\"},\"query-input\":\"required name=search_term_string\"}],\"inLanguage\":\"fr-FR\"},{\"@type\":\"Organization\",\"@id\":\"https:\/\/orthopara.store\/#organization\",\"name\":\"OrthoPara\",\"url\":\"https:\/\/orthopara.store\/\",\"logo\":{\"@type\":\"ImageObject\",\"inLanguage\":\"fr-FR\",\"@id\":\"https:\/\/orthopara.store\/#\/schema\/logo\/image\/\",\"url\":\"https:\/\/orthopara.store\/wp-content\/uploads\/2024\/06\/cropped-9ABA8BAD-6256-4719-9315-15C66E64E882.png\",\"contentUrl\":\"https:\/\/orthopara.store\/wp-content\/uploads\/2024\/06\/cropped-9ABA8BAD-6256-4719-9315-15C66E64E882.png\",\"width\":240,\"height\":72,\"caption\":\"OrthoPara\"},\"image\":{\"@id\":\"https:\/\/orthopara.store\/#\/schema\/logo\/image\/\"},\"sameAs\":[\"https:\/\/www.facebook.com\/profile.php?id=61561194315651\",\"https:\/\/www.instagram.com\/orthopara_tunisie\/\"]}]}<\/script>\n<!-- \/ Yoast SEO plugin. -->","yoast_head_json":{"title":"S\u00e9rum hydra-repulpant intense - Clarenia HB5 - 30ml - OrthoPara","robots":{"index":"index","follow":"follow","max-snippet":"max-snippet:-1","max-image-preview":"max-image-preview:large","max-video-preview":"max-video-preview:-1"},"canonical":"https:\/\/orthopara.store\/index.php\/produit\/serum-hydra-repulpant-intense-clarenia-hb5-30ml\/","og_locale":"fr_FR","og_type":"article","og_title":"S\u00e9rum hydra-repulpant intense - Clarenia HB5 - 30ml - OrthoPara","og_description":"Clarenia HB5 S\u00e9rum hydra-repulpant intense\u00a0 S\u00e9rum au vitamine B5 5% & acide hyaluronique 2%\u00a0 une formule hydratante offrant une hydratation multicouche en surface et en profondeur. Ce s\u00e9rum \u00e0 base de 3 types d'acides hyaluronique est sourenu par la pr\u00e9sence de la vitamine B5 qui renforce l'hydratation de la surface de la peau.\u00a0\u00a0 Contenance : 30ml\u00a0 DLC : 01\/2025","og_url":"https:\/\/orthopara.store\/index.php\/produit\/serum-hydra-repulpant-intense-clarenia-hb5-30ml\/","og_site_name":"OrthoPara","article_publisher":"https:\/\/www.facebook.com\/profile.php?id=61561194315651","article_modified_time":"2024-06-28T13:49:37+00:00","og_image":[{"width":800,"height":800,"url":"https:\/\/orthopara.store\/wp-content\/uploads\/2024\/06\/serum-hydra-repulpant-intense-clarenia-hb5-30ml.jpg","type":"image\/jpeg"}],"twitter_card":"summary_large_image","twitter_misc":{"Dur\u00e9e de lecture estim\u00e9e":"2 minutes"},"schema":{"@context":"https:\/\/schema.org","@graph":[{"@type":"WebPage","@id":"https:\/\/orthopara.store\/index.php\/produit\/serum-hydra-repulpant-intense-clarenia-hb5-30ml\/","url":"https:\/\/orthopara.store\/index.php\/produit\/serum-hydra-repulpant-intense-clarenia-hb5-30ml\/","name":"S\u00e9rum hydra-repulpant intense - Clarenia HB5 - 30ml - OrthoPara","isPartOf":{"@id":"https:\/\/orthopara.store\/#website"},"primaryImageOfPage":{"@id":"https:\/\/orthopara.store\/index.php\/produit\/serum-hydra-repulpant-intense-clarenia-hb5-30ml\/#primaryimage"},"image":{"@id":"https:\/\/orthopara.store\/index.php\/produit\/serum-hydra-repulpant-intense-clarenia-hb5-30ml\/#primaryimage"},"thumbnailUrl":"https:\/\/orthopara.store\/wp-content\/uploads\/2024\/06\/serum-hydra-repulpant-intense-clarenia-hb5-30ml.jpg","datePublished":"2024-06-28T13:49:27+00:00","dateModified":"2024-06-28T13:49:37+00:00","breadcrumb":{"@id":"https:\/\/orthopara.store\/index.php\/produit\/serum-hydra-repulpant-intense-clarenia-hb5-30ml\/#breadcrumb"},"inLanguage":"fr-FR","potentialAction":[{"@type":"ReadAction","target":["https:\/\/orthopara.store\/index.php\/produit\/serum-hydra-repulpant-intense-clarenia-hb5-30ml\/"]}]},{"@type":"ImageObject","inLanguage":"fr-FR","@id":"https:\/\/orthopara.store\/index.php\/produit\/serum-hydra-repulpant-intense-clarenia-hb5-30ml\/#primaryimage","url":"https:\/\/orthopara.store\/wp-content\/uploads\/2024\/06\/serum-hydra-repulpant-intense-clarenia-hb5-30ml.jpg","contentUrl":"https:\/\/orthopara.store\/wp-content\/uploads\/2024\/06\/serum-hydra-repulpant-intense-clarenia-hb5-30ml.jpg","width":800,"height":800},{"@type":"BreadcrumbList","@id":"https:\/\/orthopara.store\/index.php\/produit\/serum-hydra-repulpant-intense-clarenia-hb5-30ml\/#breadcrumb","itemListElement":[{"@type":"ListItem","position":1,"name":"Accueil","item":"https:\/\/orthopara.store\/"},{"@type":"ListItem","position":2,"name":"Shop","item":"https:\/\/orthopara.store\/?page_id=622"},{"@type":"ListItem","position":3,"name":"S\u00e9rum hydra-repulpant intense &#8211; Clarenia HB5 &#8211; 30ml"}]},{"@type":"WebSite","@id":"https:\/\/orthopara.store\/#website","url":"https:\/\/orthopara.store\/","name":"OrthoPara","description":"Parapharmacie","publisher":{"@id":"https:\/\/orthopara.store\/#organization"},"potentialAction":[{"@type":"SearchAction","target":{"@type":"EntryPoint","urlTemplate":"https:\/\/orthopara.store\/?s={search_term_string}"},"query-input":"required name=search_term_string"}],"inLanguage":"fr-FR"},{"@type":"Organization","@id":"https:\/\/orthopara.store\/#organization","name":"OrthoPara","url":"https:\/\/orthopara.store\/","logo":{"@type":"ImageObject","inLanguage":"fr-FR","@id":"https:\/\/orthopara.store\/#\/schema\/logo\/image\/","url":"https:\/\/orthopara.store\/wp-content\/uploads\/2024\/06\/cropped-9ABA8BAD-6256-4719-9315-15C66E64E882.png","contentUrl":"https:\/\/orthopara.store\/wp-content\/uploads\/2024\/06\/cropped-9ABA8BAD-6256-4719-9315-15C66E64E882.png","width":240,"height":72,"caption":"OrthoPara"},"image":{"@id":"https:\/\/orthopara.store\/#\/schema\/logo\/image\/"},"sameAs":["https:\/\/www.facebook.com\/profile.php?id=61561194315651","https:\/\/www.instagram.com\/orthopara_tunisie\/"]}]}},"jetpack_sharing_enabled":true,"brands":[{"id":52,"name":"CLARENIA","slug":"clarenia"}],"_links":{"self":[{"href":"https:\/\/orthopara.store\/index.php?rest_route=\/wp\/v2\/product\/691","targetHints":{"allow":["GET"]}}],"collection":[{"href":"https:\/\/orthopara.store\/index.php?rest_route=\/wp\/v2\/product"}],"about":[{"href":"https:\/\/orthopara.store\/index.php?rest_route=\/wp\/v2\/types\/product"}],"replies":[{"embeddable":true,"href":"https:\/\/orthopara.store\/index.php?rest_route=%2Fwp%2Fv2%2Fcomments&post=691"}],"wp:featuredmedia":[{"embeddable":true,"href":"https:\/\/orthopara.store\/index.php?rest_route=\/wp\/v2\/media\/719"}],"wp:attachment":[{"href":"https:\/\/orthopara.store\/index.php?rest_route=%2Fwp%2Fv2%2Fmedia&parent=691"}],"wp:term":[{"taxonomy":"pwb-brand","embeddable":true,"href":"https:\/\/orthopara.store\/index.php?rest_route=%2Fwp%2Fv2%2Fpwb-brand&post=691"},{"taxonomy":"product_cat","embeddable":true,"href":"https:\/\/orthopara.store\/index.php?rest_route=%2Fwp%2Fv2%2Fproduct_cat&post=691"},{"taxonomy":"product_tag","embeddable":true,"href":"https:\/\/orthopara.store\/index.php?rest_route=%2Fwp%2Fv2%2Fproduct_tag&post=691"}],"curies":[{"name":"wp","href":"https:\/\/api.w.org\/{rel}","templated":true}]}}