{"id":693,"date":"2024-06-28T15:49:27","date_gmt":"2024-06-28T13:49:27","guid":{"rendered":"https:\/\/orthopara.store\/?post_type=product&#038;p=693"},"modified":"2024-06-28T15:49:38","modified_gmt":"2024-06-28T13:49:38","slug":"lotion-tonique-pour-peau-seche-roncey-hydraskin-250ml","status":"publish","type":"product","link":"https:\/\/orthopara.store\/?product=lotion-tonique-pour-peau-seche-roncey-hydraskin-250ml","title":{"rendered":"Lotion tonique pour peau s\u00e8che &#8211; Roncey HydraSkin &#8211; 250ml"},"content":{"rendered":"<p>Lotion tonique pour peau s\u00e8che &#8211; Roncey HydraSkin &#8211; 250ml<br \/>\nLa lotion tonique Hydraskin est sp\u00e9cialement con\u00e7ue pour hydrater et tonifier les peaux s\u00e8ches et sensibles. Cette lotion cr\u00e9e un film protecteur sur l\u2019\u00e9piderme du visage pour l&rsquo;aider \u00e0 mieux r\u00e9sister aux agressions du quotidien. Elle enveloppe le visage d\u2019un voile hydratant. Elle rafra\u00eechit la peau tout en renfor\u00e7ant l\u2019hydratation et en soulageant les teints d\u00e9shydrat\u00e9s et tendus. La lotion tonique Hydraskin contient des agents repulpants, notamment de l\u2019acide hyaluronique, Biosaccharide gum-1 et de la glyc\u00e9rine, elle apporte un confort et laisse la peau hydrat\u00e9e et plus douce.<br \/>\nIndications :<br \/>\nCette lotion tonique Hydraskin est sp\u00e9cialement con\u00e7ue pour une peau s\u00e8che et sensible.<br \/>\nPropri\u00e9t\u00e9s :<br \/>\nSans Parab\u00e8ne<br \/>\nNon Com\u00e9dog\u00e8ne<br \/>\nSans sulfate<br \/>\nHypoallerg\u00e9nique<br \/>\nUtilisation :<br \/>\nUtiliser 2 fois par jour (matin &#038; soir).<br \/>\nAppliquer sur une peau s\u00e8che apr\u00e8s l&rsquo;avoir nettoy\u00e9e avec le gel nettoyant pour le visage Hydraskin.<br \/>\nAppliquez sur un coton et essuyez doucement sur le visage.<br \/>\nSuivez imm\u00e9diatement avec le s\u00e9rum Hydraskin, la cr\u00e8me de jour ou de nuit pour une absorption ultime du produit.<br \/>\nIngr\u00e9dients :<br \/>\nAqua, Glycerin, Niacinnamide, Polysorbate 20, Panthenol, Biosaccharide gum-1, Hyaluronic Acid, Sodium Benzoate, Potassium Sorbate, Fragrance.<\/p>\n","protected":false},"excerpt":{"rendered":"<p>Roncey HydraSkin<br \/>\nLa lotion tonique Hydraskin est sp\u00e9cialement con\u00e7ue pour hydrater et tonifier les peaux s\u00e8ches et sensibles. Cette lotion cr\u00e9e un film protecteur sur l&rsquo;\u00e9piderme du visage pour l&rsquo;aider \u00e0 mieux r\u00e9sister aux agressions du quotidien. Elle enveloppe le visage d&rsquo;un voile hydratant.<br \/>\nContenance: 250ml\u00a0<\/p>\n","protected":false},"featured_media":721,"comment_status":"open","ping_status":"closed","template":"","meta":[],"pwb-brand":[53],"product_cat":[40],"product_tag":[],"class_list":{"0":"post-693","1":"product","2":"type-product","3":"status-publish","4":"has-post-thumbnail","6":"pwb-brand-roncey-pharma","7":"product_cat-hydratants-peaux-normales-a-mixtes","8":"post","9":"ws-product--style-1","11":"first","12":"instock","13":"shipping-taxable","14":"purchasable","15":"product-type-simple"},"yoast_head":"<!-- This site is optimized with the Yoast SEO plugin v23.0 - https:\/\/yoast.com\/wordpress\/plugins\/seo\/ -->\n<title>Lotion tonique pour peau s\u00e8che - Roncey HydraSkin - 250ml - OrthoPara<\/title>\n<meta name=\"robots\" content=\"index, follow, max-snippet:-1, max-image-preview:large, max-video-preview:-1\" \/>\n<link rel=\"canonical\" href=\"https:\/\/orthopara.store\/index.php\/produit\/lotion-tonique-pour-peau-seche-roncey-hydraskin-250ml\/\" \/>\n<meta property=\"og:locale\" content=\"fr_FR\" \/>\n<meta property=\"og:type\" content=\"article\" \/>\n<meta property=\"og:title\" content=\"Lotion tonique pour peau s\u00e8che - Roncey HydraSkin - 250ml - OrthoPara\" \/>\n<meta property=\"og:description\" content=\"Roncey HydraSkin La lotion tonique Hydraskin est sp\u00e9cialement con\u00e7ue pour hydrater et tonifier les peaux s\u00e8ches et sensibles. Cette lotion cr\u00e9e un film protecteur sur l&#039;\u00e9piderme du visage pour l&#039;aider \u00e0 mieux r\u00e9sister aux agressions du quotidien. Elle enveloppe le visage d&#039;un voile hydratant. Contenance: 250ml\u00a0\" \/>\n<meta property=\"og:url\" content=\"https:\/\/orthopara.store\/index.php\/produit\/lotion-tonique-pour-peau-seche-roncey-hydraskin-250ml\/\" \/>\n<meta property=\"og:site_name\" content=\"OrthoPara\" \/>\n<meta property=\"article:publisher\" content=\"https:\/\/www.facebook.com\/profile.php?id=61561194315651\" \/>\n<meta property=\"article:modified_time\" content=\"2024-06-28T13:49:38+00:00\" \/>\n<meta property=\"og:image\" content=\"https:\/\/orthopara.store\/wp-content\/uploads\/2024\/06\/lotion-tonique-pour-peau-seche-roncey-hydraskin-250ml.jpg\" \/>\n\t<meta property=\"og:image:width\" content=\"800\" \/>\n\t<meta property=\"og:image:height\" content=\"800\" \/>\n\t<meta property=\"og:image:type\" content=\"image\/jpeg\" \/>\n<meta name=\"twitter:card\" content=\"summary_large_image\" \/>\n<meta name=\"twitter:label1\" content=\"Dur\u00e9e de lecture estim\u00e9e\" \/>\n\t<meta name=\"twitter:data1\" content=\"1 minute\" \/>\n<script type=\"application\/ld+json\" class=\"yoast-schema-graph\">{\"@context\":\"https:\/\/schema.org\",\"@graph\":[{\"@type\":\"WebPage\",\"@id\":\"https:\/\/orthopara.store\/index.php\/produit\/lotion-tonique-pour-peau-seche-roncey-hydraskin-250ml\/\",\"url\":\"https:\/\/orthopara.store\/index.php\/produit\/lotion-tonique-pour-peau-seche-roncey-hydraskin-250ml\/\",\"name\":\"Lotion tonique pour peau s\u00e8che - Roncey HydraSkin - 250ml - OrthoPara\",\"isPartOf\":{\"@id\":\"https:\/\/orthopara.store\/#website\"},\"primaryImageOfPage\":{\"@id\":\"https:\/\/orthopara.store\/index.php\/produit\/lotion-tonique-pour-peau-seche-roncey-hydraskin-250ml\/#primaryimage\"},\"image\":{\"@id\":\"https:\/\/orthopara.store\/index.php\/produit\/lotion-tonique-pour-peau-seche-roncey-hydraskin-250ml\/#primaryimage\"},\"thumbnailUrl\":\"https:\/\/orthopara.store\/wp-content\/uploads\/2024\/06\/lotion-tonique-pour-peau-seche-roncey-hydraskin-250ml.jpg\",\"datePublished\":\"2024-06-28T13:49:27+00:00\",\"dateModified\":\"2024-06-28T13:49:38+00:00\",\"breadcrumb\":{\"@id\":\"https:\/\/orthopara.store\/index.php\/produit\/lotion-tonique-pour-peau-seche-roncey-hydraskin-250ml\/#breadcrumb\"},\"inLanguage\":\"fr-FR\",\"potentialAction\":[{\"@type\":\"ReadAction\",\"target\":[\"https:\/\/orthopara.store\/index.php\/produit\/lotion-tonique-pour-peau-seche-roncey-hydraskin-250ml\/\"]}]},{\"@type\":\"ImageObject\",\"inLanguage\":\"fr-FR\",\"@id\":\"https:\/\/orthopara.store\/index.php\/produit\/lotion-tonique-pour-peau-seche-roncey-hydraskin-250ml\/#primaryimage\",\"url\":\"https:\/\/orthopara.store\/wp-content\/uploads\/2024\/06\/lotion-tonique-pour-peau-seche-roncey-hydraskin-250ml.jpg\",\"contentUrl\":\"https:\/\/orthopara.store\/wp-content\/uploads\/2024\/06\/lotion-tonique-pour-peau-seche-roncey-hydraskin-250ml.jpg\",\"width\":800,\"height\":800},{\"@type\":\"BreadcrumbList\",\"@id\":\"https:\/\/orthopara.store\/index.php\/produit\/lotion-tonique-pour-peau-seche-roncey-hydraskin-250ml\/#breadcrumb\",\"itemListElement\":[{\"@type\":\"ListItem\",\"position\":1,\"name\":\"Accueil\",\"item\":\"https:\/\/orthopara.store\/\"},{\"@type\":\"ListItem\",\"position\":2,\"name\":\"Shop\",\"item\":\"https:\/\/orthopara.store\/?page_id=622\"},{\"@type\":\"ListItem\",\"position\":3,\"name\":\"Lotion tonique pour peau s\u00e8che &#8211; Roncey HydraSkin &#8211; 250ml\"}]},{\"@type\":\"WebSite\",\"@id\":\"https:\/\/orthopara.store\/#website\",\"url\":\"https:\/\/orthopara.store\/\",\"name\":\"OrthoPara\",\"description\":\"Parapharmacie\",\"publisher\":{\"@id\":\"https:\/\/orthopara.store\/#organization\"},\"potentialAction\":[{\"@type\":\"SearchAction\",\"target\":{\"@type\":\"EntryPoint\",\"urlTemplate\":\"https:\/\/orthopara.store\/?s={search_term_string}\"},\"query-input\":\"required name=search_term_string\"}],\"inLanguage\":\"fr-FR\"},{\"@type\":\"Organization\",\"@id\":\"https:\/\/orthopara.store\/#organization\",\"name\":\"OrthoPara\",\"url\":\"https:\/\/orthopara.store\/\",\"logo\":{\"@type\":\"ImageObject\",\"inLanguage\":\"fr-FR\",\"@id\":\"https:\/\/orthopara.store\/#\/schema\/logo\/image\/\",\"url\":\"https:\/\/orthopara.store\/wp-content\/uploads\/2024\/06\/cropped-9ABA8BAD-6256-4719-9315-15C66E64E882.png\",\"contentUrl\":\"https:\/\/orthopara.store\/wp-content\/uploads\/2024\/06\/cropped-9ABA8BAD-6256-4719-9315-15C66E64E882.png\",\"width\":240,\"height\":72,\"caption\":\"OrthoPara\"},\"image\":{\"@id\":\"https:\/\/orthopara.store\/#\/schema\/logo\/image\/\"},\"sameAs\":[\"https:\/\/www.facebook.com\/profile.php?id=61561194315651\",\"https:\/\/www.instagram.com\/orthopara_tunisie\/\"]}]}<\/script>\n<!-- \/ Yoast SEO plugin. -->","yoast_head_json":{"title":"Lotion tonique pour peau s\u00e8che - Roncey HydraSkin - 250ml - OrthoPara","robots":{"index":"index","follow":"follow","max-snippet":"max-snippet:-1","max-image-preview":"max-image-preview:large","max-video-preview":"max-video-preview:-1"},"canonical":"https:\/\/orthopara.store\/index.php\/produit\/lotion-tonique-pour-peau-seche-roncey-hydraskin-250ml\/","og_locale":"fr_FR","og_type":"article","og_title":"Lotion tonique pour peau s\u00e8che - Roncey HydraSkin - 250ml - OrthoPara","og_description":"Roncey HydraSkin La lotion tonique Hydraskin est sp\u00e9cialement con\u00e7ue pour hydrater et tonifier les peaux s\u00e8ches et sensibles. Cette lotion cr\u00e9e un film protecteur sur l'\u00e9piderme du visage pour l'aider \u00e0 mieux r\u00e9sister aux agressions du quotidien. Elle enveloppe le visage d'un voile hydratant. Contenance: 250ml\u00a0","og_url":"https:\/\/orthopara.store\/index.php\/produit\/lotion-tonique-pour-peau-seche-roncey-hydraskin-250ml\/","og_site_name":"OrthoPara","article_publisher":"https:\/\/www.facebook.com\/profile.php?id=61561194315651","article_modified_time":"2024-06-28T13:49:38+00:00","og_image":[{"width":800,"height":800,"url":"https:\/\/orthopara.store\/wp-content\/uploads\/2024\/06\/lotion-tonique-pour-peau-seche-roncey-hydraskin-250ml.jpg","type":"image\/jpeg"}],"twitter_card":"summary_large_image","twitter_misc":{"Dur\u00e9e de lecture estim\u00e9e":"1 minute"},"schema":{"@context":"https:\/\/schema.org","@graph":[{"@type":"WebPage","@id":"https:\/\/orthopara.store\/index.php\/produit\/lotion-tonique-pour-peau-seche-roncey-hydraskin-250ml\/","url":"https:\/\/orthopara.store\/index.php\/produit\/lotion-tonique-pour-peau-seche-roncey-hydraskin-250ml\/","name":"Lotion tonique pour peau s\u00e8che - Roncey HydraSkin - 250ml - OrthoPara","isPartOf":{"@id":"https:\/\/orthopara.store\/#website"},"primaryImageOfPage":{"@id":"https:\/\/orthopara.store\/index.php\/produit\/lotion-tonique-pour-peau-seche-roncey-hydraskin-250ml\/#primaryimage"},"image":{"@id":"https:\/\/orthopara.store\/index.php\/produit\/lotion-tonique-pour-peau-seche-roncey-hydraskin-250ml\/#primaryimage"},"thumbnailUrl":"https:\/\/orthopara.store\/wp-content\/uploads\/2024\/06\/lotion-tonique-pour-peau-seche-roncey-hydraskin-250ml.jpg","datePublished":"2024-06-28T13:49:27+00:00","dateModified":"2024-06-28T13:49:38+00:00","breadcrumb":{"@id":"https:\/\/orthopara.store\/index.php\/produit\/lotion-tonique-pour-peau-seche-roncey-hydraskin-250ml\/#breadcrumb"},"inLanguage":"fr-FR","potentialAction":[{"@type":"ReadAction","target":["https:\/\/orthopara.store\/index.php\/produit\/lotion-tonique-pour-peau-seche-roncey-hydraskin-250ml\/"]}]},{"@type":"ImageObject","inLanguage":"fr-FR","@id":"https:\/\/orthopara.store\/index.php\/produit\/lotion-tonique-pour-peau-seche-roncey-hydraskin-250ml\/#primaryimage","url":"https:\/\/orthopara.store\/wp-content\/uploads\/2024\/06\/lotion-tonique-pour-peau-seche-roncey-hydraskin-250ml.jpg","contentUrl":"https:\/\/orthopara.store\/wp-content\/uploads\/2024\/06\/lotion-tonique-pour-peau-seche-roncey-hydraskin-250ml.jpg","width":800,"height":800},{"@type":"BreadcrumbList","@id":"https:\/\/orthopara.store\/index.php\/produit\/lotion-tonique-pour-peau-seche-roncey-hydraskin-250ml\/#breadcrumb","itemListElement":[{"@type":"ListItem","position":1,"name":"Accueil","item":"https:\/\/orthopara.store\/"},{"@type":"ListItem","position":2,"name":"Shop","item":"https:\/\/orthopara.store\/?page_id=622"},{"@type":"ListItem","position":3,"name":"Lotion tonique pour peau s\u00e8che &#8211; Roncey HydraSkin &#8211; 250ml"}]},{"@type":"WebSite","@id":"https:\/\/orthopara.store\/#website","url":"https:\/\/orthopara.store\/","name":"OrthoPara","description":"Parapharmacie","publisher":{"@id":"https:\/\/orthopara.store\/#organization"},"potentialAction":[{"@type":"SearchAction","target":{"@type":"EntryPoint","urlTemplate":"https:\/\/orthopara.store\/?s={search_term_string}"},"query-input":"required name=search_term_string"}],"inLanguage":"fr-FR"},{"@type":"Organization","@id":"https:\/\/orthopara.store\/#organization","name":"OrthoPara","url":"https:\/\/orthopara.store\/","logo":{"@type":"ImageObject","inLanguage":"fr-FR","@id":"https:\/\/orthopara.store\/#\/schema\/logo\/image\/","url":"https:\/\/orthopara.store\/wp-content\/uploads\/2024\/06\/cropped-9ABA8BAD-6256-4719-9315-15C66E64E882.png","contentUrl":"https:\/\/orthopara.store\/wp-content\/uploads\/2024\/06\/cropped-9ABA8BAD-6256-4719-9315-15C66E64E882.png","width":240,"height":72,"caption":"OrthoPara"},"image":{"@id":"https:\/\/orthopara.store\/#\/schema\/logo\/image\/"},"sameAs":["https:\/\/www.facebook.com\/profile.php?id=61561194315651","https:\/\/www.instagram.com\/orthopara_tunisie\/"]}]}},"jetpack_sharing_enabled":true,"brands":[{"id":53,"name":"Roncey Pharma","slug":"roncey-pharma"}],"_links":{"self":[{"href":"https:\/\/orthopara.store\/index.php?rest_route=\/wp\/v2\/product\/693","targetHints":{"allow":["GET"]}}],"collection":[{"href":"https:\/\/orthopara.store\/index.php?rest_route=\/wp\/v2\/product"}],"about":[{"href":"https:\/\/orthopara.store\/index.php?rest_route=\/wp\/v2\/types\/product"}],"replies":[{"embeddable":true,"href":"https:\/\/orthopara.store\/index.php?rest_route=%2Fwp%2Fv2%2Fcomments&post=693"}],"wp:featuredmedia":[{"embeddable":true,"href":"https:\/\/orthopara.store\/index.php?rest_route=\/wp\/v2\/media\/721"}],"wp:attachment":[{"href":"https:\/\/orthopara.store\/index.php?rest_route=%2Fwp%2Fv2%2Fmedia&parent=693"}],"wp:term":[{"taxonomy":"pwb-brand","embeddable":true,"href":"https:\/\/orthopara.store\/index.php?rest_route=%2Fwp%2Fv2%2Fpwb-brand&post=693"},{"taxonomy":"product_cat","embeddable":true,"href":"https:\/\/orthopara.store\/index.php?rest_route=%2Fwp%2Fv2%2Fproduct_cat&post=693"},{"taxonomy":"product_tag","embeddable":true,"href":"https:\/\/orthopara.store\/index.php?rest_route=%2Fwp%2Fv2%2Fproduct_tag&post=693"}],"curies":[{"name":"wp","href":"https:\/\/api.w.org\/{rel}","templated":true}]}}