{"id":694,"date":"2024-06-28T15:49:27","date_gmt":"2024-06-28T13:49:27","guid":{"rendered":"https:\/\/orthopara.store\/?post_type=product&#038;p=694"},"modified":"2024-06-28T15:49:38","modified_gmt":"2024-06-28T13:49:38","slug":"gel-creme-hydratant-anti-oxydant-laino-40ml","status":"publish","type":"product","link":"https:\/\/orthopara.store\/?product=gel-creme-hydratant-anti-oxydant-laino-40ml","title":{"rendered":"Gel-cr\u00e8me hydratant anti-oxydant &#8211; Laino &#8211; 40ml"},"content":{"rendered":"<p>Gel-cr\u00e8me hydratant anti-oxydant &#8211; Laino &#8211; 40ml<br \/>\n\u00ab Exc\u00e8s de s\u00e9bum sur la zone T (front, nez, menton), joues qui s\u2019ass\u00e8chent durant la journ\u00e9e, imperfections qui apparaissent sur le visage : la peau mixte peine souvent \u00e0 trouver des soins adapt\u00e9s \u00e0 ses besoins. Et quand s\u2019ajoutent picotements et sensations de tiraillement ou de chaleur, choisir sa cr\u00e8me de jour devient un v\u00e9ritable casse-t\u00eate ! \u00bb<br \/>\nSp\u00e9cialement formul\u00e9 pour diffuser aux peaux mixtes sensibles et r\u00e9actives une hydratation longue dur\u00e9e (24 heures), le gel-cr\u00e8me hydratant anti-oxydant pr\u00e9vient de l\u2019apparition de brillances et apaise la peau.<br \/>\nSon complexe phyto-actif de miel de Provence BIO et extrait de lavande booste l\u2019\u00e9nergie cellulaire de la peau. L\u2019acide hyaluronique et la lanoline v\u00e9g\u00e9tale hydratent et adoucissent la peau pour un confort imm\u00e9diat : les traits sont liss\u00e9s et l\u2019apparition des rides att\u00e9nu\u00e9e.<br \/>\nL\u2019extrait de lavande, riche en anti-oxydants, joue un r\u00f4le de bouclier contre les agressions ext\u00e9rieures du quotidien et prot\u00e8ge du vieillissement cutan\u00e9 tandis que l\u2019extrait de miel de lavande bio connu pour ses vertus apaisantes, purifiantes et hautement r\u00e9g\u00e9n\u00e9rantes, permet de booster l\u2019\u00e9nergie cellulaire de la peau et donc de raviver son \u00e9clat.<br \/>\nNon com\u00e9dog\u00e8ne, le gel-cr\u00e8me hydratant anti-oxydant Laino offre une texture l\u00e9g\u00e8re et fra\u00eeche au fini mat pour que les peaux mixtes sensibles et r\u00e9actives puissent r\u00e9v\u00e9ler leur teint \u00e9clatant et lumineux.<br \/>\nConseils d&rsquo;utilisation :<br \/>\nAppliquez sur le visage et le cou le produit matin et soir sur une peau propre, seul ou id\u00e9alement apr\u00e8s votre s\u00e9rum.<br \/>\nTest\u00e9 sous contr\u00f4le dermatologique.<br \/>\nTest d&rsquo;efficacit\u00e9 :<br \/>\n+86,7% d\u2019hydratation* 1h apr\u00e8s application<br \/>\nLa peau est apais\u00e9e durablement : 95%**<br \/>\nLa peau est hydrat\u00e9e imm\u00e9diatement : 95%**<br \/>\nPr\u00e9vient de l\u2019apparition des brillances : 77%**<br \/>\n*Hydratation des couches sup\u00e9rieures de l\u2019\u00e9piderme.<br \/>\nTest instrumental effectu\u00e9 sur 10 volontaires pendant 24h.<br \/>\n**Test effectu\u00e9 sur 22 volontaires aux peaux sensibles pendant 21 jours.<br \/>\nComposition :<br \/>\nAqua (Water), Glycerin, Propanediol, Hydrogenated Vegetable Oil, Polyglyceryl-10 Eicosanedioate\/Tetradecanedioate, Polyglyceryl-6 Distearate, C10-18 Triglycerides, Oleic\/Linoleic\/Linolenic Polyglycerides, 1,2-Hexanediol, Acacia Decurrens Flower Cera (Acacia Decurrens Flower Wax), Acrylates\/C10-30 Alkyl Acrylate Crosspolymer, Cetyl Alcohol, Glycogen, Helianthus Annuus Seed Cera (Helianthus Annuus (Sunflower) Seed Wax), Jojoba Esters, Mel Extract (Honey Extract), Parfum (Fragrance), Phenylpropanol, Polyglycerin-3, Polyglyceryl-3 Beeswax, Silica, Sodium Hyaluronate, Sodium Polyacrylate, Xanthan Gum, Citric Acid, Sodium Hydroxide, Caprylyl Glycol, Potassium Sorbate, Sodium Benzoate<\/p>\n","protected":false},"excerpt":{"rendered":"<p>Laino<br \/>\nGel-Cr\u00e8me Hydratant Anti-Oxydant<br \/>\nMiel Bio , extrait de lavande, acide hyaluronique et lanoline v\u00e9g\u00e9tale<br \/>\nPeaux mixtes \u00e0 grasses<\/p>\n<p>Sp\u00e9cialement formul\u00e9 pour diffuser aux peaux mixtes sensibles et r\u00e9actives une hydratation longue dur\u00e9e (24 heures), le gel-cr\u00e8me hydratant anti-oxydant pr\u00e9vient de l\u2019apparition de brillances et apaise la peau.<\/p>\n<p>24h d\u2019hydratation continue<br \/>\nPeau matifi\u00e9e et douce<br \/>\nNon com\u00e9dog\u00e8ne<br \/>\n97% d\u2019ingr\u00e9dients d\u2019origine naturelle<br \/>\nTest\u00e9 sous contr\u00f4le dermatologique<br \/>\nMade in France<\/p>\n<p>Contenance : 40ml<\/p>\n","protected":false},"featured_media":722,"comment_status":"open","ping_status":"closed","template":"","meta":[],"pwb-brand":[51],"product_cat":[40],"product_tag":[],"class_list":{"0":"post-694","1":"product","2":"type-product","3":"status-publish","4":"has-post-thumbnail","6":"pwb-brand-laino","7":"product_cat-hydratants-peaux-normales-a-mixtes","8":"post","9":"ws-product--style-1","11":"first","12":"instock","13":"shipping-taxable","14":"purchasable","15":"product-type-simple"},"yoast_head":"<!-- This site is optimized with the Yoast SEO plugin v23.0 - https:\/\/yoast.com\/wordpress\/plugins\/seo\/ -->\n<title>Gel-cr\u00e8me hydratant anti-oxydant - Laino - 40ml - OrthoPara<\/title>\n<meta name=\"robots\" content=\"index, follow, max-snippet:-1, max-image-preview:large, max-video-preview:-1\" \/>\n<link rel=\"canonical\" href=\"https:\/\/orthopara.store\/index.php\/produit\/gel-creme-hydratant-anti-oxydant-laino-40ml\/\" \/>\n<meta property=\"og:locale\" content=\"fr_FR\" \/>\n<meta property=\"og:type\" content=\"article\" \/>\n<meta property=\"og:title\" content=\"Gel-cr\u00e8me hydratant anti-oxydant - Laino - 40ml - OrthoPara\" \/>\n<meta property=\"og:description\" content=\"Laino Gel-Cr\u00e8me Hydratant Anti-Oxydant Miel Bio , extrait de lavande, acide hyaluronique et lanoline v\u00e9g\u00e9tale Peaux mixtes \u00e0 grasses Sp\u00e9cialement formul\u00e9 pour diffuser aux peaux mixtes sensibles et r\u00e9actives une hydratation longue dur\u00e9e (24 heures), le gel-cr\u00e8me hydratant anti-oxydant pr\u00e9vient de l\u2019apparition de brillances et apaise la peau. 24h d\u2019hydratation continue Peau matifi\u00e9e et douce Non com\u00e9dog\u00e8ne 97% d\u2019ingr\u00e9dients d\u2019origine naturelle Test\u00e9 sous contr\u00f4le dermatologique Made in France Contenance : 40ml\" \/>\n<meta property=\"og:url\" content=\"https:\/\/orthopara.store\/index.php\/produit\/gel-creme-hydratant-anti-oxydant-laino-40ml\/\" \/>\n<meta property=\"og:site_name\" content=\"OrthoPara\" \/>\n<meta property=\"article:publisher\" content=\"https:\/\/www.facebook.com\/profile.php?id=61561194315651\" \/>\n<meta property=\"article:modified_time\" content=\"2024-06-28T13:49:38+00:00\" \/>\n<meta property=\"og:image\" content=\"https:\/\/orthopara.store\/wp-content\/uploads\/2024\/06\/gel-creme-hydratant-anti-oxydant-laino-40ml.jpg\" \/>\n\t<meta property=\"og:image:width\" content=\"800\" \/>\n\t<meta property=\"og:image:height\" content=\"800\" \/>\n\t<meta property=\"og:image:type\" content=\"image\/jpeg\" \/>\n<meta name=\"twitter:card\" content=\"summary_large_image\" \/>\n<meta name=\"twitter:label1\" content=\"Dur\u00e9e de lecture estim\u00e9e\" \/>\n\t<meta name=\"twitter:data1\" content=\"2 minutes\" \/>\n<script type=\"application\/ld+json\" class=\"yoast-schema-graph\">{\"@context\":\"https:\/\/schema.org\",\"@graph\":[{\"@type\":\"WebPage\",\"@id\":\"https:\/\/orthopara.store\/index.php\/produit\/gel-creme-hydratant-anti-oxydant-laino-40ml\/\",\"url\":\"https:\/\/orthopara.store\/index.php\/produit\/gel-creme-hydratant-anti-oxydant-laino-40ml\/\",\"name\":\"Gel-cr\u00e8me hydratant anti-oxydant - Laino - 40ml - OrthoPara\",\"isPartOf\":{\"@id\":\"https:\/\/orthopara.store\/#website\"},\"primaryImageOfPage\":{\"@id\":\"https:\/\/orthopara.store\/index.php\/produit\/gel-creme-hydratant-anti-oxydant-laino-40ml\/#primaryimage\"},\"image\":{\"@id\":\"https:\/\/orthopara.store\/index.php\/produit\/gel-creme-hydratant-anti-oxydant-laino-40ml\/#primaryimage\"},\"thumbnailUrl\":\"https:\/\/orthopara.store\/wp-content\/uploads\/2024\/06\/gel-creme-hydratant-anti-oxydant-laino-40ml.jpg\",\"datePublished\":\"2024-06-28T13:49:27+00:00\",\"dateModified\":\"2024-06-28T13:49:38+00:00\",\"breadcrumb\":{\"@id\":\"https:\/\/orthopara.store\/index.php\/produit\/gel-creme-hydratant-anti-oxydant-laino-40ml\/#breadcrumb\"},\"inLanguage\":\"fr-FR\",\"potentialAction\":[{\"@type\":\"ReadAction\",\"target\":[\"https:\/\/orthopara.store\/index.php\/produit\/gel-creme-hydratant-anti-oxydant-laino-40ml\/\"]}]},{\"@type\":\"ImageObject\",\"inLanguage\":\"fr-FR\",\"@id\":\"https:\/\/orthopara.store\/index.php\/produit\/gel-creme-hydratant-anti-oxydant-laino-40ml\/#primaryimage\",\"url\":\"https:\/\/orthopara.store\/wp-content\/uploads\/2024\/06\/gel-creme-hydratant-anti-oxydant-laino-40ml.jpg\",\"contentUrl\":\"https:\/\/orthopara.store\/wp-content\/uploads\/2024\/06\/gel-creme-hydratant-anti-oxydant-laino-40ml.jpg\",\"width\":800,\"height\":800},{\"@type\":\"BreadcrumbList\",\"@id\":\"https:\/\/orthopara.store\/index.php\/produit\/gel-creme-hydratant-anti-oxydant-laino-40ml\/#breadcrumb\",\"itemListElement\":[{\"@type\":\"ListItem\",\"position\":1,\"name\":\"Accueil\",\"item\":\"https:\/\/orthopara.store\/\"},{\"@type\":\"ListItem\",\"position\":2,\"name\":\"Shop\",\"item\":\"https:\/\/orthopara.store\/?page_id=622\"},{\"@type\":\"ListItem\",\"position\":3,\"name\":\"Gel-cr\u00e8me hydratant anti-oxydant &#8211; Laino &#8211; 40ml\"}]},{\"@type\":\"WebSite\",\"@id\":\"https:\/\/orthopara.store\/#website\",\"url\":\"https:\/\/orthopara.store\/\",\"name\":\"OrthoPara\",\"description\":\"Parapharmacie\",\"publisher\":{\"@id\":\"https:\/\/orthopara.store\/#organization\"},\"potentialAction\":[{\"@type\":\"SearchAction\",\"target\":{\"@type\":\"EntryPoint\",\"urlTemplate\":\"https:\/\/orthopara.store\/?s={search_term_string}\"},\"query-input\":\"required name=search_term_string\"}],\"inLanguage\":\"fr-FR\"},{\"@type\":\"Organization\",\"@id\":\"https:\/\/orthopara.store\/#organization\",\"name\":\"OrthoPara\",\"url\":\"https:\/\/orthopara.store\/\",\"logo\":{\"@type\":\"ImageObject\",\"inLanguage\":\"fr-FR\",\"@id\":\"https:\/\/orthopara.store\/#\/schema\/logo\/image\/\",\"url\":\"https:\/\/orthopara.store\/wp-content\/uploads\/2024\/06\/cropped-9ABA8BAD-6256-4719-9315-15C66E64E882.png\",\"contentUrl\":\"https:\/\/orthopara.store\/wp-content\/uploads\/2024\/06\/cropped-9ABA8BAD-6256-4719-9315-15C66E64E882.png\",\"width\":240,\"height\":72,\"caption\":\"OrthoPara\"},\"image\":{\"@id\":\"https:\/\/orthopara.store\/#\/schema\/logo\/image\/\"},\"sameAs\":[\"https:\/\/www.facebook.com\/profile.php?id=61561194315651\",\"https:\/\/www.instagram.com\/orthopara_tunisie\/\"]}]}<\/script>\n<!-- \/ Yoast SEO plugin. -->","yoast_head_json":{"title":"Gel-cr\u00e8me hydratant anti-oxydant - Laino - 40ml - OrthoPara","robots":{"index":"index","follow":"follow","max-snippet":"max-snippet:-1","max-image-preview":"max-image-preview:large","max-video-preview":"max-video-preview:-1"},"canonical":"https:\/\/orthopara.store\/index.php\/produit\/gel-creme-hydratant-anti-oxydant-laino-40ml\/","og_locale":"fr_FR","og_type":"article","og_title":"Gel-cr\u00e8me hydratant anti-oxydant - Laino - 40ml - OrthoPara","og_description":"Laino Gel-Cr\u00e8me Hydratant Anti-Oxydant Miel Bio , extrait de lavande, acide hyaluronique et lanoline v\u00e9g\u00e9tale Peaux mixtes \u00e0 grasses Sp\u00e9cialement formul\u00e9 pour diffuser aux peaux mixtes sensibles et r\u00e9actives une hydratation longue dur\u00e9e (24 heures), le gel-cr\u00e8me hydratant anti-oxydant pr\u00e9vient de l\u2019apparition de brillances et apaise la peau. 24h d\u2019hydratation continue Peau matifi\u00e9e et douce Non com\u00e9dog\u00e8ne 97% d\u2019ingr\u00e9dients d\u2019origine naturelle Test\u00e9 sous contr\u00f4le dermatologique Made in France Contenance : 40ml","og_url":"https:\/\/orthopara.store\/index.php\/produit\/gel-creme-hydratant-anti-oxydant-laino-40ml\/","og_site_name":"OrthoPara","article_publisher":"https:\/\/www.facebook.com\/profile.php?id=61561194315651","article_modified_time":"2024-06-28T13:49:38+00:00","og_image":[{"width":800,"height":800,"url":"https:\/\/orthopara.store\/wp-content\/uploads\/2024\/06\/gel-creme-hydratant-anti-oxydant-laino-40ml.jpg","type":"image\/jpeg"}],"twitter_card":"summary_large_image","twitter_misc":{"Dur\u00e9e de lecture estim\u00e9e":"2 minutes"},"schema":{"@context":"https:\/\/schema.org","@graph":[{"@type":"WebPage","@id":"https:\/\/orthopara.store\/index.php\/produit\/gel-creme-hydratant-anti-oxydant-laino-40ml\/","url":"https:\/\/orthopara.store\/index.php\/produit\/gel-creme-hydratant-anti-oxydant-laino-40ml\/","name":"Gel-cr\u00e8me hydratant anti-oxydant - Laino - 40ml - OrthoPara","isPartOf":{"@id":"https:\/\/orthopara.store\/#website"},"primaryImageOfPage":{"@id":"https:\/\/orthopara.store\/index.php\/produit\/gel-creme-hydratant-anti-oxydant-laino-40ml\/#primaryimage"},"image":{"@id":"https:\/\/orthopara.store\/index.php\/produit\/gel-creme-hydratant-anti-oxydant-laino-40ml\/#primaryimage"},"thumbnailUrl":"https:\/\/orthopara.store\/wp-content\/uploads\/2024\/06\/gel-creme-hydratant-anti-oxydant-laino-40ml.jpg","datePublished":"2024-06-28T13:49:27+00:00","dateModified":"2024-06-28T13:49:38+00:00","breadcrumb":{"@id":"https:\/\/orthopara.store\/index.php\/produit\/gel-creme-hydratant-anti-oxydant-laino-40ml\/#breadcrumb"},"inLanguage":"fr-FR","potentialAction":[{"@type":"ReadAction","target":["https:\/\/orthopara.store\/index.php\/produit\/gel-creme-hydratant-anti-oxydant-laino-40ml\/"]}]},{"@type":"ImageObject","inLanguage":"fr-FR","@id":"https:\/\/orthopara.store\/index.php\/produit\/gel-creme-hydratant-anti-oxydant-laino-40ml\/#primaryimage","url":"https:\/\/orthopara.store\/wp-content\/uploads\/2024\/06\/gel-creme-hydratant-anti-oxydant-laino-40ml.jpg","contentUrl":"https:\/\/orthopara.store\/wp-content\/uploads\/2024\/06\/gel-creme-hydratant-anti-oxydant-laino-40ml.jpg","width":800,"height":800},{"@type":"BreadcrumbList","@id":"https:\/\/orthopara.store\/index.php\/produit\/gel-creme-hydratant-anti-oxydant-laino-40ml\/#breadcrumb","itemListElement":[{"@type":"ListItem","position":1,"name":"Accueil","item":"https:\/\/orthopara.store\/"},{"@type":"ListItem","position":2,"name":"Shop","item":"https:\/\/orthopara.store\/?page_id=622"},{"@type":"ListItem","position":3,"name":"Gel-cr\u00e8me hydratant anti-oxydant &#8211; Laino &#8211; 40ml"}]},{"@type":"WebSite","@id":"https:\/\/orthopara.store\/#website","url":"https:\/\/orthopara.store\/","name":"OrthoPara","description":"Parapharmacie","publisher":{"@id":"https:\/\/orthopara.store\/#organization"},"potentialAction":[{"@type":"SearchAction","target":{"@type":"EntryPoint","urlTemplate":"https:\/\/orthopara.store\/?s={search_term_string}"},"query-input":"required name=search_term_string"}],"inLanguage":"fr-FR"},{"@type":"Organization","@id":"https:\/\/orthopara.store\/#organization","name":"OrthoPara","url":"https:\/\/orthopara.store\/","logo":{"@type":"ImageObject","inLanguage":"fr-FR","@id":"https:\/\/orthopara.store\/#\/schema\/logo\/image\/","url":"https:\/\/orthopara.store\/wp-content\/uploads\/2024\/06\/cropped-9ABA8BAD-6256-4719-9315-15C66E64E882.png","contentUrl":"https:\/\/orthopara.store\/wp-content\/uploads\/2024\/06\/cropped-9ABA8BAD-6256-4719-9315-15C66E64E882.png","width":240,"height":72,"caption":"OrthoPara"},"image":{"@id":"https:\/\/orthopara.store\/#\/schema\/logo\/image\/"},"sameAs":["https:\/\/www.facebook.com\/profile.php?id=61561194315651","https:\/\/www.instagram.com\/orthopara_tunisie\/"]}]}},"jetpack_sharing_enabled":true,"brands":[{"id":51,"name":"LAINO","slug":"laino"}],"_links":{"self":[{"href":"https:\/\/orthopara.store\/index.php?rest_route=\/wp\/v2\/product\/694","targetHints":{"allow":["GET"]}}],"collection":[{"href":"https:\/\/orthopara.store\/index.php?rest_route=\/wp\/v2\/product"}],"about":[{"href":"https:\/\/orthopara.store\/index.php?rest_route=\/wp\/v2\/types\/product"}],"replies":[{"embeddable":true,"href":"https:\/\/orthopara.store\/index.php?rest_route=%2Fwp%2Fv2%2Fcomments&post=694"}],"wp:featuredmedia":[{"embeddable":true,"href":"https:\/\/orthopara.store\/index.php?rest_route=\/wp\/v2\/media\/722"}],"wp:attachment":[{"href":"https:\/\/orthopara.store\/index.php?rest_route=%2Fwp%2Fv2%2Fmedia&parent=694"}],"wp:term":[{"taxonomy":"pwb-brand","embeddable":true,"href":"https:\/\/orthopara.store\/index.php?rest_route=%2Fwp%2Fv2%2Fpwb-brand&post=694"},{"taxonomy":"product_cat","embeddable":true,"href":"https:\/\/orthopara.store\/index.php?rest_route=%2Fwp%2Fv2%2Fproduct_cat&post=694"},{"taxonomy":"product_tag","embeddable":true,"href":"https:\/\/orthopara.store\/index.php?rest_route=%2Fwp%2Fv2%2Fproduct_tag&post=694"}],"curies":[{"name":"wp","href":"https:\/\/api.w.org\/{rel}","templated":true}]}}